{"id":267324,"date":"2026-04-02T01:50:12","date_gmt":"2026-04-02T07:50:12","guid":{"rendered":"https:\/\/compuviper.mx\/tienda\/producto\/sandisk-sdsqxcu-064g-gn6ma-memoria-micro-sdxc-64gb-extreme-pro-200mb-s-4k-clase-10-a2-v30-c-adaptador\/"},"modified":"2026-04-03T00:00:25","modified_gmt":"2026-04-03T06:00:25","slug":"sandisk-sdsqxcu-064g-gn6ma-memoria-micro-sdxc-64gb-extreme-pro-200mb-s-4k-clase-10-a2-v30-c-adaptador","status":"publish","type":"product","link":"https:\/\/compuviper.mx\/tienda\/producto\/sandisk-sdsqxcu-064g-gn6ma-memoria-micro-sdxc-64gb-extreme-pro-200mb-s-4k-clase-10-a2-v30-c-adaptador\/","title":{"rendered":"Sandisk Sdsqxcu-064g-gn6ma Memoria  Micro Sdxc 64gb Extreme Pro 200mb\/s 4k Clase 10 A2 V30 C\/adaptador"},"content":{"rendered":"<table class=\"descripcion\">\n<tr>\n<td>Capacidad<\/td>\n<\/tr>\n<tr>\n<td>64 gb<\/td>\n<\/tr>\n<tr>\n<td>Compatibilidad<\/td>\n<\/tr>\n<tr>\n<td>Compatible con los dispositivos de alojamiento que admiten microsdhc, microsdxc, microsdhc uhs-i y microsdxc uhs-i<\/td>\n<\/tr>\n<tr>\n<td>Dimensiones (largo, ancho y alto)<\/td>\n<\/tr>\n<tr>\n<td>0.43 x 0.59 x 0.04<\/td>\n<\/tr>\n<tr>\n<td>Rendimiento de lectura secuencial<\/td>\n<\/tr>\n<tr>\n<td>Up to 200mb\/s<\/td>\n<\/tr>\n<tr>\n<td>Rendimiento de escritura secuencial<\/td>\n<\/tr>\n<tr>\n<td>Up to 90mb\/s<\/td>\n<\/tr>\n<\/table>\n","protected":false},"excerpt":{"rendered":"<p>Utiliza la tarjeta de memoria microsdxc\u0099 y obten velocidades extremas para transferencias rapidas, rendimiento de aplicaciones y videos 4k uhd.2 la tarjeta extreme pro  microsd sdxc de alto rendimiento, ideal para tu telefono inteligente android\u0099, tus camaras de accion o tus drones, te permite grabar videos 4k uhd, videos full hd y sacar fotografias en alta resolucion. La tarjeta de memoria superrapida sandisk extreme pro microsdxc\u0099 alcanza velocidades de lectura hasta 200 mb\/s8 y de escritura hasta 140 mb\/s.8  ademas, cuenta con clasificacion a2, por lo que obtendras un rendimiento rapido de las aplicaciones para que disfrutes de una experiencia unica con tu telefono inteligente.<\/p>\n","protected":false},"featured_media":267325,"comment_status":"open","ping_status":"open","template":"","meta":[],"product_cat":[1795,1793],"product_tag":[1709],"acf":[],"yoast_head":"<!-- This site is optimized with the Yoast SEO plugin v21.7 - https:\/\/yoast.com\/wordpress\/plugins\/seo\/ -->\n<title>[ Sandisk ] &#129351; Sdsqxcu-064g-gn6ma Memoria Micro Sdxc 64gb Extreme Pro 200mb\/s 4k Clase 10 A2 V30 C\/adaptador<\/title>\n<meta name=\"description\" content=\"Compra Sdsqxcu-064g-gn6ma Memoria Micro Sdxc 64gb Extreme Pro 200mb\/s 4k Clase 10 A2 V30 C\/adaptador + Env\u00edo a domicilio + Pago seguro + Garant\u00eda\" \/>\n<meta name=\"robots\" content=\"index, follow, max-snippet:-1, max-image-preview:large, max-video-preview:-1\" \/>\n<link rel=\"canonical\" href=\"https:\/\/compuviper.mx\/tienda\/producto\/sandisk-sdsqxcu-064g-gn6ma-memoria-micro-sdxc-64gb-extreme-pro-200mb-s-4k-clase-10-a2-v30-c-adaptador\/\" \/>\n<meta property=\"og:locale\" content=\"es_MX\" \/>\n<meta property=\"og:type\" content=\"article\" \/>\n<meta property=\"og:title\" content=\"[ Sandisk ] &#129351; Sdsqxcu-064g-gn6ma Memoria Micro Sdxc 64gb Extreme Pro 200mb\/s 4k Clase 10 A2 V30 C\/adaptador\" \/>\n<meta property=\"og:description\" content=\"Compra Sdsqxcu-064g-gn6ma Memoria Micro Sdxc 64gb Extreme Pro 200mb\/s 4k Clase 10 A2 V30 C\/adaptador + Env\u00edo a domicilio + Pago seguro + Garant\u00eda\" \/>\n<meta property=\"og:url\" content=\"https:\/\/compuviper.mx\/tienda\/producto\/sandisk-sdsqxcu-064g-gn6ma-memoria-micro-sdxc-64gb-extreme-pro-200mb-s-4k-clase-10-a2-v30-c-adaptador\/\" \/>\n<meta property=\"og:site_name\" content=\"Compuviper\" \/>\n<meta property=\"article:publisher\" content=\"https:\/\/www.facebook.com\/compuviper\" \/>\n<meta property=\"article:modified_time\" content=\"2026-04-03T06:00:25+00:00\" \/>\n<meta property=\"og:image\" content=\"https:\/\/compuviper.mx\/tienda\/wp-content\/uploads\/2026\/02\/Memoria-sandisk-micro-sdxc-64gb-extreme-pro-200mbs-4k-clase-10-a2-v30-cadaptador-sdsqxcu-064g-gn6ma.jpg\" \/>\n\t<meta property=\"og:image:width\" content=\"200\" \/>\n\t<meta property=\"og:image:height\" content=\"200\" \/>\n\t<meta property=\"og:image:type\" content=\"image\/jpeg\" \/>\n<meta name=\"twitter:card\" content=\"summary_large_image\" \/>\n<meta name=\"twitter:label1\" content=\"Precio\" \/>\n\t<meta name=\"twitter:data1\" content=\"&#36;437 con IVA\" \/>\n\t<meta name=\"twitter:label2\" content=\"Availability\" \/>\n\t<meta name=\"twitter:data2\" content=\"In stock\" \/>\n<script type=\"application\/ld+json\" class=\"yoast-schema-graph\">{\"@context\":\"https:\/\/schema.org\",\"@graph\":[{\"@type\":\"WebPage\",\"@id\":\"https:\/\/compuviper.mx\/tienda\/producto\/sandisk-sdsqxcu-064g-gn6ma-memoria-micro-sdxc-64gb-extreme-pro-200mb-s-4k-clase-10-a2-v30-c-adaptador\/\",\"url\":\"https:\/\/compuviper.mx\/tienda\/producto\/sandisk-sdsqxcu-064g-gn6ma-memoria-micro-sdxc-64gb-extreme-pro-200mb-s-4k-clase-10-a2-v30-c-adaptador\/\",\"name\":\"[ Sandisk ] &#129351; Sdsqxcu-064g-gn6ma Memoria Micro Sdxc 64gb Extreme Pro 200mb\/s 4k Clase 10 A2 V30 C\/adaptador\",\"isPartOf\":{\"@id\":\"https:\/\/compuviper.mx\/tienda\/#website\"},\"datePublished\":\"2026-04-02T07:50:12+00:00\",\"dateModified\":\"2026-04-03T06:00:25+00:00\",\"description\":\"Compra Sdsqxcu-064g-gn6ma Memoria Micro Sdxc 64gb Extreme Pro 200mb\/s 4k Clase 10 A2 V30 C\/adaptador + Env\u00edo a domicilio + Pago seguro + Garant\u00eda\",\"breadcrumb\":{\"@id\":\"https:\/\/compuviper.mx\/tienda\/producto\/sandisk-sdsqxcu-064g-gn6ma-memoria-micro-sdxc-64gb-extreme-pro-200mb-s-4k-clase-10-a2-v30-c-adaptador\/#breadcrumb\"},\"inLanguage\":\"es-MX\",\"potentialAction\":[{\"@type\":\"ReadAction\",\"target\":[\"https:\/\/compuviper.mx\/tienda\/producto\/sandisk-sdsqxcu-064g-gn6ma-memoria-micro-sdxc-64gb-extreme-pro-200mb-s-4k-clase-10-a2-v30-c-adaptador\/\"]}]},{\"@type\":\"BreadcrumbList\",\"@id\":\"https:\/\/compuviper.mx\/tienda\/producto\/sandisk-sdsqxcu-064g-gn6ma-memoria-micro-sdxc-64gb-extreme-pro-200mb-s-4k-clase-10-a2-v30-c-adaptador\/#breadcrumb\",\"itemListElement\":[{\"@type\":\"ListItem\",\"position\":1,\"name\":\"Inicio\",\"item\":\"https:\/\/compuviper.mx\/tienda\/\"},{\"@type\":\"ListItem\",\"position\":2,\"name\":\"Productos\",\"item\":\"https:\/\/compuviper.mx\/tienda\/productos\/\"},{\"@type\":\"ListItem\",\"position\":3,\"name\":\"Memorias\",\"item\":\"https:\/\/compuviper.mx\/tienda\/categoria-producto\/memorias\/\"},{\"@type\":\"ListItem\",\"position\":4,\"name\":\"Memoria Flash Card\",\"item\":\"https:\/\/compuviper.mx\/tienda\/categoria-producto\/memorias\/memoria-flash-card\/\"},{\"@type\":\"ListItem\",\"position\":5,\"name\":\"Sandisk Sdsqxcu-064g-gn6ma Memoria Micro Sdxc 64gb Extreme Pro 200mb\/s 4k Clase 10 A2 V30 C\/adaptador\"}]},{\"@type\":\"WebSite\",\"@id\":\"https:\/\/compuviper.mx\/tienda\/#website\",\"url\":\"https:\/\/compuviper.mx\/tienda\/\",\"name\":\"Compuviper\",\"description\":\"Proveedor de Computadoras, Laptops, Servidores, Monitores, Puntos de Venta, Teclados,   Impresoras, T\u00f3ner, C\u00e1maras de Seguridad y m\u00e1s en tu tienda en l\u00ednea\",\"publisher\":{\"@id\":\"https:\/\/compuviper.mx\/tienda\/#organization\"},\"potentialAction\":[{\"@type\":\"SearchAction\",\"target\":{\"@type\":\"EntryPoint\",\"urlTemplate\":\"https:\/\/compuviper.mx\/tienda\/?s={search_term_string}\"},\"query-input\":\"required name=search_term_string\"}],\"inLanguage\":\"es-MX\"},{\"@type\":\"Organization\",\"@id\":\"https:\/\/compuviper.mx\/tienda\/#organization\",\"name\":\"Compuviper\",\"url\":\"https:\/\/compuviper.mx\/tienda\/\",\"logo\":{\"@type\":\"ImageObject\",\"inLanguage\":\"es-MX\",\"@id\":\"https:\/\/compuviper.mx\/tienda\/#\/schema\/logo\/image\/\",\"url\":\"https:\/\/compuviper.mx\/tienda\/wp-content\/uploads\/2021\/08\/Logo-Compuviper-10.png\",\"contentUrl\":\"https:\/\/compuviper.mx\/tienda\/wp-content\/uploads\/2021\/08\/Logo-Compuviper-10.png\",\"width\":1000,\"height\":500,\"caption\":\"Compuviper\"},\"image\":{\"@id\":\"https:\/\/compuviper.mx\/tienda\/#\/schema\/logo\/image\/\"},\"sameAs\":[\"https:\/\/www.facebook.com\/compuviper\",\"https:\/\/www.youtube.com\/channel\/UCf73dERp9Y3cfOq7q8BhLjA?view_as=subscriber\"]}]}<\/script>\n<meta property=\"product:brand\" content=\"SANDISK\" \/>\n<meta property=\"product:price:amount\" content=\"437\" \/>\n<meta property=\"product:price:currency\" content=\"MXN\" \/>\n<meta property=\"og:availability\" content=\"instock\" \/>\n<meta property=\"product:availability\" content=\"instock\" \/>\n<meta property=\"product:retailer_item_id\" content=\"SDSQXCU-064G-GN6MA\" \/>\n<meta property=\"product:condition\" content=\"new\" \/>\n<!-- \/ Yoast SEO plugin. -->","yoast_head_json":{"title":"[ Sandisk ] &#129351; Sdsqxcu-064g-gn6ma Memoria Micro Sdxc 64gb Extreme Pro 200mb\/s 4k Clase 10 A2 V30 C\/adaptador","description":"Compra Sdsqxcu-064g-gn6ma Memoria Micro Sdxc 64gb Extreme Pro 200mb\/s 4k Clase 10 A2 V30 C\/adaptador + Env\u00edo a domicilio + Pago seguro + Garant\u00eda","robots":{"index":"index","follow":"follow","max-snippet":"max-snippet:-1","max-image-preview":"max-image-preview:large","max-video-preview":"max-video-preview:-1"},"canonical":"https:\/\/compuviper.mx\/tienda\/producto\/sandisk-sdsqxcu-064g-gn6ma-memoria-micro-sdxc-64gb-extreme-pro-200mb-s-4k-clase-10-a2-v30-c-adaptador\/","og_locale":"es_MX","og_type":"article","og_title":"[ Sandisk ] &#129351; Sdsqxcu-064g-gn6ma Memoria Micro Sdxc 64gb Extreme Pro 200mb\/s 4k Clase 10 A2 V30 C\/adaptador","og_description":"Compra Sdsqxcu-064g-gn6ma Memoria Micro Sdxc 64gb Extreme Pro 200mb\/s 4k Clase 10 A2 V30 C\/adaptador + Env\u00edo a domicilio + Pago seguro + Garant\u00eda","og_url":"https:\/\/compuviper.mx\/tienda\/producto\/sandisk-sdsqxcu-064g-gn6ma-memoria-micro-sdxc-64gb-extreme-pro-200mb-s-4k-clase-10-a2-v30-c-adaptador\/","og_site_name":"Compuviper","article_publisher":"https:\/\/www.facebook.com\/compuviper","article_modified_time":"2026-04-03T06:00:25+00:00","og_image":[{"width":200,"height":200,"url":"https:\/\/compuviper.mx\/tienda\/wp-content\/uploads\/2026\/02\/Memoria-sandisk-micro-sdxc-64gb-extreme-pro-200mbs-4k-clase-10-a2-v30-cadaptador-sdsqxcu-064g-gn6ma.jpg","type":"image\/jpeg"}],"twitter_card":"summary_large_image","twitter_misc":{"Precio":"&#36;437 con IVA","Availability":"In stock"},"schema":{"@context":"https:\/\/schema.org","@graph":[{"@type":"WebPage","@id":"https:\/\/compuviper.mx\/tienda\/producto\/sandisk-sdsqxcu-064g-gn6ma-memoria-micro-sdxc-64gb-extreme-pro-200mb-s-4k-clase-10-a2-v30-c-adaptador\/","url":"https:\/\/compuviper.mx\/tienda\/producto\/sandisk-sdsqxcu-064g-gn6ma-memoria-micro-sdxc-64gb-extreme-pro-200mb-s-4k-clase-10-a2-v30-c-adaptador\/","name":"[ Sandisk ] &#129351; Sdsqxcu-064g-gn6ma Memoria Micro Sdxc 64gb Extreme Pro 200mb\/s 4k Clase 10 A2 V30 C\/adaptador","isPartOf":{"@id":"https:\/\/compuviper.mx\/tienda\/#website"},"datePublished":"2026-04-02T07:50:12+00:00","dateModified":"2026-04-03T06:00:25+00:00","description":"Compra Sdsqxcu-064g-gn6ma Memoria Micro Sdxc 64gb Extreme Pro 200mb\/s 4k Clase 10 A2 V30 C\/adaptador + Env\u00edo a domicilio + Pago seguro + Garant\u00eda","breadcrumb":{"@id":"https:\/\/compuviper.mx\/tienda\/producto\/sandisk-sdsqxcu-064g-gn6ma-memoria-micro-sdxc-64gb-extreme-pro-200mb-s-4k-clase-10-a2-v30-c-adaptador\/#breadcrumb"},"inLanguage":"es-MX","potentialAction":[{"@type":"ReadAction","target":["https:\/\/compuviper.mx\/tienda\/producto\/sandisk-sdsqxcu-064g-gn6ma-memoria-micro-sdxc-64gb-extreme-pro-200mb-s-4k-clase-10-a2-v30-c-adaptador\/"]}]},{"@type":"BreadcrumbList","@id":"https:\/\/compuviper.mx\/tienda\/producto\/sandisk-sdsqxcu-064g-gn6ma-memoria-micro-sdxc-64gb-extreme-pro-200mb-s-4k-clase-10-a2-v30-c-adaptador\/#breadcrumb","itemListElement":[{"@type":"ListItem","position":1,"name":"Inicio","item":"https:\/\/compuviper.mx\/tienda\/"},{"@type":"ListItem","position":2,"name":"Productos","item":"https:\/\/compuviper.mx\/tienda\/productos\/"},{"@type":"ListItem","position":3,"name":"Memorias","item":"https:\/\/compuviper.mx\/tienda\/categoria-producto\/memorias\/"},{"@type":"ListItem","position":4,"name":"Memoria Flash Card","item":"https:\/\/compuviper.mx\/tienda\/categoria-producto\/memorias\/memoria-flash-card\/"},{"@type":"ListItem","position":5,"name":"Sandisk Sdsqxcu-064g-gn6ma Memoria Micro Sdxc 64gb Extreme Pro 200mb\/s 4k Clase 10 A2 V30 C\/adaptador"}]},{"@type":"WebSite","@id":"https:\/\/compuviper.mx\/tienda\/#website","url":"https:\/\/compuviper.mx\/tienda\/","name":"Compuviper","description":"Proveedor de Computadoras, Laptops, Servidores, Monitores, Puntos de Venta, Teclados,   Impresoras, T\u00f3ner, C\u00e1maras de Seguridad y m\u00e1s en tu tienda en l\u00ednea","publisher":{"@id":"https:\/\/compuviper.mx\/tienda\/#organization"},"potentialAction":[{"@type":"SearchAction","target":{"@type":"EntryPoint","urlTemplate":"https:\/\/compuviper.mx\/tienda\/?s={search_term_string}"},"query-input":"required name=search_term_string"}],"inLanguage":"es-MX"},{"@type":"Organization","@id":"https:\/\/compuviper.mx\/tienda\/#organization","name":"Compuviper","url":"https:\/\/compuviper.mx\/tienda\/","logo":{"@type":"ImageObject","inLanguage":"es-MX","@id":"https:\/\/compuviper.mx\/tienda\/#\/schema\/logo\/image\/","url":"https:\/\/compuviper.mx\/tienda\/wp-content\/uploads\/2021\/08\/Logo-Compuviper-10.png","contentUrl":"https:\/\/compuviper.mx\/tienda\/wp-content\/uploads\/2021\/08\/Logo-Compuviper-10.png","width":1000,"height":500,"caption":"Compuviper"},"image":{"@id":"https:\/\/compuviper.mx\/tienda\/#\/schema\/logo\/image\/"},"sameAs":["https:\/\/www.facebook.com\/compuviper","https:\/\/www.youtube.com\/channel\/UCf73dERp9Y3cfOq7q8BhLjA?view_as=subscriber"]}]},"product_brand":"SANDISK","product_price_amount":"437","product_price_currency":"MXN","og_availability":"instock","product_availability":"instock","product_retailer_item_id":"SDSQXCU-064G-GN6MA","product_condition":"new"},"_links":{"self":[{"href":"https:\/\/compuviper.mx\/tienda\/wp-json\/wp\/v2\/product\/267324"}],"collection":[{"href":"https:\/\/compuviper.mx\/tienda\/wp-json\/wp\/v2\/product"}],"about":[{"href":"https:\/\/compuviper.mx\/tienda\/wp-json\/wp\/v2\/types\/product"}],"replies":[{"embeddable":true,"href":"https:\/\/compuviper.mx\/tienda\/wp-json\/wp\/v2\/comments?post=267324"}],"wp:featuredmedia":[{"embeddable":true,"href":"https:\/\/compuviper.mx\/tienda\/wp-json\/wp\/v2\/media\/267325"}],"wp:attachment":[{"href":"https:\/\/compuviper.mx\/tienda\/wp-json\/wp\/v2\/media?parent=267324"}],"wp:term":[{"taxonomy":"product_cat","embeddable":true,"href":"https:\/\/compuviper.mx\/tienda\/wp-json\/wp\/v2\/product_cat?post=267324"},{"taxonomy":"product_tag","embeddable":true,"href":"https:\/\/compuviper.mx\/tienda\/wp-json\/wp\/v2\/product_tag?post=267324"}],"curies":[{"name":"wp","href":"https:\/\/api.w.org\/{rel}","templated":true}]}}