{"id":267316,"date":"2026-04-02T01:47:02","date_gmt":"2026-04-02T07:47:02","guid":{"rendered":"https:\/\/compuviper.mx\/tienda\/producto\/sandisk-sdcz430-128g-g46-memoria-128gb-usb-3-1-ultra-fit-z430-130mb-s-negro-mini\/"},"modified":"2026-04-02T01:47:02","modified_gmt":"2026-04-02T07:47:02","slug":"sandisk-sdcz430-128g-g46-memoria-128gb-usb-3-1-ultra-fit-z430-130mb-s-negro-mini","status":"publish","type":"product","link":"https:\/\/compuviper.mx\/tienda\/producto\/sandisk-sdcz430-128g-g46-memoria-128gb-usb-3-1-ultra-fit-z430-130mb-s-negro-mini\/","title":{"rendered":"Sandisk Sdcz430-128g-g46 Memoria  128gb Usb 3.1 Ultra Fit Z430 130mb\/s Negro Mini"},"content":{"rendered":"<table class=\"descripcion\">\n<tr>\n<td>Capacidad: 128 gb<\/td>\n<\/tr>\n<tr>\n<td>Velocidad de lectura: hasta 130 mb \/ s<\/td>\n<\/tr>\n<tr>\n<td>Rendimiento \/ velocidad: hasta 130mb \/ s leen 1<\/td>\n<\/tr>\n<tr>\n<td>Dimensiones: 19,1 x 15,9 x 8,8 mm; 0.75 x 0.63 x 0.35 in (lxwxh)<\/td>\n<\/tr>\n<tr>\n<td>Temperatura de funcionamiento: 0 c a 35 c<\/td>\n<\/tr>\n<tr>\n<td>Temperatura de almacenamiento: -10 c a 70 c<\/td>\n<\/tr>\n<tr>\n<td>Compatibilidad: usb 3.1 (compatible con versiones anteriores con usb 3.0 y usb 2.0).<\/td>\n<\/tr>\n<\/table>\n","protected":false},"excerpt":{"rendered":"<p>\u00a1la forma sencilla de agregar almacenamiento extra de alta velocidad a su dispositivo! la unidad flash usb 3.1 ultra fit de sandisk ofrece un rendimiento que le permite mover una pel\u00edcula de larga duraci\u00f3n hasta 15 veces m\u00e1s r\u00e1pido que con las unidades usb 2.0 est\u00e1ndar. Plus, gracias a su dise\u00f1o compacto y aerodin\u00e1mico, puede enchufarlo y dejarlo. Cree una carpeta privada en su unidad con el software sandisk secureaccess. Este software de cifrado aes de 128 bits facilita la protecci\u00f3n mediante contrase\u00f1a de archivos cr\u00edticos. Arrastre y suelte los archivos en la b\u00f3veda, y se cifrar\u00e1n.<\/p>\n","protected":false},"featured_media":267317,"comment_status":"open","ping_status":"open","template":"","meta":[],"product_cat":[1796,1793],"product_tag":[1709],"acf":[],"yoast_head":"<!-- This site is optimized with the Yoast SEO plugin v21.7 - https:\/\/yoast.com\/wordpress\/plugins\/seo\/ -->\n<title>[ Sandisk ] &#129351; Sdcz430-128g-g46 Memoria 128gb Usb 3.1 Ultra Fit Z430 130mb\/s Negro Mini<\/title>\n<meta name=\"description\" content=\"Compra Sdcz430-128g-g46 Memoria 128gb Usb 3.1 Ultra Fit Z430 130mb\/s Negro Mini + Env\u00edo a domicilio + Pago seguro + Garant\u00eda\" \/>\n<meta name=\"robots\" content=\"index, follow, max-snippet:-1, max-image-preview:large, max-video-preview:-1\" \/>\n<link rel=\"canonical\" href=\"https:\/\/compuviper.mx\/tienda\/producto\/sandisk-sdcz430-128g-g46-memoria-128gb-usb-3-1-ultra-fit-z430-130mb-s-negro-mini\/\" \/>\n<meta property=\"og:locale\" content=\"es_MX\" \/>\n<meta property=\"og:type\" content=\"article\" \/>\n<meta property=\"og:title\" content=\"[ Sandisk ] &#129351; Sdcz430-128g-g46 Memoria 128gb Usb 3.1 Ultra Fit Z430 130mb\/s Negro Mini\" \/>\n<meta property=\"og:description\" content=\"Compra Sdcz430-128g-g46 Memoria 128gb Usb 3.1 Ultra Fit Z430 130mb\/s Negro Mini + Env\u00edo a domicilio + Pago seguro + Garant\u00eda\" \/>\n<meta property=\"og:url\" content=\"https:\/\/compuviper.mx\/tienda\/producto\/sandisk-sdcz430-128g-g46-memoria-128gb-usb-3-1-ultra-fit-z430-130mb-s-negro-mini\/\" \/>\n<meta property=\"og:site_name\" content=\"Compuviper\" \/>\n<meta property=\"article:publisher\" content=\"https:\/\/www.facebook.com\/compuviper\" \/>\n<meta property=\"og:image\" content=\"https:\/\/compuviper.mx\/tienda\/wp-content\/uploads\/2026\/02\/Memoria-sandisk-128gb-usb-3.1-ultra-fit-z430-130mbs-negro-mini-sdcz430-128g-g46.jpg\" \/>\n\t<meta property=\"og:image:width\" content=\"200\" \/>\n\t<meta property=\"og:image:height\" content=\"200\" \/>\n\t<meta property=\"og:image:type\" content=\"image\/jpeg\" \/>\n<meta name=\"twitter:card\" content=\"summary_large_image\" \/>\n<meta name=\"twitter:label1\" content=\"Precio\" \/>\n\t<meta name=\"twitter:data1\" content=\"&#36;399 &#36;368 con IVA\" \/>\n\t<meta name=\"twitter:label2\" content=\"Availability\" \/>\n\t<meta name=\"twitter:data2\" content=\"In stock\" \/>\n<script type=\"application\/ld+json\" class=\"yoast-schema-graph\">{\"@context\":\"https:\/\/schema.org\",\"@graph\":[{\"@type\":\"WebPage\",\"@id\":\"https:\/\/compuviper.mx\/tienda\/producto\/sandisk-sdcz430-128g-g46-memoria-128gb-usb-3-1-ultra-fit-z430-130mb-s-negro-mini\/\",\"url\":\"https:\/\/compuviper.mx\/tienda\/producto\/sandisk-sdcz430-128g-g46-memoria-128gb-usb-3-1-ultra-fit-z430-130mb-s-negro-mini\/\",\"name\":\"[ Sandisk ] &#129351; Sdcz430-128g-g46 Memoria 128gb Usb 3.1 Ultra Fit Z430 130mb\/s Negro Mini\",\"isPartOf\":{\"@id\":\"https:\/\/compuviper.mx\/tienda\/#website\"},\"datePublished\":\"2026-04-02T07:47:02+00:00\",\"dateModified\":\"2026-04-02T07:47:02+00:00\",\"description\":\"Compra Sdcz430-128g-g46 Memoria 128gb Usb 3.1 Ultra Fit Z430 130mb\/s Negro Mini + Env\u00edo a domicilio + Pago seguro + Garant\u00eda\",\"breadcrumb\":{\"@id\":\"https:\/\/compuviper.mx\/tienda\/producto\/sandisk-sdcz430-128g-g46-memoria-128gb-usb-3-1-ultra-fit-z430-130mb-s-negro-mini\/#breadcrumb\"},\"inLanguage\":\"es-MX\",\"potentialAction\":[{\"@type\":\"ReadAction\",\"target\":[\"https:\/\/compuviper.mx\/tienda\/producto\/sandisk-sdcz430-128g-g46-memoria-128gb-usb-3-1-ultra-fit-z430-130mb-s-negro-mini\/\"]}]},{\"@type\":\"BreadcrumbList\",\"@id\":\"https:\/\/compuviper.mx\/tienda\/producto\/sandisk-sdcz430-128g-g46-memoria-128gb-usb-3-1-ultra-fit-z430-130mb-s-negro-mini\/#breadcrumb\",\"itemListElement\":[{\"@type\":\"ListItem\",\"position\":1,\"name\":\"Inicio\",\"item\":\"https:\/\/compuviper.mx\/tienda\/\"},{\"@type\":\"ListItem\",\"position\":2,\"name\":\"Productos\",\"item\":\"https:\/\/compuviper.mx\/tienda\/productos\/\"},{\"@type\":\"ListItem\",\"position\":3,\"name\":\"Memorias\",\"item\":\"https:\/\/compuviper.mx\/tienda\/categoria-producto\/memorias\/\"},{\"@type\":\"ListItem\",\"position\":4,\"name\":\"Memoria Flash Usb\",\"item\":\"https:\/\/compuviper.mx\/tienda\/categoria-producto\/memorias\/memoria-flash-usb\/\"},{\"@type\":\"ListItem\",\"position\":5,\"name\":\"Sandisk Sdcz430-128g-g46 Memoria 128gb Usb 3.1 Ultra Fit Z430 130mb\/s Negro Mini\"}]},{\"@type\":\"WebSite\",\"@id\":\"https:\/\/compuviper.mx\/tienda\/#website\",\"url\":\"https:\/\/compuviper.mx\/tienda\/\",\"name\":\"Compuviper\",\"description\":\"Proveedor de Computadoras, Laptops, Servidores, Monitores, Puntos de Venta, Teclados,   Impresoras, T\u00f3ner, C\u00e1maras de Seguridad y m\u00e1s en tu tienda en l\u00ednea\",\"publisher\":{\"@id\":\"https:\/\/compuviper.mx\/tienda\/#organization\"},\"potentialAction\":[{\"@type\":\"SearchAction\",\"target\":{\"@type\":\"EntryPoint\",\"urlTemplate\":\"https:\/\/compuviper.mx\/tienda\/?s={search_term_string}\"},\"query-input\":\"required name=search_term_string\"}],\"inLanguage\":\"es-MX\"},{\"@type\":\"Organization\",\"@id\":\"https:\/\/compuviper.mx\/tienda\/#organization\",\"name\":\"Compuviper\",\"url\":\"https:\/\/compuviper.mx\/tienda\/\",\"logo\":{\"@type\":\"ImageObject\",\"inLanguage\":\"es-MX\",\"@id\":\"https:\/\/compuviper.mx\/tienda\/#\/schema\/logo\/image\/\",\"url\":\"https:\/\/compuviper.mx\/tienda\/wp-content\/uploads\/2021\/08\/Logo-Compuviper-10.png\",\"contentUrl\":\"https:\/\/compuviper.mx\/tienda\/wp-content\/uploads\/2021\/08\/Logo-Compuviper-10.png\",\"width\":1000,\"height\":500,\"caption\":\"Compuviper\"},\"image\":{\"@id\":\"https:\/\/compuviper.mx\/tienda\/#\/schema\/logo\/image\/\"},\"sameAs\":[\"https:\/\/www.facebook.com\/compuviper\",\"https:\/\/www.youtube.com\/channel\/UCf73dERp9Y3cfOq7q8BhLjA?view_as=subscriber\"]}]}<\/script>\n<meta property=\"product:brand\" content=\"SANDISK\" \/>\n<meta property=\"product:price:amount\" content=\"368\" \/>\n<meta property=\"product:price:currency\" content=\"MXN\" \/>\n<meta property=\"og:availability\" content=\"instock\" \/>\n<meta property=\"product:availability\" content=\"instock\" \/>\n<meta property=\"product:retailer_item_id\" content=\"SDCZ430-128G-G46\" \/>\n<meta property=\"product:condition\" content=\"new\" \/>\n<!-- \/ Yoast SEO plugin. -->","yoast_head_json":{"title":"[ Sandisk ] &#129351; Sdcz430-128g-g46 Memoria 128gb Usb 3.1 Ultra Fit Z430 130mb\/s Negro Mini","description":"Compra Sdcz430-128g-g46 Memoria 128gb Usb 3.1 Ultra Fit Z430 130mb\/s Negro Mini + Env\u00edo a domicilio + Pago seguro + Garant\u00eda","robots":{"index":"index","follow":"follow","max-snippet":"max-snippet:-1","max-image-preview":"max-image-preview:large","max-video-preview":"max-video-preview:-1"},"canonical":"https:\/\/compuviper.mx\/tienda\/producto\/sandisk-sdcz430-128g-g46-memoria-128gb-usb-3-1-ultra-fit-z430-130mb-s-negro-mini\/","og_locale":"es_MX","og_type":"article","og_title":"[ Sandisk ] &#129351; Sdcz430-128g-g46 Memoria 128gb Usb 3.1 Ultra Fit Z430 130mb\/s Negro Mini","og_description":"Compra Sdcz430-128g-g46 Memoria 128gb Usb 3.1 Ultra Fit Z430 130mb\/s Negro Mini + Env\u00edo a domicilio + Pago seguro + Garant\u00eda","og_url":"https:\/\/compuviper.mx\/tienda\/producto\/sandisk-sdcz430-128g-g46-memoria-128gb-usb-3-1-ultra-fit-z430-130mb-s-negro-mini\/","og_site_name":"Compuviper","article_publisher":"https:\/\/www.facebook.com\/compuviper","og_image":[{"width":200,"height":200,"url":"https:\/\/compuviper.mx\/tienda\/wp-content\/uploads\/2026\/02\/Memoria-sandisk-128gb-usb-3.1-ultra-fit-z430-130mbs-negro-mini-sdcz430-128g-g46.jpg","type":"image\/jpeg"}],"twitter_card":"summary_large_image","twitter_misc":{"Precio":"&#36;399 &#36;368 con IVA","Availability":"In stock"},"schema":{"@context":"https:\/\/schema.org","@graph":[{"@type":"WebPage","@id":"https:\/\/compuviper.mx\/tienda\/producto\/sandisk-sdcz430-128g-g46-memoria-128gb-usb-3-1-ultra-fit-z430-130mb-s-negro-mini\/","url":"https:\/\/compuviper.mx\/tienda\/producto\/sandisk-sdcz430-128g-g46-memoria-128gb-usb-3-1-ultra-fit-z430-130mb-s-negro-mini\/","name":"[ Sandisk ] &#129351; Sdcz430-128g-g46 Memoria 128gb Usb 3.1 Ultra Fit Z430 130mb\/s Negro Mini","isPartOf":{"@id":"https:\/\/compuviper.mx\/tienda\/#website"},"datePublished":"2026-04-02T07:47:02+00:00","dateModified":"2026-04-02T07:47:02+00:00","description":"Compra Sdcz430-128g-g46 Memoria 128gb Usb 3.1 Ultra Fit Z430 130mb\/s Negro Mini + Env\u00edo a domicilio + Pago seguro + Garant\u00eda","breadcrumb":{"@id":"https:\/\/compuviper.mx\/tienda\/producto\/sandisk-sdcz430-128g-g46-memoria-128gb-usb-3-1-ultra-fit-z430-130mb-s-negro-mini\/#breadcrumb"},"inLanguage":"es-MX","potentialAction":[{"@type":"ReadAction","target":["https:\/\/compuviper.mx\/tienda\/producto\/sandisk-sdcz430-128g-g46-memoria-128gb-usb-3-1-ultra-fit-z430-130mb-s-negro-mini\/"]}]},{"@type":"BreadcrumbList","@id":"https:\/\/compuviper.mx\/tienda\/producto\/sandisk-sdcz430-128g-g46-memoria-128gb-usb-3-1-ultra-fit-z430-130mb-s-negro-mini\/#breadcrumb","itemListElement":[{"@type":"ListItem","position":1,"name":"Inicio","item":"https:\/\/compuviper.mx\/tienda\/"},{"@type":"ListItem","position":2,"name":"Productos","item":"https:\/\/compuviper.mx\/tienda\/productos\/"},{"@type":"ListItem","position":3,"name":"Memorias","item":"https:\/\/compuviper.mx\/tienda\/categoria-producto\/memorias\/"},{"@type":"ListItem","position":4,"name":"Memoria Flash Usb","item":"https:\/\/compuviper.mx\/tienda\/categoria-producto\/memorias\/memoria-flash-usb\/"},{"@type":"ListItem","position":5,"name":"Sandisk Sdcz430-128g-g46 Memoria 128gb Usb 3.1 Ultra Fit Z430 130mb\/s Negro Mini"}]},{"@type":"WebSite","@id":"https:\/\/compuviper.mx\/tienda\/#website","url":"https:\/\/compuviper.mx\/tienda\/","name":"Compuviper","description":"Proveedor de Computadoras, Laptops, Servidores, Monitores, Puntos de Venta, Teclados,   Impresoras, T\u00f3ner, C\u00e1maras de Seguridad y m\u00e1s en tu tienda en l\u00ednea","publisher":{"@id":"https:\/\/compuviper.mx\/tienda\/#organization"},"potentialAction":[{"@type":"SearchAction","target":{"@type":"EntryPoint","urlTemplate":"https:\/\/compuviper.mx\/tienda\/?s={search_term_string}"},"query-input":"required name=search_term_string"}],"inLanguage":"es-MX"},{"@type":"Organization","@id":"https:\/\/compuviper.mx\/tienda\/#organization","name":"Compuviper","url":"https:\/\/compuviper.mx\/tienda\/","logo":{"@type":"ImageObject","inLanguage":"es-MX","@id":"https:\/\/compuviper.mx\/tienda\/#\/schema\/logo\/image\/","url":"https:\/\/compuviper.mx\/tienda\/wp-content\/uploads\/2021\/08\/Logo-Compuviper-10.png","contentUrl":"https:\/\/compuviper.mx\/tienda\/wp-content\/uploads\/2021\/08\/Logo-Compuviper-10.png","width":1000,"height":500,"caption":"Compuviper"},"image":{"@id":"https:\/\/compuviper.mx\/tienda\/#\/schema\/logo\/image\/"},"sameAs":["https:\/\/www.facebook.com\/compuviper","https:\/\/www.youtube.com\/channel\/UCf73dERp9Y3cfOq7q8BhLjA?view_as=subscriber"]}]},"product_brand":"SANDISK","product_price_amount":"368","product_price_currency":"MXN","og_availability":"instock","product_availability":"instock","product_retailer_item_id":"SDCZ430-128G-G46","product_condition":"new"},"_links":{"self":[{"href":"https:\/\/compuviper.mx\/tienda\/wp-json\/wp\/v2\/product\/267316"}],"collection":[{"href":"https:\/\/compuviper.mx\/tienda\/wp-json\/wp\/v2\/product"}],"about":[{"href":"https:\/\/compuviper.mx\/tienda\/wp-json\/wp\/v2\/types\/product"}],"replies":[{"embeddable":true,"href":"https:\/\/compuviper.mx\/tienda\/wp-json\/wp\/v2\/comments?post=267316"}],"wp:featuredmedia":[{"embeddable":true,"href":"https:\/\/compuviper.mx\/tienda\/wp-json\/wp\/v2\/media\/267317"}],"wp:attachment":[{"href":"https:\/\/compuviper.mx\/tienda\/wp-json\/wp\/v2\/media?parent=267316"}],"wp:term":[{"taxonomy":"product_cat","embeddable":true,"href":"https:\/\/compuviper.mx\/tienda\/wp-json\/wp\/v2\/product_cat?post=267316"},{"taxonomy":"product_tag","embeddable":true,"href":"https:\/\/compuviper.mx\/tienda\/wp-json\/wp\/v2\/product_tag?post=267316"}],"curies":[{"name":"wp","href":"https:\/\/api.w.org\/{rel}","templated":true}]}}