{"id":267307,"date":"2026-04-18T01:35:19","date_gmt":"2026-04-18T07:35:19","guid":{"rendered":"https:\/\/compuviper.mx\/tienda\/producto\/asus-oem-rnuc14rvsu5068aui-mini-pc-asus-nuc-14-pro-core-ultra-5-125h-hasta-4-5-ghz-14-cores-4p8e2lp-16gb-ddr5-5600-512gb-m-2-intel-arc-2x-hdmi-2-1-2x-thunderbolt-4-w11-home-vpro\/"},"modified":"2026-04-18T01:35:19","modified_gmt":"2026-04-18T07:35:19","slug":"asus-oem-rnuc14rvsu5068aui-mini-pc-asus-nuc-14-pro-core-ultra-5-125h-hasta-4-5-ghz-14-cores-4p8e2lp-16gb-ddr5-5600-512gb-m-2-intel-arc-2x-hdmi-2-1-2x-thunderbolt-4-w11-home-vpro","status":"publish","type":"product","link":"https:\/\/compuviper.mx\/tienda\/producto\/asus-oem-rnuc14rvsu5068aui-mini-pc-asus-nuc-14-pro-core-ultra-5-125h-hasta-4-5-ghz-14-cores-4p8e2lp-16gb-ddr5-5600-512gb-m-2-intel-arc-2x-hdmi-2-1-2x-thunderbolt-4-w11-home-vpro\/","title":{"rendered":"Asus Oem Rnuc14rvsu5068aui Mini Pc Asus Nuc 14 Pro+ Core Ultra 5 125h Hasta 4.5 Ghz \/14 Cores (4p+8e+2lp) \/16gb Ddr5 5600 \/512gb M.2 \/intel Arc \/2x Hdmi 2.1 \/2x Thunderbolt 4 \/w11 Home \/vpro"},"content":{"rendered":"<table class=\"descripcion\">\n<tr>\n<td>Rnuc14rvsu5068aui<\/td>\n<\/tr>\n<tr>\n<td>Nuc series  asus nuc 14 pro<\/td>\n<\/tr>\n<tr>\n<td>Model type  full system<\/td>\n<\/tr>\n<tr>\n<td>Color  silver<\/td>\n<\/tr>\n<tr>\n<td>Cpu type  core ultra 5<\/td>\n<\/tr>\n<tr>\n<td>Cpu gen  series 1<\/td>\n<\/tr>\n<tr>\n<td>Cpu name  intel core ultra 5 125h<\/td>\n<\/tr>\n<tr>\n<td>Total cores  14<\/td>\n<\/tr>\n<tr>\n<td>Total threads  18<\/td>\n<\/tr>\n<tr>\n<td>Tdp  28w<\/td>\n<\/tr>\n<tr>\n<td>Installed ram  16gb 2 x 8gb<\/td>\n<\/tr>\n<tr>\n<td>No. de slots  2<\/td>\n<\/tr>\n<tr>\n<td>Ram type  so-dimm ddr5-5600 mhz<\/td>\n<\/tr>\n<tr>\n<td>Max ram supported  96gb via 2 x 48gb<\/td>\n<\/tr>\n<tr>\n<td>Vga  integrated &#8211; intel arc graphics<\/td>\n<\/tr>\n<tr>\n<td>Installed storage  512gb nvme ssd<\/td>\n<\/tr>\n<tr>\n<td>Storage type up to 2 internal storage drives:<\/td>\n<\/tr>\n<tr>\n<td>1 x m.2 2280 pcie gen4x4 nvme ssd occupied<\/td>\n<\/tr>\n<tr>\n<td>1 x m.2 2242 pcie gen4x4 nvme ssd empty<\/td>\n<\/tr>\n<tr>\n<td>Max storage supported<\/td>\n<\/tr>\n<tr>\n<td>M.2 2280 ssd | supports 128gb ~ 4tb<\/td>\n<\/tr>\n<tr>\n<td>M.2 2242 ssd | supports 128gb ~ 2tb<\/td>\n<\/tr>\n<tr>\n<td>Graphics output<\/td>\n<\/tr>\n<tr>\n<td>2 x thunderbolt 4 displayport 2.1 via type-c<\/td>\n<\/tr>\n<tr>\n<td>2 x hdmi 2.1 up to 8k@60hz<\/td>\n<\/tr>\n<tr>\n<td>Speaker  none<\/td>\n<\/tr>\n<tr>\n<td>Lan  1 x intel i226-v 2.5 gbe<\/td>\n<\/tr>\n<tr>\n<td>Tpm  ftpm 2.0 intel ptt<\/td>\n<\/tr>\n<tr>\n<td>Installed os  windows 11 home, 64-bit<\/td>\n<\/tr>\n<tr>\n<td>Wlan  intel wi-fi 6e ax211 gig, 2&#215;2<\/td>\n<\/tr>\n<tr>\n<td>Bt  bt 5.3<\/td>\n<\/tr>\n<tr>\n<td>Asus logo  yes<\/td>\n<\/tr>\n<tr>\n<td>Fanless  no<\/td>\n<\/tr>\n<tr>\n<td>Warranty  3-year warranty<\/td>\n<\/tr>\n<tr>\n<td>Form factor  mini pc l10<\/td>\n<\/tr>\n<\/table>\n","protected":false},"excerpt":{"rendered":"<p>Asus nuc 14 pro. El estilo se une al rendimiento. Rendimiento: ofrece el mejor rendimiento que supera a todos las dems minipc de la competencia. Diseo: presenta un llamativo gabinete de aluminio anodizado de 5 x 4 pulgadas. Lista para ia: aprovecha la destreza del procesador intel core ultra para ejecutar localmente cargas de trabajo de ia generativa. Deteccion de wi-fi: aprovecha la deteccion de wi-fi para ofrecer disponibilidad instantanea y al mismo tiempo reducir el consumo de energia. Conectividad inalambrica: ofrece conectividad perfecta para bluetooth certificado. Personalizable: diseado para acceder al gabinete sin herramientas, lo que hace que las actualizaciones sean mas faciles, seguras y rapidas.<\/p>\n","protected":false},"featured_media":0,"comment_status":"open","ping_status":"open","template":"","meta":[],"product_cat":[1971,1978],"product_tag":[2096],"acf":[],"yoast_head":"<!-- This site is optimized with the Yoast SEO plugin v21.7 - https:\/\/yoast.com\/wordpress\/plugins\/seo\/ -->\n<title>[ Asus Oem ] &#129351; Rnuc14rvsu5068aui Mini Pc Asus Nuc 14 Pro+ Core Ultra 5 125h Hasta 4.5 Ghz \/14 Cores (4p+8e+2lp) \/16gb Ddr5 5600 \/512gb M.2 \/intel Arc \/2x Hdmi 2.1 \/2x Thunderbolt 4 \/w11 Home \/vpro<\/title>\n<meta name=\"description\" content=\"Compra Rnuc14rvsu5068aui Mini Pc Asus Nuc 14 Pro+ Core Ultra 5 125h Hasta 4.5 Ghz \/14 Cores (4p+8e+2lp) \/16gb Ddr5 5600 \/512gb M.2 \/intel Arc \/2x Hdmi 2.1 \/2x Thunderbolt 4 \/w11 Home \/vpro + Env\u00edo a domicilio + Pago seguro + Garant\u00eda\" \/>\n<meta name=\"robots\" content=\"index, follow, max-snippet:-1, max-image-preview:large, max-video-preview:-1\" \/>\n<link rel=\"canonical\" href=\"https:\/\/compuviper.mx\/tienda\/producto\/asus-oem-rnuc14rvsu5068aui-mini-pc-asus-nuc-14-pro-core-ultra-5-125h-hasta-4-5-ghz-14-cores-4p8e2lp-16gb-ddr5-5600-512gb-m-2-intel-arc-2x-hdmi-2-1-2x-thunderbolt-4-w11-home-vpro\/\" \/>\n<meta property=\"og:locale\" content=\"es_MX\" \/>\n<meta property=\"og:type\" content=\"article\" \/>\n<meta property=\"og:title\" content=\"[ Asus Oem ] &#129351; Rnuc14rvsu5068aui Mini Pc Asus Nuc 14 Pro+ Core Ultra 5 125h Hasta 4.5 Ghz \/14 Cores (4p+8e+2lp) \/16gb Ddr5 5600 \/512gb M.2 \/intel Arc \/2x Hdmi 2.1 \/2x Thunderbolt 4 \/w11 Home \/vpro\" \/>\n<meta property=\"og:description\" content=\"Compra Rnuc14rvsu5068aui Mini Pc Asus Nuc 14 Pro+ Core Ultra 5 125h Hasta 4.5 Ghz \/14 Cores (4p+8e+2lp) \/16gb Ddr5 5600 \/512gb M.2 \/intel Arc \/2x Hdmi 2.1 \/2x Thunderbolt 4 \/w11 Home \/vpro + Env\u00edo a domicilio + Pago seguro + Garant\u00eda\" \/>\n<meta property=\"og:url\" content=\"https:\/\/compuviper.mx\/tienda\/producto\/asus-oem-rnuc14rvsu5068aui-mini-pc-asus-nuc-14-pro-core-ultra-5-125h-hasta-4-5-ghz-14-cores-4p8e2lp-16gb-ddr5-5600-512gb-m-2-intel-arc-2x-hdmi-2-1-2x-thunderbolt-4-w11-home-vpro\/\" \/>\n<meta property=\"og:site_name\" content=\"Compuviper\" \/>\n<meta property=\"article:publisher\" content=\"https:\/\/www.facebook.com\/compuviper\" \/>\n<meta name=\"twitter:card\" content=\"summary_large_image\" \/>\n<meta name=\"twitter:label1\" content=\"Precio\" \/>\n\t<meta name=\"twitter:data1\" content=\"&#36;12,247 con IVA\" \/>\n\t<meta name=\"twitter:label2\" content=\"Availability\" \/>\n\t<meta name=\"twitter:data2\" content=\"In stock\" \/>\n<script type=\"application\/ld+json\" class=\"yoast-schema-graph\">{\"@context\":\"https:\/\/schema.org\",\"@graph\":[{\"@type\":\"WebPage\",\"@id\":\"https:\/\/compuviper.mx\/tienda\/producto\/asus-oem-rnuc14rvsu5068aui-mini-pc-asus-nuc-14-pro-core-ultra-5-125h-hasta-4-5-ghz-14-cores-4p8e2lp-16gb-ddr5-5600-512gb-m-2-intel-arc-2x-hdmi-2-1-2x-thunderbolt-4-w11-home-vpro\/\",\"url\":\"https:\/\/compuviper.mx\/tienda\/producto\/asus-oem-rnuc14rvsu5068aui-mini-pc-asus-nuc-14-pro-core-ultra-5-125h-hasta-4-5-ghz-14-cores-4p8e2lp-16gb-ddr5-5600-512gb-m-2-intel-arc-2x-hdmi-2-1-2x-thunderbolt-4-w11-home-vpro\/\",\"name\":\"[ Asus Oem ] &#129351; Rnuc14rvsu5068aui Mini Pc Asus Nuc 14 Pro+ Core Ultra 5 125h Hasta 4.5 Ghz \/14 Cores (4p+8e+2lp) \/16gb Ddr5 5600 \/512gb M.2 \/intel Arc \/2x Hdmi 2.1 \/2x Thunderbolt 4 \/w11 Home \/vpro\",\"isPartOf\":{\"@id\":\"https:\/\/compuviper.mx\/tienda\/#website\"},\"datePublished\":\"2026-04-18T07:35:19+00:00\",\"dateModified\":\"2026-04-18T07:35:19+00:00\",\"description\":\"Compra Rnuc14rvsu5068aui Mini Pc Asus Nuc 14 Pro+ Core Ultra 5 125h Hasta 4.5 Ghz \/14 Cores (4p+8e+2lp) \/16gb Ddr5 5600 \/512gb M.2 \/intel Arc \/2x Hdmi 2.1 \/2x Thunderbolt 4 \/w11 Home \/vpro + Env\u00edo a domicilio + Pago seguro + Garant\u00eda\",\"breadcrumb\":{\"@id\":\"https:\/\/compuviper.mx\/tienda\/producto\/asus-oem-rnuc14rvsu5068aui-mini-pc-asus-nuc-14-pro-core-ultra-5-125h-hasta-4-5-ghz-14-cores-4p8e2lp-16gb-ddr5-5600-512gb-m-2-intel-arc-2x-hdmi-2-1-2x-thunderbolt-4-w11-home-vpro\/#breadcrumb\"},\"inLanguage\":\"es-MX\",\"potentialAction\":[{\"@type\":\"ReadAction\",\"target\":[\"https:\/\/compuviper.mx\/tienda\/producto\/asus-oem-rnuc14rvsu5068aui-mini-pc-asus-nuc-14-pro-core-ultra-5-125h-hasta-4-5-ghz-14-cores-4p8e2lp-16gb-ddr5-5600-512gb-m-2-intel-arc-2x-hdmi-2-1-2x-thunderbolt-4-w11-home-vpro\/\"]}]},{\"@type\":\"BreadcrumbList\",\"@id\":\"https:\/\/compuviper.mx\/tienda\/producto\/asus-oem-rnuc14rvsu5068aui-mini-pc-asus-nuc-14-pro-core-ultra-5-125h-hasta-4-5-ghz-14-cores-4p8e2lp-16gb-ddr5-5600-512gb-m-2-intel-arc-2x-hdmi-2-1-2x-thunderbolt-4-w11-home-vpro\/#breadcrumb\",\"itemListElement\":[{\"@type\":\"ListItem\",\"position\":1,\"name\":\"Inicio\",\"item\":\"https:\/\/compuviper.mx\/tienda\/\"},{\"@type\":\"ListItem\",\"position\":2,\"name\":\"Productos\",\"item\":\"https:\/\/compuviper.mx\/tienda\/productos\/\"},{\"@type\":\"ListItem\",\"position\":3,\"name\":\"Computadoras\",\"item\":\"https:\/\/compuviper.mx\/tienda\/categoria-producto\/computadoras\/\"},{\"@type\":\"ListItem\",\"position\":4,\"name\":\"Mini Pc\u00b4s\",\"item\":\"https:\/\/compuviper.mx\/tienda\/categoria-producto\/computadoras\/mini-pcs\/\"},{\"@type\":\"ListItem\",\"position\":5,\"name\":\"Asus Oem Rnuc14rvsu5068aui Mini Pc Asus Nuc 14 Pro+ Core Ultra 5 125h Hasta 4.5 Ghz \/14 Cores (4p+8e+2lp) \/16gb Ddr5 5600 \/512gb M.2 \/intel Arc \/2x Hdmi 2.1 \/2x Thunderbolt 4 \/w11 Home \/vpro\"}]},{\"@type\":\"WebSite\",\"@id\":\"https:\/\/compuviper.mx\/tienda\/#website\",\"url\":\"https:\/\/compuviper.mx\/tienda\/\",\"name\":\"Compuviper\",\"description\":\"Proveedor de Computadoras, Laptops, Servidores, Monitores, Puntos de Venta, Teclados,   Impresoras, T\u00f3ner, C\u00e1maras de Seguridad y m\u00e1s en tu tienda en l\u00ednea\",\"publisher\":{\"@id\":\"https:\/\/compuviper.mx\/tienda\/#organization\"},\"potentialAction\":[{\"@type\":\"SearchAction\",\"target\":{\"@type\":\"EntryPoint\",\"urlTemplate\":\"https:\/\/compuviper.mx\/tienda\/?s={search_term_string}\"},\"query-input\":\"required name=search_term_string\"}],\"inLanguage\":\"es-MX\"},{\"@type\":\"Organization\",\"@id\":\"https:\/\/compuviper.mx\/tienda\/#organization\",\"name\":\"Compuviper\",\"url\":\"https:\/\/compuviper.mx\/tienda\/\",\"logo\":{\"@type\":\"ImageObject\",\"inLanguage\":\"es-MX\",\"@id\":\"https:\/\/compuviper.mx\/tienda\/#\/schema\/logo\/image\/\",\"url\":\"https:\/\/compuviper.mx\/tienda\/wp-content\/uploads\/2021\/08\/Logo-Compuviper-10.png\",\"contentUrl\":\"https:\/\/compuviper.mx\/tienda\/wp-content\/uploads\/2021\/08\/Logo-Compuviper-10.png\",\"width\":1000,\"height\":500,\"caption\":\"Compuviper\"},\"image\":{\"@id\":\"https:\/\/compuviper.mx\/tienda\/#\/schema\/logo\/image\/\"},\"sameAs\":[\"https:\/\/www.facebook.com\/compuviper\",\"https:\/\/www.youtube.com\/channel\/UCf73dERp9Y3cfOq7q8BhLjA?view_as=subscriber\"]}]}<\/script>\n<meta property=\"product:brand\" content=\"Asus Oem\" \/>\n<meta property=\"product:price:amount\" content=\"12247\" \/>\n<meta property=\"product:price:currency\" content=\"MXN\" \/>\n<meta property=\"og:availability\" content=\"instock\" \/>\n<meta property=\"product:availability\" content=\"instock\" \/>\n<meta property=\"product:retailer_item_id\" content=\"RNUC14RVSU5068AUI\" \/>\n<meta property=\"product:condition\" content=\"new\" \/>\n<!-- \/ Yoast SEO plugin. -->","yoast_head_json":{"title":"[ Asus Oem ] &#129351; Rnuc14rvsu5068aui Mini Pc Asus Nuc 14 Pro+ Core Ultra 5 125h Hasta 4.5 Ghz \/14 Cores (4p+8e+2lp) \/16gb Ddr5 5600 \/512gb M.2 \/intel Arc \/2x Hdmi 2.1 \/2x Thunderbolt 4 \/w11 Home \/vpro","description":"Compra Rnuc14rvsu5068aui Mini Pc Asus Nuc 14 Pro+ Core Ultra 5 125h Hasta 4.5 Ghz \/14 Cores (4p+8e+2lp) \/16gb Ddr5 5600 \/512gb M.2 \/intel Arc \/2x Hdmi 2.1 \/2x Thunderbolt 4 \/w11 Home \/vpro + Env\u00edo a domicilio + Pago seguro + Garant\u00eda","robots":{"index":"index","follow":"follow","max-snippet":"max-snippet:-1","max-image-preview":"max-image-preview:large","max-video-preview":"max-video-preview:-1"},"canonical":"https:\/\/compuviper.mx\/tienda\/producto\/asus-oem-rnuc14rvsu5068aui-mini-pc-asus-nuc-14-pro-core-ultra-5-125h-hasta-4-5-ghz-14-cores-4p8e2lp-16gb-ddr5-5600-512gb-m-2-intel-arc-2x-hdmi-2-1-2x-thunderbolt-4-w11-home-vpro\/","og_locale":"es_MX","og_type":"article","og_title":"[ Asus Oem ] &#129351; Rnuc14rvsu5068aui Mini Pc Asus Nuc 14 Pro+ Core Ultra 5 125h Hasta 4.5 Ghz \/14 Cores (4p+8e+2lp) \/16gb Ddr5 5600 \/512gb M.2 \/intel Arc \/2x Hdmi 2.1 \/2x Thunderbolt 4 \/w11 Home \/vpro","og_description":"Compra Rnuc14rvsu5068aui Mini Pc Asus Nuc 14 Pro+ Core Ultra 5 125h Hasta 4.5 Ghz \/14 Cores (4p+8e+2lp) \/16gb Ddr5 5600 \/512gb M.2 \/intel Arc \/2x Hdmi 2.1 \/2x Thunderbolt 4 \/w11 Home \/vpro + Env\u00edo a domicilio + Pago seguro + Garant\u00eda","og_url":"https:\/\/compuviper.mx\/tienda\/producto\/asus-oem-rnuc14rvsu5068aui-mini-pc-asus-nuc-14-pro-core-ultra-5-125h-hasta-4-5-ghz-14-cores-4p8e2lp-16gb-ddr5-5600-512gb-m-2-intel-arc-2x-hdmi-2-1-2x-thunderbolt-4-w11-home-vpro\/","og_site_name":"Compuviper","article_publisher":"https:\/\/www.facebook.com\/compuviper","twitter_card":"summary_large_image","twitter_misc":{"Precio":"&#36;12,247 con IVA","Availability":"In stock"},"schema":{"@context":"https:\/\/schema.org","@graph":[{"@type":"WebPage","@id":"https:\/\/compuviper.mx\/tienda\/producto\/asus-oem-rnuc14rvsu5068aui-mini-pc-asus-nuc-14-pro-core-ultra-5-125h-hasta-4-5-ghz-14-cores-4p8e2lp-16gb-ddr5-5600-512gb-m-2-intel-arc-2x-hdmi-2-1-2x-thunderbolt-4-w11-home-vpro\/","url":"https:\/\/compuviper.mx\/tienda\/producto\/asus-oem-rnuc14rvsu5068aui-mini-pc-asus-nuc-14-pro-core-ultra-5-125h-hasta-4-5-ghz-14-cores-4p8e2lp-16gb-ddr5-5600-512gb-m-2-intel-arc-2x-hdmi-2-1-2x-thunderbolt-4-w11-home-vpro\/","name":"[ Asus Oem ] &#129351; Rnuc14rvsu5068aui Mini Pc Asus Nuc 14 Pro+ Core Ultra 5 125h Hasta 4.5 Ghz \/14 Cores (4p+8e+2lp) \/16gb Ddr5 5600 \/512gb M.2 \/intel Arc \/2x Hdmi 2.1 \/2x Thunderbolt 4 \/w11 Home \/vpro","isPartOf":{"@id":"https:\/\/compuviper.mx\/tienda\/#website"},"datePublished":"2026-04-18T07:35:19+00:00","dateModified":"2026-04-18T07:35:19+00:00","description":"Compra Rnuc14rvsu5068aui Mini Pc Asus Nuc 14 Pro+ Core Ultra 5 125h Hasta 4.5 Ghz \/14 Cores (4p+8e+2lp) \/16gb Ddr5 5600 \/512gb M.2 \/intel Arc \/2x Hdmi 2.1 \/2x Thunderbolt 4 \/w11 Home \/vpro + Env\u00edo a domicilio + Pago seguro + Garant\u00eda","breadcrumb":{"@id":"https:\/\/compuviper.mx\/tienda\/producto\/asus-oem-rnuc14rvsu5068aui-mini-pc-asus-nuc-14-pro-core-ultra-5-125h-hasta-4-5-ghz-14-cores-4p8e2lp-16gb-ddr5-5600-512gb-m-2-intel-arc-2x-hdmi-2-1-2x-thunderbolt-4-w11-home-vpro\/#breadcrumb"},"inLanguage":"es-MX","potentialAction":[{"@type":"ReadAction","target":["https:\/\/compuviper.mx\/tienda\/producto\/asus-oem-rnuc14rvsu5068aui-mini-pc-asus-nuc-14-pro-core-ultra-5-125h-hasta-4-5-ghz-14-cores-4p8e2lp-16gb-ddr5-5600-512gb-m-2-intel-arc-2x-hdmi-2-1-2x-thunderbolt-4-w11-home-vpro\/"]}]},{"@type":"BreadcrumbList","@id":"https:\/\/compuviper.mx\/tienda\/producto\/asus-oem-rnuc14rvsu5068aui-mini-pc-asus-nuc-14-pro-core-ultra-5-125h-hasta-4-5-ghz-14-cores-4p8e2lp-16gb-ddr5-5600-512gb-m-2-intel-arc-2x-hdmi-2-1-2x-thunderbolt-4-w11-home-vpro\/#breadcrumb","itemListElement":[{"@type":"ListItem","position":1,"name":"Inicio","item":"https:\/\/compuviper.mx\/tienda\/"},{"@type":"ListItem","position":2,"name":"Productos","item":"https:\/\/compuviper.mx\/tienda\/productos\/"},{"@type":"ListItem","position":3,"name":"Computadoras","item":"https:\/\/compuviper.mx\/tienda\/categoria-producto\/computadoras\/"},{"@type":"ListItem","position":4,"name":"Mini Pc\u00b4s","item":"https:\/\/compuviper.mx\/tienda\/categoria-producto\/computadoras\/mini-pcs\/"},{"@type":"ListItem","position":5,"name":"Asus Oem Rnuc14rvsu5068aui Mini Pc Asus Nuc 14 Pro+ Core Ultra 5 125h Hasta 4.5 Ghz \/14 Cores (4p+8e+2lp) \/16gb Ddr5 5600 \/512gb M.2 \/intel Arc \/2x Hdmi 2.1 \/2x Thunderbolt 4 \/w11 Home \/vpro"}]},{"@type":"WebSite","@id":"https:\/\/compuviper.mx\/tienda\/#website","url":"https:\/\/compuviper.mx\/tienda\/","name":"Compuviper","description":"Proveedor de Computadoras, Laptops, Servidores, Monitores, Puntos de Venta, Teclados,   Impresoras, T\u00f3ner, C\u00e1maras de Seguridad y m\u00e1s en tu tienda en l\u00ednea","publisher":{"@id":"https:\/\/compuviper.mx\/tienda\/#organization"},"potentialAction":[{"@type":"SearchAction","target":{"@type":"EntryPoint","urlTemplate":"https:\/\/compuviper.mx\/tienda\/?s={search_term_string}"},"query-input":"required name=search_term_string"}],"inLanguage":"es-MX"},{"@type":"Organization","@id":"https:\/\/compuviper.mx\/tienda\/#organization","name":"Compuviper","url":"https:\/\/compuviper.mx\/tienda\/","logo":{"@type":"ImageObject","inLanguage":"es-MX","@id":"https:\/\/compuviper.mx\/tienda\/#\/schema\/logo\/image\/","url":"https:\/\/compuviper.mx\/tienda\/wp-content\/uploads\/2021\/08\/Logo-Compuviper-10.png","contentUrl":"https:\/\/compuviper.mx\/tienda\/wp-content\/uploads\/2021\/08\/Logo-Compuviper-10.png","width":1000,"height":500,"caption":"Compuviper"},"image":{"@id":"https:\/\/compuviper.mx\/tienda\/#\/schema\/logo\/image\/"},"sameAs":["https:\/\/www.facebook.com\/compuviper","https:\/\/www.youtube.com\/channel\/UCf73dERp9Y3cfOq7q8BhLjA?view_as=subscriber"]}]},"product_brand":"Asus Oem","product_price_amount":"12247","product_price_currency":"MXN","og_availability":"instock","product_availability":"instock","product_retailer_item_id":"RNUC14RVSU5068AUI","product_condition":"new"},"_links":{"self":[{"href":"https:\/\/compuviper.mx\/tienda\/wp-json\/wp\/v2\/product\/267307"}],"collection":[{"href":"https:\/\/compuviper.mx\/tienda\/wp-json\/wp\/v2\/product"}],"about":[{"href":"https:\/\/compuviper.mx\/tienda\/wp-json\/wp\/v2\/types\/product"}],"replies":[{"embeddable":true,"href":"https:\/\/compuviper.mx\/tienda\/wp-json\/wp\/v2\/comments?post=267307"}],"wp:attachment":[{"href":"https:\/\/compuviper.mx\/tienda\/wp-json\/wp\/v2\/media?parent=267307"}],"wp:term":[{"taxonomy":"product_cat","embeddable":true,"href":"https:\/\/compuviper.mx\/tienda\/wp-json\/wp\/v2\/product_cat?post=267307"},{"taxonomy":"product_tag","embeddable":true,"href":"https:\/\/compuviper.mx\/tienda\/wp-json\/wp\/v2\/product_tag?post=267307"}],"curies":[{"name":"wp","href":"https:\/\/api.w.org\/{rel}","templated":true}]}}