{"id":267305,"date":"2026-04-18T01:35:14","date_gmt":"2026-04-18T07:35:14","guid":{"rendered":"https:\/\/compuviper.mx\/tienda\/producto\/asus-oem-rnuc15crkc7069cu-mini-pc-asus-nuc-15-pro-core-7-240h-hasta-5-2-ghz-10-cores-6p4e-16gb-ddr5-5600-1tb-m-2-2x-hdmi-2-1-2x-thunderbolt-4-w11-pro-chasis-slim\/"},"modified":"2026-04-18T01:35:14","modified_gmt":"2026-04-18T07:35:14","slug":"asus-oem-rnuc15crkc7069cu-mini-pc-asus-nuc-15-pro-core-7-240h-hasta-5-2-ghz-10-cores-6p4e-16gb-ddr5-5600-1tb-m-2-2x-hdmi-2-1-2x-thunderbolt-4-w11-pro-chasis-slim","status":"publish","type":"product","link":"https:\/\/compuviper.mx\/tienda\/producto\/asus-oem-rnuc15crkc7069cu-mini-pc-asus-nuc-15-pro-core-7-240h-hasta-5-2-ghz-10-cores-6p4e-16gb-ddr5-5600-1tb-m-2-2x-hdmi-2-1-2x-thunderbolt-4-w11-pro-chasis-slim\/","title":{"rendered":"Asus Oem Rnuc15crkc7069cu Mini Pc Asus Nuc 15 Pro Core 7 240h Hasta 5.2 Ghz \/10 Cores (6p+4e) \/16gb Ddr5 5600 \/1tb M.2 \/2x Hdmi 2.1 \/2x Thunderbolt 4 \/w11 Pro \/chasis Slim"},"content":{"rendered":"<table class=\"descripcion\">\n<tr>\n<td>Rnuc15crkc7069cu<\/td>\n<\/tr>\n<tr>\n<td>Nuc series  asus nuc 15 pro<\/td>\n<\/tr>\n<tr>\n<td>Model type  full system<\/td>\n<\/tr>\n<tr>\n<td>Color  black<\/td>\n<\/tr>\n<tr>\n<td>Cpu type  core 7<\/td>\n<\/tr>\n<tr>\n<td>Cpu gen  series 2<\/td>\n<\/tr>\n<tr>\n<td>Cpu name  intel core 7 240h<\/td>\n<\/tr>\n<tr>\n<td>Total cores  10<\/td>\n<\/tr>\n<tr>\n<td>Total threads  16<\/td>\n<\/tr>\n<tr>\n<td>Tdp  45w<\/td>\n<\/tr>\n<tr>\n<td>Installed ram  16gb 2 x 8gb<\/td>\n<\/tr>\n<tr>\n<td>No. de slots  2<\/td>\n<\/tr>\n<tr>\n<td>Ram type  so-dimm ddr5-5600 mhz<\/td>\n<\/tr>\n<tr>\n<td>Max ram supported  96gb via 2 x 48gb<\/td>\n<\/tr>\n<tr>\n<td>Vga  integrated &#8211; intel graphics<\/td>\n<\/tr>\n<tr>\n<td>Installed storage  1tb nvme ssd<\/td>\n<\/tr>\n<tr>\n<td>Storage type up to 2 internal storage drives:<\/td>\n<\/tr>\n<tr>\n<td>1 x m.2 2280 pcie gen4x4 nvme ssd occupied<\/td>\n<\/tr>\n<tr>\n<td>1 x m.2 2242 pcie gen4x4 nvme ssd empty<\/td>\n<\/tr>\n<tr>\n<td>Pcie gen 5 ready<\/td>\n<\/tr>\n<tr>\n<td>Max storage supported<\/td>\n<\/tr>\n<tr>\n<td>M.2 2280 ssd | supports 128gb ~ 8tb<\/td>\n<\/tr>\n<tr>\n<td>M.2 2242 ssd | supports 128gb ~ 2tb<\/td>\n<\/tr>\n<tr>\n<td>Graphics output<\/td>\n<\/tr>\n<tr>\n<td>2 x thunderbolt 4 displayport 2.1 via type-c<\/td>\n<\/tr>\n<tr>\n<td>2 x hdmi 2.1 tmds compatible<\/td>\n<\/tr>\n<tr>\n<td>Speaker  none<\/td>\n<\/tr>\n<tr>\n<td>Lan  1 x intel i226-v 2.5 gbe<\/td>\n<\/tr>\n<tr>\n<td>Tpm  ftpm 2.0 intel ptt<\/td>\n<\/tr>\n<tr>\n<td>Installed os  windows 11 pro, 64-bit<\/td>\n<\/tr>\n<tr>\n<td>Wlan  intel wi-fi 7 be202 gig, 2&#215;2<\/td>\n<\/tr>\n<tr>\n<td>Bt  bt 5.4<\/td>\n<\/tr>\n<tr>\n<td>Asus logo  yes<\/td>\n<\/tr>\n<tr>\n<td>Fanless  no<\/td>\n<\/tr>\n<tr>\n<td>Warranty  3-year warranty<\/td>\n<\/tr>\n<tr>\n<td>Form factor   slim mini pc l10<\/td>\n<\/tr>\n<\/table>\n","protected":false},"excerpt":{"rendered":"<p>Asus nuc 15 pro. Mini pc habilitado para ia, impulsado por procesadores intel core ultra serie 2. Diseado como la mejor opcion compacta para el futuro impulsado por ia. Impulsado por procesadores intel core ultra serie 2, ofreciendo hasta 99 tops de plataforma y un aumento del 18 en rendimiento generacion tras generacion. Soporta hasta 96 and 8239;gb de memoria ddr5-6400 de doble canal para multitarea fluida y cargas de trabajo de alta velocidad. Permite conectar hasta cuatro pantallas 4k mediante hdmi 2.1 dual y thunderbolt 4 con compatibilidad displayport 2.1 y usb4. Ofrece conectividad avanzada con intel wi-fi 7, bluetooth 5.4 y multiples puertos usb 3.2 gen2 de alta velocidad. Diseo compacto de 0.48l con chasis sin herramientas que permite actualizaciones rapidas e implementacion sin esfuerzo. Construido para la confiabilidad con certificacion mil-std-810h, enfriamiento eficiente y empaque ecologico para sostenibilidad. Permite encendido\/apagado sincronizado con monitores compatibles mediante asus power sync, ideal para uso comercial, en quioscos y en entornos medicos donde los botones del dispositivo son difciles de alcanzar.<\/p>\n","protected":false},"featured_media":0,"comment_status":"open","ping_status":"open","template":"","meta":[],"product_cat":[1971,1978],"product_tag":[2096],"acf":[],"yoast_head":"<!-- This site is optimized with the Yoast SEO plugin v21.7 - https:\/\/yoast.com\/wordpress\/plugins\/seo\/ -->\n<title>[ Asus Oem ] &#129351; Rnuc15crkc7069cu Mini Pc Asus Nuc 15 Pro Core 7 240h Hasta 5.2 Ghz \/10 Cores (6p+4e) \/16gb Ddr5 5600 \/1tb M.2 \/2x Hdmi 2.1 \/2x Thunderbolt 4 \/w11 Pro \/chasis Slim<\/title>\n<meta name=\"description\" content=\"Compra Rnuc15crkc7069cu Mini Pc Asus Nuc 15 Pro Core 7 240h Hasta 5.2 Ghz \/10 Cores (6p+4e) \/16gb Ddr5 5600 \/1tb M.2 \/2x Hdmi 2.1 \/2x Thunderbolt 4 \/w11 Pro \/chasis Slim + Env\u00edo a domicilio + Pago seguro + Garant\u00eda\" \/>\n<meta name=\"robots\" content=\"index, follow, max-snippet:-1, max-image-preview:large, max-video-preview:-1\" \/>\n<link rel=\"canonical\" href=\"https:\/\/compuviper.mx\/tienda\/producto\/asus-oem-rnuc15crkc7069cu-mini-pc-asus-nuc-15-pro-core-7-240h-hasta-5-2-ghz-10-cores-6p4e-16gb-ddr5-5600-1tb-m-2-2x-hdmi-2-1-2x-thunderbolt-4-w11-pro-chasis-slim\/\" \/>\n<meta property=\"og:locale\" content=\"es_MX\" \/>\n<meta property=\"og:type\" content=\"article\" \/>\n<meta property=\"og:title\" content=\"[ Asus Oem ] &#129351; Rnuc15crkc7069cu Mini Pc Asus Nuc 15 Pro Core 7 240h Hasta 5.2 Ghz \/10 Cores (6p+4e) \/16gb Ddr5 5600 \/1tb M.2 \/2x Hdmi 2.1 \/2x Thunderbolt 4 \/w11 Pro \/chasis Slim\" \/>\n<meta property=\"og:description\" content=\"Compra Rnuc15crkc7069cu Mini Pc Asus Nuc 15 Pro Core 7 240h Hasta 5.2 Ghz \/10 Cores (6p+4e) \/16gb Ddr5 5600 \/1tb M.2 \/2x Hdmi 2.1 \/2x Thunderbolt 4 \/w11 Pro \/chasis Slim + Env\u00edo a domicilio + Pago seguro + Garant\u00eda\" \/>\n<meta property=\"og:url\" content=\"https:\/\/compuviper.mx\/tienda\/producto\/asus-oem-rnuc15crkc7069cu-mini-pc-asus-nuc-15-pro-core-7-240h-hasta-5-2-ghz-10-cores-6p4e-16gb-ddr5-5600-1tb-m-2-2x-hdmi-2-1-2x-thunderbolt-4-w11-pro-chasis-slim\/\" \/>\n<meta property=\"og:site_name\" content=\"Compuviper\" \/>\n<meta property=\"article:publisher\" content=\"https:\/\/www.facebook.com\/compuviper\" \/>\n<meta name=\"twitter:card\" content=\"summary_large_image\" \/>\n<meta name=\"twitter:label1\" content=\"Precio\" \/>\n\t<meta name=\"twitter:data1\" content=\"&#36;16,807 con IVA\" \/>\n\t<meta name=\"twitter:label2\" content=\"Availability\" \/>\n\t<meta name=\"twitter:data2\" content=\"In stock\" \/>\n<script type=\"application\/ld+json\" class=\"yoast-schema-graph\">{\"@context\":\"https:\/\/schema.org\",\"@graph\":[{\"@type\":\"WebPage\",\"@id\":\"https:\/\/compuviper.mx\/tienda\/producto\/asus-oem-rnuc15crkc7069cu-mini-pc-asus-nuc-15-pro-core-7-240h-hasta-5-2-ghz-10-cores-6p4e-16gb-ddr5-5600-1tb-m-2-2x-hdmi-2-1-2x-thunderbolt-4-w11-pro-chasis-slim\/\",\"url\":\"https:\/\/compuviper.mx\/tienda\/producto\/asus-oem-rnuc15crkc7069cu-mini-pc-asus-nuc-15-pro-core-7-240h-hasta-5-2-ghz-10-cores-6p4e-16gb-ddr5-5600-1tb-m-2-2x-hdmi-2-1-2x-thunderbolt-4-w11-pro-chasis-slim\/\",\"name\":\"[ Asus Oem ] &#129351; Rnuc15crkc7069cu Mini Pc Asus Nuc 15 Pro Core 7 240h Hasta 5.2 Ghz \/10 Cores (6p+4e) \/16gb Ddr5 5600 \/1tb M.2 \/2x Hdmi 2.1 \/2x Thunderbolt 4 \/w11 Pro \/chasis Slim\",\"isPartOf\":{\"@id\":\"https:\/\/compuviper.mx\/tienda\/#website\"},\"datePublished\":\"2026-04-18T07:35:14+00:00\",\"dateModified\":\"2026-04-18T07:35:14+00:00\",\"description\":\"Compra Rnuc15crkc7069cu Mini Pc Asus Nuc 15 Pro Core 7 240h Hasta 5.2 Ghz \/10 Cores (6p+4e) \/16gb Ddr5 5600 \/1tb M.2 \/2x Hdmi 2.1 \/2x Thunderbolt 4 \/w11 Pro \/chasis Slim + Env\u00edo a domicilio + Pago seguro + Garant\u00eda\",\"breadcrumb\":{\"@id\":\"https:\/\/compuviper.mx\/tienda\/producto\/asus-oem-rnuc15crkc7069cu-mini-pc-asus-nuc-15-pro-core-7-240h-hasta-5-2-ghz-10-cores-6p4e-16gb-ddr5-5600-1tb-m-2-2x-hdmi-2-1-2x-thunderbolt-4-w11-pro-chasis-slim\/#breadcrumb\"},\"inLanguage\":\"es-MX\",\"potentialAction\":[{\"@type\":\"ReadAction\",\"target\":[\"https:\/\/compuviper.mx\/tienda\/producto\/asus-oem-rnuc15crkc7069cu-mini-pc-asus-nuc-15-pro-core-7-240h-hasta-5-2-ghz-10-cores-6p4e-16gb-ddr5-5600-1tb-m-2-2x-hdmi-2-1-2x-thunderbolt-4-w11-pro-chasis-slim\/\"]}]},{\"@type\":\"BreadcrumbList\",\"@id\":\"https:\/\/compuviper.mx\/tienda\/producto\/asus-oem-rnuc15crkc7069cu-mini-pc-asus-nuc-15-pro-core-7-240h-hasta-5-2-ghz-10-cores-6p4e-16gb-ddr5-5600-1tb-m-2-2x-hdmi-2-1-2x-thunderbolt-4-w11-pro-chasis-slim\/#breadcrumb\",\"itemListElement\":[{\"@type\":\"ListItem\",\"position\":1,\"name\":\"Inicio\",\"item\":\"https:\/\/compuviper.mx\/tienda\/\"},{\"@type\":\"ListItem\",\"position\":2,\"name\":\"Productos\",\"item\":\"https:\/\/compuviper.mx\/tienda\/productos\/\"},{\"@type\":\"ListItem\",\"position\":3,\"name\":\"Computadoras\",\"item\":\"https:\/\/compuviper.mx\/tienda\/categoria-producto\/computadoras\/\"},{\"@type\":\"ListItem\",\"position\":4,\"name\":\"Mini Pc\u00b4s\",\"item\":\"https:\/\/compuviper.mx\/tienda\/categoria-producto\/computadoras\/mini-pcs\/\"},{\"@type\":\"ListItem\",\"position\":5,\"name\":\"Asus Oem Rnuc15crkc7069cu Mini Pc Asus Nuc 15 Pro Core 7 240h Hasta 5.2 Ghz \/10 Cores (6p+4e) \/16gb Ddr5 5600 \/1tb M.2 \/2x Hdmi 2.1 \/2x Thunderbolt 4 \/w11 Pro \/chasis Slim\"}]},{\"@type\":\"WebSite\",\"@id\":\"https:\/\/compuviper.mx\/tienda\/#website\",\"url\":\"https:\/\/compuviper.mx\/tienda\/\",\"name\":\"Compuviper\",\"description\":\"Proveedor de Computadoras, Laptops, Servidores, Monitores, Puntos de Venta, Teclados,   Impresoras, T\u00f3ner, C\u00e1maras de Seguridad y m\u00e1s en tu tienda en l\u00ednea\",\"publisher\":{\"@id\":\"https:\/\/compuviper.mx\/tienda\/#organization\"},\"potentialAction\":[{\"@type\":\"SearchAction\",\"target\":{\"@type\":\"EntryPoint\",\"urlTemplate\":\"https:\/\/compuviper.mx\/tienda\/?s={search_term_string}\"},\"query-input\":\"required name=search_term_string\"}],\"inLanguage\":\"es-MX\"},{\"@type\":\"Organization\",\"@id\":\"https:\/\/compuviper.mx\/tienda\/#organization\",\"name\":\"Compuviper\",\"url\":\"https:\/\/compuviper.mx\/tienda\/\",\"logo\":{\"@type\":\"ImageObject\",\"inLanguage\":\"es-MX\",\"@id\":\"https:\/\/compuviper.mx\/tienda\/#\/schema\/logo\/image\/\",\"url\":\"https:\/\/compuviper.mx\/tienda\/wp-content\/uploads\/2021\/08\/Logo-Compuviper-10.png\",\"contentUrl\":\"https:\/\/compuviper.mx\/tienda\/wp-content\/uploads\/2021\/08\/Logo-Compuviper-10.png\",\"width\":1000,\"height\":500,\"caption\":\"Compuviper\"},\"image\":{\"@id\":\"https:\/\/compuviper.mx\/tienda\/#\/schema\/logo\/image\/\"},\"sameAs\":[\"https:\/\/www.facebook.com\/compuviper\",\"https:\/\/www.youtube.com\/channel\/UCf73dERp9Y3cfOq7q8BhLjA?view_as=subscriber\"]}]}<\/script>\n<meta property=\"product:brand\" content=\"Asus Oem\" \/>\n<meta property=\"product:price:amount\" content=\"16807\" \/>\n<meta property=\"product:price:currency\" content=\"MXN\" \/>\n<meta property=\"og:availability\" content=\"instock\" \/>\n<meta property=\"product:availability\" content=\"instock\" \/>\n<meta property=\"product:retailer_item_id\" content=\"RNUC15CRKC7069CU\" \/>\n<meta property=\"product:condition\" content=\"new\" \/>\n<!-- \/ Yoast SEO plugin. -->","yoast_head_json":{"title":"[ Asus Oem ] &#129351; Rnuc15crkc7069cu Mini Pc Asus Nuc 15 Pro Core 7 240h Hasta 5.2 Ghz \/10 Cores (6p+4e) \/16gb Ddr5 5600 \/1tb M.2 \/2x Hdmi 2.1 \/2x Thunderbolt 4 \/w11 Pro \/chasis Slim","description":"Compra Rnuc15crkc7069cu Mini Pc Asus Nuc 15 Pro Core 7 240h Hasta 5.2 Ghz \/10 Cores (6p+4e) \/16gb Ddr5 5600 \/1tb M.2 \/2x Hdmi 2.1 \/2x Thunderbolt 4 \/w11 Pro \/chasis Slim + Env\u00edo a domicilio + Pago seguro + Garant\u00eda","robots":{"index":"index","follow":"follow","max-snippet":"max-snippet:-1","max-image-preview":"max-image-preview:large","max-video-preview":"max-video-preview:-1"},"canonical":"https:\/\/compuviper.mx\/tienda\/producto\/asus-oem-rnuc15crkc7069cu-mini-pc-asus-nuc-15-pro-core-7-240h-hasta-5-2-ghz-10-cores-6p4e-16gb-ddr5-5600-1tb-m-2-2x-hdmi-2-1-2x-thunderbolt-4-w11-pro-chasis-slim\/","og_locale":"es_MX","og_type":"article","og_title":"[ Asus Oem ] &#129351; Rnuc15crkc7069cu Mini Pc Asus Nuc 15 Pro Core 7 240h Hasta 5.2 Ghz \/10 Cores (6p+4e) \/16gb Ddr5 5600 \/1tb M.2 \/2x Hdmi 2.1 \/2x Thunderbolt 4 \/w11 Pro \/chasis Slim","og_description":"Compra Rnuc15crkc7069cu Mini Pc Asus Nuc 15 Pro Core 7 240h Hasta 5.2 Ghz \/10 Cores (6p+4e) \/16gb Ddr5 5600 \/1tb M.2 \/2x Hdmi 2.1 \/2x Thunderbolt 4 \/w11 Pro \/chasis Slim + Env\u00edo a domicilio + Pago seguro + Garant\u00eda","og_url":"https:\/\/compuviper.mx\/tienda\/producto\/asus-oem-rnuc15crkc7069cu-mini-pc-asus-nuc-15-pro-core-7-240h-hasta-5-2-ghz-10-cores-6p4e-16gb-ddr5-5600-1tb-m-2-2x-hdmi-2-1-2x-thunderbolt-4-w11-pro-chasis-slim\/","og_site_name":"Compuviper","article_publisher":"https:\/\/www.facebook.com\/compuviper","twitter_card":"summary_large_image","twitter_misc":{"Precio":"&#36;16,807 con IVA","Availability":"In stock"},"schema":{"@context":"https:\/\/schema.org","@graph":[{"@type":"WebPage","@id":"https:\/\/compuviper.mx\/tienda\/producto\/asus-oem-rnuc15crkc7069cu-mini-pc-asus-nuc-15-pro-core-7-240h-hasta-5-2-ghz-10-cores-6p4e-16gb-ddr5-5600-1tb-m-2-2x-hdmi-2-1-2x-thunderbolt-4-w11-pro-chasis-slim\/","url":"https:\/\/compuviper.mx\/tienda\/producto\/asus-oem-rnuc15crkc7069cu-mini-pc-asus-nuc-15-pro-core-7-240h-hasta-5-2-ghz-10-cores-6p4e-16gb-ddr5-5600-1tb-m-2-2x-hdmi-2-1-2x-thunderbolt-4-w11-pro-chasis-slim\/","name":"[ Asus Oem ] &#129351; Rnuc15crkc7069cu Mini Pc Asus Nuc 15 Pro Core 7 240h Hasta 5.2 Ghz \/10 Cores (6p+4e) \/16gb Ddr5 5600 \/1tb M.2 \/2x Hdmi 2.1 \/2x Thunderbolt 4 \/w11 Pro \/chasis Slim","isPartOf":{"@id":"https:\/\/compuviper.mx\/tienda\/#website"},"datePublished":"2026-04-18T07:35:14+00:00","dateModified":"2026-04-18T07:35:14+00:00","description":"Compra Rnuc15crkc7069cu Mini Pc Asus Nuc 15 Pro Core 7 240h Hasta 5.2 Ghz \/10 Cores (6p+4e) \/16gb Ddr5 5600 \/1tb M.2 \/2x Hdmi 2.1 \/2x Thunderbolt 4 \/w11 Pro \/chasis Slim + Env\u00edo a domicilio + Pago seguro + Garant\u00eda","breadcrumb":{"@id":"https:\/\/compuviper.mx\/tienda\/producto\/asus-oem-rnuc15crkc7069cu-mini-pc-asus-nuc-15-pro-core-7-240h-hasta-5-2-ghz-10-cores-6p4e-16gb-ddr5-5600-1tb-m-2-2x-hdmi-2-1-2x-thunderbolt-4-w11-pro-chasis-slim\/#breadcrumb"},"inLanguage":"es-MX","potentialAction":[{"@type":"ReadAction","target":["https:\/\/compuviper.mx\/tienda\/producto\/asus-oem-rnuc15crkc7069cu-mini-pc-asus-nuc-15-pro-core-7-240h-hasta-5-2-ghz-10-cores-6p4e-16gb-ddr5-5600-1tb-m-2-2x-hdmi-2-1-2x-thunderbolt-4-w11-pro-chasis-slim\/"]}]},{"@type":"BreadcrumbList","@id":"https:\/\/compuviper.mx\/tienda\/producto\/asus-oem-rnuc15crkc7069cu-mini-pc-asus-nuc-15-pro-core-7-240h-hasta-5-2-ghz-10-cores-6p4e-16gb-ddr5-5600-1tb-m-2-2x-hdmi-2-1-2x-thunderbolt-4-w11-pro-chasis-slim\/#breadcrumb","itemListElement":[{"@type":"ListItem","position":1,"name":"Inicio","item":"https:\/\/compuviper.mx\/tienda\/"},{"@type":"ListItem","position":2,"name":"Productos","item":"https:\/\/compuviper.mx\/tienda\/productos\/"},{"@type":"ListItem","position":3,"name":"Computadoras","item":"https:\/\/compuviper.mx\/tienda\/categoria-producto\/computadoras\/"},{"@type":"ListItem","position":4,"name":"Mini Pc\u00b4s","item":"https:\/\/compuviper.mx\/tienda\/categoria-producto\/computadoras\/mini-pcs\/"},{"@type":"ListItem","position":5,"name":"Asus Oem Rnuc15crkc7069cu Mini Pc Asus Nuc 15 Pro Core 7 240h Hasta 5.2 Ghz \/10 Cores (6p+4e) \/16gb Ddr5 5600 \/1tb M.2 \/2x Hdmi 2.1 \/2x Thunderbolt 4 \/w11 Pro \/chasis Slim"}]},{"@type":"WebSite","@id":"https:\/\/compuviper.mx\/tienda\/#website","url":"https:\/\/compuviper.mx\/tienda\/","name":"Compuviper","description":"Proveedor de Computadoras, Laptops, Servidores, Monitores, Puntos de Venta, Teclados,   Impresoras, T\u00f3ner, C\u00e1maras de Seguridad y m\u00e1s en tu tienda en l\u00ednea","publisher":{"@id":"https:\/\/compuviper.mx\/tienda\/#organization"},"potentialAction":[{"@type":"SearchAction","target":{"@type":"EntryPoint","urlTemplate":"https:\/\/compuviper.mx\/tienda\/?s={search_term_string}"},"query-input":"required name=search_term_string"}],"inLanguage":"es-MX"},{"@type":"Organization","@id":"https:\/\/compuviper.mx\/tienda\/#organization","name":"Compuviper","url":"https:\/\/compuviper.mx\/tienda\/","logo":{"@type":"ImageObject","inLanguage":"es-MX","@id":"https:\/\/compuviper.mx\/tienda\/#\/schema\/logo\/image\/","url":"https:\/\/compuviper.mx\/tienda\/wp-content\/uploads\/2021\/08\/Logo-Compuviper-10.png","contentUrl":"https:\/\/compuviper.mx\/tienda\/wp-content\/uploads\/2021\/08\/Logo-Compuviper-10.png","width":1000,"height":500,"caption":"Compuviper"},"image":{"@id":"https:\/\/compuviper.mx\/tienda\/#\/schema\/logo\/image\/"},"sameAs":["https:\/\/www.facebook.com\/compuviper","https:\/\/www.youtube.com\/channel\/UCf73dERp9Y3cfOq7q8BhLjA?view_as=subscriber"]}]},"product_brand":"Asus Oem","product_price_amount":"16807","product_price_currency":"MXN","og_availability":"instock","product_availability":"instock","product_retailer_item_id":"RNUC15CRKC7069CU","product_condition":"new"},"_links":{"self":[{"href":"https:\/\/compuviper.mx\/tienda\/wp-json\/wp\/v2\/product\/267305"}],"collection":[{"href":"https:\/\/compuviper.mx\/tienda\/wp-json\/wp\/v2\/product"}],"about":[{"href":"https:\/\/compuviper.mx\/tienda\/wp-json\/wp\/v2\/types\/product"}],"replies":[{"embeddable":true,"href":"https:\/\/compuviper.mx\/tienda\/wp-json\/wp\/v2\/comments?post=267305"}],"wp:attachment":[{"href":"https:\/\/compuviper.mx\/tienda\/wp-json\/wp\/v2\/media?parent=267305"}],"wp:term":[{"taxonomy":"product_cat","embeddable":true,"href":"https:\/\/compuviper.mx\/tienda\/wp-json\/wp\/v2\/product_cat?post=267305"},{"taxonomy":"product_tag","embeddable":true,"href":"https:\/\/compuviper.mx\/tienda\/wp-json\/wp\/v2\/product_tag?post=267305"}],"curies":[{"name":"wp","href":"https:\/\/api.w.org\/{rel}","templated":true}]}}