{"id":267303,"date":"2026-04-18T01:35:11","date_gmt":"2026-04-18T07:35:11","guid":{"rendered":"https:\/\/compuviper.mx\/tienda\/producto\/asus-oem-pn64-e1-sys585px1tl-mini-pc-asus-expertcenter-pn64-core-i5-13500h-12-cores-8gb-ddr5-4800-512gb-m-2-2x-hdmi-2x-thunderbolt-4-2x-lan-2-5g-w11-pro-incluye-mouse-y-teclado-ingles\/"},"modified":"2026-04-18T01:35:11","modified_gmt":"2026-04-18T07:35:11","slug":"asus-oem-pn64-e1-sys585px1tl-mini-pc-asus-expertcenter-pn64-core-i5-13500h-12-cores-8gb-ddr5-4800-512gb-m-2-2x-hdmi-2x-thunderbolt-4-2x-lan-2-5g-w11-pro-incluye-mouse-y-teclado-ingles","status":"publish","type":"product","link":"https:\/\/compuviper.mx\/tienda\/producto\/asus-oem-pn64-e1-sys585px1tl-mini-pc-asus-expertcenter-pn64-core-i5-13500h-12-cores-8gb-ddr5-4800-512gb-m-2-2x-hdmi-2x-thunderbolt-4-2x-lan-2-5g-w11-pro-incluye-mouse-y-teclado-ingles\/","title":{"rendered":"Asus Oem Pn64-e1-sys585px1tl Mini Pc Asus Expertcenter Pn64 Core I5 13500h \/12 Cores \/8gb Ddr5 4800 \/512gb M.2 \/2x Hdmi \/2x Thunderbolt 4 \/2x Lan 2.5g \/w11 Pro \/incluye Mouse Y Teclado Ingles"},"content":{"rendered":"<table class=\"descripcion\">\n<tr>\n<td>Asus expertcenter pn64-e1 \u0096 full system (l10)<\/td>\n<\/tr>\n<tr>\n<td>Sistema operativo windows 11 pro<\/td>\n<\/tr>\n<tr>\n<td>Procesador intel\u00ae core\u0099 i5-13500h hasta 4.70ghz (4 p-cores, 8 e-cores, 16 threads) 35w~95w tdp<\/td>\n<\/tr>\n<tr>\n<td>Chipset integrado<\/td>\n<\/tr>\n<tr>\n<td>Graficos integrado &#8211; intel\u00ae iris\u00ae xe graphics<\/td>\n<\/tr>\n<tr>\n<td>Memor\u00eda ram 8gb, so-dimm ddr5-4800mhz (1 x 8gb)<\/td>\n<\/tr>\n<tr>\n<td>Almacenamiento 512gb (m.2 2280 pcie g4x4 nvme\u0099 ssd)<\/td>\n<\/tr>\n<tr>\n<td>Red inalambrica intel\u00ae ax210 (gig+), wi-fi 6e, 2&#215;2 y bluetooth\u00ae 5.3<\/td>\n<\/tr>\n<tr>\n<td>Lan 2 x intel\u00ae i226-v 2.5g lan<\/td>\n<\/tr>\n<tr>\n<td>:::puertos frontales<\/td>\n<\/tr>\n<tr>\n<td>1 x thunderbolt\u0099 4 (5v\/3a, 40gbps)<\/td>\n<\/tr>\n<tr>\n<td>2 x usb 3.2 gen2 tipo-a (5v\/0.9a, 10gbps)<\/td>\n<\/tr>\n<tr>\n<td>1 x jack de audio (line out\/mic in\/headphone out)<\/td>\n<\/tr>\n<tr>\n<td>:::puertos posteriores<\/td>\n<\/tr>\n<tr>\n<td>1 x thunderbolt\u0099 4 (con dp1.4\/pd-in | 5v\/3a, 40gbps)<\/td>\n<\/tr>\n<tr>\n<td>1 x usb 3.2 gen2 tipo-a (5v\/0.9a, 10gbps)<\/td>\n<\/tr>\n<tr>\n<td>2 x usb 3.2 gen1 tipo-a (5v\/0.9a, 5gbps)<\/td>\n<\/tr>\n<tr>\n<td>2 x hdmi 2.1 (hasta 4k@60hz)<\/td>\n<\/tr>\n<tr>\n<td>2 x lan intel\u00ae i226-v 2.5 gbe 1 x padlock ring<\/td>\n<\/tr>\n<tr>\n<td>1 x dc-in puertos laterales<\/td>\n<\/tr>\n<tr>\n<td>1 x kensington lock slot (lateral)<\/td>\n<\/tr>\n<tr>\n<td>:::monitores soportados<\/td>\n<\/tr>\n<tr>\n<td>Hasta 4 monitores por medio de:<\/td>\n<\/tr>\n<tr>\n<td>2 x thunderbolt\u0099 4 (con displayport 1.4)<\/td>\n<\/tr>\n<tr>\n<td>2 x hdmi 2.1 (hasta 4k@60hz)<\/td>\n<\/tr>\n<tr>\n<td>Fuente de energ\u00eda adaptador de energ\u00eda de 120w (19vdc, 6.32a)<\/td>\n<\/tr>\n<tr>\n<td>Dimensiones 120 x 130 x 58 mm; (0.9l), 1.0kg<\/td>\n<\/tr>\n<tr>\n<td>:::accesorios<\/td>\n<\/tr>\n<tr>\n<td>Adaptador de ca y cable de alimentaci\u00f3n<\/td>\n<\/tr>\n<tr>\n<td>Tarjeta de garant\u00eda<\/td>\n<\/tr>\n<tr>\n<td>Gu\u00eda de inicio r\u00e1pido<\/td>\n<\/tr>\n<tr>\n<td>Montaje vesa<\/td>\n<\/tr>\n<tr>\n<td>Mouse y teclado al\u00e1mbrico en ingles<\/td>\n<\/tr>\n<tr>\n<td>Garant\u00eda 3 a\u00f1os<\/td>\n<\/tr>\n<\/table>\n","protected":false},"excerpt":{"rendered":"<p>Mini pc ultracompacta con procesador m\u00f3vil intel core de 13a generaci\u00f3n con graficos intel iris xe, compatible con cuatro pantallas y resoluci\u00f3n 4k, 2x pcie gen4 x4 m.2 nvme ssd, 2xlan de 2.5 gb, wifi 6e<\/p>\n","protected":false},"featured_media":0,"comment_status":"open","ping_status":"open","template":"","meta":[],"product_cat":[1971,1978],"product_tag":[2096],"acf":[],"yoast_head":"<!-- This site is optimized with the Yoast SEO plugin v21.7 - https:\/\/yoast.com\/wordpress\/plugins\/seo\/ -->\n<title>[ Asus Oem ] &#129351; Pn64-e1-sys585px1tl Mini Pc Asus Expertcenter Pn64 Core I5 13500h \/12 Cores \/8gb Ddr5 4800 \/512gb M.2 \/2x Hdmi \/2x Thunderbolt 4 \/2x Lan 2.5g \/w11 Pro \/incluye Mouse Y Teclado Ingles<\/title>\n<meta name=\"description\" content=\"Compra Pn64-e1-sys585px1tl Mini Pc Asus Expertcenter Pn64 Core I5 13500h \/12 Cores \/8gb Ddr5 4800 \/512gb M.2 \/2x Hdmi \/2x Thunderbolt 4 \/2x Lan 2.5g \/w11 Pro \/incluye Mouse Y Teclado Ingles + Env\u00edo a domicilio + Pago seguro + Garant\u00eda\" \/>\n<meta name=\"robots\" content=\"index, follow, max-snippet:-1, max-image-preview:large, max-video-preview:-1\" \/>\n<link rel=\"canonical\" href=\"https:\/\/compuviper.mx\/tienda\/producto\/asus-oem-pn64-e1-sys585px1tl-mini-pc-asus-expertcenter-pn64-core-i5-13500h-12-cores-8gb-ddr5-4800-512gb-m-2-2x-hdmi-2x-thunderbolt-4-2x-lan-2-5g-w11-pro-incluye-mouse-y-teclado-ingles\/\" \/>\n<meta property=\"og:locale\" content=\"es_MX\" \/>\n<meta property=\"og:type\" content=\"article\" \/>\n<meta property=\"og:title\" content=\"[ Asus Oem ] &#129351; Pn64-e1-sys585px1tl Mini Pc Asus Expertcenter Pn64 Core I5 13500h \/12 Cores \/8gb Ddr5 4800 \/512gb M.2 \/2x Hdmi \/2x Thunderbolt 4 \/2x Lan 2.5g \/w11 Pro \/incluye Mouse Y Teclado Ingles\" \/>\n<meta property=\"og:description\" content=\"Compra Pn64-e1-sys585px1tl Mini Pc Asus Expertcenter Pn64 Core I5 13500h \/12 Cores \/8gb Ddr5 4800 \/512gb M.2 \/2x Hdmi \/2x Thunderbolt 4 \/2x Lan 2.5g \/w11 Pro \/incluye Mouse Y Teclado Ingles + Env\u00edo a domicilio + Pago seguro + Garant\u00eda\" \/>\n<meta property=\"og:url\" content=\"https:\/\/compuviper.mx\/tienda\/producto\/asus-oem-pn64-e1-sys585px1tl-mini-pc-asus-expertcenter-pn64-core-i5-13500h-12-cores-8gb-ddr5-4800-512gb-m-2-2x-hdmi-2x-thunderbolt-4-2x-lan-2-5g-w11-pro-incluye-mouse-y-teclado-ingles\/\" \/>\n<meta property=\"og:site_name\" content=\"Compuviper\" \/>\n<meta property=\"article:publisher\" content=\"https:\/\/www.facebook.com\/compuviper\" \/>\n<meta name=\"twitter:card\" content=\"summary_large_image\" \/>\n<meta name=\"twitter:label1\" content=\"Precio\" \/>\n\t<meta name=\"twitter:data1\" content=\"&#36;12,985 con IVA\" \/>\n\t<meta name=\"twitter:label2\" content=\"Availability\" \/>\n\t<meta name=\"twitter:data2\" content=\"In stock\" \/>\n<script type=\"application\/ld+json\" class=\"yoast-schema-graph\">{\"@context\":\"https:\/\/schema.org\",\"@graph\":[{\"@type\":\"WebPage\",\"@id\":\"https:\/\/compuviper.mx\/tienda\/producto\/asus-oem-pn64-e1-sys585px1tl-mini-pc-asus-expertcenter-pn64-core-i5-13500h-12-cores-8gb-ddr5-4800-512gb-m-2-2x-hdmi-2x-thunderbolt-4-2x-lan-2-5g-w11-pro-incluye-mouse-y-teclado-ingles\/\",\"url\":\"https:\/\/compuviper.mx\/tienda\/producto\/asus-oem-pn64-e1-sys585px1tl-mini-pc-asus-expertcenter-pn64-core-i5-13500h-12-cores-8gb-ddr5-4800-512gb-m-2-2x-hdmi-2x-thunderbolt-4-2x-lan-2-5g-w11-pro-incluye-mouse-y-teclado-ingles\/\",\"name\":\"[ Asus Oem ] &#129351; Pn64-e1-sys585px1tl Mini Pc Asus Expertcenter Pn64 Core I5 13500h \/12 Cores \/8gb Ddr5 4800 \/512gb M.2 \/2x Hdmi \/2x Thunderbolt 4 \/2x Lan 2.5g \/w11 Pro \/incluye Mouse Y Teclado Ingles\",\"isPartOf\":{\"@id\":\"https:\/\/compuviper.mx\/tienda\/#website\"},\"datePublished\":\"2026-04-18T07:35:11+00:00\",\"dateModified\":\"2026-04-18T07:35:11+00:00\",\"description\":\"Compra Pn64-e1-sys585px1tl Mini Pc Asus Expertcenter Pn64 Core I5 13500h \/12 Cores \/8gb Ddr5 4800 \/512gb M.2 \/2x Hdmi \/2x Thunderbolt 4 \/2x Lan 2.5g \/w11 Pro \/incluye Mouse Y Teclado Ingles + Env\u00edo a domicilio + Pago seguro + Garant\u00eda\",\"breadcrumb\":{\"@id\":\"https:\/\/compuviper.mx\/tienda\/producto\/asus-oem-pn64-e1-sys585px1tl-mini-pc-asus-expertcenter-pn64-core-i5-13500h-12-cores-8gb-ddr5-4800-512gb-m-2-2x-hdmi-2x-thunderbolt-4-2x-lan-2-5g-w11-pro-incluye-mouse-y-teclado-ingles\/#breadcrumb\"},\"inLanguage\":\"es-MX\",\"potentialAction\":[{\"@type\":\"ReadAction\",\"target\":[\"https:\/\/compuviper.mx\/tienda\/producto\/asus-oem-pn64-e1-sys585px1tl-mini-pc-asus-expertcenter-pn64-core-i5-13500h-12-cores-8gb-ddr5-4800-512gb-m-2-2x-hdmi-2x-thunderbolt-4-2x-lan-2-5g-w11-pro-incluye-mouse-y-teclado-ingles\/\"]}]},{\"@type\":\"BreadcrumbList\",\"@id\":\"https:\/\/compuviper.mx\/tienda\/producto\/asus-oem-pn64-e1-sys585px1tl-mini-pc-asus-expertcenter-pn64-core-i5-13500h-12-cores-8gb-ddr5-4800-512gb-m-2-2x-hdmi-2x-thunderbolt-4-2x-lan-2-5g-w11-pro-incluye-mouse-y-teclado-ingles\/#breadcrumb\",\"itemListElement\":[{\"@type\":\"ListItem\",\"position\":1,\"name\":\"Inicio\",\"item\":\"https:\/\/compuviper.mx\/tienda\/\"},{\"@type\":\"ListItem\",\"position\":2,\"name\":\"Productos\",\"item\":\"https:\/\/compuviper.mx\/tienda\/productos\/\"},{\"@type\":\"ListItem\",\"position\":3,\"name\":\"Computadoras\",\"item\":\"https:\/\/compuviper.mx\/tienda\/categoria-producto\/computadoras\/\"},{\"@type\":\"ListItem\",\"position\":4,\"name\":\"Mini Pc\u00b4s\",\"item\":\"https:\/\/compuviper.mx\/tienda\/categoria-producto\/computadoras\/mini-pcs\/\"},{\"@type\":\"ListItem\",\"position\":5,\"name\":\"Asus Oem Pn64-e1-sys585px1tl Mini Pc Asus Expertcenter Pn64 Core I5 13500h \/12 Cores \/8gb Ddr5 4800 \/512gb M.2 \/2x Hdmi \/2x Thunderbolt 4 \/2x Lan 2.5g \/w11 Pro \/incluye Mouse Y Teclado Ingles\"}]},{\"@type\":\"WebSite\",\"@id\":\"https:\/\/compuviper.mx\/tienda\/#website\",\"url\":\"https:\/\/compuviper.mx\/tienda\/\",\"name\":\"Compuviper\",\"description\":\"Proveedor de Computadoras, Laptops, Servidores, Monitores, Puntos de Venta, Teclados,   Impresoras, T\u00f3ner, C\u00e1maras de Seguridad y m\u00e1s en tu tienda en l\u00ednea\",\"publisher\":{\"@id\":\"https:\/\/compuviper.mx\/tienda\/#organization\"},\"potentialAction\":[{\"@type\":\"SearchAction\",\"target\":{\"@type\":\"EntryPoint\",\"urlTemplate\":\"https:\/\/compuviper.mx\/tienda\/?s={search_term_string}\"},\"query-input\":\"required name=search_term_string\"}],\"inLanguage\":\"es-MX\"},{\"@type\":\"Organization\",\"@id\":\"https:\/\/compuviper.mx\/tienda\/#organization\",\"name\":\"Compuviper\",\"url\":\"https:\/\/compuviper.mx\/tienda\/\",\"logo\":{\"@type\":\"ImageObject\",\"inLanguage\":\"es-MX\",\"@id\":\"https:\/\/compuviper.mx\/tienda\/#\/schema\/logo\/image\/\",\"url\":\"https:\/\/compuviper.mx\/tienda\/wp-content\/uploads\/2021\/08\/Logo-Compuviper-10.png\",\"contentUrl\":\"https:\/\/compuviper.mx\/tienda\/wp-content\/uploads\/2021\/08\/Logo-Compuviper-10.png\",\"width\":1000,\"height\":500,\"caption\":\"Compuviper\"},\"image\":{\"@id\":\"https:\/\/compuviper.mx\/tienda\/#\/schema\/logo\/image\/\"},\"sameAs\":[\"https:\/\/www.facebook.com\/compuviper\",\"https:\/\/www.youtube.com\/channel\/UCf73dERp9Y3cfOq7q8BhLjA?view_as=subscriber\"]}]}<\/script>\n<meta property=\"product:brand\" content=\"Asus Oem\" \/>\n<meta property=\"product:price:amount\" content=\"12985\" \/>\n<meta property=\"product:price:currency\" content=\"MXN\" \/>\n<meta property=\"og:availability\" content=\"instock\" \/>\n<meta property=\"product:availability\" content=\"instock\" \/>\n<meta property=\"product:retailer_item_id\" content=\"PN64-E1-SYS585PX1TL\" \/>\n<meta property=\"product:condition\" content=\"new\" \/>\n<!-- \/ Yoast SEO plugin. -->","yoast_head_json":{"title":"[ Asus Oem ] &#129351; Pn64-e1-sys585px1tl Mini Pc Asus Expertcenter Pn64 Core I5 13500h \/12 Cores \/8gb Ddr5 4800 \/512gb M.2 \/2x Hdmi \/2x Thunderbolt 4 \/2x Lan 2.5g \/w11 Pro \/incluye Mouse Y Teclado Ingles","description":"Compra Pn64-e1-sys585px1tl Mini Pc Asus Expertcenter Pn64 Core I5 13500h \/12 Cores \/8gb Ddr5 4800 \/512gb M.2 \/2x Hdmi \/2x Thunderbolt 4 \/2x Lan 2.5g \/w11 Pro \/incluye Mouse Y Teclado Ingles + Env\u00edo a domicilio + Pago seguro + Garant\u00eda","robots":{"index":"index","follow":"follow","max-snippet":"max-snippet:-1","max-image-preview":"max-image-preview:large","max-video-preview":"max-video-preview:-1"},"canonical":"https:\/\/compuviper.mx\/tienda\/producto\/asus-oem-pn64-e1-sys585px1tl-mini-pc-asus-expertcenter-pn64-core-i5-13500h-12-cores-8gb-ddr5-4800-512gb-m-2-2x-hdmi-2x-thunderbolt-4-2x-lan-2-5g-w11-pro-incluye-mouse-y-teclado-ingles\/","og_locale":"es_MX","og_type":"article","og_title":"[ Asus Oem ] &#129351; Pn64-e1-sys585px1tl Mini Pc Asus Expertcenter Pn64 Core I5 13500h \/12 Cores \/8gb Ddr5 4800 \/512gb M.2 \/2x Hdmi \/2x Thunderbolt 4 \/2x Lan 2.5g \/w11 Pro \/incluye Mouse Y Teclado Ingles","og_description":"Compra Pn64-e1-sys585px1tl Mini Pc Asus Expertcenter Pn64 Core I5 13500h \/12 Cores \/8gb Ddr5 4800 \/512gb M.2 \/2x Hdmi \/2x Thunderbolt 4 \/2x Lan 2.5g \/w11 Pro \/incluye Mouse Y Teclado Ingles + Env\u00edo a domicilio + Pago seguro + Garant\u00eda","og_url":"https:\/\/compuviper.mx\/tienda\/producto\/asus-oem-pn64-e1-sys585px1tl-mini-pc-asus-expertcenter-pn64-core-i5-13500h-12-cores-8gb-ddr5-4800-512gb-m-2-2x-hdmi-2x-thunderbolt-4-2x-lan-2-5g-w11-pro-incluye-mouse-y-teclado-ingles\/","og_site_name":"Compuviper","article_publisher":"https:\/\/www.facebook.com\/compuviper","twitter_card":"summary_large_image","twitter_misc":{"Precio":"&#36;12,985 con IVA","Availability":"In stock"},"schema":{"@context":"https:\/\/schema.org","@graph":[{"@type":"WebPage","@id":"https:\/\/compuviper.mx\/tienda\/producto\/asus-oem-pn64-e1-sys585px1tl-mini-pc-asus-expertcenter-pn64-core-i5-13500h-12-cores-8gb-ddr5-4800-512gb-m-2-2x-hdmi-2x-thunderbolt-4-2x-lan-2-5g-w11-pro-incluye-mouse-y-teclado-ingles\/","url":"https:\/\/compuviper.mx\/tienda\/producto\/asus-oem-pn64-e1-sys585px1tl-mini-pc-asus-expertcenter-pn64-core-i5-13500h-12-cores-8gb-ddr5-4800-512gb-m-2-2x-hdmi-2x-thunderbolt-4-2x-lan-2-5g-w11-pro-incluye-mouse-y-teclado-ingles\/","name":"[ Asus Oem ] &#129351; Pn64-e1-sys585px1tl Mini Pc Asus Expertcenter Pn64 Core I5 13500h \/12 Cores \/8gb Ddr5 4800 \/512gb M.2 \/2x Hdmi \/2x Thunderbolt 4 \/2x Lan 2.5g \/w11 Pro \/incluye Mouse Y Teclado Ingles","isPartOf":{"@id":"https:\/\/compuviper.mx\/tienda\/#website"},"datePublished":"2026-04-18T07:35:11+00:00","dateModified":"2026-04-18T07:35:11+00:00","description":"Compra Pn64-e1-sys585px1tl Mini Pc Asus Expertcenter Pn64 Core I5 13500h \/12 Cores \/8gb Ddr5 4800 \/512gb M.2 \/2x Hdmi \/2x Thunderbolt 4 \/2x Lan 2.5g \/w11 Pro \/incluye Mouse Y Teclado Ingles + Env\u00edo a domicilio + Pago seguro + Garant\u00eda","breadcrumb":{"@id":"https:\/\/compuviper.mx\/tienda\/producto\/asus-oem-pn64-e1-sys585px1tl-mini-pc-asus-expertcenter-pn64-core-i5-13500h-12-cores-8gb-ddr5-4800-512gb-m-2-2x-hdmi-2x-thunderbolt-4-2x-lan-2-5g-w11-pro-incluye-mouse-y-teclado-ingles\/#breadcrumb"},"inLanguage":"es-MX","potentialAction":[{"@type":"ReadAction","target":["https:\/\/compuviper.mx\/tienda\/producto\/asus-oem-pn64-e1-sys585px1tl-mini-pc-asus-expertcenter-pn64-core-i5-13500h-12-cores-8gb-ddr5-4800-512gb-m-2-2x-hdmi-2x-thunderbolt-4-2x-lan-2-5g-w11-pro-incluye-mouse-y-teclado-ingles\/"]}]},{"@type":"BreadcrumbList","@id":"https:\/\/compuviper.mx\/tienda\/producto\/asus-oem-pn64-e1-sys585px1tl-mini-pc-asus-expertcenter-pn64-core-i5-13500h-12-cores-8gb-ddr5-4800-512gb-m-2-2x-hdmi-2x-thunderbolt-4-2x-lan-2-5g-w11-pro-incluye-mouse-y-teclado-ingles\/#breadcrumb","itemListElement":[{"@type":"ListItem","position":1,"name":"Inicio","item":"https:\/\/compuviper.mx\/tienda\/"},{"@type":"ListItem","position":2,"name":"Productos","item":"https:\/\/compuviper.mx\/tienda\/productos\/"},{"@type":"ListItem","position":3,"name":"Computadoras","item":"https:\/\/compuviper.mx\/tienda\/categoria-producto\/computadoras\/"},{"@type":"ListItem","position":4,"name":"Mini Pc\u00b4s","item":"https:\/\/compuviper.mx\/tienda\/categoria-producto\/computadoras\/mini-pcs\/"},{"@type":"ListItem","position":5,"name":"Asus Oem Pn64-e1-sys585px1tl Mini Pc Asus Expertcenter Pn64 Core I5 13500h \/12 Cores \/8gb Ddr5 4800 \/512gb M.2 \/2x Hdmi \/2x Thunderbolt 4 \/2x Lan 2.5g \/w11 Pro \/incluye Mouse Y Teclado Ingles"}]},{"@type":"WebSite","@id":"https:\/\/compuviper.mx\/tienda\/#website","url":"https:\/\/compuviper.mx\/tienda\/","name":"Compuviper","description":"Proveedor de Computadoras, Laptops, Servidores, Monitores, Puntos de Venta, Teclados,   Impresoras, T\u00f3ner, C\u00e1maras de Seguridad y m\u00e1s en tu tienda en l\u00ednea","publisher":{"@id":"https:\/\/compuviper.mx\/tienda\/#organization"},"potentialAction":[{"@type":"SearchAction","target":{"@type":"EntryPoint","urlTemplate":"https:\/\/compuviper.mx\/tienda\/?s={search_term_string}"},"query-input":"required name=search_term_string"}],"inLanguage":"es-MX"},{"@type":"Organization","@id":"https:\/\/compuviper.mx\/tienda\/#organization","name":"Compuviper","url":"https:\/\/compuviper.mx\/tienda\/","logo":{"@type":"ImageObject","inLanguage":"es-MX","@id":"https:\/\/compuviper.mx\/tienda\/#\/schema\/logo\/image\/","url":"https:\/\/compuviper.mx\/tienda\/wp-content\/uploads\/2021\/08\/Logo-Compuviper-10.png","contentUrl":"https:\/\/compuviper.mx\/tienda\/wp-content\/uploads\/2021\/08\/Logo-Compuviper-10.png","width":1000,"height":500,"caption":"Compuviper"},"image":{"@id":"https:\/\/compuviper.mx\/tienda\/#\/schema\/logo\/image\/"},"sameAs":["https:\/\/www.facebook.com\/compuviper","https:\/\/www.youtube.com\/channel\/UCf73dERp9Y3cfOq7q8BhLjA?view_as=subscriber"]}]},"product_brand":"Asus Oem","product_price_amount":"12985","product_price_currency":"MXN","og_availability":"instock","product_availability":"instock","product_retailer_item_id":"PN64-E1-SYS585PX1TL","product_condition":"new"},"_links":{"self":[{"href":"https:\/\/compuviper.mx\/tienda\/wp-json\/wp\/v2\/product\/267303"}],"collection":[{"href":"https:\/\/compuviper.mx\/tienda\/wp-json\/wp\/v2\/product"}],"about":[{"href":"https:\/\/compuviper.mx\/tienda\/wp-json\/wp\/v2\/types\/product"}],"replies":[{"embeddable":true,"href":"https:\/\/compuviper.mx\/tienda\/wp-json\/wp\/v2\/comments?post=267303"}],"wp:attachment":[{"href":"https:\/\/compuviper.mx\/tienda\/wp-json\/wp\/v2\/media?parent=267303"}],"wp:term":[{"taxonomy":"product_cat","embeddable":true,"href":"https:\/\/compuviper.mx\/tienda\/wp-json\/wp\/v2\/product_cat?post=267303"},{"taxonomy":"product_tag","embeddable":true,"href":"https:\/\/compuviper.mx\/tienda\/wp-json\/wp\/v2\/product_tag?post=267303"}],"curies":[{"name":"wp","href":"https:\/\/api.w.org\/{rel}","templated":true}]}}