{"id":267296,"date":"2026-04-25T00:40:27","date_gmt":"2026-04-25T06:40:27","guid":{"rendered":"https:\/\/compuviper.mx\/tienda\/producto\/asus-oem-prime-x870-p-wifi-mb-asus-x870-amd-s-am5-9a-gen-4x-ddr5-5000-hdmi-4x-m-2-9x-usb3-2-usb-c-wifi-7-bluetooth-atx-gama-alta\/"},"modified":"2026-04-26T00:00:20","modified_gmt":"2026-04-26T06:00:20","slug":"asus-oem-prime-x870-p-wifi-mb-asus-x870-amd-s-am5-9a-gen-4x-ddr5-5000-hdmi-4x-m-2-9x-usb3-2-usb-c-wifi-7-bluetooth-atx-gama-alta","status":"publish","type":"product","link":"https:\/\/compuviper.mx\/tienda\/producto\/asus-oem-prime-x870-p-wifi-mb-asus-x870-amd-s-am5-9a-gen-4x-ddr5-5000-hdmi-4x-m-2-9x-usb3-2-usb-c-wifi-7-bluetooth-atx-gama-alta\/","title":{"rendered":"Asus Oem Prime X870-p Wifi Mb Asus X870 Amd S-am5 9a Gen\/4x Ddr5 5000\/hdmi\/4x M.2\/9x Usb3.2\/usb-c\/wifi 7\/bluetooth\/atx\/gama Alta"},"content":{"rendered":"<table class=\"descripcion\">\n<tr>\n<td>Model<\/td>\n<\/tr>\n<tr>\n<td>Prime x870-p wifi<\/td>\n<\/tr>\n<tr>\n<td>News  and  updates<\/td>\n<\/tr>\n<tr>\n<td>Please refer to the global product page at the following link for the latest news and specifications.<\/td>\n<\/tr>\n<tr>\n<td>Https:\/\/www.asus.com\/motherboards-components\/motherboards\/prime\/prime-x870-p-wifi\/techspec\/<\/td>\n<\/tr>\n<tr>\n<td>Cpu<\/td>\n<\/tr>\n<tr>\n<td>Amd socket am5 for amd ryzen\u0099 9000  and  8000  and  7000 series desktop processors*<\/td>\n<\/tr>\n<tr>\n<td>* refer to https:\/\/www.asus.com\/support\/download-center\/ for cpu support list.<\/td>\n<\/tr>\n<tr>\n<td>Chipset<\/td>\n<\/tr>\n<tr>\n<td>Amd x870 chipset<\/td>\n<\/tr>\n<tr>\n<td>Memoria<\/td>\n<\/tr>\n<tr>\n<td>4 x dimm slots, max. 192gb, ddr5<\/td>\n<\/tr>\n<tr>\n<td>Supports up to 8000+mt\/s(oc) with ryzen\u0099 9000  and  8000  and  7000 series processors<\/td>\n<\/tr>\n<tr>\n<td>Ecc and non-ecc, un-buffered dimm*<\/td>\n<\/tr>\n<tr>\n<td>Dual channel memory architecture<\/td>\n<\/tr>\n<tr>\n<td>Supports amd extended profiles for overclocking (expo\u0099)<\/td>\n<\/tr>\n<tr>\n<td>Asus enhanced memory profile (aemp)<\/td>\n<\/tr>\n<tr>\n<td>* adjustments will be made based on the specifications of mass-produced memory products available on the market.<\/td>\n<\/tr>\n<tr>\n<td>* supported memory types, data rate (speed), and number of dram modules vary depending on the cpu and memory configuration, for more information please refer to cpu\/memory support list under the support tab of product information site or visit https:\/\/www.asus.com\/support\/download-center\/.<\/td>\n<\/tr>\n<tr>\n<td>* non-ecc, un-buffered ddr5 memory supports on-die ecc function.<\/td>\n<\/tr>\n<tr>\n<td>Gr\u00e1ficos<\/td>\n<\/tr>\n<tr>\n<td>1 x hdmi\u0099 port**<\/td>\n<\/tr>\n<tr>\n<td>2 x usb4\u00ae (40gbps) ports support usb type-c\u00ae display outputs***<\/td>\n<\/tr>\n<tr>\n<td>* graphics specifications may vary between cpu types. please refer to amd cpu specifications.<\/td>\n<\/tr>\n<tr>\n<td>** supports 4k@60hz as specified in hdmi 2.1.<\/td>\n<\/tr>\n<tr>\n<td>*** supports max. 4k@60hz as specified in displayport 1.4a.<\/td>\n<\/tr>\n<tr>\n<td>**** vga resolution support depends on processors or graphic cards resolution.<\/td>\n<\/tr>\n<tr>\n<td>Ranuras de expansi\u00f3n<\/td>\n<\/tr>\n<tr>\n<td>Amd ryzen\u0099 9000  and  7000 series desktop processors*<\/td>\n<\/tr>\n<tr>\n<td>1 x pcie 5.0 x16 slot (supports x16 mode)<\/td>\n<\/tr>\n<tr>\n<td>Amd ryzen\u0099 8000 series desktop processors<\/td>\n<\/tr>\n<tr>\n<td>1 x pcie 4.0 x16 slot (supports x8\/x4 mode)**<\/td>\n<\/tr>\n<tr>\n<td>Amd x870 chipset<\/td>\n<\/tr>\n<tr>\n<td>3 x pcie 4.0 x16 slots (support x1 mode)***<\/td>\n<\/tr>\n<tr>\n<td>* please check the pcie bifurcation table on the support site (https:\/\/www.asus.com\/support\/faq\/1037507\/).<\/td>\n<\/tr>\n<tr>\n<td>** specifications vary by cpu types.<\/td>\n<\/tr>\n<tr>\n<td>*** pciex16(g4)_1 shares bandwidth with m.2_2. pciex16(g4)_1 will be disabled when m.2_2 runs.<\/td>\n<\/tr>\n<tr>\n<td>*** pciex16(g4)_2 and pciex16(g4)_3 share bandwidth with m.2_3. pciex16(g4)_2 and pciex16(g4)_3 will be disabled when m.2_3 runs.<\/td>\n<\/tr>\n<tr>\n<td>&#8211; to ensure compatibility of the device installed, please refer to https:\/\/www.asus.com\/support\/download-center\/ for the list of supported peripherals.<\/td>\n<\/tr>\n<tr>\n<td>Almacenamiento<\/td>\n<\/tr>\n<tr>\n<td>Supports 4 x m.2 slots and 2 x sata 6gb\/s ports*<\/td>\n<\/tr>\n<tr>\n<td>Amd ryzen\u0099 9000  and  7000 series desktop processors<\/td>\n<\/tr>\n<tr>\n<td>M.2_1 slot (key m), type 2280 (supports pcie 5.0 x4 mode)<\/td>\n<\/tr>\n<tr>\n<td>Amd ryzen\u0099 8000 series desktop processors<\/td>\n<\/tr>\n<tr>\n<td>M.2_1 slot (key m), type 2280 (supports pcie 4.0 x4 mode)<\/td>\n<\/tr>\n<tr>\n<td>Amd x870 chipset<\/td>\n<\/tr>\n<tr>\n<td>M.2_2 slot (key m), type 2242\/2260\/2280 (supports pcie 4.0 x4 mode)**<\/td>\n<\/tr>\n<tr>\n<td>M.2_3 slot (key m), type 2280 (supports pcie 4.0 x4 mode)***<\/td>\n<\/tr>\n<tr>\n<td>M.2_4 slot (key m), type 2280 (supports pcie 3.0 x2 mode)****<\/td>\n<\/tr>\n<tr>\n<td>2 x sata 6gb\/s ports****<\/td>\n<\/tr>\n<tr>\n<td>* amd raidxpert2 technology supports both pcie raid 0\/1\/5\/10 and sata raid 0\/1. raid 5 function is only supported by amd ryzen\u0099 9000 series cpu.<\/td>\n<\/tr>\n<tr>\n<td>** pciex16(g4)_1 shares bandwidth with m.2_2. pciex16(g4)_1 will be disabled when m.2_2 runs.<\/td>\n<\/tr>\n<tr>\n<td>*** pciex16(g4)_2 and pciex16(g4)_3 share bandwidth with m.2_3. pciex16(g4)_2 and pciex16(g4)_3 will be disabled when m.2_3 runs.<\/td>\n<\/tr>\n<tr>\n<td>**** m.2_4 shares bandwidth with sata6g_1 and sata6g_2. m.2_4 will be disabled when sata6g_1 or sata6g_2 runs.<\/td>\n<\/tr>\n<tr>\n<td>Ethernet<\/td>\n<\/tr>\n<tr>\n<td>1 x realtek 2.5gb ethernet<\/td>\n<\/tr>\n<tr>\n<td>Asus languard<\/td>\n<\/tr>\n<tr>\n<td>Wifi  and  bluetooth<\/td>\n<\/tr>\n<tr>\n<td>Wi-fi 7*<\/td>\n<\/tr>\n<tr>\n<td>2&#215;2 wi-fi 7 (802.11be)<\/td>\n<\/tr>\n<tr>\n<td>Supports 2.4\/5\/6ghz frequency band**<\/td>\n<\/tr>\n<tr>\n<td>Supports wi-fi 7 160mhz bandwidth, up to 2.9gbps transfer rate.<\/td>\n<\/tr>\n<tr>\n<td>Bluetooth\u00ae v5.4***<\/td>\n<\/tr>\n<tr>\n<td>*wi-fi features may vary depending on the operating system<\/td>\n<\/tr>\n<tr>\n<td>For windows 11, wi-fi 7 will require  24h2 or later version for full functions, windows 11 21h2\/22h2\/23h2 only support wi-fi 6e.<\/td>\n<\/tr>\n<tr>\n<td>For windows 10, please note that no driver is available , please refer to the wi-fi chipset vendors website for details.<\/td>\n<\/tr>\n<tr>\n<td>** wi-fi 6ghz frequency band and bandwidth regulatory may vary between countries.<\/td>\n<\/tr>\n<tr>\n<td>*** the bluetooth\u00ae version may vary, please refer to the wi-fi module manufacturers website for the latest specifications.<\/td>\n<\/tr>\n<tr>\n<td>Usb<\/td>\n<\/tr>\n<tr>\n<td>Rear usb (total 10 ports)<\/td>\n<\/tr>\n<tr>\n<td>2 x usb4\u00ae (40gbps) ports (2 x usb type-c\u00ae)<\/td>\n<\/tr>\n<tr>\n<td>1 x usb 10gbps port (1 x type-a)<\/td>\n<\/tr>\n<tr>\n<td>3 x usb 5gbps ports (3 x type-a)<\/td>\n<\/tr>\n<tr>\n<td>4 x usb 2.0 ports (4 x type-a)<\/td>\n<\/tr>\n<tr>\n<td>Front usb (total 7 ports)<\/td>\n<\/tr>\n<tr>\n<td>1 x usb 10gbps connector (supports usb type-c\u00ae)<\/td>\n<\/tr>\n<tr>\n<td>1 x usb 5gbps header supports 2 additional usb 5gbps ports<\/td>\n<\/tr>\n<tr>\n<td>2 x usb 2.0 headers support 4 additional usb 2.0 ports<\/td>\n<\/tr>\n<tr>\n<td>* usb type-c\u00ae power delivery output: max. 5v\/3a<\/td>\n<\/tr>\n<tr>\n<td>Audio<\/td>\n<\/tr>\n<tr>\n<td>Realtek 7.1 surround sound high definition audio codec*<\/td>\n<\/tr>\n<tr>\n<td>&#8211; supports: jack-detection, multi-streaming, front panel jack-retasking<\/td>\n<\/tr>\n<tr>\n<td>&#8211; supports up to 24-bit\/192 khz playback<\/td>\n<\/tr>\n<tr>\n<td>Audio features<\/td>\n<\/tr>\n<tr>\n<td>&#8211; audio shielding<\/td>\n<\/tr>\n<tr>\n<td>&#8211; premium audio capacitors<\/td>\n<\/tr>\n<tr>\n<td>&#8211; dedicated audio pcb layers<\/td>\n<\/tr>\n<tr>\n<td>* a chassis with an hd audio module in the front panel is required to support 7.1 surround sound audio output.<\/td>\n<\/tr>\n<tr>\n<td>Puertos e\/s traseros<\/td>\n<\/tr>\n<tr>\n<td>2 x usb4\u00ae (40gbps) ports (2 x usb type-c\u00ae)<\/td>\n<\/tr>\n<tr>\n<td>1 x usb 10gbps port (1 x type-a)<\/td>\n<\/tr>\n<tr>\n<td>3 x usb 5gbps ports (3 x type-a)<\/td>\n<\/tr>\n<tr>\n<td>4 x usb 2.0 ports (4 x type-a)<\/td>\n<\/tr>\n<tr>\n<td>1 x hdmi\u0099 port<\/td>\n<\/tr>\n<tr>\n<td>1 x wi-fi module<\/td>\n<\/tr>\n<tr>\n<td>1 x realtek 2.5gb ethernet port<\/td>\n<\/tr>\n<tr>\n<td>3 x audio jacks<\/td>\n<\/tr>\n<tr>\n<td>1 x bios flashback\u0099 button<\/td>\n<\/tr>\n<tr>\n<td>Puertos e\/s internos<\/td>\n<\/tr>\n<tr>\n<td>Fan and cooling related<\/td>\n<\/tr>\n<tr>\n<td>1 x 4-pin cpu fan header<\/td>\n<\/tr>\n<tr>\n<td>1 x 4-pin cpu opt fan header<\/td>\n<\/tr>\n<tr>\n<td>1 x 4-pin aio pump header<\/td>\n<\/tr>\n<tr>\n<td>4 x 4-pin chassis fan headers<\/td>\n<\/tr>\n<tr>\n<td>Power related<\/td>\n<\/tr>\n<tr>\n<td>1 x 24-pin main power connector<\/td>\n<\/tr>\n<tr>\n<td>2 x 8-pin +12v cpu power connectors<\/td>\n<\/tr>\n<tr>\n<td>Storage related<\/td>\n<\/tr>\n<tr>\n<td>4 x m.2 slots (key m)<\/td>\n<\/tr>\n<tr>\n<td>2 x sata 6gb\/s ports<\/td>\n<\/tr>\n<tr>\n<td>Usb<\/td>\n<\/tr>\n<tr>\n<td>1 x usb 10gbps connector (supports usb type-c\u00ae)<\/td>\n<\/tr>\n<tr>\n<td>1 x usb 5gbps header supports 2 additional usb 5gbps ports<\/td>\n<\/tr>\n<tr>\n<td>2 x usb 2.0 headers support 4 additional usb 2.0 ports<\/td>\n<\/tr>\n<tr>\n<td>Miscellaneous<\/td>\n<\/tr>\n<tr>\n<td>3 x addressable gen 2 headers<\/td>\n<\/tr>\n<tr>\n<td>1 x clear cmos header<\/td>\n<\/tr>\n<tr>\n<td>1 x com port header<\/td>\n<\/tr>\n<tr>\n<td>1 x front panel audio header (f_audio)<\/td>\n<\/tr>\n<tr>\n<td>1 x s\/pdif out header<\/td>\n<\/tr>\n<tr>\n<td>1 x spi tpm header (14-1 pin)<\/td>\n<\/tr>\n<tr>\n<td>1 x 10-1 pin system panel header<\/td>\n<\/tr>\n<tr>\n<td>Tecnolog\u00edas especiales<\/td>\n<\/tr>\n<tr>\n<td>Asus 5x protection iii<\/td>\n<\/tr>\n<tr>\n<td>&#8211; digi+ vrm (- digital power design with drmos)<\/td>\n<\/tr>\n<tr>\n<td>&#8211; languard<\/td>\n<\/tr>\n<tr>\n<td>&#8211; overvoltage protection<\/td>\n<\/tr>\n<tr>\n<td>&#8211; safeslot<\/td>\n<\/tr>\n<tr>\n<td>&#8211; stainless-steel back i\/o<\/td>\n<\/tr>\n<tr>\n<td>Asus q-design<\/td>\n<\/tr>\n<tr>\n<td>&#8211; m.2 q-latch<\/td>\n<\/tr>\n<tr>\n<td>&#8211; pcie slot q-release<\/td>\n<\/tr>\n<tr>\n<td>&#8211; q-antenna<\/td>\n<\/tr>\n<tr>\n<td>&#8211; q-dashboard<\/td>\n<\/tr>\n<tr>\n<td>&#8211; q-dimm<\/td>\n<\/tr>\n<tr>\n<td>&#8211; q-led core<\/td>\n<\/tr>\n<tr>\n<td>&#8211; q-slot<\/td>\n<\/tr>\n<tr>\n<td>Asus thermal solution<\/td>\n<\/tr>\n<tr>\n<td>&#8211; flexible m.2 heatsink<\/td>\n<\/tr>\n<tr>\n<td>&#8211; vrm heatsink design<\/td>\n<\/tr>\n<tr>\n<td>Asus ez diy<\/td>\n<\/tr>\n<tr>\n<td>&#8211; bios flashback\u0099 button<\/td>\n<\/tr>\n<tr>\n<td>&#8211; bios flashback\u0099 led<\/td>\n<\/tr>\n<tr>\n<td>&#8211; procool<\/td>\n<\/tr>\n<tr>\n<td>&#8211; pre-mounted i\/o shield<\/td>\n<\/tr>\n<tr>\n<td>&#8211; safeslot<\/td>\n<\/tr>\n<tr>\n<td>Aura sync<\/td>\n<\/tr>\n<tr>\n<td>&#8211; addressable gen 2 headers<\/td>\n<\/tr>\n<tr>\n<td>Software<\/td>\n<\/tr>\n<tr>\n<td>Asus exclusive software<\/td>\n<\/tr>\n<tr>\n<td>Armoury crate<\/td>\n<\/tr>\n<tr>\n<td>&#8211; aura creator<\/td>\n<\/tr>\n<tr>\n<td>&#8211; aura sync<\/td>\n<\/tr>\n<tr>\n<td>&#8211; fan xpert 4 (with ai cooling ii)<\/td>\n<\/tr>\n<tr>\n<td>&#8211; power saving<\/td>\n<\/tr>\n<tr>\n<td>Asus driverhub<\/td>\n<\/tr>\n<tr>\n<td>Asus glidex<\/td>\n<\/tr>\n<tr>\n<td>Turbov core<\/td>\n<\/tr>\n<tr>\n<td>Asus cpu-z<\/td>\n<\/tr>\n<tr>\n<td>Norton 360 deluxe (60 days free trial)<\/td>\n<\/tr>\n<tr>\n<td>Winrar (40 days free trial)<\/td>\n<\/tr>\n<tr>\n<td>Uefi bios<\/td>\n<\/tr>\n<tr>\n<td>Asus ez diy<\/td>\n<\/tr>\n<tr>\n<td>&#8211; asus crashfree bios 3<\/td>\n<\/tr>\n<tr>\n<td>&#8211; asus ez flash 3<\/td>\n<\/tr>\n<tr>\n<td>&#8211; asus uefi bios ez mode<\/td>\n<\/tr>\n<tr>\n<td>&#8211; asus myhotkey<\/td>\n<\/tr>\n<tr>\n<td>Bios<\/td>\n<\/tr>\n<tr>\n<td>256 mb flash rom, uefi ami bios<\/td>\n<\/tr>\n<tr>\n<td>Manejabilidad<\/td>\n<\/tr>\n<tr>\n<td>Wol by pme, pxe<\/td>\n<\/tr>\n<tr>\n<td>Accesorios<\/td>\n<\/tr>\n<tr>\n<td>Cables<\/td>\n<\/tr>\n<tr>\n<td>2 x sata 6gb\/s cables<\/td>\n<\/tr>\n<tr>\n<td>Miscellaneous<\/td>\n<\/tr>\n<tr>\n<td>1 x asus wifi q-antenna<\/td>\n<\/tr>\n<tr>\n<td>1 x m.2 rubber package<\/td>\n<\/tr>\n<tr>\n<td>2 x screw packages for m.2 ssd<\/td>\n<\/tr>\n<tr>\n<td>Documentation<\/td>\n<\/tr>\n<tr>\n<td>1 x quick start guide<\/td>\n<\/tr>\n<tr>\n<td>Sistema operativo<\/td>\n<\/tr>\n<tr>\n<td>Windows 11<\/td>\n<\/tr>\n<tr>\n<td>Factor de forma<\/td>\n<\/tr>\n<tr>\n<td>Atx form factor<\/td>\n<\/tr>\n<tr>\n<td>12 inch x 9.6 inch ( 30.5 cm x 24.4 cm )<\/td>\n<\/tr>\n<\/table>\n","protected":false},"excerpt":{"rendered":"<p>Prime x870-p wifi. Las placas base asus prime serie est\u00e1n dise\u00f1adas por expertos para liberar todo el potencial de los procesadores amd ryzen\u0099 serie 9000. Con un dise\u00f1o de potencia robusta, soluciones de enfriamiento integral y opciones de sintonizaci\u00f3n inteligentes, la placa madre prime x870-p wifi ofrece a los usuarios y constructores de pc una gama de optimizaciones de rendimiento a trav\u00e9s de funciones intuitivas de software y firmware. Est\u00e1 dise\u00f1ado para estar preparado para pc con ia avanzada, ofreciendo la potencia y la conectividad necesarias para aplicaciones de ia exigentes.<\/p>\n","protected":false},"featured_media":267297,"comment_status":"open","ping_status":"open","template":"","meta":[],"product_cat":[2240,1727],"product_tag":[2096],"acf":[],"yoast_head":"<!-- This site is optimized with the Yoast SEO plugin v21.7 - https:\/\/yoast.com\/wordpress\/plugins\/seo\/ -->\n<title>[ Asus Oem ] &#129351; Prime X870-p Wifi Mb Asus X870 Amd S-am5 9a Gen\/4x Ddr5 5000\/hdmi\/4x M.2\/9x Usb3.2\/usb-c\/wifi 7\/bluetooth\/atx\/gama Alta<\/title>\n<meta name=\"description\" content=\"Compra Prime X870-p Wifi Mb Asus X870 Amd S-am5 9a Gen\/4x Ddr5 5000\/hdmi\/4x M.2\/9x Usb3.2\/usb-c\/wifi 7\/bluetooth\/atx\/gama Alta + Env\u00edo a domicilio + Pago seguro + Garant\u00eda\" \/>\n<meta name=\"robots\" content=\"index, follow, max-snippet:-1, max-image-preview:large, max-video-preview:-1\" \/>\n<link rel=\"canonical\" href=\"https:\/\/compuviper.mx\/tienda\/producto\/asus-oem-prime-x870-p-wifi-mb-asus-x870-amd-s-am5-9a-gen-4x-ddr5-5000-hdmi-4x-m-2-9x-usb3-2-usb-c-wifi-7-bluetooth-atx-gama-alta\/\" \/>\n<meta property=\"og:locale\" content=\"es_MX\" \/>\n<meta property=\"og:type\" content=\"article\" \/>\n<meta property=\"og:title\" content=\"[ Asus Oem ] &#129351; Prime X870-p Wifi Mb Asus X870 Amd S-am5 9a Gen\/4x Ddr5 5000\/hdmi\/4x M.2\/9x Usb3.2\/usb-c\/wifi 7\/bluetooth\/atx\/gama Alta\" \/>\n<meta property=\"og:description\" content=\"Compra Prime X870-p Wifi Mb Asus X870 Amd S-am5 9a Gen\/4x Ddr5 5000\/hdmi\/4x M.2\/9x Usb3.2\/usb-c\/wifi 7\/bluetooth\/atx\/gama Alta + Env\u00edo a domicilio + Pago seguro + Garant\u00eda\" \/>\n<meta property=\"og:url\" content=\"https:\/\/compuviper.mx\/tienda\/producto\/asus-oem-prime-x870-p-wifi-mb-asus-x870-amd-s-am5-9a-gen-4x-ddr5-5000-hdmi-4x-m-2-9x-usb3-2-usb-c-wifi-7-bluetooth-atx-gama-alta\/\" \/>\n<meta property=\"og:site_name\" content=\"Compuviper\" \/>\n<meta property=\"article:publisher\" content=\"https:\/\/www.facebook.com\/compuviper\" \/>\n<meta property=\"article:modified_time\" content=\"2026-04-26T06:00:20+00:00\" \/>\n<meta property=\"og:image\" content=\"https:\/\/compuviper.mx\/tienda\/wp-content\/uploads\/2026\/02\/Mb-asus-x870-amd-s-am5-9a-gen4x-ddr5-5000hdmi4x-m.29x-usb3.2usb-cwifi-7bluetoothatxgama-alta.jpg\" \/>\n\t<meta property=\"og:image:width\" content=\"200\" \/>\n\t<meta property=\"og:image:height\" content=\"200\" \/>\n\t<meta property=\"og:image:type\" content=\"image\/jpeg\" \/>\n<meta name=\"twitter:card\" content=\"summary_large_image\" \/>\n<meta name=\"twitter:label1\" content=\"Precio\" \/>\n\t<meta name=\"twitter:data1\" content=\"&#36;3,830 con IVA\" \/>\n\t<meta name=\"twitter:label2\" content=\"Availability\" \/>\n\t<meta name=\"twitter:data2\" content=\"In stock\" \/>\n<script type=\"application\/ld+json\" class=\"yoast-schema-graph\">{\"@context\":\"https:\/\/schema.org\",\"@graph\":[{\"@type\":\"WebPage\",\"@id\":\"https:\/\/compuviper.mx\/tienda\/producto\/asus-oem-prime-x870-p-wifi-mb-asus-x870-amd-s-am5-9a-gen-4x-ddr5-5000-hdmi-4x-m-2-9x-usb3-2-usb-c-wifi-7-bluetooth-atx-gama-alta\/\",\"url\":\"https:\/\/compuviper.mx\/tienda\/producto\/asus-oem-prime-x870-p-wifi-mb-asus-x870-amd-s-am5-9a-gen-4x-ddr5-5000-hdmi-4x-m-2-9x-usb3-2-usb-c-wifi-7-bluetooth-atx-gama-alta\/\",\"name\":\"[ Asus Oem ] &#129351; Prime X870-p Wifi Mb Asus X870 Amd S-am5 9a Gen\/4x Ddr5 5000\/hdmi\/4x M.2\/9x Usb3.2\/usb-c\/wifi 7\/bluetooth\/atx\/gama Alta\",\"isPartOf\":{\"@id\":\"https:\/\/compuviper.mx\/tienda\/#website\"},\"datePublished\":\"2026-04-25T06:40:27+00:00\",\"dateModified\":\"2026-04-26T06:00:20+00:00\",\"description\":\"Compra Prime X870-p Wifi Mb Asus X870 Amd S-am5 9a Gen\/4x Ddr5 5000\/hdmi\/4x M.2\/9x Usb3.2\/usb-c\/wifi 7\/bluetooth\/atx\/gama Alta + Env\u00edo a domicilio + Pago seguro + Garant\u00eda\",\"breadcrumb\":{\"@id\":\"https:\/\/compuviper.mx\/tienda\/producto\/asus-oem-prime-x870-p-wifi-mb-asus-x870-amd-s-am5-9a-gen-4x-ddr5-5000-hdmi-4x-m-2-9x-usb3-2-usb-c-wifi-7-bluetooth-atx-gama-alta\/#breadcrumb\"},\"inLanguage\":\"es-MX\",\"potentialAction\":[{\"@type\":\"ReadAction\",\"target\":[\"https:\/\/compuviper.mx\/tienda\/producto\/asus-oem-prime-x870-p-wifi-mb-asus-x870-amd-s-am5-9a-gen-4x-ddr5-5000-hdmi-4x-m-2-9x-usb3-2-usb-c-wifi-7-bluetooth-atx-gama-alta\/\"]}]},{\"@type\":\"BreadcrumbList\",\"@id\":\"https:\/\/compuviper.mx\/tienda\/producto\/asus-oem-prime-x870-p-wifi-mb-asus-x870-amd-s-am5-9a-gen-4x-ddr5-5000-hdmi-4x-m-2-9x-usb3-2-usb-c-wifi-7-bluetooth-atx-gama-alta\/#breadcrumb\",\"itemListElement\":[{\"@type\":\"ListItem\",\"position\":1,\"name\":\"Inicio\",\"item\":\"https:\/\/compuviper.mx\/tienda\/\"},{\"@type\":\"ListItem\",\"position\":2,\"name\":\"Productos\",\"item\":\"https:\/\/compuviper.mx\/tienda\/productos\/\"},{\"@type\":\"ListItem\",\"position\":3,\"name\":\"Tarjeta Madre\",\"item\":\"https:\/\/compuviper.mx\/tienda\/categoria-producto\/tarjeta-madre\/\"},{\"@type\":\"ListItem\",\"position\":4,\"name\":\"Socket Am5\",\"item\":\"https:\/\/compuviper.mx\/tienda\/categoria-producto\/tarjeta-madre\/socket-am5\/\"},{\"@type\":\"ListItem\",\"position\":5,\"name\":\"Asus Oem Prime X870-p Wifi Mb Asus X870 Amd S-am5 9a Gen\/4x Ddr5 5000\/hdmi\/4x M.2\/9x Usb3.2\/usb-c\/wifi 7\/bluetooth\/atx\/gama Alta\"}]},{\"@type\":\"WebSite\",\"@id\":\"https:\/\/compuviper.mx\/tienda\/#website\",\"url\":\"https:\/\/compuviper.mx\/tienda\/\",\"name\":\"Compuviper\",\"description\":\"Proveedor de Computadoras, Laptops, Servidores, Monitores, Puntos de Venta, Teclados,   Impresoras, T\u00f3ner, C\u00e1maras de Seguridad y m\u00e1s en tu tienda en l\u00ednea\",\"publisher\":{\"@id\":\"https:\/\/compuviper.mx\/tienda\/#organization\"},\"potentialAction\":[{\"@type\":\"SearchAction\",\"target\":{\"@type\":\"EntryPoint\",\"urlTemplate\":\"https:\/\/compuviper.mx\/tienda\/?s={search_term_string}\"},\"query-input\":\"required name=search_term_string\"}],\"inLanguage\":\"es-MX\"},{\"@type\":\"Organization\",\"@id\":\"https:\/\/compuviper.mx\/tienda\/#organization\",\"name\":\"Compuviper\",\"url\":\"https:\/\/compuviper.mx\/tienda\/\",\"logo\":{\"@type\":\"ImageObject\",\"inLanguage\":\"es-MX\",\"@id\":\"https:\/\/compuviper.mx\/tienda\/#\/schema\/logo\/image\/\",\"url\":\"https:\/\/compuviper.mx\/tienda\/wp-content\/uploads\/2021\/08\/Logo-Compuviper-10.png\",\"contentUrl\":\"https:\/\/compuviper.mx\/tienda\/wp-content\/uploads\/2021\/08\/Logo-Compuviper-10.png\",\"width\":1000,\"height\":500,\"caption\":\"Compuviper\"},\"image\":{\"@id\":\"https:\/\/compuviper.mx\/tienda\/#\/schema\/logo\/image\/\"},\"sameAs\":[\"https:\/\/www.facebook.com\/compuviper\",\"https:\/\/www.youtube.com\/channel\/UCf73dERp9Y3cfOq7q8BhLjA?view_as=subscriber\"]}]}<\/script>\n<meta property=\"product:brand\" content=\"Asus Oem\" \/>\n<meta property=\"product:price:amount\" content=\"3830\" \/>\n<meta property=\"product:price:currency\" content=\"MXN\" \/>\n<meta property=\"og:availability\" content=\"instock\" \/>\n<meta property=\"product:availability\" content=\"instock\" \/>\n<meta property=\"product:retailer_item_id\" content=\"PRIME X870-P WIFI\" \/>\n<meta property=\"product:condition\" content=\"new\" \/>\n<!-- \/ Yoast SEO plugin. -->","yoast_head_json":{"title":"[ Asus Oem ] &#129351; Prime X870-p Wifi Mb Asus X870 Amd S-am5 9a Gen\/4x Ddr5 5000\/hdmi\/4x M.2\/9x Usb3.2\/usb-c\/wifi 7\/bluetooth\/atx\/gama Alta","description":"Compra Prime X870-p Wifi Mb Asus X870 Amd S-am5 9a Gen\/4x Ddr5 5000\/hdmi\/4x M.2\/9x Usb3.2\/usb-c\/wifi 7\/bluetooth\/atx\/gama Alta + Env\u00edo a domicilio + Pago seguro + Garant\u00eda","robots":{"index":"index","follow":"follow","max-snippet":"max-snippet:-1","max-image-preview":"max-image-preview:large","max-video-preview":"max-video-preview:-1"},"canonical":"https:\/\/compuviper.mx\/tienda\/producto\/asus-oem-prime-x870-p-wifi-mb-asus-x870-amd-s-am5-9a-gen-4x-ddr5-5000-hdmi-4x-m-2-9x-usb3-2-usb-c-wifi-7-bluetooth-atx-gama-alta\/","og_locale":"es_MX","og_type":"article","og_title":"[ Asus Oem ] &#129351; Prime X870-p Wifi Mb Asus X870 Amd S-am5 9a Gen\/4x Ddr5 5000\/hdmi\/4x M.2\/9x Usb3.2\/usb-c\/wifi 7\/bluetooth\/atx\/gama Alta","og_description":"Compra Prime X870-p Wifi Mb Asus X870 Amd S-am5 9a Gen\/4x Ddr5 5000\/hdmi\/4x M.2\/9x Usb3.2\/usb-c\/wifi 7\/bluetooth\/atx\/gama Alta + Env\u00edo a domicilio + Pago seguro + Garant\u00eda","og_url":"https:\/\/compuviper.mx\/tienda\/producto\/asus-oem-prime-x870-p-wifi-mb-asus-x870-amd-s-am5-9a-gen-4x-ddr5-5000-hdmi-4x-m-2-9x-usb3-2-usb-c-wifi-7-bluetooth-atx-gama-alta\/","og_site_name":"Compuviper","article_publisher":"https:\/\/www.facebook.com\/compuviper","article_modified_time":"2026-04-26T06:00:20+00:00","og_image":[{"width":200,"height":200,"url":"https:\/\/compuviper.mx\/tienda\/wp-content\/uploads\/2026\/02\/Mb-asus-x870-amd-s-am5-9a-gen4x-ddr5-5000hdmi4x-m.29x-usb3.2usb-cwifi-7bluetoothatxgama-alta.jpg","type":"image\/jpeg"}],"twitter_card":"summary_large_image","twitter_misc":{"Precio":"&#36;3,830 con IVA","Availability":"In stock"},"schema":{"@context":"https:\/\/schema.org","@graph":[{"@type":"WebPage","@id":"https:\/\/compuviper.mx\/tienda\/producto\/asus-oem-prime-x870-p-wifi-mb-asus-x870-amd-s-am5-9a-gen-4x-ddr5-5000-hdmi-4x-m-2-9x-usb3-2-usb-c-wifi-7-bluetooth-atx-gama-alta\/","url":"https:\/\/compuviper.mx\/tienda\/producto\/asus-oem-prime-x870-p-wifi-mb-asus-x870-amd-s-am5-9a-gen-4x-ddr5-5000-hdmi-4x-m-2-9x-usb3-2-usb-c-wifi-7-bluetooth-atx-gama-alta\/","name":"[ Asus Oem ] &#129351; Prime X870-p Wifi Mb Asus X870 Amd S-am5 9a Gen\/4x Ddr5 5000\/hdmi\/4x M.2\/9x Usb3.2\/usb-c\/wifi 7\/bluetooth\/atx\/gama Alta","isPartOf":{"@id":"https:\/\/compuviper.mx\/tienda\/#website"},"datePublished":"2026-04-25T06:40:27+00:00","dateModified":"2026-04-26T06:00:20+00:00","description":"Compra Prime X870-p Wifi Mb Asus X870 Amd S-am5 9a Gen\/4x Ddr5 5000\/hdmi\/4x M.2\/9x Usb3.2\/usb-c\/wifi 7\/bluetooth\/atx\/gama Alta + Env\u00edo a domicilio + Pago seguro + Garant\u00eda","breadcrumb":{"@id":"https:\/\/compuviper.mx\/tienda\/producto\/asus-oem-prime-x870-p-wifi-mb-asus-x870-amd-s-am5-9a-gen-4x-ddr5-5000-hdmi-4x-m-2-9x-usb3-2-usb-c-wifi-7-bluetooth-atx-gama-alta\/#breadcrumb"},"inLanguage":"es-MX","potentialAction":[{"@type":"ReadAction","target":["https:\/\/compuviper.mx\/tienda\/producto\/asus-oem-prime-x870-p-wifi-mb-asus-x870-amd-s-am5-9a-gen-4x-ddr5-5000-hdmi-4x-m-2-9x-usb3-2-usb-c-wifi-7-bluetooth-atx-gama-alta\/"]}]},{"@type":"BreadcrumbList","@id":"https:\/\/compuviper.mx\/tienda\/producto\/asus-oem-prime-x870-p-wifi-mb-asus-x870-amd-s-am5-9a-gen-4x-ddr5-5000-hdmi-4x-m-2-9x-usb3-2-usb-c-wifi-7-bluetooth-atx-gama-alta\/#breadcrumb","itemListElement":[{"@type":"ListItem","position":1,"name":"Inicio","item":"https:\/\/compuviper.mx\/tienda\/"},{"@type":"ListItem","position":2,"name":"Productos","item":"https:\/\/compuviper.mx\/tienda\/productos\/"},{"@type":"ListItem","position":3,"name":"Tarjeta Madre","item":"https:\/\/compuviper.mx\/tienda\/categoria-producto\/tarjeta-madre\/"},{"@type":"ListItem","position":4,"name":"Socket Am5","item":"https:\/\/compuviper.mx\/tienda\/categoria-producto\/tarjeta-madre\/socket-am5\/"},{"@type":"ListItem","position":5,"name":"Asus Oem Prime X870-p Wifi Mb Asus X870 Amd S-am5 9a Gen\/4x Ddr5 5000\/hdmi\/4x M.2\/9x Usb3.2\/usb-c\/wifi 7\/bluetooth\/atx\/gama Alta"}]},{"@type":"WebSite","@id":"https:\/\/compuviper.mx\/tienda\/#website","url":"https:\/\/compuviper.mx\/tienda\/","name":"Compuviper","description":"Proveedor de Computadoras, Laptops, Servidores, Monitores, Puntos de Venta, Teclados,   Impresoras, T\u00f3ner, C\u00e1maras de Seguridad y m\u00e1s en tu tienda en l\u00ednea","publisher":{"@id":"https:\/\/compuviper.mx\/tienda\/#organization"},"potentialAction":[{"@type":"SearchAction","target":{"@type":"EntryPoint","urlTemplate":"https:\/\/compuviper.mx\/tienda\/?s={search_term_string}"},"query-input":"required name=search_term_string"}],"inLanguage":"es-MX"},{"@type":"Organization","@id":"https:\/\/compuviper.mx\/tienda\/#organization","name":"Compuviper","url":"https:\/\/compuviper.mx\/tienda\/","logo":{"@type":"ImageObject","inLanguage":"es-MX","@id":"https:\/\/compuviper.mx\/tienda\/#\/schema\/logo\/image\/","url":"https:\/\/compuviper.mx\/tienda\/wp-content\/uploads\/2021\/08\/Logo-Compuviper-10.png","contentUrl":"https:\/\/compuviper.mx\/tienda\/wp-content\/uploads\/2021\/08\/Logo-Compuviper-10.png","width":1000,"height":500,"caption":"Compuviper"},"image":{"@id":"https:\/\/compuviper.mx\/tienda\/#\/schema\/logo\/image\/"},"sameAs":["https:\/\/www.facebook.com\/compuviper","https:\/\/www.youtube.com\/channel\/UCf73dERp9Y3cfOq7q8BhLjA?view_as=subscriber"]}]},"product_brand":"Asus Oem","product_price_amount":"3830","product_price_currency":"MXN","og_availability":"instock","product_availability":"instock","product_retailer_item_id":"PRIME X870-P WIFI","product_condition":"new"},"_links":{"self":[{"href":"https:\/\/compuviper.mx\/tienda\/wp-json\/wp\/v2\/product\/267296"}],"collection":[{"href":"https:\/\/compuviper.mx\/tienda\/wp-json\/wp\/v2\/product"}],"about":[{"href":"https:\/\/compuviper.mx\/tienda\/wp-json\/wp\/v2\/types\/product"}],"replies":[{"embeddable":true,"href":"https:\/\/compuviper.mx\/tienda\/wp-json\/wp\/v2\/comments?post=267296"}],"wp:featuredmedia":[{"embeddable":true,"href":"https:\/\/compuviper.mx\/tienda\/wp-json\/wp\/v2\/media\/267297"}],"wp:attachment":[{"href":"https:\/\/compuviper.mx\/tienda\/wp-json\/wp\/v2\/media?parent=267296"}],"wp:term":[{"taxonomy":"product_cat","embeddable":true,"href":"https:\/\/compuviper.mx\/tienda\/wp-json\/wp\/v2\/product_cat?post=267296"},{"taxonomy":"product_tag","embeddable":true,"href":"https:\/\/compuviper.mx\/tienda\/wp-json\/wp\/v2\/product_tag?post=267296"}],"curies":[{"name":"wp","href":"https:\/\/api.w.org\/{rel}","templated":true}]}}