{"id":267295,"date":"2026-04-02T23:13:52","date_gmt":"2026-04-03T05:13:52","guid":{"rendered":"https:\/\/compuviper.mx\/tienda\/producto\/patriot-p210s512g25814914026816-unidad-de-estado-solido-interno-p210-512gb-2-5-sata-lect-520-escrit-430-mbs-7mm-pc-laptop-minipc-sin-bracket\/"},"modified":"2026-04-03T00:00:37","modified_gmt":"2026-04-03T06:00:37","slug":"patriot-p210s512g25814914026816-unidad-de-estado-solido-interno-p210-512gb-2-5-sata-lect-520-escrit-430-mbs-7mm-pc-laptop-minipc-sin-bracket","status":"publish","type":"product","link":"https:\/\/compuviper.mx\/tienda\/producto\/patriot-p210s512g25814914026816-unidad-de-estado-solido-interno-p210-512gb-2-5-sata-lect-520-escrit-430-mbs-7mm-pc-laptop-minipc-sin-bracket\/","title":{"rendered":"Patriot P210s512g25,814914026816 Unidad De Estado Solido Interno  P210 512gb 2.5 Sata Lect.520 Escrit.430 Mbs 7mm Pc Laptop Minipc Sin Bracket"},"content":{"rendered":"<table class=\"descripcion\">\n<tr>\n<td>Marca  and #8206;patriot memory<\/td>\n<\/tr>\n<tr>\n<td>Color  and #8206;negro &#8211;<\/td>\n<\/tr>\n<tr>\n<td>Factor de forma  and #8206;2,5 pulgadas<\/td>\n<\/tr>\n<tr>\n<td>Ancho del producto  and #8206;6,96 centimeters<\/td>\n<\/tr>\n<tr>\n<td>Tama\u00f1o de la unidad de disco duro  and #8206;512 gb<\/td>\n<\/tr>\n<tr>\n<td>Descripci\u00f3n del disco duro  and #8206;unidad de estado s\u00f3lido<\/td>\n<\/tr>\n<tr>\n<td>Interfaz de la unidad de disco duro  and #8206;solid state<\/td>\n<\/tr>\n<tr>\n<td>Voltaje  and #8206;1 voltios<\/td>\n<\/tr>\n<tr>\n<td>Vataje  and #8206;3600<\/td>\n<\/tr>\n<tr>\n<td>Plataforma de hardware  and #8206;pc<\/td>\n<\/tr>\n<tr>\n<td>Bater\u00edas incluidas  and #8206;no<\/td>\n<\/tr>\n<tr>\n<td>Empaque de la bater\u00eda de litio  and #8206;solo bater\u00edas<\/td>\n<\/tr>\n<tr>\n<td>N\u00famero de celdas de iones de litio  and #8206;1<\/td>\n<\/tr>\n<tr>\n<td>N\u00famero de celdas de litio met\u00e1lico  and #8206;1<\/td>\n<\/tr>\n<tr>\n<td>Dimensiones del producto 10 x 6,96 x 0,7 cm; 46 g<\/td>\n<\/tr>\n<tr>\n<td>N\u00famero de modelo del producto p210s2tb25<\/td>\n<\/tr>\n<tr>\n<td>Garantia 3 a\u00f1os<\/td>\n<\/tr>\n<\/table>\n","protected":false},"excerpt":{"rendered":"<p>El ssd p210 sata iii de 2,5 de pr\u00f3xima generaci\u00f3n de atriot es. Dise\u00f1ado con el \u00faltimo controlador sata 3, capaz de. Entregando capacidades de hasta 2tb. Esta rentable. La unidad de estado s\u00f3lido es ideal para condensar m\u00e1s datos en un. Espacio m\u00e1s peque\u00f1o, proporcion\u00e1ndole la tecnolog\u00eda para f\u00e1cilmente. Guarda todo lo que necesitas. El p210 de patriot mejora tu. El rendimiento del sistema con m\u00e1s almacenamiento que nunca.<\/p>\n","protected":false},"featured_media":0,"comment_status":"open","ping_status":"open","template":"","meta":[],"product_cat":[1703,1708],"product_tag":[2121],"acf":[],"yoast_head":"<!-- This site is optimized with the Yoast SEO plugin v21.7 - https:\/\/yoast.com\/wordpress\/plugins\/seo\/ -->\n<title>[ Patriot ] &#129351; P210s512g25,814914026816 Unidad De Estado Solido Interno P210 512gb 2.5 Sata Lect.520 Escrit.430 Mbs 7mm Pc Laptop Minipc Sin Bracket<\/title>\n<meta name=\"description\" content=\"Compra P210s512g25,814914026816 Unidad De Estado Solido Interno P210 512gb 2.5 Sata Lect.520 Escrit.430 Mbs 7mm Pc Laptop Minipc Sin Bracket + Env\u00edo a domicilio + Pago seguro + Garant\u00eda\" \/>\n<meta name=\"robots\" content=\"index, follow, max-snippet:-1, max-image-preview:large, max-video-preview:-1\" \/>\n<link rel=\"canonical\" href=\"https:\/\/compuviper.mx\/tienda\/producto\/patriot-p210s512g25814914026816-unidad-de-estado-solido-interno-p210-512gb-2-5-sata-lect-520-escrit-430-mbs-7mm-pc-laptop-minipc-sin-bracket\/\" \/>\n<meta property=\"og:locale\" content=\"es_MX\" \/>\n<meta property=\"og:type\" content=\"article\" \/>\n<meta property=\"og:title\" content=\"[ Patriot ] &#129351; P210s512g25,814914026816 Unidad De Estado Solido Interno P210 512gb 2.5 Sata Lect.520 Escrit.430 Mbs 7mm Pc Laptop Minipc Sin Bracket\" \/>\n<meta property=\"og:description\" content=\"Compra P210s512g25,814914026816 Unidad De Estado Solido Interno P210 512gb 2.5 Sata Lect.520 Escrit.430 Mbs 7mm Pc Laptop Minipc Sin Bracket + Env\u00edo a domicilio + Pago seguro + Garant\u00eda\" \/>\n<meta property=\"og:url\" content=\"https:\/\/compuviper.mx\/tienda\/producto\/patriot-p210s512g25814914026816-unidad-de-estado-solido-interno-p210-512gb-2-5-sata-lect-520-escrit-430-mbs-7mm-pc-laptop-minipc-sin-bracket\/\" \/>\n<meta property=\"og:site_name\" content=\"Compuviper\" \/>\n<meta property=\"article:publisher\" content=\"https:\/\/www.facebook.com\/compuviper\" \/>\n<meta property=\"article:modified_time\" content=\"2026-04-03T06:00:37+00:00\" \/>\n<meta name=\"twitter:card\" content=\"summary_large_image\" \/>\n<meta name=\"twitter:label1\" content=\"Precio\" \/>\n\t<meta name=\"twitter:data1\" content=\"&#36;1,195 con IVA\" \/>\n\t<meta name=\"twitter:label2\" content=\"Availability\" \/>\n\t<meta name=\"twitter:data2\" content=\"In stock\" \/>\n<script type=\"application\/ld+json\" class=\"yoast-schema-graph\">{\"@context\":\"https:\/\/schema.org\",\"@graph\":[{\"@type\":\"WebPage\",\"@id\":\"https:\/\/compuviper.mx\/tienda\/producto\/patriot-p210s512g25814914026816-unidad-de-estado-solido-interno-p210-512gb-2-5-sata-lect-520-escrit-430-mbs-7mm-pc-laptop-minipc-sin-bracket\/\",\"url\":\"https:\/\/compuviper.mx\/tienda\/producto\/patriot-p210s512g25814914026816-unidad-de-estado-solido-interno-p210-512gb-2-5-sata-lect-520-escrit-430-mbs-7mm-pc-laptop-minipc-sin-bracket\/\",\"name\":\"[ Patriot ] &#129351; P210s512g25,814914026816 Unidad De Estado Solido Interno P210 512gb 2.5 Sata Lect.520 Escrit.430 Mbs 7mm Pc Laptop Minipc Sin Bracket\",\"isPartOf\":{\"@id\":\"https:\/\/compuviper.mx\/tienda\/#website\"},\"datePublished\":\"2026-04-03T05:13:52+00:00\",\"dateModified\":\"2026-04-03T06:00:37+00:00\",\"description\":\"Compra P210s512g25,814914026816 Unidad De Estado Solido Interno P210 512gb 2.5 Sata Lect.520 Escrit.430 Mbs 7mm Pc Laptop Minipc Sin Bracket + Env\u00edo a domicilio + Pago seguro + Garant\u00eda\",\"breadcrumb\":{\"@id\":\"https:\/\/compuviper.mx\/tienda\/producto\/patriot-p210s512g25814914026816-unidad-de-estado-solido-interno-p210-512gb-2-5-sata-lect-520-escrit-430-mbs-7mm-pc-laptop-minipc-sin-bracket\/#breadcrumb\"},\"inLanguage\":\"es-MX\",\"potentialAction\":[{\"@type\":\"ReadAction\",\"target\":[\"https:\/\/compuviper.mx\/tienda\/producto\/patriot-p210s512g25814914026816-unidad-de-estado-solido-interno-p210-512gb-2-5-sata-lect-520-escrit-430-mbs-7mm-pc-laptop-minipc-sin-bracket\/\"]}]},{\"@type\":\"BreadcrumbList\",\"@id\":\"https:\/\/compuviper.mx\/tienda\/producto\/patriot-p210s512g25814914026816-unidad-de-estado-solido-interno-p210-512gb-2-5-sata-lect-520-escrit-430-mbs-7mm-pc-laptop-minipc-sin-bracket\/#breadcrumb\",\"itemListElement\":[{\"@type\":\"ListItem\",\"position\":1,\"name\":\"Inicio\",\"item\":\"https:\/\/compuviper.mx\/tienda\/\"},{\"@type\":\"ListItem\",\"position\":2,\"name\":\"Productos\",\"item\":\"https:\/\/compuviper.mx\/tienda\/productos\/\"},{\"@type\":\"ListItem\",\"position\":3,\"name\":\"Discos Duros\",\"item\":\"https:\/\/compuviper.mx\/tienda\/categoria-producto\/discos-duros\/\"},{\"@type\":\"ListItem\",\"position\":4,\"name\":\"Unidad De Estado Solido\",\"item\":\"https:\/\/compuviper.mx\/tienda\/categoria-producto\/discos-duros\/unidad-de-estado-solido\/\"},{\"@type\":\"ListItem\",\"position\":5,\"name\":\"Patriot P210s512g25,814914026816 Unidad De Estado Solido Interno P210 512gb 2.5 Sata Lect.520 Escrit.430 Mbs 7mm Pc Laptop Minipc Sin Bracket\"}]},{\"@type\":\"WebSite\",\"@id\":\"https:\/\/compuviper.mx\/tienda\/#website\",\"url\":\"https:\/\/compuviper.mx\/tienda\/\",\"name\":\"Compuviper\",\"description\":\"Proveedor de Computadoras, Laptops, Servidores, Monitores, Puntos de Venta, Teclados,   Impresoras, T\u00f3ner, C\u00e1maras de Seguridad y m\u00e1s en tu tienda en l\u00ednea\",\"publisher\":{\"@id\":\"https:\/\/compuviper.mx\/tienda\/#organization\"},\"potentialAction\":[{\"@type\":\"SearchAction\",\"target\":{\"@type\":\"EntryPoint\",\"urlTemplate\":\"https:\/\/compuviper.mx\/tienda\/?s={search_term_string}\"},\"query-input\":\"required name=search_term_string\"}],\"inLanguage\":\"es-MX\"},{\"@type\":\"Organization\",\"@id\":\"https:\/\/compuviper.mx\/tienda\/#organization\",\"name\":\"Compuviper\",\"url\":\"https:\/\/compuviper.mx\/tienda\/\",\"logo\":{\"@type\":\"ImageObject\",\"inLanguage\":\"es-MX\",\"@id\":\"https:\/\/compuviper.mx\/tienda\/#\/schema\/logo\/image\/\",\"url\":\"https:\/\/compuviper.mx\/tienda\/wp-content\/uploads\/2021\/08\/Logo-Compuviper-10.png\",\"contentUrl\":\"https:\/\/compuviper.mx\/tienda\/wp-content\/uploads\/2021\/08\/Logo-Compuviper-10.png\",\"width\":1000,\"height\":500,\"caption\":\"Compuviper\"},\"image\":{\"@id\":\"https:\/\/compuviper.mx\/tienda\/#\/schema\/logo\/image\/\"},\"sameAs\":[\"https:\/\/www.facebook.com\/compuviper\",\"https:\/\/www.youtube.com\/channel\/UCf73dERp9Y3cfOq7q8BhLjA?view_as=subscriber\"]}]}<\/script>\n<meta property=\"product:brand\" content=\"Patriot\" \/>\n<meta property=\"product:price:amount\" content=\"1195\" \/>\n<meta property=\"product:price:currency\" content=\"MXN\" \/>\n<meta property=\"og:availability\" content=\"instock\" \/>\n<meta property=\"product:availability\" content=\"instock\" \/>\n<meta property=\"product:retailer_item_id\" content=\"P210S512G25,814914026816\" \/>\n<meta property=\"product:condition\" content=\"new\" \/>\n<!-- \/ Yoast SEO plugin. -->","yoast_head_json":{"title":"[ Patriot ] &#129351; P210s512g25,814914026816 Unidad De Estado Solido Interno P210 512gb 2.5 Sata Lect.520 Escrit.430 Mbs 7mm Pc Laptop Minipc Sin Bracket","description":"Compra P210s512g25,814914026816 Unidad De Estado Solido Interno P210 512gb 2.5 Sata Lect.520 Escrit.430 Mbs 7mm Pc Laptop Minipc Sin Bracket + Env\u00edo a domicilio + Pago seguro + Garant\u00eda","robots":{"index":"index","follow":"follow","max-snippet":"max-snippet:-1","max-image-preview":"max-image-preview:large","max-video-preview":"max-video-preview:-1"},"canonical":"https:\/\/compuviper.mx\/tienda\/producto\/patriot-p210s512g25814914026816-unidad-de-estado-solido-interno-p210-512gb-2-5-sata-lect-520-escrit-430-mbs-7mm-pc-laptop-minipc-sin-bracket\/","og_locale":"es_MX","og_type":"article","og_title":"[ Patriot ] &#129351; P210s512g25,814914026816 Unidad De Estado Solido Interno P210 512gb 2.5 Sata Lect.520 Escrit.430 Mbs 7mm Pc Laptop Minipc Sin Bracket","og_description":"Compra P210s512g25,814914026816 Unidad De Estado Solido Interno P210 512gb 2.5 Sata Lect.520 Escrit.430 Mbs 7mm Pc Laptop Minipc Sin Bracket + Env\u00edo a domicilio + Pago seguro + Garant\u00eda","og_url":"https:\/\/compuviper.mx\/tienda\/producto\/patriot-p210s512g25814914026816-unidad-de-estado-solido-interno-p210-512gb-2-5-sata-lect-520-escrit-430-mbs-7mm-pc-laptop-minipc-sin-bracket\/","og_site_name":"Compuviper","article_publisher":"https:\/\/www.facebook.com\/compuviper","article_modified_time":"2026-04-03T06:00:37+00:00","twitter_card":"summary_large_image","twitter_misc":{"Precio":"&#36;1,195 con IVA","Availability":"In stock"},"schema":{"@context":"https:\/\/schema.org","@graph":[{"@type":"WebPage","@id":"https:\/\/compuviper.mx\/tienda\/producto\/patriot-p210s512g25814914026816-unidad-de-estado-solido-interno-p210-512gb-2-5-sata-lect-520-escrit-430-mbs-7mm-pc-laptop-minipc-sin-bracket\/","url":"https:\/\/compuviper.mx\/tienda\/producto\/patriot-p210s512g25814914026816-unidad-de-estado-solido-interno-p210-512gb-2-5-sata-lect-520-escrit-430-mbs-7mm-pc-laptop-minipc-sin-bracket\/","name":"[ Patriot ] &#129351; P210s512g25,814914026816 Unidad De Estado Solido Interno P210 512gb 2.5 Sata Lect.520 Escrit.430 Mbs 7mm Pc Laptop Minipc Sin Bracket","isPartOf":{"@id":"https:\/\/compuviper.mx\/tienda\/#website"},"datePublished":"2026-04-03T05:13:52+00:00","dateModified":"2026-04-03T06:00:37+00:00","description":"Compra P210s512g25,814914026816 Unidad De Estado Solido Interno P210 512gb 2.5 Sata Lect.520 Escrit.430 Mbs 7mm Pc Laptop Minipc Sin Bracket + Env\u00edo a domicilio + Pago seguro + Garant\u00eda","breadcrumb":{"@id":"https:\/\/compuviper.mx\/tienda\/producto\/patriot-p210s512g25814914026816-unidad-de-estado-solido-interno-p210-512gb-2-5-sata-lect-520-escrit-430-mbs-7mm-pc-laptop-minipc-sin-bracket\/#breadcrumb"},"inLanguage":"es-MX","potentialAction":[{"@type":"ReadAction","target":["https:\/\/compuviper.mx\/tienda\/producto\/patriot-p210s512g25814914026816-unidad-de-estado-solido-interno-p210-512gb-2-5-sata-lect-520-escrit-430-mbs-7mm-pc-laptop-minipc-sin-bracket\/"]}]},{"@type":"BreadcrumbList","@id":"https:\/\/compuviper.mx\/tienda\/producto\/patriot-p210s512g25814914026816-unidad-de-estado-solido-interno-p210-512gb-2-5-sata-lect-520-escrit-430-mbs-7mm-pc-laptop-minipc-sin-bracket\/#breadcrumb","itemListElement":[{"@type":"ListItem","position":1,"name":"Inicio","item":"https:\/\/compuviper.mx\/tienda\/"},{"@type":"ListItem","position":2,"name":"Productos","item":"https:\/\/compuviper.mx\/tienda\/productos\/"},{"@type":"ListItem","position":3,"name":"Discos Duros","item":"https:\/\/compuviper.mx\/tienda\/categoria-producto\/discos-duros\/"},{"@type":"ListItem","position":4,"name":"Unidad De Estado Solido","item":"https:\/\/compuviper.mx\/tienda\/categoria-producto\/discos-duros\/unidad-de-estado-solido\/"},{"@type":"ListItem","position":5,"name":"Patriot P210s512g25,814914026816 Unidad De Estado Solido Interno P210 512gb 2.5 Sata Lect.520 Escrit.430 Mbs 7mm Pc Laptop Minipc Sin Bracket"}]},{"@type":"WebSite","@id":"https:\/\/compuviper.mx\/tienda\/#website","url":"https:\/\/compuviper.mx\/tienda\/","name":"Compuviper","description":"Proveedor de Computadoras, Laptops, Servidores, Monitores, Puntos de Venta, Teclados,   Impresoras, T\u00f3ner, C\u00e1maras de Seguridad y m\u00e1s en tu tienda en l\u00ednea","publisher":{"@id":"https:\/\/compuviper.mx\/tienda\/#organization"},"potentialAction":[{"@type":"SearchAction","target":{"@type":"EntryPoint","urlTemplate":"https:\/\/compuviper.mx\/tienda\/?s={search_term_string}"},"query-input":"required name=search_term_string"}],"inLanguage":"es-MX"},{"@type":"Organization","@id":"https:\/\/compuviper.mx\/tienda\/#organization","name":"Compuviper","url":"https:\/\/compuviper.mx\/tienda\/","logo":{"@type":"ImageObject","inLanguage":"es-MX","@id":"https:\/\/compuviper.mx\/tienda\/#\/schema\/logo\/image\/","url":"https:\/\/compuviper.mx\/tienda\/wp-content\/uploads\/2021\/08\/Logo-Compuviper-10.png","contentUrl":"https:\/\/compuviper.mx\/tienda\/wp-content\/uploads\/2021\/08\/Logo-Compuviper-10.png","width":1000,"height":500,"caption":"Compuviper"},"image":{"@id":"https:\/\/compuviper.mx\/tienda\/#\/schema\/logo\/image\/"},"sameAs":["https:\/\/www.facebook.com\/compuviper","https:\/\/www.youtube.com\/channel\/UCf73dERp9Y3cfOq7q8BhLjA?view_as=subscriber"]}]},"product_brand":"Patriot","product_price_amount":"1195","product_price_currency":"MXN","og_availability":"instock","product_availability":"instock","product_retailer_item_id":"P210S512G25,814914026816","product_condition":"new"},"_links":{"self":[{"href":"https:\/\/compuviper.mx\/tienda\/wp-json\/wp\/v2\/product\/267295"}],"collection":[{"href":"https:\/\/compuviper.mx\/tienda\/wp-json\/wp\/v2\/product"}],"about":[{"href":"https:\/\/compuviper.mx\/tienda\/wp-json\/wp\/v2\/types\/product"}],"replies":[{"embeddable":true,"href":"https:\/\/compuviper.mx\/tienda\/wp-json\/wp\/v2\/comments?post=267295"}],"wp:attachment":[{"href":"https:\/\/compuviper.mx\/tienda\/wp-json\/wp\/v2\/media?parent=267295"}],"wp:term":[{"taxonomy":"product_cat","embeddable":true,"href":"https:\/\/compuviper.mx\/tienda\/wp-json\/wp\/v2\/product_cat?post=267295"},{"taxonomy":"product_tag","embeddable":true,"href":"https:\/\/compuviper.mx\/tienda\/wp-json\/wp\/v2\/product_tag?post=267295"}],"curies":[{"name":"wp","href":"https:\/\/api.w.org\/{rel}","templated":true}]}}