{"id":267294,"date":"2026-04-03T23:15:49","date_gmt":"2026-04-04T05:15:49","guid":{"rendered":"https:\/\/compuviper.mx\/tienda\/producto\/patriot-p220s256g25-unidad-de-estado-solido-interno-p220-256gb-2-5-sata-lect-550-escrit-500-mbs-7mm-pc-laptop-minipc-sin-bracket\/"},"modified":"2026-04-03T23:15:50","modified_gmt":"2026-04-04T05:15:50","slug":"patriot-p220s256g25-unidad-de-estado-solido-interno-p220-256gb-2-5-sata-lect-550-escrit-500-mbs-7mm-pc-laptop-minipc-sin-bracket","status":"publish","type":"product","link":"https:\/\/compuviper.mx\/tienda\/producto\/patriot-p220s256g25-unidad-de-estado-solido-interno-p220-256gb-2-5-sata-lect-550-escrit-500-mbs-7mm-pc-laptop-minipc-sin-bracket\/","title":{"rendered":"Patriot P220s256g25 Unidad De Estado Solido Interno  P220 256gb 2.5 Sata Lect.550 Escrit.500 Mbs 7mm Pc Laptop Minipc Sin Bracket"},"content":{"rendered":"<table class=\"descripcion\">\n<tr>\n<td>Caractersticas: \u0095 controlador sata 3 ms reciente \u0095 sata 3 de 2,5 hacia atrs a sata 2 \u0095 informacin de estado s.m.a.r.t compatible \u0095 comando trim compatible \u0095 temperatura de funcionamiento: 0 ~ 70 \u00b0c \u0095 sistema operativo compatible: windows\u00ae 7\/8.0\/8.1\/10 puede requerir controlador especificaciones: \u0095 lectura aleatoria alineada de 4k: hasta 40 000 iop \u0095 escritura aleatoria alineada de 4k: hasta 50 000 iop \u0095 lectura secuencial cdm: hasta 550 mb\/s \u0095 escritura secuencial cdm: hasta 500 mb\/s \u0095 terabytes escritos tbw: hasta 240 tb<\/td>\n<\/tr>\n<\/table>\n","protected":false},"excerpt":{"rendered":"<p>Patriot se enorgullece en presentar su ssd sata iii de 2,5 de prxima generacin: el p220. Diseado con el controlador sata 3 ms reciente, el p220 es una solucin de almacenamiento de primera calidad diseada para un rendimiento superior del sistema. Con velocidades de lectura y escritura de hasta 550 y 500 mb\/s, el p220 le ofrece el rendimiento que necesita para realizar su trabajo. Con un formato de 2,5 y 7 mm de alto, el p220 es una unidad de almacenamiento compacta que ofrece un rendimiento general y una productividad superiores. El p220 es perfecto para actualizaciones rpidas, almacenar archivos grandes y proporcionar eficiencia en su espacio de trabajo a un precio excelente. Respaldado por la garanta de 3 aos y el servicio de atencin al cliente de patriot, el ssd p220 de patriot se erige como uno de los ssd ms fiables y con la mejor relacin calidad-precio del mercado actual.<\/p>\n","protected":false},"featured_media":0,"comment_status":"open","ping_status":"open","template":"","meta":[],"product_cat":[1703,1708],"product_tag":[2121],"acf":[],"yoast_head":"<!-- This site is optimized with the Yoast SEO plugin v21.7 - https:\/\/yoast.com\/wordpress\/plugins\/seo\/ -->\n<title>[ Patriot ] &#129351; P220s256g25 Unidad De Estado Solido Interno P220 256gb 2.5 Sata Lect.550 Escrit.500 Mbs 7mm Pc Laptop Minipc Sin Bracket<\/title>\n<meta name=\"description\" content=\"Compra P220s256g25 Unidad De Estado Solido Interno P220 256gb 2.5 Sata Lect.550 Escrit.500 Mbs 7mm Pc Laptop Minipc Sin Bracket + Env\u00edo a domicilio + Pago seguro + Garant\u00eda\" \/>\n<meta name=\"robots\" content=\"index, follow, max-snippet:-1, max-image-preview:large, max-video-preview:-1\" \/>\n<link rel=\"canonical\" href=\"https:\/\/compuviper.mx\/tienda\/producto\/patriot-p220s256g25-unidad-de-estado-solido-interno-p220-256gb-2-5-sata-lect-550-escrit-500-mbs-7mm-pc-laptop-minipc-sin-bracket\/\" \/>\n<meta property=\"og:locale\" content=\"es_MX\" \/>\n<meta property=\"og:type\" content=\"article\" \/>\n<meta property=\"og:title\" content=\"[ Patriot ] &#129351; P220s256g25 Unidad De Estado Solido Interno P220 256gb 2.5 Sata Lect.550 Escrit.500 Mbs 7mm Pc Laptop Minipc Sin Bracket\" \/>\n<meta property=\"og:description\" content=\"Compra P220s256g25 Unidad De Estado Solido Interno P220 256gb 2.5 Sata Lect.550 Escrit.500 Mbs 7mm Pc Laptop Minipc Sin Bracket + Env\u00edo a domicilio + Pago seguro + Garant\u00eda\" \/>\n<meta property=\"og:url\" content=\"https:\/\/compuviper.mx\/tienda\/producto\/patriot-p220s256g25-unidad-de-estado-solido-interno-p220-256gb-2-5-sata-lect-550-escrit-500-mbs-7mm-pc-laptop-minipc-sin-bracket\/\" \/>\n<meta property=\"og:site_name\" content=\"Compuviper\" \/>\n<meta property=\"article:publisher\" content=\"https:\/\/www.facebook.com\/compuviper\" \/>\n<meta property=\"article:modified_time\" content=\"2026-04-04T05:15:50+00:00\" \/>\n<meta name=\"twitter:card\" content=\"summary_large_image\" \/>\n<meta name=\"twitter:label1\" content=\"Precio\" \/>\n\t<meta name=\"twitter:data1\" content=\"&#36;768 &#36;768 con IVA\" \/>\n\t<meta name=\"twitter:label2\" content=\"Availability\" \/>\n\t<meta name=\"twitter:data2\" content=\"In stock\" \/>\n<script type=\"application\/ld+json\" class=\"yoast-schema-graph\">{\"@context\":\"https:\/\/schema.org\",\"@graph\":[{\"@type\":\"WebPage\",\"@id\":\"https:\/\/compuviper.mx\/tienda\/producto\/patriot-p220s256g25-unidad-de-estado-solido-interno-p220-256gb-2-5-sata-lect-550-escrit-500-mbs-7mm-pc-laptop-minipc-sin-bracket\/\",\"url\":\"https:\/\/compuviper.mx\/tienda\/producto\/patriot-p220s256g25-unidad-de-estado-solido-interno-p220-256gb-2-5-sata-lect-550-escrit-500-mbs-7mm-pc-laptop-minipc-sin-bracket\/\",\"name\":\"[ Patriot ] &#129351; P220s256g25 Unidad De Estado Solido Interno P220 256gb 2.5 Sata Lect.550 Escrit.500 Mbs 7mm Pc Laptop Minipc Sin Bracket\",\"isPartOf\":{\"@id\":\"https:\/\/compuviper.mx\/tienda\/#website\"},\"datePublished\":\"2026-04-04T05:15:49+00:00\",\"dateModified\":\"2026-04-04T05:15:50+00:00\",\"description\":\"Compra P220s256g25 Unidad De Estado Solido Interno P220 256gb 2.5 Sata Lect.550 Escrit.500 Mbs 7mm Pc Laptop Minipc Sin Bracket + Env\u00edo a domicilio + Pago seguro + Garant\u00eda\",\"breadcrumb\":{\"@id\":\"https:\/\/compuviper.mx\/tienda\/producto\/patriot-p220s256g25-unidad-de-estado-solido-interno-p220-256gb-2-5-sata-lect-550-escrit-500-mbs-7mm-pc-laptop-minipc-sin-bracket\/#breadcrumb\"},\"inLanguage\":\"es-MX\",\"potentialAction\":[{\"@type\":\"ReadAction\",\"target\":[\"https:\/\/compuviper.mx\/tienda\/producto\/patriot-p220s256g25-unidad-de-estado-solido-interno-p220-256gb-2-5-sata-lect-550-escrit-500-mbs-7mm-pc-laptop-minipc-sin-bracket\/\"]}]},{\"@type\":\"BreadcrumbList\",\"@id\":\"https:\/\/compuviper.mx\/tienda\/producto\/patriot-p220s256g25-unidad-de-estado-solido-interno-p220-256gb-2-5-sata-lect-550-escrit-500-mbs-7mm-pc-laptop-minipc-sin-bracket\/#breadcrumb\",\"itemListElement\":[{\"@type\":\"ListItem\",\"position\":1,\"name\":\"Inicio\",\"item\":\"https:\/\/compuviper.mx\/tienda\/\"},{\"@type\":\"ListItem\",\"position\":2,\"name\":\"Productos\",\"item\":\"https:\/\/compuviper.mx\/tienda\/productos\/\"},{\"@type\":\"ListItem\",\"position\":3,\"name\":\"Discos Duros\",\"item\":\"https:\/\/compuviper.mx\/tienda\/categoria-producto\/discos-duros\/\"},{\"@type\":\"ListItem\",\"position\":4,\"name\":\"Unidad De Estado Solido\",\"item\":\"https:\/\/compuviper.mx\/tienda\/categoria-producto\/discos-duros\/unidad-de-estado-solido\/\"},{\"@type\":\"ListItem\",\"position\":5,\"name\":\"Patriot P220s256g25 Unidad De Estado Solido Interno P220 256gb 2.5 Sata Lect.550 Escrit.500 Mbs 7mm Pc Laptop Minipc Sin Bracket\"}]},{\"@type\":\"WebSite\",\"@id\":\"https:\/\/compuviper.mx\/tienda\/#website\",\"url\":\"https:\/\/compuviper.mx\/tienda\/\",\"name\":\"Compuviper\",\"description\":\"Proveedor de Computadoras, Laptops, Servidores, Monitores, Puntos de Venta, Teclados,   Impresoras, T\u00f3ner, C\u00e1maras de Seguridad y m\u00e1s en tu tienda en l\u00ednea\",\"publisher\":{\"@id\":\"https:\/\/compuviper.mx\/tienda\/#organization\"},\"potentialAction\":[{\"@type\":\"SearchAction\",\"target\":{\"@type\":\"EntryPoint\",\"urlTemplate\":\"https:\/\/compuviper.mx\/tienda\/?s={search_term_string}\"},\"query-input\":\"required name=search_term_string\"}],\"inLanguage\":\"es-MX\"},{\"@type\":\"Organization\",\"@id\":\"https:\/\/compuviper.mx\/tienda\/#organization\",\"name\":\"Compuviper\",\"url\":\"https:\/\/compuviper.mx\/tienda\/\",\"logo\":{\"@type\":\"ImageObject\",\"inLanguage\":\"es-MX\",\"@id\":\"https:\/\/compuviper.mx\/tienda\/#\/schema\/logo\/image\/\",\"url\":\"https:\/\/compuviper.mx\/tienda\/wp-content\/uploads\/2021\/08\/Logo-Compuviper-10.png\",\"contentUrl\":\"https:\/\/compuviper.mx\/tienda\/wp-content\/uploads\/2021\/08\/Logo-Compuviper-10.png\",\"width\":1000,\"height\":500,\"caption\":\"Compuviper\"},\"image\":{\"@id\":\"https:\/\/compuviper.mx\/tienda\/#\/schema\/logo\/image\/\"},\"sameAs\":[\"https:\/\/www.facebook.com\/compuviper\",\"https:\/\/www.youtube.com\/channel\/UCf73dERp9Y3cfOq7q8BhLjA?view_as=subscriber\"]}]}<\/script>\n<meta property=\"product:brand\" content=\"Patriot\" \/>\n<meta property=\"product:price:amount\" content=\"768\" \/>\n<meta property=\"product:price:currency\" content=\"MXN\" \/>\n<meta property=\"og:availability\" content=\"instock\" \/>\n<meta property=\"product:availability\" content=\"instock\" \/>\n<meta property=\"product:retailer_item_id\" content=\"P220S256G25\" \/>\n<meta property=\"product:condition\" content=\"new\" \/>\n<!-- \/ Yoast SEO plugin. -->","yoast_head_json":{"title":"[ Patriot ] &#129351; P220s256g25 Unidad De Estado Solido Interno P220 256gb 2.5 Sata Lect.550 Escrit.500 Mbs 7mm Pc Laptop Minipc Sin Bracket","description":"Compra P220s256g25 Unidad De Estado Solido Interno P220 256gb 2.5 Sata Lect.550 Escrit.500 Mbs 7mm Pc Laptop Minipc Sin Bracket + Env\u00edo a domicilio + Pago seguro + Garant\u00eda","robots":{"index":"index","follow":"follow","max-snippet":"max-snippet:-1","max-image-preview":"max-image-preview:large","max-video-preview":"max-video-preview:-1"},"canonical":"https:\/\/compuviper.mx\/tienda\/producto\/patriot-p220s256g25-unidad-de-estado-solido-interno-p220-256gb-2-5-sata-lect-550-escrit-500-mbs-7mm-pc-laptop-minipc-sin-bracket\/","og_locale":"es_MX","og_type":"article","og_title":"[ Patriot ] &#129351; P220s256g25 Unidad De Estado Solido Interno P220 256gb 2.5 Sata Lect.550 Escrit.500 Mbs 7mm Pc Laptop Minipc Sin Bracket","og_description":"Compra P220s256g25 Unidad De Estado Solido Interno P220 256gb 2.5 Sata Lect.550 Escrit.500 Mbs 7mm Pc Laptop Minipc Sin Bracket + Env\u00edo a domicilio + Pago seguro + Garant\u00eda","og_url":"https:\/\/compuviper.mx\/tienda\/producto\/patriot-p220s256g25-unidad-de-estado-solido-interno-p220-256gb-2-5-sata-lect-550-escrit-500-mbs-7mm-pc-laptop-minipc-sin-bracket\/","og_site_name":"Compuviper","article_publisher":"https:\/\/www.facebook.com\/compuviper","article_modified_time":"2026-04-04T05:15:50+00:00","twitter_card":"summary_large_image","twitter_misc":{"Precio":"&#36;768 &#36;768 con IVA","Availability":"In stock"},"schema":{"@context":"https:\/\/schema.org","@graph":[{"@type":"WebPage","@id":"https:\/\/compuviper.mx\/tienda\/producto\/patriot-p220s256g25-unidad-de-estado-solido-interno-p220-256gb-2-5-sata-lect-550-escrit-500-mbs-7mm-pc-laptop-minipc-sin-bracket\/","url":"https:\/\/compuviper.mx\/tienda\/producto\/patriot-p220s256g25-unidad-de-estado-solido-interno-p220-256gb-2-5-sata-lect-550-escrit-500-mbs-7mm-pc-laptop-minipc-sin-bracket\/","name":"[ Patriot ] &#129351; P220s256g25 Unidad De Estado Solido Interno P220 256gb 2.5 Sata Lect.550 Escrit.500 Mbs 7mm Pc Laptop Minipc Sin Bracket","isPartOf":{"@id":"https:\/\/compuviper.mx\/tienda\/#website"},"datePublished":"2026-04-04T05:15:49+00:00","dateModified":"2026-04-04T05:15:50+00:00","description":"Compra P220s256g25 Unidad De Estado Solido Interno P220 256gb 2.5 Sata Lect.550 Escrit.500 Mbs 7mm Pc Laptop Minipc Sin Bracket + Env\u00edo a domicilio + Pago seguro + Garant\u00eda","breadcrumb":{"@id":"https:\/\/compuviper.mx\/tienda\/producto\/patriot-p220s256g25-unidad-de-estado-solido-interno-p220-256gb-2-5-sata-lect-550-escrit-500-mbs-7mm-pc-laptop-minipc-sin-bracket\/#breadcrumb"},"inLanguage":"es-MX","potentialAction":[{"@type":"ReadAction","target":["https:\/\/compuviper.mx\/tienda\/producto\/patriot-p220s256g25-unidad-de-estado-solido-interno-p220-256gb-2-5-sata-lect-550-escrit-500-mbs-7mm-pc-laptop-minipc-sin-bracket\/"]}]},{"@type":"BreadcrumbList","@id":"https:\/\/compuviper.mx\/tienda\/producto\/patriot-p220s256g25-unidad-de-estado-solido-interno-p220-256gb-2-5-sata-lect-550-escrit-500-mbs-7mm-pc-laptop-minipc-sin-bracket\/#breadcrumb","itemListElement":[{"@type":"ListItem","position":1,"name":"Inicio","item":"https:\/\/compuviper.mx\/tienda\/"},{"@type":"ListItem","position":2,"name":"Productos","item":"https:\/\/compuviper.mx\/tienda\/productos\/"},{"@type":"ListItem","position":3,"name":"Discos Duros","item":"https:\/\/compuviper.mx\/tienda\/categoria-producto\/discos-duros\/"},{"@type":"ListItem","position":4,"name":"Unidad De Estado Solido","item":"https:\/\/compuviper.mx\/tienda\/categoria-producto\/discos-duros\/unidad-de-estado-solido\/"},{"@type":"ListItem","position":5,"name":"Patriot P220s256g25 Unidad De Estado Solido Interno P220 256gb 2.5 Sata Lect.550 Escrit.500 Mbs 7mm Pc Laptop Minipc Sin Bracket"}]},{"@type":"WebSite","@id":"https:\/\/compuviper.mx\/tienda\/#website","url":"https:\/\/compuviper.mx\/tienda\/","name":"Compuviper","description":"Proveedor de Computadoras, Laptops, Servidores, Monitores, Puntos de Venta, Teclados,   Impresoras, T\u00f3ner, C\u00e1maras de Seguridad y m\u00e1s en tu tienda en l\u00ednea","publisher":{"@id":"https:\/\/compuviper.mx\/tienda\/#organization"},"potentialAction":[{"@type":"SearchAction","target":{"@type":"EntryPoint","urlTemplate":"https:\/\/compuviper.mx\/tienda\/?s={search_term_string}"},"query-input":"required name=search_term_string"}],"inLanguage":"es-MX"},{"@type":"Organization","@id":"https:\/\/compuviper.mx\/tienda\/#organization","name":"Compuviper","url":"https:\/\/compuviper.mx\/tienda\/","logo":{"@type":"ImageObject","inLanguage":"es-MX","@id":"https:\/\/compuviper.mx\/tienda\/#\/schema\/logo\/image\/","url":"https:\/\/compuviper.mx\/tienda\/wp-content\/uploads\/2021\/08\/Logo-Compuviper-10.png","contentUrl":"https:\/\/compuviper.mx\/tienda\/wp-content\/uploads\/2021\/08\/Logo-Compuviper-10.png","width":1000,"height":500,"caption":"Compuviper"},"image":{"@id":"https:\/\/compuviper.mx\/tienda\/#\/schema\/logo\/image\/"},"sameAs":["https:\/\/www.facebook.com\/compuviper","https:\/\/www.youtube.com\/channel\/UCf73dERp9Y3cfOq7q8BhLjA?view_as=subscriber"]}]},"product_brand":"Patriot","product_price_amount":"768","product_price_currency":"MXN","og_availability":"instock","product_availability":"instock","product_retailer_item_id":"P220S256G25","product_condition":"new"},"_links":{"self":[{"href":"https:\/\/compuviper.mx\/tienda\/wp-json\/wp\/v2\/product\/267294"}],"collection":[{"href":"https:\/\/compuviper.mx\/tienda\/wp-json\/wp\/v2\/product"}],"about":[{"href":"https:\/\/compuviper.mx\/tienda\/wp-json\/wp\/v2\/types\/product"}],"replies":[{"embeddable":true,"href":"https:\/\/compuviper.mx\/tienda\/wp-json\/wp\/v2\/comments?post=267294"}],"wp:attachment":[{"href":"https:\/\/compuviper.mx\/tienda\/wp-json\/wp\/v2\/media?parent=267294"}],"wp:term":[{"taxonomy":"product_cat","embeddable":true,"href":"https:\/\/compuviper.mx\/tienda\/wp-json\/wp\/v2\/product_cat?post=267294"},{"taxonomy":"product_tag","embeddable":true,"href":"https:\/\/compuviper.mx\/tienda\/wp-json\/wp\/v2\/product_tag?post=267294"}],"curies":[{"name":"wp","href":"https:\/\/api.w.org\/{rel}","templated":true}]}}