{"id":267269,"date":"2026-04-25T02:16:06","date_gmt":"2026-04-25T08:16:06","guid":{"rendered":"https:\/\/compuviper.mx\/tienda\/producto\/gigabyte-gv-r9070xtaorus-e-16gd-tarjeta-de-video-radeon-rx-9070-xt-16-gb-gddr6-pcie-5-0-gamer\/"},"modified":"2026-04-26T00:00:40","modified_gmt":"2026-04-26T06:00:40","slug":"gigabyte-gv-r9070xtaorus-e-16gd-tarjeta-de-video-radeon-rx-9070-xt-16-gb-gddr6-pcie-5-0-gamer","status":"publish","type":"product","link":"https:\/\/compuviper.mx\/tienda\/producto\/gigabyte-gv-r9070xtaorus-e-16gd-tarjeta-de-video-radeon-rx-9070-xt-16-gb-gddr6-pcie-5-0-gamer\/","title":{"rendered":"Gigabyte Gv-r9070xtaorus E-16gd Tarjeta De Video   \/ Radeon Rx 9070 Xt \/ 16 Gb Gddr6 \/ Pcie 5.0 \/ Gamer"},"content":{"rendered":"<table class=\"descripcion\">\n<tr>\n<td>Procesamiento de gr\u00e1ficos<\/td>\n<\/tr>\n<tr>\n<td>Radeon\u0099 rx 9070 xt<\/td>\n<\/tr>\n<tr>\n<td>Reloj central<\/td>\n<\/tr>\n<tr>\n<td>Reloj boost*: hasta 3100 mhz (tarjeta de referencia: 2970 mhz)<\/td>\n<\/tr>\n<tr>\n<td>Reloj de juego*: hasta 2570 mhz (tarjeta de referencia: 2400 mhz)<\/td>\n<\/tr>\n<tr>\n<td>Procesadores de flujo<\/td>\n<\/tr>\n<tr>\n<td>4096<\/td>\n<\/tr>\n<tr>\n<td>Reloj de memoria<\/td>\n<\/tr>\n<tr>\n<td>20 gbps<\/td>\n<\/tr>\n<tr>\n<td>Tama\u00f1o de la memoria<\/td>\n<\/tr>\n<tr>\n<td>16 gb<\/td>\n<\/tr>\n<tr>\n<td>Tipo de memoria<\/td>\n<\/tr>\n<tr>\n<td>Gddr6<\/td>\n<\/tr>\n<tr>\n<td>Bus de memoria<\/td>\n<\/tr>\n<tr>\n<td>256 bits<\/td>\n<\/tr>\n<tr>\n<td>Autob\u00fas de tarjetas<\/td>\n<\/tr>\n<tr>\n<td>Pci-e 5.0<\/td>\n<\/tr>\n<tr>\n<td>Resoluci\u00f3n m\u00e1xima digital<\/td>\n<\/tr>\n<tr>\n<td>7680&#215;4320<\/td>\n<\/tr>\n<tr>\n<td>Vista m\u00faltiple<\/td>\n<\/tr>\n<tr>\n<td>4<\/td>\n<\/tr>\n<tr>\n<td>Tama\u00f1o de la tarjeta<\/td>\n<\/tr>\n<tr>\n<td>Largo=339 ancho=136 alto=59 mm<\/td>\n<\/tr>\n<tr>\n<td>Formulario de pcb<\/td>\n<\/tr>\n<tr>\n<td>Atx<\/td>\n<\/tr>\n<tr>\n<td>Directx<\/td>\n<\/tr>\n<tr>\n<td>Api de directx 12<\/td>\n<\/tr>\n<tr>\n<td>Opengl<\/td>\n<\/tr>\n<tr>\n<td>4.6<\/td>\n<\/tr>\n<tr>\n<td>Fuente de alimentaci\u00f3n recomendada<\/td>\n<\/tr>\n<tr>\n<td>850 w<\/td>\n<\/tr>\n<tr>\n<td>Conectores de alimentaci\u00f3n<\/td>\n<\/tr>\n<tr>\n<td>8 pines*3<\/td>\n<\/tr>\n<tr>\n<td>Producci\u00f3n<\/td>\n<\/tr>\n<tr>\n<td>Displayport 2.1a *2<\/td>\n<\/tr>\n<tr>\n<td>Hdmi 2.1b *2<\/td>\n<\/tr>\n<tr>\n<td>Accesorios<\/td>\n<\/tr>\n<tr>\n<td>1. gu\u00eda r\u00e1pida<\/td>\n<\/tr>\n<tr>\n<td>2. registro de garant\u00eda<\/td>\n<\/tr>\n<tr>\n<td>3. adhesivo met\u00e1lico aorus<\/td>\n<\/tr>\n<tr>\n<td>4. soporte vga vers\u00e1til<\/td>\n<\/tr>\n<tr>\n<td>5. manual del soporte vga vers\u00e1til<\/td>\n<\/tr>\n<tr>\n<td>Nota<\/td>\n<\/tr>\n<tr>\n<td>* boost clock es la frecuencia m\u00e1xima alcanzable en la gpu al ejecutar una carga de trabajo con r\u00e1fagas. la alcanzabilidad, la frecuencia y la sostenibilidad de la boost clock var\u00edan seg\u00fan diversos factores, como las condiciones t\u00e9rmicas y la variaci\u00f3n en las aplicaciones y cargas de trabajo. gd-151<\/td>\n<\/tr>\n<tr>\n<td>* game clock es la frecuencia de reloj esperada de la gpu al ejecutar aplicaciones de juegos t\u00edpicas, configurada con la tgp (potencia gr\u00e1fica total) t\u00edpica. los resultados reales de la frecuencia de reloj de cada juego pueden variar. gd-147<\/td>\n<\/tr>\n<\/table>\n","protected":false},"excerpt":{"rendered":"<p>Caracter\u00edsticas. Desarrollado por radeon\u0099 rx 9070 xt. Integrado con interfaz de memoria gddr6 de 256 bits y 16 gb. Sistema de refrigeraci\u00f3n windforce. Fan\u00e1tico de los halcones. Gel conductor t\u00e9rmico de grado servidor. Halo rgb. Bios dual (rendimiento\/silencioso. Estructura reforzada. Soporte vga vers\u00e1til. 4 a\u00f1os de garant\u00eda (se requiere registro en l\u00ednea. Reloj del n\u00facleo. Reloj boost*: hasta 3100 mhz (tarjeta de referencia: 2970 mhz. Reloj de juego*: hasta 2570 mhz (tarjeta de referencia: 2400 mhz)<\/p>\n","protected":false},"featured_media":267270,"comment_status":"open","ping_status":"open","template":"","meta":[],"product_cat":[1841,1842],"product_tag":[1732],"acf":[],"yoast_head":"<!-- This site is optimized with the Yoast SEO plugin v21.7 - https:\/\/yoast.com\/wordpress\/plugins\/seo\/ -->\n<title>[ Gigabyte ] &#129351; Gv-r9070xtaorus E-16gd Tarjeta De Video \/ Radeon Rx 9070 Xt \/ 16 Gb Gddr6 \/ Pcie 5.0 \/ Gamer<\/title>\n<meta name=\"description\" content=\"Compra Gv-r9070xtaorus E-16gd Tarjeta De Video \/ Radeon Rx 9070 Xt \/ 16 Gb Gddr6 \/ Pcie 5.0 \/ Gamer + Env\u00edo a domicilio + Pago seguro + Garant\u00eda\" \/>\n<meta name=\"robots\" content=\"index, follow, max-snippet:-1, max-image-preview:large, max-video-preview:-1\" \/>\n<link rel=\"canonical\" href=\"https:\/\/compuviper.mx\/tienda\/producto\/gigabyte-gv-r9070xtaorus-e-16gd-tarjeta-de-video-radeon-rx-9070-xt-16-gb-gddr6-pcie-5-0-gamer\/\" \/>\n<meta property=\"og:locale\" content=\"es_MX\" \/>\n<meta property=\"og:type\" content=\"article\" \/>\n<meta property=\"og:title\" content=\"[ Gigabyte ] &#129351; Gv-r9070xtaorus E-16gd Tarjeta De Video \/ Radeon Rx 9070 Xt \/ 16 Gb Gddr6 \/ Pcie 5.0 \/ Gamer\" \/>\n<meta property=\"og:description\" content=\"Compra Gv-r9070xtaorus E-16gd Tarjeta De Video \/ Radeon Rx 9070 Xt \/ 16 Gb Gddr6 \/ Pcie 5.0 \/ Gamer + Env\u00edo a domicilio + Pago seguro + Garant\u00eda\" \/>\n<meta property=\"og:url\" content=\"https:\/\/compuviper.mx\/tienda\/producto\/gigabyte-gv-r9070xtaorus-e-16gd-tarjeta-de-video-radeon-rx-9070-xt-16-gb-gddr6-pcie-5-0-gamer\/\" \/>\n<meta property=\"og:site_name\" content=\"Compuviper\" \/>\n<meta property=\"article:publisher\" content=\"https:\/\/www.facebook.com\/compuviper\" \/>\n<meta property=\"article:modified_time\" content=\"2026-04-26T06:00:40+00:00\" \/>\n<meta property=\"og:image\" content=\"https:\/\/compuviper.mx\/tienda\/wp-content\/uploads\/2026\/02\/Tarjeta-de-video-gigabyte-gv-r9070xtaorus-e-16gd-radeon-rx-9070-xt-16-gb-gddr6-pcie-5.0-gamer.jpg\" \/>\n\t<meta property=\"og:image:width\" content=\"200\" \/>\n\t<meta property=\"og:image:height\" content=\"200\" \/>\n\t<meta property=\"og:image:type\" content=\"image\/jpeg\" \/>\n<meta name=\"twitter:card\" content=\"summary_large_image\" \/>\n<meta name=\"twitter:label1\" content=\"Precio\" \/>\n\t<meta name=\"twitter:data1\" content=\"&#36;13,474 con IVA\" \/>\n\t<meta name=\"twitter:label2\" content=\"Availability\" \/>\n\t<meta name=\"twitter:data2\" content=\"In stock\" \/>\n<script type=\"application\/ld+json\" class=\"yoast-schema-graph\">{\"@context\":\"https:\/\/schema.org\",\"@graph\":[{\"@type\":\"WebPage\",\"@id\":\"https:\/\/compuviper.mx\/tienda\/producto\/gigabyte-gv-r9070xtaorus-e-16gd-tarjeta-de-video-radeon-rx-9070-xt-16-gb-gddr6-pcie-5-0-gamer\/\",\"url\":\"https:\/\/compuviper.mx\/tienda\/producto\/gigabyte-gv-r9070xtaorus-e-16gd-tarjeta-de-video-radeon-rx-9070-xt-16-gb-gddr6-pcie-5-0-gamer\/\",\"name\":\"[ Gigabyte ] &#129351; Gv-r9070xtaorus E-16gd Tarjeta De Video \/ Radeon Rx 9070 Xt \/ 16 Gb Gddr6 \/ Pcie 5.0 \/ Gamer\",\"isPartOf\":{\"@id\":\"https:\/\/compuviper.mx\/tienda\/#website\"},\"datePublished\":\"2026-04-25T08:16:06+00:00\",\"dateModified\":\"2026-04-26T06:00:40+00:00\",\"description\":\"Compra Gv-r9070xtaorus E-16gd Tarjeta De Video \/ Radeon Rx 9070 Xt \/ 16 Gb Gddr6 \/ Pcie 5.0 \/ Gamer + Env\u00edo a domicilio + Pago seguro + Garant\u00eda\",\"breadcrumb\":{\"@id\":\"https:\/\/compuviper.mx\/tienda\/producto\/gigabyte-gv-r9070xtaorus-e-16gd-tarjeta-de-video-radeon-rx-9070-xt-16-gb-gddr6-pcie-5-0-gamer\/#breadcrumb\"},\"inLanguage\":\"es-MX\",\"potentialAction\":[{\"@type\":\"ReadAction\",\"target\":[\"https:\/\/compuviper.mx\/tienda\/producto\/gigabyte-gv-r9070xtaorus-e-16gd-tarjeta-de-video-radeon-rx-9070-xt-16-gb-gddr6-pcie-5-0-gamer\/\"]}]},{\"@type\":\"BreadcrumbList\",\"@id\":\"https:\/\/compuviper.mx\/tienda\/producto\/gigabyte-gv-r9070xtaorus-e-16gd-tarjeta-de-video-radeon-rx-9070-xt-16-gb-gddr6-pcie-5-0-gamer\/#breadcrumb\",\"itemListElement\":[{\"@type\":\"ListItem\",\"position\":1,\"name\":\"Inicio\",\"item\":\"https:\/\/compuviper.mx\/tienda\/\"},{\"@type\":\"ListItem\",\"position\":2,\"name\":\"Productos\",\"item\":\"https:\/\/compuviper.mx\/tienda\/productos\/\"},{\"@type\":\"ListItem\",\"position\":3,\"name\":\"Video\",\"item\":\"https:\/\/compuviper.mx\/tienda\/categoria-producto\/video\/\"},{\"@type\":\"ListItem\",\"position\":4,\"name\":\"Video\",\"item\":\"https:\/\/compuviper.mx\/tienda\/categoria-producto\/video\/video-video\/\"},{\"@type\":\"ListItem\",\"position\":5,\"name\":\"Gigabyte Gv-r9070xtaorus E-16gd Tarjeta De Video \/ Radeon Rx 9070 Xt \/ 16 Gb Gddr6 \/ Pcie 5.0 \/ Gamer\"}]},{\"@type\":\"WebSite\",\"@id\":\"https:\/\/compuviper.mx\/tienda\/#website\",\"url\":\"https:\/\/compuviper.mx\/tienda\/\",\"name\":\"Compuviper\",\"description\":\"Proveedor de Computadoras, Laptops, Servidores, Monitores, Puntos de Venta, Teclados,   Impresoras, T\u00f3ner, C\u00e1maras de Seguridad y m\u00e1s en tu tienda en l\u00ednea\",\"publisher\":{\"@id\":\"https:\/\/compuviper.mx\/tienda\/#organization\"},\"potentialAction\":[{\"@type\":\"SearchAction\",\"target\":{\"@type\":\"EntryPoint\",\"urlTemplate\":\"https:\/\/compuviper.mx\/tienda\/?s={search_term_string}\"},\"query-input\":\"required name=search_term_string\"}],\"inLanguage\":\"es-MX\"},{\"@type\":\"Organization\",\"@id\":\"https:\/\/compuviper.mx\/tienda\/#organization\",\"name\":\"Compuviper\",\"url\":\"https:\/\/compuviper.mx\/tienda\/\",\"logo\":{\"@type\":\"ImageObject\",\"inLanguage\":\"es-MX\",\"@id\":\"https:\/\/compuviper.mx\/tienda\/#\/schema\/logo\/image\/\",\"url\":\"https:\/\/compuviper.mx\/tienda\/wp-content\/uploads\/2021\/08\/Logo-Compuviper-10.png\",\"contentUrl\":\"https:\/\/compuviper.mx\/tienda\/wp-content\/uploads\/2021\/08\/Logo-Compuviper-10.png\",\"width\":1000,\"height\":500,\"caption\":\"Compuviper\"},\"image\":{\"@id\":\"https:\/\/compuviper.mx\/tienda\/#\/schema\/logo\/image\/\"},\"sameAs\":[\"https:\/\/www.facebook.com\/compuviper\",\"https:\/\/www.youtube.com\/channel\/UCf73dERp9Y3cfOq7q8BhLjA?view_as=subscriber\"]}]}<\/script>\n<meta property=\"product:brand\" content=\"GIGABYTE\" \/>\n<meta property=\"product:price:amount\" content=\"13474\" \/>\n<meta property=\"product:price:currency\" content=\"MXN\" \/>\n<meta property=\"og:availability\" content=\"instock\" \/>\n<meta property=\"product:availability\" content=\"instock\" \/>\n<meta property=\"product:retailer_item_id\" content=\"GV-R9070XTAORUS E-16GD\" \/>\n<meta property=\"product:condition\" content=\"new\" \/>\n<!-- \/ Yoast SEO plugin. -->","yoast_head_json":{"title":"[ Gigabyte ] &#129351; Gv-r9070xtaorus E-16gd Tarjeta De Video \/ Radeon Rx 9070 Xt \/ 16 Gb Gddr6 \/ Pcie 5.0 \/ Gamer","description":"Compra Gv-r9070xtaorus E-16gd Tarjeta De Video \/ Radeon Rx 9070 Xt \/ 16 Gb Gddr6 \/ Pcie 5.0 \/ Gamer + Env\u00edo a domicilio + Pago seguro + Garant\u00eda","robots":{"index":"index","follow":"follow","max-snippet":"max-snippet:-1","max-image-preview":"max-image-preview:large","max-video-preview":"max-video-preview:-1"},"canonical":"https:\/\/compuviper.mx\/tienda\/producto\/gigabyte-gv-r9070xtaorus-e-16gd-tarjeta-de-video-radeon-rx-9070-xt-16-gb-gddr6-pcie-5-0-gamer\/","og_locale":"es_MX","og_type":"article","og_title":"[ Gigabyte ] &#129351; Gv-r9070xtaorus E-16gd Tarjeta De Video \/ Radeon Rx 9070 Xt \/ 16 Gb Gddr6 \/ Pcie 5.0 \/ Gamer","og_description":"Compra Gv-r9070xtaorus E-16gd Tarjeta De Video \/ Radeon Rx 9070 Xt \/ 16 Gb Gddr6 \/ Pcie 5.0 \/ Gamer + Env\u00edo a domicilio + Pago seguro + Garant\u00eda","og_url":"https:\/\/compuviper.mx\/tienda\/producto\/gigabyte-gv-r9070xtaorus-e-16gd-tarjeta-de-video-radeon-rx-9070-xt-16-gb-gddr6-pcie-5-0-gamer\/","og_site_name":"Compuviper","article_publisher":"https:\/\/www.facebook.com\/compuviper","article_modified_time":"2026-04-26T06:00:40+00:00","og_image":[{"width":200,"height":200,"url":"https:\/\/compuviper.mx\/tienda\/wp-content\/uploads\/2026\/02\/Tarjeta-de-video-gigabyte-gv-r9070xtaorus-e-16gd-radeon-rx-9070-xt-16-gb-gddr6-pcie-5.0-gamer.jpg","type":"image\/jpeg"}],"twitter_card":"summary_large_image","twitter_misc":{"Precio":"&#36;13,474 con IVA","Availability":"In stock"},"schema":{"@context":"https:\/\/schema.org","@graph":[{"@type":"WebPage","@id":"https:\/\/compuviper.mx\/tienda\/producto\/gigabyte-gv-r9070xtaorus-e-16gd-tarjeta-de-video-radeon-rx-9070-xt-16-gb-gddr6-pcie-5-0-gamer\/","url":"https:\/\/compuviper.mx\/tienda\/producto\/gigabyte-gv-r9070xtaorus-e-16gd-tarjeta-de-video-radeon-rx-9070-xt-16-gb-gddr6-pcie-5-0-gamer\/","name":"[ Gigabyte ] &#129351; Gv-r9070xtaorus E-16gd Tarjeta De Video \/ Radeon Rx 9070 Xt \/ 16 Gb Gddr6 \/ Pcie 5.0 \/ Gamer","isPartOf":{"@id":"https:\/\/compuviper.mx\/tienda\/#website"},"datePublished":"2026-04-25T08:16:06+00:00","dateModified":"2026-04-26T06:00:40+00:00","description":"Compra Gv-r9070xtaorus E-16gd Tarjeta De Video \/ Radeon Rx 9070 Xt \/ 16 Gb Gddr6 \/ Pcie 5.0 \/ Gamer + Env\u00edo a domicilio + Pago seguro + Garant\u00eda","breadcrumb":{"@id":"https:\/\/compuviper.mx\/tienda\/producto\/gigabyte-gv-r9070xtaorus-e-16gd-tarjeta-de-video-radeon-rx-9070-xt-16-gb-gddr6-pcie-5-0-gamer\/#breadcrumb"},"inLanguage":"es-MX","potentialAction":[{"@type":"ReadAction","target":["https:\/\/compuviper.mx\/tienda\/producto\/gigabyte-gv-r9070xtaorus-e-16gd-tarjeta-de-video-radeon-rx-9070-xt-16-gb-gddr6-pcie-5-0-gamer\/"]}]},{"@type":"BreadcrumbList","@id":"https:\/\/compuviper.mx\/tienda\/producto\/gigabyte-gv-r9070xtaorus-e-16gd-tarjeta-de-video-radeon-rx-9070-xt-16-gb-gddr6-pcie-5-0-gamer\/#breadcrumb","itemListElement":[{"@type":"ListItem","position":1,"name":"Inicio","item":"https:\/\/compuviper.mx\/tienda\/"},{"@type":"ListItem","position":2,"name":"Productos","item":"https:\/\/compuviper.mx\/tienda\/productos\/"},{"@type":"ListItem","position":3,"name":"Video","item":"https:\/\/compuviper.mx\/tienda\/categoria-producto\/video\/"},{"@type":"ListItem","position":4,"name":"Video","item":"https:\/\/compuviper.mx\/tienda\/categoria-producto\/video\/video-video\/"},{"@type":"ListItem","position":5,"name":"Gigabyte Gv-r9070xtaorus E-16gd Tarjeta De Video \/ Radeon Rx 9070 Xt \/ 16 Gb Gddr6 \/ Pcie 5.0 \/ Gamer"}]},{"@type":"WebSite","@id":"https:\/\/compuviper.mx\/tienda\/#website","url":"https:\/\/compuviper.mx\/tienda\/","name":"Compuviper","description":"Proveedor de Computadoras, Laptops, Servidores, Monitores, Puntos de Venta, Teclados,   Impresoras, T\u00f3ner, C\u00e1maras de Seguridad y m\u00e1s en tu tienda en l\u00ednea","publisher":{"@id":"https:\/\/compuviper.mx\/tienda\/#organization"},"potentialAction":[{"@type":"SearchAction","target":{"@type":"EntryPoint","urlTemplate":"https:\/\/compuviper.mx\/tienda\/?s={search_term_string}"},"query-input":"required name=search_term_string"}],"inLanguage":"es-MX"},{"@type":"Organization","@id":"https:\/\/compuviper.mx\/tienda\/#organization","name":"Compuviper","url":"https:\/\/compuviper.mx\/tienda\/","logo":{"@type":"ImageObject","inLanguage":"es-MX","@id":"https:\/\/compuviper.mx\/tienda\/#\/schema\/logo\/image\/","url":"https:\/\/compuviper.mx\/tienda\/wp-content\/uploads\/2021\/08\/Logo-Compuviper-10.png","contentUrl":"https:\/\/compuviper.mx\/tienda\/wp-content\/uploads\/2021\/08\/Logo-Compuviper-10.png","width":1000,"height":500,"caption":"Compuviper"},"image":{"@id":"https:\/\/compuviper.mx\/tienda\/#\/schema\/logo\/image\/"},"sameAs":["https:\/\/www.facebook.com\/compuviper","https:\/\/www.youtube.com\/channel\/UCf73dERp9Y3cfOq7q8BhLjA?view_as=subscriber"]}]},"product_brand":"GIGABYTE","product_price_amount":"13474","product_price_currency":"MXN","og_availability":"instock","product_availability":"instock","product_retailer_item_id":"GV-R9070XTAORUS E-16GD","product_condition":"new"},"_links":{"self":[{"href":"https:\/\/compuviper.mx\/tienda\/wp-json\/wp\/v2\/product\/267269"}],"collection":[{"href":"https:\/\/compuviper.mx\/tienda\/wp-json\/wp\/v2\/product"}],"about":[{"href":"https:\/\/compuviper.mx\/tienda\/wp-json\/wp\/v2\/types\/product"}],"replies":[{"embeddable":true,"href":"https:\/\/compuviper.mx\/tienda\/wp-json\/wp\/v2\/comments?post=267269"}],"wp:featuredmedia":[{"embeddable":true,"href":"https:\/\/compuviper.mx\/tienda\/wp-json\/wp\/v2\/media\/267270"}],"wp:attachment":[{"href":"https:\/\/compuviper.mx\/tienda\/wp-json\/wp\/v2\/media?parent=267269"}],"wp:term":[{"taxonomy":"product_cat","embeddable":true,"href":"https:\/\/compuviper.mx\/tienda\/wp-json\/wp\/v2\/product_cat?post=267269"},{"taxonomy":"product_tag","embeddable":true,"href":"https:\/\/compuviper.mx\/tienda\/wp-json\/wp\/v2\/product_tag?post=267269"}],"curies":[{"name":"wp","href":"https:\/\/api.w.org\/{rel}","templated":true}]}}