{"id":267253,"date":"2026-04-07T23:23:32","date_gmt":"2026-04-08T05:23:32","guid":{"rendered":"https:\/\/compuviper.mx\/tienda\/producto\/manhattan-440301-candados-candado-con-combinacin-para-laptop-3-en-1-noble-wedge-nano-y-k-slot\/"},"modified":"2026-04-07T23:23:32","modified_gmt":"2026-04-08T05:23:32","slug":"manhattan-440301-candados-candado-con-combinacin-para-laptop-3-en-1-noble-wedge-nano-y-k-slot","status":"publish","type":"product","link":"https:\/\/compuviper.mx\/tienda\/producto\/manhattan-440301-candados-candado-con-combinacin-para-laptop-3-en-1-noble-wedge-nano-y-k-slot\/","title":{"rendered":"Manhattan 440301 Candados\/\/\/candado Con Combinaci?n Para Laptop 3 En 1, Noble-wedge?, Nano Y K-slot"},"content":{"rendered":"<table class=\"descripcion\">\n<tr>\n<td>Soluci\u00f3n de bloqueo antirrobo que fija la laptop u otro equipo a un objeto fijo<\/td>\n<\/tr>\n<tr>\n<td>Punta de bloqueo ajustable compatible con noble wedge, kensington k-slot (t-bar) y ranura de bloque de nano seguridad<\/td>\n<\/tr>\n<tr>\n<td>Cable de acero fuerte y resistente a los cortes y construcci\u00f3n s\u00f3lida totalmente met\u00e1lica para evitar la manipulaci\u00f3n<\/td>\n<\/tr>\n<tr>\n<td>Candado de cuatro d\u00edgitos reseteable sin llave con 10,000 combinaciones seleccionables<\/td>\n<\/tr>\n<tr>\n<td>El formato 3 en 1 es compatible con las laptops de las principales marcas, como hp, lenovo, asus, acer, dell, etc.<\/td>\n<\/tr>\n<tr>\n<td>La r\u00f3tula permite una rotaci\u00f3n de 360\u00b0 y un giro de 90\u00b0 para reducir la tensi\u00f3n en la ranura<\/td>\n<\/tr>\n<tr>\n<td>Compatible con muchos dispositivos adem\u00e1s de laptops, como proyectores, monitores, impresoras, computadoras de escritorio y plataformas de conexi\u00f3n<\/td>\n<\/tr>\n<tr>\n<td>Cable flexible de 1.8 m de longitud para anclar f\u00e1cilmente el dispositivo a un escritorio fijo, poste u otro punto de fijaci\u00f3n.<\/td>\n<\/tr>\n<tr>\n<td>El duradero acabado en pvc protege de ara\u00f1azos los aparatos electr\u00f3nicos, muebles y otros objetos<\/td>\n<\/tr>\n<tr>\n<td>M\u00e1xima seguridad en los desplazamientos y en zonas con poca supervisi\u00f3n, como tiendas, bibliotecas, laboratorios inform\u00e1ticos, oficinas, colegios o stands de ferias.<\/td>\n<\/tr>\n<tr>\n<td>El separador de gomaespuma cerca de la punta del cierre evita que se raye el port\u00e1til o el dispositivo<\/td>\n<\/tr>\n<tr>\n<td>Cumplimiento total con taa<\/td>\n<\/tr>\n<tr>\n<td>3 a\u00f1os de garant\u00eda* (*consulte el tiempo de garant\u00eda en su ciudad o pa\u00eds)<\/td>\n<\/tr>\n<\/table>\n","protected":false},"excerpt":{"rendered":"<p>Candado con cable de seguridad antirrobo para laptop. Protege tu dispositivo cuando viajas y en zonas con poca supervisi\u00f3n. El candado manhattan de combinaci\u00f3n universal 3 en 1 para laptops es el compa\u00f1ero de seguridad fiable para este mundo actual del trabajo m\u00f3vil y las tendencias byod. Protege tus dispositivos m\u00f3viles as\u00ed como la informaci\u00f3n confidencial en donde te lleve tu jornada laboral. Es f\u00e1cil de usar y transportar para que tu laptop permanezca justo donde debe estar. M\u00e1xima compatibilidad con un candado para cualquier ranura. Este candado para laptop es compatible con las tres ranuras de seguridad m\u00e1s comunes: noble wedge, kensington k-slot (t-bar) y nano security slot. Su cu\u00f1a de bloqueo ajustable hace que se adapte perfectamente a las laptops de marcas l\u00edderes como hp, lenovo, asus, acer, dell, etc., ofreciendo una soluci\u00f3n preparada para el futuro a medida que evolucionan los est\u00e1ndares de seguridad de los dispositivos. Protecci\u00f3n fiable para m\u00e1s que laptops. Este candado se engancha sin esfuerzo directamente en el dise\u00f1o de ranura de bloqueo est\u00e1ndar m\u00e1s com\u00fan del sector, la ranura k de kensington. Adem\u00e1s de utilizarse en muchas laptops, tambi\u00e9n se utiliza en muchos monitores, proyectores, computadoras de escritorio, impresoras y estaciones de acoplamiento para proteger m\u00e1s equipos. Cerradura combinada de 4 d\u00edgitos reajustable. Cerradura de combinaci\u00f3n de 4 d\u00edgitos reajustable. La cerradura de combinaci\u00f3n significa que no tiene que preocuparse por las llaves perdidas. El dise\u00f1o de cuatro ruedas proporciona hasta 10.000 combinaciones posibles para ayudar a salvaguardar su equipo. Elija su propia combinaci\u00f3n. Cable de acero fuerte, duradero y resistente a los cortes. Con 1.8 metros (6 ft) de acero galvanizado enfundado, este candado de cable resiste con fuerza los intentos de corte. La construcci\u00f3n flexible se dobla f\u00e1cilmente para hacer un bucle alrededor de un poste estacionario, escritorio, mesa u otro punto de fijaci\u00f3n. Un revestimiento de pvc duradero ayuda a proteger los aparatos electr\u00f3nicos, muebles y otros objetos de ara\u00f1azos y da\u00f1os. Seguridad ante todo<\/p>\n","protected":false},"featured_media":0,"comment_status":"open","ping_status":"open","template":"","meta":[],"product_cat":[1485,1515],"product_tag":[1487],"acf":[],"yoast_head":"<!-- This site is optimized with the Yoast SEO plugin v21.7 - https:\/\/yoast.com\/wordpress\/plugins\/seo\/ -->\n<title>[ Manhattan ] &#129351; 440301 Candados\/\/\/candado Con Combinaci\u00f3n Para Laptop 3 En 1, Noble-wedge\u00ae, Nano Y K-slot<\/title>\n<meta name=\"description\" content=\"Compra 440301 Candados\/\/\/candado Con Combinaci\u00f3n Para Laptop 3 En 1, Noble-wedge\u00ae, Nano Y K-slot + Env\u00edo a domicilio + Pago seguro + Garant\u00eda\" \/>\n<meta name=\"robots\" content=\"index, follow, max-snippet:-1, max-image-preview:large, max-video-preview:-1\" \/>\n<link rel=\"canonical\" href=\"https:\/\/compuviper.mx\/tienda\/producto\/manhattan-440301-candados-candado-con-combinacin-para-laptop-3-en-1-noble-wedge-nano-y-k-slot\/\" \/>\n<meta property=\"og:locale\" content=\"es_MX\" \/>\n<meta property=\"og:type\" content=\"article\" \/>\n<meta property=\"og:title\" content=\"[ Manhattan ] &#129351; 440301 Candados\/\/\/candado Con Combinaci\u00f3n Para Laptop 3 En 1, Noble-wedge\u00ae, Nano Y K-slot\" \/>\n<meta property=\"og:description\" content=\"Compra 440301 Candados\/\/\/candado Con Combinaci\u00f3n Para Laptop 3 En 1, Noble-wedge\u00ae, Nano Y K-slot + Env\u00edo a domicilio + Pago seguro + Garant\u00eda\" \/>\n<meta property=\"og:url\" content=\"https:\/\/compuviper.mx\/tienda\/producto\/manhattan-440301-candados-candado-con-combinacin-para-laptop-3-en-1-noble-wedge-nano-y-k-slot\/\" \/>\n<meta property=\"og:site_name\" content=\"Compuviper\" \/>\n<meta property=\"article:publisher\" content=\"https:\/\/www.facebook.com\/compuviper\" \/>\n<meta name=\"twitter:card\" content=\"summary_large_image\" \/>\n<meta name=\"twitter:label1\" content=\"Precio\" \/>\n\t<meta name=\"twitter:data1\" content=\"&#36;468 con IVA\" \/>\n\t<meta name=\"twitter:label2\" content=\"Availability\" \/>\n\t<meta name=\"twitter:data2\" content=\"Out of stock\" \/>\n<script type=\"application\/ld+json\" class=\"yoast-schema-graph\">{\"@context\":\"https:\/\/schema.org\",\"@graph\":[{\"@type\":\"WebPage\",\"@id\":\"https:\/\/compuviper.mx\/tienda\/producto\/manhattan-440301-candados-candado-con-combinacin-para-laptop-3-en-1-noble-wedge-nano-y-k-slot\/\",\"url\":\"https:\/\/compuviper.mx\/tienda\/producto\/manhattan-440301-candados-candado-con-combinacin-para-laptop-3-en-1-noble-wedge-nano-y-k-slot\/\",\"name\":\"[ Manhattan ] &#129351; 440301 Candados\/\/\/candado Con Combinaci\u00f3n Para Laptop 3 En 1, Noble-wedge\u00ae, Nano Y K-slot\",\"isPartOf\":{\"@id\":\"https:\/\/compuviper.mx\/tienda\/#website\"},\"datePublished\":\"2026-04-08T05:23:32+00:00\",\"dateModified\":\"2026-04-08T05:23:32+00:00\",\"description\":\"Compra 440301 Candados\/\/\/candado Con Combinaci\u00f3n Para Laptop 3 En 1, Noble-wedge\u00ae, Nano Y K-slot + Env\u00edo a domicilio + Pago seguro + Garant\u00eda\",\"breadcrumb\":{\"@id\":\"https:\/\/compuviper.mx\/tienda\/producto\/manhattan-440301-candados-candado-con-combinacin-para-laptop-3-en-1-noble-wedge-nano-y-k-slot\/#breadcrumb\"},\"inLanguage\":\"es-MX\",\"potentialAction\":[{\"@type\":\"ReadAction\",\"target\":[\"https:\/\/compuviper.mx\/tienda\/producto\/manhattan-440301-candados-candado-con-combinacin-para-laptop-3-en-1-noble-wedge-nano-y-k-slot\/\"]}]},{\"@type\":\"BreadcrumbList\",\"@id\":\"https:\/\/compuviper.mx\/tienda\/producto\/manhattan-440301-candados-candado-con-combinacin-para-laptop-3-en-1-noble-wedge-nano-y-k-slot\/#breadcrumb\",\"itemListElement\":[{\"@type\":\"ListItem\",\"position\":1,\"name\":\"Inicio\",\"item\":\"https:\/\/compuviper.mx\/tienda\/\"},{\"@type\":\"ListItem\",\"position\":2,\"name\":\"Productos\",\"item\":\"https:\/\/compuviper.mx\/tienda\/productos\/\"},{\"@type\":\"ListItem\",\"position\":3,\"name\":\"Accesorios\",\"item\":\"https:\/\/compuviper.mx\/tienda\/categoria-producto\/accesorios\/\"},{\"@type\":\"ListItem\",\"position\":4,\"name\":\"Seguridad\",\"item\":\"https:\/\/compuviper.mx\/tienda\/categoria-producto\/accesorios\/seguridad\/\"},{\"@type\":\"ListItem\",\"position\":5,\"name\":\"Manhattan 440301 Candados\/\/\/candado Con Combinaci?n Para Laptop 3 En 1, Noble-wedge?, Nano Y K-slot\"}]},{\"@type\":\"WebSite\",\"@id\":\"https:\/\/compuviper.mx\/tienda\/#website\",\"url\":\"https:\/\/compuviper.mx\/tienda\/\",\"name\":\"Compuviper\",\"description\":\"Proveedor de Computadoras, Laptops, Servidores, Monitores, Puntos de Venta, Teclados,   Impresoras, T\u00f3ner, C\u00e1maras de Seguridad y m\u00e1s en tu tienda en l\u00ednea\",\"publisher\":{\"@id\":\"https:\/\/compuviper.mx\/tienda\/#organization\"},\"potentialAction\":[{\"@type\":\"SearchAction\",\"target\":{\"@type\":\"EntryPoint\",\"urlTemplate\":\"https:\/\/compuviper.mx\/tienda\/?s={search_term_string}\"},\"query-input\":\"required name=search_term_string\"}],\"inLanguage\":\"es-MX\"},{\"@type\":\"Organization\",\"@id\":\"https:\/\/compuviper.mx\/tienda\/#organization\",\"name\":\"Compuviper\",\"url\":\"https:\/\/compuviper.mx\/tienda\/\",\"logo\":{\"@type\":\"ImageObject\",\"inLanguage\":\"es-MX\",\"@id\":\"https:\/\/compuviper.mx\/tienda\/#\/schema\/logo\/image\/\",\"url\":\"https:\/\/compuviper.mx\/tienda\/wp-content\/uploads\/2021\/08\/Logo-Compuviper-10.png\",\"contentUrl\":\"https:\/\/compuviper.mx\/tienda\/wp-content\/uploads\/2021\/08\/Logo-Compuviper-10.png\",\"width\":1000,\"height\":500,\"caption\":\"Compuviper\"},\"image\":{\"@id\":\"https:\/\/compuviper.mx\/tienda\/#\/schema\/logo\/image\/\"},\"sameAs\":[\"https:\/\/www.facebook.com\/compuviper\",\"https:\/\/www.youtube.com\/channel\/UCf73dERp9Y3cfOq7q8BhLjA?view_as=subscriber\"]}]}<\/script>\n<meta property=\"product:brand\" content=\"MANHATTAN\" \/>\n<meta property=\"product:price:amount\" content=\"468\" \/>\n<meta property=\"product:price:currency\" content=\"MXN\" \/>\n<meta property=\"og:availability\" content=\"out of stock\" \/>\n<meta property=\"product:availability\" content=\"out of stock\" \/>\n<meta property=\"product:retailer_item_id\" content=\"440301\" \/>\n<meta property=\"product:condition\" content=\"new\" \/>\n<!-- \/ Yoast SEO plugin. -->","yoast_head_json":{"title":"[ Manhattan ] &#129351; 440301 Candados\/\/\/candado Con Combinaci\u00f3n Para Laptop 3 En 1, Noble-wedge\u00ae, Nano Y K-slot","description":"Compra 440301 Candados\/\/\/candado Con Combinaci\u00f3n Para Laptop 3 En 1, Noble-wedge\u00ae, Nano Y K-slot + Env\u00edo a domicilio + Pago seguro + Garant\u00eda","robots":{"index":"index","follow":"follow","max-snippet":"max-snippet:-1","max-image-preview":"max-image-preview:large","max-video-preview":"max-video-preview:-1"},"canonical":"https:\/\/compuviper.mx\/tienda\/producto\/manhattan-440301-candados-candado-con-combinacin-para-laptop-3-en-1-noble-wedge-nano-y-k-slot\/","og_locale":"es_MX","og_type":"article","og_title":"[ Manhattan ] &#129351; 440301 Candados\/\/\/candado Con Combinaci\u00f3n Para Laptop 3 En 1, Noble-wedge\u00ae, Nano Y K-slot","og_description":"Compra 440301 Candados\/\/\/candado Con Combinaci\u00f3n Para Laptop 3 En 1, Noble-wedge\u00ae, Nano Y K-slot + Env\u00edo a domicilio + Pago seguro + Garant\u00eda","og_url":"https:\/\/compuviper.mx\/tienda\/producto\/manhattan-440301-candados-candado-con-combinacin-para-laptop-3-en-1-noble-wedge-nano-y-k-slot\/","og_site_name":"Compuviper","article_publisher":"https:\/\/www.facebook.com\/compuviper","twitter_card":"summary_large_image","twitter_misc":{"Precio":"&#36;468 con IVA","Availability":"Out of stock"},"schema":{"@context":"https:\/\/schema.org","@graph":[{"@type":"WebPage","@id":"https:\/\/compuviper.mx\/tienda\/producto\/manhattan-440301-candados-candado-con-combinacin-para-laptop-3-en-1-noble-wedge-nano-y-k-slot\/","url":"https:\/\/compuviper.mx\/tienda\/producto\/manhattan-440301-candados-candado-con-combinacin-para-laptop-3-en-1-noble-wedge-nano-y-k-slot\/","name":"[ Manhattan ] &#129351; 440301 Candados\/\/\/candado Con Combinaci\u00f3n Para Laptop 3 En 1, Noble-wedge\u00ae, Nano Y K-slot","isPartOf":{"@id":"https:\/\/compuviper.mx\/tienda\/#website"},"datePublished":"2026-04-08T05:23:32+00:00","dateModified":"2026-04-08T05:23:32+00:00","description":"Compra 440301 Candados\/\/\/candado Con Combinaci\u00f3n Para Laptop 3 En 1, Noble-wedge\u00ae, Nano Y K-slot + Env\u00edo a domicilio + Pago seguro + Garant\u00eda","breadcrumb":{"@id":"https:\/\/compuviper.mx\/tienda\/producto\/manhattan-440301-candados-candado-con-combinacin-para-laptop-3-en-1-noble-wedge-nano-y-k-slot\/#breadcrumb"},"inLanguage":"es-MX","potentialAction":[{"@type":"ReadAction","target":["https:\/\/compuviper.mx\/tienda\/producto\/manhattan-440301-candados-candado-con-combinacin-para-laptop-3-en-1-noble-wedge-nano-y-k-slot\/"]}]},{"@type":"BreadcrumbList","@id":"https:\/\/compuviper.mx\/tienda\/producto\/manhattan-440301-candados-candado-con-combinacin-para-laptop-3-en-1-noble-wedge-nano-y-k-slot\/#breadcrumb","itemListElement":[{"@type":"ListItem","position":1,"name":"Inicio","item":"https:\/\/compuviper.mx\/tienda\/"},{"@type":"ListItem","position":2,"name":"Productos","item":"https:\/\/compuviper.mx\/tienda\/productos\/"},{"@type":"ListItem","position":3,"name":"Accesorios","item":"https:\/\/compuviper.mx\/tienda\/categoria-producto\/accesorios\/"},{"@type":"ListItem","position":4,"name":"Seguridad","item":"https:\/\/compuviper.mx\/tienda\/categoria-producto\/accesorios\/seguridad\/"},{"@type":"ListItem","position":5,"name":"Manhattan 440301 Candados\/\/\/candado Con Combinaci?n Para Laptop 3 En 1, Noble-wedge?, Nano Y K-slot"}]},{"@type":"WebSite","@id":"https:\/\/compuviper.mx\/tienda\/#website","url":"https:\/\/compuviper.mx\/tienda\/","name":"Compuviper","description":"Proveedor de Computadoras, Laptops, Servidores, Monitores, Puntos de Venta, Teclados,   Impresoras, T\u00f3ner, C\u00e1maras de Seguridad y m\u00e1s en tu tienda en l\u00ednea","publisher":{"@id":"https:\/\/compuviper.mx\/tienda\/#organization"},"potentialAction":[{"@type":"SearchAction","target":{"@type":"EntryPoint","urlTemplate":"https:\/\/compuviper.mx\/tienda\/?s={search_term_string}"},"query-input":"required name=search_term_string"}],"inLanguage":"es-MX"},{"@type":"Organization","@id":"https:\/\/compuviper.mx\/tienda\/#organization","name":"Compuviper","url":"https:\/\/compuviper.mx\/tienda\/","logo":{"@type":"ImageObject","inLanguage":"es-MX","@id":"https:\/\/compuviper.mx\/tienda\/#\/schema\/logo\/image\/","url":"https:\/\/compuviper.mx\/tienda\/wp-content\/uploads\/2021\/08\/Logo-Compuviper-10.png","contentUrl":"https:\/\/compuviper.mx\/tienda\/wp-content\/uploads\/2021\/08\/Logo-Compuviper-10.png","width":1000,"height":500,"caption":"Compuviper"},"image":{"@id":"https:\/\/compuviper.mx\/tienda\/#\/schema\/logo\/image\/"},"sameAs":["https:\/\/www.facebook.com\/compuviper","https:\/\/www.youtube.com\/channel\/UCf73dERp9Y3cfOq7q8BhLjA?view_as=subscriber"]}]},"product_brand":"MANHATTAN","product_price_amount":"468","product_price_currency":"MXN","og_availability":"out of stock","product_availability":"out of stock","product_retailer_item_id":"440301","product_condition":"new"},"_links":{"self":[{"href":"https:\/\/compuviper.mx\/tienda\/wp-json\/wp\/v2\/product\/267253"}],"collection":[{"href":"https:\/\/compuviper.mx\/tienda\/wp-json\/wp\/v2\/product"}],"about":[{"href":"https:\/\/compuviper.mx\/tienda\/wp-json\/wp\/v2\/types\/product"}],"replies":[{"embeddable":true,"href":"https:\/\/compuviper.mx\/tienda\/wp-json\/wp\/v2\/comments?post=267253"}],"wp:attachment":[{"href":"https:\/\/compuviper.mx\/tienda\/wp-json\/wp\/v2\/media?parent=267253"}],"wp:term":[{"taxonomy":"product_cat","embeddable":true,"href":"https:\/\/compuviper.mx\/tienda\/wp-json\/wp\/v2\/product_cat?post=267253"},{"taxonomy":"product_tag","embeddable":true,"href":"https:\/\/compuviper.mx\/tienda\/wp-json\/wp\/v2\/product_tag?post=267253"}],"curies":[{"name":"wp","href":"https:\/\/api.w.org\/{rel}","templated":true}]}}