{"id":267229,"date":"2026-04-05T23:22:25","date_gmt":"2026-04-06T05:22:25","guid":{"rendered":"https:\/\/compuviper.mx\/tienda\/producto\/sandisk-sdsquac-256g-gn6ma-memoria-micro-sdxc-256gb-ultra-150mb-s-clase-10-c-adaptador\/"},"modified":"2026-04-05T23:22:25","modified_gmt":"2026-04-06T05:22:25","slug":"sandisk-sdsquac-256g-gn6ma-memoria-micro-sdxc-256gb-ultra-150mb-s-clase-10-c-adaptador","status":"publish","type":"product","link":"https:\/\/compuviper.mx\/tienda\/producto\/sandisk-sdsquac-256g-gn6ma-memoria-micro-sdxc-256gb-ultra-150mb-s-clase-10-c-adaptador\/","title":{"rendered":"Sandisk Sdsquac-256g-gn6ma Memoria  Micro Sdxc 256gb Ultra 150mb\/s Clase 10 C\/adaptador"},"content":{"rendered":"<table class=\"descripcion\">\n<tr>\n<td>Capacidad<\/td>\n<\/tr>\n<tr>\n<td>256 gb<\/td>\n<\/tr>\n<tr>\n<td>Compatibilidad<\/td>\n<\/tr>\n<tr>\n<td>Compatible con dispositivos anfitri\u00f3n microsdhc y microsdxc<\/td>\n<\/tr>\n<tr>\n<td>Dimensiones (largo, ancho y alto)<\/td>\n<\/tr>\n<tr>\n<td>0.04 x 0.59 x 0.43<\/td>\n<\/tr>\n<tr>\n<td>Rendimiento de lectura secuencial<\/td>\n<\/tr>\n<tr>\n<td>Up to 150mb\/s<\/td>\n<\/tr>\n<\/table>\n","protected":false},"excerpt":{"rendered":"<p>La tarjeta sandisk ultra\u00ae microsd\u0099 uhs-i te proporciona la libertad para capturar, guardar y compartir m\u00e1s que nunca antes. Gracias a unas capacidades de hasta 1 tb, la tarjeta sandisk ultra microsd tiene espacio para almacenar incluso m\u00e1s horas de v\u00eddeo full hd y ofrece unas velocidades de transferencia de hasta 150 mb\/s para que puedas mover contenidos r\u00e1pidamente. La tarjeta, que es ideal para tel\u00e9fonos inteligentes y tabletas android\u0099, acelera la carga de las aplicaciones gracias a un rendimiento de clasificaci\u00f3n a1.<\/p>\n","protected":false},"featured_media":267230,"comment_status":"open","ping_status":"open","template":"","meta":[],"product_cat":[1795,1793],"product_tag":[1709],"acf":[],"yoast_head":"<!-- This site is optimized with the Yoast SEO plugin v21.7 - https:\/\/yoast.com\/wordpress\/plugins\/seo\/ -->\n<title>[ Sandisk ] &#129351; Sdsquac-256g-gn6ma Memoria Micro Sdxc 256gb Ultra 150mb\/s Clase 10 C\/adaptador<\/title>\n<meta name=\"description\" content=\"Compra Sdsquac-256g-gn6ma Memoria Micro Sdxc 256gb Ultra 150mb\/s Clase 10 C\/adaptador + Env\u00edo a domicilio + Pago seguro + Garant\u00eda\" \/>\n<meta name=\"robots\" content=\"index, follow, max-snippet:-1, max-image-preview:large, max-video-preview:-1\" \/>\n<link rel=\"canonical\" href=\"https:\/\/compuviper.mx\/tienda\/producto\/sandisk-sdsquac-256g-gn6ma-memoria-micro-sdxc-256gb-ultra-150mb-s-clase-10-c-adaptador\/\" \/>\n<meta property=\"og:locale\" content=\"es_MX\" \/>\n<meta property=\"og:type\" content=\"article\" \/>\n<meta property=\"og:title\" content=\"[ Sandisk ] &#129351; Sdsquac-256g-gn6ma Memoria Micro Sdxc 256gb Ultra 150mb\/s Clase 10 C\/adaptador\" \/>\n<meta property=\"og:description\" content=\"Compra Sdsquac-256g-gn6ma Memoria Micro Sdxc 256gb Ultra 150mb\/s Clase 10 C\/adaptador + Env\u00edo a domicilio + Pago seguro + Garant\u00eda\" \/>\n<meta property=\"og:url\" content=\"https:\/\/compuviper.mx\/tienda\/producto\/sandisk-sdsquac-256g-gn6ma-memoria-micro-sdxc-256gb-ultra-150mb-s-clase-10-c-adaptador\/\" \/>\n<meta property=\"og:site_name\" content=\"Compuviper\" \/>\n<meta property=\"article:publisher\" content=\"https:\/\/www.facebook.com\/compuviper\" \/>\n<meta property=\"og:image\" content=\"https:\/\/compuviper.mx\/tienda\/wp-content\/uploads\/2026\/02\/Memoria-sandisk-micro-sdxc-256gb-ultra-150mbs-clase-10-cadaptador-sdsquac-256g-gn6ma.jpg\" \/>\n\t<meta property=\"og:image:width\" content=\"200\" \/>\n\t<meta property=\"og:image:height\" content=\"200\" \/>\n\t<meta property=\"og:image:type\" content=\"image\/jpeg\" \/>\n<meta name=\"twitter:card\" content=\"summary_large_image\" \/>\n<meta name=\"twitter:label1\" content=\"Precio\" \/>\n\t<meta name=\"twitter:data1\" content=\"&#36;871 &#36;731 con IVA\" \/>\n\t<meta name=\"twitter:label2\" content=\"Availability\" \/>\n\t<meta name=\"twitter:data2\" content=\"In stock\" \/>\n<script type=\"application\/ld+json\" class=\"yoast-schema-graph\">{\"@context\":\"https:\/\/schema.org\",\"@graph\":[{\"@type\":\"WebPage\",\"@id\":\"https:\/\/compuviper.mx\/tienda\/producto\/sandisk-sdsquac-256g-gn6ma-memoria-micro-sdxc-256gb-ultra-150mb-s-clase-10-c-adaptador\/\",\"url\":\"https:\/\/compuviper.mx\/tienda\/producto\/sandisk-sdsquac-256g-gn6ma-memoria-micro-sdxc-256gb-ultra-150mb-s-clase-10-c-adaptador\/\",\"name\":\"[ Sandisk ] &#129351; Sdsquac-256g-gn6ma Memoria Micro Sdxc 256gb Ultra 150mb\/s Clase 10 C\/adaptador\",\"isPartOf\":{\"@id\":\"https:\/\/compuviper.mx\/tienda\/#website\"},\"datePublished\":\"2026-04-06T05:22:25+00:00\",\"dateModified\":\"2026-04-06T05:22:25+00:00\",\"description\":\"Compra Sdsquac-256g-gn6ma Memoria Micro Sdxc 256gb Ultra 150mb\/s Clase 10 C\/adaptador + Env\u00edo a domicilio + Pago seguro + Garant\u00eda\",\"breadcrumb\":{\"@id\":\"https:\/\/compuviper.mx\/tienda\/producto\/sandisk-sdsquac-256g-gn6ma-memoria-micro-sdxc-256gb-ultra-150mb-s-clase-10-c-adaptador\/#breadcrumb\"},\"inLanguage\":\"es-MX\",\"potentialAction\":[{\"@type\":\"ReadAction\",\"target\":[\"https:\/\/compuviper.mx\/tienda\/producto\/sandisk-sdsquac-256g-gn6ma-memoria-micro-sdxc-256gb-ultra-150mb-s-clase-10-c-adaptador\/\"]}]},{\"@type\":\"BreadcrumbList\",\"@id\":\"https:\/\/compuviper.mx\/tienda\/producto\/sandisk-sdsquac-256g-gn6ma-memoria-micro-sdxc-256gb-ultra-150mb-s-clase-10-c-adaptador\/#breadcrumb\",\"itemListElement\":[{\"@type\":\"ListItem\",\"position\":1,\"name\":\"Inicio\",\"item\":\"https:\/\/compuviper.mx\/tienda\/\"},{\"@type\":\"ListItem\",\"position\":2,\"name\":\"Productos\",\"item\":\"https:\/\/compuviper.mx\/tienda\/productos\/\"},{\"@type\":\"ListItem\",\"position\":3,\"name\":\"Memorias\",\"item\":\"https:\/\/compuviper.mx\/tienda\/categoria-producto\/memorias\/\"},{\"@type\":\"ListItem\",\"position\":4,\"name\":\"Memoria Flash Card\",\"item\":\"https:\/\/compuviper.mx\/tienda\/categoria-producto\/memorias\/memoria-flash-card\/\"},{\"@type\":\"ListItem\",\"position\":5,\"name\":\"Sandisk Sdsquac-256g-gn6ma Memoria Micro Sdxc 256gb Ultra 150mb\/s Clase 10 C\/adaptador\"}]},{\"@type\":\"WebSite\",\"@id\":\"https:\/\/compuviper.mx\/tienda\/#website\",\"url\":\"https:\/\/compuviper.mx\/tienda\/\",\"name\":\"Compuviper\",\"description\":\"Proveedor de Computadoras, Laptops, Servidores, Monitores, Puntos de Venta, Teclados,   Impresoras, T\u00f3ner, C\u00e1maras de Seguridad y m\u00e1s en tu tienda en l\u00ednea\",\"publisher\":{\"@id\":\"https:\/\/compuviper.mx\/tienda\/#organization\"},\"potentialAction\":[{\"@type\":\"SearchAction\",\"target\":{\"@type\":\"EntryPoint\",\"urlTemplate\":\"https:\/\/compuviper.mx\/tienda\/?s={search_term_string}\"},\"query-input\":\"required name=search_term_string\"}],\"inLanguage\":\"es-MX\"},{\"@type\":\"Organization\",\"@id\":\"https:\/\/compuviper.mx\/tienda\/#organization\",\"name\":\"Compuviper\",\"url\":\"https:\/\/compuviper.mx\/tienda\/\",\"logo\":{\"@type\":\"ImageObject\",\"inLanguage\":\"es-MX\",\"@id\":\"https:\/\/compuviper.mx\/tienda\/#\/schema\/logo\/image\/\",\"url\":\"https:\/\/compuviper.mx\/tienda\/wp-content\/uploads\/2021\/08\/Logo-Compuviper-10.png\",\"contentUrl\":\"https:\/\/compuviper.mx\/tienda\/wp-content\/uploads\/2021\/08\/Logo-Compuviper-10.png\",\"width\":1000,\"height\":500,\"caption\":\"Compuviper\"},\"image\":{\"@id\":\"https:\/\/compuviper.mx\/tienda\/#\/schema\/logo\/image\/\"},\"sameAs\":[\"https:\/\/www.facebook.com\/compuviper\",\"https:\/\/www.youtube.com\/channel\/UCf73dERp9Y3cfOq7q8BhLjA?view_as=subscriber\"]}]}<\/script>\n<meta property=\"product:brand\" content=\"SANDISK\" \/>\n<meta property=\"product:price:amount\" content=\"731\" \/>\n<meta property=\"product:price:currency\" content=\"MXN\" \/>\n<meta property=\"og:availability\" content=\"instock\" \/>\n<meta property=\"product:availability\" content=\"instock\" \/>\n<meta property=\"product:retailer_item_id\" content=\"SDSQUAC-256G-GN6MA\" \/>\n<meta property=\"product:condition\" content=\"new\" \/>\n<!-- \/ Yoast SEO plugin. -->","yoast_head_json":{"title":"[ Sandisk ] &#129351; Sdsquac-256g-gn6ma Memoria Micro Sdxc 256gb Ultra 150mb\/s Clase 10 C\/adaptador","description":"Compra Sdsquac-256g-gn6ma Memoria Micro Sdxc 256gb Ultra 150mb\/s Clase 10 C\/adaptador + Env\u00edo a domicilio + Pago seguro + Garant\u00eda","robots":{"index":"index","follow":"follow","max-snippet":"max-snippet:-1","max-image-preview":"max-image-preview:large","max-video-preview":"max-video-preview:-1"},"canonical":"https:\/\/compuviper.mx\/tienda\/producto\/sandisk-sdsquac-256g-gn6ma-memoria-micro-sdxc-256gb-ultra-150mb-s-clase-10-c-adaptador\/","og_locale":"es_MX","og_type":"article","og_title":"[ Sandisk ] &#129351; Sdsquac-256g-gn6ma Memoria Micro Sdxc 256gb Ultra 150mb\/s Clase 10 C\/adaptador","og_description":"Compra Sdsquac-256g-gn6ma Memoria Micro Sdxc 256gb Ultra 150mb\/s Clase 10 C\/adaptador + Env\u00edo a domicilio + Pago seguro + Garant\u00eda","og_url":"https:\/\/compuviper.mx\/tienda\/producto\/sandisk-sdsquac-256g-gn6ma-memoria-micro-sdxc-256gb-ultra-150mb-s-clase-10-c-adaptador\/","og_site_name":"Compuviper","article_publisher":"https:\/\/www.facebook.com\/compuviper","og_image":[{"width":200,"height":200,"url":"https:\/\/compuviper.mx\/tienda\/wp-content\/uploads\/2026\/02\/Memoria-sandisk-micro-sdxc-256gb-ultra-150mbs-clase-10-cadaptador-sdsquac-256g-gn6ma.jpg","type":"image\/jpeg"}],"twitter_card":"summary_large_image","twitter_misc":{"Precio":"&#36;871 &#36;731 con IVA","Availability":"In stock"},"schema":{"@context":"https:\/\/schema.org","@graph":[{"@type":"WebPage","@id":"https:\/\/compuviper.mx\/tienda\/producto\/sandisk-sdsquac-256g-gn6ma-memoria-micro-sdxc-256gb-ultra-150mb-s-clase-10-c-adaptador\/","url":"https:\/\/compuviper.mx\/tienda\/producto\/sandisk-sdsquac-256g-gn6ma-memoria-micro-sdxc-256gb-ultra-150mb-s-clase-10-c-adaptador\/","name":"[ Sandisk ] &#129351; Sdsquac-256g-gn6ma Memoria Micro Sdxc 256gb Ultra 150mb\/s Clase 10 C\/adaptador","isPartOf":{"@id":"https:\/\/compuviper.mx\/tienda\/#website"},"datePublished":"2026-04-06T05:22:25+00:00","dateModified":"2026-04-06T05:22:25+00:00","description":"Compra Sdsquac-256g-gn6ma Memoria Micro Sdxc 256gb Ultra 150mb\/s Clase 10 C\/adaptador + Env\u00edo a domicilio + Pago seguro + Garant\u00eda","breadcrumb":{"@id":"https:\/\/compuviper.mx\/tienda\/producto\/sandisk-sdsquac-256g-gn6ma-memoria-micro-sdxc-256gb-ultra-150mb-s-clase-10-c-adaptador\/#breadcrumb"},"inLanguage":"es-MX","potentialAction":[{"@type":"ReadAction","target":["https:\/\/compuviper.mx\/tienda\/producto\/sandisk-sdsquac-256g-gn6ma-memoria-micro-sdxc-256gb-ultra-150mb-s-clase-10-c-adaptador\/"]}]},{"@type":"BreadcrumbList","@id":"https:\/\/compuviper.mx\/tienda\/producto\/sandisk-sdsquac-256g-gn6ma-memoria-micro-sdxc-256gb-ultra-150mb-s-clase-10-c-adaptador\/#breadcrumb","itemListElement":[{"@type":"ListItem","position":1,"name":"Inicio","item":"https:\/\/compuviper.mx\/tienda\/"},{"@type":"ListItem","position":2,"name":"Productos","item":"https:\/\/compuviper.mx\/tienda\/productos\/"},{"@type":"ListItem","position":3,"name":"Memorias","item":"https:\/\/compuviper.mx\/tienda\/categoria-producto\/memorias\/"},{"@type":"ListItem","position":4,"name":"Memoria Flash Card","item":"https:\/\/compuviper.mx\/tienda\/categoria-producto\/memorias\/memoria-flash-card\/"},{"@type":"ListItem","position":5,"name":"Sandisk Sdsquac-256g-gn6ma Memoria Micro Sdxc 256gb Ultra 150mb\/s Clase 10 C\/adaptador"}]},{"@type":"WebSite","@id":"https:\/\/compuviper.mx\/tienda\/#website","url":"https:\/\/compuviper.mx\/tienda\/","name":"Compuviper","description":"Proveedor de Computadoras, Laptops, Servidores, Monitores, Puntos de Venta, Teclados,   Impresoras, T\u00f3ner, C\u00e1maras de Seguridad y m\u00e1s en tu tienda en l\u00ednea","publisher":{"@id":"https:\/\/compuviper.mx\/tienda\/#organization"},"potentialAction":[{"@type":"SearchAction","target":{"@type":"EntryPoint","urlTemplate":"https:\/\/compuviper.mx\/tienda\/?s={search_term_string}"},"query-input":"required name=search_term_string"}],"inLanguage":"es-MX"},{"@type":"Organization","@id":"https:\/\/compuviper.mx\/tienda\/#organization","name":"Compuviper","url":"https:\/\/compuviper.mx\/tienda\/","logo":{"@type":"ImageObject","inLanguage":"es-MX","@id":"https:\/\/compuviper.mx\/tienda\/#\/schema\/logo\/image\/","url":"https:\/\/compuviper.mx\/tienda\/wp-content\/uploads\/2021\/08\/Logo-Compuviper-10.png","contentUrl":"https:\/\/compuviper.mx\/tienda\/wp-content\/uploads\/2021\/08\/Logo-Compuviper-10.png","width":1000,"height":500,"caption":"Compuviper"},"image":{"@id":"https:\/\/compuviper.mx\/tienda\/#\/schema\/logo\/image\/"},"sameAs":["https:\/\/www.facebook.com\/compuviper","https:\/\/www.youtube.com\/channel\/UCf73dERp9Y3cfOq7q8BhLjA?view_as=subscriber"]}]},"product_brand":"SANDISK","product_price_amount":"731","product_price_currency":"MXN","og_availability":"instock","product_availability":"instock","product_retailer_item_id":"SDSQUAC-256G-GN6MA","product_condition":"new"},"_links":{"self":[{"href":"https:\/\/compuviper.mx\/tienda\/wp-json\/wp\/v2\/product\/267229"}],"collection":[{"href":"https:\/\/compuviper.mx\/tienda\/wp-json\/wp\/v2\/product"}],"about":[{"href":"https:\/\/compuviper.mx\/tienda\/wp-json\/wp\/v2\/types\/product"}],"replies":[{"embeddable":true,"href":"https:\/\/compuviper.mx\/tienda\/wp-json\/wp\/v2\/comments?post=267229"}],"wp:featuredmedia":[{"embeddable":true,"href":"https:\/\/compuviper.mx\/tienda\/wp-json\/wp\/v2\/media\/267230"}],"wp:attachment":[{"href":"https:\/\/compuviper.mx\/tienda\/wp-json\/wp\/v2\/media?parent=267229"}],"wp:term":[{"taxonomy":"product_cat","embeddable":true,"href":"https:\/\/compuviper.mx\/tienda\/wp-json\/wp\/v2\/product_cat?post=267229"},{"taxonomy":"product_tag","embeddable":true,"href":"https:\/\/compuviper.mx\/tienda\/wp-json\/wp\/v2\/product_tag?post=267229"}],"curies":[{"name":"wp","href":"https:\/\/api.w.org\/{rel}","templated":true}]}}