{"id":267223,"date":"2026-04-16T01:40:32","date_gmt":"2026-04-16T07:40:32","guid":{"rendered":"https:\/\/compuviper.mx\/tienda\/producto\/3nstar-p415-10w-8240-terminal-punto-de-venta-aio-touch-negro-15-pulgadas-intel-n97-ram-8gb-240-gb-ssd-capacitivo-wi-fi-bluetooth-sin-sistema-operativo\/"},"modified":"2026-04-16T01:40:32","modified_gmt":"2026-04-16T07:40:32","slug":"3nstar-p415-10w-8240-terminal-punto-de-venta-aio-touch-negro-15-pulgadas-intel-n97-ram-8gb-240-gb-ssd-capacitivo-wi-fi-bluetooth-sin-sistema-operativo","status":"publish","type":"product","link":"https:\/\/compuviper.mx\/tienda\/producto\/3nstar-p415-10w-8240-terminal-punto-de-venta-aio-touch-negro-15-pulgadas-intel-n97-ram-8gb-240-gb-ssd-capacitivo-wi-fi-bluetooth-sin-sistema-operativo\/","title":{"rendered":"3nstar P415-10w-8240 Terminal Punto De Venta   , Aio Touch, Negro , 15 Pulgadas, Intel N97, Ram 8gb, 240 Gb Ssd, Capacitivo, Wi-fi, Bluetooth,  Sin Sistema Operativo"},"content":{"rendered":"<table class=\"descripcion\">\n<tr>\n<td>Caracterisiticas f\u00edsicas<\/td>\n<\/tr>\n<tr>\n<td>Dimensiones: 382 mm\u00d7209 mm\u00d7329 mm<\/td>\n<\/tr>\n<tr>\n<td>Peso: 4.2 kg.<\/td>\n<\/tr>\n<tr>\n<td>Construcci\u00f3n: fundici\u00f3n a presi\u00f3n de aluminio<\/td>\n<\/tr>\n<tr>\n<td>Color: negro<\/td>\n<\/tr>\n<tr>\n<td>Rendimiento: p4 n95\/n97 p4 i5<\/td>\n<\/tr>\n<tr>\n<td>Sistema operativo: opcional: windows\/linux<\/td>\n<\/tr>\n<tr>\n<td>Procesador: intel n95 or n97, core\u0099 i5 de 12.\u00aa gen.<\/td>\n<\/tr>\n<tr>\n<td>Memoria: ram ddr4 de 8 gb ampliable a 32 gb<\/td>\n<\/tr>\n<tr>\n<td>Almacenamiento: ssd m.2 pcie de 4.\u00aa generaci\u00f3n de 240 gb ampliable a 1 tb<\/td>\n<\/tr>\n<tr>\n<td>Conectividad: wi-fi: doble banda 802.11a\/b\/g\/n\/ac<\/td>\n<\/tr>\n<tr>\n<td>Bluetooth: opcional incluido<\/td>\n<\/tr>\n<tr>\n<td>Opcional: incluido ethernet 10\/100\/1000m rj45<\/td>\n<\/tr>\n<tr>\n<td>Usb: 2 usb 3.0, 1 usb 2.0, 4 usb 2.0 en hub<\/td>\n<\/tr>\n<tr>\n<td>Serial: rs232 2 puertos rj50 pantalla t\u00e1ctil<\/td>\n<\/tr>\n<tr>\n<td>Tecnolog\u00eda<\/td>\n<\/tr>\n<tr>\n<td>Capacitivo 10 puntos transmisi\u00f3n  85%<\/td>\n<\/tr>\n<tr>\n<td>N\u00famero de toques: m\u00e1s de 50.000.000 monitor<\/td>\n<\/tr>\n<tr>\n<td>Resoluci\u00f3n: lcd tft de 1024 x 768<\/td>\n<\/tr>\n<tr>\n<td>Brillo 350 cd\/m2<\/td>\n<\/tr>\n<tr>\n<td>Soporte de color 16.7 m (8 bits) vida \u00fatil  50.000 horas<\/td>\n<\/tr>\n<tr>\n<td>Caracter\u00edsticas el\u00e9ctricas<\/td>\n<\/tr>\n<tr>\n<td>Salida del adaptador: cc 12 v, 5 a<\/td>\n<\/tr>\n<tr>\n<td>Entrada del adaptador : adaptador de ca 100-240 v, 50-60 hz<\/td>\n<\/tr>\n<tr>\n<td>Condiciones ambientales<\/td>\n<\/tr>\n<tr>\n<td>Temperatura de operaci\u00f3n 0 and #8451; ~ 40 and #8451;<\/td>\n<\/tr>\n<tr>\n<td>Temperatura de almacenaje -20 and #8451; ~ 60 and #8451;<\/td>\n<\/tr>\n<tr>\n<td>Humedad 10% ~ 90% (sin condensaci\u00f3n)<\/td>\n<\/tr>\n<tr>\n<td>Empaque<\/td>\n<\/tr>\n<tr>\n<td>Contenido: adaptador de corriente y manual<\/td>\n<\/tr>\n<tr>\n<td>Dimensiones 441mm x 161mm x 429mm<\/td>\n<\/tr>\n<tr>\n<td>Peso bruto (kg): 5.5kg.<\/td>\n<\/tr>\n<tr>\n<td>Certificaciones y garant\u00eda<\/td>\n<\/tr>\n<tr>\n<td>Certificaciones: ce, rohs, fcc, ccc<\/td>\n<\/tr>\n<tr>\n<td>Garant\u00eda 1 a\u00f1o (garant\u00eda extendida disponible)<\/td>\n<\/tr>\n<\/table>\n","protected":false},"excerpt":{"rendered":"<p>El 3nstar p4 es una soluci\u00f3n pos todo en uno elegante, compacta y potente dise\u00f1ada para empresas que exigen estilo y rendimiento. Construido con una carcasa de aluminio fundido a presi\u00f3n para mayor durabilidad, el p4 combina una est\u00e9tica moderna con tecnolog\u00eda confiable. Disponible con procesadores intel n95, n97 o core i5 de 12.\u00aa generaci\u00f3n, se adapta a diferentes necesidades de rendimiento manteniendo un tama\u00f1o reducido. Con memoria expandible, almacenamiento ssd de alta velocidad y opciones de conectividad flexibles, el p4 ofrece una experiencia de compra perfecta para el comercio minorista, la hosteler\u00eda y m\u00e1s.<\/p>\n","protected":false},"featured_media":0,"comment_status":"open","ping_status":"open","template":"","meta":[],"product_cat":[1533,1532],"product_tag":[1570],"acf":[],"yoast_head":"<!-- This site is optimized with the Yoast SEO plugin v21.7 - https:\/\/yoast.com\/wordpress\/plugins\/seo\/ -->\n<title>[ 3nstar ] &#129351; P415-10w-8240 Terminal Punto De Venta , Aio Touch, Negro , 15 Pulgadas, Intel N97, Ram 8gb, 240 Gb Ssd, Capacitivo, Wi-fi, Bluetooth, Sin Sistema Operativo<\/title>\n<meta name=\"description\" content=\"Compra P415-10w-8240 Terminal Punto De Venta , Aio Touch, Negro , 15 Pulgadas, Intel N97, Ram 8gb, 240 Gb Ssd, Capacitivo, Wi-fi, Bluetooth, Sin Sistema Operativo + Env\u00edo a domicilio + Pago seguro + Garant\u00eda\" \/>\n<meta name=\"robots\" content=\"index, follow, max-snippet:-1, max-image-preview:large, max-video-preview:-1\" \/>\n<link rel=\"canonical\" href=\"https:\/\/compuviper.mx\/tienda\/producto\/3nstar-p415-10w-8240-terminal-punto-de-venta-aio-touch-negro-15-pulgadas-intel-n97-ram-8gb-240-gb-ssd-capacitivo-wi-fi-bluetooth-sin-sistema-operativo\/\" \/>\n<meta property=\"og:locale\" content=\"es_MX\" \/>\n<meta property=\"og:type\" content=\"article\" \/>\n<meta property=\"og:title\" content=\"[ 3nstar ] &#129351; P415-10w-8240 Terminal Punto De Venta , Aio Touch, Negro , 15 Pulgadas, Intel N97, Ram 8gb, 240 Gb Ssd, Capacitivo, Wi-fi, Bluetooth, Sin Sistema Operativo\" \/>\n<meta property=\"og:description\" content=\"Compra P415-10w-8240 Terminal Punto De Venta , Aio Touch, Negro , 15 Pulgadas, Intel N97, Ram 8gb, 240 Gb Ssd, Capacitivo, Wi-fi, Bluetooth, Sin Sistema Operativo + Env\u00edo a domicilio + Pago seguro + Garant\u00eda\" \/>\n<meta property=\"og:url\" content=\"https:\/\/compuviper.mx\/tienda\/producto\/3nstar-p415-10w-8240-terminal-punto-de-venta-aio-touch-negro-15-pulgadas-intel-n97-ram-8gb-240-gb-ssd-capacitivo-wi-fi-bluetooth-sin-sistema-operativo\/\" \/>\n<meta property=\"og:site_name\" content=\"Compuviper\" \/>\n<meta property=\"article:publisher\" content=\"https:\/\/www.facebook.com\/compuviper\" \/>\n<meta name=\"twitter:card\" content=\"summary_large_image\" \/>\n<meta name=\"twitter:label1\" content=\"Precio\" \/>\n\t<meta name=\"twitter:data1\" content=\"&#36;10,529 con IVA\" \/>\n\t<meta name=\"twitter:label2\" content=\"Availability\" \/>\n\t<meta name=\"twitter:data2\" content=\"Out of stock\" \/>\n<script type=\"application\/ld+json\" class=\"yoast-schema-graph\">{\"@context\":\"https:\/\/schema.org\",\"@graph\":[{\"@type\":\"WebPage\",\"@id\":\"https:\/\/compuviper.mx\/tienda\/producto\/3nstar-p415-10w-8240-terminal-punto-de-venta-aio-touch-negro-15-pulgadas-intel-n97-ram-8gb-240-gb-ssd-capacitivo-wi-fi-bluetooth-sin-sistema-operativo\/\",\"url\":\"https:\/\/compuviper.mx\/tienda\/producto\/3nstar-p415-10w-8240-terminal-punto-de-venta-aio-touch-negro-15-pulgadas-intel-n97-ram-8gb-240-gb-ssd-capacitivo-wi-fi-bluetooth-sin-sistema-operativo\/\",\"name\":\"[ 3nstar ] &#129351; P415-10w-8240 Terminal Punto De Venta , Aio Touch, Negro , 15 Pulgadas, Intel N97, Ram 8gb, 240 Gb Ssd, Capacitivo, Wi-fi, Bluetooth, Sin Sistema Operativo\",\"isPartOf\":{\"@id\":\"https:\/\/compuviper.mx\/tienda\/#website\"},\"datePublished\":\"2026-04-16T07:40:32+00:00\",\"dateModified\":\"2026-04-16T07:40:32+00:00\",\"description\":\"Compra P415-10w-8240 Terminal Punto De Venta , Aio Touch, Negro , 15 Pulgadas, Intel N97, Ram 8gb, 240 Gb Ssd, Capacitivo, Wi-fi, Bluetooth, Sin Sistema Operativo + Env\u00edo a domicilio + Pago seguro + Garant\u00eda\",\"breadcrumb\":{\"@id\":\"https:\/\/compuviper.mx\/tienda\/producto\/3nstar-p415-10w-8240-terminal-punto-de-venta-aio-touch-negro-15-pulgadas-intel-n97-ram-8gb-240-gb-ssd-capacitivo-wi-fi-bluetooth-sin-sistema-operativo\/#breadcrumb\"},\"inLanguage\":\"es-MX\",\"potentialAction\":[{\"@type\":\"ReadAction\",\"target\":[\"https:\/\/compuviper.mx\/tienda\/producto\/3nstar-p415-10w-8240-terminal-punto-de-venta-aio-touch-negro-15-pulgadas-intel-n97-ram-8gb-240-gb-ssd-capacitivo-wi-fi-bluetooth-sin-sistema-operativo\/\"]}]},{\"@type\":\"BreadcrumbList\",\"@id\":\"https:\/\/compuviper.mx\/tienda\/producto\/3nstar-p415-10w-8240-terminal-punto-de-venta-aio-touch-negro-15-pulgadas-intel-n97-ram-8gb-240-gb-ssd-capacitivo-wi-fi-bluetooth-sin-sistema-operativo\/#breadcrumb\",\"itemListElement\":[{\"@type\":\"ListItem\",\"position\":1,\"name\":\"Inicio\",\"item\":\"https:\/\/compuviper.mx\/tienda\/\"},{\"@type\":\"ListItem\",\"position\":2,\"name\":\"Productos\",\"item\":\"https:\/\/compuviper.mx\/tienda\/productos\/\"},{\"@type\":\"ListItem\",\"position\":3,\"name\":\"Terminal Pos\",\"item\":\"https:\/\/compuviper.mx\/tienda\/categoria-producto\/terminal-pos\/\"},{\"@type\":\"ListItem\",\"position\":4,\"name\":\"Sin Categor\u00eda\",\"item\":\"https:\/\/compuviper.mx\/tienda\/categoria-producto\/terminal-pos\/sin-categoria-terminal-pos\/\"},{\"@type\":\"ListItem\",\"position\":5,\"name\":\"3nstar P415-10w-8240 Terminal Punto De Venta , Aio Touch, Negro , 15 Pulgadas, Intel N97, Ram 8gb, 240 Gb Ssd, Capacitivo, Wi-fi, Bluetooth, Sin Sistema Operativo\"}]},{\"@type\":\"WebSite\",\"@id\":\"https:\/\/compuviper.mx\/tienda\/#website\",\"url\":\"https:\/\/compuviper.mx\/tienda\/\",\"name\":\"Compuviper\",\"description\":\"Proveedor de Computadoras, Laptops, Servidores, Monitores, Puntos de Venta, Teclados,   Impresoras, T\u00f3ner, C\u00e1maras de Seguridad y m\u00e1s en tu tienda en l\u00ednea\",\"publisher\":{\"@id\":\"https:\/\/compuviper.mx\/tienda\/#organization\"},\"potentialAction\":[{\"@type\":\"SearchAction\",\"target\":{\"@type\":\"EntryPoint\",\"urlTemplate\":\"https:\/\/compuviper.mx\/tienda\/?s={search_term_string}\"},\"query-input\":\"required name=search_term_string\"}],\"inLanguage\":\"es-MX\"},{\"@type\":\"Organization\",\"@id\":\"https:\/\/compuviper.mx\/tienda\/#organization\",\"name\":\"Compuviper\",\"url\":\"https:\/\/compuviper.mx\/tienda\/\",\"logo\":{\"@type\":\"ImageObject\",\"inLanguage\":\"es-MX\",\"@id\":\"https:\/\/compuviper.mx\/tienda\/#\/schema\/logo\/image\/\",\"url\":\"https:\/\/compuviper.mx\/tienda\/wp-content\/uploads\/2021\/08\/Logo-Compuviper-10.png\",\"contentUrl\":\"https:\/\/compuviper.mx\/tienda\/wp-content\/uploads\/2021\/08\/Logo-Compuviper-10.png\",\"width\":1000,\"height\":500,\"caption\":\"Compuviper\"},\"image\":{\"@id\":\"https:\/\/compuviper.mx\/tienda\/#\/schema\/logo\/image\/\"},\"sameAs\":[\"https:\/\/www.facebook.com\/compuviper\",\"https:\/\/www.youtube.com\/channel\/UCf73dERp9Y3cfOq7q8BhLjA?view_as=subscriber\"]}]}<\/script>\n<meta property=\"product:brand\" content=\"3NSTAR\" \/>\n<meta property=\"product:price:amount\" content=\"10529\" \/>\n<meta property=\"product:price:currency\" content=\"MXN\" \/>\n<meta property=\"og:availability\" content=\"out of stock\" \/>\n<meta property=\"product:availability\" content=\"out of stock\" \/>\n<meta property=\"product:retailer_item_id\" content=\"P415-10W-8240\" \/>\n<meta property=\"product:condition\" content=\"new\" \/>\n<!-- \/ Yoast SEO plugin. -->","yoast_head_json":{"title":"[ 3nstar ] &#129351; P415-10w-8240 Terminal Punto De Venta , Aio Touch, Negro , 15 Pulgadas, Intel N97, Ram 8gb, 240 Gb Ssd, Capacitivo, Wi-fi, Bluetooth, Sin Sistema Operativo","description":"Compra P415-10w-8240 Terminal Punto De Venta , Aio Touch, Negro , 15 Pulgadas, Intel N97, Ram 8gb, 240 Gb Ssd, Capacitivo, Wi-fi, Bluetooth, Sin Sistema Operativo + Env\u00edo a domicilio + Pago seguro + Garant\u00eda","robots":{"index":"index","follow":"follow","max-snippet":"max-snippet:-1","max-image-preview":"max-image-preview:large","max-video-preview":"max-video-preview:-1"},"canonical":"https:\/\/compuviper.mx\/tienda\/producto\/3nstar-p415-10w-8240-terminal-punto-de-venta-aio-touch-negro-15-pulgadas-intel-n97-ram-8gb-240-gb-ssd-capacitivo-wi-fi-bluetooth-sin-sistema-operativo\/","og_locale":"es_MX","og_type":"article","og_title":"[ 3nstar ] &#129351; P415-10w-8240 Terminal Punto De Venta , Aio Touch, Negro , 15 Pulgadas, Intel N97, Ram 8gb, 240 Gb Ssd, Capacitivo, Wi-fi, Bluetooth, Sin Sistema Operativo","og_description":"Compra P415-10w-8240 Terminal Punto De Venta , Aio Touch, Negro , 15 Pulgadas, Intel N97, Ram 8gb, 240 Gb Ssd, Capacitivo, Wi-fi, Bluetooth, Sin Sistema Operativo + Env\u00edo a domicilio + Pago seguro + Garant\u00eda","og_url":"https:\/\/compuviper.mx\/tienda\/producto\/3nstar-p415-10w-8240-terminal-punto-de-venta-aio-touch-negro-15-pulgadas-intel-n97-ram-8gb-240-gb-ssd-capacitivo-wi-fi-bluetooth-sin-sistema-operativo\/","og_site_name":"Compuviper","article_publisher":"https:\/\/www.facebook.com\/compuviper","twitter_card":"summary_large_image","twitter_misc":{"Precio":"&#36;10,529 con IVA","Availability":"Out of stock"},"schema":{"@context":"https:\/\/schema.org","@graph":[{"@type":"WebPage","@id":"https:\/\/compuviper.mx\/tienda\/producto\/3nstar-p415-10w-8240-terminal-punto-de-venta-aio-touch-negro-15-pulgadas-intel-n97-ram-8gb-240-gb-ssd-capacitivo-wi-fi-bluetooth-sin-sistema-operativo\/","url":"https:\/\/compuviper.mx\/tienda\/producto\/3nstar-p415-10w-8240-terminal-punto-de-venta-aio-touch-negro-15-pulgadas-intel-n97-ram-8gb-240-gb-ssd-capacitivo-wi-fi-bluetooth-sin-sistema-operativo\/","name":"[ 3nstar ] &#129351; P415-10w-8240 Terminal Punto De Venta , Aio Touch, Negro , 15 Pulgadas, Intel N97, Ram 8gb, 240 Gb Ssd, Capacitivo, Wi-fi, Bluetooth, Sin Sistema Operativo","isPartOf":{"@id":"https:\/\/compuviper.mx\/tienda\/#website"},"datePublished":"2026-04-16T07:40:32+00:00","dateModified":"2026-04-16T07:40:32+00:00","description":"Compra P415-10w-8240 Terminal Punto De Venta , Aio Touch, Negro , 15 Pulgadas, Intel N97, Ram 8gb, 240 Gb Ssd, Capacitivo, Wi-fi, Bluetooth, Sin Sistema Operativo + Env\u00edo a domicilio + Pago seguro + Garant\u00eda","breadcrumb":{"@id":"https:\/\/compuviper.mx\/tienda\/producto\/3nstar-p415-10w-8240-terminal-punto-de-venta-aio-touch-negro-15-pulgadas-intel-n97-ram-8gb-240-gb-ssd-capacitivo-wi-fi-bluetooth-sin-sistema-operativo\/#breadcrumb"},"inLanguage":"es-MX","potentialAction":[{"@type":"ReadAction","target":["https:\/\/compuviper.mx\/tienda\/producto\/3nstar-p415-10w-8240-terminal-punto-de-venta-aio-touch-negro-15-pulgadas-intel-n97-ram-8gb-240-gb-ssd-capacitivo-wi-fi-bluetooth-sin-sistema-operativo\/"]}]},{"@type":"BreadcrumbList","@id":"https:\/\/compuviper.mx\/tienda\/producto\/3nstar-p415-10w-8240-terminal-punto-de-venta-aio-touch-negro-15-pulgadas-intel-n97-ram-8gb-240-gb-ssd-capacitivo-wi-fi-bluetooth-sin-sistema-operativo\/#breadcrumb","itemListElement":[{"@type":"ListItem","position":1,"name":"Inicio","item":"https:\/\/compuviper.mx\/tienda\/"},{"@type":"ListItem","position":2,"name":"Productos","item":"https:\/\/compuviper.mx\/tienda\/productos\/"},{"@type":"ListItem","position":3,"name":"Terminal Pos","item":"https:\/\/compuviper.mx\/tienda\/categoria-producto\/terminal-pos\/"},{"@type":"ListItem","position":4,"name":"Sin Categor\u00eda","item":"https:\/\/compuviper.mx\/tienda\/categoria-producto\/terminal-pos\/sin-categoria-terminal-pos\/"},{"@type":"ListItem","position":5,"name":"3nstar P415-10w-8240 Terminal Punto De Venta , Aio Touch, Negro , 15 Pulgadas, Intel N97, Ram 8gb, 240 Gb Ssd, Capacitivo, Wi-fi, Bluetooth, Sin Sistema Operativo"}]},{"@type":"WebSite","@id":"https:\/\/compuviper.mx\/tienda\/#website","url":"https:\/\/compuviper.mx\/tienda\/","name":"Compuviper","description":"Proveedor de Computadoras, Laptops, Servidores, Monitores, Puntos de Venta, Teclados,   Impresoras, T\u00f3ner, C\u00e1maras de Seguridad y m\u00e1s en tu tienda en l\u00ednea","publisher":{"@id":"https:\/\/compuviper.mx\/tienda\/#organization"},"potentialAction":[{"@type":"SearchAction","target":{"@type":"EntryPoint","urlTemplate":"https:\/\/compuviper.mx\/tienda\/?s={search_term_string}"},"query-input":"required name=search_term_string"}],"inLanguage":"es-MX"},{"@type":"Organization","@id":"https:\/\/compuviper.mx\/tienda\/#organization","name":"Compuviper","url":"https:\/\/compuviper.mx\/tienda\/","logo":{"@type":"ImageObject","inLanguage":"es-MX","@id":"https:\/\/compuviper.mx\/tienda\/#\/schema\/logo\/image\/","url":"https:\/\/compuviper.mx\/tienda\/wp-content\/uploads\/2021\/08\/Logo-Compuviper-10.png","contentUrl":"https:\/\/compuviper.mx\/tienda\/wp-content\/uploads\/2021\/08\/Logo-Compuviper-10.png","width":1000,"height":500,"caption":"Compuviper"},"image":{"@id":"https:\/\/compuviper.mx\/tienda\/#\/schema\/logo\/image\/"},"sameAs":["https:\/\/www.facebook.com\/compuviper","https:\/\/www.youtube.com\/channel\/UCf73dERp9Y3cfOq7q8BhLjA?view_as=subscriber"]}]},"product_brand":"3NSTAR","product_price_amount":"10529","product_price_currency":"MXN","og_availability":"out of stock","product_availability":"out of stock","product_retailer_item_id":"P415-10W-8240","product_condition":"new"},"_links":{"self":[{"href":"https:\/\/compuviper.mx\/tienda\/wp-json\/wp\/v2\/product\/267223"}],"collection":[{"href":"https:\/\/compuviper.mx\/tienda\/wp-json\/wp\/v2\/product"}],"about":[{"href":"https:\/\/compuviper.mx\/tienda\/wp-json\/wp\/v2\/types\/product"}],"replies":[{"embeddable":true,"href":"https:\/\/compuviper.mx\/tienda\/wp-json\/wp\/v2\/comments?post=267223"}],"wp:attachment":[{"href":"https:\/\/compuviper.mx\/tienda\/wp-json\/wp\/v2\/media?parent=267223"}],"wp:term":[{"taxonomy":"product_cat","embeddable":true,"href":"https:\/\/compuviper.mx\/tienda\/wp-json\/wp\/v2\/product_cat?post=267223"},{"taxonomy":"product_tag","embeddable":true,"href":"https:\/\/compuviper.mx\/tienda\/wp-json\/wp\/v2\/product_tag?post=267223"}],"curies":[{"name":"wp","href":"https:\/\/api.w.org\/{rel}","templated":true}]}}