{"id":267203,"date":"2026-04-02T00:39:33","date_gmt":"2026-04-02T06:39:33","guid":{"rendered":"https:\/\/compuviper.mx\/tienda\/producto\/wd-western-digital-wd241purp-disco-duro-interno-wd-purple-pro-24tb-3-5-escritorio-sata3-6gb-s-512mb-7200rpm-24x7-ia-dvr-nvr-hasta-64-camaras\/"},"modified":"2026-04-03T00:00:14","modified_gmt":"2026-04-03T06:00:14","slug":"wd-western-digital-wd241purp-disco-duro-interno-wd-purple-pro-24tb-3-5-escritorio-sata3-6gb-s-512mb-7200rpm-24x7-ia-dvr-nvr-hasta-64-camaras","status":"publish","type":"product","link":"https:\/\/compuviper.mx\/tienda\/producto\/wd-western-digital-wd241purp-disco-duro-interno-wd-purple-pro-24tb-3-5-escritorio-sata3-6gb-s-512mb-7200rpm-24x7-ia-dvr-nvr-hasta-64-camaras\/","title":{"rendered":"Wd &#8211; Western Digital Wd241purp Disco Duro Interno Wd Purple Pro 24tb 3.5 Escritorio Sata3 6gb\/s 512mb 7200rpm 24&#215;7 Ia Dvr Nvr Hasta 64 Camaras"},"content":{"rendered":"<table class=\"descripcion\">\n<tr>\n<td>Capacidad  24 tb<\/td>\n<\/tr>\n<tr>\n<td>Formato  3,5 pulgadas<\/td>\n<\/tr>\n<tr>\n<td>Conector  sata<\/td>\n<\/tr>\n<tr>\n<td>Conexion  sata<\/td>\n<\/tr>\n<tr>\n<td>Velocidad de transferencia  hasta 287 mb\/s<\/td>\n<\/tr>\n<tr>\n<td>Velocidad del disco (rpm)  7200 rpm<\/td>\n<\/tr>\n<tr>\n<td>Tecnologia de grabacion  cmr<\/td>\n<\/tr>\n<tr>\n<td>Tama\u00f1o de cache  512 mb<\/td>\n<\/tr>\n<tr>\n<td>Garantia limitada de 5 a\u00f1os<\/td>\n<\/tr>\n<tr>\n<td>Dimensiones (largo, ancho y alto)  147 mm x 101,6 mm x 26,1 mm<\/td>\n<\/tr>\n<tr>\n<td>Peso  690 gramos<\/td>\n<\/tr>\n<tr>\n<td>Numero de modelo  wd241purp<\/td>\n<\/tr>\n<tr>\n<td>Temperatura de funcionamiento  0\u00b0c a 65\u00b0c<\/td>\n<\/tr>\n<tr>\n<td>Temperatura no operativa  -40\u00b0c a 70\u00b0c<\/td>\n<\/tr>\n<tr>\n<td>Certificaciones :<\/td>\n<\/tr>\n<tr>\n<td>\u0095bsmi, ices-003\/nmb-003, ce, fcc, kc, maghreb, rcm, ukca, vcci, cb-scheme, tuv, ul<\/td>\n<\/tr>\n<tr>\n<td>Caracteristicas del producto :<\/td>\n<\/tr>\n<tr>\n<td>\u0095dise\u00f1ados para grabadoras avanzadas que emplean ia, dispositivos de analisis de video, servidores de aprendizaje profundo y almacenamiento en la nube, e incluyen raid y jbod<\/td>\n<\/tr>\n<tr>\n<td>\u0095dise\u00f1ados con componentes que soportan los da\u00f1os para entornos exigentes y con resistencia adicional para gabinetes de varias ranuras<\/td>\n<\/tr>\n<tr>\n<td>\u0095admiten un ndice de carga de trabajo hasta 550 tb por a\u00f1o<\/td>\n<\/tr>\n<tr>\n<td>Compatibilidad :<\/td>\n<\/tr>\n<tr>\n<td>\u0095up to 64 single-stream cameras<\/td>\n<\/tr>\n<\/table>\n","protected":false},"excerpt":{"rendered":"<p>Almacenamiento avanzado para soluciones de video inteligente. Los discos. Wd purple  pro estan dise\u00f1ados para grabadores, servidores de analisis de video y soluciones de aprendizaje profundo avanzados con ia que necesitan m\u00e1s capacidad, rendimiento y caracteristicas para cargas de trabajo. Almacenamiento dise\u00f1ado para tu solucion de video inteligente. El disco duro wd purple pro con tecnologia optinand de 26 tb ofrece una gran capacidad en un disco de nivel empresarial para servidores de analisis de video, ia y sistemas de aprendizaje profundo que permite lograr resultados basados en datos. Tecnologia de ia allframe exclusiva de western digital. La tecnologia ia allframe es compatible con hasta 32 transmisiones de inteligencia artificial para realizar analisis de aprendizaje profundo en el sistema, a la vez que reduce la perdida de fotogramas. Varias camaras y transmisiones. Los discos wd purple pro ea de 32 transmisiones de ia simultaneas. Esta flexibilidad te permite actualizar y ampliar facilmente una solucion de video inteligente para adaptarla si tus necesidades cambian. Capacidades de carga de trabajo avanzada para sistemas avanzados. Estos discos fiables se han dise\u00f1ado con un indice de carga de trabajo de hasta 550 tb al a\u00f1o, para estar a la altura en cuanto a captura de datos y analisis de video ininterrumpidos de los grabadores con ia avanzados, los dispositivos de analisis de video y los servidores de analisis de aprendizaje profundo. Dise\u00f1ado para un funcionamiento fiable. Dise\u00f1ado con un tiempo medio entre fallos (mtbf) de hasta 2,5 millones de horas y respaldado por una garantia limitada de 5 a\u00f1os, el disco duro wd purple pro tambien cuenta con componentes resistentes al desgaste y soporte multicompartimento completo, para permitir un funcionamiento fiable en sistemas de videovigilancia de gran escala. Gestion del almacenamiento proactiva con wdda. Western digital device analytics (wdda) ofrece funciones de gestion de la salud de la unidad para grabadores compatibles y sistemas de gestion de video.<\/p>\n","protected":false},"featured_media":267204,"comment_status":"open","ping_status":"open","template":"","meta":[],"product_cat":[1703,1706],"product_tag":[1705],"acf":[],"yoast_head":"<!-- This site is optimized with the Yoast SEO plugin v21.7 - https:\/\/yoast.com\/wordpress\/plugins\/seo\/ -->\n<title>[ Wd - Western Digital ] &#129351; Wd241purp Disco Duro Interno Wd Purple Pro 24tb 3.5 Escritorio Sata3 6gb\/s 512mb 7200rpm 24x7 Ia Dvr Nvr Hasta 64 Camaras<\/title>\n<meta name=\"description\" content=\"Compra Wd241purp Disco Duro Interno Wd Purple Pro 24tb 3.5 Escritorio Sata3 6gb\/s 512mb 7200rpm 24x7 Ia Dvr Nvr Hasta 64 Camaras + Env\u00edo a domicilio + Pago seguro + Garant\u00eda\" \/>\n<meta name=\"robots\" content=\"index, follow, max-snippet:-1, max-image-preview:large, max-video-preview:-1\" \/>\n<link rel=\"canonical\" href=\"https:\/\/compuviper.mx\/tienda\/producto\/wd-western-digital-wd241purp-disco-duro-interno-wd-purple-pro-24tb-3-5-escritorio-sata3-6gb-s-512mb-7200rpm-24x7-ia-dvr-nvr-hasta-64-camaras\/\" \/>\n<meta property=\"og:locale\" content=\"es_MX\" \/>\n<meta property=\"og:type\" content=\"article\" \/>\n<meta property=\"og:title\" content=\"[ Wd - Western Digital ] &#129351; Wd241purp Disco Duro Interno Wd Purple Pro 24tb 3.5 Escritorio Sata3 6gb\/s 512mb 7200rpm 24x7 Ia Dvr Nvr Hasta 64 Camaras\" \/>\n<meta property=\"og:description\" content=\"Compra Wd241purp Disco Duro Interno Wd Purple Pro 24tb 3.5 Escritorio Sata3 6gb\/s 512mb 7200rpm 24x7 Ia Dvr Nvr Hasta 64 Camaras + Env\u00edo a domicilio + Pago seguro + Garant\u00eda\" \/>\n<meta property=\"og:url\" content=\"https:\/\/compuviper.mx\/tienda\/producto\/wd-western-digital-wd241purp-disco-duro-interno-wd-purple-pro-24tb-3-5-escritorio-sata3-6gb-s-512mb-7200rpm-24x7-ia-dvr-nvr-hasta-64-camaras\/\" \/>\n<meta property=\"og:site_name\" content=\"Compuviper\" \/>\n<meta property=\"article:publisher\" content=\"https:\/\/www.facebook.com\/compuviper\" \/>\n<meta property=\"article:modified_time\" content=\"2026-04-03T06:00:14+00:00\" \/>\n<meta property=\"og:image\" content=\"https:\/\/compuviper.mx\/tienda\/wp-content\/uploads\/2026\/02\/Disco-duro-interno-wd-purple-pro-24tb-3.5-escritorio-sata3-6gbs-512mb-7200rpm-24x7-ia-dvr-nvr-hasta-64-camaras-wd241purp.jpg\" \/>\n\t<meta property=\"og:image:width\" content=\"200\" \/>\n\t<meta property=\"og:image:height\" content=\"200\" \/>\n\t<meta property=\"og:image:type\" content=\"image\/jpeg\" \/>\n<meta name=\"twitter:card\" content=\"summary_large_image\" \/>\n<meta name=\"twitter:label1\" content=\"Precio\" \/>\n\t<meta name=\"twitter:data1\" content=\"&#36;8,998 con IVA\" \/>\n\t<meta name=\"twitter:label2\" content=\"Availability\" \/>\n\t<meta name=\"twitter:data2\" content=\"In stock\" \/>\n<script type=\"application\/ld+json\" class=\"yoast-schema-graph\">{\"@context\":\"https:\/\/schema.org\",\"@graph\":[{\"@type\":\"WebPage\",\"@id\":\"https:\/\/compuviper.mx\/tienda\/producto\/wd-western-digital-wd241purp-disco-duro-interno-wd-purple-pro-24tb-3-5-escritorio-sata3-6gb-s-512mb-7200rpm-24x7-ia-dvr-nvr-hasta-64-camaras\/\",\"url\":\"https:\/\/compuviper.mx\/tienda\/producto\/wd-western-digital-wd241purp-disco-duro-interno-wd-purple-pro-24tb-3-5-escritorio-sata3-6gb-s-512mb-7200rpm-24x7-ia-dvr-nvr-hasta-64-camaras\/\",\"name\":\"[ Wd - Western Digital ] &#129351; Wd241purp Disco Duro Interno Wd Purple Pro 24tb 3.5 Escritorio Sata3 6gb\/s 512mb 7200rpm 24x7 Ia Dvr Nvr Hasta 64 Camaras\",\"isPartOf\":{\"@id\":\"https:\/\/compuviper.mx\/tienda\/#website\"},\"datePublished\":\"2026-04-02T06:39:33+00:00\",\"dateModified\":\"2026-04-03T06:00:14+00:00\",\"description\":\"Compra Wd241purp Disco Duro Interno Wd Purple Pro 24tb 3.5 Escritorio Sata3 6gb\/s 512mb 7200rpm 24x7 Ia Dvr Nvr Hasta 64 Camaras + Env\u00edo a domicilio + Pago seguro + Garant\u00eda\",\"breadcrumb\":{\"@id\":\"https:\/\/compuviper.mx\/tienda\/producto\/wd-western-digital-wd241purp-disco-duro-interno-wd-purple-pro-24tb-3-5-escritorio-sata3-6gb-s-512mb-7200rpm-24x7-ia-dvr-nvr-hasta-64-camaras\/#breadcrumb\"},\"inLanguage\":\"es-MX\",\"potentialAction\":[{\"@type\":\"ReadAction\",\"target\":[\"https:\/\/compuviper.mx\/tienda\/producto\/wd-western-digital-wd241purp-disco-duro-interno-wd-purple-pro-24tb-3-5-escritorio-sata3-6gb-s-512mb-7200rpm-24x7-ia-dvr-nvr-hasta-64-camaras\/\"]}]},{\"@type\":\"BreadcrumbList\",\"@id\":\"https:\/\/compuviper.mx\/tienda\/producto\/wd-western-digital-wd241purp-disco-duro-interno-wd-purple-pro-24tb-3-5-escritorio-sata3-6gb-s-512mb-7200rpm-24x7-ia-dvr-nvr-hasta-64-camaras\/#breadcrumb\",\"itemListElement\":[{\"@type\":\"ListItem\",\"position\":1,\"name\":\"Inicio\",\"item\":\"https:\/\/compuviper.mx\/tienda\/\"},{\"@type\":\"ListItem\",\"position\":2,\"name\":\"Productos\",\"item\":\"https:\/\/compuviper.mx\/tienda\/productos\/\"},{\"@type\":\"ListItem\",\"position\":3,\"name\":\"Discos Duros\",\"item\":\"https:\/\/compuviper.mx\/tienda\/categoria-producto\/discos-duros\/\"},{\"@type\":\"ListItem\",\"position\":4,\"name\":\"Disco Duro\",\"item\":\"https:\/\/compuviper.mx\/tienda\/categoria-producto\/discos-duros\/disco-duro\/\"},{\"@type\":\"ListItem\",\"position\":5,\"name\":\"Wd &#8211; Western Digital Wd241purp Disco Duro Interno Wd Purple Pro 24tb 3.5 Escritorio Sata3 6gb\/s 512mb 7200rpm 24&#215;7 Ia Dvr Nvr Hasta 64 Camaras\"}]},{\"@type\":\"WebSite\",\"@id\":\"https:\/\/compuviper.mx\/tienda\/#website\",\"url\":\"https:\/\/compuviper.mx\/tienda\/\",\"name\":\"Compuviper\",\"description\":\"Proveedor de Computadoras, Laptops, Servidores, Monitores, Puntos de Venta, Teclados,   Impresoras, T\u00f3ner, C\u00e1maras de Seguridad y m\u00e1s en tu tienda en l\u00ednea\",\"publisher\":{\"@id\":\"https:\/\/compuviper.mx\/tienda\/#organization\"},\"potentialAction\":[{\"@type\":\"SearchAction\",\"target\":{\"@type\":\"EntryPoint\",\"urlTemplate\":\"https:\/\/compuviper.mx\/tienda\/?s={search_term_string}\"},\"query-input\":\"required name=search_term_string\"}],\"inLanguage\":\"es-MX\"},{\"@type\":\"Organization\",\"@id\":\"https:\/\/compuviper.mx\/tienda\/#organization\",\"name\":\"Compuviper\",\"url\":\"https:\/\/compuviper.mx\/tienda\/\",\"logo\":{\"@type\":\"ImageObject\",\"inLanguage\":\"es-MX\",\"@id\":\"https:\/\/compuviper.mx\/tienda\/#\/schema\/logo\/image\/\",\"url\":\"https:\/\/compuviper.mx\/tienda\/wp-content\/uploads\/2021\/08\/Logo-Compuviper-10.png\",\"contentUrl\":\"https:\/\/compuviper.mx\/tienda\/wp-content\/uploads\/2021\/08\/Logo-Compuviper-10.png\",\"width\":1000,\"height\":500,\"caption\":\"Compuviper\"},\"image\":{\"@id\":\"https:\/\/compuviper.mx\/tienda\/#\/schema\/logo\/image\/\"},\"sameAs\":[\"https:\/\/www.facebook.com\/compuviper\",\"https:\/\/www.youtube.com\/channel\/UCf73dERp9Y3cfOq7q8BhLjA?view_as=subscriber\"]}]}<\/script>\n<meta property=\"product:brand\" content=\"WD - WESTERN DIGITAL\" \/>\n<meta property=\"product:price:amount\" content=\"8998\" \/>\n<meta property=\"product:price:currency\" content=\"MXN\" \/>\n<meta property=\"og:availability\" content=\"instock\" \/>\n<meta property=\"product:availability\" content=\"instock\" \/>\n<meta property=\"product:retailer_item_id\" content=\"WD241PURP\" \/>\n<meta property=\"product:condition\" content=\"new\" \/>\n<!-- \/ Yoast SEO plugin. -->","yoast_head_json":{"title":"[ Wd - Western Digital ] &#129351; Wd241purp Disco Duro Interno Wd Purple Pro 24tb 3.5 Escritorio Sata3 6gb\/s 512mb 7200rpm 24x7 Ia Dvr Nvr Hasta 64 Camaras","description":"Compra Wd241purp Disco Duro Interno Wd Purple Pro 24tb 3.5 Escritorio Sata3 6gb\/s 512mb 7200rpm 24x7 Ia Dvr Nvr Hasta 64 Camaras + Env\u00edo a domicilio + Pago seguro + Garant\u00eda","robots":{"index":"index","follow":"follow","max-snippet":"max-snippet:-1","max-image-preview":"max-image-preview:large","max-video-preview":"max-video-preview:-1"},"canonical":"https:\/\/compuviper.mx\/tienda\/producto\/wd-western-digital-wd241purp-disco-duro-interno-wd-purple-pro-24tb-3-5-escritorio-sata3-6gb-s-512mb-7200rpm-24x7-ia-dvr-nvr-hasta-64-camaras\/","og_locale":"es_MX","og_type":"article","og_title":"[ Wd - Western Digital ] &#129351; Wd241purp Disco Duro Interno Wd Purple Pro 24tb 3.5 Escritorio Sata3 6gb\/s 512mb 7200rpm 24x7 Ia Dvr Nvr Hasta 64 Camaras","og_description":"Compra Wd241purp Disco Duro Interno Wd Purple Pro 24tb 3.5 Escritorio Sata3 6gb\/s 512mb 7200rpm 24x7 Ia Dvr Nvr Hasta 64 Camaras + Env\u00edo a domicilio + Pago seguro + Garant\u00eda","og_url":"https:\/\/compuviper.mx\/tienda\/producto\/wd-western-digital-wd241purp-disco-duro-interno-wd-purple-pro-24tb-3-5-escritorio-sata3-6gb-s-512mb-7200rpm-24x7-ia-dvr-nvr-hasta-64-camaras\/","og_site_name":"Compuviper","article_publisher":"https:\/\/www.facebook.com\/compuviper","article_modified_time":"2026-04-03T06:00:14+00:00","og_image":[{"width":200,"height":200,"url":"https:\/\/compuviper.mx\/tienda\/wp-content\/uploads\/2026\/02\/Disco-duro-interno-wd-purple-pro-24tb-3.5-escritorio-sata3-6gbs-512mb-7200rpm-24x7-ia-dvr-nvr-hasta-64-camaras-wd241purp.jpg","type":"image\/jpeg"}],"twitter_card":"summary_large_image","twitter_misc":{"Precio":"&#36;8,998 con IVA","Availability":"In stock"},"schema":{"@context":"https:\/\/schema.org","@graph":[{"@type":"WebPage","@id":"https:\/\/compuviper.mx\/tienda\/producto\/wd-western-digital-wd241purp-disco-duro-interno-wd-purple-pro-24tb-3-5-escritorio-sata3-6gb-s-512mb-7200rpm-24x7-ia-dvr-nvr-hasta-64-camaras\/","url":"https:\/\/compuviper.mx\/tienda\/producto\/wd-western-digital-wd241purp-disco-duro-interno-wd-purple-pro-24tb-3-5-escritorio-sata3-6gb-s-512mb-7200rpm-24x7-ia-dvr-nvr-hasta-64-camaras\/","name":"[ Wd - Western Digital ] &#129351; Wd241purp Disco Duro Interno Wd Purple Pro 24tb 3.5 Escritorio Sata3 6gb\/s 512mb 7200rpm 24x7 Ia Dvr Nvr Hasta 64 Camaras","isPartOf":{"@id":"https:\/\/compuviper.mx\/tienda\/#website"},"datePublished":"2026-04-02T06:39:33+00:00","dateModified":"2026-04-03T06:00:14+00:00","description":"Compra Wd241purp Disco Duro Interno Wd Purple Pro 24tb 3.5 Escritorio Sata3 6gb\/s 512mb 7200rpm 24x7 Ia Dvr Nvr Hasta 64 Camaras + Env\u00edo a domicilio + Pago seguro + Garant\u00eda","breadcrumb":{"@id":"https:\/\/compuviper.mx\/tienda\/producto\/wd-western-digital-wd241purp-disco-duro-interno-wd-purple-pro-24tb-3-5-escritorio-sata3-6gb-s-512mb-7200rpm-24x7-ia-dvr-nvr-hasta-64-camaras\/#breadcrumb"},"inLanguage":"es-MX","potentialAction":[{"@type":"ReadAction","target":["https:\/\/compuviper.mx\/tienda\/producto\/wd-western-digital-wd241purp-disco-duro-interno-wd-purple-pro-24tb-3-5-escritorio-sata3-6gb-s-512mb-7200rpm-24x7-ia-dvr-nvr-hasta-64-camaras\/"]}]},{"@type":"BreadcrumbList","@id":"https:\/\/compuviper.mx\/tienda\/producto\/wd-western-digital-wd241purp-disco-duro-interno-wd-purple-pro-24tb-3-5-escritorio-sata3-6gb-s-512mb-7200rpm-24x7-ia-dvr-nvr-hasta-64-camaras\/#breadcrumb","itemListElement":[{"@type":"ListItem","position":1,"name":"Inicio","item":"https:\/\/compuviper.mx\/tienda\/"},{"@type":"ListItem","position":2,"name":"Productos","item":"https:\/\/compuviper.mx\/tienda\/productos\/"},{"@type":"ListItem","position":3,"name":"Discos Duros","item":"https:\/\/compuviper.mx\/tienda\/categoria-producto\/discos-duros\/"},{"@type":"ListItem","position":4,"name":"Disco Duro","item":"https:\/\/compuviper.mx\/tienda\/categoria-producto\/discos-duros\/disco-duro\/"},{"@type":"ListItem","position":5,"name":"Wd &#8211; Western Digital Wd241purp Disco Duro Interno Wd Purple Pro 24tb 3.5 Escritorio Sata3 6gb\/s 512mb 7200rpm 24&#215;7 Ia Dvr Nvr Hasta 64 Camaras"}]},{"@type":"WebSite","@id":"https:\/\/compuviper.mx\/tienda\/#website","url":"https:\/\/compuviper.mx\/tienda\/","name":"Compuviper","description":"Proveedor de Computadoras, Laptops, Servidores, Monitores, Puntos de Venta, Teclados,   Impresoras, T\u00f3ner, C\u00e1maras de Seguridad y m\u00e1s en tu tienda en l\u00ednea","publisher":{"@id":"https:\/\/compuviper.mx\/tienda\/#organization"},"potentialAction":[{"@type":"SearchAction","target":{"@type":"EntryPoint","urlTemplate":"https:\/\/compuviper.mx\/tienda\/?s={search_term_string}"},"query-input":"required name=search_term_string"}],"inLanguage":"es-MX"},{"@type":"Organization","@id":"https:\/\/compuviper.mx\/tienda\/#organization","name":"Compuviper","url":"https:\/\/compuviper.mx\/tienda\/","logo":{"@type":"ImageObject","inLanguage":"es-MX","@id":"https:\/\/compuviper.mx\/tienda\/#\/schema\/logo\/image\/","url":"https:\/\/compuviper.mx\/tienda\/wp-content\/uploads\/2021\/08\/Logo-Compuviper-10.png","contentUrl":"https:\/\/compuviper.mx\/tienda\/wp-content\/uploads\/2021\/08\/Logo-Compuviper-10.png","width":1000,"height":500,"caption":"Compuviper"},"image":{"@id":"https:\/\/compuviper.mx\/tienda\/#\/schema\/logo\/image\/"},"sameAs":["https:\/\/www.facebook.com\/compuviper","https:\/\/www.youtube.com\/channel\/UCf73dERp9Y3cfOq7q8BhLjA?view_as=subscriber"]}]},"product_brand":"WD - WESTERN DIGITAL","product_price_amount":"8998","product_price_currency":"MXN","og_availability":"instock","product_availability":"instock","product_retailer_item_id":"WD241PURP","product_condition":"new"},"_links":{"self":[{"href":"https:\/\/compuviper.mx\/tienda\/wp-json\/wp\/v2\/product\/267203"}],"collection":[{"href":"https:\/\/compuviper.mx\/tienda\/wp-json\/wp\/v2\/product"}],"about":[{"href":"https:\/\/compuviper.mx\/tienda\/wp-json\/wp\/v2\/types\/product"}],"replies":[{"embeddable":true,"href":"https:\/\/compuviper.mx\/tienda\/wp-json\/wp\/v2\/comments?post=267203"}],"wp:featuredmedia":[{"embeddable":true,"href":"https:\/\/compuviper.mx\/tienda\/wp-json\/wp\/v2\/media\/267204"}],"wp:attachment":[{"href":"https:\/\/compuviper.mx\/tienda\/wp-json\/wp\/v2\/media?parent=267203"}],"wp:term":[{"taxonomy":"product_cat","embeddable":true,"href":"https:\/\/compuviper.mx\/tienda\/wp-json\/wp\/v2\/product_cat?post=267203"},{"taxonomy":"product_tag","embeddable":true,"href":"https:\/\/compuviper.mx\/tienda\/wp-json\/wp\/v2\/product_tag?post=267203"}],"curies":[{"name":"wp","href":"https:\/\/api.w.org\/{rel}","templated":true}]}}