{"id":267180,"date":"2026-04-25T02:16:18","date_gmt":"2026-04-25T08:16:18","guid":{"rendered":"https:\/\/compuviper.mx\/tienda\/producto\/asrock-rx9060xt-cl-16go4711581491205-tarjeta-de-video-amd-radeon-rx-9060-xt-challenger-oc-16gb-gddr6-pcie-5-0-x-16-128-bits-boost-clock-3290-mhz-dual-fan-con-indicador-led-1-hdmi-2-1-2-displayport-2\/"},"modified":"2026-04-25T02:16:18","modified_gmt":"2026-04-25T08:16:18","slug":"asrock-rx9060xt-cl-16go4711581491205-tarjeta-de-video-amd-radeon-rx-9060-xt-challenger-oc-16gb-gddr6-pcie-5-0-x-16-128-bits-boost-clock-3290-mhz-dual-fan-con-indicador-led-1-hdmi-2-1-2-displayport-2","status":"publish","type":"product","link":"https:\/\/compuviper.mx\/tienda\/producto\/asrock-rx9060xt-cl-16go4711581491205-tarjeta-de-video-amd-radeon-rx-9060-xt-challenger-oc-16gb-gddr6-pcie-5-0-x-16-128-bits-boost-clock-3290-mhz-dual-fan-con-indicador-led-1-hdmi-2-1-2-displayport-2\/","title":{"rendered":"Asrock Rx9060xt Cl 16go,4711581491205 Tarjeta De Video  Amd Radeon Rx 9060 Xt Challenger Oc\/16gb Gddr6\/pcie 5.0 X 16\/128 Bits\/boost Clock 3290 Mhz\/dual Fan Con Indicador Led\/1 Hdmi 2.1\/2 Displayport 2.1\/resolucion Max 8k"},"content":{"rendered":"<table class=\"descripcion\">\n<tr>\n<td>Motor grafico: amd radeon rx 9060 xt<\/td>\n<\/tr>\n<tr>\n<td>Estandar de bus: pci express5.0 x16<\/td>\n<\/tr>\n<tr>\n<td>Directx: 12 ultimate<\/td>\n<\/tr>\n<tr>\n<td>Opengl: 4.6<\/td>\n<\/tr>\n<tr>\n<td>Memoria: gddr6 16gb<\/td>\n<\/tr>\n<tr>\n<td>Reloj del motor<\/td>\n<\/tr>\n<tr>\n<td>Reloj de potenciacion: 3290 mhz<\/td>\n<\/tr>\n<tr>\n<td>Reloj del juego: 2700 mhz<\/td>\n<\/tr>\n<tr>\n<td>Procesadores de flujo: 2048<\/td>\n<\/tr>\n<tr>\n<td>Unidades de calculo: 32<\/td>\n<\/tr>\n<tr>\n<td>Velocidad de memoria: 20gbps<\/td>\n<\/tr>\n<tr>\n<td>Interfaz de memoria: 128 bits<\/td>\n<\/tr>\n<tr>\n<td> resoluci\u00f3n maxima digital: 7680&#215;4320<\/td>\n<\/tr>\n<tr>\n<td>Interfaz: 1 x hdmi\u0099 2.1b, 2 x displayport\u0099 2.1a<\/td>\n<\/tr>\n<tr>\n<td>Hdcp: s\u00ed<\/td>\n<\/tr>\n<tr>\n<td>Vista multiple:  3<\/td>\n<\/tr>\n<tr>\n<td>Fuente recomendada: &#8211; 550w<\/td>\n<\/tr>\n<tr>\n<td>Conector de alimentacion: 1 x 8 clavijas<\/td>\n<\/tr>\n<tr>\n<td>Accesorios: 1 x guia rapida de instalacion<\/td>\n<\/tr>\n<tr>\n<td>Dimensiones: 249 x 132 x 41 mm<\/td>\n<\/tr>\n<tr>\n<td>Peso neto:  645 g<\/td>\n<\/tr>\n<\/table>\n","protected":false},"excerpt":{"rendered":"<p>Dise\u00f1o de doble ventilador. Eficiencia de refrigeracion optimizada. Ofrece no solo un panorama sofisticado, sino tambien una eficiencia de refrigeracion optimizada para el mejor equilibrio entre rendimiento y silencio. Elegante placa trasera metalica. Solido, elegante, genial. Dise\u00f1ado para evitar la flexion de la pcb. El dise\u00f1o sofisticado hace que la tarjeta grafica sea a\u00fan m\u00e1s legendaria visualmente. Tambien ayuda a mejorar la refrigeracion con las almohadillas t\u00e9rmicas premium equipadas en la parte trasera. Indicadores led. Mas decoracion. Mas belleza. El indicador led adorno la tarjeta gr\u00e1fica para hacerla mas bonita. Interruptor led. Enciende\/apaga como quieras. Puedes encender o apagar el led dependiendo de la situacion o de lo que necesites. Ventilador axial rayado. Dise\u00f1ado para mejorar la circulaci\u00f3n de aire. El ventilador axial a rayas personalizado de asrock ofrece un flujo de aire mejorado para optimizar la refrigeraci\u00f3n no solo desde la estructura de franjas de cada pala, sino tambi\u00e9n desde la superficie de pulido en la parte inferior. Refrigeracion silenciosa de 0db. Gira para enfriar, para para silencio. El ventilador gira cuando la temperatura sube para la refrigeracion optima, y se detiene cuando la temperatura baja para lograr un silencio total. Ultra-fit heatpipe. Consolidado para maximizar el contacto. Los heatpipes se consolidan para maximizar el contacto entre si y tambien la base de la gpu para optimizar la disipacion del calor.<\/p>\n","protected":false},"featured_media":0,"comment_status":"open","ping_status":"open","template":"","meta":[],"product_cat":[1841,1842],"product_tag":[2148],"acf":[],"yoast_head":"<!-- This site is optimized with the Yoast SEO plugin v21.7 - https:\/\/yoast.com\/wordpress\/plugins\/seo\/ -->\n<title>[ Asrock ] &#129351; Rx9060xt Cl 16go,4711581491205 Tarjeta De Video Amd Radeon Rx 9060 Xt Challenger Oc\/16gb Gddr6\/pcie 5.0 X 16\/128 Bits\/boost Clock 3290 Mhz\/dual Fan Con Indicador Led\/1 Hdmi 2.1\/2 Displayport 2.1\/resolucion Max 8k<\/title>\n<meta name=\"description\" content=\"Compra Rx9060xt Cl 16go,4711581491205 Tarjeta De Video Amd Radeon Rx 9060 Xt Challenger Oc\/16gb Gddr6\/pcie 5.0 X 16\/128 Bits\/boost Clock 3290 Mhz\/dual Fan Con Indicador Led\/1 Hdmi 2.1\/2 Displayport 2.1\/resolucion Max 8k + Env\u00edo a domicilio + Pago seguro + Garant\u00eda\" \/>\n<meta name=\"robots\" content=\"index, follow, max-snippet:-1, max-image-preview:large, max-video-preview:-1\" \/>\n<link rel=\"canonical\" href=\"https:\/\/compuviper.mx\/tienda\/producto\/asrock-rx9060xt-cl-16go4711581491205-tarjeta-de-video-amd-radeon-rx-9060-xt-challenger-oc-16gb-gddr6-pcie-5-0-x-16-128-bits-boost-clock-3290-mhz-dual-fan-con-indicador-led-1-hdmi-2-1-2-displayport-2\/\" \/>\n<meta property=\"og:locale\" content=\"es_MX\" \/>\n<meta property=\"og:type\" content=\"article\" \/>\n<meta property=\"og:title\" content=\"[ Asrock ] &#129351; Rx9060xt Cl 16go,4711581491205 Tarjeta De Video Amd Radeon Rx 9060 Xt Challenger Oc\/16gb Gddr6\/pcie 5.0 X 16\/128 Bits\/boost Clock 3290 Mhz\/dual Fan Con Indicador Led\/1 Hdmi 2.1\/2 Displayport 2.1\/resolucion Max 8k\" \/>\n<meta property=\"og:description\" content=\"Compra Rx9060xt Cl 16go,4711581491205 Tarjeta De Video Amd Radeon Rx 9060 Xt Challenger Oc\/16gb Gddr6\/pcie 5.0 X 16\/128 Bits\/boost Clock 3290 Mhz\/dual Fan Con Indicador Led\/1 Hdmi 2.1\/2 Displayport 2.1\/resolucion Max 8k + Env\u00edo a domicilio + Pago seguro + Garant\u00eda\" \/>\n<meta property=\"og:url\" content=\"https:\/\/compuviper.mx\/tienda\/producto\/asrock-rx9060xt-cl-16go4711581491205-tarjeta-de-video-amd-radeon-rx-9060-xt-challenger-oc-16gb-gddr6-pcie-5-0-x-16-128-bits-boost-clock-3290-mhz-dual-fan-con-indicador-led-1-hdmi-2-1-2-displayport-2\/\" \/>\n<meta property=\"og:site_name\" content=\"Compuviper\" \/>\n<meta property=\"article:publisher\" content=\"https:\/\/www.facebook.com\/compuviper\" \/>\n<meta name=\"twitter:card\" content=\"summary_large_image\" \/>\n<meta name=\"twitter:label1\" content=\"Precio\" \/>\n\t<meta name=\"twitter:data1\" content=\"&#36;7,572 &#36;7,515 con IVA\" \/>\n\t<meta name=\"twitter:label2\" content=\"Availability\" \/>\n\t<meta name=\"twitter:data2\" content=\"In stock\" \/>\n<script type=\"application\/ld+json\" class=\"yoast-schema-graph\">{\"@context\":\"https:\/\/schema.org\",\"@graph\":[{\"@type\":\"WebPage\",\"@id\":\"https:\/\/compuviper.mx\/tienda\/producto\/asrock-rx9060xt-cl-16go4711581491205-tarjeta-de-video-amd-radeon-rx-9060-xt-challenger-oc-16gb-gddr6-pcie-5-0-x-16-128-bits-boost-clock-3290-mhz-dual-fan-con-indicador-led-1-hdmi-2-1-2-displayport-2\/\",\"url\":\"https:\/\/compuviper.mx\/tienda\/producto\/asrock-rx9060xt-cl-16go4711581491205-tarjeta-de-video-amd-radeon-rx-9060-xt-challenger-oc-16gb-gddr6-pcie-5-0-x-16-128-bits-boost-clock-3290-mhz-dual-fan-con-indicador-led-1-hdmi-2-1-2-displayport-2\/\",\"name\":\"[ Asrock ] &#129351; Rx9060xt Cl 16go,4711581491205 Tarjeta De Video Amd Radeon Rx 9060 Xt Challenger Oc\/16gb Gddr6\/pcie 5.0 X 16\/128 Bits\/boost Clock 3290 Mhz\/dual Fan Con Indicador Led\/1 Hdmi 2.1\/2 Displayport 2.1\/resolucion Max 8k\",\"isPartOf\":{\"@id\":\"https:\/\/compuviper.mx\/tienda\/#website\"},\"datePublished\":\"2026-04-25T08:16:18+00:00\",\"dateModified\":\"2026-04-25T08:16:18+00:00\",\"description\":\"Compra Rx9060xt Cl 16go,4711581491205 Tarjeta De Video Amd Radeon Rx 9060 Xt Challenger Oc\/16gb Gddr6\/pcie 5.0 X 16\/128 Bits\/boost Clock 3290 Mhz\/dual Fan Con Indicador Led\/1 Hdmi 2.1\/2 Displayport 2.1\/resolucion Max 8k + Env\u00edo a domicilio + Pago seguro + Garant\u00eda\",\"breadcrumb\":{\"@id\":\"https:\/\/compuviper.mx\/tienda\/producto\/asrock-rx9060xt-cl-16go4711581491205-tarjeta-de-video-amd-radeon-rx-9060-xt-challenger-oc-16gb-gddr6-pcie-5-0-x-16-128-bits-boost-clock-3290-mhz-dual-fan-con-indicador-led-1-hdmi-2-1-2-displayport-2\/#breadcrumb\"},\"inLanguage\":\"es-MX\",\"potentialAction\":[{\"@type\":\"ReadAction\",\"target\":[\"https:\/\/compuviper.mx\/tienda\/producto\/asrock-rx9060xt-cl-16go4711581491205-tarjeta-de-video-amd-radeon-rx-9060-xt-challenger-oc-16gb-gddr6-pcie-5-0-x-16-128-bits-boost-clock-3290-mhz-dual-fan-con-indicador-led-1-hdmi-2-1-2-displayport-2\/\"]}]},{\"@type\":\"BreadcrumbList\",\"@id\":\"https:\/\/compuviper.mx\/tienda\/producto\/asrock-rx9060xt-cl-16go4711581491205-tarjeta-de-video-amd-radeon-rx-9060-xt-challenger-oc-16gb-gddr6-pcie-5-0-x-16-128-bits-boost-clock-3290-mhz-dual-fan-con-indicador-led-1-hdmi-2-1-2-displayport-2\/#breadcrumb\",\"itemListElement\":[{\"@type\":\"ListItem\",\"position\":1,\"name\":\"Inicio\",\"item\":\"https:\/\/compuviper.mx\/tienda\/\"},{\"@type\":\"ListItem\",\"position\":2,\"name\":\"Productos\",\"item\":\"https:\/\/compuviper.mx\/tienda\/productos\/\"},{\"@type\":\"ListItem\",\"position\":3,\"name\":\"Video\",\"item\":\"https:\/\/compuviper.mx\/tienda\/categoria-producto\/video\/\"},{\"@type\":\"ListItem\",\"position\":4,\"name\":\"Video\",\"item\":\"https:\/\/compuviper.mx\/tienda\/categoria-producto\/video\/video-video\/\"},{\"@type\":\"ListItem\",\"position\":5,\"name\":\"Asrock Rx9060xt Cl 16go,4711581491205 Tarjeta De Video Amd Radeon Rx 9060 Xt Challenger Oc\/16gb Gddr6\/pcie 5.0 X 16\/128 Bits\/boost Clock 3290 Mhz\/dual Fan Con Indicador Led\/1 Hdmi 2.1\/2 Displayport 2.1\/resolucion Max 8k\"}]},{\"@type\":\"WebSite\",\"@id\":\"https:\/\/compuviper.mx\/tienda\/#website\",\"url\":\"https:\/\/compuviper.mx\/tienda\/\",\"name\":\"Compuviper\",\"description\":\"Proveedor de Computadoras, Laptops, Servidores, Monitores, Puntos de Venta, Teclados,   Impresoras, T\u00f3ner, C\u00e1maras de Seguridad y m\u00e1s en tu tienda en l\u00ednea\",\"publisher\":{\"@id\":\"https:\/\/compuviper.mx\/tienda\/#organization\"},\"potentialAction\":[{\"@type\":\"SearchAction\",\"target\":{\"@type\":\"EntryPoint\",\"urlTemplate\":\"https:\/\/compuviper.mx\/tienda\/?s={search_term_string}\"},\"query-input\":\"required name=search_term_string\"}],\"inLanguage\":\"es-MX\"},{\"@type\":\"Organization\",\"@id\":\"https:\/\/compuviper.mx\/tienda\/#organization\",\"name\":\"Compuviper\",\"url\":\"https:\/\/compuviper.mx\/tienda\/\",\"logo\":{\"@type\":\"ImageObject\",\"inLanguage\":\"es-MX\",\"@id\":\"https:\/\/compuviper.mx\/tienda\/#\/schema\/logo\/image\/\",\"url\":\"https:\/\/compuviper.mx\/tienda\/wp-content\/uploads\/2021\/08\/Logo-Compuviper-10.png\",\"contentUrl\":\"https:\/\/compuviper.mx\/tienda\/wp-content\/uploads\/2021\/08\/Logo-Compuviper-10.png\",\"width\":1000,\"height\":500,\"caption\":\"Compuviper\"},\"image\":{\"@id\":\"https:\/\/compuviper.mx\/tienda\/#\/schema\/logo\/image\/\"},\"sameAs\":[\"https:\/\/www.facebook.com\/compuviper\",\"https:\/\/www.youtube.com\/channel\/UCf73dERp9Y3cfOq7q8BhLjA?view_as=subscriber\"]}]}<\/script>\n<meta property=\"product:brand\" content=\"Asrock\" \/>\n<meta property=\"product:price:amount\" content=\"7515\" \/>\n<meta property=\"product:price:currency\" content=\"MXN\" \/>\n<meta property=\"og:availability\" content=\"instock\" \/>\n<meta property=\"product:availability\" content=\"instock\" \/>\n<meta property=\"product:retailer_item_id\" content=\"RX9060XT CL 16GO,4711581491205\" \/>\n<meta property=\"product:condition\" content=\"new\" \/>\n<!-- \/ Yoast SEO plugin. -->","yoast_head_json":{"title":"[ Asrock ] &#129351; Rx9060xt Cl 16go,4711581491205 Tarjeta De Video Amd Radeon Rx 9060 Xt Challenger Oc\/16gb Gddr6\/pcie 5.0 X 16\/128 Bits\/boost Clock 3290 Mhz\/dual Fan Con Indicador Led\/1 Hdmi 2.1\/2 Displayport 2.1\/resolucion Max 8k","description":"Compra Rx9060xt Cl 16go,4711581491205 Tarjeta De Video Amd Radeon Rx 9060 Xt Challenger Oc\/16gb Gddr6\/pcie 5.0 X 16\/128 Bits\/boost Clock 3290 Mhz\/dual Fan Con Indicador Led\/1 Hdmi 2.1\/2 Displayport 2.1\/resolucion Max 8k + Env\u00edo a domicilio + Pago seguro + Garant\u00eda","robots":{"index":"index","follow":"follow","max-snippet":"max-snippet:-1","max-image-preview":"max-image-preview:large","max-video-preview":"max-video-preview:-1"},"canonical":"https:\/\/compuviper.mx\/tienda\/producto\/asrock-rx9060xt-cl-16go4711581491205-tarjeta-de-video-amd-radeon-rx-9060-xt-challenger-oc-16gb-gddr6-pcie-5-0-x-16-128-bits-boost-clock-3290-mhz-dual-fan-con-indicador-led-1-hdmi-2-1-2-displayport-2\/","og_locale":"es_MX","og_type":"article","og_title":"[ Asrock ] &#129351; Rx9060xt Cl 16go,4711581491205 Tarjeta De Video Amd Radeon Rx 9060 Xt Challenger Oc\/16gb Gddr6\/pcie 5.0 X 16\/128 Bits\/boost Clock 3290 Mhz\/dual Fan Con Indicador Led\/1 Hdmi 2.1\/2 Displayport 2.1\/resolucion Max 8k","og_description":"Compra Rx9060xt Cl 16go,4711581491205 Tarjeta De Video Amd Radeon Rx 9060 Xt Challenger Oc\/16gb Gddr6\/pcie 5.0 X 16\/128 Bits\/boost Clock 3290 Mhz\/dual Fan Con Indicador Led\/1 Hdmi 2.1\/2 Displayport 2.1\/resolucion Max 8k + Env\u00edo a domicilio + Pago seguro + Garant\u00eda","og_url":"https:\/\/compuviper.mx\/tienda\/producto\/asrock-rx9060xt-cl-16go4711581491205-tarjeta-de-video-amd-radeon-rx-9060-xt-challenger-oc-16gb-gddr6-pcie-5-0-x-16-128-bits-boost-clock-3290-mhz-dual-fan-con-indicador-led-1-hdmi-2-1-2-displayport-2\/","og_site_name":"Compuviper","article_publisher":"https:\/\/www.facebook.com\/compuviper","twitter_card":"summary_large_image","twitter_misc":{"Precio":"&#36;7,572 &#36;7,515 con IVA","Availability":"In stock"},"schema":{"@context":"https:\/\/schema.org","@graph":[{"@type":"WebPage","@id":"https:\/\/compuviper.mx\/tienda\/producto\/asrock-rx9060xt-cl-16go4711581491205-tarjeta-de-video-amd-radeon-rx-9060-xt-challenger-oc-16gb-gddr6-pcie-5-0-x-16-128-bits-boost-clock-3290-mhz-dual-fan-con-indicador-led-1-hdmi-2-1-2-displayport-2\/","url":"https:\/\/compuviper.mx\/tienda\/producto\/asrock-rx9060xt-cl-16go4711581491205-tarjeta-de-video-amd-radeon-rx-9060-xt-challenger-oc-16gb-gddr6-pcie-5-0-x-16-128-bits-boost-clock-3290-mhz-dual-fan-con-indicador-led-1-hdmi-2-1-2-displayport-2\/","name":"[ Asrock ] &#129351; Rx9060xt Cl 16go,4711581491205 Tarjeta De Video Amd Radeon Rx 9060 Xt Challenger Oc\/16gb Gddr6\/pcie 5.0 X 16\/128 Bits\/boost Clock 3290 Mhz\/dual Fan Con Indicador Led\/1 Hdmi 2.1\/2 Displayport 2.1\/resolucion Max 8k","isPartOf":{"@id":"https:\/\/compuviper.mx\/tienda\/#website"},"datePublished":"2026-04-25T08:16:18+00:00","dateModified":"2026-04-25T08:16:18+00:00","description":"Compra Rx9060xt Cl 16go,4711581491205 Tarjeta De Video Amd Radeon Rx 9060 Xt Challenger Oc\/16gb Gddr6\/pcie 5.0 X 16\/128 Bits\/boost Clock 3290 Mhz\/dual Fan Con Indicador Led\/1 Hdmi 2.1\/2 Displayport 2.1\/resolucion Max 8k + Env\u00edo a domicilio + Pago seguro + Garant\u00eda","breadcrumb":{"@id":"https:\/\/compuviper.mx\/tienda\/producto\/asrock-rx9060xt-cl-16go4711581491205-tarjeta-de-video-amd-radeon-rx-9060-xt-challenger-oc-16gb-gddr6-pcie-5-0-x-16-128-bits-boost-clock-3290-mhz-dual-fan-con-indicador-led-1-hdmi-2-1-2-displayport-2\/#breadcrumb"},"inLanguage":"es-MX","potentialAction":[{"@type":"ReadAction","target":["https:\/\/compuviper.mx\/tienda\/producto\/asrock-rx9060xt-cl-16go4711581491205-tarjeta-de-video-amd-radeon-rx-9060-xt-challenger-oc-16gb-gddr6-pcie-5-0-x-16-128-bits-boost-clock-3290-mhz-dual-fan-con-indicador-led-1-hdmi-2-1-2-displayport-2\/"]}]},{"@type":"BreadcrumbList","@id":"https:\/\/compuviper.mx\/tienda\/producto\/asrock-rx9060xt-cl-16go4711581491205-tarjeta-de-video-amd-radeon-rx-9060-xt-challenger-oc-16gb-gddr6-pcie-5-0-x-16-128-bits-boost-clock-3290-mhz-dual-fan-con-indicador-led-1-hdmi-2-1-2-displayport-2\/#breadcrumb","itemListElement":[{"@type":"ListItem","position":1,"name":"Inicio","item":"https:\/\/compuviper.mx\/tienda\/"},{"@type":"ListItem","position":2,"name":"Productos","item":"https:\/\/compuviper.mx\/tienda\/productos\/"},{"@type":"ListItem","position":3,"name":"Video","item":"https:\/\/compuviper.mx\/tienda\/categoria-producto\/video\/"},{"@type":"ListItem","position":4,"name":"Video","item":"https:\/\/compuviper.mx\/tienda\/categoria-producto\/video\/video-video\/"},{"@type":"ListItem","position":5,"name":"Asrock Rx9060xt Cl 16go,4711581491205 Tarjeta De Video Amd Radeon Rx 9060 Xt Challenger Oc\/16gb Gddr6\/pcie 5.0 X 16\/128 Bits\/boost Clock 3290 Mhz\/dual Fan Con Indicador Led\/1 Hdmi 2.1\/2 Displayport 2.1\/resolucion Max 8k"}]},{"@type":"WebSite","@id":"https:\/\/compuviper.mx\/tienda\/#website","url":"https:\/\/compuviper.mx\/tienda\/","name":"Compuviper","description":"Proveedor de Computadoras, Laptops, Servidores, Monitores, Puntos de Venta, Teclados,   Impresoras, T\u00f3ner, C\u00e1maras de Seguridad y m\u00e1s en tu tienda en l\u00ednea","publisher":{"@id":"https:\/\/compuviper.mx\/tienda\/#organization"},"potentialAction":[{"@type":"SearchAction","target":{"@type":"EntryPoint","urlTemplate":"https:\/\/compuviper.mx\/tienda\/?s={search_term_string}"},"query-input":"required name=search_term_string"}],"inLanguage":"es-MX"},{"@type":"Organization","@id":"https:\/\/compuviper.mx\/tienda\/#organization","name":"Compuviper","url":"https:\/\/compuviper.mx\/tienda\/","logo":{"@type":"ImageObject","inLanguage":"es-MX","@id":"https:\/\/compuviper.mx\/tienda\/#\/schema\/logo\/image\/","url":"https:\/\/compuviper.mx\/tienda\/wp-content\/uploads\/2021\/08\/Logo-Compuviper-10.png","contentUrl":"https:\/\/compuviper.mx\/tienda\/wp-content\/uploads\/2021\/08\/Logo-Compuviper-10.png","width":1000,"height":500,"caption":"Compuviper"},"image":{"@id":"https:\/\/compuviper.mx\/tienda\/#\/schema\/logo\/image\/"},"sameAs":["https:\/\/www.facebook.com\/compuviper","https:\/\/www.youtube.com\/channel\/UCf73dERp9Y3cfOq7q8BhLjA?view_as=subscriber"]}]},"product_brand":"Asrock","product_price_amount":"7515","product_price_currency":"MXN","og_availability":"instock","product_availability":"instock","product_retailer_item_id":"RX9060XT CL 16GO,4711581491205","product_condition":"new"},"_links":{"self":[{"href":"https:\/\/compuviper.mx\/tienda\/wp-json\/wp\/v2\/product\/267180"}],"collection":[{"href":"https:\/\/compuviper.mx\/tienda\/wp-json\/wp\/v2\/product"}],"about":[{"href":"https:\/\/compuviper.mx\/tienda\/wp-json\/wp\/v2\/types\/product"}],"replies":[{"embeddable":true,"href":"https:\/\/compuviper.mx\/tienda\/wp-json\/wp\/v2\/comments?post=267180"}],"wp:attachment":[{"href":"https:\/\/compuviper.mx\/tienda\/wp-json\/wp\/v2\/media?parent=267180"}],"wp:term":[{"taxonomy":"product_cat","embeddable":true,"href":"https:\/\/compuviper.mx\/tienda\/wp-json\/wp\/v2\/product_cat?post=267180"},{"taxonomy":"product_tag","embeddable":true,"href":"https:\/\/compuviper.mx\/tienda\/wp-json\/wp\/v2\/product_tag?post=267180"}],"curies":[{"name":"wp","href":"https:\/\/api.w.org\/{rel}","templated":true}]}}