{"id":267178,"date":"2026-04-02T02:26:17","date_gmt":"2026-04-02T08:26:17","guid":{"rendered":"https:\/\/compuviper.mx\/tienda\/producto\/xfx-rx-76tswftfp-tarjeta-de-video-amd-radeon-rx-7600xt-speedster-swft-210-dual-fan-16gb-gddr6-pcie-4-0-128-bit-gama-media\/"},"modified":"2026-04-03T00:00:33","modified_gmt":"2026-04-03T06:00:33","slug":"xfx-rx-76tswftfp-tarjeta-de-video-amd-radeon-rx-7600xt-speedster-swft-210-dual-fan-16gb-gddr6-pcie-4-0-128-bit-gama-media","status":"publish","type":"product","link":"https:\/\/compuviper.mx\/tienda\/producto\/xfx-rx-76tswftfp-tarjeta-de-video-amd-radeon-rx-7600xt-speedster-swft-210-dual-fan-16gb-gddr6-pcie-4-0-128-bit-gama-media\/","title":{"rendered":"Xfx Rx-76tswftfp Tarjeta De Video  Amd Radeon Rx 7600xt Speedster Swft 210 Dual Fan\/ 16gb\/ Gddr6\/ Pcie 4.0\/128 Bit\/gama Media"},"content":{"rendered":"<table class=\"descripcion\">\n<tr>\n<td>Tipo de bus pci-e 4.0<\/td>\n<\/tr>\n<tr>\n<td> velocidades de reloj<\/td>\n<\/tr>\n<tr>\n<td>Principal reloj base hasta: 1980 mhz<\/td>\n<\/tr>\n<tr>\n<td>Reloj de juego hasta: 2470 mhz*<\/td>\n<\/tr>\n<tr>\n<td>Reloj de refuerzo hasta: 2755 mhz**<\/td>\n<\/tr>\n<tr>\n<td>Procesadores de flujo:   2048<\/td>\n<\/tr>\n<tr>\n<td>Unidades de c\u00f3mputo: 32<\/td>\n<\/tr>\n<tr>\n<td>Bus de memoria: 128 bits<\/td>\n<\/tr>\n<tr>\n<td>Reloj de memoria: 18 gbps<\/td>\n<\/tr>\n<tr>\n<td>Tama\u00f1o de la memoria: 16 gb<\/td>\n<\/tr>\n<tr>\n<td>Ancho de banda de memoria efectivo: hasta 477 gb\/s<\/td>\n<\/tr>\n<tr>\n<td>Tipo de memoria: gddr6<\/td>\n<\/tr>\n<tr>\n<td>Perfil de tarjeta:   2 ranuras<\/td>\n<\/tr>\n<tr>\n<td>Soluci\u00f3n t\u00e9rmica: 2 ventiladores<\/td>\n<\/tr>\n<tr>\n<td>Salidas:<\/td>\n<\/tr>\n<tr>\n<td>Displayport 2.1: 3x  hdmi \u0099<\/td>\n<\/tr>\n<tr>\n<td>2.1: 1x<\/td>\n<\/tr>\n<tr>\n<td>Dimensiones y pesos estimados:<\/td>\n<\/tr>\n<tr>\n<td>Alimentaci\u00f3n externa 1x conexiones pci-e de 8 pines<\/td>\n<\/tr>\n<tr>\n<td>Requisito m\u00ednimo de fuente de alimentaci\u00f3n: 600 vatios<\/td>\n<\/tr>\n<tr>\n<td> dimensi\u00f3n de la tarjeta 30,2 x 11,4 x 5<\/td>\n<\/tr>\n<tr>\n<td>Dimensi\u00f3n de la tarjeta (pulgadas) 11,89 x 4,49 x 1,97<\/td>\n<\/tr>\n<tr>\n<td>Dimensiones de la caja principal (cm) 53 x 45 x 46<\/td>\n<\/tr>\n<tr>\n<td>Dimensiones de la caja principal (pulgadas) 20,87 x 17,72 x 18,11<\/td>\n<\/tr>\n<tr>\n<td>Peso de la caja principal (kg) 16,46<\/td>\n<\/tr>\n<tr>\n<td>Peso de la caja principal (libras) 36,28<\/td>\n<\/tr>\n<tr>\n<td>Dimensiones del paquete (cm) 42,7 x 21,4 x 12,6<\/td>\n<\/tr>\n<tr>\n<td>Dimensiones del paquete (pulgadas) 146,8 x 8,43 x 4,96<\/td>\n<\/tr>\n<tr>\n<td>Peso del paquete (kg) 1,55<\/td>\n<\/tr>\n<tr>\n<td>Peso del paquete (libras) 3,42<\/td>\n<\/tr>\n<tr>\n<td>Tecnologias:<\/td>\n<\/tr>\n<tr>\n<td>2 unidades de c\u00f3mputo amd rdna\u0099 3 (con aceleradores rt+ai)<\/td>\n<\/tr>\n<tr>\n<td>Tecnolog\u00eda amd infinity cache\u0099<\/td>\n<\/tr>\n<tr>\n<td>Displayport\u0099 2.1<\/td>\n<\/tr>\n<tr>\n<td>Motor amd radiance display\u0099<\/td>\n<\/tr>\n<tr>\n<td>Tecnolog\u00eda amd radeon\u0099 boost*<\/td>\n<\/tr>\n<tr>\n<td>Tecnolog\u00eda amd radeon\u0099 anti-lag**<\/td>\n<\/tr>\n<tr>\n<td>8 gb gddr6 en bus de memoria de 128 bits<\/td>\n<\/tr>\n<tr>\n<td>Compatible con pci\u00ae express 4.0<\/td>\n<\/tr>\n<tr>\n<td>Tecnolog\u00edas amd fidelityfx\u0099*<\/td>\n<\/tr>\n<tr>\n<td>Tecnolog\u00eda amd fidelityfx\u0099 super resoluci\u00f3n*<\/td>\n<\/tr>\n<tr>\n<td>Microsoft\u00ae directx\u00ae 12 ultimate<\/td>\n<\/tr>\n<tr>\n<td>Microsoft\u00ae directstorage vulkan\u00ae tecnolog\u00edas inteligentes amd<\/td>\n<\/tr>\n<tr>\n<td>Optimizadas * software amd: aplicaci\u00f3n adrenalin edition\u0099 supresi\u00f3n de ruido amd* vista de privacidad de amd* amd radeon \u0099 tecnolog\u00eda de s\u00faper resoluci\u00f3n* amd link* tecnolog\u00eda amd freesync\u0099*<\/td>\n<\/tr>\n<tr>\n<td>Caracteristicas clave:<\/td>\n<\/tr>\n<tr>\n<td>Compatibilidad con hdmi\u0099 4k<\/td>\n<\/tr>\n<tr>\n<td>Decodificaci\u00f3n 4k h264<\/td>\n<\/tr>\n<tr>\n<td>Codificaci\u00f3n 4k h264 decodificaci\u00f3n<\/td>\n<\/tr>\n<tr>\n<td>H265\/hevc codificaci\u00f3n<\/td>\n<\/tr>\n<tr>\n<td>H265\/hevc decodificaci\u00f3n<\/td>\n<\/tr>\n<tr>\n<td>Av1 codificaci\u00f3n av1<\/td>\n<\/tr>\n<\/table>\n","protected":false},"excerpt":{"rendered":"<p>Juego. Arroyo. Avance. La tarjeta gr\u00e1fica amd radeon\u0099 rx 7600 xt estableci\u00f3 un nuevo nivel de rendimiento para los jugadores. Cuenta con 16 gb de memoria gddr6 preparada para el futuro, unidades de c\u00f3mputo amd rdna\u0099 3 unificadas y tecnolog\u00edas de pr\u00f3xima generaci\u00f3n como amd hypr-rx, que permiten juegos ultrarr\u00e1pidos y fluidos con im\u00e1genes ultra detalladas para la mejor experiencia a 1080p, y la flexibilidad para saltar hasta 1440p. La tarjeta gr\u00e1fica radeon\u0099 rx 7600 xt ofrece una incre\u00edble experiencia de transmisi\u00f3n y juegos de alta actualizaci\u00f3n, y la confianza para jugar en los a\u00f1os venideros.<\/p>\n","protected":false},"featured_media":267179,"comment_status":"open","ping_status":"open","template":"","meta":[],"product_cat":[2153,1841],"product_tag":[2232],"acf":[],"yoast_head":"<!-- This site is optimized with the Yoast SEO plugin v21.7 - https:\/\/yoast.com\/wordpress\/plugins\/seo\/ -->\n<title>[ Xfx ] &#129351; Rx-76tswftfp Tarjeta De Video Amd Radeon Rx 7600xt Speedster Swft 210 Dual Fan\/ 16gb\/ Gddr6\/ Pcie 4.0\/128 Bit\/gama Media<\/title>\n<meta name=\"description\" content=\"Compra Rx-76tswftfp Tarjeta De Video Amd Radeon Rx 7600xt Speedster Swft 210 Dual Fan\/ 16gb\/ Gddr6\/ Pcie 4.0\/128 Bit\/gama Media + Env\u00edo a domicilio + Pago seguro + Garant\u00eda\" \/>\n<meta name=\"robots\" content=\"index, follow, max-snippet:-1, max-image-preview:large, max-video-preview:-1\" \/>\n<link rel=\"canonical\" href=\"https:\/\/compuviper.mx\/tienda\/producto\/xfx-rx-76tswftfp-tarjeta-de-video-amd-radeon-rx-7600xt-speedster-swft-210-dual-fan-16gb-gddr6-pcie-4-0-128-bit-gama-media\/\" \/>\n<meta property=\"og:locale\" content=\"es_MX\" \/>\n<meta property=\"og:type\" content=\"article\" \/>\n<meta property=\"og:title\" content=\"[ Xfx ] &#129351; Rx-76tswftfp Tarjeta De Video Amd Radeon Rx 7600xt Speedster Swft 210 Dual Fan\/ 16gb\/ Gddr6\/ Pcie 4.0\/128 Bit\/gama Media\" \/>\n<meta property=\"og:description\" content=\"Compra Rx-76tswftfp Tarjeta De Video Amd Radeon Rx 7600xt Speedster Swft 210 Dual Fan\/ 16gb\/ Gddr6\/ Pcie 4.0\/128 Bit\/gama Media + Env\u00edo a domicilio + Pago seguro + Garant\u00eda\" \/>\n<meta property=\"og:url\" content=\"https:\/\/compuviper.mx\/tienda\/producto\/xfx-rx-76tswftfp-tarjeta-de-video-amd-radeon-rx-7600xt-speedster-swft-210-dual-fan-16gb-gddr6-pcie-4-0-128-bit-gama-media\/\" \/>\n<meta property=\"og:site_name\" content=\"Compuviper\" \/>\n<meta property=\"article:publisher\" content=\"https:\/\/www.facebook.com\/compuviper\" \/>\n<meta property=\"article:modified_time\" content=\"2026-04-03T06:00:33+00:00\" \/>\n<meta property=\"og:image\" content=\"https:\/\/compuviper.mx\/tienda\/wp-content\/uploads\/2026\/02\/Tarjeta-de-video-xfx-amd-radeon-rx-7600xt-speedster-swft-210-dual-fan-16gb-gddr6-pcie-4.0128-bitgama-media.jpg\" \/>\n\t<meta property=\"og:image:width\" content=\"200\" \/>\n\t<meta property=\"og:image:height\" content=\"200\" \/>\n\t<meta property=\"og:image:type\" content=\"image\/jpeg\" \/>\n<meta name=\"twitter:card\" content=\"summary_large_image\" \/>\n<meta name=\"twitter:label1\" content=\"Precio\" \/>\n\t<meta name=\"twitter:data1\" content=\"&#36;7,011 con IVA\" \/>\n\t<meta name=\"twitter:label2\" content=\"Availability\" \/>\n\t<meta name=\"twitter:data2\" content=\"In stock\" \/>\n<script type=\"application\/ld+json\" class=\"yoast-schema-graph\">{\"@context\":\"https:\/\/schema.org\",\"@graph\":[{\"@type\":\"WebPage\",\"@id\":\"https:\/\/compuviper.mx\/tienda\/producto\/xfx-rx-76tswftfp-tarjeta-de-video-amd-radeon-rx-7600xt-speedster-swft-210-dual-fan-16gb-gddr6-pcie-4-0-128-bit-gama-media\/\",\"url\":\"https:\/\/compuviper.mx\/tienda\/producto\/xfx-rx-76tswftfp-tarjeta-de-video-amd-radeon-rx-7600xt-speedster-swft-210-dual-fan-16gb-gddr6-pcie-4-0-128-bit-gama-media\/\",\"name\":\"[ Xfx ] &#129351; Rx-76tswftfp Tarjeta De Video Amd Radeon Rx 7600xt Speedster Swft 210 Dual Fan\/ 16gb\/ Gddr6\/ Pcie 4.0\/128 Bit\/gama Media\",\"isPartOf\":{\"@id\":\"https:\/\/compuviper.mx\/tienda\/#website\"},\"datePublished\":\"2026-04-02T08:26:17+00:00\",\"dateModified\":\"2026-04-03T06:00:33+00:00\",\"description\":\"Compra Rx-76tswftfp Tarjeta De Video Amd Radeon Rx 7600xt Speedster Swft 210 Dual Fan\/ 16gb\/ Gddr6\/ Pcie 4.0\/128 Bit\/gama Media + Env\u00edo a domicilio + Pago seguro + Garant\u00eda\",\"breadcrumb\":{\"@id\":\"https:\/\/compuviper.mx\/tienda\/producto\/xfx-rx-76tswftfp-tarjeta-de-video-amd-radeon-rx-7600xt-speedster-swft-210-dual-fan-16gb-gddr6-pcie-4-0-128-bit-gama-media\/#breadcrumb\"},\"inLanguage\":\"es-MX\",\"potentialAction\":[{\"@type\":\"ReadAction\",\"target\":[\"https:\/\/compuviper.mx\/tienda\/producto\/xfx-rx-76tswftfp-tarjeta-de-video-amd-radeon-rx-7600xt-speedster-swft-210-dual-fan-16gb-gddr6-pcie-4-0-128-bit-gama-media\/\"]}]},{\"@type\":\"BreadcrumbList\",\"@id\":\"https:\/\/compuviper.mx\/tienda\/producto\/xfx-rx-76tswftfp-tarjeta-de-video-amd-radeon-rx-7600xt-speedster-swft-210-dual-fan-16gb-gddr6-pcie-4-0-128-bit-gama-media\/#breadcrumb\",\"itemListElement\":[{\"@type\":\"ListItem\",\"position\":1,\"name\":\"Inicio\",\"item\":\"https:\/\/compuviper.mx\/tienda\/\"},{\"@type\":\"ListItem\",\"position\":2,\"name\":\"Productos\",\"item\":\"https:\/\/compuviper.mx\/tienda\/productos\/\"},{\"@type\":\"ListItem\",\"position\":3,\"name\":\"Video\",\"item\":\"https:\/\/compuviper.mx\/tienda\/categoria-producto\/video\/\"},{\"@type\":\"ListItem\",\"position\":4,\"name\":\"Sin Categor\u00eda\",\"item\":\"https:\/\/compuviper.mx\/tienda\/categoria-producto\/video\/sin-categoria-video\/\"},{\"@type\":\"ListItem\",\"position\":5,\"name\":\"Xfx Rx-76tswftfp Tarjeta De Video Amd Radeon Rx 7600xt Speedster Swft 210 Dual Fan\/ 16gb\/ Gddr6\/ Pcie 4.0\/128 Bit\/gama Media\"}]},{\"@type\":\"WebSite\",\"@id\":\"https:\/\/compuviper.mx\/tienda\/#website\",\"url\":\"https:\/\/compuviper.mx\/tienda\/\",\"name\":\"Compuviper\",\"description\":\"Proveedor de Computadoras, Laptops, Servidores, Monitores, Puntos de Venta, Teclados,   Impresoras, T\u00f3ner, C\u00e1maras de Seguridad y m\u00e1s en tu tienda en l\u00ednea\",\"publisher\":{\"@id\":\"https:\/\/compuviper.mx\/tienda\/#organization\"},\"potentialAction\":[{\"@type\":\"SearchAction\",\"target\":{\"@type\":\"EntryPoint\",\"urlTemplate\":\"https:\/\/compuviper.mx\/tienda\/?s={search_term_string}\"},\"query-input\":\"required name=search_term_string\"}],\"inLanguage\":\"es-MX\"},{\"@type\":\"Organization\",\"@id\":\"https:\/\/compuviper.mx\/tienda\/#organization\",\"name\":\"Compuviper\",\"url\":\"https:\/\/compuviper.mx\/tienda\/\",\"logo\":{\"@type\":\"ImageObject\",\"inLanguage\":\"es-MX\",\"@id\":\"https:\/\/compuviper.mx\/tienda\/#\/schema\/logo\/image\/\",\"url\":\"https:\/\/compuviper.mx\/tienda\/wp-content\/uploads\/2021\/08\/Logo-Compuviper-10.png\",\"contentUrl\":\"https:\/\/compuviper.mx\/tienda\/wp-content\/uploads\/2021\/08\/Logo-Compuviper-10.png\",\"width\":1000,\"height\":500,\"caption\":\"Compuviper\"},\"image\":{\"@id\":\"https:\/\/compuviper.mx\/tienda\/#\/schema\/logo\/image\/\"},\"sameAs\":[\"https:\/\/www.facebook.com\/compuviper\",\"https:\/\/www.youtube.com\/channel\/UCf73dERp9Y3cfOq7q8BhLjA?view_as=subscriber\"]}]}<\/script>\n<meta property=\"product:brand\" content=\"Xfx\" \/>\n<meta property=\"product:price:amount\" content=\"7011\" \/>\n<meta property=\"product:price:currency\" content=\"MXN\" \/>\n<meta property=\"og:availability\" content=\"instock\" \/>\n<meta property=\"product:availability\" content=\"instock\" \/>\n<meta property=\"product:retailer_item_id\" content=\"RX-76TSWFTFP\" \/>\n<meta property=\"product:condition\" content=\"new\" \/>\n<!-- \/ Yoast SEO plugin. -->","yoast_head_json":{"title":"[ Xfx ] &#129351; Rx-76tswftfp Tarjeta De Video Amd Radeon Rx 7600xt Speedster Swft 210 Dual Fan\/ 16gb\/ Gddr6\/ Pcie 4.0\/128 Bit\/gama Media","description":"Compra Rx-76tswftfp Tarjeta De Video Amd Radeon Rx 7600xt Speedster Swft 210 Dual Fan\/ 16gb\/ Gddr6\/ Pcie 4.0\/128 Bit\/gama Media + Env\u00edo a domicilio + Pago seguro + Garant\u00eda","robots":{"index":"index","follow":"follow","max-snippet":"max-snippet:-1","max-image-preview":"max-image-preview:large","max-video-preview":"max-video-preview:-1"},"canonical":"https:\/\/compuviper.mx\/tienda\/producto\/xfx-rx-76tswftfp-tarjeta-de-video-amd-radeon-rx-7600xt-speedster-swft-210-dual-fan-16gb-gddr6-pcie-4-0-128-bit-gama-media\/","og_locale":"es_MX","og_type":"article","og_title":"[ Xfx ] &#129351; Rx-76tswftfp Tarjeta De Video Amd Radeon Rx 7600xt Speedster Swft 210 Dual Fan\/ 16gb\/ Gddr6\/ Pcie 4.0\/128 Bit\/gama Media","og_description":"Compra Rx-76tswftfp Tarjeta De Video Amd Radeon Rx 7600xt Speedster Swft 210 Dual Fan\/ 16gb\/ Gddr6\/ Pcie 4.0\/128 Bit\/gama Media + Env\u00edo a domicilio + Pago seguro + Garant\u00eda","og_url":"https:\/\/compuviper.mx\/tienda\/producto\/xfx-rx-76tswftfp-tarjeta-de-video-amd-radeon-rx-7600xt-speedster-swft-210-dual-fan-16gb-gddr6-pcie-4-0-128-bit-gama-media\/","og_site_name":"Compuviper","article_publisher":"https:\/\/www.facebook.com\/compuviper","article_modified_time":"2026-04-03T06:00:33+00:00","og_image":[{"width":200,"height":200,"url":"https:\/\/compuviper.mx\/tienda\/wp-content\/uploads\/2026\/02\/Tarjeta-de-video-xfx-amd-radeon-rx-7600xt-speedster-swft-210-dual-fan-16gb-gddr6-pcie-4.0128-bitgama-media.jpg","type":"image\/jpeg"}],"twitter_card":"summary_large_image","twitter_misc":{"Precio":"&#36;7,011 con IVA","Availability":"In stock"},"schema":{"@context":"https:\/\/schema.org","@graph":[{"@type":"WebPage","@id":"https:\/\/compuviper.mx\/tienda\/producto\/xfx-rx-76tswftfp-tarjeta-de-video-amd-radeon-rx-7600xt-speedster-swft-210-dual-fan-16gb-gddr6-pcie-4-0-128-bit-gama-media\/","url":"https:\/\/compuviper.mx\/tienda\/producto\/xfx-rx-76tswftfp-tarjeta-de-video-amd-radeon-rx-7600xt-speedster-swft-210-dual-fan-16gb-gddr6-pcie-4-0-128-bit-gama-media\/","name":"[ Xfx ] &#129351; Rx-76tswftfp Tarjeta De Video Amd Radeon Rx 7600xt Speedster Swft 210 Dual Fan\/ 16gb\/ Gddr6\/ Pcie 4.0\/128 Bit\/gama Media","isPartOf":{"@id":"https:\/\/compuviper.mx\/tienda\/#website"},"datePublished":"2026-04-02T08:26:17+00:00","dateModified":"2026-04-03T06:00:33+00:00","description":"Compra Rx-76tswftfp Tarjeta De Video Amd Radeon Rx 7600xt Speedster Swft 210 Dual Fan\/ 16gb\/ Gddr6\/ Pcie 4.0\/128 Bit\/gama Media + Env\u00edo a domicilio + Pago seguro + Garant\u00eda","breadcrumb":{"@id":"https:\/\/compuviper.mx\/tienda\/producto\/xfx-rx-76tswftfp-tarjeta-de-video-amd-radeon-rx-7600xt-speedster-swft-210-dual-fan-16gb-gddr6-pcie-4-0-128-bit-gama-media\/#breadcrumb"},"inLanguage":"es-MX","potentialAction":[{"@type":"ReadAction","target":["https:\/\/compuviper.mx\/tienda\/producto\/xfx-rx-76tswftfp-tarjeta-de-video-amd-radeon-rx-7600xt-speedster-swft-210-dual-fan-16gb-gddr6-pcie-4-0-128-bit-gama-media\/"]}]},{"@type":"BreadcrumbList","@id":"https:\/\/compuviper.mx\/tienda\/producto\/xfx-rx-76tswftfp-tarjeta-de-video-amd-radeon-rx-7600xt-speedster-swft-210-dual-fan-16gb-gddr6-pcie-4-0-128-bit-gama-media\/#breadcrumb","itemListElement":[{"@type":"ListItem","position":1,"name":"Inicio","item":"https:\/\/compuviper.mx\/tienda\/"},{"@type":"ListItem","position":2,"name":"Productos","item":"https:\/\/compuviper.mx\/tienda\/productos\/"},{"@type":"ListItem","position":3,"name":"Video","item":"https:\/\/compuviper.mx\/tienda\/categoria-producto\/video\/"},{"@type":"ListItem","position":4,"name":"Sin Categor\u00eda","item":"https:\/\/compuviper.mx\/tienda\/categoria-producto\/video\/sin-categoria-video\/"},{"@type":"ListItem","position":5,"name":"Xfx Rx-76tswftfp Tarjeta De Video Amd Radeon Rx 7600xt Speedster Swft 210 Dual Fan\/ 16gb\/ Gddr6\/ Pcie 4.0\/128 Bit\/gama Media"}]},{"@type":"WebSite","@id":"https:\/\/compuviper.mx\/tienda\/#website","url":"https:\/\/compuviper.mx\/tienda\/","name":"Compuviper","description":"Proveedor de Computadoras, Laptops, Servidores, Monitores, Puntos de Venta, Teclados,   Impresoras, T\u00f3ner, C\u00e1maras de Seguridad y m\u00e1s en tu tienda en l\u00ednea","publisher":{"@id":"https:\/\/compuviper.mx\/tienda\/#organization"},"potentialAction":[{"@type":"SearchAction","target":{"@type":"EntryPoint","urlTemplate":"https:\/\/compuviper.mx\/tienda\/?s={search_term_string}"},"query-input":"required name=search_term_string"}],"inLanguage":"es-MX"},{"@type":"Organization","@id":"https:\/\/compuviper.mx\/tienda\/#organization","name":"Compuviper","url":"https:\/\/compuviper.mx\/tienda\/","logo":{"@type":"ImageObject","inLanguage":"es-MX","@id":"https:\/\/compuviper.mx\/tienda\/#\/schema\/logo\/image\/","url":"https:\/\/compuviper.mx\/tienda\/wp-content\/uploads\/2021\/08\/Logo-Compuviper-10.png","contentUrl":"https:\/\/compuviper.mx\/tienda\/wp-content\/uploads\/2021\/08\/Logo-Compuviper-10.png","width":1000,"height":500,"caption":"Compuviper"},"image":{"@id":"https:\/\/compuviper.mx\/tienda\/#\/schema\/logo\/image\/"},"sameAs":["https:\/\/www.facebook.com\/compuviper","https:\/\/www.youtube.com\/channel\/UCf73dERp9Y3cfOq7q8BhLjA?view_as=subscriber"]}]},"product_brand":"Xfx","product_price_amount":"7011","product_price_currency":"MXN","og_availability":"instock","product_availability":"instock","product_retailer_item_id":"RX-76TSWFTFP","product_condition":"new"},"_links":{"self":[{"href":"https:\/\/compuviper.mx\/tienda\/wp-json\/wp\/v2\/product\/267178"}],"collection":[{"href":"https:\/\/compuviper.mx\/tienda\/wp-json\/wp\/v2\/product"}],"about":[{"href":"https:\/\/compuviper.mx\/tienda\/wp-json\/wp\/v2\/types\/product"}],"replies":[{"embeddable":true,"href":"https:\/\/compuviper.mx\/tienda\/wp-json\/wp\/v2\/comments?post=267178"}],"wp:featuredmedia":[{"embeddable":true,"href":"https:\/\/compuviper.mx\/tienda\/wp-json\/wp\/v2\/media\/267179"}],"wp:attachment":[{"href":"https:\/\/compuviper.mx\/tienda\/wp-json\/wp\/v2\/media?parent=267178"}],"wp:term":[{"taxonomy":"product_cat","embeddable":true,"href":"https:\/\/compuviper.mx\/tienda\/wp-json\/wp\/v2\/product_cat?post=267178"},{"taxonomy":"product_tag","embeddable":true,"href":"https:\/\/compuviper.mx\/tienda\/wp-json\/wp\/v2\/product_tag?post=267178"}],"curies":[{"name":"wp","href":"https:\/\/api.w.org\/{rel}","templated":true}]}}