{"id":267160,"date":"2026-04-30T00:05:15","date_gmt":"2026-04-30T06:05:15","guid":{"rendered":"https:\/\/compuviper.mx\/tienda\/producto\/hewlett-packard-enterprise-p67091-b21-int-xeon-s-4510-cpu-for-hpe\/"},"modified":"2026-04-30T00:05:15","modified_gmt":"2026-04-30T06:05:15","slug":"hewlett-packard-enterprise-p67091-b21-int-xeon-s-4510-cpu-for-hpe","status":"publish","type":"product","link":"https:\/\/compuviper.mx\/tienda\/producto\/hewlett-packard-enterprise-p67091-b21-int-xeon-s-4510-cpu-for-hpe\/","title":{"rendered":"Hewlett Packard Enterprise P67091-b21 Int Xeon-s 4510 Cpu For Hpe"},"content":{"rendered":"<table class=\"descripcion\">\n<tr>\n<td>Modelo de procesador: intel xeon silver 4510.<\/td>\n<\/tr>\n<tr>\n<td>Generaci\u00f3n: 5\u00aa generaci\u00f3n intel xeon scalable.<\/td>\n<\/tr>\n<tr>\n<td>N\u00facleos \/ hilos: 12 n\u00facleos \/ 24 hilos.<\/td>\n<\/tr>\n<tr>\n<td>Frecuencia base: 2.4 ghz.<\/td>\n<\/tr>\n<tr>\n<td>Frecuencia turbo m\u00e1xima: 4.1 ghz.<\/td>\n<\/tr>\n<tr>\n<td>Cach\u00e9 l3: 30 mb.<\/td>\n<\/tr>\n<tr>\n<td>Potencia de dise\u00f1o t\u00e9rmico (tdp): 150w.<\/td>\n<\/tr>\n<tr>\n<td>Z\u00f3calo (socket): fclga4677.<\/td>\n<\/tr>\n<tr>\n<td>Memoria soportada: ddr5 hasta 4400 mt\/s (8 canales de memoria).<\/td>\n<\/tr>\n<tr>\n<td>Tecnolog\u00edas avanzadas: * intel amx (advanced matrix extensions) para aceleraci\u00f3n de ia.<\/td>\n<\/tr>\n<tr>\n<td>Soporte pcie 5.0 (hasta 80 carriles).<\/td>\n<\/tr>\n<\/table>\n","protected":false},"excerpt":{"rendered":"<p>Potencie su servidor con el procesador intel xeon silver 4510, dise\u00f1ado espec\u00edficamente para la plataforma hpe proliant gen11. Esta cpu de 5\u00aa generaci\u00f3n (emerald rapids) ofrece un equilibrio ideal entre rendimiento multihilo, eficiencia energ\u00e9tica y seguridad avanzada para cargas de trabajo empresariales, virtualizaci\u00f3n y an\u00e1lisis de datos en tiempo real.<\/p>\n","protected":false},"featured_media":0,"comment_status":"open","ping_status":"open","template":"","meta":[],"product_cat":[1942,1654],"product_tag":[1568],"acf":[],"yoast_head":"<!-- This site is optimized with the Yoast SEO plugin v21.7 - https:\/\/yoast.com\/wordpress\/plugins\/seo\/ -->\n<title>[ Hewlett Packard Enterprise ] &#129351; P67091-b21 Int Xeon-s 4510 Cpu For Hpe<\/title>\n<meta name=\"description\" content=\"Compra P67091-b21 Int Xeon-s 4510 Cpu For Hpe + Env\u00edo a domicilio + Pago seguro + Garant\u00eda\" \/>\n<meta name=\"robots\" content=\"index, follow, max-snippet:-1, max-image-preview:large, max-video-preview:-1\" \/>\n<link rel=\"canonical\" href=\"https:\/\/compuviper.mx\/tienda\/producto\/hewlett-packard-enterprise-p67091-b21-int-xeon-s-4510-cpu-for-hpe\/\" \/>\n<meta property=\"og:locale\" content=\"es_MX\" \/>\n<meta property=\"og:type\" content=\"article\" \/>\n<meta property=\"og:title\" content=\"[ Hewlett Packard Enterprise ] &#129351; P67091-b21 Int Xeon-s 4510 Cpu For Hpe\" \/>\n<meta property=\"og:description\" content=\"Compra P67091-b21 Int Xeon-s 4510 Cpu For Hpe + Env\u00edo a domicilio + Pago seguro + Garant\u00eda\" \/>\n<meta property=\"og:url\" content=\"https:\/\/compuviper.mx\/tienda\/producto\/hewlett-packard-enterprise-p67091-b21-int-xeon-s-4510-cpu-for-hpe\/\" \/>\n<meta property=\"og:site_name\" content=\"Compuviper\" \/>\n<meta property=\"article:publisher\" content=\"https:\/\/www.facebook.com\/compuviper\" \/>\n<meta name=\"twitter:card\" content=\"summary_large_image\" \/>\n<meta name=\"twitter:label1\" content=\"Precio\" \/>\n\t<meta name=\"twitter:data1\" content=\"&#36;22,561 con IVA\" \/>\n\t<meta name=\"twitter:label2\" content=\"Availability\" \/>\n\t<meta name=\"twitter:data2\" content=\"On backorder\" \/>\n<script type=\"application\/ld+json\" class=\"yoast-schema-graph\">{\"@context\":\"https:\/\/schema.org\",\"@graph\":[{\"@type\":\"WebPage\",\"@id\":\"https:\/\/compuviper.mx\/tienda\/producto\/hewlett-packard-enterprise-p67091-b21-int-xeon-s-4510-cpu-for-hpe\/\",\"url\":\"https:\/\/compuviper.mx\/tienda\/producto\/hewlett-packard-enterprise-p67091-b21-int-xeon-s-4510-cpu-for-hpe\/\",\"name\":\"[ Hewlett Packard Enterprise ] &#129351; P67091-b21 Int Xeon-s 4510 Cpu For Hpe\",\"isPartOf\":{\"@id\":\"https:\/\/compuviper.mx\/tienda\/#website\"},\"datePublished\":\"2026-04-30T06:05:15+00:00\",\"dateModified\":\"2026-04-30T06:05:15+00:00\",\"description\":\"Compra P67091-b21 Int Xeon-s 4510 Cpu For Hpe + Env\u00edo a domicilio + Pago seguro + Garant\u00eda\",\"breadcrumb\":{\"@id\":\"https:\/\/compuviper.mx\/tienda\/producto\/hewlett-packard-enterprise-p67091-b21-int-xeon-s-4510-cpu-for-hpe\/#breadcrumb\"},\"inLanguage\":\"es-MX\",\"potentialAction\":[{\"@type\":\"ReadAction\",\"target\":[\"https:\/\/compuviper.mx\/tienda\/producto\/hewlett-packard-enterprise-p67091-b21-int-xeon-s-4510-cpu-for-hpe\/\"]}]},{\"@type\":\"BreadcrumbList\",\"@id\":\"https:\/\/compuviper.mx\/tienda\/producto\/hewlett-packard-enterprise-p67091-b21-int-xeon-s-4510-cpu-for-hpe\/#breadcrumb\",\"itemListElement\":[{\"@type\":\"ListItem\",\"position\":1,\"name\":\"Inicio\",\"item\":\"https:\/\/compuviper.mx\/tienda\/\"},{\"@type\":\"ListItem\",\"position\":2,\"name\":\"Productos\",\"item\":\"https:\/\/compuviper.mx\/tienda\/productos\/\"},{\"@type\":\"ListItem\",\"position\":3,\"name\":\"Procesadores\",\"item\":\"https:\/\/compuviper.mx\/tienda\/categoria-producto\/procesadores\/\"},{\"@type\":\"ListItem\",\"position\":4,\"name\":\"Intel Xeon\",\"item\":\"https:\/\/compuviper.mx\/tienda\/categoria-producto\/procesadores\/intel-xeon\/\"},{\"@type\":\"ListItem\",\"position\":5,\"name\":\"Hewlett Packard Enterprise P67091-b21 Int Xeon-s 4510 Cpu For Hpe\"}]},{\"@type\":\"WebSite\",\"@id\":\"https:\/\/compuviper.mx\/tienda\/#website\",\"url\":\"https:\/\/compuviper.mx\/tienda\/\",\"name\":\"Compuviper\",\"description\":\"Proveedor de Computadoras, Laptops, Servidores, Monitores, Puntos de Venta, Teclados,   Impresoras, T\u00f3ner, C\u00e1maras de Seguridad y m\u00e1s en tu tienda en l\u00ednea\",\"publisher\":{\"@id\":\"https:\/\/compuviper.mx\/tienda\/#organization\"},\"potentialAction\":[{\"@type\":\"SearchAction\",\"target\":{\"@type\":\"EntryPoint\",\"urlTemplate\":\"https:\/\/compuviper.mx\/tienda\/?s={search_term_string}\"},\"query-input\":\"required name=search_term_string\"}],\"inLanguage\":\"es-MX\"},{\"@type\":\"Organization\",\"@id\":\"https:\/\/compuviper.mx\/tienda\/#organization\",\"name\":\"Compuviper\",\"url\":\"https:\/\/compuviper.mx\/tienda\/\",\"logo\":{\"@type\":\"ImageObject\",\"inLanguage\":\"es-MX\",\"@id\":\"https:\/\/compuviper.mx\/tienda\/#\/schema\/logo\/image\/\",\"url\":\"https:\/\/compuviper.mx\/tienda\/wp-content\/uploads\/2021\/08\/Logo-Compuviper-10.png\",\"contentUrl\":\"https:\/\/compuviper.mx\/tienda\/wp-content\/uploads\/2021\/08\/Logo-Compuviper-10.png\",\"width\":1000,\"height\":500,\"caption\":\"Compuviper\"},\"image\":{\"@id\":\"https:\/\/compuviper.mx\/tienda\/#\/schema\/logo\/image\/\"},\"sameAs\":[\"https:\/\/www.facebook.com\/compuviper\",\"https:\/\/www.youtube.com\/channel\/UCf73dERp9Y3cfOq7q8BhLjA?view_as=subscriber\"]}]}<\/script>\n<meta property=\"product:brand\" content=\"HEWLETT PACKARD ENTERPRISE\" \/>\n<meta property=\"product:price:amount\" content=\"22561\" \/>\n<meta property=\"product:price:currency\" content=\"MXN\" \/>\n<meta property=\"og:availability\" content=\"backorder\" \/>\n<meta property=\"product:availability\" content=\"available for order\" \/>\n<meta property=\"product:retailer_item_id\" content=\"P67091-B21\" \/>\n<meta property=\"product:condition\" content=\"new\" \/>\n<!-- \/ Yoast SEO plugin. -->","yoast_head_json":{"title":"[ Hewlett Packard Enterprise ] &#129351; P67091-b21 Int Xeon-s 4510 Cpu For Hpe","description":"Compra P67091-b21 Int Xeon-s 4510 Cpu For Hpe + Env\u00edo a domicilio + Pago seguro + Garant\u00eda","robots":{"index":"index","follow":"follow","max-snippet":"max-snippet:-1","max-image-preview":"max-image-preview:large","max-video-preview":"max-video-preview:-1"},"canonical":"https:\/\/compuviper.mx\/tienda\/producto\/hewlett-packard-enterprise-p67091-b21-int-xeon-s-4510-cpu-for-hpe\/","og_locale":"es_MX","og_type":"article","og_title":"[ Hewlett Packard Enterprise ] &#129351; P67091-b21 Int Xeon-s 4510 Cpu For Hpe","og_description":"Compra P67091-b21 Int Xeon-s 4510 Cpu For Hpe + Env\u00edo a domicilio + Pago seguro + Garant\u00eda","og_url":"https:\/\/compuviper.mx\/tienda\/producto\/hewlett-packard-enterprise-p67091-b21-int-xeon-s-4510-cpu-for-hpe\/","og_site_name":"Compuviper","article_publisher":"https:\/\/www.facebook.com\/compuviper","twitter_card":"summary_large_image","twitter_misc":{"Precio":"&#36;22,561 con IVA","Availability":"On backorder"},"schema":{"@context":"https:\/\/schema.org","@graph":[{"@type":"WebPage","@id":"https:\/\/compuviper.mx\/tienda\/producto\/hewlett-packard-enterprise-p67091-b21-int-xeon-s-4510-cpu-for-hpe\/","url":"https:\/\/compuviper.mx\/tienda\/producto\/hewlett-packard-enterprise-p67091-b21-int-xeon-s-4510-cpu-for-hpe\/","name":"[ Hewlett Packard Enterprise ] &#129351; P67091-b21 Int Xeon-s 4510 Cpu For Hpe","isPartOf":{"@id":"https:\/\/compuviper.mx\/tienda\/#website"},"datePublished":"2026-04-30T06:05:15+00:00","dateModified":"2026-04-30T06:05:15+00:00","description":"Compra P67091-b21 Int Xeon-s 4510 Cpu For Hpe + Env\u00edo a domicilio + Pago seguro + Garant\u00eda","breadcrumb":{"@id":"https:\/\/compuviper.mx\/tienda\/producto\/hewlett-packard-enterprise-p67091-b21-int-xeon-s-4510-cpu-for-hpe\/#breadcrumb"},"inLanguage":"es-MX","potentialAction":[{"@type":"ReadAction","target":["https:\/\/compuviper.mx\/tienda\/producto\/hewlett-packard-enterprise-p67091-b21-int-xeon-s-4510-cpu-for-hpe\/"]}]},{"@type":"BreadcrumbList","@id":"https:\/\/compuviper.mx\/tienda\/producto\/hewlett-packard-enterprise-p67091-b21-int-xeon-s-4510-cpu-for-hpe\/#breadcrumb","itemListElement":[{"@type":"ListItem","position":1,"name":"Inicio","item":"https:\/\/compuviper.mx\/tienda\/"},{"@type":"ListItem","position":2,"name":"Productos","item":"https:\/\/compuviper.mx\/tienda\/productos\/"},{"@type":"ListItem","position":3,"name":"Procesadores","item":"https:\/\/compuviper.mx\/tienda\/categoria-producto\/procesadores\/"},{"@type":"ListItem","position":4,"name":"Intel Xeon","item":"https:\/\/compuviper.mx\/tienda\/categoria-producto\/procesadores\/intel-xeon\/"},{"@type":"ListItem","position":5,"name":"Hewlett Packard Enterprise P67091-b21 Int Xeon-s 4510 Cpu For Hpe"}]},{"@type":"WebSite","@id":"https:\/\/compuviper.mx\/tienda\/#website","url":"https:\/\/compuviper.mx\/tienda\/","name":"Compuviper","description":"Proveedor de Computadoras, Laptops, Servidores, Monitores, Puntos de Venta, Teclados,   Impresoras, T\u00f3ner, C\u00e1maras de Seguridad y m\u00e1s en tu tienda en l\u00ednea","publisher":{"@id":"https:\/\/compuviper.mx\/tienda\/#organization"},"potentialAction":[{"@type":"SearchAction","target":{"@type":"EntryPoint","urlTemplate":"https:\/\/compuviper.mx\/tienda\/?s={search_term_string}"},"query-input":"required name=search_term_string"}],"inLanguage":"es-MX"},{"@type":"Organization","@id":"https:\/\/compuviper.mx\/tienda\/#organization","name":"Compuviper","url":"https:\/\/compuviper.mx\/tienda\/","logo":{"@type":"ImageObject","inLanguage":"es-MX","@id":"https:\/\/compuviper.mx\/tienda\/#\/schema\/logo\/image\/","url":"https:\/\/compuviper.mx\/tienda\/wp-content\/uploads\/2021\/08\/Logo-Compuviper-10.png","contentUrl":"https:\/\/compuviper.mx\/tienda\/wp-content\/uploads\/2021\/08\/Logo-Compuviper-10.png","width":1000,"height":500,"caption":"Compuviper"},"image":{"@id":"https:\/\/compuviper.mx\/tienda\/#\/schema\/logo\/image\/"},"sameAs":["https:\/\/www.facebook.com\/compuviper","https:\/\/www.youtube.com\/channel\/UCf73dERp9Y3cfOq7q8BhLjA?view_as=subscriber"]}]},"product_brand":"HEWLETT PACKARD ENTERPRISE","product_price_amount":"22561","product_price_currency":"MXN","og_availability":"backorder","product_availability":"available for order","product_retailer_item_id":"P67091-B21","product_condition":"new"},"_links":{"self":[{"href":"https:\/\/compuviper.mx\/tienda\/wp-json\/wp\/v2\/product\/267160"}],"collection":[{"href":"https:\/\/compuviper.mx\/tienda\/wp-json\/wp\/v2\/product"}],"about":[{"href":"https:\/\/compuviper.mx\/tienda\/wp-json\/wp\/v2\/types\/product"}],"replies":[{"embeddable":true,"href":"https:\/\/compuviper.mx\/tienda\/wp-json\/wp\/v2\/comments?post=267160"}],"wp:attachment":[{"href":"https:\/\/compuviper.mx\/tienda\/wp-json\/wp\/v2\/media?parent=267160"}],"wp:term":[{"taxonomy":"product_cat","embeddable":true,"href":"https:\/\/compuviper.mx\/tienda\/wp-json\/wp\/v2\/product_cat?post=267160"},{"taxonomy":"product_tag","embeddable":true,"href":"https:\/\/compuviper.mx\/tienda\/wp-json\/wp\/v2\/product_tag?post=267160"}],"curies":[{"name":"wp","href":"https:\/\/api.w.org\/{rel}","templated":true}]}}