{"id":267141,"date":"2026-04-02T01:50:33","date_gmt":"2026-04-02T07:50:33","guid":{"rendered":"https:\/\/compuviper.mx\/tienda\/producto\/kingston-sdr2-256gb-memoria-flash-sd-sdxc-canvas-react-plus-256gb-300r-260w-uhs-ii-u3-v90-sdr-256gb\/"},"modified":"2026-04-03T00:00:26","modified_gmt":"2026-04-03T06:00:26","slug":"kingston-sdr2-256gb-memoria-flash-sd-sdxc-canvas-react-plus-256gb-300r-260w-uhs-ii-u3-v90-sdr-256gb","status":"publish","type":"product","link":"https:\/\/compuviper.mx\/tienda\/producto\/kingston-sdr2-256gb-memoria-flash-sd-sdxc-canvas-react-plus-256gb-300r-260w-uhs-ii-u3-v90-sdr-256gb\/","title":{"rendered":"Kingston Sdr2\/256gb Memoria Flash Sd  Sdxc Canvas React Plus 256gb 300r\/260w Uhs-ii U3 V90 (sdr\/256gb)"},"content":{"rendered":"<table class=\"descripcion\">\n<tr>\n<td>\u0095capacidad: 256 gb<\/td>\n<\/tr>\n<tr>\n<td>\u0095tipo de tarjeta flash: sd<\/td>\n<\/tr>\n<tr>\n<td>\u0095tipo de memoria interna: uhs-ii<\/td>\n<\/tr>\n<tr>\n<td>\u0095clase de memoria flash: clase 10<\/td>\n<\/tr>\n<tr>\n<td>\u0095velocidad de lectura: 300 mb\/s<\/td>\n<\/tr>\n<tr>\n<td>\u0095velocidad de escritura: 260 mb\/s<\/td>\n<\/tr>\n<\/table>\n","protected":false},"excerpt":{"rendered":"<p>La tarjeta sd canvas react plus de kingston ofrece velocidades de alto rendimiento que est\u00e1n dise\u00f1adas para trabajar con c\u00e1maras profesionales est\u00e1ndar de la industria para creativos que graban videos 4k\/8k y fotos de alta resoluci\u00f3n. Dise\u00f1ado con los \u00faltimos est\u00e1ndares uhs-ii y las mejores clases de velocidad u3 y v90, el canvas react plus sd le permite realizar tomas secuenciales en modo r\u00e1faga con velocidades de grabaci\u00f3n de hasta 260 mb\/s 1 . Ejecute su creatividad sin experimentar velocidades lentas y cuadros ca\u00eddos mientras maximiza el flujo de trabajo y la eficiencia. Con velocidades de transferencia de hasta 300 mb\/s 1 , mejore su proceso de posproducci\u00f3n y maneje grandes cargas de trabajo con facilidad mientras captura calidad cinematogr\u00e1fica en alta resoluci\u00f3n. La tarjeta sd canvas react plus de kingston es la tarjeta sd de alto rendimiento ideal para los creadores de contenido que se abren camino en el cine digital y la fotograf\u00eda profesional.<\/p>\n","protected":false},"featured_media":267142,"comment_status":"open","ping_status":"open","template":"","meta":[],"product_cat":[1795,1793],"product_tag":[1573],"acf":[],"yoast_head":"<!-- This site is optimized with the Yoast SEO plugin v21.7 - https:\/\/yoast.com\/wordpress\/plugins\/seo\/ -->\n<title>[ Kingston ] &#129351; Sdr2\/256gb Memoria Flash Sd Sdxc Canvas React Plus 256gb 300r\/260w Uhs-ii U3 V90 (sdr\/256gb)<\/title>\n<meta name=\"description\" content=\"Compra Sdr2\/256gb Memoria Flash Sd Sdxc Canvas React Plus 256gb 300r\/260w Uhs-ii U3 V90 (sdr\/256gb) + Env\u00edo a domicilio + Pago seguro + Garant\u00eda\" \/>\n<meta name=\"robots\" content=\"index, follow, max-snippet:-1, max-image-preview:large, max-video-preview:-1\" \/>\n<link rel=\"canonical\" href=\"https:\/\/compuviper.mx\/tienda\/producto\/kingston-sdr2-256gb-memoria-flash-sd-sdxc-canvas-react-plus-256gb-300r-260w-uhs-ii-u3-v90-sdr-256gb\/\" \/>\n<meta property=\"og:locale\" content=\"es_MX\" \/>\n<meta property=\"og:type\" content=\"article\" \/>\n<meta property=\"og:title\" content=\"[ Kingston ] &#129351; Sdr2\/256gb Memoria Flash Sd Sdxc Canvas React Plus 256gb 300r\/260w Uhs-ii U3 V90 (sdr\/256gb)\" \/>\n<meta property=\"og:description\" content=\"Compra Sdr2\/256gb Memoria Flash Sd Sdxc Canvas React Plus 256gb 300r\/260w Uhs-ii U3 V90 (sdr\/256gb) + Env\u00edo a domicilio + Pago seguro + Garant\u00eda\" \/>\n<meta property=\"og:url\" content=\"https:\/\/compuviper.mx\/tienda\/producto\/kingston-sdr2-256gb-memoria-flash-sd-sdxc-canvas-react-plus-256gb-300r-260w-uhs-ii-u3-v90-sdr-256gb\/\" \/>\n<meta property=\"og:site_name\" content=\"Compuviper\" \/>\n<meta property=\"article:publisher\" content=\"https:\/\/www.facebook.com\/compuviper\" \/>\n<meta property=\"article:modified_time\" content=\"2026-04-03T06:00:26+00:00\" \/>\n<meta property=\"og:image\" content=\"https:\/\/compuviper.mx\/tienda\/wp-content\/uploads\/2026\/02\/Memoria-flash-sd-kingston-sdxc-canvas-react-plus-256gb-300r260w-uhs-ii-u3-v90-sdr256gb.jpg\" \/>\n\t<meta property=\"og:image:width\" content=\"200\" \/>\n\t<meta property=\"og:image:height\" content=\"200\" \/>\n\t<meta property=\"og:image:type\" content=\"image\/jpeg\" \/>\n<meta name=\"twitter:card\" content=\"summary_large_image\" \/>\n<meta name=\"twitter:label1\" content=\"Precio\" \/>\n\t<meta name=\"twitter:data1\" content=\"&#36;3,945 con IVA\" \/>\n\t<meta name=\"twitter:label2\" content=\"Availability\" \/>\n\t<meta name=\"twitter:data2\" content=\"In stock\" \/>\n<script type=\"application\/ld+json\" class=\"yoast-schema-graph\">{\"@context\":\"https:\/\/schema.org\",\"@graph\":[{\"@type\":\"WebPage\",\"@id\":\"https:\/\/compuviper.mx\/tienda\/producto\/kingston-sdr2-256gb-memoria-flash-sd-sdxc-canvas-react-plus-256gb-300r-260w-uhs-ii-u3-v90-sdr-256gb\/\",\"url\":\"https:\/\/compuviper.mx\/tienda\/producto\/kingston-sdr2-256gb-memoria-flash-sd-sdxc-canvas-react-plus-256gb-300r-260w-uhs-ii-u3-v90-sdr-256gb\/\",\"name\":\"[ Kingston ] &#129351; Sdr2\/256gb Memoria Flash Sd Sdxc Canvas React Plus 256gb 300r\/260w Uhs-ii U3 V90 (sdr\/256gb)\",\"isPartOf\":{\"@id\":\"https:\/\/compuviper.mx\/tienda\/#website\"},\"datePublished\":\"2026-04-02T07:50:33+00:00\",\"dateModified\":\"2026-04-03T06:00:26+00:00\",\"description\":\"Compra Sdr2\/256gb Memoria Flash Sd Sdxc Canvas React Plus 256gb 300r\/260w Uhs-ii U3 V90 (sdr\/256gb) + Env\u00edo a domicilio + Pago seguro + Garant\u00eda\",\"breadcrumb\":{\"@id\":\"https:\/\/compuviper.mx\/tienda\/producto\/kingston-sdr2-256gb-memoria-flash-sd-sdxc-canvas-react-plus-256gb-300r-260w-uhs-ii-u3-v90-sdr-256gb\/#breadcrumb\"},\"inLanguage\":\"es-MX\",\"potentialAction\":[{\"@type\":\"ReadAction\",\"target\":[\"https:\/\/compuviper.mx\/tienda\/producto\/kingston-sdr2-256gb-memoria-flash-sd-sdxc-canvas-react-plus-256gb-300r-260w-uhs-ii-u3-v90-sdr-256gb\/\"]}]},{\"@type\":\"BreadcrumbList\",\"@id\":\"https:\/\/compuviper.mx\/tienda\/producto\/kingston-sdr2-256gb-memoria-flash-sd-sdxc-canvas-react-plus-256gb-300r-260w-uhs-ii-u3-v90-sdr-256gb\/#breadcrumb\",\"itemListElement\":[{\"@type\":\"ListItem\",\"position\":1,\"name\":\"Inicio\",\"item\":\"https:\/\/compuviper.mx\/tienda\/\"},{\"@type\":\"ListItem\",\"position\":2,\"name\":\"Productos\",\"item\":\"https:\/\/compuviper.mx\/tienda\/productos\/\"},{\"@type\":\"ListItem\",\"position\":3,\"name\":\"Memorias\",\"item\":\"https:\/\/compuviper.mx\/tienda\/categoria-producto\/memorias\/\"},{\"@type\":\"ListItem\",\"position\":4,\"name\":\"Memoria Flash Card\",\"item\":\"https:\/\/compuviper.mx\/tienda\/categoria-producto\/memorias\/memoria-flash-card\/\"},{\"@type\":\"ListItem\",\"position\":5,\"name\":\"Kingston Sdr2\/256gb Memoria Flash Sd Sdxc Canvas React Plus 256gb 300r\/260w Uhs-ii U3 V90 (sdr\/256gb)\"}]},{\"@type\":\"WebSite\",\"@id\":\"https:\/\/compuviper.mx\/tienda\/#website\",\"url\":\"https:\/\/compuviper.mx\/tienda\/\",\"name\":\"Compuviper\",\"description\":\"Proveedor de Computadoras, Laptops, Servidores, Monitores, Puntos de Venta, Teclados,   Impresoras, T\u00f3ner, C\u00e1maras de Seguridad y m\u00e1s en tu tienda en l\u00ednea\",\"publisher\":{\"@id\":\"https:\/\/compuviper.mx\/tienda\/#organization\"},\"potentialAction\":[{\"@type\":\"SearchAction\",\"target\":{\"@type\":\"EntryPoint\",\"urlTemplate\":\"https:\/\/compuviper.mx\/tienda\/?s={search_term_string}\"},\"query-input\":\"required name=search_term_string\"}],\"inLanguage\":\"es-MX\"},{\"@type\":\"Organization\",\"@id\":\"https:\/\/compuviper.mx\/tienda\/#organization\",\"name\":\"Compuviper\",\"url\":\"https:\/\/compuviper.mx\/tienda\/\",\"logo\":{\"@type\":\"ImageObject\",\"inLanguage\":\"es-MX\",\"@id\":\"https:\/\/compuviper.mx\/tienda\/#\/schema\/logo\/image\/\",\"url\":\"https:\/\/compuviper.mx\/tienda\/wp-content\/uploads\/2021\/08\/Logo-Compuviper-10.png\",\"contentUrl\":\"https:\/\/compuviper.mx\/tienda\/wp-content\/uploads\/2021\/08\/Logo-Compuviper-10.png\",\"width\":1000,\"height\":500,\"caption\":\"Compuviper\"},\"image\":{\"@id\":\"https:\/\/compuviper.mx\/tienda\/#\/schema\/logo\/image\/\"},\"sameAs\":[\"https:\/\/www.facebook.com\/compuviper\",\"https:\/\/www.youtube.com\/channel\/UCf73dERp9Y3cfOq7q8BhLjA?view_as=subscriber\"]}]}<\/script>\n<meta property=\"product:brand\" content=\"KINGSTON\" \/>\n<meta property=\"product:price:amount\" content=\"3945\" \/>\n<meta property=\"product:price:currency\" content=\"MXN\" \/>\n<meta property=\"og:availability\" content=\"instock\" \/>\n<meta property=\"product:availability\" content=\"instock\" \/>\n<meta property=\"product:retailer_item_id\" content=\"SDR2\/256GB\" \/>\n<meta property=\"product:condition\" content=\"new\" \/>\n<!-- \/ Yoast SEO plugin. -->","yoast_head_json":{"title":"[ Kingston ] &#129351; Sdr2\/256gb Memoria Flash Sd Sdxc Canvas React Plus 256gb 300r\/260w Uhs-ii U3 V90 (sdr\/256gb)","description":"Compra Sdr2\/256gb Memoria Flash Sd Sdxc Canvas React Plus 256gb 300r\/260w Uhs-ii U3 V90 (sdr\/256gb) + Env\u00edo a domicilio + Pago seguro + Garant\u00eda","robots":{"index":"index","follow":"follow","max-snippet":"max-snippet:-1","max-image-preview":"max-image-preview:large","max-video-preview":"max-video-preview:-1"},"canonical":"https:\/\/compuviper.mx\/tienda\/producto\/kingston-sdr2-256gb-memoria-flash-sd-sdxc-canvas-react-plus-256gb-300r-260w-uhs-ii-u3-v90-sdr-256gb\/","og_locale":"es_MX","og_type":"article","og_title":"[ Kingston ] &#129351; Sdr2\/256gb Memoria Flash Sd Sdxc Canvas React Plus 256gb 300r\/260w Uhs-ii U3 V90 (sdr\/256gb)","og_description":"Compra Sdr2\/256gb Memoria Flash Sd Sdxc Canvas React Plus 256gb 300r\/260w Uhs-ii U3 V90 (sdr\/256gb) + Env\u00edo a domicilio + Pago seguro + Garant\u00eda","og_url":"https:\/\/compuviper.mx\/tienda\/producto\/kingston-sdr2-256gb-memoria-flash-sd-sdxc-canvas-react-plus-256gb-300r-260w-uhs-ii-u3-v90-sdr-256gb\/","og_site_name":"Compuviper","article_publisher":"https:\/\/www.facebook.com\/compuviper","article_modified_time":"2026-04-03T06:00:26+00:00","og_image":[{"width":200,"height":200,"url":"https:\/\/compuviper.mx\/tienda\/wp-content\/uploads\/2026\/02\/Memoria-flash-sd-kingston-sdxc-canvas-react-plus-256gb-300r260w-uhs-ii-u3-v90-sdr256gb.jpg","type":"image\/jpeg"}],"twitter_card":"summary_large_image","twitter_misc":{"Precio":"&#36;3,945 con IVA","Availability":"In stock"},"schema":{"@context":"https:\/\/schema.org","@graph":[{"@type":"WebPage","@id":"https:\/\/compuviper.mx\/tienda\/producto\/kingston-sdr2-256gb-memoria-flash-sd-sdxc-canvas-react-plus-256gb-300r-260w-uhs-ii-u3-v90-sdr-256gb\/","url":"https:\/\/compuviper.mx\/tienda\/producto\/kingston-sdr2-256gb-memoria-flash-sd-sdxc-canvas-react-plus-256gb-300r-260w-uhs-ii-u3-v90-sdr-256gb\/","name":"[ Kingston ] &#129351; Sdr2\/256gb Memoria Flash Sd Sdxc Canvas React Plus 256gb 300r\/260w Uhs-ii U3 V90 (sdr\/256gb)","isPartOf":{"@id":"https:\/\/compuviper.mx\/tienda\/#website"},"datePublished":"2026-04-02T07:50:33+00:00","dateModified":"2026-04-03T06:00:26+00:00","description":"Compra Sdr2\/256gb Memoria Flash Sd Sdxc Canvas React Plus 256gb 300r\/260w Uhs-ii U3 V90 (sdr\/256gb) + Env\u00edo a domicilio + Pago seguro + Garant\u00eda","breadcrumb":{"@id":"https:\/\/compuviper.mx\/tienda\/producto\/kingston-sdr2-256gb-memoria-flash-sd-sdxc-canvas-react-plus-256gb-300r-260w-uhs-ii-u3-v90-sdr-256gb\/#breadcrumb"},"inLanguage":"es-MX","potentialAction":[{"@type":"ReadAction","target":["https:\/\/compuviper.mx\/tienda\/producto\/kingston-sdr2-256gb-memoria-flash-sd-sdxc-canvas-react-plus-256gb-300r-260w-uhs-ii-u3-v90-sdr-256gb\/"]}]},{"@type":"BreadcrumbList","@id":"https:\/\/compuviper.mx\/tienda\/producto\/kingston-sdr2-256gb-memoria-flash-sd-sdxc-canvas-react-plus-256gb-300r-260w-uhs-ii-u3-v90-sdr-256gb\/#breadcrumb","itemListElement":[{"@type":"ListItem","position":1,"name":"Inicio","item":"https:\/\/compuviper.mx\/tienda\/"},{"@type":"ListItem","position":2,"name":"Productos","item":"https:\/\/compuviper.mx\/tienda\/productos\/"},{"@type":"ListItem","position":3,"name":"Memorias","item":"https:\/\/compuviper.mx\/tienda\/categoria-producto\/memorias\/"},{"@type":"ListItem","position":4,"name":"Memoria Flash Card","item":"https:\/\/compuviper.mx\/tienda\/categoria-producto\/memorias\/memoria-flash-card\/"},{"@type":"ListItem","position":5,"name":"Kingston Sdr2\/256gb Memoria Flash Sd Sdxc Canvas React Plus 256gb 300r\/260w Uhs-ii U3 V90 (sdr\/256gb)"}]},{"@type":"WebSite","@id":"https:\/\/compuviper.mx\/tienda\/#website","url":"https:\/\/compuviper.mx\/tienda\/","name":"Compuviper","description":"Proveedor de Computadoras, Laptops, Servidores, Monitores, Puntos de Venta, Teclados,   Impresoras, T\u00f3ner, C\u00e1maras de Seguridad y m\u00e1s en tu tienda en l\u00ednea","publisher":{"@id":"https:\/\/compuviper.mx\/tienda\/#organization"},"potentialAction":[{"@type":"SearchAction","target":{"@type":"EntryPoint","urlTemplate":"https:\/\/compuviper.mx\/tienda\/?s={search_term_string}"},"query-input":"required name=search_term_string"}],"inLanguage":"es-MX"},{"@type":"Organization","@id":"https:\/\/compuviper.mx\/tienda\/#organization","name":"Compuviper","url":"https:\/\/compuviper.mx\/tienda\/","logo":{"@type":"ImageObject","inLanguage":"es-MX","@id":"https:\/\/compuviper.mx\/tienda\/#\/schema\/logo\/image\/","url":"https:\/\/compuviper.mx\/tienda\/wp-content\/uploads\/2021\/08\/Logo-Compuviper-10.png","contentUrl":"https:\/\/compuviper.mx\/tienda\/wp-content\/uploads\/2021\/08\/Logo-Compuviper-10.png","width":1000,"height":500,"caption":"Compuviper"},"image":{"@id":"https:\/\/compuviper.mx\/tienda\/#\/schema\/logo\/image\/"},"sameAs":["https:\/\/www.facebook.com\/compuviper","https:\/\/www.youtube.com\/channel\/UCf73dERp9Y3cfOq7q8BhLjA?view_as=subscriber"]}]},"product_brand":"KINGSTON","product_price_amount":"3945","product_price_currency":"MXN","og_availability":"instock","product_availability":"instock","product_retailer_item_id":"SDR2\/256GB","product_condition":"new"},"_links":{"self":[{"href":"https:\/\/compuviper.mx\/tienda\/wp-json\/wp\/v2\/product\/267141"}],"collection":[{"href":"https:\/\/compuviper.mx\/tienda\/wp-json\/wp\/v2\/product"}],"about":[{"href":"https:\/\/compuviper.mx\/tienda\/wp-json\/wp\/v2\/types\/product"}],"replies":[{"embeddable":true,"href":"https:\/\/compuviper.mx\/tienda\/wp-json\/wp\/v2\/comments?post=267141"}],"wp:featuredmedia":[{"embeddable":true,"href":"https:\/\/compuviper.mx\/tienda\/wp-json\/wp\/v2\/media\/267142"}],"wp:attachment":[{"href":"https:\/\/compuviper.mx\/tienda\/wp-json\/wp\/v2\/media?parent=267141"}],"wp:term":[{"taxonomy":"product_cat","embeddable":true,"href":"https:\/\/compuviper.mx\/tienda\/wp-json\/wp\/v2\/product_cat?post=267141"},{"taxonomy":"product_tag","embeddable":true,"href":"https:\/\/compuviper.mx\/tienda\/wp-json\/wp\/v2\/product_tag?post=267141"}],"curies":[{"name":"wp","href":"https:\/\/api.w.org\/{rel}","templated":true}]}}