{"id":267135,"date":"2026-04-02T01:47:36","date_gmt":"2026-04-02T07:47:36","guid":{"rendered":"https:\/\/compuviper.mx\/tienda\/producto\/adata-ad4u26664g19-sgn-memoria-udimm-ddr4-4gb-pc4-21300-2666mhz-cl19-288pin-1-2v-pc\/"},"modified":"2026-04-03T00:00:24","modified_gmt":"2026-04-03T06:00:24","slug":"adata-ad4u26664g19-sgn-memoria-udimm-ddr4-4gb-pc4-21300-2666mhz-cl19-288pin-1-2v-pc","status":"publish","type":"product","link":"https:\/\/compuviper.mx\/tienda\/producto\/adata-ad4u26664g19-sgn-memoria-udimm-ddr4-4gb-pc4-21300-2666mhz-cl19-288pin-1-2v-pc\/","title":{"rendered":"Adata Ad4u26664g19-sgn Memoria  Udimm Ddr4 4gb Pc4-21300 2666mhz Cl19 288pin 1.2v Pc ()"},"content":{"rendered":"<table class=\"descripcion\">\n<tr>\n<td>Tipo de m\u00f3dulo udimm<\/td>\n<\/tr>\n<tr>\n<td>Factor de forma altura est\u00e1ndar de 1,23<\/td>\n<\/tr>\n<tr>\n<td>Tipo de memoria ddr4<\/td>\n<\/tr>\n<tr>\n<td>Est\u00e1ndar jedec<\/td>\n<\/tr>\n<tr>\n<td>Interfaz 288 contactos<\/td>\n<\/tr>\n<tr>\n<td>Densidad 4gb<\/td>\n<\/tr>\n<tr>\n<td>Velocidad 2666mhz<\/td>\n<\/tr>\n<tr>\n<td>Latencia cas cl 19-19-19<\/td>\n<\/tr>\n<tr>\n<td>Fuente de alimentaci\u00f3n vdd y vddq = 1,2v\u00b10,06v<\/td>\n<\/tr>\n<tr>\n<td>Fuente de alimentaci\u00f3n de activaci\u00f3n dram vpp= 2.5v (+0,25v \/ -0,125v)<\/td>\n<\/tr>\n<tr>\n<td>Especificaciones\/vcc dram ddr4 std 1,2v<\/td>\n<\/tr>\n<tr>\n<td>Temperaturas de operaci\u00f3n 0\u00b0c a 85\u00b0c<\/td>\n<\/tr>\n<tr>\n<td>Garant\u00eda de por vida<\/td>\n<\/tr>\n<\/table>\n","protected":false},"excerpt":{"rendered":"<p>El modulo de memoria sin bufer u-dimm adata premier ddr4 2666 es la ultima actualizacion que soporta las ultimas plataformas intel para su transferencia de datos mas rapida y mayor eficiencia energica. Con dise\u00f1o de 288 contactos, con un voltaje de 1.2v ahorras energia hasta un 20%, y aumenta su velocidad hasta 21.3gb\/s. Cada chip de los modulos cumple con los estrictos estandares jedec y rohs, asegurando su compatibilidad, estabilidad y respeto por medio ambiente.<\/p>\n","protected":false},"featured_media":267136,"comment_status":"open","ping_status":"open","template":"","meta":[],"product_cat":[1797,1793],"product_tag":[1539],"acf":[],"yoast_head":"<!-- This site is optimized with the Yoast SEO plugin v21.7 - https:\/\/yoast.com\/wordpress\/plugins\/seo\/ -->\n<title>[ Adata ] &#129351; Ad4u26664g19-sgn Memoria Udimm Ddr4 4gb Pc4-21300 2666mhz Cl19 288pin 1.2v Pc ()<\/title>\n<meta name=\"description\" content=\"Compra Ad4u26664g19-sgn Memoria Udimm Ddr4 4gb Pc4-21300 2666mhz Cl19 288pin 1.2v Pc () + Env\u00edo a domicilio + Pago seguro + Garant\u00eda\" \/>\n<meta name=\"robots\" content=\"index, follow, max-snippet:-1, max-image-preview:large, max-video-preview:-1\" \/>\n<link rel=\"canonical\" href=\"https:\/\/compuviper.mx\/tienda\/producto\/adata-ad4u26664g19-sgn-memoria-udimm-ddr4-4gb-pc4-21300-2666mhz-cl19-288pin-1-2v-pc\/\" \/>\n<meta property=\"og:locale\" content=\"es_MX\" \/>\n<meta property=\"og:type\" content=\"article\" \/>\n<meta property=\"og:title\" content=\"[ Adata ] &#129351; Ad4u26664g19-sgn Memoria Udimm Ddr4 4gb Pc4-21300 2666mhz Cl19 288pin 1.2v Pc ()\" \/>\n<meta property=\"og:description\" content=\"Compra Ad4u26664g19-sgn Memoria Udimm Ddr4 4gb Pc4-21300 2666mhz Cl19 288pin 1.2v Pc () + Env\u00edo a domicilio + Pago seguro + Garant\u00eda\" \/>\n<meta property=\"og:url\" content=\"https:\/\/compuviper.mx\/tienda\/producto\/adata-ad4u26664g19-sgn-memoria-udimm-ddr4-4gb-pc4-21300-2666mhz-cl19-288pin-1-2v-pc\/\" \/>\n<meta property=\"og:site_name\" content=\"Compuviper\" \/>\n<meta property=\"article:publisher\" content=\"https:\/\/www.facebook.com\/compuviper\" \/>\n<meta property=\"article:modified_time\" content=\"2026-04-03T06:00:24+00:00\" \/>\n<meta property=\"og:image\" content=\"https:\/\/compuviper.mx\/tienda\/wp-content\/uploads\/2026\/02\/Memoria-adata-udimm-ddr4-4gb-pc4-21300-2666mhz-cl19-288pin-1.2v-pc-ad4u26664g19-sgn.jpg\" \/>\n\t<meta property=\"og:image:width\" content=\"200\" \/>\n\t<meta property=\"og:image:height\" content=\"200\" \/>\n\t<meta property=\"og:image:type\" content=\"image\/jpeg\" \/>\n<meta name=\"twitter:card\" content=\"summary_large_image\" \/>\n<meta name=\"twitter:label1\" content=\"Precio\" \/>\n\t<meta name=\"twitter:data1\" content=\"&#36;647 con IVA\" \/>\n\t<meta name=\"twitter:label2\" content=\"Availability\" \/>\n\t<meta name=\"twitter:data2\" content=\"In stock\" \/>\n<script type=\"application\/ld+json\" class=\"yoast-schema-graph\">{\"@context\":\"https:\/\/schema.org\",\"@graph\":[{\"@type\":\"WebPage\",\"@id\":\"https:\/\/compuviper.mx\/tienda\/producto\/adata-ad4u26664g19-sgn-memoria-udimm-ddr4-4gb-pc4-21300-2666mhz-cl19-288pin-1-2v-pc\/\",\"url\":\"https:\/\/compuviper.mx\/tienda\/producto\/adata-ad4u26664g19-sgn-memoria-udimm-ddr4-4gb-pc4-21300-2666mhz-cl19-288pin-1-2v-pc\/\",\"name\":\"[ Adata ] &#129351; Ad4u26664g19-sgn Memoria Udimm Ddr4 4gb Pc4-21300 2666mhz Cl19 288pin 1.2v Pc ()\",\"isPartOf\":{\"@id\":\"https:\/\/compuviper.mx\/tienda\/#website\"},\"datePublished\":\"2026-04-02T07:47:36+00:00\",\"dateModified\":\"2026-04-03T06:00:24+00:00\",\"description\":\"Compra Ad4u26664g19-sgn Memoria Udimm Ddr4 4gb Pc4-21300 2666mhz Cl19 288pin 1.2v Pc () + Env\u00edo a domicilio + Pago seguro + Garant\u00eda\",\"breadcrumb\":{\"@id\":\"https:\/\/compuviper.mx\/tienda\/producto\/adata-ad4u26664g19-sgn-memoria-udimm-ddr4-4gb-pc4-21300-2666mhz-cl19-288pin-1-2v-pc\/#breadcrumb\"},\"inLanguage\":\"es-MX\",\"potentialAction\":[{\"@type\":\"ReadAction\",\"target\":[\"https:\/\/compuviper.mx\/tienda\/producto\/adata-ad4u26664g19-sgn-memoria-udimm-ddr4-4gb-pc4-21300-2666mhz-cl19-288pin-1-2v-pc\/\"]}]},{\"@type\":\"BreadcrumbList\",\"@id\":\"https:\/\/compuviper.mx\/tienda\/producto\/adata-ad4u26664g19-sgn-memoria-udimm-ddr4-4gb-pc4-21300-2666mhz-cl19-288pin-1-2v-pc\/#breadcrumb\",\"itemListElement\":[{\"@type\":\"ListItem\",\"position\":1,\"name\":\"Inicio\",\"item\":\"https:\/\/compuviper.mx\/tienda\/\"},{\"@type\":\"ListItem\",\"position\":2,\"name\":\"Productos\",\"item\":\"https:\/\/compuviper.mx\/tienda\/productos\/\"},{\"@type\":\"ListItem\",\"position\":3,\"name\":\"Memorias\",\"item\":\"https:\/\/compuviper.mx\/tienda\/categoria-producto\/memorias\/\"},{\"@type\":\"ListItem\",\"position\":4,\"name\":\"Memoria Ram\",\"item\":\"https:\/\/compuviper.mx\/tienda\/categoria-producto\/memorias\/memoria-ram\/\"},{\"@type\":\"ListItem\",\"position\":5,\"name\":\"Adata Ad4u26664g19-sgn Memoria Udimm Ddr4 4gb Pc4-21300 2666mhz Cl19 288pin 1.2v Pc ()\"}]},{\"@type\":\"WebSite\",\"@id\":\"https:\/\/compuviper.mx\/tienda\/#website\",\"url\":\"https:\/\/compuviper.mx\/tienda\/\",\"name\":\"Compuviper\",\"description\":\"Proveedor de Computadoras, Laptops, Servidores, Monitores, Puntos de Venta, Teclados,   Impresoras, T\u00f3ner, C\u00e1maras de Seguridad y m\u00e1s en tu tienda en l\u00ednea\",\"publisher\":{\"@id\":\"https:\/\/compuviper.mx\/tienda\/#organization\"},\"potentialAction\":[{\"@type\":\"SearchAction\",\"target\":{\"@type\":\"EntryPoint\",\"urlTemplate\":\"https:\/\/compuviper.mx\/tienda\/?s={search_term_string}\"},\"query-input\":\"required name=search_term_string\"}],\"inLanguage\":\"es-MX\"},{\"@type\":\"Organization\",\"@id\":\"https:\/\/compuviper.mx\/tienda\/#organization\",\"name\":\"Compuviper\",\"url\":\"https:\/\/compuviper.mx\/tienda\/\",\"logo\":{\"@type\":\"ImageObject\",\"inLanguage\":\"es-MX\",\"@id\":\"https:\/\/compuviper.mx\/tienda\/#\/schema\/logo\/image\/\",\"url\":\"https:\/\/compuviper.mx\/tienda\/wp-content\/uploads\/2021\/08\/Logo-Compuviper-10.png\",\"contentUrl\":\"https:\/\/compuviper.mx\/tienda\/wp-content\/uploads\/2021\/08\/Logo-Compuviper-10.png\",\"width\":1000,\"height\":500,\"caption\":\"Compuviper\"},\"image\":{\"@id\":\"https:\/\/compuviper.mx\/tienda\/#\/schema\/logo\/image\/\"},\"sameAs\":[\"https:\/\/www.facebook.com\/compuviper\",\"https:\/\/www.youtube.com\/channel\/UCf73dERp9Y3cfOq7q8BhLjA?view_as=subscriber\"]}]}<\/script>\n<meta property=\"product:brand\" content=\"ADATA\" \/>\n<meta property=\"product:price:amount\" content=\"647\" \/>\n<meta property=\"product:price:currency\" content=\"MXN\" \/>\n<meta property=\"og:availability\" content=\"instock\" \/>\n<meta property=\"product:availability\" content=\"instock\" \/>\n<meta property=\"product:retailer_item_id\" content=\"AD4U26664G19-SGN\" \/>\n<meta property=\"product:condition\" content=\"new\" \/>\n<!-- \/ Yoast SEO plugin. -->","yoast_head_json":{"title":"[ Adata ] &#129351; Ad4u26664g19-sgn Memoria Udimm Ddr4 4gb Pc4-21300 2666mhz Cl19 288pin 1.2v Pc ()","description":"Compra Ad4u26664g19-sgn Memoria Udimm Ddr4 4gb Pc4-21300 2666mhz Cl19 288pin 1.2v Pc () + Env\u00edo a domicilio + Pago seguro + Garant\u00eda","robots":{"index":"index","follow":"follow","max-snippet":"max-snippet:-1","max-image-preview":"max-image-preview:large","max-video-preview":"max-video-preview:-1"},"canonical":"https:\/\/compuviper.mx\/tienda\/producto\/adata-ad4u26664g19-sgn-memoria-udimm-ddr4-4gb-pc4-21300-2666mhz-cl19-288pin-1-2v-pc\/","og_locale":"es_MX","og_type":"article","og_title":"[ Adata ] &#129351; Ad4u26664g19-sgn Memoria Udimm Ddr4 4gb Pc4-21300 2666mhz Cl19 288pin 1.2v Pc ()","og_description":"Compra Ad4u26664g19-sgn Memoria Udimm Ddr4 4gb Pc4-21300 2666mhz Cl19 288pin 1.2v Pc () + Env\u00edo a domicilio + Pago seguro + Garant\u00eda","og_url":"https:\/\/compuviper.mx\/tienda\/producto\/adata-ad4u26664g19-sgn-memoria-udimm-ddr4-4gb-pc4-21300-2666mhz-cl19-288pin-1-2v-pc\/","og_site_name":"Compuviper","article_publisher":"https:\/\/www.facebook.com\/compuviper","article_modified_time":"2026-04-03T06:00:24+00:00","og_image":[{"width":200,"height":200,"url":"https:\/\/compuviper.mx\/tienda\/wp-content\/uploads\/2026\/02\/Memoria-adata-udimm-ddr4-4gb-pc4-21300-2666mhz-cl19-288pin-1.2v-pc-ad4u26664g19-sgn.jpg","type":"image\/jpeg"}],"twitter_card":"summary_large_image","twitter_misc":{"Precio":"&#36;647 con IVA","Availability":"In stock"},"schema":{"@context":"https:\/\/schema.org","@graph":[{"@type":"WebPage","@id":"https:\/\/compuviper.mx\/tienda\/producto\/adata-ad4u26664g19-sgn-memoria-udimm-ddr4-4gb-pc4-21300-2666mhz-cl19-288pin-1-2v-pc\/","url":"https:\/\/compuviper.mx\/tienda\/producto\/adata-ad4u26664g19-sgn-memoria-udimm-ddr4-4gb-pc4-21300-2666mhz-cl19-288pin-1-2v-pc\/","name":"[ Adata ] &#129351; Ad4u26664g19-sgn Memoria Udimm Ddr4 4gb Pc4-21300 2666mhz Cl19 288pin 1.2v Pc ()","isPartOf":{"@id":"https:\/\/compuviper.mx\/tienda\/#website"},"datePublished":"2026-04-02T07:47:36+00:00","dateModified":"2026-04-03T06:00:24+00:00","description":"Compra Ad4u26664g19-sgn Memoria Udimm Ddr4 4gb Pc4-21300 2666mhz Cl19 288pin 1.2v Pc () + Env\u00edo a domicilio + Pago seguro + Garant\u00eda","breadcrumb":{"@id":"https:\/\/compuviper.mx\/tienda\/producto\/adata-ad4u26664g19-sgn-memoria-udimm-ddr4-4gb-pc4-21300-2666mhz-cl19-288pin-1-2v-pc\/#breadcrumb"},"inLanguage":"es-MX","potentialAction":[{"@type":"ReadAction","target":["https:\/\/compuviper.mx\/tienda\/producto\/adata-ad4u26664g19-sgn-memoria-udimm-ddr4-4gb-pc4-21300-2666mhz-cl19-288pin-1-2v-pc\/"]}]},{"@type":"BreadcrumbList","@id":"https:\/\/compuviper.mx\/tienda\/producto\/adata-ad4u26664g19-sgn-memoria-udimm-ddr4-4gb-pc4-21300-2666mhz-cl19-288pin-1-2v-pc\/#breadcrumb","itemListElement":[{"@type":"ListItem","position":1,"name":"Inicio","item":"https:\/\/compuviper.mx\/tienda\/"},{"@type":"ListItem","position":2,"name":"Productos","item":"https:\/\/compuviper.mx\/tienda\/productos\/"},{"@type":"ListItem","position":3,"name":"Memorias","item":"https:\/\/compuviper.mx\/tienda\/categoria-producto\/memorias\/"},{"@type":"ListItem","position":4,"name":"Memoria Ram","item":"https:\/\/compuviper.mx\/tienda\/categoria-producto\/memorias\/memoria-ram\/"},{"@type":"ListItem","position":5,"name":"Adata Ad4u26664g19-sgn Memoria Udimm Ddr4 4gb Pc4-21300 2666mhz Cl19 288pin 1.2v Pc ()"}]},{"@type":"WebSite","@id":"https:\/\/compuviper.mx\/tienda\/#website","url":"https:\/\/compuviper.mx\/tienda\/","name":"Compuviper","description":"Proveedor de Computadoras, Laptops, Servidores, Monitores, Puntos de Venta, Teclados,   Impresoras, T\u00f3ner, C\u00e1maras de Seguridad y m\u00e1s en tu tienda en l\u00ednea","publisher":{"@id":"https:\/\/compuviper.mx\/tienda\/#organization"},"potentialAction":[{"@type":"SearchAction","target":{"@type":"EntryPoint","urlTemplate":"https:\/\/compuviper.mx\/tienda\/?s={search_term_string}"},"query-input":"required name=search_term_string"}],"inLanguage":"es-MX"},{"@type":"Organization","@id":"https:\/\/compuviper.mx\/tienda\/#organization","name":"Compuviper","url":"https:\/\/compuviper.mx\/tienda\/","logo":{"@type":"ImageObject","inLanguage":"es-MX","@id":"https:\/\/compuviper.mx\/tienda\/#\/schema\/logo\/image\/","url":"https:\/\/compuviper.mx\/tienda\/wp-content\/uploads\/2021\/08\/Logo-Compuviper-10.png","contentUrl":"https:\/\/compuviper.mx\/tienda\/wp-content\/uploads\/2021\/08\/Logo-Compuviper-10.png","width":1000,"height":500,"caption":"Compuviper"},"image":{"@id":"https:\/\/compuviper.mx\/tienda\/#\/schema\/logo\/image\/"},"sameAs":["https:\/\/www.facebook.com\/compuviper","https:\/\/www.youtube.com\/channel\/UCf73dERp9Y3cfOq7q8BhLjA?view_as=subscriber"]}]},"product_brand":"ADATA","product_price_amount":"647","product_price_currency":"MXN","og_availability":"instock","product_availability":"instock","product_retailer_item_id":"AD4U26664G19-SGN","product_condition":"new"},"_links":{"self":[{"href":"https:\/\/compuviper.mx\/tienda\/wp-json\/wp\/v2\/product\/267135"}],"collection":[{"href":"https:\/\/compuviper.mx\/tienda\/wp-json\/wp\/v2\/product"}],"about":[{"href":"https:\/\/compuviper.mx\/tienda\/wp-json\/wp\/v2\/types\/product"}],"replies":[{"embeddable":true,"href":"https:\/\/compuviper.mx\/tienda\/wp-json\/wp\/v2\/comments?post=267135"}],"wp:featuredmedia":[{"embeddable":true,"href":"https:\/\/compuviper.mx\/tienda\/wp-json\/wp\/v2\/media\/267136"}],"wp:attachment":[{"href":"https:\/\/compuviper.mx\/tienda\/wp-json\/wp\/v2\/media?parent=267135"}],"wp:term":[{"taxonomy":"product_cat","embeddable":true,"href":"https:\/\/compuviper.mx\/tienda\/wp-json\/wp\/v2\/product_cat?post=267135"},{"taxonomy":"product_tag","embeddable":true,"href":"https:\/\/compuviper.mx\/tienda\/wp-json\/wp\/v2\/product_tag?post=267135"}],"curies":[{"name":"wp","href":"https:\/\/api.w.org\/{rel}","templated":true}]}}