{"id":267129,"date":"2026-04-02T01:31:02","date_gmt":"2026-04-02T07:31:02","guid":{"rendered":"https:\/\/compuviper.mx\/tienda\/producto\/lenovo-13a5000yls-pc-thinkcentre-m70q-gen-6-intel-core-ultra-5-225t-16gb-512-ssd-m-2-teclado-y-mouse-usb-soporte-vesa-wifi-bt-hdmi-dp-3-aos-garantia-en-sitio-mil-std-810h-cert\/"},"modified":"2026-04-02T01:31:02","modified_gmt":"2026-04-02T07:31:02","slug":"lenovo-13a5000yls-pc-thinkcentre-m70q-gen-6-intel-core-ultra-5-225t-16gb-512-ssd-m-2-teclado-y-mouse-usb-soporte-vesa-wifi-bt-hdmi-dp-3-aos-garantia-en-sitio-mil-std-810h-cert","status":"publish","type":"product","link":"https:\/\/compuviper.mx\/tienda\/producto\/lenovo-13a5000yls-pc-thinkcentre-m70q-gen-6-intel-core-ultra-5-225t-16gb-512-ssd-m-2-teclado-y-mouse-usb-soporte-vesa-wifi-bt-hdmi-dp-3-aos-garantia-en-sitio-mil-std-810h-cert\/","title":{"rendered":"Lenovo 13a5000yls Pc  Thinkcentre M70q Gen 6 | Intel Core Ultra 5 225t | 16gb | 512 Ssd M.2 | Teclado Y Mouse Usb | Soporte Vesa | Wifi + Bt | Hdmi | Dp | 3 A?os Garantia En Sitio | Mil-std-810h  Certificacion"},"content":{"rendered":"<table class=\"descripcion\">\n<tr>\n<td>Modelo: thinkcentre m70q gen 6<\/td>\n<\/tr>\n<tr>\n<td>N\u00famero de parte: 13a5000yls<\/td>\n<\/tr>\n<tr>\n<td>Factor de forma: tiny \/ mini pc<\/td>\n<\/tr>\n<tr>\n<td> and #128313; procesador: intel core ultra 5 225t<\/td>\n<\/tr>\n<tr>\n<td> and #128313; n\u00facleos: 10 n\u00facleos<\/td>\n<\/tr>\n<tr>\n<td> and #128313; frecuencia m\u00e1xima: hasta 4.9 ghz<\/td>\n<\/tr>\n<tr>\n<td> and #128313; memoria ram: 16 gb ddr5<\/td>\n<\/tr>\n<tr>\n<td> and #128313; almacenamiento: 512 gb ssd m.2 pcie nvme<\/td>\n<\/tr>\n<tr>\n<td> and #128313; gr\u00e1ficos: intel graphics integrados<\/td>\n<\/tr>\n<tr>\n<td> and #128313; sistema operativo: windows 11 pro<\/td>\n<\/tr>\n<tr>\n<td> and #128313; conectividad:<\/td>\n<\/tr>\n<tr>\n<td>Wi-fi 6e<\/td>\n<\/tr>\n<tr>\n<td>Bluetooth 5.3<\/td>\n<\/tr>\n<tr>\n<td>Ethernet<\/td>\n<\/tr>\n<tr>\n<td> and #128313; puertos:<\/td>\n<\/tr>\n<tr>\n<td>Usb-c<\/td>\n<\/tr>\n<tr>\n<td>Usb-a<\/td>\n<\/tr>\n<tr>\n<td>Hdmi<\/td>\n<\/tr>\n<tr>\n<td>Displayport<\/td>\n<\/tr>\n<tr>\n<td> and #128313; uso recomendado:<\/td>\n<\/tr>\n<tr>\n<td>Productividad empresarial, multitarea, oficinas y espacios reducidos.<\/td>\n<\/tr>\n<\/table>\n","protected":false},"excerpt":{"rendered":"<p>El lenovo ultra 5 225t mini pc es una computadora compacta y de alto rendimiento. Cuenta con procesador intel core ultra 5, 16 gb de ram y ssd de 512 gb, lo que permite trabajar con rapidez y manejar varias aplicaciones al mismo tiempo. Incluye windows 11 pro y gr\u00e1ficos integrados intel, ideales para tareas de oficina, hogar y entretenimiento. Es una excelente opci\u00f3n para quienes buscan potencia en un equipo peque\u00f1o y eficiente.<\/p>\n","protected":false},"featured_media":0,"comment_status":"open","ping_status":"open","template":"","meta":[],"product_cat":[1971,1978],"product_tag":[1578],"acf":[],"yoast_head":"<!-- This site is optimized with the Yoast SEO plugin v21.7 - https:\/\/yoast.com\/wordpress\/plugins\/seo\/ -->\n<title>[ Lenovo ] &#129351; 13a5000yls Pc Thinkcentre M70q Gen 6 | Intel Core Ultra 5 225t | 16gb | 512 Ssd M.2 | Teclado Y Mouse Usb | Soporte Vesa | Wifi + Bt | Hdmi | Dp | 3 A\u00f1os Garantia En Sitio | Mil-std-810h Certificacion<\/title>\n<meta name=\"description\" content=\"Compra 13a5000yls Pc Thinkcentre M70q Gen 6 | Intel Core Ultra 5 225t | 16gb | 512 Ssd M.2 | Teclado Y Mouse Usb | Soporte Vesa | Wifi + Bt | Hdmi | Dp | 3 A\u00f1os Garantia En Sitio | Mil-std-810h Certificacion + Env\u00edo a domicilio + Pago seguro + Garant\u00eda\" \/>\n<meta name=\"robots\" content=\"index, follow, max-snippet:-1, max-image-preview:large, max-video-preview:-1\" \/>\n<link rel=\"canonical\" href=\"https:\/\/compuviper.mx\/tienda\/producto\/lenovo-13a5000yls-pc-thinkcentre-m70q-gen-6-intel-core-ultra-5-225t-16gb-512-ssd-m-2-teclado-y-mouse-usb-soporte-vesa-wifi-bt-hdmi-dp-3-aos-garantia-en-sitio-mil-std-810h-cert\/\" \/>\n<meta property=\"og:locale\" content=\"es_MX\" \/>\n<meta property=\"og:type\" content=\"article\" \/>\n<meta property=\"og:title\" content=\"[ Lenovo ] &#129351; 13a5000yls Pc Thinkcentre M70q Gen 6 | Intel Core Ultra 5 225t | 16gb | 512 Ssd M.2 | Teclado Y Mouse Usb | Soporte Vesa | Wifi + Bt | Hdmi | Dp | 3 A\u00f1os Garantia En Sitio | Mil-std-810h Certificacion\" \/>\n<meta property=\"og:description\" content=\"Compra 13a5000yls Pc Thinkcentre M70q Gen 6 | Intel Core Ultra 5 225t | 16gb | 512 Ssd M.2 | Teclado Y Mouse Usb | Soporte Vesa | Wifi + Bt | Hdmi | Dp | 3 A\u00f1os Garantia En Sitio | Mil-std-810h Certificacion + Env\u00edo a domicilio + Pago seguro + Garant\u00eda\" \/>\n<meta property=\"og:url\" content=\"https:\/\/compuviper.mx\/tienda\/producto\/lenovo-13a5000yls-pc-thinkcentre-m70q-gen-6-intel-core-ultra-5-225t-16gb-512-ssd-m-2-teclado-y-mouse-usb-soporte-vesa-wifi-bt-hdmi-dp-3-aos-garantia-en-sitio-mil-std-810h-cert\/\" \/>\n<meta property=\"og:site_name\" content=\"Compuviper\" \/>\n<meta property=\"article:publisher\" content=\"https:\/\/www.facebook.com\/compuviper\" \/>\n<meta name=\"twitter:card\" content=\"summary_large_image\" \/>\n<meta name=\"twitter:label1\" content=\"Precio\" \/>\n\t<meta name=\"twitter:data1\" content=\"&#36;20,001 con IVA\" \/>\n\t<meta name=\"twitter:label2\" content=\"Availability\" \/>\n\t<meta name=\"twitter:data2\" content=\"In stock\" \/>\n<script type=\"application\/ld+json\" class=\"yoast-schema-graph\">{\"@context\":\"https:\/\/schema.org\",\"@graph\":[{\"@type\":\"WebPage\",\"@id\":\"https:\/\/compuviper.mx\/tienda\/producto\/lenovo-13a5000yls-pc-thinkcentre-m70q-gen-6-intel-core-ultra-5-225t-16gb-512-ssd-m-2-teclado-y-mouse-usb-soporte-vesa-wifi-bt-hdmi-dp-3-aos-garantia-en-sitio-mil-std-810h-cert\/\",\"url\":\"https:\/\/compuviper.mx\/tienda\/producto\/lenovo-13a5000yls-pc-thinkcentre-m70q-gen-6-intel-core-ultra-5-225t-16gb-512-ssd-m-2-teclado-y-mouse-usb-soporte-vesa-wifi-bt-hdmi-dp-3-aos-garantia-en-sitio-mil-std-810h-cert\/\",\"name\":\"[ Lenovo ] &#129351; 13a5000yls Pc Thinkcentre M70q Gen 6 | Intel Core Ultra 5 225t | 16gb | 512 Ssd M.2 | Teclado Y Mouse Usb | Soporte Vesa | Wifi + Bt | Hdmi | Dp | 3 A\u00f1os Garantia En Sitio | Mil-std-810h Certificacion\",\"isPartOf\":{\"@id\":\"https:\/\/compuviper.mx\/tienda\/#website\"},\"datePublished\":\"2026-04-02T07:31:02+00:00\",\"dateModified\":\"2026-04-02T07:31:02+00:00\",\"description\":\"Compra 13a5000yls Pc Thinkcentre M70q Gen 6 | Intel Core Ultra 5 225t | 16gb | 512 Ssd M.2 | Teclado Y Mouse Usb | Soporte Vesa | Wifi + Bt | Hdmi | Dp | 3 A\u00f1os Garantia En Sitio | Mil-std-810h Certificacion + Env\u00edo a domicilio + Pago seguro + Garant\u00eda\",\"breadcrumb\":{\"@id\":\"https:\/\/compuviper.mx\/tienda\/producto\/lenovo-13a5000yls-pc-thinkcentre-m70q-gen-6-intel-core-ultra-5-225t-16gb-512-ssd-m-2-teclado-y-mouse-usb-soporte-vesa-wifi-bt-hdmi-dp-3-aos-garantia-en-sitio-mil-std-810h-cert\/#breadcrumb\"},\"inLanguage\":\"es-MX\",\"potentialAction\":[{\"@type\":\"ReadAction\",\"target\":[\"https:\/\/compuviper.mx\/tienda\/producto\/lenovo-13a5000yls-pc-thinkcentre-m70q-gen-6-intel-core-ultra-5-225t-16gb-512-ssd-m-2-teclado-y-mouse-usb-soporte-vesa-wifi-bt-hdmi-dp-3-aos-garantia-en-sitio-mil-std-810h-cert\/\"]}]},{\"@type\":\"BreadcrumbList\",\"@id\":\"https:\/\/compuviper.mx\/tienda\/producto\/lenovo-13a5000yls-pc-thinkcentre-m70q-gen-6-intel-core-ultra-5-225t-16gb-512-ssd-m-2-teclado-y-mouse-usb-soporte-vesa-wifi-bt-hdmi-dp-3-aos-garantia-en-sitio-mil-std-810h-cert\/#breadcrumb\",\"itemListElement\":[{\"@type\":\"ListItem\",\"position\":1,\"name\":\"Inicio\",\"item\":\"https:\/\/compuviper.mx\/tienda\/\"},{\"@type\":\"ListItem\",\"position\":2,\"name\":\"Productos\",\"item\":\"https:\/\/compuviper.mx\/tienda\/productos\/\"},{\"@type\":\"ListItem\",\"position\":3,\"name\":\"Computadoras\",\"item\":\"https:\/\/compuviper.mx\/tienda\/categoria-producto\/computadoras\/\"},{\"@type\":\"ListItem\",\"position\":4,\"name\":\"Mini Pc\u00b4s\",\"item\":\"https:\/\/compuviper.mx\/tienda\/categoria-producto\/computadoras\/mini-pcs\/\"},{\"@type\":\"ListItem\",\"position\":5,\"name\":\"Lenovo 13a5000yls Pc Thinkcentre M70q Gen 6 | Intel Core Ultra 5 225t | 16gb | 512 Ssd M.2 | Teclado Y Mouse Usb | Soporte Vesa | Wifi + Bt | Hdmi | Dp | 3 A?os Garantia En Sitio | Mil-std-810h Certificacion\"}]},{\"@type\":\"WebSite\",\"@id\":\"https:\/\/compuviper.mx\/tienda\/#website\",\"url\":\"https:\/\/compuviper.mx\/tienda\/\",\"name\":\"Compuviper\",\"description\":\"Proveedor de Computadoras, Laptops, Servidores, Monitores, Puntos de Venta, Teclados,   Impresoras, T\u00f3ner, C\u00e1maras de Seguridad y m\u00e1s en tu tienda en l\u00ednea\",\"publisher\":{\"@id\":\"https:\/\/compuviper.mx\/tienda\/#organization\"},\"potentialAction\":[{\"@type\":\"SearchAction\",\"target\":{\"@type\":\"EntryPoint\",\"urlTemplate\":\"https:\/\/compuviper.mx\/tienda\/?s={search_term_string}\"},\"query-input\":\"required name=search_term_string\"}],\"inLanguage\":\"es-MX\"},{\"@type\":\"Organization\",\"@id\":\"https:\/\/compuviper.mx\/tienda\/#organization\",\"name\":\"Compuviper\",\"url\":\"https:\/\/compuviper.mx\/tienda\/\",\"logo\":{\"@type\":\"ImageObject\",\"inLanguage\":\"es-MX\",\"@id\":\"https:\/\/compuviper.mx\/tienda\/#\/schema\/logo\/image\/\",\"url\":\"https:\/\/compuviper.mx\/tienda\/wp-content\/uploads\/2021\/08\/Logo-Compuviper-10.png\",\"contentUrl\":\"https:\/\/compuviper.mx\/tienda\/wp-content\/uploads\/2021\/08\/Logo-Compuviper-10.png\",\"width\":1000,\"height\":500,\"caption\":\"Compuviper\"},\"image\":{\"@id\":\"https:\/\/compuviper.mx\/tienda\/#\/schema\/logo\/image\/\"},\"sameAs\":[\"https:\/\/www.facebook.com\/compuviper\",\"https:\/\/www.youtube.com\/channel\/UCf73dERp9Y3cfOq7q8BhLjA?view_as=subscriber\"]}]}<\/script>\n<meta property=\"product:brand\" content=\"LENOVO\" \/>\n<meta property=\"product:price:amount\" content=\"20001\" \/>\n<meta property=\"product:price:currency\" content=\"MXN\" \/>\n<meta property=\"og:availability\" content=\"instock\" \/>\n<meta property=\"product:availability\" content=\"instock\" \/>\n<meta property=\"product:retailer_item_id\" content=\"13A5000YLS\" \/>\n<meta property=\"product:condition\" content=\"new\" \/>\n<!-- \/ Yoast SEO plugin. -->","yoast_head_json":{"title":"[ Lenovo ] &#129351; 13a5000yls Pc Thinkcentre M70q Gen 6 | Intel Core Ultra 5 225t | 16gb | 512 Ssd M.2 | Teclado Y Mouse Usb | Soporte Vesa | Wifi + Bt | Hdmi | Dp | 3 A\u00f1os Garantia En Sitio | Mil-std-810h Certificacion","description":"Compra 13a5000yls Pc Thinkcentre M70q Gen 6 | Intel Core Ultra 5 225t | 16gb | 512 Ssd M.2 | Teclado Y Mouse Usb | Soporte Vesa | Wifi + Bt | Hdmi | Dp | 3 A\u00f1os Garantia En Sitio | Mil-std-810h Certificacion + Env\u00edo a domicilio + Pago seguro + Garant\u00eda","robots":{"index":"index","follow":"follow","max-snippet":"max-snippet:-1","max-image-preview":"max-image-preview:large","max-video-preview":"max-video-preview:-1"},"canonical":"https:\/\/compuviper.mx\/tienda\/producto\/lenovo-13a5000yls-pc-thinkcentre-m70q-gen-6-intel-core-ultra-5-225t-16gb-512-ssd-m-2-teclado-y-mouse-usb-soporte-vesa-wifi-bt-hdmi-dp-3-aos-garantia-en-sitio-mil-std-810h-cert\/","og_locale":"es_MX","og_type":"article","og_title":"[ Lenovo ] &#129351; 13a5000yls Pc Thinkcentre M70q Gen 6 | Intel Core Ultra 5 225t | 16gb | 512 Ssd M.2 | Teclado Y Mouse Usb | Soporte Vesa | Wifi + Bt | Hdmi | Dp | 3 A\u00f1os Garantia En Sitio | Mil-std-810h Certificacion","og_description":"Compra 13a5000yls Pc Thinkcentre M70q Gen 6 | Intel Core Ultra 5 225t | 16gb | 512 Ssd M.2 | Teclado Y Mouse Usb | Soporte Vesa | Wifi + Bt | Hdmi | Dp | 3 A\u00f1os Garantia En Sitio | Mil-std-810h Certificacion + Env\u00edo a domicilio + Pago seguro + Garant\u00eda","og_url":"https:\/\/compuviper.mx\/tienda\/producto\/lenovo-13a5000yls-pc-thinkcentre-m70q-gen-6-intel-core-ultra-5-225t-16gb-512-ssd-m-2-teclado-y-mouse-usb-soporte-vesa-wifi-bt-hdmi-dp-3-aos-garantia-en-sitio-mil-std-810h-cert\/","og_site_name":"Compuviper","article_publisher":"https:\/\/www.facebook.com\/compuviper","twitter_card":"summary_large_image","twitter_misc":{"Precio":"&#36;20,001 con IVA","Availability":"In stock"},"schema":{"@context":"https:\/\/schema.org","@graph":[{"@type":"WebPage","@id":"https:\/\/compuviper.mx\/tienda\/producto\/lenovo-13a5000yls-pc-thinkcentre-m70q-gen-6-intel-core-ultra-5-225t-16gb-512-ssd-m-2-teclado-y-mouse-usb-soporte-vesa-wifi-bt-hdmi-dp-3-aos-garantia-en-sitio-mil-std-810h-cert\/","url":"https:\/\/compuviper.mx\/tienda\/producto\/lenovo-13a5000yls-pc-thinkcentre-m70q-gen-6-intel-core-ultra-5-225t-16gb-512-ssd-m-2-teclado-y-mouse-usb-soporte-vesa-wifi-bt-hdmi-dp-3-aos-garantia-en-sitio-mil-std-810h-cert\/","name":"[ Lenovo ] &#129351; 13a5000yls Pc Thinkcentre M70q Gen 6 | Intel Core Ultra 5 225t | 16gb | 512 Ssd M.2 | Teclado Y Mouse Usb | Soporte Vesa | Wifi + Bt | Hdmi | Dp | 3 A\u00f1os Garantia En Sitio | Mil-std-810h Certificacion","isPartOf":{"@id":"https:\/\/compuviper.mx\/tienda\/#website"},"datePublished":"2026-04-02T07:31:02+00:00","dateModified":"2026-04-02T07:31:02+00:00","description":"Compra 13a5000yls Pc Thinkcentre M70q Gen 6 | Intel Core Ultra 5 225t | 16gb | 512 Ssd M.2 | Teclado Y Mouse Usb | Soporte Vesa | Wifi + Bt | Hdmi | Dp | 3 A\u00f1os Garantia En Sitio | Mil-std-810h Certificacion + Env\u00edo a domicilio + Pago seguro + Garant\u00eda","breadcrumb":{"@id":"https:\/\/compuviper.mx\/tienda\/producto\/lenovo-13a5000yls-pc-thinkcentre-m70q-gen-6-intel-core-ultra-5-225t-16gb-512-ssd-m-2-teclado-y-mouse-usb-soporte-vesa-wifi-bt-hdmi-dp-3-aos-garantia-en-sitio-mil-std-810h-cert\/#breadcrumb"},"inLanguage":"es-MX","potentialAction":[{"@type":"ReadAction","target":["https:\/\/compuviper.mx\/tienda\/producto\/lenovo-13a5000yls-pc-thinkcentre-m70q-gen-6-intel-core-ultra-5-225t-16gb-512-ssd-m-2-teclado-y-mouse-usb-soporte-vesa-wifi-bt-hdmi-dp-3-aos-garantia-en-sitio-mil-std-810h-cert\/"]}]},{"@type":"BreadcrumbList","@id":"https:\/\/compuviper.mx\/tienda\/producto\/lenovo-13a5000yls-pc-thinkcentre-m70q-gen-6-intel-core-ultra-5-225t-16gb-512-ssd-m-2-teclado-y-mouse-usb-soporte-vesa-wifi-bt-hdmi-dp-3-aos-garantia-en-sitio-mil-std-810h-cert\/#breadcrumb","itemListElement":[{"@type":"ListItem","position":1,"name":"Inicio","item":"https:\/\/compuviper.mx\/tienda\/"},{"@type":"ListItem","position":2,"name":"Productos","item":"https:\/\/compuviper.mx\/tienda\/productos\/"},{"@type":"ListItem","position":3,"name":"Computadoras","item":"https:\/\/compuviper.mx\/tienda\/categoria-producto\/computadoras\/"},{"@type":"ListItem","position":4,"name":"Mini Pc\u00b4s","item":"https:\/\/compuviper.mx\/tienda\/categoria-producto\/computadoras\/mini-pcs\/"},{"@type":"ListItem","position":5,"name":"Lenovo 13a5000yls Pc Thinkcentre M70q Gen 6 | Intel Core Ultra 5 225t | 16gb | 512 Ssd M.2 | Teclado Y Mouse Usb | Soporte Vesa | Wifi + Bt | Hdmi | Dp | 3 A?os Garantia En Sitio | Mil-std-810h Certificacion"}]},{"@type":"WebSite","@id":"https:\/\/compuviper.mx\/tienda\/#website","url":"https:\/\/compuviper.mx\/tienda\/","name":"Compuviper","description":"Proveedor de Computadoras, Laptops, Servidores, Monitores, Puntos de Venta, Teclados,   Impresoras, T\u00f3ner, C\u00e1maras de Seguridad y m\u00e1s en tu tienda en l\u00ednea","publisher":{"@id":"https:\/\/compuviper.mx\/tienda\/#organization"},"potentialAction":[{"@type":"SearchAction","target":{"@type":"EntryPoint","urlTemplate":"https:\/\/compuviper.mx\/tienda\/?s={search_term_string}"},"query-input":"required name=search_term_string"}],"inLanguage":"es-MX"},{"@type":"Organization","@id":"https:\/\/compuviper.mx\/tienda\/#organization","name":"Compuviper","url":"https:\/\/compuviper.mx\/tienda\/","logo":{"@type":"ImageObject","inLanguage":"es-MX","@id":"https:\/\/compuviper.mx\/tienda\/#\/schema\/logo\/image\/","url":"https:\/\/compuviper.mx\/tienda\/wp-content\/uploads\/2021\/08\/Logo-Compuviper-10.png","contentUrl":"https:\/\/compuviper.mx\/tienda\/wp-content\/uploads\/2021\/08\/Logo-Compuviper-10.png","width":1000,"height":500,"caption":"Compuviper"},"image":{"@id":"https:\/\/compuviper.mx\/tienda\/#\/schema\/logo\/image\/"},"sameAs":["https:\/\/www.facebook.com\/compuviper","https:\/\/www.youtube.com\/channel\/UCf73dERp9Y3cfOq7q8BhLjA?view_as=subscriber"]}]},"product_brand":"LENOVO","product_price_amount":"20001","product_price_currency":"MXN","og_availability":"instock","product_availability":"instock","product_retailer_item_id":"13A5000YLS","product_condition":"new"},"_links":{"self":[{"href":"https:\/\/compuviper.mx\/tienda\/wp-json\/wp\/v2\/product\/267129"}],"collection":[{"href":"https:\/\/compuviper.mx\/tienda\/wp-json\/wp\/v2\/product"}],"about":[{"href":"https:\/\/compuviper.mx\/tienda\/wp-json\/wp\/v2\/types\/product"}],"replies":[{"embeddable":true,"href":"https:\/\/compuviper.mx\/tienda\/wp-json\/wp\/v2\/comments?post=267129"}],"wp:attachment":[{"href":"https:\/\/compuviper.mx\/tienda\/wp-json\/wp\/v2\/media?parent=267129"}],"wp:term":[{"taxonomy":"product_cat","embeddable":true,"href":"https:\/\/compuviper.mx\/tienda\/wp-json\/wp\/v2\/product_cat?post=267129"},{"taxonomy":"product_tag","embeddable":true,"href":"https:\/\/compuviper.mx\/tienda\/wp-json\/wp\/v2\/product_tag?post=267129"}],"curies":[{"name":"wp","href":"https:\/\/api.w.org\/{rel}","templated":true}]}}