{"id":267128,"date":"2026-04-02T01:23:46","date_gmt":"2026-04-02T07:23:46","guid":{"rendered":"https:\/\/compuviper.mx\/tienda\/producto\/hikvision-ds-7732nxi-k4-16p-nvr-12-megapixel-4k-32-canales-ip-16-puertos-poe-reconocimiento-facial-acusense-evita-falsas-alarmas-4-bahas-de-disco-duro-switch-poe-300-mts-hdmi-en-4k-2\/"},"modified":"2026-04-02T01:23:47","modified_gmt":"2026-04-02T07:23:47","slug":"hikvision-ds-7732nxi-k4-16p-nvr-12-megapixel-4k-32-canales-ip-16-puertos-poe-reconocimiento-facial-acusense-evita-falsas-alarmas-4-bahas-de-disco-duro-switch-poe-300-mts-hdmi-en-4k","status":"publish","type":"product","link":"https:\/\/compuviper.mx\/tienda\/producto\/hikvision-ds-7732nxi-k4-16p-nvr-12-megapixel-4k-32-canales-ip-16-puertos-poe-reconocimiento-facial-acusense-evita-falsas-alarmas-4-bahas-de-disco-duro-switch-poe-300-mts-hdmi-en-4k\/","title":{"rendered":"Hikvision Ds-7732nxi-k4\/16p Nvr 12 Megapixel (4k) \/ 32 Canales Ip \/ 16 Puertos Poe+ \/ Reconocimiento Facial \/ Acusense (evita Falsas Alarmas) \/ 4 Bah?as De Disco Duro \/ Switch Poe 300 Mts \/ Hdmi En 4k \/ Alarmas I\/o"},"content":{"rendered":"<table class=\"descripcion\">\n<tr>\n<td>Caracter\u00edsticas principales:<\/td>\n<\/tr>\n<tr>\n<td>Compresi\u00f3n de video: h.265+ \/ h.265 \/  h.264+ \/ h.264.<\/td>\n<\/tr>\n<tr>\n<td>16 puertos poe interconstruidos 802.3 af\/at.<\/td>\n<\/tr>\n<tr>\n<td>200 watts total en sus puertos poe+.<\/td>\n<\/tr>\n<tr>\n<td>Soporta mouse usb para operar (incluido).<\/td>\n<\/tr>\n<tr>\n<td>Soporta 4 hdds de hasta 10 tb. (no incluido).<\/td>\n<\/tr>\n<tr>\n<td>Soporta tecnolog\u00eda anr con c\u00e1mara ip hikvision cuando la red est\u00e1 desconectada.<\/td>\n<\/tr>\n<tr>\n<td>Soporta ddns (hik-connect, dyndns, no-ip, etc).<\/td>\n<\/tr>\n<tr>\n<td>Soporta hik-connect (p2p) (https:\/\/appstore.hikvision.com\/).<\/td>\n<\/tr>\n<tr>\n<td>Acceso remoto v\u00eda tel\u00e9fono: android, iphone, ipad (hik-connect).<\/td>\n<\/tr>\n<tr>\n<td>Compatibilidad con navegadores edge (ietab), chrome.<\/td>\n<\/tr>\n<tr>\n<td>Software cliente ivms-4200 (gratuito).<\/td>\n<\/tr>\n<tr>\n<td>Caracter\u00edsticas f\u00edsicas y el\u00e9ctricas:<\/td>\n<\/tr>\n<tr>\n<td>Dimensiones: 445 x 400 x 75mm.<\/td>\n<\/tr>\n<tr>\n<td>Alimentaci\u00f3n: 100 a 240 vca \/ 20 w (sin discos duros).<\/td>\n<\/tr>\n<tr>\n<td>Temperatura de operaci\u00f3n: -10\u00b0c a 55\u00b0c.<\/td>\n<\/tr>\n<tr>\n<td>Peso: 5 kg sin hdd.<\/td>\n<\/tr>\n<tr>\n<td>Garant\u00eda: 2 a\u00f1os.<\/td>\n<\/tr>\n<tr>\n<td>Resoluci\u00f3n de grabaci\u00f3n por canal (recomendado con h.265):<\/td>\n<\/tr>\n<tr>\n<td>2 mp (1080p): 32 canales &#8211; 30 ips.<\/td>\n<\/tr>\n<tr>\n<td>4 mp: 32 canales &#8211; 30 ips.<\/td>\n<\/tr>\n<tr>\n<td>5 mp: 32 canales &#8211; 30 ips.<\/td>\n<\/tr>\n<tr>\n<td>6 mp: 32 canales &#8211; 30 ips.<\/td>\n<\/tr>\n<tr>\n<td>4k (8 mp): 32 canales &#8211; 22 ips.<\/td>\n<\/tr>\n<tr>\n<td>4k (12 mp): 32 canales &#8211; 18 ips.<\/td>\n<\/tr>\n<tr>\n<td>Reproducci\u00f3n s\u00edncrona en canales: 16 canales.<\/td>\n<\/tr>\n<tr>\n<td>Capacidad de procesamiento y funciones de red:<\/td>\n<\/tr>\n<tr>\n<td>Throughput entrada: 256 mbps.<\/td>\n<\/tr>\n<tr>\n<td>Throughput salida: 160 mbps.<\/td>\n<\/tr>\n<tr>\n<td>1 puerto red rj-45: 10 \/ 100 \/ 1000 mbps. (lan)<\/td>\n<\/tr>\n<tr>\n<td>Funciones de grabaci\u00f3n y visualizaci\u00f3n:<\/td>\n<\/tr>\n<tr>\n<td>Detecci\u00f3n de movimiento multizona.<\/td>\n<\/tr>\n<tr>\n<td>Zoom digital en visualizaci\u00f3n y grabaci\u00f3n.<\/td>\n<\/tr>\n<tr>\n<td>Dual stream (main stream y sub stream).<\/td>\n<\/tr>\n<tr>\n<td>Soporta avance r\u00e1pido, lento, cuadro a cuadro, etc.<\/td>\n<\/tr>\n<tr>\n<td>Soporta tecnolog\u00eda de discos duros s.m.a.r.t.<\/td>\n<\/tr>\n<tr>\n<td>Soporta m\u00faltiples tipos de grabaci\u00f3n, incluyendo tiempo real, grabaci\u00f3n manual, videosensor, videosensor y alarma, videosensor o alarma.<\/td>\n<\/tr>\n<tr>\n<td>Soporta grabaci\u00f3n c\u00edclica (sobreescritura) y no c\u00edclica.<\/td>\n<\/tr>\n<tr>\n<td>Interfaces entradas \/ salidas:<\/td>\n<\/tr>\n<tr>\n<td>Salida independiente hdmi y vga.<\/td>\n<\/tr>\n<tr>\n<td>Resoluci\u00f3n hdmi : 4k \/ 1080p \/ 720p.<\/td>\n<\/tr>\n<tr>\n<td>Resoluci\u00f3n vga: 1080p, 720p.<\/td>\n<\/tr>\n<tr>\n<td>Entrada de audio: 1 canal.<\/td>\n<\/tr>\n<tr>\n<td>Salida de audio: 1 canal.<\/td>\n<\/tr>\n<tr>\n<td>Entrada de alarma: 16.<\/td>\n<\/tr>\n<tr>\n<td>Salida de alarma: 4.<\/td>\n<\/tr>\n<tr>\n<td>Soporta audio bidireccional (audio de dos v\u00edas).<\/td>\n<\/tr>\n<tr>\n<td>Caracter\u00edsticas destacadas:<\/td>\n<\/tr>\n<tr>\n<td>Reconocimiento facial:<\/td>\n<\/tr>\n<tr>\n<td>Hasta 16 librer\u00edas con un m\u00e1ximo de 20,000 rostros en total.<\/td>\n<\/tr>\n<tr>\n<td>Cada fotograf\u00eda debe de pesar m\u00e1ximo 4 mb.<\/td>\n<\/tr>\n<tr>\n<td>Cuando la c\u00e1mara detecta un rostro y coincidente con la base de datos, se puede: activar la grabaci\u00f3n, notificar al software remoto (ivms-4200), enviar un email, activar una salida de alarma, etc.<\/td>\n<\/tr>\n<tr>\n<td>Soporta 1 canal de video con reconocimiento facial, podemos usar c\u00e1maras: ids-2cd7 \/ ds-2cd3xxg2 \/ ds-2cd3xx7g2 (que soporte captura facial).<\/td>\n<\/tr>\n<tr>\n<td>Acusense (filtro de falsas alarmas):<\/td>\n<\/tr>\n<tr>\n<td>Con tecnolog\u00eda acusense podemos evitar falsas alarmas como movimiento de \u00e1rboles, animales, etc.<\/td>\n<\/tr>\n<tr>\n<td>Al activar la tecnolog\u00eda acusense solo detecta cuerpo humano y veh\u00edculos para detectar realmente eventos importantes y as\u00ed eliminar falsas alarmas.<\/td>\n<\/tr>\n<tr>\n<td>Soporta hasta 32 canales con acusense utilizando c\u00e1maras: ds-2cd2xx7g2 \/ ds-2cd2xx3g2 \/ ids-2cd7 \/ ds-2cd3xxg2 \/ ds-2cd3xx7g2 (que soporte acusense).<\/td>\n<\/tr>\n<tr>\n<td>Soporta hasta 32 canales con la tecnolog\u00eda acusense lite (humano y veh\u00edculo pero con detecci\u00f3n de movimiento, no anal\u00edticos) usando c\u00e1maras ds-2cd1xx3g2 y ds-2cd1xx3g7g2 (que soporte acusense lite).<\/td>\n<\/tr>\n<\/table>\n","protected":false},"excerpt":{"rendered":"<p>Compresi\u00f3n de video: h.265+ \/ h.264 compatible. 16 puertos poe con 200 watts totales. Soporta 4 hdds hasta 10 tb cada uno. Resoluci\u00f3n grabaci\u00f3n: hasta 32 canales a 5 mp. Acceso remoto v\u00eda hik-connect en m\u00f3viles.<\/p>\n","protected":false},"featured_media":0,"comment_status":"open","ping_status":"open","template":"","meta":[],"product_cat":[1768,1689],"product_tag":[1595],"acf":[],"yoast_head":"<!-- This site is optimized with the Yoast SEO plugin v21.7 - https:\/\/yoast.com\/wordpress\/plugins\/seo\/ -->\n<title>[ Hikvision ] &#129351; Ds-7732nxi-k4\/16p Nvr 12 Megapixel (4k) \/ 32 Canales Ip \/ 16 Puertos Poe+ \/ Reconocimiento Facial \/ Acusense (evita Falsas Alarmas) \/ 4 Bah\u00edas De Disco Duro \/ Switch Poe 300 Mts \/ Hdmi En 4k \/ Alarmas I\/o<\/title>\n<meta name=\"description\" content=\"Compra Ds-7732nxi-k4\/16p Nvr 12 Megapixel (4k) \/ 32 Canales Ip \/ 16 Puertos Poe+ \/ Reconocimiento Facial \/ Acusense (evita Falsas Alarmas) \/ 4 Bah\u00edas De Disco Duro \/ Switch Poe 300 Mts \/ Hdmi En 4k \/ Alarmas I\/o + Env\u00edo a domicilio + Pago seguro + Garant\u00eda\" \/>\n<meta name=\"robots\" content=\"index, follow, max-snippet:-1, max-image-preview:large, max-video-preview:-1\" \/>\n<link rel=\"canonical\" href=\"https:\/\/compuviper.mx\/tienda\/producto\/hikvision-ds-7732nxi-k4-16p-nvr-12-megapixel-4k-32-canales-ip-16-puertos-poe-reconocimiento-facial-acusense-evita-falsas-alarmas-4-bahas-de-disco-duro-switch-poe-300-mts-hdmi-en-4k\/\" \/>\n<meta property=\"og:locale\" content=\"es_MX\" \/>\n<meta property=\"og:type\" content=\"article\" \/>\n<meta property=\"og:title\" content=\"[ Hikvision ] &#129351; Ds-7732nxi-k4\/16p Nvr 12 Megapixel (4k) \/ 32 Canales Ip \/ 16 Puertos Poe+ \/ Reconocimiento Facial \/ Acusense (evita Falsas Alarmas) \/ 4 Bah\u00edas De Disco Duro \/ Switch Poe 300 Mts \/ Hdmi En 4k \/ Alarmas I\/o\" \/>\n<meta property=\"og:description\" content=\"Compra Ds-7732nxi-k4\/16p Nvr 12 Megapixel (4k) \/ 32 Canales Ip \/ 16 Puertos Poe+ \/ Reconocimiento Facial \/ Acusense (evita Falsas Alarmas) \/ 4 Bah\u00edas De Disco Duro \/ Switch Poe 300 Mts \/ Hdmi En 4k \/ Alarmas I\/o + Env\u00edo a domicilio + Pago seguro + Garant\u00eda\" \/>\n<meta property=\"og:url\" content=\"https:\/\/compuviper.mx\/tienda\/producto\/hikvision-ds-7732nxi-k4-16p-nvr-12-megapixel-4k-32-canales-ip-16-puertos-poe-reconocimiento-facial-acusense-evita-falsas-alarmas-4-bahas-de-disco-duro-switch-poe-300-mts-hdmi-en-4k\/\" \/>\n<meta property=\"og:site_name\" content=\"Compuviper\" \/>\n<meta property=\"article:publisher\" content=\"https:\/\/www.facebook.com\/compuviper\" \/>\n<meta property=\"article:modified_time\" content=\"2026-04-02T07:23:47+00:00\" \/>\n<meta name=\"twitter:card\" content=\"summary_large_image\" \/>\n<meta name=\"twitter:label1\" content=\"Precio\" \/>\n\t<meta name=\"twitter:data1\" content=\"&#36;9,092 con IVA\" \/>\n\t<meta name=\"twitter:label2\" content=\"Availability\" \/>\n\t<meta name=\"twitter:data2\" content=\"On backorder\" \/>\n<script type=\"application\/ld+json\" class=\"yoast-schema-graph\">{\"@context\":\"https:\/\/schema.org\",\"@graph\":[{\"@type\":\"WebPage\",\"@id\":\"https:\/\/compuviper.mx\/tienda\/producto\/hikvision-ds-7732nxi-k4-16p-nvr-12-megapixel-4k-32-canales-ip-16-puertos-poe-reconocimiento-facial-acusense-evita-falsas-alarmas-4-bahas-de-disco-duro-switch-poe-300-mts-hdmi-en-4k\/\",\"url\":\"https:\/\/compuviper.mx\/tienda\/producto\/hikvision-ds-7732nxi-k4-16p-nvr-12-megapixel-4k-32-canales-ip-16-puertos-poe-reconocimiento-facial-acusense-evita-falsas-alarmas-4-bahas-de-disco-duro-switch-poe-300-mts-hdmi-en-4k\/\",\"name\":\"[ Hikvision ] &#129351; Ds-7732nxi-k4\/16p Nvr 12 Megapixel (4k) \/ 32 Canales Ip \/ 16 Puertos Poe+ \/ Reconocimiento Facial \/ Acusense (evita Falsas Alarmas) \/ 4 Bah\u00edas De Disco Duro \/ Switch Poe 300 Mts \/ Hdmi En 4k \/ Alarmas I\/o\",\"isPartOf\":{\"@id\":\"https:\/\/compuviper.mx\/tienda\/#website\"},\"datePublished\":\"2026-04-02T07:23:46+00:00\",\"dateModified\":\"2026-04-02T07:23:47+00:00\",\"description\":\"Compra Ds-7732nxi-k4\/16p Nvr 12 Megapixel (4k) \/ 32 Canales Ip \/ 16 Puertos Poe+ \/ Reconocimiento Facial \/ Acusense (evita Falsas Alarmas) \/ 4 Bah\u00edas De Disco Duro \/ Switch Poe 300 Mts \/ Hdmi En 4k \/ Alarmas I\/o + Env\u00edo a domicilio + Pago seguro + Garant\u00eda\",\"breadcrumb\":{\"@id\":\"https:\/\/compuviper.mx\/tienda\/producto\/hikvision-ds-7732nxi-k4-16p-nvr-12-megapixel-4k-32-canales-ip-16-puertos-poe-reconocimiento-facial-acusense-evita-falsas-alarmas-4-bahas-de-disco-duro-switch-poe-300-mts-hdmi-en-4k\/#breadcrumb\"},\"inLanguage\":\"es-MX\",\"potentialAction\":[{\"@type\":\"ReadAction\",\"target\":[\"https:\/\/compuviper.mx\/tienda\/producto\/hikvision-ds-7732nxi-k4-16p-nvr-12-megapixel-4k-32-canales-ip-16-puertos-poe-reconocimiento-facial-acusense-evita-falsas-alarmas-4-bahas-de-disco-duro-switch-poe-300-mts-hdmi-en-4k\/\"]}]},{\"@type\":\"BreadcrumbList\",\"@id\":\"https:\/\/compuviper.mx\/tienda\/producto\/hikvision-ds-7732nxi-k4-16p-nvr-12-megapixel-4k-32-canales-ip-16-puertos-poe-reconocimiento-facial-acusense-evita-falsas-alarmas-4-bahas-de-disco-duro-switch-poe-300-mts-hdmi-en-4k\/#breadcrumb\",\"itemListElement\":[{\"@type\":\"ListItem\",\"position\":1,\"name\":\"Inicio\",\"item\":\"https:\/\/compuviper.mx\/tienda\/\"},{\"@type\":\"ListItem\",\"position\":2,\"name\":\"Productos\",\"item\":\"https:\/\/compuviper.mx\/tienda\/productos\/\"},{\"@type\":\"ListItem\",\"position\":3,\"name\":\"Videograbadores\",\"item\":\"https:\/\/compuviper.mx\/tienda\/categoria-producto\/videograbadores\/\"},{\"@type\":\"ListItem\",\"position\":4,\"name\":\"Nvr\",\"item\":\"https:\/\/compuviper.mx\/tienda\/categoria-producto\/videograbadores\/nvr\/\"},{\"@type\":\"ListItem\",\"position\":5,\"name\":\"Hikvision Ds-7732nxi-k4\/16p Nvr 12 Megapixel (4k) \/ 32 Canales Ip \/ 16 Puertos Poe+ \/ Reconocimiento Facial \/ Acusense (evita Falsas Alarmas) \/ 4 Bah?as De Disco Duro \/ Switch Poe 300 Mts \/ Hdmi En 4k \/ Alarmas I\/o\"}]},{\"@type\":\"WebSite\",\"@id\":\"https:\/\/compuviper.mx\/tienda\/#website\",\"url\":\"https:\/\/compuviper.mx\/tienda\/\",\"name\":\"Compuviper\",\"description\":\"Proveedor de Computadoras, Laptops, Servidores, Monitores, Puntos de Venta, Teclados,   Impresoras, T\u00f3ner, C\u00e1maras de Seguridad y m\u00e1s en tu tienda en l\u00ednea\",\"publisher\":{\"@id\":\"https:\/\/compuviper.mx\/tienda\/#organization\"},\"potentialAction\":[{\"@type\":\"SearchAction\",\"target\":{\"@type\":\"EntryPoint\",\"urlTemplate\":\"https:\/\/compuviper.mx\/tienda\/?s={search_term_string}\"},\"query-input\":\"required name=search_term_string\"}],\"inLanguage\":\"es-MX\"},{\"@type\":\"Organization\",\"@id\":\"https:\/\/compuviper.mx\/tienda\/#organization\",\"name\":\"Compuviper\",\"url\":\"https:\/\/compuviper.mx\/tienda\/\",\"logo\":{\"@type\":\"ImageObject\",\"inLanguage\":\"es-MX\",\"@id\":\"https:\/\/compuviper.mx\/tienda\/#\/schema\/logo\/image\/\",\"url\":\"https:\/\/compuviper.mx\/tienda\/wp-content\/uploads\/2021\/08\/Logo-Compuviper-10.png\",\"contentUrl\":\"https:\/\/compuviper.mx\/tienda\/wp-content\/uploads\/2021\/08\/Logo-Compuviper-10.png\",\"width\":1000,\"height\":500,\"caption\":\"Compuviper\"},\"image\":{\"@id\":\"https:\/\/compuviper.mx\/tienda\/#\/schema\/logo\/image\/\"},\"sameAs\":[\"https:\/\/www.facebook.com\/compuviper\",\"https:\/\/www.youtube.com\/channel\/UCf73dERp9Y3cfOq7q8BhLjA?view_as=subscriber\"]}]}<\/script>\n<meta property=\"product:brand\" content=\"HIKVISION\" \/>\n<meta property=\"product:price:amount\" content=\"9092\" \/>\n<meta property=\"product:price:currency\" content=\"MXN\" \/>\n<meta property=\"og:availability\" content=\"backorder\" \/>\n<meta property=\"product:availability\" content=\"available for order\" \/>\n<meta property=\"product:retailer_item_id\" content=\"DS-7732NXI-K4\/16P\" \/>\n<meta property=\"product:condition\" content=\"new\" \/>\n<!-- \/ Yoast SEO plugin. -->","yoast_head_json":{"title":"[ Hikvision ] &#129351; Ds-7732nxi-k4\/16p Nvr 12 Megapixel (4k) \/ 32 Canales Ip \/ 16 Puertos Poe+ \/ Reconocimiento Facial \/ Acusense (evita Falsas Alarmas) \/ 4 Bah\u00edas De Disco Duro \/ Switch Poe 300 Mts \/ Hdmi En 4k \/ Alarmas I\/o","description":"Compra Ds-7732nxi-k4\/16p Nvr 12 Megapixel (4k) \/ 32 Canales Ip \/ 16 Puertos Poe+ \/ Reconocimiento Facial \/ Acusense (evita Falsas Alarmas) \/ 4 Bah\u00edas De Disco Duro \/ Switch Poe 300 Mts \/ Hdmi En 4k \/ Alarmas I\/o + Env\u00edo a domicilio + Pago seguro + Garant\u00eda","robots":{"index":"index","follow":"follow","max-snippet":"max-snippet:-1","max-image-preview":"max-image-preview:large","max-video-preview":"max-video-preview:-1"},"canonical":"https:\/\/compuviper.mx\/tienda\/producto\/hikvision-ds-7732nxi-k4-16p-nvr-12-megapixel-4k-32-canales-ip-16-puertos-poe-reconocimiento-facial-acusense-evita-falsas-alarmas-4-bahas-de-disco-duro-switch-poe-300-mts-hdmi-en-4k\/","og_locale":"es_MX","og_type":"article","og_title":"[ Hikvision ] &#129351; Ds-7732nxi-k4\/16p Nvr 12 Megapixel (4k) \/ 32 Canales Ip \/ 16 Puertos Poe+ \/ Reconocimiento Facial \/ Acusense (evita Falsas Alarmas) \/ 4 Bah\u00edas De Disco Duro \/ Switch Poe 300 Mts \/ Hdmi En 4k \/ Alarmas I\/o","og_description":"Compra Ds-7732nxi-k4\/16p Nvr 12 Megapixel (4k) \/ 32 Canales Ip \/ 16 Puertos Poe+ \/ Reconocimiento Facial \/ Acusense (evita Falsas Alarmas) \/ 4 Bah\u00edas De Disco Duro \/ Switch Poe 300 Mts \/ Hdmi En 4k \/ Alarmas I\/o + Env\u00edo a domicilio + Pago seguro + Garant\u00eda","og_url":"https:\/\/compuviper.mx\/tienda\/producto\/hikvision-ds-7732nxi-k4-16p-nvr-12-megapixel-4k-32-canales-ip-16-puertos-poe-reconocimiento-facial-acusense-evita-falsas-alarmas-4-bahas-de-disco-duro-switch-poe-300-mts-hdmi-en-4k\/","og_site_name":"Compuviper","article_publisher":"https:\/\/www.facebook.com\/compuviper","article_modified_time":"2026-04-02T07:23:47+00:00","twitter_card":"summary_large_image","twitter_misc":{"Precio":"&#36;9,092 con IVA","Availability":"On backorder"},"schema":{"@context":"https:\/\/schema.org","@graph":[{"@type":"WebPage","@id":"https:\/\/compuviper.mx\/tienda\/producto\/hikvision-ds-7732nxi-k4-16p-nvr-12-megapixel-4k-32-canales-ip-16-puertos-poe-reconocimiento-facial-acusense-evita-falsas-alarmas-4-bahas-de-disco-duro-switch-poe-300-mts-hdmi-en-4k\/","url":"https:\/\/compuviper.mx\/tienda\/producto\/hikvision-ds-7732nxi-k4-16p-nvr-12-megapixel-4k-32-canales-ip-16-puertos-poe-reconocimiento-facial-acusense-evita-falsas-alarmas-4-bahas-de-disco-duro-switch-poe-300-mts-hdmi-en-4k\/","name":"[ Hikvision ] &#129351; Ds-7732nxi-k4\/16p Nvr 12 Megapixel (4k) \/ 32 Canales Ip \/ 16 Puertos Poe+ \/ Reconocimiento Facial \/ Acusense (evita Falsas Alarmas) \/ 4 Bah\u00edas De Disco Duro \/ Switch Poe 300 Mts \/ Hdmi En 4k \/ Alarmas I\/o","isPartOf":{"@id":"https:\/\/compuviper.mx\/tienda\/#website"},"datePublished":"2026-04-02T07:23:46+00:00","dateModified":"2026-04-02T07:23:47+00:00","description":"Compra Ds-7732nxi-k4\/16p Nvr 12 Megapixel (4k) \/ 32 Canales Ip \/ 16 Puertos Poe+ \/ Reconocimiento Facial \/ Acusense (evita Falsas Alarmas) \/ 4 Bah\u00edas De Disco Duro \/ Switch Poe 300 Mts \/ Hdmi En 4k \/ Alarmas I\/o + Env\u00edo a domicilio + Pago seguro + Garant\u00eda","breadcrumb":{"@id":"https:\/\/compuviper.mx\/tienda\/producto\/hikvision-ds-7732nxi-k4-16p-nvr-12-megapixel-4k-32-canales-ip-16-puertos-poe-reconocimiento-facial-acusense-evita-falsas-alarmas-4-bahas-de-disco-duro-switch-poe-300-mts-hdmi-en-4k\/#breadcrumb"},"inLanguage":"es-MX","potentialAction":[{"@type":"ReadAction","target":["https:\/\/compuviper.mx\/tienda\/producto\/hikvision-ds-7732nxi-k4-16p-nvr-12-megapixel-4k-32-canales-ip-16-puertos-poe-reconocimiento-facial-acusense-evita-falsas-alarmas-4-bahas-de-disco-duro-switch-poe-300-mts-hdmi-en-4k\/"]}]},{"@type":"BreadcrumbList","@id":"https:\/\/compuviper.mx\/tienda\/producto\/hikvision-ds-7732nxi-k4-16p-nvr-12-megapixel-4k-32-canales-ip-16-puertos-poe-reconocimiento-facial-acusense-evita-falsas-alarmas-4-bahas-de-disco-duro-switch-poe-300-mts-hdmi-en-4k\/#breadcrumb","itemListElement":[{"@type":"ListItem","position":1,"name":"Inicio","item":"https:\/\/compuviper.mx\/tienda\/"},{"@type":"ListItem","position":2,"name":"Productos","item":"https:\/\/compuviper.mx\/tienda\/productos\/"},{"@type":"ListItem","position":3,"name":"Videograbadores","item":"https:\/\/compuviper.mx\/tienda\/categoria-producto\/videograbadores\/"},{"@type":"ListItem","position":4,"name":"Nvr","item":"https:\/\/compuviper.mx\/tienda\/categoria-producto\/videograbadores\/nvr\/"},{"@type":"ListItem","position":5,"name":"Hikvision Ds-7732nxi-k4\/16p Nvr 12 Megapixel (4k) \/ 32 Canales Ip \/ 16 Puertos Poe+ \/ Reconocimiento Facial \/ Acusense (evita Falsas Alarmas) \/ 4 Bah?as De Disco Duro \/ Switch Poe 300 Mts \/ Hdmi En 4k \/ Alarmas I\/o"}]},{"@type":"WebSite","@id":"https:\/\/compuviper.mx\/tienda\/#website","url":"https:\/\/compuviper.mx\/tienda\/","name":"Compuviper","description":"Proveedor de Computadoras, Laptops, Servidores, Monitores, Puntos de Venta, Teclados,   Impresoras, T\u00f3ner, C\u00e1maras de Seguridad y m\u00e1s en tu tienda en l\u00ednea","publisher":{"@id":"https:\/\/compuviper.mx\/tienda\/#organization"},"potentialAction":[{"@type":"SearchAction","target":{"@type":"EntryPoint","urlTemplate":"https:\/\/compuviper.mx\/tienda\/?s={search_term_string}"},"query-input":"required name=search_term_string"}],"inLanguage":"es-MX"},{"@type":"Organization","@id":"https:\/\/compuviper.mx\/tienda\/#organization","name":"Compuviper","url":"https:\/\/compuviper.mx\/tienda\/","logo":{"@type":"ImageObject","inLanguage":"es-MX","@id":"https:\/\/compuviper.mx\/tienda\/#\/schema\/logo\/image\/","url":"https:\/\/compuviper.mx\/tienda\/wp-content\/uploads\/2021\/08\/Logo-Compuviper-10.png","contentUrl":"https:\/\/compuviper.mx\/tienda\/wp-content\/uploads\/2021\/08\/Logo-Compuviper-10.png","width":1000,"height":500,"caption":"Compuviper"},"image":{"@id":"https:\/\/compuviper.mx\/tienda\/#\/schema\/logo\/image\/"},"sameAs":["https:\/\/www.facebook.com\/compuviper","https:\/\/www.youtube.com\/channel\/UCf73dERp9Y3cfOq7q8BhLjA?view_as=subscriber"]}]},"product_brand":"HIKVISION","product_price_amount":"9092","product_price_currency":"MXN","og_availability":"backorder","product_availability":"available for order","product_retailer_item_id":"DS-7732NXI-K4\/16P","product_condition":"new"},"_links":{"self":[{"href":"https:\/\/compuviper.mx\/tienda\/wp-json\/wp\/v2\/product\/267128"}],"collection":[{"href":"https:\/\/compuviper.mx\/tienda\/wp-json\/wp\/v2\/product"}],"about":[{"href":"https:\/\/compuviper.mx\/tienda\/wp-json\/wp\/v2\/types\/product"}],"replies":[{"embeddable":true,"href":"https:\/\/compuviper.mx\/tienda\/wp-json\/wp\/v2\/comments?post=267128"}],"wp:attachment":[{"href":"https:\/\/compuviper.mx\/tienda\/wp-json\/wp\/v2\/media?parent=267128"}],"wp:term":[{"taxonomy":"product_cat","embeddable":true,"href":"https:\/\/compuviper.mx\/tienda\/wp-json\/wp\/v2\/product_cat?post=267128"},{"taxonomy":"product_tag","embeddable":true,"href":"https:\/\/compuviper.mx\/tienda\/wp-json\/wp\/v2\/product_tag?post=267128"}],"curies":[{"name":"wp","href":"https:\/\/api.w.org\/{rel}","templated":true}]}}