{"id":267096,"date":"2026-04-02T00:06:15","date_gmt":"2026-04-02T06:06:15","guid":{"rendered":"https:\/\/compuviper.mx\/tienda\/producto\/amd-100-100000589wof-procesador-ryzen-9-7900x-s-am5-7a-gen-4-7-5-6-ghz-cache-64mb-12-nucleos-con-graficos-radeon-sin-disipador-gamer-alto\/"},"modified":"2026-04-02T00:06:15","modified_gmt":"2026-04-02T06:06:15","slug":"amd-100-100000589wof-procesador-ryzen-9-7900x-s-am5-7a-gen-4-7-5-6-ghz-cache-64mb-12-nucleos-con-graficos-radeon-sin-disipador-gamer-alto","status":"publish","type":"product","link":"https:\/\/compuviper.mx\/tienda\/producto\/amd-100-100000589wof-procesador-ryzen-9-7900x-s-am5-7a-gen-4-7-5-6-ghz-cache-64mb-12-nucleos-con-graficos-radeon-sin-disipador-gamer-alto\/","title":{"rendered":"Amd 100-100000589wof Procesador  Ryzen 9 7900x S-am5 7a Gen \/ 4.7 &#8211; 5.6 Ghz \/ Cache 64mb \/ 12 Nucleos \/ Con Graficos Radeon \/ Sin Disipador \/ Gamer Alto"},"content":{"rendered":"<table class=\"descripcion\">\n<tr>\n<td>Serie: ryzen 9<\/td>\n<\/tr>\n<tr>\n<td>Modelo: 7900x<\/td>\n<\/tr>\n<tr>\n<td>Cod. fabricante : 100-100000589wof<\/td>\n<\/tr>\n<tr>\n<td>Frecuencia base : 4.7ghz<\/td>\n<\/tr>\n<tr>\n<td>Frecuencia maxima : hasta 5.6ghz<\/td>\n<\/tr>\n<tr>\n<td>Numero de nucleos : 12<\/td>\n<\/tr>\n<tr>\n<td>Socket de procesador : am5<\/td>\n<\/tr>\n<tr>\n<td>Cach l3 del procesador : 64mb<\/td>\n<\/tr>\n<tr>\n<td>Cach l2 del procesador : 12mb<\/td>\n<\/tr>\n<tr>\n<td>Tecnologia de procesador : 5nm<\/td>\n<\/tr>\n<tr>\n<td>Tdp: 170w<\/td>\n<\/tr>\n<\/table>\n","protected":false},"excerpt":{"rendered":"<p>Potencia en un procesador para jugar y hacer streaming a lo grande. Saca ventaja competitiva con el procesador m\u00e1s avanzado para los jugadores, creadores y usuarios m\u00e1s exigentes. La serie amd ryzen 7000 saca a relucir la velocidad descomunal de zen 4 y su potencia pura para que los jugadores y creadores puedan procesar cualquier juego o flujo de trabajo que se cruce en su camino. Los procesadores de pc m\u00e1s avanzados del mundo para jugadores y creadores ampl\u00edan el liderazgo de rendimiento de amd para potenciar tu pc.<\/p>\n","protected":false},"featured_media":267097,"comment_status":"open","ping_status":"open","template":"","meta":[],"product_cat":[1654,2020],"product_tag":[1656],"acf":[],"yoast_head":"<!-- This site is optimized with the Yoast SEO plugin v21.7 - https:\/\/yoast.com\/wordpress\/plugins\/seo\/ -->\n<title>[ Amd ] &#129351; 100-100000589wof Procesador Ryzen 9 7900x S-am5 7a Gen \/ 4.7 - 5.6 Ghz \/ Cache 64mb \/ 12 Nucleos \/ Con Graficos Radeon \/ Sin Disipador \/ Gamer Alto<\/title>\n<meta name=\"description\" content=\"Compra 100-100000589wof Procesador Ryzen 9 7900x S-am5 7a Gen \/ 4.7 - 5.6 Ghz \/ Cache 64mb \/ 12 Nucleos \/ Con Graficos Radeon \/ Sin Disipador \/ Gamer Alto + Env\u00edo a domicilio + Pago seguro + Garant\u00eda\" \/>\n<meta name=\"robots\" content=\"index, follow, max-snippet:-1, max-image-preview:large, max-video-preview:-1\" \/>\n<link rel=\"canonical\" href=\"https:\/\/compuviper.mx\/tienda\/producto\/amd-100-100000589wof-procesador-ryzen-9-7900x-s-am5-7a-gen-4-7-5-6-ghz-cache-64mb-12-nucleos-con-graficos-radeon-sin-disipador-gamer-alto\/\" \/>\n<meta property=\"og:locale\" content=\"es_MX\" \/>\n<meta property=\"og:type\" content=\"article\" \/>\n<meta property=\"og:title\" content=\"[ Amd ] &#129351; 100-100000589wof Procesador Ryzen 9 7900x S-am5 7a Gen \/ 4.7 - 5.6 Ghz \/ Cache 64mb \/ 12 Nucleos \/ Con Graficos Radeon \/ Sin Disipador \/ Gamer Alto\" \/>\n<meta property=\"og:description\" content=\"Compra 100-100000589wof Procesador Ryzen 9 7900x S-am5 7a Gen \/ 4.7 - 5.6 Ghz \/ Cache 64mb \/ 12 Nucleos \/ Con Graficos Radeon \/ Sin Disipador \/ Gamer Alto + Env\u00edo a domicilio + Pago seguro + Garant\u00eda\" \/>\n<meta property=\"og:url\" content=\"https:\/\/compuviper.mx\/tienda\/producto\/amd-100-100000589wof-procesador-ryzen-9-7900x-s-am5-7a-gen-4-7-5-6-ghz-cache-64mb-12-nucleos-con-graficos-radeon-sin-disipador-gamer-alto\/\" \/>\n<meta property=\"og:site_name\" content=\"Compuviper\" \/>\n<meta property=\"article:publisher\" content=\"https:\/\/www.facebook.com\/compuviper\" \/>\n<meta property=\"og:image\" content=\"https:\/\/compuviper.mx\/tienda\/wp-content\/uploads\/2026\/02\/Procesador-amd-ryzen-9-7900x-s-am5-7a-gen-4.7-5.6-ghz-cache-64mb-12-nucleos-con-graficos-radeon-sin-disipador-gamer-alto.jpg\" \/>\n\t<meta property=\"og:image:width\" content=\"200\" \/>\n\t<meta property=\"og:image:height\" content=\"200\" \/>\n\t<meta property=\"og:image:type\" content=\"image\/jpeg\" \/>\n<meta name=\"twitter:card\" content=\"summary_large_image\" \/>\n<meta name=\"twitter:label1\" content=\"Precio\" \/>\n\t<meta name=\"twitter:data1\" content=\"&#36;9,303 con IVA\" \/>\n\t<meta name=\"twitter:label2\" content=\"Availability\" \/>\n\t<meta name=\"twitter:data2\" content=\"In stock\" \/>\n<script type=\"application\/ld+json\" class=\"yoast-schema-graph\">{\"@context\":\"https:\/\/schema.org\",\"@graph\":[{\"@type\":\"WebPage\",\"@id\":\"https:\/\/compuviper.mx\/tienda\/producto\/amd-100-100000589wof-procesador-ryzen-9-7900x-s-am5-7a-gen-4-7-5-6-ghz-cache-64mb-12-nucleos-con-graficos-radeon-sin-disipador-gamer-alto\/\",\"url\":\"https:\/\/compuviper.mx\/tienda\/producto\/amd-100-100000589wof-procesador-ryzen-9-7900x-s-am5-7a-gen-4-7-5-6-ghz-cache-64mb-12-nucleos-con-graficos-radeon-sin-disipador-gamer-alto\/\",\"name\":\"[ Amd ] &#129351; 100-100000589wof Procesador Ryzen 9 7900x S-am5 7a Gen \/ 4.7 - 5.6 Ghz \/ Cache 64mb \/ 12 Nucleos \/ Con Graficos Radeon \/ Sin Disipador \/ Gamer Alto\",\"isPartOf\":{\"@id\":\"https:\/\/compuviper.mx\/tienda\/#website\"},\"datePublished\":\"2026-04-02T06:06:15+00:00\",\"dateModified\":\"2026-04-02T06:06:15+00:00\",\"description\":\"Compra 100-100000589wof Procesador Ryzen 9 7900x S-am5 7a Gen \/ 4.7 - 5.6 Ghz \/ Cache 64mb \/ 12 Nucleos \/ Con Graficos Radeon \/ Sin Disipador \/ Gamer Alto + Env\u00edo a domicilio + Pago seguro + Garant\u00eda\",\"breadcrumb\":{\"@id\":\"https:\/\/compuviper.mx\/tienda\/producto\/amd-100-100000589wof-procesador-ryzen-9-7900x-s-am5-7a-gen-4-7-5-6-ghz-cache-64mb-12-nucleos-con-graficos-radeon-sin-disipador-gamer-alto\/#breadcrumb\"},\"inLanguage\":\"es-MX\",\"potentialAction\":[{\"@type\":\"ReadAction\",\"target\":[\"https:\/\/compuviper.mx\/tienda\/producto\/amd-100-100000589wof-procesador-ryzen-9-7900x-s-am5-7a-gen-4-7-5-6-ghz-cache-64mb-12-nucleos-con-graficos-radeon-sin-disipador-gamer-alto\/\"]}]},{\"@type\":\"BreadcrumbList\",\"@id\":\"https:\/\/compuviper.mx\/tienda\/producto\/amd-100-100000589wof-procesador-ryzen-9-7900x-s-am5-7a-gen-4-7-5-6-ghz-cache-64mb-12-nucleos-con-graficos-radeon-sin-disipador-gamer-alto\/#breadcrumb\",\"itemListElement\":[{\"@type\":\"ListItem\",\"position\":1,\"name\":\"Inicio\",\"item\":\"https:\/\/compuviper.mx\/tienda\/\"},{\"@type\":\"ListItem\",\"position\":2,\"name\":\"Productos\",\"item\":\"https:\/\/compuviper.mx\/tienda\/productos\/\"},{\"@type\":\"ListItem\",\"position\":3,\"name\":\"Procesadores\",\"item\":\"https:\/\/compuviper.mx\/tienda\/categoria-producto\/procesadores\/\"},{\"@type\":\"ListItem\",\"position\":4,\"name\":\"Amd Ryzen\",\"item\":\"https:\/\/compuviper.mx\/tienda\/categoria-producto\/procesadores\/amd-ryzen\/\"},{\"@type\":\"ListItem\",\"position\":5,\"name\":\"Amd 100-100000589wof Procesador Ryzen 9 7900x S-am5 7a Gen \/ 4.7 &#8211; 5.6 Ghz \/ Cache 64mb \/ 12 Nucleos \/ Con Graficos Radeon \/ Sin Disipador \/ Gamer Alto\"}]},{\"@type\":\"WebSite\",\"@id\":\"https:\/\/compuviper.mx\/tienda\/#website\",\"url\":\"https:\/\/compuviper.mx\/tienda\/\",\"name\":\"Compuviper\",\"description\":\"Proveedor de Computadoras, Laptops, Servidores, Monitores, Puntos de Venta, Teclados,   Impresoras, T\u00f3ner, C\u00e1maras de Seguridad y m\u00e1s en tu tienda en l\u00ednea\",\"publisher\":{\"@id\":\"https:\/\/compuviper.mx\/tienda\/#organization\"},\"potentialAction\":[{\"@type\":\"SearchAction\",\"target\":{\"@type\":\"EntryPoint\",\"urlTemplate\":\"https:\/\/compuviper.mx\/tienda\/?s={search_term_string}\"},\"query-input\":\"required name=search_term_string\"}],\"inLanguage\":\"es-MX\"},{\"@type\":\"Organization\",\"@id\":\"https:\/\/compuviper.mx\/tienda\/#organization\",\"name\":\"Compuviper\",\"url\":\"https:\/\/compuviper.mx\/tienda\/\",\"logo\":{\"@type\":\"ImageObject\",\"inLanguage\":\"es-MX\",\"@id\":\"https:\/\/compuviper.mx\/tienda\/#\/schema\/logo\/image\/\",\"url\":\"https:\/\/compuviper.mx\/tienda\/wp-content\/uploads\/2021\/08\/Logo-Compuviper-10.png\",\"contentUrl\":\"https:\/\/compuviper.mx\/tienda\/wp-content\/uploads\/2021\/08\/Logo-Compuviper-10.png\",\"width\":1000,\"height\":500,\"caption\":\"Compuviper\"},\"image\":{\"@id\":\"https:\/\/compuviper.mx\/tienda\/#\/schema\/logo\/image\/\"},\"sameAs\":[\"https:\/\/www.facebook.com\/compuviper\",\"https:\/\/www.youtube.com\/channel\/UCf73dERp9Y3cfOq7q8BhLjA?view_as=subscriber\"]}]}<\/script>\n<meta property=\"product:brand\" content=\"AMD\" \/>\n<meta property=\"product:price:amount\" content=\"9303\" \/>\n<meta property=\"product:price:currency\" content=\"MXN\" \/>\n<meta property=\"og:availability\" content=\"instock\" \/>\n<meta property=\"product:availability\" content=\"instock\" \/>\n<meta property=\"product:retailer_item_id\" content=\"100-100000589WOF\" \/>\n<meta property=\"product:condition\" content=\"new\" \/>\n<!-- \/ Yoast SEO plugin. -->","yoast_head_json":{"title":"[ Amd ] &#129351; 100-100000589wof Procesador Ryzen 9 7900x S-am5 7a Gen \/ 4.7 - 5.6 Ghz \/ Cache 64mb \/ 12 Nucleos \/ Con Graficos Radeon \/ Sin Disipador \/ Gamer Alto","description":"Compra 100-100000589wof Procesador Ryzen 9 7900x S-am5 7a Gen \/ 4.7 - 5.6 Ghz \/ Cache 64mb \/ 12 Nucleos \/ Con Graficos Radeon \/ Sin Disipador \/ Gamer Alto + Env\u00edo a domicilio + Pago seguro + Garant\u00eda","robots":{"index":"index","follow":"follow","max-snippet":"max-snippet:-1","max-image-preview":"max-image-preview:large","max-video-preview":"max-video-preview:-1"},"canonical":"https:\/\/compuviper.mx\/tienda\/producto\/amd-100-100000589wof-procesador-ryzen-9-7900x-s-am5-7a-gen-4-7-5-6-ghz-cache-64mb-12-nucleos-con-graficos-radeon-sin-disipador-gamer-alto\/","og_locale":"es_MX","og_type":"article","og_title":"[ Amd ] &#129351; 100-100000589wof Procesador Ryzen 9 7900x S-am5 7a Gen \/ 4.7 - 5.6 Ghz \/ Cache 64mb \/ 12 Nucleos \/ Con Graficos Radeon \/ Sin Disipador \/ Gamer Alto","og_description":"Compra 100-100000589wof Procesador Ryzen 9 7900x S-am5 7a Gen \/ 4.7 - 5.6 Ghz \/ Cache 64mb \/ 12 Nucleos \/ Con Graficos Radeon \/ Sin Disipador \/ Gamer Alto + Env\u00edo a domicilio + Pago seguro + Garant\u00eda","og_url":"https:\/\/compuviper.mx\/tienda\/producto\/amd-100-100000589wof-procesador-ryzen-9-7900x-s-am5-7a-gen-4-7-5-6-ghz-cache-64mb-12-nucleos-con-graficos-radeon-sin-disipador-gamer-alto\/","og_site_name":"Compuviper","article_publisher":"https:\/\/www.facebook.com\/compuviper","og_image":[{"width":200,"height":200,"url":"https:\/\/compuviper.mx\/tienda\/wp-content\/uploads\/2026\/02\/Procesador-amd-ryzen-9-7900x-s-am5-7a-gen-4.7-5.6-ghz-cache-64mb-12-nucleos-con-graficos-radeon-sin-disipador-gamer-alto.jpg","type":"image\/jpeg"}],"twitter_card":"summary_large_image","twitter_misc":{"Precio":"&#36;9,303 con IVA","Availability":"In stock"},"schema":{"@context":"https:\/\/schema.org","@graph":[{"@type":"WebPage","@id":"https:\/\/compuviper.mx\/tienda\/producto\/amd-100-100000589wof-procesador-ryzen-9-7900x-s-am5-7a-gen-4-7-5-6-ghz-cache-64mb-12-nucleos-con-graficos-radeon-sin-disipador-gamer-alto\/","url":"https:\/\/compuviper.mx\/tienda\/producto\/amd-100-100000589wof-procesador-ryzen-9-7900x-s-am5-7a-gen-4-7-5-6-ghz-cache-64mb-12-nucleos-con-graficos-radeon-sin-disipador-gamer-alto\/","name":"[ Amd ] &#129351; 100-100000589wof Procesador Ryzen 9 7900x S-am5 7a Gen \/ 4.7 - 5.6 Ghz \/ Cache 64mb \/ 12 Nucleos \/ Con Graficos Radeon \/ Sin Disipador \/ Gamer Alto","isPartOf":{"@id":"https:\/\/compuviper.mx\/tienda\/#website"},"datePublished":"2026-04-02T06:06:15+00:00","dateModified":"2026-04-02T06:06:15+00:00","description":"Compra 100-100000589wof Procesador Ryzen 9 7900x S-am5 7a Gen \/ 4.7 - 5.6 Ghz \/ Cache 64mb \/ 12 Nucleos \/ Con Graficos Radeon \/ Sin Disipador \/ Gamer Alto + Env\u00edo a domicilio + Pago seguro + Garant\u00eda","breadcrumb":{"@id":"https:\/\/compuviper.mx\/tienda\/producto\/amd-100-100000589wof-procesador-ryzen-9-7900x-s-am5-7a-gen-4-7-5-6-ghz-cache-64mb-12-nucleos-con-graficos-radeon-sin-disipador-gamer-alto\/#breadcrumb"},"inLanguage":"es-MX","potentialAction":[{"@type":"ReadAction","target":["https:\/\/compuviper.mx\/tienda\/producto\/amd-100-100000589wof-procesador-ryzen-9-7900x-s-am5-7a-gen-4-7-5-6-ghz-cache-64mb-12-nucleos-con-graficos-radeon-sin-disipador-gamer-alto\/"]}]},{"@type":"BreadcrumbList","@id":"https:\/\/compuviper.mx\/tienda\/producto\/amd-100-100000589wof-procesador-ryzen-9-7900x-s-am5-7a-gen-4-7-5-6-ghz-cache-64mb-12-nucleos-con-graficos-radeon-sin-disipador-gamer-alto\/#breadcrumb","itemListElement":[{"@type":"ListItem","position":1,"name":"Inicio","item":"https:\/\/compuviper.mx\/tienda\/"},{"@type":"ListItem","position":2,"name":"Productos","item":"https:\/\/compuviper.mx\/tienda\/productos\/"},{"@type":"ListItem","position":3,"name":"Procesadores","item":"https:\/\/compuviper.mx\/tienda\/categoria-producto\/procesadores\/"},{"@type":"ListItem","position":4,"name":"Amd Ryzen","item":"https:\/\/compuviper.mx\/tienda\/categoria-producto\/procesadores\/amd-ryzen\/"},{"@type":"ListItem","position":5,"name":"Amd 100-100000589wof Procesador Ryzen 9 7900x S-am5 7a Gen \/ 4.7 &#8211; 5.6 Ghz \/ Cache 64mb \/ 12 Nucleos \/ Con Graficos Radeon \/ Sin Disipador \/ Gamer Alto"}]},{"@type":"WebSite","@id":"https:\/\/compuviper.mx\/tienda\/#website","url":"https:\/\/compuviper.mx\/tienda\/","name":"Compuviper","description":"Proveedor de Computadoras, Laptops, Servidores, Monitores, Puntos de Venta, Teclados,   Impresoras, T\u00f3ner, C\u00e1maras de Seguridad y m\u00e1s en tu tienda en l\u00ednea","publisher":{"@id":"https:\/\/compuviper.mx\/tienda\/#organization"},"potentialAction":[{"@type":"SearchAction","target":{"@type":"EntryPoint","urlTemplate":"https:\/\/compuviper.mx\/tienda\/?s={search_term_string}"},"query-input":"required name=search_term_string"}],"inLanguage":"es-MX"},{"@type":"Organization","@id":"https:\/\/compuviper.mx\/tienda\/#organization","name":"Compuviper","url":"https:\/\/compuviper.mx\/tienda\/","logo":{"@type":"ImageObject","inLanguage":"es-MX","@id":"https:\/\/compuviper.mx\/tienda\/#\/schema\/logo\/image\/","url":"https:\/\/compuviper.mx\/tienda\/wp-content\/uploads\/2021\/08\/Logo-Compuviper-10.png","contentUrl":"https:\/\/compuviper.mx\/tienda\/wp-content\/uploads\/2021\/08\/Logo-Compuviper-10.png","width":1000,"height":500,"caption":"Compuviper"},"image":{"@id":"https:\/\/compuviper.mx\/tienda\/#\/schema\/logo\/image\/"},"sameAs":["https:\/\/www.facebook.com\/compuviper","https:\/\/www.youtube.com\/channel\/UCf73dERp9Y3cfOq7q8BhLjA?view_as=subscriber"]}]},"product_brand":"AMD","product_price_amount":"9303","product_price_currency":"MXN","og_availability":"instock","product_availability":"instock","product_retailer_item_id":"100-100000589WOF","product_condition":"new"},"_links":{"self":[{"href":"https:\/\/compuviper.mx\/tienda\/wp-json\/wp\/v2\/product\/267096"}],"collection":[{"href":"https:\/\/compuviper.mx\/tienda\/wp-json\/wp\/v2\/product"}],"about":[{"href":"https:\/\/compuviper.mx\/tienda\/wp-json\/wp\/v2\/types\/product"}],"replies":[{"embeddable":true,"href":"https:\/\/compuviper.mx\/tienda\/wp-json\/wp\/v2\/comments?post=267096"}],"wp:featuredmedia":[{"embeddable":true,"href":"https:\/\/compuviper.mx\/tienda\/wp-json\/wp\/v2\/media\/267097"}],"wp:attachment":[{"href":"https:\/\/compuviper.mx\/tienda\/wp-json\/wp\/v2\/media?parent=267096"}],"wp:term":[{"taxonomy":"product_cat","embeddable":true,"href":"https:\/\/compuviper.mx\/tienda\/wp-json\/wp\/v2\/product_cat?post=267096"},{"taxonomy":"product_tag","embeddable":true,"href":"https:\/\/compuviper.mx\/tienda\/wp-json\/wp\/v2\/product_tag?post=267096"}],"curies":[{"name":"wp","href":"https:\/\/api.w.org\/{rel}","templated":true}]}}