{"id":267076,"date":"2026-04-02T01:31:00","date_gmt":"2026-04-02T07:31:00","guid":{"rendered":"https:\/\/compuviper.mx\/tienda\/producto\/vorago-sba-i5-12400-tr-14-computadora-slimbay-a-core-i5-12400-16gb-512gb-m-2-nodvd-win-trial-km-302\/"},"modified":"2026-04-03T00:00:21","modified_gmt":"2026-04-03T06:00:21","slug":"vorago-sba-i5-12400-tr-14-computadora-slimbay-a-core-i5-12400-16gb-512gb-m-2-nodvd-win-trial-km-302","status":"publish","type":"product","link":"https:\/\/compuviper.mx\/tienda\/producto\/vorago-sba-i5-12400-tr-14-computadora-slimbay-a-core-i5-12400-16gb-512gb-m-2-nodvd-win-trial-km-302\/","title":{"rendered":"Vorago Sba I5 12400-tr-14 Computadora  Slimbay A Core I5 12400 16gb 512gb M.2 Nodvd Win Trial Km-302"},"content":{"rendered":"<table class=\"descripcion\">\n<tr>\n<td>Gabinete: slimbay a<\/td>\n<\/tr>\n<tr>\n<td>Art\u00edculo: computadora de escritorio<\/td>\n<\/tr>\n<tr>\n<td>Voltaje: 100 v &#8211; 240 v ca 6.0 a &#8211; 3 a<\/td>\n<\/tr>\n<tr>\n<td>Frecuencia: 50 &#8211; 60 hz<\/td>\n<\/tr>\n<tr>\n<td>Potencia: 500 w<\/td>\n<\/tr>\n<tr>\n<td>Procesador: core i5 12400(12th generacion)<\/td>\n<\/tr>\n<tr>\n<td>Frecuencia base: 2.5 ghz &#8211; 4.4 ghz<\/td>\n<\/tr>\n<tr>\n<td>N\u00facleos: 6<\/td>\n<\/tr>\n<tr>\n<td>Cache: 18 mb<\/td>\n<\/tr>\n<tr>\n<td>Chipset: intel h610<\/td>\n<\/tr>\n<tr>\n<td>Gr\u00e1ficos integrados: gr\u00e1ficos uhd intel\u00ae 730<\/td>\n<\/tr>\n<tr>\n<td>Ram incluida: 16gb ddr4 3200 mhz<\/td>\n<\/tr>\n<tr>\n<td>Ram m\u00e1xima: 64 gb en 2 dimm<\/td>\n<\/tr>\n<tr>\n<td>Almacenamiento: 512gb ssd m.2<\/td>\n<\/tr>\n<tr>\n<td>Red: intel 1gb ethernet  and #9516;\u00e0 1 x com<\/td>\n<\/tr>\n<tr>\n<td>Usb: frontales 1x usb-c, 1 x usb 3.0, 2 x usb 2.0 ,<\/td>\n<\/tr>\n<tr>\n<td>Posteriores 2 x usb 3.2, 2 x usb 2.0<\/td>\n<\/tr>\n<tr>\n<td>Audio: frontal salida de audio, micr\u00f3fono<\/td>\n<\/tr>\n<tr>\n<td>Componentes: lector de memorias sd<\/td>\n<\/tr>\n<tr>\n<td>Salida de video: 2xdp, 1xvga<\/td>\n<\/tr>\n<tr>\n<td>Ranuras de expansi\u00f3n: 1 x pci express x16, 2 x pci express x1, 1xpci<\/td>\n<\/tr>\n<tr>\n<td>Bah\u00edas: 5 \u00bc x1 externa 3 \u00bd x2 internas<\/td>\n<\/tr>\n<tr>\n<td>Puertos dd: 4 x sata 6gb\/s ,1 x m.2<\/td>\n<\/tr>\n<tr>\n<td>Dimensiones: 39.5 x 10.3 x 32.5 cm<\/td>\n<\/tr>\n<tr>\n<td>Perif\u00e9ricos: teclado y mouse inalambricos<\/td>\n<\/tr>\n<tr>\n<td>Sistema operativo: windows 11 trial<\/td>\n<\/tr>\n<tr>\n<td>Software adicional: no incluido<\/td>\n<\/tr>\n<tr>\n<td>Observaciones: garantia 3 a\u00f1os, algunos modelos y\/o caracter\u00edsticas<\/td>\n<\/tr>\n<tr>\n<td>De los componentes aqu\u00ed mencionados<\/td>\n<\/tr>\n<tr>\n<td>Podr\u00edan ser susceptibles de variaci\u00f3n sin previo<\/td>\n<\/tr>\n<tr>\n<td>Aviso. fotograf\u00edas con fines ilustrativos \u00fanicamente<\/td>\n<\/tr>\n<tr>\n<td>Y sus contenidos pueden variar.<\/td>\n<\/tr>\n<tr>\n<td>Ensamblado en m\u00e9xico<\/td>\n<\/tr>\n<\/table>\n","protected":false},"excerpt":{"rendered":"<p>Para casa, oficina o escuela. Deja de adaptarte a tu computadora y haz que ella se adapte a ti. Configura tu equipo con el gabinete slimbay5 de vorago que te ofrece todo lo que necesitas para trabajar o estudiar.<\/p>\n","protected":false},"featured_media":0,"comment_status":"open","ping_status":"open","template":"","meta":[],"product_cat":[1971,1972],"product_tag":[2294],"acf":[],"yoast_head":"<!-- This site is optimized with the Yoast SEO plugin v21.7 - https:\/\/yoast.com\/wordpress\/plugins\/seo\/ -->\n<title>[ Vorago ] &#129351; Sba I5 12400-tr-14 Computadora Slimbay A Core I5 12400 16gb 512gb M.2 Nodvd Win Trial Km-302<\/title>\n<meta name=\"description\" content=\"Compra Sba I5 12400-tr-14 Computadora Slimbay A Core I5 12400 16gb 512gb M.2 Nodvd Win Trial Km-302 + Env\u00edo a domicilio + Pago seguro + Garant\u00eda\" \/>\n<meta name=\"robots\" content=\"index, follow, max-snippet:-1, max-image-preview:large, max-video-preview:-1\" \/>\n<link rel=\"canonical\" href=\"https:\/\/compuviper.mx\/tienda\/producto\/vorago-sba-i5-12400-tr-14-computadora-slimbay-a-core-i5-12400-16gb-512gb-m-2-nodvd-win-trial-km-302\/\" \/>\n<meta property=\"og:locale\" content=\"es_MX\" \/>\n<meta property=\"og:type\" content=\"article\" \/>\n<meta property=\"og:title\" content=\"[ Vorago ] &#129351; Sba I5 12400-tr-14 Computadora Slimbay A Core I5 12400 16gb 512gb M.2 Nodvd Win Trial Km-302\" \/>\n<meta property=\"og:description\" content=\"Compra Sba I5 12400-tr-14 Computadora Slimbay A Core I5 12400 16gb 512gb M.2 Nodvd Win Trial Km-302 + Env\u00edo a domicilio + Pago seguro + Garant\u00eda\" \/>\n<meta property=\"og:url\" content=\"https:\/\/compuviper.mx\/tienda\/producto\/vorago-sba-i5-12400-tr-14-computadora-slimbay-a-core-i5-12400-16gb-512gb-m-2-nodvd-win-trial-km-302\/\" \/>\n<meta property=\"og:site_name\" content=\"Compuviper\" \/>\n<meta property=\"article:publisher\" content=\"https:\/\/www.facebook.com\/compuviper\" \/>\n<meta property=\"article:modified_time\" content=\"2026-04-03T06:00:21+00:00\" \/>\n<meta name=\"twitter:card\" content=\"summary_large_image\" \/>\n<meta name=\"twitter:label1\" content=\"Precio\" \/>\n\t<meta name=\"twitter:data1\" content=\"&#36;10,704 con IVA\" \/>\n\t<meta name=\"twitter:label2\" content=\"Availability\" \/>\n\t<meta name=\"twitter:data2\" content=\"In stock\" \/>\n<script type=\"application\/ld+json\" class=\"yoast-schema-graph\">{\"@context\":\"https:\/\/schema.org\",\"@graph\":[{\"@type\":\"WebPage\",\"@id\":\"https:\/\/compuviper.mx\/tienda\/producto\/vorago-sba-i5-12400-tr-14-computadora-slimbay-a-core-i5-12400-16gb-512gb-m-2-nodvd-win-trial-km-302\/\",\"url\":\"https:\/\/compuviper.mx\/tienda\/producto\/vorago-sba-i5-12400-tr-14-computadora-slimbay-a-core-i5-12400-16gb-512gb-m-2-nodvd-win-trial-km-302\/\",\"name\":\"[ Vorago ] &#129351; Sba I5 12400-tr-14 Computadora Slimbay A Core I5 12400 16gb 512gb M.2 Nodvd Win Trial Km-302\",\"isPartOf\":{\"@id\":\"https:\/\/compuviper.mx\/tienda\/#website\"},\"datePublished\":\"2026-04-02T07:31:00+00:00\",\"dateModified\":\"2026-04-03T06:00:21+00:00\",\"description\":\"Compra Sba I5 12400-tr-14 Computadora Slimbay A Core I5 12400 16gb 512gb M.2 Nodvd Win Trial Km-302 + Env\u00edo a domicilio + Pago seguro + Garant\u00eda\",\"breadcrumb\":{\"@id\":\"https:\/\/compuviper.mx\/tienda\/producto\/vorago-sba-i5-12400-tr-14-computadora-slimbay-a-core-i5-12400-16gb-512gb-m-2-nodvd-win-trial-km-302\/#breadcrumb\"},\"inLanguage\":\"es-MX\",\"potentialAction\":[{\"@type\":\"ReadAction\",\"target\":[\"https:\/\/compuviper.mx\/tienda\/producto\/vorago-sba-i5-12400-tr-14-computadora-slimbay-a-core-i5-12400-16gb-512gb-m-2-nodvd-win-trial-km-302\/\"]}]},{\"@type\":\"BreadcrumbList\",\"@id\":\"https:\/\/compuviper.mx\/tienda\/producto\/vorago-sba-i5-12400-tr-14-computadora-slimbay-a-core-i5-12400-16gb-512gb-m-2-nodvd-win-trial-km-302\/#breadcrumb\",\"itemListElement\":[{\"@type\":\"ListItem\",\"position\":1,\"name\":\"Inicio\",\"item\":\"https:\/\/compuviper.mx\/tienda\/\"},{\"@type\":\"ListItem\",\"position\":2,\"name\":\"Productos\",\"item\":\"https:\/\/compuviper.mx\/tienda\/productos\/\"},{\"@type\":\"ListItem\",\"position\":3,\"name\":\"Computadoras\",\"item\":\"https:\/\/compuviper.mx\/tienda\/categoria-producto\/computadoras\/\"},{\"@type\":\"ListItem\",\"position\":4,\"name\":\"Desktop\",\"item\":\"https:\/\/compuviper.mx\/tienda\/categoria-producto\/computadoras\/desktop-computadoras\/\"},{\"@type\":\"ListItem\",\"position\":5,\"name\":\"Vorago Sba I5 12400-tr-14 Computadora Slimbay A Core I5 12400 16gb 512gb M.2 Nodvd Win Trial Km-302\"}]},{\"@type\":\"WebSite\",\"@id\":\"https:\/\/compuviper.mx\/tienda\/#website\",\"url\":\"https:\/\/compuviper.mx\/tienda\/\",\"name\":\"Compuviper\",\"description\":\"Proveedor de Computadoras, Laptops, Servidores, Monitores, Puntos de Venta, Teclados,   Impresoras, T\u00f3ner, C\u00e1maras de Seguridad y m\u00e1s en tu tienda en l\u00ednea\",\"publisher\":{\"@id\":\"https:\/\/compuviper.mx\/tienda\/#organization\"},\"potentialAction\":[{\"@type\":\"SearchAction\",\"target\":{\"@type\":\"EntryPoint\",\"urlTemplate\":\"https:\/\/compuviper.mx\/tienda\/?s={search_term_string}\"},\"query-input\":\"required name=search_term_string\"}],\"inLanguage\":\"es-MX\"},{\"@type\":\"Organization\",\"@id\":\"https:\/\/compuviper.mx\/tienda\/#organization\",\"name\":\"Compuviper\",\"url\":\"https:\/\/compuviper.mx\/tienda\/\",\"logo\":{\"@type\":\"ImageObject\",\"inLanguage\":\"es-MX\",\"@id\":\"https:\/\/compuviper.mx\/tienda\/#\/schema\/logo\/image\/\",\"url\":\"https:\/\/compuviper.mx\/tienda\/wp-content\/uploads\/2021\/08\/Logo-Compuviper-10.png\",\"contentUrl\":\"https:\/\/compuviper.mx\/tienda\/wp-content\/uploads\/2021\/08\/Logo-Compuviper-10.png\",\"width\":1000,\"height\":500,\"caption\":\"Compuviper\"},\"image\":{\"@id\":\"https:\/\/compuviper.mx\/tienda\/#\/schema\/logo\/image\/\"},\"sameAs\":[\"https:\/\/www.facebook.com\/compuviper\",\"https:\/\/www.youtube.com\/channel\/UCf73dERp9Y3cfOq7q8BhLjA?view_as=subscriber\"]}]}<\/script>\n<meta property=\"product:brand\" content=\"Vorago\" \/>\n<meta property=\"product:price:amount\" content=\"10704\" \/>\n<meta property=\"product:price:currency\" content=\"MXN\" \/>\n<meta property=\"og:availability\" content=\"instock\" \/>\n<meta property=\"product:availability\" content=\"instock\" \/>\n<meta property=\"product:retailer_item_id\" content=\"SBA I5 12400-TR-14\" \/>\n<meta property=\"product:condition\" content=\"new\" \/>\n<!-- \/ Yoast SEO plugin. -->","yoast_head_json":{"title":"[ Vorago ] &#129351; Sba I5 12400-tr-14 Computadora Slimbay A Core I5 12400 16gb 512gb M.2 Nodvd Win Trial Km-302","description":"Compra Sba I5 12400-tr-14 Computadora Slimbay A Core I5 12400 16gb 512gb M.2 Nodvd Win Trial Km-302 + Env\u00edo a domicilio + Pago seguro + Garant\u00eda","robots":{"index":"index","follow":"follow","max-snippet":"max-snippet:-1","max-image-preview":"max-image-preview:large","max-video-preview":"max-video-preview:-1"},"canonical":"https:\/\/compuviper.mx\/tienda\/producto\/vorago-sba-i5-12400-tr-14-computadora-slimbay-a-core-i5-12400-16gb-512gb-m-2-nodvd-win-trial-km-302\/","og_locale":"es_MX","og_type":"article","og_title":"[ Vorago ] &#129351; Sba I5 12400-tr-14 Computadora Slimbay A Core I5 12400 16gb 512gb M.2 Nodvd Win Trial Km-302","og_description":"Compra Sba I5 12400-tr-14 Computadora Slimbay A Core I5 12400 16gb 512gb M.2 Nodvd Win Trial Km-302 + Env\u00edo a domicilio + Pago seguro + Garant\u00eda","og_url":"https:\/\/compuviper.mx\/tienda\/producto\/vorago-sba-i5-12400-tr-14-computadora-slimbay-a-core-i5-12400-16gb-512gb-m-2-nodvd-win-trial-km-302\/","og_site_name":"Compuviper","article_publisher":"https:\/\/www.facebook.com\/compuviper","article_modified_time":"2026-04-03T06:00:21+00:00","twitter_card":"summary_large_image","twitter_misc":{"Precio":"&#36;10,704 con IVA","Availability":"In stock"},"schema":{"@context":"https:\/\/schema.org","@graph":[{"@type":"WebPage","@id":"https:\/\/compuviper.mx\/tienda\/producto\/vorago-sba-i5-12400-tr-14-computadora-slimbay-a-core-i5-12400-16gb-512gb-m-2-nodvd-win-trial-km-302\/","url":"https:\/\/compuviper.mx\/tienda\/producto\/vorago-sba-i5-12400-tr-14-computadora-slimbay-a-core-i5-12400-16gb-512gb-m-2-nodvd-win-trial-km-302\/","name":"[ Vorago ] &#129351; Sba I5 12400-tr-14 Computadora Slimbay A Core I5 12400 16gb 512gb M.2 Nodvd Win Trial Km-302","isPartOf":{"@id":"https:\/\/compuviper.mx\/tienda\/#website"},"datePublished":"2026-04-02T07:31:00+00:00","dateModified":"2026-04-03T06:00:21+00:00","description":"Compra Sba I5 12400-tr-14 Computadora Slimbay A Core I5 12400 16gb 512gb M.2 Nodvd Win Trial Km-302 + Env\u00edo a domicilio + Pago seguro + Garant\u00eda","breadcrumb":{"@id":"https:\/\/compuviper.mx\/tienda\/producto\/vorago-sba-i5-12400-tr-14-computadora-slimbay-a-core-i5-12400-16gb-512gb-m-2-nodvd-win-trial-km-302\/#breadcrumb"},"inLanguage":"es-MX","potentialAction":[{"@type":"ReadAction","target":["https:\/\/compuviper.mx\/tienda\/producto\/vorago-sba-i5-12400-tr-14-computadora-slimbay-a-core-i5-12400-16gb-512gb-m-2-nodvd-win-trial-km-302\/"]}]},{"@type":"BreadcrumbList","@id":"https:\/\/compuviper.mx\/tienda\/producto\/vorago-sba-i5-12400-tr-14-computadora-slimbay-a-core-i5-12400-16gb-512gb-m-2-nodvd-win-trial-km-302\/#breadcrumb","itemListElement":[{"@type":"ListItem","position":1,"name":"Inicio","item":"https:\/\/compuviper.mx\/tienda\/"},{"@type":"ListItem","position":2,"name":"Productos","item":"https:\/\/compuviper.mx\/tienda\/productos\/"},{"@type":"ListItem","position":3,"name":"Computadoras","item":"https:\/\/compuviper.mx\/tienda\/categoria-producto\/computadoras\/"},{"@type":"ListItem","position":4,"name":"Desktop","item":"https:\/\/compuviper.mx\/tienda\/categoria-producto\/computadoras\/desktop-computadoras\/"},{"@type":"ListItem","position":5,"name":"Vorago Sba I5 12400-tr-14 Computadora Slimbay A Core I5 12400 16gb 512gb M.2 Nodvd Win Trial Km-302"}]},{"@type":"WebSite","@id":"https:\/\/compuviper.mx\/tienda\/#website","url":"https:\/\/compuviper.mx\/tienda\/","name":"Compuviper","description":"Proveedor de Computadoras, Laptops, Servidores, Monitores, Puntos de Venta, Teclados,   Impresoras, T\u00f3ner, C\u00e1maras de Seguridad y m\u00e1s en tu tienda en l\u00ednea","publisher":{"@id":"https:\/\/compuviper.mx\/tienda\/#organization"},"potentialAction":[{"@type":"SearchAction","target":{"@type":"EntryPoint","urlTemplate":"https:\/\/compuviper.mx\/tienda\/?s={search_term_string}"},"query-input":"required name=search_term_string"}],"inLanguage":"es-MX"},{"@type":"Organization","@id":"https:\/\/compuviper.mx\/tienda\/#organization","name":"Compuviper","url":"https:\/\/compuviper.mx\/tienda\/","logo":{"@type":"ImageObject","inLanguage":"es-MX","@id":"https:\/\/compuviper.mx\/tienda\/#\/schema\/logo\/image\/","url":"https:\/\/compuviper.mx\/tienda\/wp-content\/uploads\/2021\/08\/Logo-Compuviper-10.png","contentUrl":"https:\/\/compuviper.mx\/tienda\/wp-content\/uploads\/2021\/08\/Logo-Compuviper-10.png","width":1000,"height":500,"caption":"Compuviper"},"image":{"@id":"https:\/\/compuviper.mx\/tienda\/#\/schema\/logo\/image\/"},"sameAs":["https:\/\/www.facebook.com\/compuviper","https:\/\/www.youtube.com\/channel\/UCf73dERp9Y3cfOq7q8BhLjA?view_as=subscriber"]}]},"product_brand":"Vorago","product_price_amount":"10704","product_price_currency":"MXN","og_availability":"instock","product_availability":"instock","product_retailer_item_id":"SBA I5 12400-TR-14","product_condition":"new"},"_links":{"self":[{"href":"https:\/\/compuviper.mx\/tienda\/wp-json\/wp\/v2\/product\/267076"}],"collection":[{"href":"https:\/\/compuviper.mx\/tienda\/wp-json\/wp\/v2\/product"}],"about":[{"href":"https:\/\/compuviper.mx\/tienda\/wp-json\/wp\/v2\/types\/product"}],"replies":[{"embeddable":true,"href":"https:\/\/compuviper.mx\/tienda\/wp-json\/wp\/v2\/comments?post=267076"}],"wp:attachment":[{"href":"https:\/\/compuviper.mx\/tienda\/wp-json\/wp\/v2\/media?parent=267076"}],"wp:term":[{"taxonomy":"product_cat","embeddable":true,"href":"https:\/\/compuviper.mx\/tienda\/wp-json\/wp\/v2\/product_cat?post=267076"},{"taxonomy":"product_tag","embeddable":true,"href":"https:\/\/compuviper.mx\/tienda\/wp-json\/wp\/v2\/product_tag?post=267076"}],"curies":[{"name":"wp","href":"https:\/\/api.w.org\/{rel}","templated":true}]}}