{"id":267063,"date":"2026-04-02T23:13:39","date_gmt":"2026-04-03T05:13:39","guid":{"rendered":"https:\/\/compuviper.mx\/tienda\/producto\/patriot-p300p1tbm28814914026533-unidad-de-estado-solido-interno-p300-1tb-m-2-2280-nvme-pcie-gen-3x4-lect-2100-escrit-1650-mbs-pc-laptop-minipc\/"},"modified":"2026-04-02T23:13:40","modified_gmt":"2026-04-03T05:13:40","slug":"patriot-p300p1tbm28814914026533-unidad-de-estado-solido-interno-p300-1tb-m-2-2280-nvme-pcie-gen-3x4-lect-2100-escrit-1650-mbs-pc-laptop-minipc","status":"publish","type":"product","link":"https:\/\/compuviper.mx\/tienda\/producto\/patriot-p300p1tbm28814914026533-unidad-de-estado-solido-interno-p300-1tb-m-2-2280-nvme-pcie-gen-3x4-lect-2100-escrit-1650-mbs-pc-laptop-minipc\/","title":{"rendered":"Patriot P300p1tbm28,814914026533 Unidad De Estado Solido Interno  P300 1tb M.2 2280 Nvme Pcie Gen 3&#215;4 Lect.2100 Escrit.1650 Mbs Pc Laptop Minipc"},"content":{"rendered":"<table class=\"descripcion\">\n<tr>\n<td>Detalles t\u00e9cnicos<\/td>\n<\/tr>\n<tr>\n<td>Intervalo de temperatura operativa  0 &#8211; 70 \u00b0c<\/td>\n<\/tr>\n<tr>\n<td>Factor de forma  m.2<\/td>\n<\/tr>\n<tr>\n<td>Interfaz  m.2<\/td>\n<\/tr>\n<tr>\n<td>Capacidad  1000 gb<\/td>\n<\/tr>\n<tr>\n<td>Control de energ\u00eda<\/td>\n<\/tr>\n<tr>\n<td>Consumo de energ\u00eda (espera)  2.38 w<\/td>\n<\/tr>\n<tr>\n<td>Desempe\u00f1o<\/td>\n<\/tr>\n<tr>\n<td>Velocidad de lectura secuencial (atto)  2.1 mb\/s<\/td>\n<\/tr>\n<tr>\n<td>Velocidad de lectura secuencial (cdm)  2.1 mb\/s<\/td>\n<\/tr>\n<tr>\n<td>Lectura aleatoria (4kb)  290000 iops<\/td>\n<\/tr>\n<tr>\n<td>Componente para  pc\/computadora port\u00e1til<\/td>\n<\/tr>\n<tr>\n<td>Velocidad de escritura secuencial (cdm)  1.65 mb\/s<\/td>\n<\/tr>\n<tr>\n<td>Compatible con nvm express (nvme)  si<\/td>\n<\/tr>\n<tr>\n<td>Escritura aleatoria (4kb)  260000 iops<\/td>\n<\/tr>\n<tr>\n<td>Sistema operativo windows soportado  si<\/td>\n<\/tr>\n<tr>\n<td>Calificaci\u00f3n tbw  320<\/td>\n<\/tr>\n<tr>\n<td>Velocidad de escritura secuencial (atto)  1.65 mb\/s<\/td>\n<\/tr>\n<tr>\n<td>Versi\u00f3n nvm express (nvme)  1.3<\/td>\n<\/tr>\n<\/table>\n","protected":false},"excerpt":{"rendered":"<p>La unidad de estado s\u00f3lido patriot p300 es una opci\u00f3n confiable para aquellos que buscan un almacenamiento r\u00e1pido y eficiente. Con una capacidad de 1tb, esta ssd utiliza la interfaz m.2 y pci express 3.0 x4 para lograr velocidades impresionantes en lectura y escritura secuenciales (hasta 2.1 mb\/s). Adem\u00e1s, cuenta con una calificaci\u00f3n tbw de 320, lo que garantiza su durabilidad a largo plazo. El patriot p300 tiene un intervalo de temperatura operativa entre los 0\u00b0c y los 70\u00b0c, lo que significa que puede funcionar sin problemas incluso en ambientes m\u00e1s c\u00e1lidos. Su consumo de energ\u00eda mientras est\u00e1 en espera es bajo (2.38 w), por lo que no deber\u00edas preocuparte demasiado por el impacto en tu factura el\u00e9ctrica.<\/p>\n","protected":false},"featured_media":267064,"comment_status":"open","ping_status":"open","template":"","meta":[],"product_cat":[1703,1708],"product_tag":[2121],"acf":[],"yoast_head":"<!-- This site is optimized with the Yoast SEO plugin v21.7 - https:\/\/yoast.com\/wordpress\/plugins\/seo\/ -->\n<title>[ Patriot ] &#129351; P300p1tbm28,814914026533 Unidad De Estado Solido Interno P300 1tb M.2 2280 Nvme Pcie Gen 3x4 Lect.2100 Escrit.1650 Mbs Pc Laptop Minipc<\/title>\n<meta name=\"description\" content=\"Compra P300p1tbm28,814914026533 Unidad De Estado Solido Interno P300 1tb M.2 2280 Nvme Pcie Gen 3x4 Lect.2100 Escrit.1650 Mbs Pc Laptop Minipc + Env\u00edo a domicilio + Pago seguro + Garant\u00eda\" \/>\n<meta name=\"robots\" content=\"index, follow, max-snippet:-1, max-image-preview:large, max-video-preview:-1\" \/>\n<link rel=\"canonical\" href=\"https:\/\/compuviper.mx\/tienda\/producto\/patriot-p300p1tbm28814914026533-unidad-de-estado-solido-interno-p300-1tb-m-2-2280-nvme-pcie-gen-3x4-lect-2100-escrit-1650-mbs-pc-laptop-minipc\/\" \/>\n<meta property=\"og:locale\" content=\"es_MX\" \/>\n<meta property=\"og:type\" content=\"article\" \/>\n<meta property=\"og:title\" content=\"[ Patriot ] &#129351; P300p1tbm28,814914026533 Unidad De Estado Solido Interno P300 1tb M.2 2280 Nvme Pcie Gen 3x4 Lect.2100 Escrit.1650 Mbs Pc Laptop Minipc\" \/>\n<meta property=\"og:description\" content=\"Compra P300p1tbm28,814914026533 Unidad De Estado Solido Interno P300 1tb M.2 2280 Nvme Pcie Gen 3x4 Lect.2100 Escrit.1650 Mbs Pc Laptop Minipc + Env\u00edo a domicilio + Pago seguro + Garant\u00eda\" \/>\n<meta property=\"og:url\" content=\"https:\/\/compuviper.mx\/tienda\/producto\/patriot-p300p1tbm28814914026533-unidad-de-estado-solido-interno-p300-1tb-m-2-2280-nvme-pcie-gen-3x4-lect-2100-escrit-1650-mbs-pc-laptop-minipc\/\" \/>\n<meta property=\"og:site_name\" content=\"Compuviper\" \/>\n<meta property=\"article:publisher\" content=\"https:\/\/www.facebook.com\/compuviper\" \/>\n<meta property=\"article:modified_time\" content=\"2026-04-03T05:13:40+00:00\" \/>\n<meta property=\"og:image\" content=\"https:\/\/compuviper.mx\/tienda\/wp-content\/uploads\/2026\/02\/Unidad-de-estado-solido-interno-patriot-p300-1tb-m.2-2280-nvme-pcie-gen-3x4-lect.2100-escrit.1650-mbs-pc-laptop-minipc.jpg\" \/>\n\t<meta property=\"og:image:width\" content=\"200\" \/>\n\t<meta property=\"og:image:height\" content=\"200\" \/>\n\t<meta property=\"og:image:type\" content=\"image\/jpeg\" \/>\n<meta name=\"twitter:card\" content=\"summary_large_image\" \/>\n<meta name=\"twitter:label1\" content=\"Precio\" \/>\n\t<meta name=\"twitter:data1\" content=\"&#36;2,671 &#36;2,642 con IVA\" \/>\n\t<meta name=\"twitter:label2\" content=\"Availability\" \/>\n\t<meta name=\"twitter:data2\" content=\"In stock\" \/>\n<script type=\"application\/ld+json\" class=\"yoast-schema-graph\">{\"@context\":\"https:\/\/schema.org\",\"@graph\":[{\"@type\":\"WebPage\",\"@id\":\"https:\/\/compuviper.mx\/tienda\/producto\/patriot-p300p1tbm28814914026533-unidad-de-estado-solido-interno-p300-1tb-m-2-2280-nvme-pcie-gen-3x4-lect-2100-escrit-1650-mbs-pc-laptop-minipc\/\",\"url\":\"https:\/\/compuviper.mx\/tienda\/producto\/patriot-p300p1tbm28814914026533-unidad-de-estado-solido-interno-p300-1tb-m-2-2280-nvme-pcie-gen-3x4-lect-2100-escrit-1650-mbs-pc-laptop-minipc\/\",\"name\":\"[ Patriot ] &#129351; P300p1tbm28,814914026533 Unidad De Estado Solido Interno P300 1tb M.2 2280 Nvme Pcie Gen 3x4 Lect.2100 Escrit.1650 Mbs Pc Laptop Minipc\",\"isPartOf\":{\"@id\":\"https:\/\/compuviper.mx\/tienda\/#website\"},\"datePublished\":\"2026-04-03T05:13:39+00:00\",\"dateModified\":\"2026-04-03T05:13:40+00:00\",\"description\":\"Compra P300p1tbm28,814914026533 Unidad De Estado Solido Interno P300 1tb M.2 2280 Nvme Pcie Gen 3x4 Lect.2100 Escrit.1650 Mbs Pc Laptop Minipc + Env\u00edo a domicilio + Pago seguro + Garant\u00eda\",\"breadcrumb\":{\"@id\":\"https:\/\/compuviper.mx\/tienda\/producto\/patriot-p300p1tbm28814914026533-unidad-de-estado-solido-interno-p300-1tb-m-2-2280-nvme-pcie-gen-3x4-lect-2100-escrit-1650-mbs-pc-laptop-minipc\/#breadcrumb\"},\"inLanguage\":\"es-MX\",\"potentialAction\":[{\"@type\":\"ReadAction\",\"target\":[\"https:\/\/compuviper.mx\/tienda\/producto\/patriot-p300p1tbm28814914026533-unidad-de-estado-solido-interno-p300-1tb-m-2-2280-nvme-pcie-gen-3x4-lect-2100-escrit-1650-mbs-pc-laptop-minipc\/\"]}]},{\"@type\":\"BreadcrumbList\",\"@id\":\"https:\/\/compuviper.mx\/tienda\/producto\/patriot-p300p1tbm28814914026533-unidad-de-estado-solido-interno-p300-1tb-m-2-2280-nvme-pcie-gen-3x4-lect-2100-escrit-1650-mbs-pc-laptop-minipc\/#breadcrumb\",\"itemListElement\":[{\"@type\":\"ListItem\",\"position\":1,\"name\":\"Inicio\",\"item\":\"https:\/\/compuviper.mx\/tienda\/\"},{\"@type\":\"ListItem\",\"position\":2,\"name\":\"Productos\",\"item\":\"https:\/\/compuviper.mx\/tienda\/productos\/\"},{\"@type\":\"ListItem\",\"position\":3,\"name\":\"Discos Duros\",\"item\":\"https:\/\/compuviper.mx\/tienda\/categoria-producto\/discos-duros\/\"},{\"@type\":\"ListItem\",\"position\":4,\"name\":\"Unidad De Estado Solido\",\"item\":\"https:\/\/compuviper.mx\/tienda\/categoria-producto\/discos-duros\/unidad-de-estado-solido\/\"},{\"@type\":\"ListItem\",\"position\":5,\"name\":\"Patriot P300p1tbm28,814914026533 Unidad De Estado Solido Interno P300 1tb M.2 2280 Nvme Pcie Gen 3&#215;4 Lect.2100 Escrit.1650 Mbs Pc Laptop Minipc\"}]},{\"@type\":\"WebSite\",\"@id\":\"https:\/\/compuviper.mx\/tienda\/#website\",\"url\":\"https:\/\/compuviper.mx\/tienda\/\",\"name\":\"Compuviper\",\"description\":\"Proveedor de Computadoras, Laptops, Servidores, Monitores, Puntos de Venta, Teclados,   Impresoras, T\u00f3ner, C\u00e1maras de Seguridad y m\u00e1s en tu tienda en l\u00ednea\",\"publisher\":{\"@id\":\"https:\/\/compuviper.mx\/tienda\/#organization\"},\"potentialAction\":[{\"@type\":\"SearchAction\",\"target\":{\"@type\":\"EntryPoint\",\"urlTemplate\":\"https:\/\/compuviper.mx\/tienda\/?s={search_term_string}\"},\"query-input\":\"required name=search_term_string\"}],\"inLanguage\":\"es-MX\"},{\"@type\":\"Organization\",\"@id\":\"https:\/\/compuviper.mx\/tienda\/#organization\",\"name\":\"Compuviper\",\"url\":\"https:\/\/compuviper.mx\/tienda\/\",\"logo\":{\"@type\":\"ImageObject\",\"inLanguage\":\"es-MX\",\"@id\":\"https:\/\/compuviper.mx\/tienda\/#\/schema\/logo\/image\/\",\"url\":\"https:\/\/compuviper.mx\/tienda\/wp-content\/uploads\/2021\/08\/Logo-Compuviper-10.png\",\"contentUrl\":\"https:\/\/compuviper.mx\/tienda\/wp-content\/uploads\/2021\/08\/Logo-Compuviper-10.png\",\"width\":1000,\"height\":500,\"caption\":\"Compuviper\"},\"image\":{\"@id\":\"https:\/\/compuviper.mx\/tienda\/#\/schema\/logo\/image\/\"},\"sameAs\":[\"https:\/\/www.facebook.com\/compuviper\",\"https:\/\/www.youtube.com\/channel\/UCf73dERp9Y3cfOq7q8BhLjA?view_as=subscriber\"]}]}<\/script>\n<meta property=\"product:brand\" content=\"Patriot\" \/>\n<meta property=\"product:price:amount\" content=\"2642\" \/>\n<meta property=\"product:price:currency\" content=\"MXN\" \/>\n<meta property=\"og:availability\" content=\"instock\" \/>\n<meta property=\"product:availability\" content=\"instock\" \/>\n<meta property=\"product:retailer_item_id\" content=\"P300P1TBM28,814914026533\" \/>\n<meta property=\"product:condition\" content=\"new\" \/>\n<!-- \/ Yoast SEO plugin. -->","yoast_head_json":{"title":"[ Patriot ] &#129351; P300p1tbm28,814914026533 Unidad De Estado Solido Interno P300 1tb M.2 2280 Nvme Pcie Gen 3x4 Lect.2100 Escrit.1650 Mbs Pc Laptop Minipc","description":"Compra P300p1tbm28,814914026533 Unidad De Estado Solido Interno P300 1tb M.2 2280 Nvme Pcie Gen 3x4 Lect.2100 Escrit.1650 Mbs Pc Laptop Minipc + Env\u00edo a domicilio + Pago seguro + Garant\u00eda","robots":{"index":"index","follow":"follow","max-snippet":"max-snippet:-1","max-image-preview":"max-image-preview:large","max-video-preview":"max-video-preview:-1"},"canonical":"https:\/\/compuviper.mx\/tienda\/producto\/patriot-p300p1tbm28814914026533-unidad-de-estado-solido-interno-p300-1tb-m-2-2280-nvme-pcie-gen-3x4-lect-2100-escrit-1650-mbs-pc-laptop-minipc\/","og_locale":"es_MX","og_type":"article","og_title":"[ Patriot ] &#129351; P300p1tbm28,814914026533 Unidad De Estado Solido Interno P300 1tb M.2 2280 Nvme Pcie Gen 3x4 Lect.2100 Escrit.1650 Mbs Pc Laptop Minipc","og_description":"Compra P300p1tbm28,814914026533 Unidad De Estado Solido Interno P300 1tb M.2 2280 Nvme Pcie Gen 3x4 Lect.2100 Escrit.1650 Mbs Pc Laptop Minipc + Env\u00edo a domicilio + Pago seguro + Garant\u00eda","og_url":"https:\/\/compuviper.mx\/tienda\/producto\/patriot-p300p1tbm28814914026533-unidad-de-estado-solido-interno-p300-1tb-m-2-2280-nvme-pcie-gen-3x4-lect-2100-escrit-1650-mbs-pc-laptop-minipc\/","og_site_name":"Compuviper","article_publisher":"https:\/\/www.facebook.com\/compuviper","article_modified_time":"2026-04-03T05:13:40+00:00","og_image":[{"width":200,"height":200,"url":"https:\/\/compuviper.mx\/tienda\/wp-content\/uploads\/2026\/02\/Unidad-de-estado-solido-interno-patriot-p300-1tb-m.2-2280-nvme-pcie-gen-3x4-lect.2100-escrit.1650-mbs-pc-laptop-minipc.jpg","type":"image\/jpeg"}],"twitter_card":"summary_large_image","twitter_misc":{"Precio":"&#36;2,671 &#36;2,642 con IVA","Availability":"In stock"},"schema":{"@context":"https:\/\/schema.org","@graph":[{"@type":"WebPage","@id":"https:\/\/compuviper.mx\/tienda\/producto\/patriot-p300p1tbm28814914026533-unidad-de-estado-solido-interno-p300-1tb-m-2-2280-nvme-pcie-gen-3x4-lect-2100-escrit-1650-mbs-pc-laptop-minipc\/","url":"https:\/\/compuviper.mx\/tienda\/producto\/patriot-p300p1tbm28814914026533-unidad-de-estado-solido-interno-p300-1tb-m-2-2280-nvme-pcie-gen-3x4-lect-2100-escrit-1650-mbs-pc-laptop-minipc\/","name":"[ Patriot ] &#129351; P300p1tbm28,814914026533 Unidad De Estado Solido Interno P300 1tb M.2 2280 Nvme Pcie Gen 3x4 Lect.2100 Escrit.1650 Mbs Pc Laptop Minipc","isPartOf":{"@id":"https:\/\/compuviper.mx\/tienda\/#website"},"datePublished":"2026-04-03T05:13:39+00:00","dateModified":"2026-04-03T05:13:40+00:00","description":"Compra P300p1tbm28,814914026533 Unidad De Estado Solido Interno P300 1tb M.2 2280 Nvme Pcie Gen 3x4 Lect.2100 Escrit.1650 Mbs Pc Laptop Minipc + Env\u00edo a domicilio + Pago seguro + Garant\u00eda","breadcrumb":{"@id":"https:\/\/compuviper.mx\/tienda\/producto\/patriot-p300p1tbm28814914026533-unidad-de-estado-solido-interno-p300-1tb-m-2-2280-nvme-pcie-gen-3x4-lect-2100-escrit-1650-mbs-pc-laptop-minipc\/#breadcrumb"},"inLanguage":"es-MX","potentialAction":[{"@type":"ReadAction","target":["https:\/\/compuviper.mx\/tienda\/producto\/patriot-p300p1tbm28814914026533-unidad-de-estado-solido-interno-p300-1tb-m-2-2280-nvme-pcie-gen-3x4-lect-2100-escrit-1650-mbs-pc-laptop-minipc\/"]}]},{"@type":"BreadcrumbList","@id":"https:\/\/compuviper.mx\/tienda\/producto\/patriot-p300p1tbm28814914026533-unidad-de-estado-solido-interno-p300-1tb-m-2-2280-nvme-pcie-gen-3x4-lect-2100-escrit-1650-mbs-pc-laptop-minipc\/#breadcrumb","itemListElement":[{"@type":"ListItem","position":1,"name":"Inicio","item":"https:\/\/compuviper.mx\/tienda\/"},{"@type":"ListItem","position":2,"name":"Productos","item":"https:\/\/compuviper.mx\/tienda\/productos\/"},{"@type":"ListItem","position":3,"name":"Discos Duros","item":"https:\/\/compuviper.mx\/tienda\/categoria-producto\/discos-duros\/"},{"@type":"ListItem","position":4,"name":"Unidad De Estado Solido","item":"https:\/\/compuviper.mx\/tienda\/categoria-producto\/discos-duros\/unidad-de-estado-solido\/"},{"@type":"ListItem","position":5,"name":"Patriot P300p1tbm28,814914026533 Unidad De Estado Solido Interno P300 1tb M.2 2280 Nvme Pcie Gen 3&#215;4 Lect.2100 Escrit.1650 Mbs Pc Laptop Minipc"}]},{"@type":"WebSite","@id":"https:\/\/compuviper.mx\/tienda\/#website","url":"https:\/\/compuviper.mx\/tienda\/","name":"Compuviper","description":"Proveedor de Computadoras, Laptops, Servidores, Monitores, Puntos de Venta, Teclados,   Impresoras, T\u00f3ner, C\u00e1maras de Seguridad y m\u00e1s en tu tienda en l\u00ednea","publisher":{"@id":"https:\/\/compuviper.mx\/tienda\/#organization"},"potentialAction":[{"@type":"SearchAction","target":{"@type":"EntryPoint","urlTemplate":"https:\/\/compuviper.mx\/tienda\/?s={search_term_string}"},"query-input":"required name=search_term_string"}],"inLanguage":"es-MX"},{"@type":"Organization","@id":"https:\/\/compuviper.mx\/tienda\/#organization","name":"Compuviper","url":"https:\/\/compuviper.mx\/tienda\/","logo":{"@type":"ImageObject","inLanguage":"es-MX","@id":"https:\/\/compuviper.mx\/tienda\/#\/schema\/logo\/image\/","url":"https:\/\/compuviper.mx\/tienda\/wp-content\/uploads\/2021\/08\/Logo-Compuviper-10.png","contentUrl":"https:\/\/compuviper.mx\/tienda\/wp-content\/uploads\/2021\/08\/Logo-Compuviper-10.png","width":1000,"height":500,"caption":"Compuviper"},"image":{"@id":"https:\/\/compuviper.mx\/tienda\/#\/schema\/logo\/image\/"},"sameAs":["https:\/\/www.facebook.com\/compuviper","https:\/\/www.youtube.com\/channel\/UCf73dERp9Y3cfOq7q8BhLjA?view_as=subscriber"]}]},"product_brand":"Patriot","product_price_amount":"2642","product_price_currency":"MXN","og_availability":"instock","product_availability":"instock","product_retailer_item_id":"P300P1TBM28,814914026533","product_condition":"new"},"_links":{"self":[{"href":"https:\/\/compuviper.mx\/tienda\/wp-json\/wp\/v2\/product\/267063"}],"collection":[{"href":"https:\/\/compuviper.mx\/tienda\/wp-json\/wp\/v2\/product"}],"about":[{"href":"https:\/\/compuviper.mx\/tienda\/wp-json\/wp\/v2\/types\/product"}],"replies":[{"embeddable":true,"href":"https:\/\/compuviper.mx\/tienda\/wp-json\/wp\/v2\/comments?post=267063"}],"wp:featuredmedia":[{"embeddable":true,"href":"https:\/\/compuviper.mx\/tienda\/wp-json\/wp\/v2\/media\/267064"}],"wp:attachment":[{"href":"https:\/\/compuviper.mx\/tienda\/wp-json\/wp\/v2\/media?parent=267063"}],"wp:term":[{"taxonomy":"product_cat","embeddable":true,"href":"https:\/\/compuviper.mx\/tienda\/wp-json\/wp\/v2\/product_cat?post=267063"},{"taxonomy":"product_tag","embeddable":true,"href":"https:\/\/compuviper.mx\/tienda\/wp-json\/wp\/v2\/product_tag?post=267063"}],"curies":[{"name":"wp","href":"https:\/\/api.w.org\/{rel}","templated":true}]}}