{"id":267054,"date":"2026-04-23T00:15:02","date_gmt":"2026-04-23T06:15:02","guid":{"rendered":"https:\/\/compuviper.mx\/tienda\/producto\/dahua-dh-ipc-hfw2441t-zs-camara-ip-ipc-hfw2441t-zs-bullet-de-4-mp-lente-motorizado-de-2-7-a-13-5-mm-wizsense-ir-de-60-mts-smd-plus-proteccion-perimetral-ranura-para-msd-ip67-ik10\/"},"modified":"2026-04-23T00:15:03","modified_gmt":"2026-04-23T06:15:03","slug":"dahua-dh-ipc-hfw2441t-zs-camara-ip-ipc-hfw2441t-zs-bullet-de-4-mp-lente-motorizado-de-2-7-a-13-5-mm-wizsense-ir-de-60-mts-smd-plus-proteccion-perimetral-ranura-para-msd-ip67-ik10","status":"publish","type":"product","link":"https:\/\/compuviper.mx\/tienda\/producto\/dahua-dh-ipc-hfw2441t-zs-camara-ip-ipc-hfw2441t-zs-bullet-de-4-mp-lente-motorizado-de-2-7-a-13-5-mm-wizsense-ir-de-60-mts-smd-plus-proteccion-perimetral-ranura-para-msd-ip67-ik10\/","title":{"rendered":"Dahua Dh-ipc-hfw2441t-zs Camara Ip\/ \/ Ipc-hfw2441t-zs\/ Bullet De 4 Mp\/ Lente Motorizado De 2.7 A 13.5 Mm\/ Wizsense\/ Ir De 60 Mts\/ Smd Plus\/ Proteccion Perimetral\/ Ranura Para Msd\/ Ip67\/ Ik10"},"content":{"rendered":"<table class=\"descripcion\">\n<tr>\n<td>Caracteristicas principales<\/td>\n<\/tr>\n<tr>\n<td>\u00b7 monitoreo inteligente: intrusion, cable trampa (las dos funciones admiten la clasificacion y deteccion precisa de vehiculos y humanos).<\/td>\n<\/tr>\n<tr>\n<td>\u00b7 deteccion de anomalias: deteccion de movimiento, manipulacion de video, deteccion de audio, sin tarjeta sd, tarjeta sd llena, error de tarjeta sd, desconexion de red, conflicto de ip, acceso ilegal y deteccion de voltaje.<\/td>\n<\/tr>\n<tr>\n<td>\u00b7 alarma: 1 entrada, 1 salida (solo compatible con zas); audio: 1 entrada, 1 salida (solo compatible con zas); admite max. tarjeta micro sd de 256g; microfono integrado.<\/td>\n<\/tr>\n<tr>\n<td>\u00b7 fuente de alimentacion de 12 vdc\/poe, facil de instalar.<\/td>\n<\/tr>\n<tr>\n<td>\u00b7 proteccion ip67, ik10 (opcional).<\/td>\n<\/tr>\n<tr>\n<td>\u00b7 smd plus.<\/td>\n<\/tr>\n<tr>\n<td>Especificaciones tecnicas<\/td>\n<\/tr>\n<tr>\n<td>\u00b7 sensor de imagen cmos de 4 mp 1\/2,9, baja luminancia e imagen de alta definicion.<\/td>\n<\/tr>\n<tr>\n<td>\u00b7 salidas max. 4 mp (2688 \u00d7 1520) a 20 fps y admite 2560 \u00d7 1440 (2560 \u00d7 1440) a 25\/30 fps.<\/td>\n<\/tr>\n<tr>\n<td>\u00b7 codec h.265, alta tasa de compresion, tasa de bits ultrabaja.<\/td>\n<\/tr>\n<tr>\n<td>\u00b7 led ir incorporado y el max. la distancia de iluminacion es de 60 m.<\/td>\n<\/tr>\n<tr>\n<td>\u00b7 roi, smart h.264+\/h.265+, codificacion flexible, aplicable a varios entornos de almacenamiento y ancho de banda.<\/td>\n<\/tr>\n<tr>\n<td>\u00b7 modo de rotacion, wdr, 3d nr, hlc, blc, marca de agua digital, aplicable a varias escenas de monitoreo.<\/td>\n<\/tr>\n<\/table>\n","protected":false},"excerpt":{"rendered":"<p>Informacion general. Con un algoritmo avanzado de aprendizaje profundo, la camara de red de la serie dahua wizsense 2 admite funciones inteligentes, como proteccion perimetral y deteccion de movimiento inteligente. Con la tecnologia starlight, esta camara de la serie proporciona un mejor efecto de imagen en condiciones de baja iluminacion. Smd mas. Con un algoritmo inteligente, la tecnologia de deteccion de movimiento inteligente de dahua puede categorizar los objetivos que activan la deteccion de movimiento y filtrar la alarma de deteccion de movimiento activada por objetivos no afectados para generar una alarma efectiva y precisa. Proteccion perimetral. Con un algoritmo de aprendizaje profundo, la tecnologia de proteccion perimetral de dahua puede reconocer a humanos y vehiculos con precision. En areas restringidas (como areas para peatones y vehiculos), las falsas alarmas de deteccion inteligente basadas en el tipo de objetivo (como cable trampa, intrusion) se reducen en gran medida. Proteccion (ip67, amplio voltaje. Ip67: la camara pasa una serie de pruebas estrictas sobre polvo y remojo. Tiene una funcion a prueba de polvo y la carcasa puede funcionar normalmente despues de sumergirse en agua a 1 m de profundidad durante 30 minutos. Amplio voltaje: la camara permite una tolerancia de voltaje de entrada de \u00b130 % (para algunas fuentes de alimentacion) (amplio rango de voltaje) y se aplica ampliamente en ambientes exteriores con voltaje inestable. H.265+ inteligente y h.264+ inteligente. Con un algoritmo avanzado de control de velocidad adaptable a la escena, la tecnologia de codificacion inteligente de dahua logra una mayor eficiencia de codificacion que h.265 y h.264, proporciona video de alta calidad y reduce el costo de almacenamiento y transmision. Wdr. Con la tecnologia avanzada de amplio rango dinamico (wdr), la camara de red dahua proporciona detalles claros en un entorno de fuerte contraste de brillo. El area brillante y oscura puede obtener un video claro incluso en entornos de alto brillo o con sombra de luz de fondo.<\/p>\n","protected":false},"featured_media":267110,"comment_status":"open","ping_status":"open","template":"","meta":[],"product_cat":[1681,1608],"product_tag":[1555],"acf":[],"yoast_head":"<!-- This site is optimized with the Yoast SEO plugin v21.7 - https:\/\/yoast.com\/wordpress\/plugins\/seo\/ -->\n<title>[ Dahua ] &#129351; Dh-ipc-hfw2441t-zs Camara Ip\/ \/ Ipc-hfw2441t-zs\/ Bullet De 4 Mp\/ Lente Motorizado De 2.7 A 13.5 Mm\/ Wizsense\/ Ir De 60 Mts\/ Smd Plus\/ Proteccion Perimetral\/ Ranura Para Msd\/ Ip67\/ Ik10<\/title>\n<meta name=\"description\" content=\"Compra Dh-ipc-hfw2441t-zs Camara Ip\/ \/ Ipc-hfw2441t-zs\/ Bullet De 4 Mp\/ Lente Motorizado De 2.7 A 13.5 Mm\/ Wizsense\/ Ir De 60 Mts\/ Smd Plus\/ Proteccion Perimetral\/ Ranura Para Msd\/ Ip67\/ Ik10 + Env\u00edo a domicilio + Pago seguro + Garant\u00eda\" \/>\n<meta name=\"robots\" content=\"index, follow, max-snippet:-1, max-image-preview:large, max-video-preview:-1\" \/>\n<link rel=\"canonical\" href=\"https:\/\/compuviper.mx\/tienda\/producto\/dahua-dh-ipc-hfw2441t-zs-camara-ip-ipc-hfw2441t-zs-bullet-de-4-mp-lente-motorizado-de-2-7-a-13-5-mm-wizsense-ir-de-60-mts-smd-plus-proteccion-perimetral-ranura-para-msd-ip67-ik10\/\" \/>\n<meta property=\"og:locale\" content=\"es_MX\" \/>\n<meta property=\"og:type\" content=\"article\" \/>\n<meta property=\"og:title\" content=\"[ Dahua ] &#129351; Dh-ipc-hfw2441t-zs Camara Ip\/ \/ Ipc-hfw2441t-zs\/ Bullet De 4 Mp\/ Lente Motorizado De 2.7 A 13.5 Mm\/ Wizsense\/ Ir De 60 Mts\/ Smd Plus\/ Proteccion Perimetral\/ Ranura Para Msd\/ Ip67\/ Ik10\" \/>\n<meta property=\"og:description\" content=\"Compra Dh-ipc-hfw2441t-zs Camara Ip\/ \/ Ipc-hfw2441t-zs\/ Bullet De 4 Mp\/ Lente Motorizado De 2.7 A 13.5 Mm\/ Wizsense\/ Ir De 60 Mts\/ Smd Plus\/ Proteccion Perimetral\/ Ranura Para Msd\/ Ip67\/ Ik10 + Env\u00edo a domicilio + Pago seguro + Garant\u00eda\" \/>\n<meta property=\"og:url\" content=\"https:\/\/compuviper.mx\/tienda\/producto\/dahua-dh-ipc-hfw2441t-zs-camara-ip-ipc-hfw2441t-zs-bullet-de-4-mp-lente-motorizado-de-2-7-a-13-5-mm-wizsense-ir-de-60-mts-smd-plus-proteccion-perimetral-ranura-para-msd-ip67-ik10\/\" \/>\n<meta property=\"og:site_name\" content=\"Compuviper\" \/>\n<meta property=\"article:publisher\" content=\"https:\/\/www.facebook.com\/compuviper\" \/>\n<meta property=\"article:modified_time\" content=\"2026-04-23T06:15:03+00:00\" \/>\n<meta property=\"og:image\" content=\"https:\/\/compuviper.mx\/tienda\/wp-content\/uploads\/2026\/02\/Camara-ip-dahua-ipc-hfw2441t-zs-bullet-de-4-mp-lente-motorizado-de-2.7-a-13.5-mm-wizsense-ir-de-60-mts-smd-plus-proteccion-perimetral-ranura-para-msd-ip67-ik10.jpg\" \/>\n\t<meta property=\"og:image:width\" content=\"200\" \/>\n\t<meta property=\"og:image:height\" content=\"200\" \/>\n\t<meta property=\"og:image:type\" content=\"image\/jpeg\" \/>\n<meta name=\"twitter:card\" content=\"summary_large_image\" \/>\n<meta name=\"twitter:label1\" content=\"Precio\" \/>\n\t<meta name=\"twitter:data1\" content=\"&#36;2,323 con IVA\" \/>\n\t<meta name=\"twitter:label2\" content=\"Availability\" \/>\n\t<meta name=\"twitter:data2\" content=\"On backorder\" \/>\n<script type=\"application\/ld+json\" class=\"yoast-schema-graph\">{\"@context\":\"https:\/\/schema.org\",\"@graph\":[{\"@type\":\"WebPage\",\"@id\":\"https:\/\/compuviper.mx\/tienda\/producto\/dahua-dh-ipc-hfw2441t-zs-camara-ip-ipc-hfw2441t-zs-bullet-de-4-mp-lente-motorizado-de-2-7-a-13-5-mm-wizsense-ir-de-60-mts-smd-plus-proteccion-perimetral-ranura-para-msd-ip67-ik10\/\",\"url\":\"https:\/\/compuviper.mx\/tienda\/producto\/dahua-dh-ipc-hfw2441t-zs-camara-ip-ipc-hfw2441t-zs-bullet-de-4-mp-lente-motorizado-de-2-7-a-13-5-mm-wizsense-ir-de-60-mts-smd-plus-proteccion-perimetral-ranura-para-msd-ip67-ik10\/\",\"name\":\"[ Dahua ] &#129351; Dh-ipc-hfw2441t-zs Camara Ip\/ \/ Ipc-hfw2441t-zs\/ Bullet De 4 Mp\/ Lente Motorizado De 2.7 A 13.5 Mm\/ Wizsense\/ Ir De 60 Mts\/ Smd Plus\/ Proteccion Perimetral\/ Ranura Para Msd\/ Ip67\/ Ik10\",\"isPartOf\":{\"@id\":\"https:\/\/compuviper.mx\/tienda\/#website\"},\"datePublished\":\"2026-04-23T06:15:02+00:00\",\"dateModified\":\"2026-04-23T06:15:03+00:00\",\"description\":\"Compra Dh-ipc-hfw2441t-zs Camara Ip\/ \/ Ipc-hfw2441t-zs\/ Bullet De 4 Mp\/ Lente Motorizado De 2.7 A 13.5 Mm\/ Wizsense\/ Ir De 60 Mts\/ Smd Plus\/ Proteccion Perimetral\/ Ranura Para Msd\/ Ip67\/ Ik10 + Env\u00edo a domicilio + Pago seguro + Garant\u00eda\",\"breadcrumb\":{\"@id\":\"https:\/\/compuviper.mx\/tienda\/producto\/dahua-dh-ipc-hfw2441t-zs-camara-ip-ipc-hfw2441t-zs-bullet-de-4-mp-lente-motorizado-de-2-7-a-13-5-mm-wizsense-ir-de-60-mts-smd-plus-proteccion-perimetral-ranura-para-msd-ip67-ik10\/#breadcrumb\"},\"inLanguage\":\"es-MX\",\"potentialAction\":[{\"@type\":\"ReadAction\",\"target\":[\"https:\/\/compuviper.mx\/tienda\/producto\/dahua-dh-ipc-hfw2441t-zs-camara-ip-ipc-hfw2441t-zs-bullet-de-4-mp-lente-motorizado-de-2-7-a-13-5-mm-wizsense-ir-de-60-mts-smd-plus-proteccion-perimetral-ranura-para-msd-ip67-ik10\/\"]}]},{\"@type\":\"BreadcrumbList\",\"@id\":\"https:\/\/compuviper.mx\/tienda\/producto\/dahua-dh-ipc-hfw2441t-zs-camara-ip-ipc-hfw2441t-zs-bullet-de-4-mp-lente-motorizado-de-2-7-a-13-5-mm-wizsense-ir-de-60-mts-smd-plus-proteccion-perimetral-ranura-para-msd-ip67-ik10\/#breadcrumb\",\"itemListElement\":[{\"@type\":\"ListItem\",\"position\":1,\"name\":\"Inicio\",\"item\":\"https:\/\/compuviper.mx\/tienda\/\"},{\"@type\":\"ListItem\",\"position\":2,\"name\":\"Productos\",\"item\":\"https:\/\/compuviper.mx\/tienda\/productos\/\"},{\"@type\":\"ListItem\",\"position\":3,\"name\":\"Camaras\",\"item\":\"https:\/\/compuviper.mx\/tienda\/categoria-producto\/camaras-2\/\"},{\"@type\":\"ListItem\",\"position\":4,\"name\":\"Camara De Videovigilancia\",\"item\":\"https:\/\/compuviper.mx\/tienda\/categoria-producto\/camaras-2\/camara-de-videovigilancia\/\"},{\"@type\":\"ListItem\",\"position\":5,\"name\":\"Dahua Dh-ipc-hfw2441t-zs Camara Ip\/ \/ Ipc-hfw2441t-zs\/ Bullet De 4 Mp\/ Lente Motorizado De 2.7 A 13.5 Mm\/ Wizsense\/ Ir De 60 Mts\/ Smd Plus\/ Proteccion Perimetral\/ Ranura Para Msd\/ Ip67\/ Ik10\"}]},{\"@type\":\"WebSite\",\"@id\":\"https:\/\/compuviper.mx\/tienda\/#website\",\"url\":\"https:\/\/compuviper.mx\/tienda\/\",\"name\":\"Compuviper\",\"description\":\"Proveedor de Computadoras, Laptops, Servidores, Monitores, Puntos de Venta, Teclados,   Impresoras, T\u00f3ner, C\u00e1maras de Seguridad y m\u00e1s en tu tienda en l\u00ednea\",\"publisher\":{\"@id\":\"https:\/\/compuviper.mx\/tienda\/#organization\"},\"potentialAction\":[{\"@type\":\"SearchAction\",\"target\":{\"@type\":\"EntryPoint\",\"urlTemplate\":\"https:\/\/compuviper.mx\/tienda\/?s={search_term_string}\"},\"query-input\":\"required name=search_term_string\"}],\"inLanguage\":\"es-MX\"},{\"@type\":\"Organization\",\"@id\":\"https:\/\/compuviper.mx\/tienda\/#organization\",\"name\":\"Compuviper\",\"url\":\"https:\/\/compuviper.mx\/tienda\/\",\"logo\":{\"@type\":\"ImageObject\",\"inLanguage\":\"es-MX\",\"@id\":\"https:\/\/compuviper.mx\/tienda\/#\/schema\/logo\/image\/\",\"url\":\"https:\/\/compuviper.mx\/tienda\/wp-content\/uploads\/2021\/08\/Logo-Compuviper-10.png\",\"contentUrl\":\"https:\/\/compuviper.mx\/tienda\/wp-content\/uploads\/2021\/08\/Logo-Compuviper-10.png\",\"width\":1000,\"height\":500,\"caption\":\"Compuviper\"},\"image\":{\"@id\":\"https:\/\/compuviper.mx\/tienda\/#\/schema\/logo\/image\/\"},\"sameAs\":[\"https:\/\/www.facebook.com\/compuviper\",\"https:\/\/www.youtube.com\/channel\/UCf73dERp9Y3cfOq7q8BhLjA?view_as=subscriber\"]}]}<\/script>\n<meta property=\"product:brand\" content=\"DAHUA\" \/>\n<meta property=\"product:price:amount\" content=\"2323\" \/>\n<meta property=\"product:price:currency\" content=\"MXN\" \/>\n<meta property=\"og:availability\" content=\"backorder\" \/>\n<meta property=\"product:availability\" content=\"available for order\" \/>\n<meta property=\"product:retailer_item_id\" content=\"DH-IPC-HFW2441T-ZS\" \/>\n<meta property=\"product:condition\" content=\"new\" \/>\n<!-- \/ Yoast SEO plugin. -->","yoast_head_json":{"title":"[ Dahua ] &#129351; Dh-ipc-hfw2441t-zs Camara Ip\/ \/ Ipc-hfw2441t-zs\/ Bullet De 4 Mp\/ Lente Motorizado De 2.7 A 13.5 Mm\/ Wizsense\/ Ir De 60 Mts\/ Smd Plus\/ Proteccion Perimetral\/ Ranura Para Msd\/ Ip67\/ Ik10","description":"Compra Dh-ipc-hfw2441t-zs Camara Ip\/ \/ Ipc-hfw2441t-zs\/ Bullet De 4 Mp\/ Lente Motorizado De 2.7 A 13.5 Mm\/ Wizsense\/ Ir De 60 Mts\/ Smd Plus\/ Proteccion Perimetral\/ Ranura Para Msd\/ Ip67\/ Ik10 + Env\u00edo a domicilio + Pago seguro + Garant\u00eda","robots":{"index":"index","follow":"follow","max-snippet":"max-snippet:-1","max-image-preview":"max-image-preview:large","max-video-preview":"max-video-preview:-1"},"canonical":"https:\/\/compuviper.mx\/tienda\/producto\/dahua-dh-ipc-hfw2441t-zs-camara-ip-ipc-hfw2441t-zs-bullet-de-4-mp-lente-motorizado-de-2-7-a-13-5-mm-wizsense-ir-de-60-mts-smd-plus-proteccion-perimetral-ranura-para-msd-ip67-ik10\/","og_locale":"es_MX","og_type":"article","og_title":"[ Dahua ] &#129351; Dh-ipc-hfw2441t-zs Camara Ip\/ \/ Ipc-hfw2441t-zs\/ Bullet De 4 Mp\/ Lente Motorizado De 2.7 A 13.5 Mm\/ Wizsense\/ Ir De 60 Mts\/ Smd Plus\/ Proteccion Perimetral\/ Ranura Para Msd\/ Ip67\/ Ik10","og_description":"Compra Dh-ipc-hfw2441t-zs Camara Ip\/ \/ Ipc-hfw2441t-zs\/ Bullet De 4 Mp\/ Lente Motorizado De 2.7 A 13.5 Mm\/ Wizsense\/ Ir De 60 Mts\/ Smd Plus\/ Proteccion Perimetral\/ Ranura Para Msd\/ Ip67\/ Ik10 + Env\u00edo a domicilio + Pago seguro + Garant\u00eda","og_url":"https:\/\/compuviper.mx\/tienda\/producto\/dahua-dh-ipc-hfw2441t-zs-camara-ip-ipc-hfw2441t-zs-bullet-de-4-mp-lente-motorizado-de-2-7-a-13-5-mm-wizsense-ir-de-60-mts-smd-plus-proteccion-perimetral-ranura-para-msd-ip67-ik10\/","og_site_name":"Compuviper","article_publisher":"https:\/\/www.facebook.com\/compuviper","article_modified_time":"2026-04-23T06:15:03+00:00","og_image":[{"width":200,"height":200,"url":"https:\/\/compuviper.mx\/tienda\/wp-content\/uploads\/2026\/02\/Camara-ip-dahua-ipc-hfw2441t-zs-bullet-de-4-mp-lente-motorizado-de-2.7-a-13.5-mm-wizsense-ir-de-60-mts-smd-plus-proteccion-perimetral-ranura-para-msd-ip67-ik10.jpg","type":"image\/jpeg"}],"twitter_card":"summary_large_image","twitter_misc":{"Precio":"&#36;2,323 con IVA","Availability":"On backorder"},"schema":{"@context":"https:\/\/schema.org","@graph":[{"@type":"WebPage","@id":"https:\/\/compuviper.mx\/tienda\/producto\/dahua-dh-ipc-hfw2441t-zs-camara-ip-ipc-hfw2441t-zs-bullet-de-4-mp-lente-motorizado-de-2-7-a-13-5-mm-wizsense-ir-de-60-mts-smd-plus-proteccion-perimetral-ranura-para-msd-ip67-ik10\/","url":"https:\/\/compuviper.mx\/tienda\/producto\/dahua-dh-ipc-hfw2441t-zs-camara-ip-ipc-hfw2441t-zs-bullet-de-4-mp-lente-motorizado-de-2-7-a-13-5-mm-wizsense-ir-de-60-mts-smd-plus-proteccion-perimetral-ranura-para-msd-ip67-ik10\/","name":"[ Dahua ] &#129351; Dh-ipc-hfw2441t-zs Camara Ip\/ \/ Ipc-hfw2441t-zs\/ Bullet De 4 Mp\/ Lente Motorizado De 2.7 A 13.5 Mm\/ Wizsense\/ Ir De 60 Mts\/ Smd Plus\/ Proteccion Perimetral\/ Ranura Para Msd\/ Ip67\/ Ik10","isPartOf":{"@id":"https:\/\/compuviper.mx\/tienda\/#website"},"datePublished":"2026-04-23T06:15:02+00:00","dateModified":"2026-04-23T06:15:03+00:00","description":"Compra Dh-ipc-hfw2441t-zs Camara Ip\/ \/ Ipc-hfw2441t-zs\/ Bullet De 4 Mp\/ Lente Motorizado De 2.7 A 13.5 Mm\/ Wizsense\/ Ir De 60 Mts\/ Smd Plus\/ Proteccion Perimetral\/ Ranura Para Msd\/ Ip67\/ Ik10 + Env\u00edo a domicilio + Pago seguro + Garant\u00eda","breadcrumb":{"@id":"https:\/\/compuviper.mx\/tienda\/producto\/dahua-dh-ipc-hfw2441t-zs-camara-ip-ipc-hfw2441t-zs-bullet-de-4-mp-lente-motorizado-de-2-7-a-13-5-mm-wizsense-ir-de-60-mts-smd-plus-proteccion-perimetral-ranura-para-msd-ip67-ik10\/#breadcrumb"},"inLanguage":"es-MX","potentialAction":[{"@type":"ReadAction","target":["https:\/\/compuviper.mx\/tienda\/producto\/dahua-dh-ipc-hfw2441t-zs-camara-ip-ipc-hfw2441t-zs-bullet-de-4-mp-lente-motorizado-de-2-7-a-13-5-mm-wizsense-ir-de-60-mts-smd-plus-proteccion-perimetral-ranura-para-msd-ip67-ik10\/"]}]},{"@type":"BreadcrumbList","@id":"https:\/\/compuviper.mx\/tienda\/producto\/dahua-dh-ipc-hfw2441t-zs-camara-ip-ipc-hfw2441t-zs-bullet-de-4-mp-lente-motorizado-de-2-7-a-13-5-mm-wizsense-ir-de-60-mts-smd-plus-proteccion-perimetral-ranura-para-msd-ip67-ik10\/#breadcrumb","itemListElement":[{"@type":"ListItem","position":1,"name":"Inicio","item":"https:\/\/compuviper.mx\/tienda\/"},{"@type":"ListItem","position":2,"name":"Productos","item":"https:\/\/compuviper.mx\/tienda\/productos\/"},{"@type":"ListItem","position":3,"name":"Camaras","item":"https:\/\/compuviper.mx\/tienda\/categoria-producto\/camaras-2\/"},{"@type":"ListItem","position":4,"name":"Camara De Videovigilancia","item":"https:\/\/compuviper.mx\/tienda\/categoria-producto\/camaras-2\/camara-de-videovigilancia\/"},{"@type":"ListItem","position":5,"name":"Dahua Dh-ipc-hfw2441t-zs Camara Ip\/ \/ Ipc-hfw2441t-zs\/ Bullet De 4 Mp\/ Lente Motorizado De 2.7 A 13.5 Mm\/ Wizsense\/ Ir De 60 Mts\/ Smd Plus\/ Proteccion Perimetral\/ Ranura Para Msd\/ Ip67\/ Ik10"}]},{"@type":"WebSite","@id":"https:\/\/compuviper.mx\/tienda\/#website","url":"https:\/\/compuviper.mx\/tienda\/","name":"Compuviper","description":"Proveedor de Computadoras, Laptops, Servidores, Monitores, Puntos de Venta, Teclados,   Impresoras, T\u00f3ner, C\u00e1maras de Seguridad y m\u00e1s en tu tienda en l\u00ednea","publisher":{"@id":"https:\/\/compuviper.mx\/tienda\/#organization"},"potentialAction":[{"@type":"SearchAction","target":{"@type":"EntryPoint","urlTemplate":"https:\/\/compuviper.mx\/tienda\/?s={search_term_string}"},"query-input":"required name=search_term_string"}],"inLanguage":"es-MX"},{"@type":"Organization","@id":"https:\/\/compuviper.mx\/tienda\/#organization","name":"Compuviper","url":"https:\/\/compuviper.mx\/tienda\/","logo":{"@type":"ImageObject","inLanguage":"es-MX","@id":"https:\/\/compuviper.mx\/tienda\/#\/schema\/logo\/image\/","url":"https:\/\/compuviper.mx\/tienda\/wp-content\/uploads\/2021\/08\/Logo-Compuviper-10.png","contentUrl":"https:\/\/compuviper.mx\/tienda\/wp-content\/uploads\/2021\/08\/Logo-Compuviper-10.png","width":1000,"height":500,"caption":"Compuviper"},"image":{"@id":"https:\/\/compuviper.mx\/tienda\/#\/schema\/logo\/image\/"},"sameAs":["https:\/\/www.facebook.com\/compuviper","https:\/\/www.youtube.com\/channel\/UCf73dERp9Y3cfOq7q8BhLjA?view_as=subscriber"]}]},"product_brand":"DAHUA","product_price_amount":"2323","product_price_currency":"MXN","og_availability":"backorder","product_availability":"available for order","product_retailer_item_id":"DH-IPC-HFW2441T-ZS","product_condition":"new"},"_links":{"self":[{"href":"https:\/\/compuviper.mx\/tienda\/wp-json\/wp\/v2\/product\/267054"}],"collection":[{"href":"https:\/\/compuviper.mx\/tienda\/wp-json\/wp\/v2\/product"}],"about":[{"href":"https:\/\/compuviper.mx\/tienda\/wp-json\/wp\/v2\/types\/product"}],"replies":[{"embeddable":true,"href":"https:\/\/compuviper.mx\/tienda\/wp-json\/wp\/v2\/comments?post=267054"}],"wp:featuredmedia":[{"embeddable":true,"href":"https:\/\/compuviper.mx\/tienda\/wp-json\/wp\/v2\/media\/267110"}],"wp:attachment":[{"href":"https:\/\/compuviper.mx\/tienda\/wp-json\/wp\/v2\/media?parent=267054"}],"wp:term":[{"taxonomy":"product_cat","embeddable":true,"href":"https:\/\/compuviper.mx\/tienda\/wp-json\/wp\/v2\/product_cat?post=267054"},{"taxonomy":"product_tag","embeddable":true,"href":"https:\/\/compuviper.mx\/tienda\/wp-json\/wp\/v2\/product_tag?post=267054"}],"curies":[{"name":"wp","href":"https:\/\/api.w.org\/{rel}","templated":true}]}}