{"id":267053,"date":"2026-04-07T00:07:43","date_gmt":"2026-04-07T06:07:43","guid":{"rendered":"https:\/\/compuviper.mx\/tienda\/producto\/nzxt-pa-8g3bb-us810074849111-fuente-de-poder-c850-gold-core-80plus-fully-modular-atx-3-1-power-supply-us-power-cord\/"},"modified":"2026-04-07T00:07:43","modified_gmt":"2026-04-07T06:07:43","slug":"nzxt-pa-8g3bb-us810074849111-fuente-de-poder-c850-gold-core-80plus-fully-modular-atx-3-1-power-supply-us-power-cord","status":"publish","type":"product","link":"https:\/\/compuviper.mx\/tienda\/producto\/nzxt-pa-8g3bb-us810074849111-fuente-de-poder-c850-gold-core-80plus-fully-modular-atx-3-1-power-supply-us-power-cord\/","title":{"rendered":"Nzxt Pa-8g3bb-us,810074849111 Fuente De Poder  C850 Gold Core 80plus Fully Modular Atx 3.1 Power Supply Us Power Cord"},"content":{"rendered":"<table class=\"descripcion\">\n<tr>\n<td>Dimensions<\/td>\n<\/tr>\n<tr>\n<td>Width<\/td>\n<\/tr>\n<tr>\n<td>150 mm<\/td>\n<\/tr>\n<tr>\n<td>Height<\/td>\n<\/tr>\n<tr>\n<td>86 mm<\/td>\n<\/tr>\n<tr>\n<td>Depth<\/td>\n<\/tr>\n<tr>\n<td>150 mm<\/td>\n<\/tr>\n<tr>\n<td>General<\/td>\n<\/tr>\n<tr>\n<td>Cable length  and  connector quantity<\/td>\n<\/tr>\n<tr>\n<td>24-pin atx power cable<\/td>\n<\/tr>\n<tr>\n<td>600 mm (1)<\/td>\n<\/tr>\n<tr>\n<td>4+4-pin cpu power cable<\/td>\n<\/tr>\n<tr>\n<td>700 mm (1)<\/td>\n<\/tr>\n<tr>\n<td>8-pin cpu power cable<\/td>\n<\/tr>\n<tr>\n<td>700 mm (1)<\/td>\n<\/tr>\n<tr>\n<td>6+2-pin pcie power cable<\/td>\n<\/tr>\n<tr>\n<td>650 mm (3)<\/td>\n<\/tr>\n<tr>\n<td>16-pin (12+4) 12v-2&#215;6 pcie power cable<\/td>\n<\/tr>\n<tr>\n<td>650 mm (1) (600w)<\/td>\n<\/tr>\n<tr>\n<td>Sata cables<\/td>\n<\/tr>\n<tr>\n<td>500 + 100 mm (8)<\/td>\n<\/tr>\n<tr>\n<td>Peripherals cable<\/td>\n<\/tr>\n<tr>\n<td>500 + 100 mm (3)<\/td>\n<\/tr>\n<tr>\n<td>Ac input rating<\/td>\n<\/tr>\n<tr>\n<td>100 \u0096 240 vac<\/td>\n<\/tr>\n<tr>\n<td>10 \u0096 5 a, 50 \u0096 60 hz<\/td>\n<\/tr>\n<tr>\n<td>200 \u0096 240 vac (south korea)<\/td>\n<\/tr>\n<tr>\n<td>5 a, 50 \u0096 60 hz<\/td>\n<\/tr>\n<tr>\n<td>Dc output rating<\/td>\n<\/tr>\n<tr>\n<td>+3.3 v and +5 v<\/td>\n<\/tr>\n<tr>\n<td>20 a (120 w)<\/td>\n<\/tr>\n<tr>\n<td>+12 v<\/td>\n<\/tr>\n<tr>\n<td>70.8 a (850 w)<\/td>\n<\/tr>\n<tr>\n<td>5vsb<\/td>\n<\/tr>\n<tr>\n<td>3 a (15 w)<\/td>\n<\/tr>\n<tr>\n<td>Total<\/td>\n<\/tr>\n<tr>\n<td>850 w<\/td>\n<\/tr>\n<tr>\n<td>Energy efficiency<\/td>\n<\/tr>\n<tr>\n<td>80 plus rating<\/td>\n<\/tr>\n<tr>\n<td>Gold<\/td>\n<\/tr>\n<tr>\n<td>10% load<\/td>\n<\/tr>\n<tr>\n<td>87% @ 115 v<\/td>\n<\/tr>\n<tr>\n<td>20% load<\/td>\n<\/tr>\n<tr>\n<td>91.58% @ 115 v<\/td>\n<\/tr>\n<tr>\n<td>50% load<\/td>\n<\/tr>\n<tr>\n<td>92.1% @ 115 v<\/td>\n<\/tr>\n<tr>\n<td>100% load<\/td>\n<\/tr>\n<tr>\n<td>89.33% @ 115 v<\/td>\n<\/tr>\n<tr>\n<td>Fan specs<\/td>\n<\/tr>\n<tr>\n<td>Size<\/td>\n<\/tr>\n<tr>\n<td>135 mm<\/td>\n<\/tr>\n<tr>\n<td>Type<\/td>\n<\/tr>\n<tr>\n<td>Pwm<\/td>\n<\/tr>\n<tr>\n<td>Speed<\/td>\n<\/tr>\n<tr>\n<td>2,300 \u00b1 10% rpm<\/td>\n<\/tr>\n<tr>\n<td>Airflow<\/td>\n<\/tr>\n<tr>\n<td>103.36 cfm<\/td>\n<\/tr>\n<tr>\n<td>Noise level<\/td>\n<\/tr>\n<tr>\n<td>40.5 dba<\/td>\n<\/tr>\n<tr>\n<td>Bearing<\/td>\n<\/tr>\n<tr>\n<td>Fluid dynamic bearing<\/td>\n<\/tr>\n<tr>\n<td>Operation<\/td>\n<\/tr>\n<tr>\n<td>Mtbf<\/td>\n<\/tr>\n<tr>\n<td>100,000 hours<\/td>\n<\/tr>\n<tr>\n<td>Temperature<\/td>\n<\/tr>\n<tr>\n<td>0 \u0096 50\u00b0c (continuous full load)<\/td>\n<\/tr>\n<tr>\n<td>Electrical features<\/td>\n<\/tr>\n<tr>\n<td>Product info<\/td>\n<\/tr>\n<tr>\n<td>Warranty<\/td>\n<\/tr>\n<tr>\n<td>7 years<\/td>\n<\/tr>\n<tr>\n<td>Compliance standard<\/td>\n<\/tr>\n<tr>\n<td>Atx12v v3.1 \/ eps12v v2.92<\/td>\n<\/tr>\n<tr>\n<td>Regulation  and  certification<\/td>\n<\/tr>\n<tr>\n<td>Ce, ukca, fcc, ic, bsmi, cb (iec 62368-1 ed. 3), rcm, kc<\/td>\n<\/tr>\n<\/table>\n","protected":false},"excerpt":{"rendered":"<p>La nzxt gold core es una fuente de alimentaci\u00f3n atx 3.1 totalmente modular con eficiencia 80 plus gold y cybenetics platinum, clasificaci\u00f3n de ruido a+\/a++ y un conector pcie 5.1 de 12 v-2&#215;6. Dise\u00f1ada para gpu modernas, ofrece una alimentaci\u00f3n limpia y silenciosa con una gesti\u00f3n de cables sencilla para pc de alto rendimiento.<\/p>\n","protected":false},"featured_media":0,"comment_status":"open","ping_status":"open","template":"","meta":[],"product_cat":[1508,1672],"product_tag":[1851],"acf":[],"yoast_head":"<!-- This site is optimized with the Yoast SEO plugin v21.7 - https:\/\/yoast.com\/wordpress\/plugins\/seo\/ -->\n<title>[ Nzxt ] &#129351; Pa-8g3bb-us,810074849111 Fuente De Poder C850 Gold Core 80plus Fully Modular Atx 3.1 Power Supply Us Power Cord<\/title>\n<meta name=\"description\" content=\"Compra Pa-8g3bb-us,810074849111 Fuente De Poder C850 Gold Core 80plus Fully Modular Atx 3.1 Power Supply Us Power Cord + Env\u00edo a domicilio + Pago seguro + Garant\u00eda\" \/>\n<meta name=\"robots\" content=\"index, follow, max-snippet:-1, max-image-preview:large, max-video-preview:-1\" \/>\n<link rel=\"canonical\" href=\"https:\/\/compuviper.mx\/tienda\/producto\/nzxt-pa-8g3bb-us810074849111-fuente-de-poder-c850-gold-core-80plus-fully-modular-atx-3-1-power-supply-us-power-cord\/\" \/>\n<meta property=\"og:locale\" content=\"es_MX\" \/>\n<meta property=\"og:type\" content=\"article\" \/>\n<meta property=\"og:title\" content=\"[ Nzxt ] &#129351; Pa-8g3bb-us,810074849111 Fuente De Poder C850 Gold Core 80plus Fully Modular Atx 3.1 Power Supply Us Power Cord\" \/>\n<meta property=\"og:description\" content=\"Compra Pa-8g3bb-us,810074849111 Fuente De Poder C850 Gold Core 80plus Fully Modular Atx 3.1 Power Supply Us Power Cord + Env\u00edo a domicilio + Pago seguro + Garant\u00eda\" \/>\n<meta property=\"og:url\" content=\"https:\/\/compuviper.mx\/tienda\/producto\/nzxt-pa-8g3bb-us810074849111-fuente-de-poder-c850-gold-core-80plus-fully-modular-atx-3-1-power-supply-us-power-cord\/\" \/>\n<meta property=\"og:site_name\" content=\"Compuviper\" \/>\n<meta property=\"article:publisher\" content=\"https:\/\/www.facebook.com\/compuviper\" \/>\n<meta name=\"twitter:card\" content=\"summary_large_image\" \/>\n<meta name=\"twitter:label1\" content=\"Precio\" \/>\n\t<meta name=\"twitter:data1\" content=\"&#36;1,740 con IVA\" \/>\n\t<meta name=\"twitter:label2\" content=\"Availability\" \/>\n\t<meta name=\"twitter:data2\" content=\"In stock\" \/>\n<script type=\"application\/ld+json\" class=\"yoast-schema-graph\">{\"@context\":\"https:\/\/schema.org\",\"@graph\":[{\"@type\":\"WebPage\",\"@id\":\"https:\/\/compuviper.mx\/tienda\/producto\/nzxt-pa-8g3bb-us810074849111-fuente-de-poder-c850-gold-core-80plus-fully-modular-atx-3-1-power-supply-us-power-cord\/\",\"url\":\"https:\/\/compuviper.mx\/tienda\/producto\/nzxt-pa-8g3bb-us810074849111-fuente-de-poder-c850-gold-core-80plus-fully-modular-atx-3-1-power-supply-us-power-cord\/\",\"name\":\"[ Nzxt ] &#129351; Pa-8g3bb-us,810074849111 Fuente De Poder C850 Gold Core 80plus Fully Modular Atx 3.1 Power Supply Us Power Cord\",\"isPartOf\":{\"@id\":\"https:\/\/compuviper.mx\/tienda\/#website\"},\"datePublished\":\"2026-04-07T06:07:43+00:00\",\"dateModified\":\"2026-04-07T06:07:43+00:00\",\"description\":\"Compra Pa-8g3bb-us,810074849111 Fuente De Poder C850 Gold Core 80plus Fully Modular Atx 3.1 Power Supply Us Power Cord + Env\u00edo a domicilio + Pago seguro + Garant\u00eda\",\"breadcrumb\":{\"@id\":\"https:\/\/compuviper.mx\/tienda\/producto\/nzxt-pa-8g3bb-us810074849111-fuente-de-poder-c850-gold-core-80plus-fully-modular-atx-3-1-power-supply-us-power-cord\/#breadcrumb\"},\"inLanguage\":\"es-MX\",\"potentialAction\":[{\"@type\":\"ReadAction\",\"target\":[\"https:\/\/compuviper.mx\/tienda\/producto\/nzxt-pa-8g3bb-us810074849111-fuente-de-poder-c850-gold-core-80plus-fully-modular-atx-3-1-power-supply-us-power-cord\/\"]}]},{\"@type\":\"BreadcrumbList\",\"@id\":\"https:\/\/compuviper.mx\/tienda\/producto\/nzxt-pa-8g3bb-us810074849111-fuente-de-poder-c850-gold-core-80plus-fully-modular-atx-3-1-power-supply-us-power-cord\/#breadcrumb\",\"itemListElement\":[{\"@type\":\"ListItem\",\"position\":1,\"name\":\"Inicio\",\"item\":\"https:\/\/compuviper.mx\/tienda\/\"},{\"@type\":\"ListItem\",\"position\":2,\"name\":\"Productos\",\"item\":\"https:\/\/compuviper.mx\/tienda\/productos\/\"},{\"@type\":\"ListItem\",\"position\":3,\"name\":\"Energia\",\"item\":\"https:\/\/compuviper.mx\/tienda\/categoria-producto\/energia\/\"},{\"@type\":\"ListItem\",\"position\":4,\"name\":\"Fuentes De Poder\",\"item\":\"https:\/\/compuviper.mx\/tienda\/categoria-producto\/energia\/fuentes-de-poder\/\"},{\"@type\":\"ListItem\",\"position\":5,\"name\":\"Nzxt Pa-8g3bb-us,810074849111 Fuente De Poder C850 Gold Core 80plus Fully Modular Atx 3.1 Power Supply Us Power Cord\"}]},{\"@type\":\"WebSite\",\"@id\":\"https:\/\/compuviper.mx\/tienda\/#website\",\"url\":\"https:\/\/compuviper.mx\/tienda\/\",\"name\":\"Compuviper\",\"description\":\"Proveedor de Computadoras, Laptops, Servidores, Monitores, Puntos de Venta, Teclados,   Impresoras, T\u00f3ner, C\u00e1maras de Seguridad y m\u00e1s en tu tienda en l\u00ednea\",\"publisher\":{\"@id\":\"https:\/\/compuviper.mx\/tienda\/#organization\"},\"potentialAction\":[{\"@type\":\"SearchAction\",\"target\":{\"@type\":\"EntryPoint\",\"urlTemplate\":\"https:\/\/compuviper.mx\/tienda\/?s={search_term_string}\"},\"query-input\":\"required name=search_term_string\"}],\"inLanguage\":\"es-MX\"},{\"@type\":\"Organization\",\"@id\":\"https:\/\/compuviper.mx\/tienda\/#organization\",\"name\":\"Compuviper\",\"url\":\"https:\/\/compuviper.mx\/tienda\/\",\"logo\":{\"@type\":\"ImageObject\",\"inLanguage\":\"es-MX\",\"@id\":\"https:\/\/compuviper.mx\/tienda\/#\/schema\/logo\/image\/\",\"url\":\"https:\/\/compuviper.mx\/tienda\/wp-content\/uploads\/2021\/08\/Logo-Compuviper-10.png\",\"contentUrl\":\"https:\/\/compuviper.mx\/tienda\/wp-content\/uploads\/2021\/08\/Logo-Compuviper-10.png\",\"width\":1000,\"height\":500,\"caption\":\"Compuviper\"},\"image\":{\"@id\":\"https:\/\/compuviper.mx\/tienda\/#\/schema\/logo\/image\/\"},\"sameAs\":[\"https:\/\/www.facebook.com\/compuviper\",\"https:\/\/www.youtube.com\/channel\/UCf73dERp9Y3cfOq7q8BhLjA?view_as=subscriber\"]}]}<\/script>\n<meta property=\"product:brand\" content=\"NZXT\" \/>\n<meta property=\"product:price:amount\" content=\"1740\" \/>\n<meta property=\"product:price:currency\" content=\"MXN\" \/>\n<meta property=\"og:availability\" content=\"instock\" \/>\n<meta property=\"product:availability\" content=\"instock\" \/>\n<meta property=\"product:retailer_item_id\" content=\"PA-8G3BB-US,810074849111\" \/>\n<meta property=\"product:condition\" content=\"new\" \/>\n<!-- \/ Yoast SEO plugin. -->","yoast_head_json":{"title":"[ Nzxt ] &#129351; Pa-8g3bb-us,810074849111 Fuente De Poder C850 Gold Core 80plus Fully Modular Atx 3.1 Power Supply Us Power Cord","description":"Compra Pa-8g3bb-us,810074849111 Fuente De Poder C850 Gold Core 80plus Fully Modular Atx 3.1 Power Supply Us Power Cord + Env\u00edo a domicilio + Pago seguro + Garant\u00eda","robots":{"index":"index","follow":"follow","max-snippet":"max-snippet:-1","max-image-preview":"max-image-preview:large","max-video-preview":"max-video-preview:-1"},"canonical":"https:\/\/compuviper.mx\/tienda\/producto\/nzxt-pa-8g3bb-us810074849111-fuente-de-poder-c850-gold-core-80plus-fully-modular-atx-3-1-power-supply-us-power-cord\/","og_locale":"es_MX","og_type":"article","og_title":"[ Nzxt ] &#129351; Pa-8g3bb-us,810074849111 Fuente De Poder C850 Gold Core 80plus Fully Modular Atx 3.1 Power Supply Us Power Cord","og_description":"Compra Pa-8g3bb-us,810074849111 Fuente De Poder C850 Gold Core 80plus Fully Modular Atx 3.1 Power Supply Us Power Cord + Env\u00edo a domicilio + Pago seguro + Garant\u00eda","og_url":"https:\/\/compuviper.mx\/tienda\/producto\/nzxt-pa-8g3bb-us810074849111-fuente-de-poder-c850-gold-core-80plus-fully-modular-atx-3-1-power-supply-us-power-cord\/","og_site_name":"Compuviper","article_publisher":"https:\/\/www.facebook.com\/compuviper","twitter_card":"summary_large_image","twitter_misc":{"Precio":"&#36;1,740 con IVA","Availability":"In stock"},"schema":{"@context":"https:\/\/schema.org","@graph":[{"@type":"WebPage","@id":"https:\/\/compuviper.mx\/tienda\/producto\/nzxt-pa-8g3bb-us810074849111-fuente-de-poder-c850-gold-core-80plus-fully-modular-atx-3-1-power-supply-us-power-cord\/","url":"https:\/\/compuviper.mx\/tienda\/producto\/nzxt-pa-8g3bb-us810074849111-fuente-de-poder-c850-gold-core-80plus-fully-modular-atx-3-1-power-supply-us-power-cord\/","name":"[ Nzxt ] &#129351; Pa-8g3bb-us,810074849111 Fuente De Poder C850 Gold Core 80plus Fully Modular Atx 3.1 Power Supply Us Power Cord","isPartOf":{"@id":"https:\/\/compuviper.mx\/tienda\/#website"},"datePublished":"2026-04-07T06:07:43+00:00","dateModified":"2026-04-07T06:07:43+00:00","description":"Compra Pa-8g3bb-us,810074849111 Fuente De Poder C850 Gold Core 80plus Fully Modular Atx 3.1 Power Supply Us Power Cord + Env\u00edo a domicilio + Pago seguro + Garant\u00eda","breadcrumb":{"@id":"https:\/\/compuviper.mx\/tienda\/producto\/nzxt-pa-8g3bb-us810074849111-fuente-de-poder-c850-gold-core-80plus-fully-modular-atx-3-1-power-supply-us-power-cord\/#breadcrumb"},"inLanguage":"es-MX","potentialAction":[{"@type":"ReadAction","target":["https:\/\/compuviper.mx\/tienda\/producto\/nzxt-pa-8g3bb-us810074849111-fuente-de-poder-c850-gold-core-80plus-fully-modular-atx-3-1-power-supply-us-power-cord\/"]}]},{"@type":"BreadcrumbList","@id":"https:\/\/compuviper.mx\/tienda\/producto\/nzxt-pa-8g3bb-us810074849111-fuente-de-poder-c850-gold-core-80plus-fully-modular-atx-3-1-power-supply-us-power-cord\/#breadcrumb","itemListElement":[{"@type":"ListItem","position":1,"name":"Inicio","item":"https:\/\/compuviper.mx\/tienda\/"},{"@type":"ListItem","position":2,"name":"Productos","item":"https:\/\/compuviper.mx\/tienda\/productos\/"},{"@type":"ListItem","position":3,"name":"Energia","item":"https:\/\/compuviper.mx\/tienda\/categoria-producto\/energia\/"},{"@type":"ListItem","position":4,"name":"Fuentes De Poder","item":"https:\/\/compuviper.mx\/tienda\/categoria-producto\/energia\/fuentes-de-poder\/"},{"@type":"ListItem","position":5,"name":"Nzxt Pa-8g3bb-us,810074849111 Fuente De Poder C850 Gold Core 80plus Fully Modular Atx 3.1 Power Supply Us Power Cord"}]},{"@type":"WebSite","@id":"https:\/\/compuviper.mx\/tienda\/#website","url":"https:\/\/compuviper.mx\/tienda\/","name":"Compuviper","description":"Proveedor de Computadoras, Laptops, Servidores, Monitores, Puntos de Venta, Teclados,   Impresoras, T\u00f3ner, C\u00e1maras de Seguridad y m\u00e1s en tu tienda en l\u00ednea","publisher":{"@id":"https:\/\/compuviper.mx\/tienda\/#organization"},"potentialAction":[{"@type":"SearchAction","target":{"@type":"EntryPoint","urlTemplate":"https:\/\/compuviper.mx\/tienda\/?s={search_term_string}"},"query-input":"required name=search_term_string"}],"inLanguage":"es-MX"},{"@type":"Organization","@id":"https:\/\/compuviper.mx\/tienda\/#organization","name":"Compuviper","url":"https:\/\/compuviper.mx\/tienda\/","logo":{"@type":"ImageObject","inLanguage":"es-MX","@id":"https:\/\/compuviper.mx\/tienda\/#\/schema\/logo\/image\/","url":"https:\/\/compuviper.mx\/tienda\/wp-content\/uploads\/2021\/08\/Logo-Compuviper-10.png","contentUrl":"https:\/\/compuviper.mx\/tienda\/wp-content\/uploads\/2021\/08\/Logo-Compuviper-10.png","width":1000,"height":500,"caption":"Compuviper"},"image":{"@id":"https:\/\/compuviper.mx\/tienda\/#\/schema\/logo\/image\/"},"sameAs":["https:\/\/www.facebook.com\/compuviper","https:\/\/www.youtube.com\/channel\/UCf73dERp9Y3cfOq7q8BhLjA?view_as=subscriber"]}]},"product_brand":"NZXT","product_price_amount":"1740","product_price_currency":"MXN","og_availability":"instock","product_availability":"instock","product_retailer_item_id":"PA-8G3BB-US,810074849111","product_condition":"new"},"_links":{"self":[{"href":"https:\/\/compuviper.mx\/tienda\/wp-json\/wp\/v2\/product\/267053"}],"collection":[{"href":"https:\/\/compuviper.mx\/tienda\/wp-json\/wp\/v2\/product"}],"about":[{"href":"https:\/\/compuviper.mx\/tienda\/wp-json\/wp\/v2\/types\/product"}],"replies":[{"embeddable":true,"href":"https:\/\/compuviper.mx\/tienda\/wp-json\/wp\/v2\/comments?post=267053"}],"wp:attachment":[{"href":"https:\/\/compuviper.mx\/tienda\/wp-json\/wp\/v2\/media?parent=267053"}],"wp:term":[{"taxonomy":"product_cat","embeddable":true,"href":"https:\/\/compuviper.mx\/tienda\/wp-json\/wp\/v2\/product_cat?post=267053"},{"taxonomy":"product_tag","embeddable":true,"href":"https:\/\/compuviper.mx\/tienda\/wp-json\/wp\/v2\/product_tag?post=267053"}],"curies":[{"name":"wp","href":"https:\/\/api.w.org\/{rel}","templated":true}]}}