{"id":266996,"date":"2026-04-02T01:50:40","date_gmt":"2026-04-02T07:50:40","guid":{"rendered":"https:\/\/compuviper.mx\/tienda\/producto\/adata-uc310-128g-rbk-memoria-128gb-usb-3-2-uc310-negro\/"},"modified":"2026-04-03T00:00:27","modified_gmt":"2026-04-03T06:00:27","slug":"adata-uc310-128g-rbk-memoria-128gb-usb-3-2-uc310-negro","status":"publish","type":"product","link":"https:\/\/compuviper.mx\/tienda\/producto\/adata-uc310-128g-rbk-memoria-128gb-usb-3-2-uc310-negro\/","title":{"rendered":"Adata Uc310-128g-rbk Memoria  128gb Usb 3.2 Uc310 Negro ()"},"content":{"rendered":"<table class=\"descripcion\">\n<tr>\n<td>And #9679; capacidad: 128 gb<\/td>\n<\/tr>\n<tr>\n<td> and #9679; color: negro<\/td>\n<\/tr>\n<tr>\n<td> and #9679; textura: pl\u00e1stico<\/td>\n<\/tr>\n<tr>\n<td> and #9679; dimensiones (l x an x al):<\/td>\n<\/tr>\n<tr>\n<td>58 x 20 x 13 mm \/ 2,28 x 0,79 x 0,51 pulgadas<\/td>\n<\/tr>\n<tr>\n<td> and #9679; peso: 9 g\/0,32 oz<\/td>\n<\/tr>\n<tr>\n<td> and #9679; interfaz: usb 3.2 gen1 (usb 5gbps)<\/td>\n<\/tr>\n<tr>\n<td>(compatible con versiones anteriores de usb 2.0)<\/td>\n<\/tr>\n<tr>\n<td> and #9679; requisitos del sistema:<\/td>\n<\/tr>\n<tr>\n<td>Windows vista, 7, 8, 8.1, 10, 11<\/td>\n<\/tr>\n<tr>\n<td>Mac os x 10.6 o posterior, linux kernel 2.6 o posterior, con<\/td>\n<\/tr>\n<tr>\n<td>No se necesita controlador de dispositivo<\/td>\n<\/tr>\n<tr>\n<td> and #9679; garantia: 5 a\u00f1os limitada<\/td>\n<\/tr>\n<\/table>\n","protected":false},"excerpt":{"rendered":"<p>Con el dise\u00f1o giratorio sin tapa del uc310 portatil, nunca tendra que preocuparse por perder una tapa. Su forma sencilla y los versatiles colores blanco y negro se adaptan a una variedad de estilos. Equipado con una interfaz de transmision usb 3.2 gen 1, admite una variedad de dispositivos, es facil de usar y le permite transferir archivos con tranquilidad<\/p>\n","protected":false},"featured_media":266997,"comment_status":"open","ping_status":"open","template":"","meta":[],"product_cat":[1796,1793],"product_tag":[1539],"acf":[],"yoast_head":"<!-- This site is optimized with the Yoast SEO plugin v21.7 - https:\/\/yoast.com\/wordpress\/plugins\/seo\/ -->\n<title>[ Adata ] &#129351; Uc310-128g-rbk Memoria 128gb Usb 3.2 Uc310 Negro ()<\/title>\n<meta name=\"description\" content=\"Compra Uc310-128g-rbk Memoria 128gb Usb 3.2 Uc310 Negro () + Env\u00edo a domicilio + Pago seguro + Garant\u00eda\" \/>\n<meta name=\"robots\" content=\"index, follow, max-snippet:-1, max-image-preview:large, max-video-preview:-1\" \/>\n<link rel=\"canonical\" href=\"https:\/\/compuviper.mx\/tienda\/producto\/adata-uc310-128g-rbk-memoria-128gb-usb-3-2-uc310-negro\/\" \/>\n<meta property=\"og:locale\" content=\"es_MX\" \/>\n<meta property=\"og:type\" content=\"article\" \/>\n<meta property=\"og:title\" content=\"[ Adata ] &#129351; Uc310-128g-rbk Memoria 128gb Usb 3.2 Uc310 Negro ()\" \/>\n<meta property=\"og:description\" content=\"Compra Uc310-128g-rbk Memoria 128gb Usb 3.2 Uc310 Negro () + Env\u00edo a domicilio + Pago seguro + Garant\u00eda\" \/>\n<meta property=\"og:url\" content=\"https:\/\/compuviper.mx\/tienda\/producto\/adata-uc310-128g-rbk-memoria-128gb-usb-3-2-uc310-negro\/\" \/>\n<meta property=\"og:site_name\" content=\"Compuviper\" \/>\n<meta property=\"article:publisher\" content=\"https:\/\/www.facebook.com\/compuviper\" \/>\n<meta property=\"article:modified_time\" content=\"2026-04-03T06:00:27+00:00\" \/>\n<meta property=\"og:image\" content=\"https:\/\/compuviper.mx\/tienda\/wp-content\/uploads\/2026\/02\/Memoria-adata-128gb-usb-3.2-uc310-negro-uc310-128g-rbk.jpg\" \/>\n\t<meta property=\"og:image:width\" content=\"200\" \/>\n\t<meta property=\"og:image:height\" content=\"200\" \/>\n\t<meta property=\"og:image:type\" content=\"image\/jpeg\" \/>\n<meta name=\"twitter:card\" content=\"summary_large_image\" \/>\n<meta name=\"twitter:label1\" content=\"Precio\" \/>\n\t<meta name=\"twitter:data1\" content=\"&#36;184 con IVA\" \/>\n\t<meta name=\"twitter:label2\" content=\"Availability\" \/>\n\t<meta name=\"twitter:data2\" content=\"In stock\" \/>\n<script type=\"application\/ld+json\" class=\"yoast-schema-graph\">{\"@context\":\"https:\/\/schema.org\",\"@graph\":[{\"@type\":\"WebPage\",\"@id\":\"https:\/\/compuviper.mx\/tienda\/producto\/adata-uc310-128g-rbk-memoria-128gb-usb-3-2-uc310-negro\/\",\"url\":\"https:\/\/compuviper.mx\/tienda\/producto\/adata-uc310-128g-rbk-memoria-128gb-usb-3-2-uc310-negro\/\",\"name\":\"[ Adata ] &#129351; Uc310-128g-rbk Memoria 128gb Usb 3.2 Uc310 Negro ()\",\"isPartOf\":{\"@id\":\"https:\/\/compuviper.mx\/tienda\/#website\"},\"datePublished\":\"2026-04-02T07:50:40+00:00\",\"dateModified\":\"2026-04-03T06:00:27+00:00\",\"description\":\"Compra Uc310-128g-rbk Memoria 128gb Usb 3.2 Uc310 Negro () + Env\u00edo a domicilio + Pago seguro + Garant\u00eda\",\"breadcrumb\":{\"@id\":\"https:\/\/compuviper.mx\/tienda\/producto\/adata-uc310-128g-rbk-memoria-128gb-usb-3-2-uc310-negro\/#breadcrumb\"},\"inLanguage\":\"es-MX\",\"potentialAction\":[{\"@type\":\"ReadAction\",\"target\":[\"https:\/\/compuviper.mx\/tienda\/producto\/adata-uc310-128g-rbk-memoria-128gb-usb-3-2-uc310-negro\/\"]}]},{\"@type\":\"BreadcrumbList\",\"@id\":\"https:\/\/compuviper.mx\/tienda\/producto\/adata-uc310-128g-rbk-memoria-128gb-usb-3-2-uc310-negro\/#breadcrumb\",\"itemListElement\":[{\"@type\":\"ListItem\",\"position\":1,\"name\":\"Inicio\",\"item\":\"https:\/\/compuviper.mx\/tienda\/\"},{\"@type\":\"ListItem\",\"position\":2,\"name\":\"Productos\",\"item\":\"https:\/\/compuviper.mx\/tienda\/productos\/\"},{\"@type\":\"ListItem\",\"position\":3,\"name\":\"Memorias\",\"item\":\"https:\/\/compuviper.mx\/tienda\/categoria-producto\/memorias\/\"},{\"@type\":\"ListItem\",\"position\":4,\"name\":\"Memoria Flash Usb\",\"item\":\"https:\/\/compuviper.mx\/tienda\/categoria-producto\/memorias\/memoria-flash-usb\/\"},{\"@type\":\"ListItem\",\"position\":5,\"name\":\"Adata Uc310-128g-rbk Memoria 128gb Usb 3.2 Uc310 Negro ()\"}]},{\"@type\":\"WebSite\",\"@id\":\"https:\/\/compuviper.mx\/tienda\/#website\",\"url\":\"https:\/\/compuviper.mx\/tienda\/\",\"name\":\"Compuviper\",\"description\":\"Proveedor de Computadoras, Laptops, Servidores, Monitores, Puntos de Venta, Teclados,   Impresoras, T\u00f3ner, C\u00e1maras de Seguridad y m\u00e1s en tu tienda en l\u00ednea\",\"publisher\":{\"@id\":\"https:\/\/compuviper.mx\/tienda\/#organization\"},\"potentialAction\":[{\"@type\":\"SearchAction\",\"target\":{\"@type\":\"EntryPoint\",\"urlTemplate\":\"https:\/\/compuviper.mx\/tienda\/?s={search_term_string}\"},\"query-input\":\"required name=search_term_string\"}],\"inLanguage\":\"es-MX\"},{\"@type\":\"Organization\",\"@id\":\"https:\/\/compuviper.mx\/tienda\/#organization\",\"name\":\"Compuviper\",\"url\":\"https:\/\/compuviper.mx\/tienda\/\",\"logo\":{\"@type\":\"ImageObject\",\"inLanguage\":\"es-MX\",\"@id\":\"https:\/\/compuviper.mx\/tienda\/#\/schema\/logo\/image\/\",\"url\":\"https:\/\/compuviper.mx\/tienda\/wp-content\/uploads\/2021\/08\/Logo-Compuviper-10.png\",\"contentUrl\":\"https:\/\/compuviper.mx\/tienda\/wp-content\/uploads\/2021\/08\/Logo-Compuviper-10.png\",\"width\":1000,\"height\":500,\"caption\":\"Compuviper\"},\"image\":{\"@id\":\"https:\/\/compuviper.mx\/tienda\/#\/schema\/logo\/image\/\"},\"sameAs\":[\"https:\/\/www.facebook.com\/compuviper\",\"https:\/\/www.youtube.com\/channel\/UCf73dERp9Y3cfOq7q8BhLjA?view_as=subscriber\"]}]}<\/script>\n<meta property=\"product:brand\" content=\"ADATA\" \/>\n<meta property=\"product:price:amount\" content=\"184\" \/>\n<meta property=\"product:price:currency\" content=\"MXN\" \/>\n<meta property=\"og:availability\" content=\"instock\" \/>\n<meta property=\"product:availability\" content=\"instock\" \/>\n<meta property=\"product:retailer_item_id\" content=\"UC310-128G-RBK\" \/>\n<meta property=\"product:condition\" content=\"new\" \/>\n<!-- \/ Yoast SEO plugin. -->","yoast_head_json":{"title":"[ Adata ] &#129351; Uc310-128g-rbk Memoria 128gb Usb 3.2 Uc310 Negro ()","description":"Compra Uc310-128g-rbk Memoria 128gb Usb 3.2 Uc310 Negro () + Env\u00edo a domicilio + Pago seguro + Garant\u00eda","robots":{"index":"index","follow":"follow","max-snippet":"max-snippet:-1","max-image-preview":"max-image-preview:large","max-video-preview":"max-video-preview:-1"},"canonical":"https:\/\/compuviper.mx\/tienda\/producto\/adata-uc310-128g-rbk-memoria-128gb-usb-3-2-uc310-negro\/","og_locale":"es_MX","og_type":"article","og_title":"[ Adata ] &#129351; Uc310-128g-rbk Memoria 128gb Usb 3.2 Uc310 Negro ()","og_description":"Compra Uc310-128g-rbk Memoria 128gb Usb 3.2 Uc310 Negro () + Env\u00edo a domicilio + Pago seguro + Garant\u00eda","og_url":"https:\/\/compuviper.mx\/tienda\/producto\/adata-uc310-128g-rbk-memoria-128gb-usb-3-2-uc310-negro\/","og_site_name":"Compuviper","article_publisher":"https:\/\/www.facebook.com\/compuviper","article_modified_time":"2026-04-03T06:00:27+00:00","og_image":[{"width":200,"height":200,"url":"https:\/\/compuviper.mx\/tienda\/wp-content\/uploads\/2026\/02\/Memoria-adata-128gb-usb-3.2-uc310-negro-uc310-128g-rbk.jpg","type":"image\/jpeg"}],"twitter_card":"summary_large_image","twitter_misc":{"Precio":"&#36;184 con IVA","Availability":"In stock"},"schema":{"@context":"https:\/\/schema.org","@graph":[{"@type":"WebPage","@id":"https:\/\/compuviper.mx\/tienda\/producto\/adata-uc310-128g-rbk-memoria-128gb-usb-3-2-uc310-negro\/","url":"https:\/\/compuviper.mx\/tienda\/producto\/adata-uc310-128g-rbk-memoria-128gb-usb-3-2-uc310-negro\/","name":"[ Adata ] &#129351; Uc310-128g-rbk Memoria 128gb Usb 3.2 Uc310 Negro ()","isPartOf":{"@id":"https:\/\/compuviper.mx\/tienda\/#website"},"datePublished":"2026-04-02T07:50:40+00:00","dateModified":"2026-04-03T06:00:27+00:00","description":"Compra Uc310-128g-rbk Memoria 128gb Usb 3.2 Uc310 Negro () + Env\u00edo a domicilio + Pago seguro + Garant\u00eda","breadcrumb":{"@id":"https:\/\/compuviper.mx\/tienda\/producto\/adata-uc310-128g-rbk-memoria-128gb-usb-3-2-uc310-negro\/#breadcrumb"},"inLanguage":"es-MX","potentialAction":[{"@type":"ReadAction","target":["https:\/\/compuviper.mx\/tienda\/producto\/adata-uc310-128g-rbk-memoria-128gb-usb-3-2-uc310-negro\/"]}]},{"@type":"BreadcrumbList","@id":"https:\/\/compuviper.mx\/tienda\/producto\/adata-uc310-128g-rbk-memoria-128gb-usb-3-2-uc310-negro\/#breadcrumb","itemListElement":[{"@type":"ListItem","position":1,"name":"Inicio","item":"https:\/\/compuviper.mx\/tienda\/"},{"@type":"ListItem","position":2,"name":"Productos","item":"https:\/\/compuviper.mx\/tienda\/productos\/"},{"@type":"ListItem","position":3,"name":"Memorias","item":"https:\/\/compuviper.mx\/tienda\/categoria-producto\/memorias\/"},{"@type":"ListItem","position":4,"name":"Memoria Flash Usb","item":"https:\/\/compuviper.mx\/tienda\/categoria-producto\/memorias\/memoria-flash-usb\/"},{"@type":"ListItem","position":5,"name":"Adata Uc310-128g-rbk Memoria 128gb Usb 3.2 Uc310 Negro ()"}]},{"@type":"WebSite","@id":"https:\/\/compuviper.mx\/tienda\/#website","url":"https:\/\/compuviper.mx\/tienda\/","name":"Compuviper","description":"Proveedor de Computadoras, Laptops, Servidores, Monitores, Puntos de Venta, Teclados,   Impresoras, T\u00f3ner, C\u00e1maras de Seguridad y m\u00e1s en tu tienda en l\u00ednea","publisher":{"@id":"https:\/\/compuviper.mx\/tienda\/#organization"},"potentialAction":[{"@type":"SearchAction","target":{"@type":"EntryPoint","urlTemplate":"https:\/\/compuviper.mx\/tienda\/?s={search_term_string}"},"query-input":"required name=search_term_string"}],"inLanguage":"es-MX"},{"@type":"Organization","@id":"https:\/\/compuviper.mx\/tienda\/#organization","name":"Compuviper","url":"https:\/\/compuviper.mx\/tienda\/","logo":{"@type":"ImageObject","inLanguage":"es-MX","@id":"https:\/\/compuviper.mx\/tienda\/#\/schema\/logo\/image\/","url":"https:\/\/compuviper.mx\/tienda\/wp-content\/uploads\/2021\/08\/Logo-Compuviper-10.png","contentUrl":"https:\/\/compuviper.mx\/tienda\/wp-content\/uploads\/2021\/08\/Logo-Compuviper-10.png","width":1000,"height":500,"caption":"Compuviper"},"image":{"@id":"https:\/\/compuviper.mx\/tienda\/#\/schema\/logo\/image\/"},"sameAs":["https:\/\/www.facebook.com\/compuviper","https:\/\/www.youtube.com\/channel\/UCf73dERp9Y3cfOq7q8BhLjA?view_as=subscriber"]}]},"product_brand":"ADATA","product_price_amount":"184","product_price_currency":"MXN","og_availability":"instock","product_availability":"instock","product_retailer_item_id":"UC310-128G-RBK","product_condition":"new"},"_links":{"self":[{"href":"https:\/\/compuviper.mx\/tienda\/wp-json\/wp\/v2\/product\/266996"}],"collection":[{"href":"https:\/\/compuviper.mx\/tienda\/wp-json\/wp\/v2\/product"}],"about":[{"href":"https:\/\/compuviper.mx\/tienda\/wp-json\/wp\/v2\/types\/product"}],"replies":[{"embeddable":true,"href":"https:\/\/compuviper.mx\/tienda\/wp-json\/wp\/v2\/comments?post=266996"}],"wp:featuredmedia":[{"embeddable":true,"href":"https:\/\/compuviper.mx\/tienda\/wp-json\/wp\/v2\/media\/266997"}],"wp:attachment":[{"href":"https:\/\/compuviper.mx\/tienda\/wp-json\/wp\/v2\/media?parent=266996"}],"wp:term":[{"taxonomy":"product_cat","embeddable":true,"href":"https:\/\/compuviper.mx\/tienda\/wp-json\/wp\/v2\/product_cat?post=266996"},{"taxonomy":"product_tag","embeddable":true,"href":"https:\/\/compuviper.mx\/tienda\/wp-json\/wp\/v2\/product_tag?post=266996"}],"curies":[{"name":"wp","href":"https:\/\/api.w.org\/{rel}","templated":true}]}}