{"id":266992,"date":"2026-04-02T01:50:21","date_gmt":"2026-04-02T07:50:21","guid":{"rendered":"https:\/\/compuviper.mx\/tienda\/producto\/adata-aroy-ur340-128gbk-memoria-128gb-usb-3-2-ur340-negro\/"},"modified":"2026-04-03T00:00:25","modified_gmt":"2026-04-03T06:00:25","slug":"adata-aroy-ur340-128gbk-memoria-128gb-usb-3-2-ur340-negro","status":"publish","type":"product","link":"https:\/\/compuviper.mx\/tienda\/producto\/adata-aroy-ur340-128gbk-memoria-128gb-usb-3-2-ur340-negro\/","title":{"rendered":"Adata Aroy-ur340-128gbk Memoria  128gb Usb 3.2 Ur340 Negro ()"},"content":{"rendered":"<table class=\"descripcion\">\n<tr>\n<td>Capacidad:128 gb<\/td>\n<\/tr>\n<tr>\n<td>Dimensiones (lxanxal): 34,8 x 12,25 x 4,6 mm\/1,37 x 0,48 x 0,18<\/td>\n<\/tr>\n<tr>\n<td>Peso: 4 g\/ 0.14 oz<\/td>\n<\/tr>\n<tr>\n<td>Interfaz: usb 3.2<\/td>\n<\/tr>\n<tr>\n<td>(compatible con versiones anteriores de usb 2.0)<\/td>\n<\/tr>\n<tr>\n<td>Requisitos del sistema:<\/td>\n<\/tr>\n<tr>\n<td>Windows, vista, 7,8,8.1,10,11<\/td>\n<\/tr>\n<tr>\n<td>Mac os x 10.6 o posterior, linux kernel 2.6 o posterior, sin necesidad de controlador de dispositivo<\/td>\n<\/tr>\n<tr>\n<td>Caracter\u00edsticas: pesa solo 4g<\/td>\n<\/tr>\n<tr>\n<td>Carcasa resistente de aleaci\u00f3n de zinc que proporciona una construccion solida<\/td>\n<\/tr>\n<tr>\n<td>Resistente al agua y al polvo<\/td>\n<\/tr>\n<tr>\n<td>Orificio para llavero o correa<\/td>\n<\/tr>\n<tr>\n<td>Alta compatibilidad: pc, tabletas, televisores, sistemas para autom\u00f3viles, sistemas de entretenimiento en el hogar y mas<\/td>\n<\/tr>\n<tr>\n<td>Garantia: 5 a\u00f1os limitada<\/td>\n<\/tr>\n<\/table>\n","protected":false},"excerpt":{"rendered":"<p>El ur340 cuenta con un dise\u00f1o simple y elegante que es practico y fino. La construcci\u00f3n de niquel en una sola pieza proporciona un aspecto y sensaci\u00f3n de robustez, al mismo tiempo que la terminacion brillante emana un sentido pulido de elegancia<\/p>\n","protected":false},"featured_media":266993,"comment_status":"open","ping_status":"open","template":"","meta":[],"product_cat":[1796,1793],"product_tag":[1539],"acf":[],"yoast_head":"<!-- This site is optimized with the Yoast SEO plugin v21.7 - https:\/\/yoast.com\/wordpress\/plugins\/seo\/ -->\n<title>[ Adata ] &#129351; Aroy-ur340-128gbk Memoria 128gb Usb 3.2 Ur340 Negro ()<\/title>\n<meta name=\"description\" content=\"Compra Aroy-ur340-128gbk Memoria 128gb Usb 3.2 Ur340 Negro () + Env\u00edo a domicilio + Pago seguro + Garant\u00eda\" \/>\n<meta name=\"robots\" content=\"index, follow, max-snippet:-1, max-image-preview:large, max-video-preview:-1\" \/>\n<link rel=\"canonical\" href=\"https:\/\/compuviper.mx\/tienda\/producto\/adata-aroy-ur340-128gbk-memoria-128gb-usb-3-2-ur340-negro\/\" \/>\n<meta property=\"og:locale\" content=\"es_MX\" \/>\n<meta property=\"og:type\" content=\"article\" \/>\n<meta property=\"og:title\" content=\"[ Adata ] &#129351; Aroy-ur340-128gbk Memoria 128gb Usb 3.2 Ur340 Negro ()\" \/>\n<meta property=\"og:description\" content=\"Compra Aroy-ur340-128gbk Memoria 128gb Usb 3.2 Ur340 Negro () + Env\u00edo a domicilio + Pago seguro + Garant\u00eda\" \/>\n<meta property=\"og:url\" content=\"https:\/\/compuviper.mx\/tienda\/producto\/adata-aroy-ur340-128gbk-memoria-128gb-usb-3-2-ur340-negro\/\" \/>\n<meta property=\"og:site_name\" content=\"Compuviper\" \/>\n<meta property=\"article:publisher\" content=\"https:\/\/www.facebook.com\/compuviper\" \/>\n<meta property=\"article:modified_time\" content=\"2026-04-03T06:00:25+00:00\" \/>\n<meta property=\"og:image\" content=\"https:\/\/compuviper.mx\/tienda\/wp-content\/uploads\/2026\/02\/Memoria-adata-128gb-usb-3.2-ur340-negro-aroy-ur340-128gbk.jpg\" \/>\n\t<meta property=\"og:image:width\" content=\"200\" \/>\n\t<meta property=\"og:image:height\" content=\"200\" \/>\n\t<meta property=\"og:image:type\" content=\"image\/jpeg\" \/>\n<meta name=\"twitter:card\" content=\"summary_large_image\" \/>\n<meta name=\"twitter:label1\" content=\"Precio\" \/>\n\t<meta name=\"twitter:data1\" content=\"&#36;235 con IVA\" \/>\n\t<meta name=\"twitter:label2\" content=\"Availability\" \/>\n\t<meta name=\"twitter:data2\" content=\"Out of stock\" \/>\n<script type=\"application\/ld+json\" class=\"yoast-schema-graph\">{\"@context\":\"https:\/\/schema.org\",\"@graph\":[{\"@type\":\"WebPage\",\"@id\":\"https:\/\/compuviper.mx\/tienda\/producto\/adata-aroy-ur340-128gbk-memoria-128gb-usb-3-2-ur340-negro\/\",\"url\":\"https:\/\/compuviper.mx\/tienda\/producto\/adata-aroy-ur340-128gbk-memoria-128gb-usb-3-2-ur340-negro\/\",\"name\":\"[ Adata ] &#129351; Aroy-ur340-128gbk Memoria 128gb Usb 3.2 Ur340 Negro ()\",\"isPartOf\":{\"@id\":\"https:\/\/compuviper.mx\/tienda\/#website\"},\"datePublished\":\"2026-04-02T07:50:21+00:00\",\"dateModified\":\"2026-04-03T06:00:25+00:00\",\"description\":\"Compra Aroy-ur340-128gbk Memoria 128gb Usb 3.2 Ur340 Negro () + Env\u00edo a domicilio + Pago seguro + Garant\u00eda\",\"breadcrumb\":{\"@id\":\"https:\/\/compuviper.mx\/tienda\/producto\/adata-aroy-ur340-128gbk-memoria-128gb-usb-3-2-ur340-negro\/#breadcrumb\"},\"inLanguage\":\"es-MX\",\"potentialAction\":[{\"@type\":\"ReadAction\",\"target\":[\"https:\/\/compuviper.mx\/tienda\/producto\/adata-aroy-ur340-128gbk-memoria-128gb-usb-3-2-ur340-negro\/\"]}]},{\"@type\":\"BreadcrumbList\",\"@id\":\"https:\/\/compuviper.mx\/tienda\/producto\/adata-aroy-ur340-128gbk-memoria-128gb-usb-3-2-ur340-negro\/#breadcrumb\",\"itemListElement\":[{\"@type\":\"ListItem\",\"position\":1,\"name\":\"Inicio\",\"item\":\"https:\/\/compuviper.mx\/tienda\/\"},{\"@type\":\"ListItem\",\"position\":2,\"name\":\"Productos\",\"item\":\"https:\/\/compuviper.mx\/tienda\/productos\/\"},{\"@type\":\"ListItem\",\"position\":3,\"name\":\"Memorias\",\"item\":\"https:\/\/compuviper.mx\/tienda\/categoria-producto\/memorias\/\"},{\"@type\":\"ListItem\",\"position\":4,\"name\":\"Memoria Flash Usb\",\"item\":\"https:\/\/compuviper.mx\/tienda\/categoria-producto\/memorias\/memoria-flash-usb\/\"},{\"@type\":\"ListItem\",\"position\":5,\"name\":\"Adata Aroy-ur340-128gbk Memoria 128gb Usb 3.2 Ur340 Negro ()\"}]},{\"@type\":\"WebSite\",\"@id\":\"https:\/\/compuviper.mx\/tienda\/#website\",\"url\":\"https:\/\/compuviper.mx\/tienda\/\",\"name\":\"Compuviper\",\"description\":\"Proveedor de Computadoras, Laptops, Servidores, Monitores, Puntos de Venta, Teclados,   Impresoras, T\u00f3ner, C\u00e1maras de Seguridad y m\u00e1s en tu tienda en l\u00ednea\",\"publisher\":{\"@id\":\"https:\/\/compuviper.mx\/tienda\/#organization\"},\"potentialAction\":[{\"@type\":\"SearchAction\",\"target\":{\"@type\":\"EntryPoint\",\"urlTemplate\":\"https:\/\/compuviper.mx\/tienda\/?s={search_term_string}\"},\"query-input\":\"required name=search_term_string\"}],\"inLanguage\":\"es-MX\"},{\"@type\":\"Organization\",\"@id\":\"https:\/\/compuviper.mx\/tienda\/#organization\",\"name\":\"Compuviper\",\"url\":\"https:\/\/compuviper.mx\/tienda\/\",\"logo\":{\"@type\":\"ImageObject\",\"inLanguage\":\"es-MX\",\"@id\":\"https:\/\/compuviper.mx\/tienda\/#\/schema\/logo\/image\/\",\"url\":\"https:\/\/compuviper.mx\/tienda\/wp-content\/uploads\/2021\/08\/Logo-Compuviper-10.png\",\"contentUrl\":\"https:\/\/compuviper.mx\/tienda\/wp-content\/uploads\/2021\/08\/Logo-Compuviper-10.png\",\"width\":1000,\"height\":500,\"caption\":\"Compuviper\"},\"image\":{\"@id\":\"https:\/\/compuviper.mx\/tienda\/#\/schema\/logo\/image\/\"},\"sameAs\":[\"https:\/\/www.facebook.com\/compuviper\",\"https:\/\/www.youtube.com\/channel\/UCf73dERp9Y3cfOq7q8BhLjA?view_as=subscriber\"]}]}<\/script>\n<meta property=\"product:brand\" content=\"ADATA\" \/>\n<meta property=\"product:price:amount\" content=\"235\" \/>\n<meta property=\"product:price:currency\" content=\"MXN\" \/>\n<meta property=\"og:availability\" content=\"out of stock\" \/>\n<meta property=\"product:availability\" content=\"out of stock\" \/>\n<meta property=\"product:retailer_item_id\" content=\"AROY-UR340-128GBK\" \/>\n<meta property=\"product:condition\" content=\"new\" \/>\n<!-- \/ Yoast SEO plugin. -->","yoast_head_json":{"title":"[ Adata ] &#129351; Aroy-ur340-128gbk Memoria 128gb Usb 3.2 Ur340 Negro ()","description":"Compra Aroy-ur340-128gbk Memoria 128gb Usb 3.2 Ur340 Negro () + Env\u00edo a domicilio + Pago seguro + Garant\u00eda","robots":{"index":"index","follow":"follow","max-snippet":"max-snippet:-1","max-image-preview":"max-image-preview:large","max-video-preview":"max-video-preview:-1"},"canonical":"https:\/\/compuviper.mx\/tienda\/producto\/adata-aroy-ur340-128gbk-memoria-128gb-usb-3-2-ur340-negro\/","og_locale":"es_MX","og_type":"article","og_title":"[ Adata ] &#129351; Aroy-ur340-128gbk Memoria 128gb Usb 3.2 Ur340 Negro ()","og_description":"Compra Aroy-ur340-128gbk Memoria 128gb Usb 3.2 Ur340 Negro () + Env\u00edo a domicilio + Pago seguro + Garant\u00eda","og_url":"https:\/\/compuviper.mx\/tienda\/producto\/adata-aroy-ur340-128gbk-memoria-128gb-usb-3-2-ur340-negro\/","og_site_name":"Compuviper","article_publisher":"https:\/\/www.facebook.com\/compuviper","article_modified_time":"2026-04-03T06:00:25+00:00","og_image":[{"width":200,"height":200,"url":"https:\/\/compuviper.mx\/tienda\/wp-content\/uploads\/2026\/02\/Memoria-adata-128gb-usb-3.2-ur340-negro-aroy-ur340-128gbk.jpg","type":"image\/jpeg"}],"twitter_card":"summary_large_image","twitter_misc":{"Precio":"&#36;235 con IVA","Availability":"Out of stock"},"schema":{"@context":"https:\/\/schema.org","@graph":[{"@type":"WebPage","@id":"https:\/\/compuviper.mx\/tienda\/producto\/adata-aroy-ur340-128gbk-memoria-128gb-usb-3-2-ur340-negro\/","url":"https:\/\/compuviper.mx\/tienda\/producto\/adata-aroy-ur340-128gbk-memoria-128gb-usb-3-2-ur340-negro\/","name":"[ Adata ] &#129351; Aroy-ur340-128gbk Memoria 128gb Usb 3.2 Ur340 Negro ()","isPartOf":{"@id":"https:\/\/compuviper.mx\/tienda\/#website"},"datePublished":"2026-04-02T07:50:21+00:00","dateModified":"2026-04-03T06:00:25+00:00","description":"Compra Aroy-ur340-128gbk Memoria 128gb Usb 3.2 Ur340 Negro () + Env\u00edo a domicilio + Pago seguro + Garant\u00eda","breadcrumb":{"@id":"https:\/\/compuviper.mx\/tienda\/producto\/adata-aroy-ur340-128gbk-memoria-128gb-usb-3-2-ur340-negro\/#breadcrumb"},"inLanguage":"es-MX","potentialAction":[{"@type":"ReadAction","target":["https:\/\/compuviper.mx\/tienda\/producto\/adata-aroy-ur340-128gbk-memoria-128gb-usb-3-2-ur340-negro\/"]}]},{"@type":"BreadcrumbList","@id":"https:\/\/compuviper.mx\/tienda\/producto\/adata-aroy-ur340-128gbk-memoria-128gb-usb-3-2-ur340-negro\/#breadcrumb","itemListElement":[{"@type":"ListItem","position":1,"name":"Inicio","item":"https:\/\/compuviper.mx\/tienda\/"},{"@type":"ListItem","position":2,"name":"Productos","item":"https:\/\/compuviper.mx\/tienda\/productos\/"},{"@type":"ListItem","position":3,"name":"Memorias","item":"https:\/\/compuviper.mx\/tienda\/categoria-producto\/memorias\/"},{"@type":"ListItem","position":4,"name":"Memoria Flash Usb","item":"https:\/\/compuviper.mx\/tienda\/categoria-producto\/memorias\/memoria-flash-usb\/"},{"@type":"ListItem","position":5,"name":"Adata Aroy-ur340-128gbk Memoria 128gb Usb 3.2 Ur340 Negro ()"}]},{"@type":"WebSite","@id":"https:\/\/compuviper.mx\/tienda\/#website","url":"https:\/\/compuviper.mx\/tienda\/","name":"Compuviper","description":"Proveedor de Computadoras, Laptops, Servidores, Monitores, Puntos de Venta, Teclados,   Impresoras, T\u00f3ner, C\u00e1maras de Seguridad y m\u00e1s en tu tienda en l\u00ednea","publisher":{"@id":"https:\/\/compuviper.mx\/tienda\/#organization"},"potentialAction":[{"@type":"SearchAction","target":{"@type":"EntryPoint","urlTemplate":"https:\/\/compuviper.mx\/tienda\/?s={search_term_string}"},"query-input":"required name=search_term_string"}],"inLanguage":"es-MX"},{"@type":"Organization","@id":"https:\/\/compuviper.mx\/tienda\/#organization","name":"Compuviper","url":"https:\/\/compuviper.mx\/tienda\/","logo":{"@type":"ImageObject","inLanguage":"es-MX","@id":"https:\/\/compuviper.mx\/tienda\/#\/schema\/logo\/image\/","url":"https:\/\/compuviper.mx\/tienda\/wp-content\/uploads\/2021\/08\/Logo-Compuviper-10.png","contentUrl":"https:\/\/compuviper.mx\/tienda\/wp-content\/uploads\/2021\/08\/Logo-Compuviper-10.png","width":1000,"height":500,"caption":"Compuviper"},"image":{"@id":"https:\/\/compuviper.mx\/tienda\/#\/schema\/logo\/image\/"},"sameAs":["https:\/\/www.facebook.com\/compuviper","https:\/\/www.youtube.com\/channel\/UCf73dERp9Y3cfOq7q8BhLjA?view_as=subscriber"]}]},"product_brand":"ADATA","product_price_amount":"235","product_price_currency":"MXN","og_availability":"out of stock","product_availability":"out of stock","product_retailer_item_id":"AROY-UR340-128GBK","product_condition":"new"},"_links":{"self":[{"href":"https:\/\/compuviper.mx\/tienda\/wp-json\/wp\/v2\/product\/266992"}],"collection":[{"href":"https:\/\/compuviper.mx\/tienda\/wp-json\/wp\/v2\/product"}],"about":[{"href":"https:\/\/compuviper.mx\/tienda\/wp-json\/wp\/v2\/types\/product"}],"replies":[{"embeddable":true,"href":"https:\/\/compuviper.mx\/tienda\/wp-json\/wp\/v2\/comments?post=266992"}],"wp:featuredmedia":[{"embeddable":true,"href":"https:\/\/compuviper.mx\/tienda\/wp-json\/wp\/v2\/media\/266993"}],"wp:attachment":[{"href":"https:\/\/compuviper.mx\/tienda\/wp-json\/wp\/v2\/media?parent=266992"}],"wp:term":[{"taxonomy":"product_cat","embeddable":true,"href":"https:\/\/compuviper.mx\/tienda\/wp-json\/wp\/v2\/product_cat?post=266992"},{"taxonomy":"product_tag","embeddable":true,"href":"https:\/\/compuviper.mx\/tienda\/wp-json\/wp\/v2\/product_tag?post=266992"}],"curies":[{"name":"wp","href":"https:\/\/api.w.org\/{rel}","templated":true}]}}