{"id":266984,"date":"2026-04-02T01:47:57","date_gmt":"2026-04-02T07:47:57","guid":{"rendered":"https:\/\/compuviper.mx\/tienda\/producto\/kingston-kcp432nd8-16-memoria-propietaria-dimm-ddr4-16gb-3200mt-s-cl22-288pin-1-2v-p-pc\/"},"modified":"2026-04-03T00:00:25","modified_gmt":"2026-04-03T06:00:25","slug":"kingston-kcp432nd8-16-memoria-propietaria-dimm-ddr4-16gb-3200mt-s-cl22-288pin-1-2v-p-pc","status":"publish","type":"product","link":"https:\/\/compuviper.mx\/tienda\/producto\/kingston-kcp432nd8-16-memoria-propietaria-dimm-ddr4-16gb-3200mt-s-cl22-288pin-1-2v-p-pc\/","title":{"rendered":"Kingston Kcp432nd8\/16 Memoria Propietaria  Dimm Ddr4 16gb 3200mt\/s Cl22 288pin 1.2v P\/pc"},"content":{"rendered":"<table class=\"descripcion\">\n<tr>\n<td>Tipo de m\u00f3dulo: ddr4<\/td>\n<\/tr>\n<tr>\n<td>Frecuencia: 3200mhz<\/td>\n<\/tr>\n<tr>\n<td>Temperatura de funcionamiento: 0 ~ 85\u00b0c<\/td>\n<\/tr>\n<tr>\n<td>N\u00famero de pines: 288 pin<\/td>\n<\/tr>\n<tr>\n<td>Capacidad: 16gb<\/td>\n<\/tr>\n<tr>\n<td>Voltaje: 1.2v<\/td>\n<\/tr>\n<\/table>\n","protected":false},"excerpt":{"rendered":"<p>Dise\u00f1ada espec\u00edficamente con su equipo de marca en mente, la memoria propietaria es para sistemas espec\u00edficos de kingston hace f\u00e1cil seleccionar lo que usted necesita. Kingston usa solamente componentes de la m\u00e1s alta calidad en el mercado para asegurar el m\u00e1ximo desempe\u00f1o, desarrollando las instalaciones de pruebas m\u00e1s avanzadas de la industria de la memoria y utilizando un sistema de pruebas de m\u00faltiples niveles, con el fin de garantizar el control de la calidad a lo largo de todo el proceso de dise\u00f1o y manufactura y as\u00ed, asegurar la completa compatibilidad en el sistema establecido y mantener la legendaria confiabilidad en garant\u00eda que los respalda.<\/p>\n","protected":false},"featured_media":266985,"comment_status":"open","ping_status":"open","template":"","meta":[],"product_cat":[1793,1798],"product_tag":[1573],"acf":[],"yoast_head":"<!-- This site is optimized with the Yoast SEO plugin v21.7 - https:\/\/yoast.com\/wordpress\/plugins\/seo\/ -->\n<title>[ Kingston ] &#129351; Kcp432nd8\/16 Memoria Propietaria Dimm Ddr4 16gb 3200mt\/s Cl22 288pin 1.2v P\/pc<\/title>\n<meta name=\"description\" content=\"Compra Kcp432nd8\/16 Memoria Propietaria Dimm Ddr4 16gb 3200mt\/s Cl22 288pin 1.2v P\/pc + Env\u00edo a domicilio + Pago seguro + Garant\u00eda\" \/>\n<meta name=\"robots\" content=\"index, follow, max-snippet:-1, max-image-preview:large, max-video-preview:-1\" \/>\n<link rel=\"canonical\" href=\"https:\/\/compuviper.mx\/tienda\/producto\/kingston-kcp432nd8-16-memoria-propietaria-dimm-ddr4-16gb-3200mt-s-cl22-288pin-1-2v-p-pc\/\" \/>\n<meta property=\"og:locale\" content=\"es_MX\" \/>\n<meta property=\"og:type\" content=\"article\" \/>\n<meta property=\"og:title\" content=\"[ Kingston ] &#129351; Kcp432nd8\/16 Memoria Propietaria Dimm Ddr4 16gb 3200mt\/s Cl22 288pin 1.2v P\/pc\" \/>\n<meta property=\"og:description\" content=\"Compra Kcp432nd8\/16 Memoria Propietaria Dimm Ddr4 16gb 3200mt\/s Cl22 288pin 1.2v P\/pc + Env\u00edo a domicilio + Pago seguro + Garant\u00eda\" \/>\n<meta property=\"og:url\" content=\"https:\/\/compuviper.mx\/tienda\/producto\/kingston-kcp432nd8-16-memoria-propietaria-dimm-ddr4-16gb-3200mt-s-cl22-288pin-1-2v-p-pc\/\" \/>\n<meta property=\"og:site_name\" content=\"Compuviper\" \/>\n<meta property=\"article:publisher\" content=\"https:\/\/www.facebook.com\/compuviper\" \/>\n<meta property=\"article:modified_time\" content=\"2026-04-03T06:00:25+00:00\" \/>\n<meta property=\"og:image\" content=\"https:\/\/compuviper.mx\/tienda\/wp-content\/uploads\/2026\/02\/Memoria-propietaria-kingston-dimm-ddr4-16gb-3200mts-cl22-288pin-1.2v-ppc-kcp432nd816.jpg\" \/>\n\t<meta property=\"og:image:width\" content=\"200\" \/>\n\t<meta property=\"og:image:height\" content=\"200\" \/>\n\t<meta property=\"og:image:type\" content=\"image\/jpeg\" \/>\n<meta name=\"twitter:card\" content=\"summary_large_image\" \/>\n<meta name=\"twitter:label1\" content=\"Precio\" \/>\n\t<meta name=\"twitter:data1\" content=\"&#36;3,797 con IVA\" \/>\n\t<meta name=\"twitter:label2\" content=\"Availability\" \/>\n\t<meta name=\"twitter:data2\" content=\"In stock\" \/>\n<script type=\"application\/ld+json\" class=\"yoast-schema-graph\">{\"@context\":\"https:\/\/schema.org\",\"@graph\":[{\"@type\":\"WebPage\",\"@id\":\"https:\/\/compuviper.mx\/tienda\/producto\/kingston-kcp432nd8-16-memoria-propietaria-dimm-ddr4-16gb-3200mt-s-cl22-288pin-1-2v-p-pc\/\",\"url\":\"https:\/\/compuviper.mx\/tienda\/producto\/kingston-kcp432nd8-16-memoria-propietaria-dimm-ddr4-16gb-3200mt-s-cl22-288pin-1-2v-p-pc\/\",\"name\":\"[ Kingston ] &#129351; Kcp432nd8\/16 Memoria Propietaria Dimm Ddr4 16gb 3200mt\/s Cl22 288pin 1.2v P\/pc\",\"isPartOf\":{\"@id\":\"https:\/\/compuviper.mx\/tienda\/#website\"},\"datePublished\":\"2026-04-02T07:47:57+00:00\",\"dateModified\":\"2026-04-03T06:00:25+00:00\",\"description\":\"Compra Kcp432nd8\/16 Memoria Propietaria Dimm Ddr4 16gb 3200mt\/s Cl22 288pin 1.2v P\/pc + Env\u00edo a domicilio + Pago seguro + Garant\u00eda\",\"breadcrumb\":{\"@id\":\"https:\/\/compuviper.mx\/tienda\/producto\/kingston-kcp432nd8-16-memoria-propietaria-dimm-ddr4-16gb-3200mt-s-cl22-288pin-1-2v-p-pc\/#breadcrumb\"},\"inLanguage\":\"es-MX\",\"potentialAction\":[{\"@type\":\"ReadAction\",\"target\":[\"https:\/\/compuviper.mx\/tienda\/producto\/kingston-kcp432nd8-16-memoria-propietaria-dimm-ddr4-16gb-3200mt-s-cl22-288pin-1-2v-p-pc\/\"]}]},{\"@type\":\"BreadcrumbList\",\"@id\":\"https:\/\/compuviper.mx\/tienda\/producto\/kingston-kcp432nd8-16-memoria-propietaria-dimm-ddr4-16gb-3200mt-s-cl22-288pin-1-2v-p-pc\/#breadcrumb\",\"itemListElement\":[{\"@type\":\"ListItem\",\"position\":1,\"name\":\"Inicio\",\"item\":\"https:\/\/compuviper.mx\/tienda\/\"},{\"@type\":\"ListItem\",\"position\":2,\"name\":\"Productos\",\"item\":\"https:\/\/compuviper.mx\/tienda\/productos\/\"},{\"@type\":\"ListItem\",\"position\":3,\"name\":\"Memorias\",\"item\":\"https:\/\/compuviper.mx\/tienda\/categoria-producto\/memorias\/\"},{\"@type\":\"ListItem\",\"position\":4,\"name\":\"Memoria Propietaria\",\"item\":\"https:\/\/compuviper.mx\/tienda\/categoria-producto\/memorias\/memoria-propietaria\/\"},{\"@type\":\"ListItem\",\"position\":5,\"name\":\"Kingston Kcp432nd8\/16 Memoria Propietaria Dimm Ddr4 16gb 3200mt\/s Cl22 288pin 1.2v P\/pc\"}]},{\"@type\":\"WebSite\",\"@id\":\"https:\/\/compuviper.mx\/tienda\/#website\",\"url\":\"https:\/\/compuviper.mx\/tienda\/\",\"name\":\"Compuviper\",\"description\":\"Proveedor de Computadoras, Laptops, Servidores, Monitores, Puntos de Venta, Teclados,   Impresoras, T\u00f3ner, C\u00e1maras de Seguridad y m\u00e1s en tu tienda en l\u00ednea\",\"publisher\":{\"@id\":\"https:\/\/compuviper.mx\/tienda\/#organization\"},\"potentialAction\":[{\"@type\":\"SearchAction\",\"target\":{\"@type\":\"EntryPoint\",\"urlTemplate\":\"https:\/\/compuviper.mx\/tienda\/?s={search_term_string}\"},\"query-input\":\"required name=search_term_string\"}],\"inLanguage\":\"es-MX\"},{\"@type\":\"Organization\",\"@id\":\"https:\/\/compuviper.mx\/tienda\/#organization\",\"name\":\"Compuviper\",\"url\":\"https:\/\/compuviper.mx\/tienda\/\",\"logo\":{\"@type\":\"ImageObject\",\"inLanguage\":\"es-MX\",\"@id\":\"https:\/\/compuviper.mx\/tienda\/#\/schema\/logo\/image\/\",\"url\":\"https:\/\/compuviper.mx\/tienda\/wp-content\/uploads\/2021\/08\/Logo-Compuviper-10.png\",\"contentUrl\":\"https:\/\/compuviper.mx\/tienda\/wp-content\/uploads\/2021\/08\/Logo-Compuviper-10.png\",\"width\":1000,\"height\":500,\"caption\":\"Compuviper\"},\"image\":{\"@id\":\"https:\/\/compuviper.mx\/tienda\/#\/schema\/logo\/image\/\"},\"sameAs\":[\"https:\/\/www.facebook.com\/compuviper\",\"https:\/\/www.youtube.com\/channel\/UCf73dERp9Y3cfOq7q8BhLjA?view_as=subscriber\"]}]}<\/script>\n<meta property=\"product:brand\" content=\"KINGSTON\" \/>\n<meta property=\"product:price:amount\" content=\"3797\" \/>\n<meta property=\"product:price:currency\" content=\"MXN\" \/>\n<meta property=\"og:availability\" content=\"instock\" \/>\n<meta property=\"product:availability\" content=\"instock\" \/>\n<meta property=\"product:retailer_item_id\" content=\"KCP432ND8\/16\" \/>\n<meta property=\"product:condition\" content=\"new\" \/>\n<!-- \/ Yoast SEO plugin. -->","yoast_head_json":{"title":"[ Kingston ] &#129351; Kcp432nd8\/16 Memoria Propietaria Dimm Ddr4 16gb 3200mt\/s Cl22 288pin 1.2v P\/pc","description":"Compra Kcp432nd8\/16 Memoria Propietaria Dimm Ddr4 16gb 3200mt\/s Cl22 288pin 1.2v P\/pc + Env\u00edo a domicilio + Pago seguro + Garant\u00eda","robots":{"index":"index","follow":"follow","max-snippet":"max-snippet:-1","max-image-preview":"max-image-preview:large","max-video-preview":"max-video-preview:-1"},"canonical":"https:\/\/compuviper.mx\/tienda\/producto\/kingston-kcp432nd8-16-memoria-propietaria-dimm-ddr4-16gb-3200mt-s-cl22-288pin-1-2v-p-pc\/","og_locale":"es_MX","og_type":"article","og_title":"[ Kingston ] &#129351; Kcp432nd8\/16 Memoria Propietaria Dimm Ddr4 16gb 3200mt\/s Cl22 288pin 1.2v P\/pc","og_description":"Compra Kcp432nd8\/16 Memoria Propietaria Dimm Ddr4 16gb 3200mt\/s Cl22 288pin 1.2v P\/pc + Env\u00edo a domicilio + Pago seguro + Garant\u00eda","og_url":"https:\/\/compuviper.mx\/tienda\/producto\/kingston-kcp432nd8-16-memoria-propietaria-dimm-ddr4-16gb-3200mt-s-cl22-288pin-1-2v-p-pc\/","og_site_name":"Compuviper","article_publisher":"https:\/\/www.facebook.com\/compuviper","article_modified_time":"2026-04-03T06:00:25+00:00","og_image":[{"width":200,"height":200,"url":"https:\/\/compuviper.mx\/tienda\/wp-content\/uploads\/2026\/02\/Memoria-propietaria-kingston-dimm-ddr4-16gb-3200mts-cl22-288pin-1.2v-ppc-kcp432nd816.jpg","type":"image\/jpeg"}],"twitter_card":"summary_large_image","twitter_misc":{"Precio":"&#36;3,797 con IVA","Availability":"In stock"},"schema":{"@context":"https:\/\/schema.org","@graph":[{"@type":"WebPage","@id":"https:\/\/compuviper.mx\/tienda\/producto\/kingston-kcp432nd8-16-memoria-propietaria-dimm-ddr4-16gb-3200mt-s-cl22-288pin-1-2v-p-pc\/","url":"https:\/\/compuviper.mx\/tienda\/producto\/kingston-kcp432nd8-16-memoria-propietaria-dimm-ddr4-16gb-3200mt-s-cl22-288pin-1-2v-p-pc\/","name":"[ Kingston ] &#129351; Kcp432nd8\/16 Memoria Propietaria Dimm Ddr4 16gb 3200mt\/s Cl22 288pin 1.2v P\/pc","isPartOf":{"@id":"https:\/\/compuviper.mx\/tienda\/#website"},"datePublished":"2026-04-02T07:47:57+00:00","dateModified":"2026-04-03T06:00:25+00:00","description":"Compra Kcp432nd8\/16 Memoria Propietaria Dimm Ddr4 16gb 3200mt\/s Cl22 288pin 1.2v P\/pc + Env\u00edo a domicilio + Pago seguro + Garant\u00eda","breadcrumb":{"@id":"https:\/\/compuviper.mx\/tienda\/producto\/kingston-kcp432nd8-16-memoria-propietaria-dimm-ddr4-16gb-3200mt-s-cl22-288pin-1-2v-p-pc\/#breadcrumb"},"inLanguage":"es-MX","potentialAction":[{"@type":"ReadAction","target":["https:\/\/compuviper.mx\/tienda\/producto\/kingston-kcp432nd8-16-memoria-propietaria-dimm-ddr4-16gb-3200mt-s-cl22-288pin-1-2v-p-pc\/"]}]},{"@type":"BreadcrumbList","@id":"https:\/\/compuviper.mx\/tienda\/producto\/kingston-kcp432nd8-16-memoria-propietaria-dimm-ddr4-16gb-3200mt-s-cl22-288pin-1-2v-p-pc\/#breadcrumb","itemListElement":[{"@type":"ListItem","position":1,"name":"Inicio","item":"https:\/\/compuviper.mx\/tienda\/"},{"@type":"ListItem","position":2,"name":"Productos","item":"https:\/\/compuviper.mx\/tienda\/productos\/"},{"@type":"ListItem","position":3,"name":"Memorias","item":"https:\/\/compuviper.mx\/tienda\/categoria-producto\/memorias\/"},{"@type":"ListItem","position":4,"name":"Memoria Propietaria","item":"https:\/\/compuviper.mx\/tienda\/categoria-producto\/memorias\/memoria-propietaria\/"},{"@type":"ListItem","position":5,"name":"Kingston Kcp432nd8\/16 Memoria Propietaria Dimm Ddr4 16gb 3200mt\/s Cl22 288pin 1.2v P\/pc"}]},{"@type":"WebSite","@id":"https:\/\/compuviper.mx\/tienda\/#website","url":"https:\/\/compuviper.mx\/tienda\/","name":"Compuviper","description":"Proveedor de Computadoras, Laptops, Servidores, Monitores, Puntos de Venta, Teclados,   Impresoras, T\u00f3ner, C\u00e1maras de Seguridad y m\u00e1s en tu tienda en l\u00ednea","publisher":{"@id":"https:\/\/compuviper.mx\/tienda\/#organization"},"potentialAction":[{"@type":"SearchAction","target":{"@type":"EntryPoint","urlTemplate":"https:\/\/compuviper.mx\/tienda\/?s={search_term_string}"},"query-input":"required name=search_term_string"}],"inLanguage":"es-MX"},{"@type":"Organization","@id":"https:\/\/compuviper.mx\/tienda\/#organization","name":"Compuviper","url":"https:\/\/compuviper.mx\/tienda\/","logo":{"@type":"ImageObject","inLanguage":"es-MX","@id":"https:\/\/compuviper.mx\/tienda\/#\/schema\/logo\/image\/","url":"https:\/\/compuviper.mx\/tienda\/wp-content\/uploads\/2021\/08\/Logo-Compuviper-10.png","contentUrl":"https:\/\/compuviper.mx\/tienda\/wp-content\/uploads\/2021\/08\/Logo-Compuviper-10.png","width":1000,"height":500,"caption":"Compuviper"},"image":{"@id":"https:\/\/compuviper.mx\/tienda\/#\/schema\/logo\/image\/"},"sameAs":["https:\/\/www.facebook.com\/compuviper","https:\/\/www.youtube.com\/channel\/UCf73dERp9Y3cfOq7q8BhLjA?view_as=subscriber"]}]},"product_brand":"KINGSTON","product_price_amount":"3797","product_price_currency":"MXN","og_availability":"instock","product_availability":"instock","product_retailer_item_id":"KCP432ND8\/16","product_condition":"new"},"_links":{"self":[{"href":"https:\/\/compuviper.mx\/tienda\/wp-json\/wp\/v2\/product\/266984"}],"collection":[{"href":"https:\/\/compuviper.mx\/tienda\/wp-json\/wp\/v2\/product"}],"about":[{"href":"https:\/\/compuviper.mx\/tienda\/wp-json\/wp\/v2\/types\/product"}],"replies":[{"embeddable":true,"href":"https:\/\/compuviper.mx\/tienda\/wp-json\/wp\/v2\/comments?post=266984"}],"wp:featuredmedia":[{"embeddable":true,"href":"https:\/\/compuviper.mx\/tienda\/wp-json\/wp\/v2\/media\/266985"}],"wp:attachment":[{"href":"https:\/\/compuviper.mx\/tienda\/wp-json\/wp\/v2\/media?parent=266984"}],"wp:term":[{"taxonomy":"product_cat","embeddable":true,"href":"https:\/\/compuviper.mx\/tienda\/wp-json\/wp\/v2\/product_cat?post=266984"},{"taxonomy":"product_tag","embeddable":true,"href":"https:\/\/compuviper.mx\/tienda\/wp-json\/wp\/v2\/product_tag?post=266984"}],"curies":[{"name":"wp","href":"https:\/\/api.w.org\/{rel}","templated":true}]}}