{"id":266973,"date":"2026-04-02T01:47:39","date_gmt":"2026-04-02T07:47:39","guid":{"rendered":"https:\/\/compuviper.mx\/tienda\/producto\/kingston-kvr16ls11-8wp-memoria-ram-sodimm-ddr3l-8gb-1600mhz-valueram-cl11-204pin-1-35v-p-laptop\/"},"modified":"2026-04-03T00:00:24","modified_gmt":"2026-04-03T06:00:24","slug":"kingston-kvr16ls11-8wp-memoria-ram-sodimm-ddr3l-8gb-1600mhz-valueram-cl11-204pin-1-35v-p-laptop","status":"publish","type":"product","link":"https:\/\/compuviper.mx\/tienda\/producto\/kingston-kvr16ls11-8wp-memoria-ram-sodimm-ddr3l-8gb-1600mhz-valueram-cl11-204pin-1-35v-p-laptop\/","title":{"rendered":"Kingston Kvr16ls11\/8wp Memoria Ram  Sodimm Ddr3l 8gb 1600mhz Valueram Cl11 204pin 1.35v P\/laptop"},"content":{"rendered":"<table class=\"descripcion\">\n<tr>\n<td>Capacidad: 8gb<\/td>\n<\/tr>\n<tr>\n<td>Tipo de m\u00f3dulo: ddr3<\/td>\n<\/tr>\n<tr>\n<td>Frecuencia: 1600mhz<\/td>\n<\/tr>\n<tr>\n<td>N\u00famero de pines: 204 pin<\/td>\n<\/tr>\n<tr>\n<td>Voltaje: 1.35v<\/td>\n<\/tr>\n<tr>\n<td>Cl: 11 ciclos<\/td>\n<\/tr>\n<tr>\n<td>Temperatura de funcionamiento: 0 ~ 85\u00b0c<\/td>\n<\/tr>\n<\/table>\n","protected":false},"excerpt":{"rendered":"<p>La valueram de kingston es comprada por los clientes que conocen las especificaciones t\u00e9cnicas exactas de la memoria que necesitan. La memoria valueram es totalmente compatible con las especificaciones jedec, est\u00e1 probada en un 100% para ofrecer la mejor calidad. Kingston realiza pruebas de control al 100% de sus productos de memoria. Adem\u00e1s, los m\u00f3dulos de memoria valueram para servidores son sometidos a pruebas de uso extremo din\u00e1mico antes de salir de f\u00e1brica, lo cual reduce dr\u00e1sticamente las fallas al comienzo de la vida \u00fatil de los m\u00f3dulos. Las mejores y m\u00e1s compatibles memorias ram en el mercado, con garant\u00eda de por vida y la fiabilidad legendaria de kingston.<\/p>\n","protected":false},"featured_media":266974,"comment_status":"open","ping_status":"open","template":"","meta":[],"product_cat":[1797,1793],"product_tag":[1573],"acf":[],"yoast_head":"<!-- This site is optimized with the Yoast SEO plugin v21.7 - https:\/\/yoast.com\/wordpress\/plugins\/seo\/ -->\n<title>[ Kingston ] &#129351; Kvr16ls11\/8wp Memoria Ram Sodimm Ddr3l 8gb 1600mhz Valueram Cl11 204pin 1.35v P\/laptop<\/title>\n<meta name=\"description\" content=\"Compra Kvr16ls11\/8wp Memoria Ram Sodimm Ddr3l 8gb 1600mhz Valueram Cl11 204pin 1.35v P\/laptop + Env\u00edo a domicilio + Pago seguro + Garant\u00eda\" \/>\n<meta name=\"robots\" content=\"index, follow, max-snippet:-1, max-image-preview:large, max-video-preview:-1\" \/>\n<link rel=\"canonical\" href=\"https:\/\/compuviper.mx\/tienda\/producto\/kingston-kvr16ls11-8wp-memoria-ram-sodimm-ddr3l-8gb-1600mhz-valueram-cl11-204pin-1-35v-p-laptop\/\" \/>\n<meta property=\"og:locale\" content=\"es_MX\" \/>\n<meta property=\"og:type\" content=\"article\" \/>\n<meta property=\"og:title\" content=\"[ Kingston ] &#129351; Kvr16ls11\/8wp Memoria Ram Sodimm Ddr3l 8gb 1600mhz Valueram Cl11 204pin 1.35v P\/laptop\" \/>\n<meta property=\"og:description\" content=\"Compra Kvr16ls11\/8wp Memoria Ram Sodimm Ddr3l 8gb 1600mhz Valueram Cl11 204pin 1.35v P\/laptop + Env\u00edo a domicilio + Pago seguro + Garant\u00eda\" \/>\n<meta property=\"og:url\" content=\"https:\/\/compuviper.mx\/tienda\/producto\/kingston-kvr16ls11-8wp-memoria-ram-sodimm-ddr3l-8gb-1600mhz-valueram-cl11-204pin-1-35v-p-laptop\/\" \/>\n<meta property=\"og:site_name\" content=\"Compuviper\" \/>\n<meta property=\"article:publisher\" content=\"https:\/\/www.facebook.com\/compuviper\" \/>\n<meta property=\"article:modified_time\" content=\"2026-04-03T06:00:24+00:00\" \/>\n<meta property=\"og:image\" content=\"https:\/\/compuviper.mx\/tienda\/wp-content\/uploads\/2026\/02\/Memoria-ram-kingston-sodimm-ddr3l-8gb-1600mhz-valueram-cl11-204pin-1.35v-plaptop-kvr16ls118wp.jpg\" \/>\n\t<meta property=\"og:image:width\" content=\"200\" \/>\n\t<meta property=\"og:image:height\" content=\"200\" \/>\n\t<meta property=\"og:image:type\" content=\"image\/jpeg\" \/>\n<meta name=\"twitter:card\" content=\"summary_large_image\" \/>\n<meta name=\"twitter:label1\" content=\"Precio\" \/>\n\t<meta name=\"twitter:data1\" content=\"&#36;988 con IVA\" \/>\n\t<meta name=\"twitter:label2\" content=\"Availability\" \/>\n\t<meta name=\"twitter:data2\" content=\"In stock\" \/>\n<script type=\"application\/ld+json\" class=\"yoast-schema-graph\">{\"@context\":\"https:\/\/schema.org\",\"@graph\":[{\"@type\":\"WebPage\",\"@id\":\"https:\/\/compuviper.mx\/tienda\/producto\/kingston-kvr16ls11-8wp-memoria-ram-sodimm-ddr3l-8gb-1600mhz-valueram-cl11-204pin-1-35v-p-laptop\/\",\"url\":\"https:\/\/compuviper.mx\/tienda\/producto\/kingston-kvr16ls11-8wp-memoria-ram-sodimm-ddr3l-8gb-1600mhz-valueram-cl11-204pin-1-35v-p-laptop\/\",\"name\":\"[ Kingston ] &#129351; Kvr16ls11\/8wp Memoria Ram Sodimm Ddr3l 8gb 1600mhz Valueram Cl11 204pin 1.35v P\/laptop\",\"isPartOf\":{\"@id\":\"https:\/\/compuviper.mx\/tienda\/#website\"},\"datePublished\":\"2026-04-02T07:47:39+00:00\",\"dateModified\":\"2026-04-03T06:00:24+00:00\",\"description\":\"Compra Kvr16ls11\/8wp Memoria Ram Sodimm Ddr3l 8gb 1600mhz Valueram Cl11 204pin 1.35v P\/laptop + Env\u00edo a domicilio + Pago seguro + Garant\u00eda\",\"breadcrumb\":{\"@id\":\"https:\/\/compuviper.mx\/tienda\/producto\/kingston-kvr16ls11-8wp-memoria-ram-sodimm-ddr3l-8gb-1600mhz-valueram-cl11-204pin-1-35v-p-laptop\/#breadcrumb\"},\"inLanguage\":\"es-MX\",\"potentialAction\":[{\"@type\":\"ReadAction\",\"target\":[\"https:\/\/compuviper.mx\/tienda\/producto\/kingston-kvr16ls11-8wp-memoria-ram-sodimm-ddr3l-8gb-1600mhz-valueram-cl11-204pin-1-35v-p-laptop\/\"]}]},{\"@type\":\"BreadcrumbList\",\"@id\":\"https:\/\/compuviper.mx\/tienda\/producto\/kingston-kvr16ls11-8wp-memoria-ram-sodimm-ddr3l-8gb-1600mhz-valueram-cl11-204pin-1-35v-p-laptop\/#breadcrumb\",\"itemListElement\":[{\"@type\":\"ListItem\",\"position\":1,\"name\":\"Inicio\",\"item\":\"https:\/\/compuviper.mx\/tienda\/\"},{\"@type\":\"ListItem\",\"position\":2,\"name\":\"Productos\",\"item\":\"https:\/\/compuviper.mx\/tienda\/productos\/\"},{\"@type\":\"ListItem\",\"position\":3,\"name\":\"Memorias\",\"item\":\"https:\/\/compuviper.mx\/tienda\/categoria-producto\/memorias\/\"},{\"@type\":\"ListItem\",\"position\":4,\"name\":\"Memoria Ram\",\"item\":\"https:\/\/compuviper.mx\/tienda\/categoria-producto\/memorias\/memoria-ram\/\"},{\"@type\":\"ListItem\",\"position\":5,\"name\":\"Kingston Kvr16ls11\/8wp Memoria Ram Sodimm Ddr3l 8gb 1600mhz Valueram Cl11 204pin 1.35v P\/laptop\"}]},{\"@type\":\"WebSite\",\"@id\":\"https:\/\/compuviper.mx\/tienda\/#website\",\"url\":\"https:\/\/compuviper.mx\/tienda\/\",\"name\":\"Compuviper\",\"description\":\"Proveedor de Computadoras, Laptops, Servidores, Monitores, Puntos de Venta, Teclados,   Impresoras, T\u00f3ner, C\u00e1maras de Seguridad y m\u00e1s en tu tienda en l\u00ednea\",\"publisher\":{\"@id\":\"https:\/\/compuviper.mx\/tienda\/#organization\"},\"potentialAction\":[{\"@type\":\"SearchAction\",\"target\":{\"@type\":\"EntryPoint\",\"urlTemplate\":\"https:\/\/compuviper.mx\/tienda\/?s={search_term_string}\"},\"query-input\":\"required name=search_term_string\"}],\"inLanguage\":\"es-MX\"},{\"@type\":\"Organization\",\"@id\":\"https:\/\/compuviper.mx\/tienda\/#organization\",\"name\":\"Compuviper\",\"url\":\"https:\/\/compuviper.mx\/tienda\/\",\"logo\":{\"@type\":\"ImageObject\",\"inLanguage\":\"es-MX\",\"@id\":\"https:\/\/compuviper.mx\/tienda\/#\/schema\/logo\/image\/\",\"url\":\"https:\/\/compuviper.mx\/tienda\/wp-content\/uploads\/2021\/08\/Logo-Compuviper-10.png\",\"contentUrl\":\"https:\/\/compuviper.mx\/tienda\/wp-content\/uploads\/2021\/08\/Logo-Compuviper-10.png\",\"width\":1000,\"height\":500,\"caption\":\"Compuviper\"},\"image\":{\"@id\":\"https:\/\/compuviper.mx\/tienda\/#\/schema\/logo\/image\/\"},\"sameAs\":[\"https:\/\/www.facebook.com\/compuviper\",\"https:\/\/www.youtube.com\/channel\/UCf73dERp9Y3cfOq7q8BhLjA?view_as=subscriber\"]}]}<\/script>\n<meta property=\"product:brand\" content=\"KINGSTON\" \/>\n<meta property=\"product:price:amount\" content=\"988\" \/>\n<meta property=\"product:price:currency\" content=\"MXN\" \/>\n<meta property=\"og:availability\" content=\"instock\" \/>\n<meta property=\"product:availability\" content=\"instock\" \/>\n<meta property=\"product:retailer_item_id\" content=\"KVR16LS11\/8WP\" \/>\n<meta property=\"product:condition\" content=\"new\" \/>\n<!-- \/ Yoast SEO plugin. -->","yoast_head_json":{"title":"[ Kingston ] &#129351; Kvr16ls11\/8wp Memoria Ram Sodimm Ddr3l 8gb 1600mhz Valueram Cl11 204pin 1.35v P\/laptop","description":"Compra Kvr16ls11\/8wp Memoria Ram Sodimm Ddr3l 8gb 1600mhz Valueram Cl11 204pin 1.35v P\/laptop + Env\u00edo a domicilio + Pago seguro + Garant\u00eda","robots":{"index":"index","follow":"follow","max-snippet":"max-snippet:-1","max-image-preview":"max-image-preview:large","max-video-preview":"max-video-preview:-1"},"canonical":"https:\/\/compuviper.mx\/tienda\/producto\/kingston-kvr16ls11-8wp-memoria-ram-sodimm-ddr3l-8gb-1600mhz-valueram-cl11-204pin-1-35v-p-laptop\/","og_locale":"es_MX","og_type":"article","og_title":"[ Kingston ] &#129351; Kvr16ls11\/8wp Memoria Ram Sodimm Ddr3l 8gb 1600mhz Valueram Cl11 204pin 1.35v P\/laptop","og_description":"Compra Kvr16ls11\/8wp Memoria Ram Sodimm Ddr3l 8gb 1600mhz Valueram Cl11 204pin 1.35v P\/laptop + Env\u00edo a domicilio + Pago seguro + Garant\u00eda","og_url":"https:\/\/compuviper.mx\/tienda\/producto\/kingston-kvr16ls11-8wp-memoria-ram-sodimm-ddr3l-8gb-1600mhz-valueram-cl11-204pin-1-35v-p-laptop\/","og_site_name":"Compuviper","article_publisher":"https:\/\/www.facebook.com\/compuviper","article_modified_time":"2026-04-03T06:00:24+00:00","og_image":[{"width":200,"height":200,"url":"https:\/\/compuviper.mx\/tienda\/wp-content\/uploads\/2026\/02\/Memoria-ram-kingston-sodimm-ddr3l-8gb-1600mhz-valueram-cl11-204pin-1.35v-plaptop-kvr16ls118wp.jpg","type":"image\/jpeg"}],"twitter_card":"summary_large_image","twitter_misc":{"Precio":"&#36;988 con IVA","Availability":"In stock"},"schema":{"@context":"https:\/\/schema.org","@graph":[{"@type":"WebPage","@id":"https:\/\/compuviper.mx\/tienda\/producto\/kingston-kvr16ls11-8wp-memoria-ram-sodimm-ddr3l-8gb-1600mhz-valueram-cl11-204pin-1-35v-p-laptop\/","url":"https:\/\/compuviper.mx\/tienda\/producto\/kingston-kvr16ls11-8wp-memoria-ram-sodimm-ddr3l-8gb-1600mhz-valueram-cl11-204pin-1-35v-p-laptop\/","name":"[ Kingston ] &#129351; Kvr16ls11\/8wp Memoria Ram Sodimm Ddr3l 8gb 1600mhz Valueram Cl11 204pin 1.35v P\/laptop","isPartOf":{"@id":"https:\/\/compuviper.mx\/tienda\/#website"},"datePublished":"2026-04-02T07:47:39+00:00","dateModified":"2026-04-03T06:00:24+00:00","description":"Compra Kvr16ls11\/8wp Memoria Ram Sodimm Ddr3l 8gb 1600mhz Valueram Cl11 204pin 1.35v P\/laptop + Env\u00edo a domicilio + Pago seguro + Garant\u00eda","breadcrumb":{"@id":"https:\/\/compuviper.mx\/tienda\/producto\/kingston-kvr16ls11-8wp-memoria-ram-sodimm-ddr3l-8gb-1600mhz-valueram-cl11-204pin-1-35v-p-laptop\/#breadcrumb"},"inLanguage":"es-MX","potentialAction":[{"@type":"ReadAction","target":["https:\/\/compuviper.mx\/tienda\/producto\/kingston-kvr16ls11-8wp-memoria-ram-sodimm-ddr3l-8gb-1600mhz-valueram-cl11-204pin-1-35v-p-laptop\/"]}]},{"@type":"BreadcrumbList","@id":"https:\/\/compuviper.mx\/tienda\/producto\/kingston-kvr16ls11-8wp-memoria-ram-sodimm-ddr3l-8gb-1600mhz-valueram-cl11-204pin-1-35v-p-laptop\/#breadcrumb","itemListElement":[{"@type":"ListItem","position":1,"name":"Inicio","item":"https:\/\/compuviper.mx\/tienda\/"},{"@type":"ListItem","position":2,"name":"Productos","item":"https:\/\/compuviper.mx\/tienda\/productos\/"},{"@type":"ListItem","position":3,"name":"Memorias","item":"https:\/\/compuviper.mx\/tienda\/categoria-producto\/memorias\/"},{"@type":"ListItem","position":4,"name":"Memoria Ram","item":"https:\/\/compuviper.mx\/tienda\/categoria-producto\/memorias\/memoria-ram\/"},{"@type":"ListItem","position":5,"name":"Kingston Kvr16ls11\/8wp Memoria Ram Sodimm Ddr3l 8gb 1600mhz Valueram Cl11 204pin 1.35v P\/laptop"}]},{"@type":"WebSite","@id":"https:\/\/compuviper.mx\/tienda\/#website","url":"https:\/\/compuviper.mx\/tienda\/","name":"Compuviper","description":"Proveedor de Computadoras, Laptops, Servidores, Monitores, Puntos de Venta, Teclados,   Impresoras, T\u00f3ner, C\u00e1maras de Seguridad y m\u00e1s en tu tienda en l\u00ednea","publisher":{"@id":"https:\/\/compuviper.mx\/tienda\/#organization"},"potentialAction":[{"@type":"SearchAction","target":{"@type":"EntryPoint","urlTemplate":"https:\/\/compuviper.mx\/tienda\/?s={search_term_string}"},"query-input":"required name=search_term_string"}],"inLanguage":"es-MX"},{"@type":"Organization","@id":"https:\/\/compuviper.mx\/tienda\/#organization","name":"Compuviper","url":"https:\/\/compuviper.mx\/tienda\/","logo":{"@type":"ImageObject","inLanguage":"es-MX","@id":"https:\/\/compuviper.mx\/tienda\/#\/schema\/logo\/image\/","url":"https:\/\/compuviper.mx\/tienda\/wp-content\/uploads\/2021\/08\/Logo-Compuviper-10.png","contentUrl":"https:\/\/compuviper.mx\/tienda\/wp-content\/uploads\/2021\/08\/Logo-Compuviper-10.png","width":1000,"height":500,"caption":"Compuviper"},"image":{"@id":"https:\/\/compuviper.mx\/tienda\/#\/schema\/logo\/image\/"},"sameAs":["https:\/\/www.facebook.com\/compuviper","https:\/\/www.youtube.com\/channel\/UCf73dERp9Y3cfOq7q8BhLjA?view_as=subscriber"]}]},"product_brand":"KINGSTON","product_price_amount":"988","product_price_currency":"MXN","og_availability":"instock","product_availability":"instock","product_retailer_item_id":"KVR16LS11\/8WP","product_condition":"new"},"_links":{"self":[{"href":"https:\/\/compuviper.mx\/tienda\/wp-json\/wp\/v2\/product\/266973"}],"collection":[{"href":"https:\/\/compuviper.mx\/tienda\/wp-json\/wp\/v2\/product"}],"about":[{"href":"https:\/\/compuviper.mx\/tienda\/wp-json\/wp\/v2\/types\/product"}],"replies":[{"embeddable":true,"href":"https:\/\/compuviper.mx\/tienda\/wp-json\/wp\/v2\/comments?post=266973"}],"wp:featuredmedia":[{"embeddable":true,"href":"https:\/\/compuviper.mx\/tienda\/wp-json\/wp\/v2\/media\/266974"}],"wp:attachment":[{"href":"https:\/\/compuviper.mx\/tienda\/wp-json\/wp\/v2\/media?parent=266973"}],"wp:term":[{"taxonomy":"product_cat","embeddable":true,"href":"https:\/\/compuviper.mx\/tienda\/wp-json\/wp\/v2\/product_cat?post=266973"},{"taxonomy":"product_tag","embeddable":true,"href":"https:\/\/compuviper.mx\/tienda\/wp-json\/wp\/v2\/product_tag?post=266973"}],"curies":[{"name":"wp","href":"https:\/\/api.w.org\/{rel}","templated":true}]}}