{"id":266955,"date":"2026-04-18T01:26:13","date_gmt":"2026-04-18T07:26:13","guid":{"rendered":"https:\/\/compuviper.mx\/tienda\/producto\/dell-f8t7y-laptop-pro-15-essential-pv15250-intel-core-i5-1334u-16-gb-1x16-512-gb-ssd-15-6-fhd-win11-pro-1-ao-de-garanta-nbd-1-ao-antivirus-mcafee\/"},"modified":"2026-04-18T01:26:13","modified_gmt":"2026-04-18T07:26:13","slug":"dell-f8t7y-laptop-pro-15-essential-pv15250-intel-core-i5-1334u-16-gb-1x16-512-gb-ssd-15-6-fhd-win11-pro-1-ao-de-garanta-nbd-1-ao-antivirus-mcafee","status":"publish","type":"product","link":"https:\/\/compuviper.mx\/tienda\/producto\/dell-f8t7y-laptop-pro-15-essential-pv15250-intel-core-i5-1334u-16-gb-1x16-512-gb-ssd-15-6-fhd-win11-pro-1-ao-de-garanta-nbd-1-ao-antivirus-mcafee\/","title":{"rendered":"Dell F8t7y Laptop  Pro 15 Essential\/ \/ Pv15250\/ Intel Core I5- 1334u \/ 16 Gb 1&#215;16\/ 512 Gb Ssd\/ 15.6 Fhd\/ Win11 Pro\/ 1 A?o De Garanta Nbd\/ 1 A?o Antivirus Mcafee"},"content":{"rendered":"<table class=\"descripcion\">\n<tr>\n<td>\u0095 modelo: dell pro 15 essential pv15250<\/td>\n<\/tr>\n<tr>\n<td>\u0095 n\u00famero de pieza (pn): f8t7y<\/td>\n<\/tr>\n<tr>\n<td>\u0095 procesador: intel core i5-1334u de 13.\u00aa gen (10 n\u00facleos, hasta 4.60 ghz)<\/td>\n<\/tr>\n<tr>\n<td>\u0095 memoria ram: 16gb ddr5 (1x16gb) a 4400 mt\/s<\/td>\n<\/tr>\n<tr>\n<td>\u0095 almacenamiento: 512gb ssd m.2 qlc cl25<\/td>\n<\/tr>\n<tr>\n<td>\u0095 sistema operativo: windows 11 pro<\/td>\n<\/tr>\n<tr>\n<td>\u0095 pantalla: 15.6 fhd (1920&#215;1080), 120hz, wva\/ips<\/td>\n<\/tr>\n<tr>\n<td>\u0095 tecnolog\u00eda: anti-glare (mate), no t\u00e1ctil<\/td>\n<\/tr>\n<tr>\n<td>\u0095 brillo: 250 nits<\/td>\n<\/tr>\n<tr>\n<td>\u0095 gr\u00e1ficos: intel uhd graphics<\/td>\n<\/tr>\n<tr>\n<td>\u0095 wi-fi \/ bluetooth: realtek wi-fi 6 rtl8852be (2&#215;2), 802.11ax, mu-mimo<\/td>\n<\/tr>\n<tr>\n<td>\u0095 puerto hdmi: 1x hdmi 1.4<\/td>\n<\/tr>\n<tr>\n<td>\u0095 puertos usb:<\/td>\n<\/tr>\n<tr>\n<td>O 1x usb 3.2 gen 1 tipo-c (solo datos)<\/td>\n<\/tr>\n<tr>\n<td>O 1x usb 3.2 gen 1 tipo-a<\/td>\n<\/tr>\n<tr>\n<td>O 1x usb 2.0<\/td>\n<\/tr>\n<tr>\n<td>\u0095 unidad \u00f3ptica: no incluye (no odd)<\/td>\n<\/tr>\n<tr>\n<td>\u0095 bater\u00eda: 3 celdas, 41whr (integrada)<\/td>\n<\/tr>\n<tr>\n<td>\u0095 cargador: 65w, 4.5mm (punta redonda)<\/td>\n<\/tr>\n<tr>\n<td>\u0095 teclado: distribuci\u00f3n en espa\u00f1ol (no retroiluminado)<\/td>\n<\/tr>\n<tr>\n<td>\u0095 mouse: touchpad integrado<\/td>\n<\/tr>\n<tr>\n<td>\u0095 garant\u00eda: 1 a\u00f1o de servicio en sitio (onsite sns-la)<\/td>\n<\/tr>\n<tr>\n<td>\u0095 antivirus: mcafee business protection (1 a\u00f1o de suscripci\u00f3n)<\/td>\n<\/tr>\n<tr>\n<td>\u0095 microsoft: prueba de 30 d\u00edas de microsoft 365<\/td>\n<\/tr>\n<\/table>\n","protected":false},"excerpt":{"rendered":"<p>Rendimiento de nueva generaci\u00f3n. \u0095 arquitectura h\u00edbrida: gracias al procesador intel core i5 de 13.\u00aa generaci\u00f3n con 10 n\u00facleos, el equipo gestiona tareas pesadas en primer plano mientras los n\u00facleos de eficiencia se encargan de los procesos en segundo plano, evitando lentitud. \u0095 memoria ddr5: al incluir la \u00faltima tecnolog\u00eda en memoria ram, el equipo es m\u00e1s r\u00e1pido y eficiente energ\u00e9ticamente que los modelos con ddr4, asegurando una mayor vida \u00fatil tecnol\u00f3gica. Experiencia visual superior. \u0095 fluidez de 120hz: a diferencia del est\u00e1ndar de 60hz, esta pantalla reduce la fatiga visual y ofrece transiciones mucho m\u00e1s suaves, ideal para profesionales que pasan largas jornadas frente al monitor. \u0095 panel ips anti-reflejo: permite trabajar en ambientes con mucha luz (como oficinas con ventanas grandes) sin perder calidad de color ni sufrir por destellos molestos. Optimizado para el entorno profesional. \u0095 windows 11 pro: listo para unirse a dominios empresariales, con capas de seguridad avanzadas y herramientas de administraci\u00f3n remota esenciales para cualquier departamento de ti. \u0095 seguridad incluida: con mcafee business protection por 1 a\u00f1o, la inversi\u00f3n est\u00e1 protegida contra amenazas digitales desde el primer d\u00eda sin costos adicionales inmediatos. Conectividad y movilidad real. \u0095 wi-fi 6 de alta velocidad: garantiza conexiones estables y r\u00e1pidas incluso en redes saturadas, mejorando la calidad de las videollamadas y la descarga de archivos pesados. \u0095 versatilidad de puertos: la inclusi\u00f3n de puertos usb 3.2 y hdmi permite conectar perif\u00e9ricos modernos y presentaciones en proyectores externos sin necesidad de tantos adaptadores. Respaldo y confianza dell. \u0095 garant\u00eda onsite (en sitio): el beneficio comercial m\u00e1s fuerte para una empresa: si el equipo falla, un t\u00e9cnico de dell acude a la ubicaci\u00f3n del cliente, eliminando tiempos muertos por traslados a centros de servicio. \u0095 dise\u00f1o profesional en plata: su acabado platinum silver proyecta una imagen moderna, profesional y premium, ideal para ejecutivos y consultores.<\/p>\n","protected":false},"featured_media":0,"comment_status":"open","ping_status":"open","template":"","meta":[],"product_cat":[1886,2151],"product_tag":[1537],"acf":[],"yoast_head":"<!-- This site is optimized with the Yoast SEO plugin v21.7 - https:\/\/yoast.com\/wordpress\/plugins\/seo\/ -->\n<title>[ Dell ] &#129351; F8t7y Laptop Pro 15 Essential\/ \/ Pv15250\/ Intel Core I5- 1334u \/ 16 Gb 1x16\/ 512 Gb Ssd\/ 15.6 Fhd\/ Win11 Pro\/ 1 A\u00f1o De Garanta Nbd\/ 1 A\u00f1o Antivirus Mcafee<\/title>\n<meta name=\"description\" content=\"Compra F8t7y Laptop Pro 15 Essential\/ \/ Pv15250\/ Intel Core I5- 1334u \/ 16 Gb 1x16\/ 512 Gb Ssd\/ 15.6 Fhd\/ Win11 Pro\/ 1 A\u00f1o De Garanta Nbd\/ 1 A\u00f1o Antivirus Mcafee + Env\u00edo a domicilio + Pago seguro + Garant\u00eda\" \/>\n<meta name=\"robots\" content=\"index, follow, max-snippet:-1, max-image-preview:large, max-video-preview:-1\" \/>\n<link rel=\"canonical\" href=\"https:\/\/compuviper.mx\/tienda\/producto\/dell-f8t7y-laptop-pro-15-essential-pv15250-intel-core-i5-1334u-16-gb-1x16-512-gb-ssd-15-6-fhd-win11-pro-1-ao-de-garanta-nbd-1-ao-antivirus-mcafee\/\" \/>\n<meta property=\"og:locale\" content=\"es_MX\" \/>\n<meta property=\"og:type\" content=\"article\" \/>\n<meta property=\"og:title\" content=\"[ Dell ] &#129351; F8t7y Laptop Pro 15 Essential\/ \/ Pv15250\/ Intel Core I5- 1334u \/ 16 Gb 1x16\/ 512 Gb Ssd\/ 15.6 Fhd\/ Win11 Pro\/ 1 A\u00f1o De Garanta Nbd\/ 1 A\u00f1o Antivirus Mcafee\" \/>\n<meta property=\"og:description\" content=\"Compra F8t7y Laptop Pro 15 Essential\/ \/ Pv15250\/ Intel Core I5- 1334u \/ 16 Gb 1x16\/ 512 Gb Ssd\/ 15.6 Fhd\/ Win11 Pro\/ 1 A\u00f1o De Garanta Nbd\/ 1 A\u00f1o Antivirus Mcafee + Env\u00edo a domicilio + Pago seguro + Garant\u00eda\" \/>\n<meta property=\"og:url\" content=\"https:\/\/compuviper.mx\/tienda\/producto\/dell-f8t7y-laptop-pro-15-essential-pv15250-intel-core-i5-1334u-16-gb-1x16-512-gb-ssd-15-6-fhd-win11-pro-1-ao-de-garanta-nbd-1-ao-antivirus-mcafee\/\" \/>\n<meta property=\"og:site_name\" content=\"Compuviper\" \/>\n<meta property=\"article:publisher\" content=\"https:\/\/www.facebook.com\/compuviper\" \/>\n<meta name=\"twitter:card\" content=\"summary_large_image\" \/>\n<meta name=\"twitter:label1\" content=\"Precio\" \/>\n\t<meta name=\"twitter:data1\" content=\"&#36;17,234 &#36;16,207 con IVA\" \/>\n\t<meta name=\"twitter:label2\" content=\"Availability\" \/>\n\t<meta name=\"twitter:data2\" content=\"Out of stock\" \/>\n<script type=\"application\/ld+json\" class=\"yoast-schema-graph\">{\"@context\":\"https:\/\/schema.org\",\"@graph\":[{\"@type\":\"WebPage\",\"@id\":\"https:\/\/compuviper.mx\/tienda\/producto\/dell-f8t7y-laptop-pro-15-essential-pv15250-intel-core-i5-1334u-16-gb-1x16-512-gb-ssd-15-6-fhd-win11-pro-1-ao-de-garanta-nbd-1-ao-antivirus-mcafee\/\",\"url\":\"https:\/\/compuviper.mx\/tienda\/producto\/dell-f8t7y-laptop-pro-15-essential-pv15250-intel-core-i5-1334u-16-gb-1x16-512-gb-ssd-15-6-fhd-win11-pro-1-ao-de-garanta-nbd-1-ao-antivirus-mcafee\/\",\"name\":\"[ Dell ] &#129351; F8t7y Laptop Pro 15 Essential\/ \/ Pv15250\/ Intel Core I5- 1334u \/ 16 Gb 1x16\/ 512 Gb Ssd\/ 15.6 Fhd\/ Win11 Pro\/ 1 A\u00f1o De Garanta Nbd\/ 1 A\u00f1o Antivirus Mcafee\",\"isPartOf\":{\"@id\":\"https:\/\/compuviper.mx\/tienda\/#website\"},\"datePublished\":\"2026-04-18T07:26:13+00:00\",\"dateModified\":\"2026-04-18T07:26:13+00:00\",\"description\":\"Compra F8t7y Laptop Pro 15 Essential\/ \/ Pv15250\/ Intel Core I5- 1334u \/ 16 Gb 1x16\/ 512 Gb Ssd\/ 15.6 Fhd\/ Win11 Pro\/ 1 A\u00f1o De Garanta Nbd\/ 1 A\u00f1o Antivirus Mcafee + Env\u00edo a domicilio + Pago seguro + Garant\u00eda\",\"breadcrumb\":{\"@id\":\"https:\/\/compuviper.mx\/tienda\/producto\/dell-f8t7y-laptop-pro-15-essential-pv15250-intel-core-i5-1334u-16-gb-1x16-512-gb-ssd-15-6-fhd-win11-pro-1-ao-de-garanta-nbd-1-ao-antivirus-mcafee\/#breadcrumb\"},\"inLanguage\":\"es-MX\",\"potentialAction\":[{\"@type\":\"ReadAction\",\"target\":[\"https:\/\/compuviper.mx\/tienda\/producto\/dell-f8t7y-laptop-pro-15-essential-pv15250-intel-core-i5-1334u-16-gb-1x16-512-gb-ssd-15-6-fhd-win11-pro-1-ao-de-garanta-nbd-1-ao-antivirus-mcafee\/\"]}]},{\"@type\":\"BreadcrumbList\",\"@id\":\"https:\/\/compuviper.mx\/tienda\/producto\/dell-f8t7y-laptop-pro-15-essential-pv15250-intel-core-i5-1334u-16-gb-1x16-512-gb-ssd-15-6-fhd-win11-pro-1-ao-de-garanta-nbd-1-ao-antivirus-mcafee\/#breadcrumb\",\"itemListElement\":[{\"@type\":\"ListItem\",\"position\":1,\"name\":\"Inicio\",\"item\":\"https:\/\/compuviper.mx\/tienda\/\"},{\"@type\":\"ListItem\",\"position\":2,\"name\":\"Productos\",\"item\":\"https:\/\/compuviper.mx\/tienda\/productos\/\"},{\"@type\":\"ListItem\",\"position\":3,\"name\":\"Laptops\",\"item\":\"https:\/\/compuviper.mx\/tienda\/categoria-producto\/laptops\/\"},{\"@type\":\"ListItem\",\"position\":4,\"name\":\"Netbook\",\"item\":\"https:\/\/compuviper.mx\/tienda\/categoria-producto\/laptops\/netbook\/\"},{\"@type\":\"ListItem\",\"position\":5,\"name\":\"Dell F8t7y Laptop Pro 15 Essential\/ \/ Pv15250\/ Intel Core I5- 1334u \/ 16 Gb 1&#215;16\/ 512 Gb Ssd\/ 15.6 Fhd\/ Win11 Pro\/ 1 A?o De Garanta Nbd\/ 1 A?o Antivirus Mcafee\"}]},{\"@type\":\"WebSite\",\"@id\":\"https:\/\/compuviper.mx\/tienda\/#website\",\"url\":\"https:\/\/compuviper.mx\/tienda\/\",\"name\":\"Compuviper\",\"description\":\"Proveedor de Computadoras, Laptops, Servidores, Monitores, Puntos de Venta, Teclados,   Impresoras, T\u00f3ner, C\u00e1maras de Seguridad y m\u00e1s en tu tienda en l\u00ednea\",\"publisher\":{\"@id\":\"https:\/\/compuviper.mx\/tienda\/#organization\"},\"potentialAction\":[{\"@type\":\"SearchAction\",\"target\":{\"@type\":\"EntryPoint\",\"urlTemplate\":\"https:\/\/compuviper.mx\/tienda\/?s={search_term_string}\"},\"query-input\":\"required name=search_term_string\"}],\"inLanguage\":\"es-MX\"},{\"@type\":\"Organization\",\"@id\":\"https:\/\/compuviper.mx\/tienda\/#organization\",\"name\":\"Compuviper\",\"url\":\"https:\/\/compuviper.mx\/tienda\/\",\"logo\":{\"@type\":\"ImageObject\",\"inLanguage\":\"es-MX\",\"@id\":\"https:\/\/compuviper.mx\/tienda\/#\/schema\/logo\/image\/\",\"url\":\"https:\/\/compuviper.mx\/tienda\/wp-content\/uploads\/2021\/08\/Logo-Compuviper-10.png\",\"contentUrl\":\"https:\/\/compuviper.mx\/tienda\/wp-content\/uploads\/2021\/08\/Logo-Compuviper-10.png\",\"width\":1000,\"height\":500,\"caption\":\"Compuviper\"},\"image\":{\"@id\":\"https:\/\/compuviper.mx\/tienda\/#\/schema\/logo\/image\/\"},\"sameAs\":[\"https:\/\/www.facebook.com\/compuviper\",\"https:\/\/www.youtube.com\/channel\/UCf73dERp9Y3cfOq7q8BhLjA?view_as=subscriber\"]}]}<\/script>\n<meta property=\"product:brand\" content=\"DELL\" \/>\n<meta property=\"product:price:amount\" content=\"16207\" \/>\n<meta property=\"product:price:currency\" content=\"MXN\" \/>\n<meta property=\"og:availability\" content=\"out of stock\" \/>\n<meta property=\"product:availability\" content=\"out of stock\" \/>\n<meta property=\"product:retailer_item_id\" content=\"F8T7Y\" \/>\n<meta property=\"product:condition\" content=\"new\" \/>\n<!-- \/ Yoast SEO plugin. -->","yoast_head_json":{"title":"[ Dell ] &#129351; F8t7y Laptop Pro 15 Essential\/ \/ Pv15250\/ Intel Core I5- 1334u \/ 16 Gb 1x16\/ 512 Gb Ssd\/ 15.6 Fhd\/ Win11 Pro\/ 1 A\u00f1o De Garanta Nbd\/ 1 A\u00f1o Antivirus Mcafee","description":"Compra F8t7y Laptop Pro 15 Essential\/ \/ Pv15250\/ Intel Core I5- 1334u \/ 16 Gb 1x16\/ 512 Gb Ssd\/ 15.6 Fhd\/ Win11 Pro\/ 1 A\u00f1o De Garanta Nbd\/ 1 A\u00f1o Antivirus Mcafee + Env\u00edo a domicilio + Pago seguro + Garant\u00eda","robots":{"index":"index","follow":"follow","max-snippet":"max-snippet:-1","max-image-preview":"max-image-preview:large","max-video-preview":"max-video-preview:-1"},"canonical":"https:\/\/compuviper.mx\/tienda\/producto\/dell-f8t7y-laptop-pro-15-essential-pv15250-intel-core-i5-1334u-16-gb-1x16-512-gb-ssd-15-6-fhd-win11-pro-1-ao-de-garanta-nbd-1-ao-antivirus-mcafee\/","og_locale":"es_MX","og_type":"article","og_title":"[ Dell ] &#129351; F8t7y Laptop Pro 15 Essential\/ \/ Pv15250\/ Intel Core I5- 1334u \/ 16 Gb 1x16\/ 512 Gb Ssd\/ 15.6 Fhd\/ Win11 Pro\/ 1 A\u00f1o De Garanta Nbd\/ 1 A\u00f1o Antivirus Mcafee","og_description":"Compra F8t7y Laptop Pro 15 Essential\/ \/ Pv15250\/ Intel Core I5- 1334u \/ 16 Gb 1x16\/ 512 Gb Ssd\/ 15.6 Fhd\/ Win11 Pro\/ 1 A\u00f1o De Garanta Nbd\/ 1 A\u00f1o Antivirus Mcafee + Env\u00edo a domicilio + Pago seguro + Garant\u00eda","og_url":"https:\/\/compuviper.mx\/tienda\/producto\/dell-f8t7y-laptop-pro-15-essential-pv15250-intel-core-i5-1334u-16-gb-1x16-512-gb-ssd-15-6-fhd-win11-pro-1-ao-de-garanta-nbd-1-ao-antivirus-mcafee\/","og_site_name":"Compuviper","article_publisher":"https:\/\/www.facebook.com\/compuviper","twitter_card":"summary_large_image","twitter_misc":{"Precio":"&#36;17,234 &#36;16,207 con IVA","Availability":"Out of stock"},"schema":{"@context":"https:\/\/schema.org","@graph":[{"@type":"WebPage","@id":"https:\/\/compuviper.mx\/tienda\/producto\/dell-f8t7y-laptop-pro-15-essential-pv15250-intel-core-i5-1334u-16-gb-1x16-512-gb-ssd-15-6-fhd-win11-pro-1-ao-de-garanta-nbd-1-ao-antivirus-mcafee\/","url":"https:\/\/compuviper.mx\/tienda\/producto\/dell-f8t7y-laptop-pro-15-essential-pv15250-intel-core-i5-1334u-16-gb-1x16-512-gb-ssd-15-6-fhd-win11-pro-1-ao-de-garanta-nbd-1-ao-antivirus-mcafee\/","name":"[ Dell ] &#129351; F8t7y Laptop Pro 15 Essential\/ \/ Pv15250\/ Intel Core I5- 1334u \/ 16 Gb 1x16\/ 512 Gb Ssd\/ 15.6 Fhd\/ Win11 Pro\/ 1 A\u00f1o De Garanta Nbd\/ 1 A\u00f1o Antivirus Mcafee","isPartOf":{"@id":"https:\/\/compuviper.mx\/tienda\/#website"},"datePublished":"2026-04-18T07:26:13+00:00","dateModified":"2026-04-18T07:26:13+00:00","description":"Compra F8t7y Laptop Pro 15 Essential\/ \/ Pv15250\/ Intel Core I5- 1334u \/ 16 Gb 1x16\/ 512 Gb Ssd\/ 15.6 Fhd\/ Win11 Pro\/ 1 A\u00f1o De Garanta Nbd\/ 1 A\u00f1o Antivirus Mcafee + Env\u00edo a domicilio + Pago seguro + Garant\u00eda","breadcrumb":{"@id":"https:\/\/compuviper.mx\/tienda\/producto\/dell-f8t7y-laptop-pro-15-essential-pv15250-intel-core-i5-1334u-16-gb-1x16-512-gb-ssd-15-6-fhd-win11-pro-1-ao-de-garanta-nbd-1-ao-antivirus-mcafee\/#breadcrumb"},"inLanguage":"es-MX","potentialAction":[{"@type":"ReadAction","target":["https:\/\/compuviper.mx\/tienda\/producto\/dell-f8t7y-laptop-pro-15-essential-pv15250-intel-core-i5-1334u-16-gb-1x16-512-gb-ssd-15-6-fhd-win11-pro-1-ao-de-garanta-nbd-1-ao-antivirus-mcafee\/"]}]},{"@type":"BreadcrumbList","@id":"https:\/\/compuviper.mx\/tienda\/producto\/dell-f8t7y-laptop-pro-15-essential-pv15250-intel-core-i5-1334u-16-gb-1x16-512-gb-ssd-15-6-fhd-win11-pro-1-ao-de-garanta-nbd-1-ao-antivirus-mcafee\/#breadcrumb","itemListElement":[{"@type":"ListItem","position":1,"name":"Inicio","item":"https:\/\/compuviper.mx\/tienda\/"},{"@type":"ListItem","position":2,"name":"Productos","item":"https:\/\/compuviper.mx\/tienda\/productos\/"},{"@type":"ListItem","position":3,"name":"Laptops","item":"https:\/\/compuviper.mx\/tienda\/categoria-producto\/laptops\/"},{"@type":"ListItem","position":4,"name":"Netbook","item":"https:\/\/compuviper.mx\/tienda\/categoria-producto\/laptops\/netbook\/"},{"@type":"ListItem","position":5,"name":"Dell F8t7y Laptop Pro 15 Essential\/ \/ Pv15250\/ Intel Core I5- 1334u \/ 16 Gb 1&#215;16\/ 512 Gb Ssd\/ 15.6 Fhd\/ Win11 Pro\/ 1 A?o De Garanta Nbd\/ 1 A?o Antivirus Mcafee"}]},{"@type":"WebSite","@id":"https:\/\/compuviper.mx\/tienda\/#website","url":"https:\/\/compuviper.mx\/tienda\/","name":"Compuviper","description":"Proveedor de Computadoras, Laptops, Servidores, Monitores, Puntos de Venta, Teclados,   Impresoras, T\u00f3ner, C\u00e1maras de Seguridad y m\u00e1s en tu tienda en l\u00ednea","publisher":{"@id":"https:\/\/compuviper.mx\/tienda\/#organization"},"potentialAction":[{"@type":"SearchAction","target":{"@type":"EntryPoint","urlTemplate":"https:\/\/compuviper.mx\/tienda\/?s={search_term_string}"},"query-input":"required name=search_term_string"}],"inLanguage":"es-MX"},{"@type":"Organization","@id":"https:\/\/compuviper.mx\/tienda\/#organization","name":"Compuviper","url":"https:\/\/compuviper.mx\/tienda\/","logo":{"@type":"ImageObject","inLanguage":"es-MX","@id":"https:\/\/compuviper.mx\/tienda\/#\/schema\/logo\/image\/","url":"https:\/\/compuviper.mx\/tienda\/wp-content\/uploads\/2021\/08\/Logo-Compuviper-10.png","contentUrl":"https:\/\/compuviper.mx\/tienda\/wp-content\/uploads\/2021\/08\/Logo-Compuviper-10.png","width":1000,"height":500,"caption":"Compuviper"},"image":{"@id":"https:\/\/compuviper.mx\/tienda\/#\/schema\/logo\/image\/"},"sameAs":["https:\/\/www.facebook.com\/compuviper","https:\/\/www.youtube.com\/channel\/UCf73dERp9Y3cfOq7q8BhLjA?view_as=subscriber"]}]},"product_brand":"DELL","product_price_amount":"16207","product_price_currency":"MXN","og_availability":"out of stock","product_availability":"out of stock","product_retailer_item_id":"F8T7Y","product_condition":"new"},"_links":{"self":[{"href":"https:\/\/compuviper.mx\/tienda\/wp-json\/wp\/v2\/product\/266955"}],"collection":[{"href":"https:\/\/compuviper.mx\/tienda\/wp-json\/wp\/v2\/product"}],"about":[{"href":"https:\/\/compuviper.mx\/tienda\/wp-json\/wp\/v2\/types\/product"}],"replies":[{"embeddable":true,"href":"https:\/\/compuviper.mx\/tienda\/wp-json\/wp\/v2\/comments?post=266955"}],"wp:attachment":[{"href":"https:\/\/compuviper.mx\/tienda\/wp-json\/wp\/v2\/media?parent=266955"}],"wp:term":[{"taxonomy":"product_cat","embeddable":true,"href":"https:\/\/compuviper.mx\/tienda\/wp-json\/wp\/v2\/product_cat?post=266955"},{"taxonomy":"product_tag","embeddable":true,"href":"https:\/\/compuviper.mx\/tienda\/wp-json\/wp\/v2\/product_tag?post=266955"}],"curies":[{"name":"wp","href":"https:\/\/api.w.org\/{rel}","templated":true}]}}