{"id":266873,"date":"2026-04-02T23:19:33","date_gmt":"2026-04-03T05:19:33","guid":{"rendered":"https:\/\/compuviper.mx\/tienda\/producto\/adata-ac906-32g-rwb-memoria-32gb-usb-2-0-c906-azul\/"},"modified":"2026-04-03T00:00:39","modified_gmt":"2026-04-03T06:00:39","slug":"adata-ac906-32g-rwb-memoria-32gb-usb-2-0-c906-azul","status":"publish","type":"product","link":"https:\/\/compuviper.mx\/tienda\/producto\/adata-ac906-32g-rwb-memoria-32gb-usb-2-0-c906-azul\/","title":{"rendered":"Adata Ac906-32g-rwb Memoria  32gb Usb 2.0 C906 Azul"},"content":{"rendered":"<table class=\"descripcion\">\n<tr>\n<td>Capacidad:32gb<\/td>\n<\/tr>\n<tr>\n<td>Colores: negro\/azul\/rosa\/blanco<\/td>\n<\/tr>\n<tr>\n<td>Dimensiones:(largo x ancho x alto):<\/td>\n<\/tr>\n<tr>\n<td>58x18x10mm\/2,3&#215;0,7&#215;0,4 pulgadas<\/td>\n<\/tr>\n<tr>\n<td>Peso: 9g \/0,3 oz<\/td>\n<\/tr>\n<tr>\n<td>Interfaz:usb 2.0<\/td>\n<\/tr>\n<tr>\n<td>Requisitos del sistema:<\/td>\n<\/tr>\n<tr>\n<td>-windows vista\/ 7 \/ 8 \/ 8,1 \/10<\/td>\n<\/tr>\n<tr>\n<td>-mac os x 10,6 o posterior<\/td>\n<\/tr>\n<tr>\n<td>-n\u00facleo de linux 2,6 o posterior<\/td>\n<\/tr>\n<tr>\n<td>Caracter\u00edsticas:<\/td>\n<\/tr>\n<tr>\n<td>Dise\u00f1o simplista y compacto<\/td>\n<\/tr>\n<tr>\n<td>La tapa f\u00e1cil de guardar se coloca en la parte posterior de la unidad para evitar que se extrav\u00ede.<\/td>\n<\/tr>\n<tr>\n<td>Plug and play sencillo y sin controlador<\/td>\n<\/tr>\n<tr>\n<td>Adecuado para port\u00e1tiles, sistemas de entretenimiento y m\u00e1s<\/td>\n<\/tr>\n<tr>\n<td>Compatible con windows, mac os y linux<\/td>\n<\/tr>\n<tr>\n<td>Garant\u00eda: limitada a 5 a\u00f1os<\/td>\n<\/tr>\n<\/table>\n","protected":false},"excerpt":{"rendered":"<p>Blanco, negro, rosa y azul captura la esencia del dise\u00f1o moderno y presenta un estilo minimalista con un toque de encanto urbano, lo que la convierte no solo en un pr\u00e1ctico dispositivo de almacenamiento, sino tambi\u00e9n en un accesorio de moda que habla de tu individualidad<\/p>\n","protected":false},"featured_media":266874,"comment_status":"open","ping_status":"open","template":"","meta":[],"product_cat":[1796,1793],"product_tag":[1539],"acf":[],"yoast_head":"<!-- This site is optimized with the Yoast SEO plugin v21.7 - https:\/\/yoast.com\/wordpress\/plugins\/seo\/ -->\n<title>[ Adata ] &#129351; Ac906-32g-rwb Memoria 32gb Usb 2.0 C906 Azul<\/title>\n<meta name=\"description\" content=\"Compra Ac906-32g-rwb Memoria 32gb Usb 2.0 C906 Azul + Env\u00edo a domicilio + Pago seguro + Garant\u00eda\" \/>\n<meta name=\"robots\" content=\"index, follow, max-snippet:-1, max-image-preview:large, max-video-preview:-1\" \/>\n<link rel=\"canonical\" href=\"https:\/\/compuviper.mx\/tienda\/producto\/adata-ac906-32g-rwb-memoria-32gb-usb-2-0-c906-azul\/\" \/>\n<meta property=\"og:locale\" content=\"es_MX\" \/>\n<meta property=\"og:type\" content=\"article\" \/>\n<meta property=\"og:title\" content=\"[ Adata ] &#129351; Ac906-32g-rwb Memoria 32gb Usb 2.0 C906 Azul\" \/>\n<meta property=\"og:description\" content=\"Compra Ac906-32g-rwb Memoria 32gb Usb 2.0 C906 Azul + Env\u00edo a domicilio + Pago seguro + Garant\u00eda\" \/>\n<meta property=\"og:url\" content=\"https:\/\/compuviper.mx\/tienda\/producto\/adata-ac906-32g-rwb-memoria-32gb-usb-2-0-c906-azul\/\" \/>\n<meta property=\"og:site_name\" content=\"Compuviper\" \/>\n<meta property=\"article:publisher\" content=\"https:\/\/www.facebook.com\/compuviper\" \/>\n<meta property=\"article:modified_time\" content=\"2026-04-03T06:00:39+00:00\" \/>\n<meta property=\"og:image\" content=\"https:\/\/compuviper.mx\/tienda\/wp-content\/uploads\/2026\/02\/Memoria-adata-32gb-usb-2.0-c906-azul-ac906-32g-rwb.jpg\" \/>\n\t<meta property=\"og:image:width\" content=\"200\" \/>\n\t<meta property=\"og:image:height\" content=\"200\" \/>\n\t<meta property=\"og:image:type\" content=\"image\/jpeg\" \/>\n<meta name=\"twitter:card\" content=\"summary_large_image\" \/>\n<meta name=\"twitter:label1\" content=\"Precio\" \/>\n\t<meta name=\"twitter:data1\" content=\"&#36;87 con IVA\" \/>\n\t<meta name=\"twitter:label2\" content=\"Availability\" \/>\n\t<meta name=\"twitter:data2\" content=\"In stock\" \/>\n<script type=\"application\/ld+json\" class=\"yoast-schema-graph\">{\"@context\":\"https:\/\/schema.org\",\"@graph\":[{\"@type\":\"WebPage\",\"@id\":\"https:\/\/compuviper.mx\/tienda\/producto\/adata-ac906-32g-rwb-memoria-32gb-usb-2-0-c906-azul\/\",\"url\":\"https:\/\/compuviper.mx\/tienda\/producto\/adata-ac906-32g-rwb-memoria-32gb-usb-2-0-c906-azul\/\",\"name\":\"[ Adata ] &#129351; Ac906-32g-rwb Memoria 32gb Usb 2.0 C906 Azul\",\"isPartOf\":{\"@id\":\"https:\/\/compuviper.mx\/tienda\/#website\"},\"datePublished\":\"2026-04-03T05:19:33+00:00\",\"dateModified\":\"2026-04-03T06:00:39+00:00\",\"description\":\"Compra Ac906-32g-rwb Memoria 32gb Usb 2.0 C906 Azul + Env\u00edo a domicilio + Pago seguro + Garant\u00eda\",\"breadcrumb\":{\"@id\":\"https:\/\/compuviper.mx\/tienda\/producto\/adata-ac906-32g-rwb-memoria-32gb-usb-2-0-c906-azul\/#breadcrumb\"},\"inLanguage\":\"es-MX\",\"potentialAction\":[{\"@type\":\"ReadAction\",\"target\":[\"https:\/\/compuviper.mx\/tienda\/producto\/adata-ac906-32g-rwb-memoria-32gb-usb-2-0-c906-azul\/\"]}]},{\"@type\":\"BreadcrumbList\",\"@id\":\"https:\/\/compuviper.mx\/tienda\/producto\/adata-ac906-32g-rwb-memoria-32gb-usb-2-0-c906-azul\/#breadcrumb\",\"itemListElement\":[{\"@type\":\"ListItem\",\"position\":1,\"name\":\"Inicio\",\"item\":\"https:\/\/compuviper.mx\/tienda\/\"},{\"@type\":\"ListItem\",\"position\":2,\"name\":\"Productos\",\"item\":\"https:\/\/compuviper.mx\/tienda\/productos\/\"},{\"@type\":\"ListItem\",\"position\":3,\"name\":\"Memorias\",\"item\":\"https:\/\/compuviper.mx\/tienda\/categoria-producto\/memorias\/\"},{\"@type\":\"ListItem\",\"position\":4,\"name\":\"Memoria Flash Usb\",\"item\":\"https:\/\/compuviper.mx\/tienda\/categoria-producto\/memorias\/memoria-flash-usb\/\"},{\"@type\":\"ListItem\",\"position\":5,\"name\":\"Adata Ac906-32g-rwb Memoria 32gb Usb 2.0 C906 Azul\"}]},{\"@type\":\"WebSite\",\"@id\":\"https:\/\/compuviper.mx\/tienda\/#website\",\"url\":\"https:\/\/compuviper.mx\/tienda\/\",\"name\":\"Compuviper\",\"description\":\"Proveedor de Computadoras, Laptops, Servidores, Monitores, Puntos de Venta, Teclados,   Impresoras, T\u00f3ner, C\u00e1maras de Seguridad y m\u00e1s en tu tienda en l\u00ednea\",\"publisher\":{\"@id\":\"https:\/\/compuviper.mx\/tienda\/#organization\"},\"potentialAction\":[{\"@type\":\"SearchAction\",\"target\":{\"@type\":\"EntryPoint\",\"urlTemplate\":\"https:\/\/compuviper.mx\/tienda\/?s={search_term_string}\"},\"query-input\":\"required name=search_term_string\"}],\"inLanguage\":\"es-MX\"},{\"@type\":\"Organization\",\"@id\":\"https:\/\/compuviper.mx\/tienda\/#organization\",\"name\":\"Compuviper\",\"url\":\"https:\/\/compuviper.mx\/tienda\/\",\"logo\":{\"@type\":\"ImageObject\",\"inLanguage\":\"es-MX\",\"@id\":\"https:\/\/compuviper.mx\/tienda\/#\/schema\/logo\/image\/\",\"url\":\"https:\/\/compuviper.mx\/tienda\/wp-content\/uploads\/2021\/08\/Logo-Compuviper-10.png\",\"contentUrl\":\"https:\/\/compuviper.mx\/tienda\/wp-content\/uploads\/2021\/08\/Logo-Compuviper-10.png\",\"width\":1000,\"height\":500,\"caption\":\"Compuviper\"},\"image\":{\"@id\":\"https:\/\/compuviper.mx\/tienda\/#\/schema\/logo\/image\/\"},\"sameAs\":[\"https:\/\/www.facebook.com\/compuviper\",\"https:\/\/www.youtube.com\/channel\/UCf73dERp9Y3cfOq7q8BhLjA?view_as=subscriber\"]}]}<\/script>\n<meta property=\"product:brand\" content=\"ADATA\" \/>\n<meta property=\"product:price:amount\" content=\"87\" \/>\n<meta property=\"product:price:currency\" content=\"MXN\" \/>\n<meta property=\"og:availability\" content=\"instock\" \/>\n<meta property=\"product:availability\" content=\"instock\" \/>\n<meta property=\"product:retailer_item_id\" content=\"AC906-32G-RWB\" \/>\n<meta property=\"product:condition\" content=\"new\" \/>\n<!-- \/ Yoast SEO plugin. -->","yoast_head_json":{"title":"[ Adata ] &#129351; Ac906-32g-rwb Memoria 32gb Usb 2.0 C906 Azul","description":"Compra Ac906-32g-rwb Memoria 32gb Usb 2.0 C906 Azul + Env\u00edo a domicilio + Pago seguro + Garant\u00eda","robots":{"index":"index","follow":"follow","max-snippet":"max-snippet:-1","max-image-preview":"max-image-preview:large","max-video-preview":"max-video-preview:-1"},"canonical":"https:\/\/compuviper.mx\/tienda\/producto\/adata-ac906-32g-rwb-memoria-32gb-usb-2-0-c906-azul\/","og_locale":"es_MX","og_type":"article","og_title":"[ Adata ] &#129351; Ac906-32g-rwb Memoria 32gb Usb 2.0 C906 Azul","og_description":"Compra Ac906-32g-rwb Memoria 32gb Usb 2.0 C906 Azul + Env\u00edo a domicilio + Pago seguro + Garant\u00eda","og_url":"https:\/\/compuviper.mx\/tienda\/producto\/adata-ac906-32g-rwb-memoria-32gb-usb-2-0-c906-azul\/","og_site_name":"Compuviper","article_publisher":"https:\/\/www.facebook.com\/compuviper","article_modified_time":"2026-04-03T06:00:39+00:00","og_image":[{"width":200,"height":200,"url":"https:\/\/compuviper.mx\/tienda\/wp-content\/uploads\/2026\/02\/Memoria-adata-32gb-usb-2.0-c906-azul-ac906-32g-rwb.jpg","type":"image\/jpeg"}],"twitter_card":"summary_large_image","twitter_misc":{"Precio":"&#36;87 con IVA","Availability":"In stock"},"schema":{"@context":"https:\/\/schema.org","@graph":[{"@type":"WebPage","@id":"https:\/\/compuviper.mx\/tienda\/producto\/adata-ac906-32g-rwb-memoria-32gb-usb-2-0-c906-azul\/","url":"https:\/\/compuviper.mx\/tienda\/producto\/adata-ac906-32g-rwb-memoria-32gb-usb-2-0-c906-azul\/","name":"[ Adata ] &#129351; Ac906-32g-rwb Memoria 32gb Usb 2.0 C906 Azul","isPartOf":{"@id":"https:\/\/compuviper.mx\/tienda\/#website"},"datePublished":"2026-04-03T05:19:33+00:00","dateModified":"2026-04-03T06:00:39+00:00","description":"Compra Ac906-32g-rwb Memoria 32gb Usb 2.0 C906 Azul + Env\u00edo a domicilio + Pago seguro + Garant\u00eda","breadcrumb":{"@id":"https:\/\/compuviper.mx\/tienda\/producto\/adata-ac906-32g-rwb-memoria-32gb-usb-2-0-c906-azul\/#breadcrumb"},"inLanguage":"es-MX","potentialAction":[{"@type":"ReadAction","target":["https:\/\/compuviper.mx\/tienda\/producto\/adata-ac906-32g-rwb-memoria-32gb-usb-2-0-c906-azul\/"]}]},{"@type":"BreadcrumbList","@id":"https:\/\/compuviper.mx\/tienda\/producto\/adata-ac906-32g-rwb-memoria-32gb-usb-2-0-c906-azul\/#breadcrumb","itemListElement":[{"@type":"ListItem","position":1,"name":"Inicio","item":"https:\/\/compuviper.mx\/tienda\/"},{"@type":"ListItem","position":2,"name":"Productos","item":"https:\/\/compuviper.mx\/tienda\/productos\/"},{"@type":"ListItem","position":3,"name":"Memorias","item":"https:\/\/compuviper.mx\/tienda\/categoria-producto\/memorias\/"},{"@type":"ListItem","position":4,"name":"Memoria Flash Usb","item":"https:\/\/compuviper.mx\/tienda\/categoria-producto\/memorias\/memoria-flash-usb\/"},{"@type":"ListItem","position":5,"name":"Adata Ac906-32g-rwb Memoria 32gb Usb 2.0 C906 Azul"}]},{"@type":"WebSite","@id":"https:\/\/compuviper.mx\/tienda\/#website","url":"https:\/\/compuviper.mx\/tienda\/","name":"Compuviper","description":"Proveedor de Computadoras, Laptops, Servidores, Monitores, Puntos de Venta, Teclados,   Impresoras, T\u00f3ner, C\u00e1maras de Seguridad y m\u00e1s en tu tienda en l\u00ednea","publisher":{"@id":"https:\/\/compuviper.mx\/tienda\/#organization"},"potentialAction":[{"@type":"SearchAction","target":{"@type":"EntryPoint","urlTemplate":"https:\/\/compuviper.mx\/tienda\/?s={search_term_string}"},"query-input":"required name=search_term_string"}],"inLanguage":"es-MX"},{"@type":"Organization","@id":"https:\/\/compuviper.mx\/tienda\/#organization","name":"Compuviper","url":"https:\/\/compuviper.mx\/tienda\/","logo":{"@type":"ImageObject","inLanguage":"es-MX","@id":"https:\/\/compuviper.mx\/tienda\/#\/schema\/logo\/image\/","url":"https:\/\/compuviper.mx\/tienda\/wp-content\/uploads\/2021\/08\/Logo-Compuviper-10.png","contentUrl":"https:\/\/compuviper.mx\/tienda\/wp-content\/uploads\/2021\/08\/Logo-Compuviper-10.png","width":1000,"height":500,"caption":"Compuviper"},"image":{"@id":"https:\/\/compuviper.mx\/tienda\/#\/schema\/logo\/image\/"},"sameAs":["https:\/\/www.facebook.com\/compuviper","https:\/\/www.youtube.com\/channel\/UCf73dERp9Y3cfOq7q8BhLjA?view_as=subscriber"]}]},"product_brand":"ADATA","product_price_amount":"87","product_price_currency":"MXN","og_availability":"instock","product_availability":"instock","product_retailer_item_id":"AC906-32G-RWB","product_condition":"new"},"_links":{"self":[{"href":"https:\/\/compuviper.mx\/tienda\/wp-json\/wp\/v2\/product\/266873"}],"collection":[{"href":"https:\/\/compuviper.mx\/tienda\/wp-json\/wp\/v2\/product"}],"about":[{"href":"https:\/\/compuviper.mx\/tienda\/wp-json\/wp\/v2\/types\/product"}],"replies":[{"embeddable":true,"href":"https:\/\/compuviper.mx\/tienda\/wp-json\/wp\/v2\/comments?post=266873"}],"wp:featuredmedia":[{"embeddable":true,"href":"https:\/\/compuviper.mx\/tienda\/wp-json\/wp\/v2\/media\/266874"}],"wp:attachment":[{"href":"https:\/\/compuviper.mx\/tienda\/wp-json\/wp\/v2\/media?parent=266873"}],"wp:term":[{"taxonomy":"product_cat","embeddable":true,"href":"https:\/\/compuviper.mx\/tienda\/wp-json\/wp\/v2\/product_cat?post=266873"},{"taxonomy":"product_tag","embeddable":true,"href":"https:\/\/compuviper.mx\/tienda\/wp-json\/wp\/v2\/product_tag?post=266873"}],"curies":[{"name":"wp","href":"https:\/\/api.w.org\/{rel}","templated":true}]}}