{"id":266821,"date":"2026-04-04T23:18:11","date_gmt":"2026-04-05T05:18:11","guid":{"rendered":"https:\/\/compuviper.mx\/tienda\/producto\/adata-auv240-32g-rbk-memoria-32gb-usb-2-0-uv240-negro\/"},"modified":"2026-04-05T00:00:02","modified_gmt":"2026-04-05T06:00:02","slug":"adata-auv240-32g-rbk-memoria-32gb-usb-2-0-uv240-negro","status":"publish","type":"product","link":"https:\/\/compuviper.mx\/tienda\/producto\/adata-auv240-32g-rbk-memoria-32gb-usb-2-0-uv240-negro\/","title":{"rendered":"Adata Auv240-32g-rbk Memoria  32gb Usb 2.0 Uv240 Negro ()"},"content":{"rendered":"<table class=\"descripcion\">\n<tr>\n<td>Descripcion tecnica<\/td>\n<\/tr>\n<tr>\n<td>Capacidad  32 gb<\/td>\n<\/tr>\n<tr>\n<td>Color  negro<\/td>\n<\/tr>\n<tr>\n<td>Dimensiones ( la x an x al )  54,6 x 19,2 x 8,3 mm<\/td>\n<\/tr>\n<tr>\n<td>Peso  7g<\/td>\n<\/tr>\n<tr>\n<td>Interfaz  usb 2.0<\/td>\n<\/tr>\n<tr>\n<td>Requisitos del sistema  windows xp, vista, 7, 8, 10, mac os 10.10 y linux fedora versi\u00f3n 15 o posterior; no se necesita controlador de dispositivo<\/td>\n<\/tr>\n<tr>\n<td>Garant\u00eda: 5 a\u00f1os<\/td>\n<\/tr>\n<tr>\n<td>Nota  el rendimiento puede variar seg\u00fan la configuraci\u00f3n del hardware y la aplicaci\u00f3n de software.<\/td>\n<\/tr>\n<tr>\n<td>* parte de la capacidad indicada en un dispositivo de almacenamiento flash se usa para la operaci\u00f3n de formato y otras funciones, y no est\u00e1 disponible para el almacenamiento de datos. capacidad disponible real m\u00e1s peque\u00f1a que la indicada en los productos.<\/td>\n<\/tr>\n<\/table>\n","protected":false},"excerpt":{"rendered":"<p>Descripcion comercial. El dise\u00f1o de la capucha abatible de la unidad uv240 no solo evita que extrav\u00ede la propia capucha, sino que tambi\u00e9n permite que se abra f\u00e1cilmente con solo mover el dedo pulgar. Compatible con varios dispositivos pc, tablet, tv inteligentes, sistemas para veh\u00edculo, consolas de juego, sistemas de ocio en casa etc.<\/p>\n","protected":false},"featured_media":266822,"comment_status":"open","ping_status":"open","template":"","meta":[],"product_cat":[1793,1796],"product_tag":[1539],"acf":[],"yoast_head":"<!-- This site is optimized with the Yoast SEO plugin v21.7 - https:\/\/yoast.com\/wordpress\/plugins\/seo\/ -->\n<title>[ Adata ] &#129351; Auv240-32g-rbk Memoria 32gb Usb 2.0 Uv240 Negro ()<\/title>\n<meta name=\"description\" content=\"Compra Auv240-32g-rbk Memoria 32gb Usb 2.0 Uv240 Negro () + Env\u00edo a domicilio + Pago seguro + Garant\u00eda\" \/>\n<meta name=\"robots\" content=\"index, follow, max-snippet:-1, max-image-preview:large, max-video-preview:-1\" \/>\n<link rel=\"canonical\" href=\"https:\/\/compuviper.mx\/tienda\/producto\/adata-auv240-32g-rbk-memoria-32gb-usb-2-0-uv240-negro\/\" \/>\n<meta property=\"og:locale\" content=\"es_MX\" \/>\n<meta property=\"og:type\" content=\"article\" \/>\n<meta property=\"og:title\" content=\"[ Adata ] &#129351; Auv240-32g-rbk Memoria 32gb Usb 2.0 Uv240 Negro ()\" \/>\n<meta property=\"og:description\" content=\"Compra Auv240-32g-rbk Memoria 32gb Usb 2.0 Uv240 Negro () + Env\u00edo a domicilio + Pago seguro + Garant\u00eda\" \/>\n<meta property=\"og:url\" content=\"https:\/\/compuviper.mx\/tienda\/producto\/adata-auv240-32g-rbk-memoria-32gb-usb-2-0-uv240-negro\/\" \/>\n<meta property=\"og:site_name\" content=\"Compuviper\" \/>\n<meta property=\"article:publisher\" content=\"https:\/\/www.facebook.com\/compuviper\" \/>\n<meta property=\"article:modified_time\" content=\"2026-04-05T06:00:02+00:00\" \/>\n<meta property=\"og:image\" content=\"https:\/\/compuviper.mx\/tienda\/wp-content\/uploads\/2026\/02\/Memoria-adata-32gb-usb-2.0-uv240-negro-auv240-32g-rbk.jpg\" \/>\n\t<meta property=\"og:image:width\" content=\"200\" \/>\n\t<meta property=\"og:image:height\" content=\"200\" \/>\n\t<meta property=\"og:image:type\" content=\"image\/jpeg\" \/>\n<meta name=\"twitter:card\" content=\"summary_large_image\" \/>\n<meta name=\"twitter:label1\" content=\"Precio\" \/>\n\t<meta name=\"twitter:data1\" content=\"&#36;87 con IVA\" \/>\n\t<meta name=\"twitter:label2\" content=\"Availability\" \/>\n\t<meta name=\"twitter:data2\" content=\"In stock\" \/>\n<script type=\"application\/ld+json\" class=\"yoast-schema-graph\">{\"@context\":\"https:\/\/schema.org\",\"@graph\":[{\"@type\":\"WebPage\",\"@id\":\"https:\/\/compuviper.mx\/tienda\/producto\/adata-auv240-32g-rbk-memoria-32gb-usb-2-0-uv240-negro\/\",\"url\":\"https:\/\/compuviper.mx\/tienda\/producto\/adata-auv240-32g-rbk-memoria-32gb-usb-2-0-uv240-negro\/\",\"name\":\"[ Adata ] &#129351; Auv240-32g-rbk Memoria 32gb Usb 2.0 Uv240 Negro ()\",\"isPartOf\":{\"@id\":\"https:\/\/compuviper.mx\/tienda\/#website\"},\"datePublished\":\"2026-04-05T05:18:11+00:00\",\"dateModified\":\"2026-04-05T06:00:02+00:00\",\"description\":\"Compra Auv240-32g-rbk Memoria 32gb Usb 2.0 Uv240 Negro () + Env\u00edo a domicilio + Pago seguro + Garant\u00eda\",\"breadcrumb\":{\"@id\":\"https:\/\/compuviper.mx\/tienda\/producto\/adata-auv240-32g-rbk-memoria-32gb-usb-2-0-uv240-negro\/#breadcrumb\"},\"inLanguage\":\"es-MX\",\"potentialAction\":[{\"@type\":\"ReadAction\",\"target\":[\"https:\/\/compuviper.mx\/tienda\/producto\/adata-auv240-32g-rbk-memoria-32gb-usb-2-0-uv240-negro\/\"]}]},{\"@type\":\"BreadcrumbList\",\"@id\":\"https:\/\/compuviper.mx\/tienda\/producto\/adata-auv240-32g-rbk-memoria-32gb-usb-2-0-uv240-negro\/#breadcrumb\",\"itemListElement\":[{\"@type\":\"ListItem\",\"position\":1,\"name\":\"Inicio\",\"item\":\"https:\/\/compuviper.mx\/tienda\/\"},{\"@type\":\"ListItem\",\"position\":2,\"name\":\"Productos\",\"item\":\"https:\/\/compuviper.mx\/tienda\/productos\/\"},{\"@type\":\"ListItem\",\"position\":3,\"name\":\"Memorias\",\"item\":\"https:\/\/compuviper.mx\/tienda\/categoria-producto\/memorias\/\"},{\"@type\":\"ListItem\",\"position\":4,\"name\":\"Memoria Flash Usb\",\"item\":\"https:\/\/compuviper.mx\/tienda\/categoria-producto\/memorias\/memoria-flash-usb\/\"},{\"@type\":\"ListItem\",\"position\":5,\"name\":\"Adata Auv240-32g-rbk Memoria 32gb Usb 2.0 Uv240 Negro ()\"}]},{\"@type\":\"WebSite\",\"@id\":\"https:\/\/compuviper.mx\/tienda\/#website\",\"url\":\"https:\/\/compuviper.mx\/tienda\/\",\"name\":\"Compuviper\",\"description\":\"Proveedor de Computadoras, Laptops, Servidores, Monitores, Puntos de Venta, Teclados,   Impresoras, T\u00f3ner, C\u00e1maras de Seguridad y m\u00e1s en tu tienda en l\u00ednea\",\"publisher\":{\"@id\":\"https:\/\/compuviper.mx\/tienda\/#organization\"},\"potentialAction\":[{\"@type\":\"SearchAction\",\"target\":{\"@type\":\"EntryPoint\",\"urlTemplate\":\"https:\/\/compuviper.mx\/tienda\/?s={search_term_string}\"},\"query-input\":\"required name=search_term_string\"}],\"inLanguage\":\"es-MX\"},{\"@type\":\"Organization\",\"@id\":\"https:\/\/compuviper.mx\/tienda\/#organization\",\"name\":\"Compuviper\",\"url\":\"https:\/\/compuviper.mx\/tienda\/\",\"logo\":{\"@type\":\"ImageObject\",\"inLanguage\":\"es-MX\",\"@id\":\"https:\/\/compuviper.mx\/tienda\/#\/schema\/logo\/image\/\",\"url\":\"https:\/\/compuviper.mx\/tienda\/wp-content\/uploads\/2021\/08\/Logo-Compuviper-10.png\",\"contentUrl\":\"https:\/\/compuviper.mx\/tienda\/wp-content\/uploads\/2021\/08\/Logo-Compuviper-10.png\",\"width\":1000,\"height\":500,\"caption\":\"Compuviper\"},\"image\":{\"@id\":\"https:\/\/compuviper.mx\/tienda\/#\/schema\/logo\/image\/\"},\"sameAs\":[\"https:\/\/www.facebook.com\/compuviper\",\"https:\/\/www.youtube.com\/channel\/UCf73dERp9Y3cfOq7q8BhLjA?view_as=subscriber\"]}]}<\/script>\n<meta property=\"product:brand\" content=\"ADATA\" \/>\n<meta property=\"product:price:amount\" content=\"87\" \/>\n<meta property=\"product:price:currency\" content=\"MXN\" \/>\n<meta property=\"og:availability\" content=\"instock\" \/>\n<meta property=\"product:availability\" content=\"instock\" \/>\n<meta property=\"product:retailer_item_id\" content=\"AUV240-32G-RBK\" \/>\n<meta property=\"product:condition\" content=\"new\" \/>\n<!-- \/ Yoast SEO plugin. -->","yoast_head_json":{"title":"[ Adata ] &#129351; Auv240-32g-rbk Memoria 32gb Usb 2.0 Uv240 Negro ()","description":"Compra Auv240-32g-rbk Memoria 32gb Usb 2.0 Uv240 Negro () + Env\u00edo a domicilio + Pago seguro + Garant\u00eda","robots":{"index":"index","follow":"follow","max-snippet":"max-snippet:-1","max-image-preview":"max-image-preview:large","max-video-preview":"max-video-preview:-1"},"canonical":"https:\/\/compuviper.mx\/tienda\/producto\/adata-auv240-32g-rbk-memoria-32gb-usb-2-0-uv240-negro\/","og_locale":"es_MX","og_type":"article","og_title":"[ Adata ] &#129351; Auv240-32g-rbk Memoria 32gb Usb 2.0 Uv240 Negro ()","og_description":"Compra Auv240-32g-rbk Memoria 32gb Usb 2.0 Uv240 Negro () + Env\u00edo a domicilio + Pago seguro + Garant\u00eda","og_url":"https:\/\/compuviper.mx\/tienda\/producto\/adata-auv240-32g-rbk-memoria-32gb-usb-2-0-uv240-negro\/","og_site_name":"Compuviper","article_publisher":"https:\/\/www.facebook.com\/compuviper","article_modified_time":"2026-04-05T06:00:02+00:00","og_image":[{"width":200,"height":200,"url":"https:\/\/compuviper.mx\/tienda\/wp-content\/uploads\/2026\/02\/Memoria-adata-32gb-usb-2.0-uv240-negro-auv240-32g-rbk.jpg","type":"image\/jpeg"}],"twitter_card":"summary_large_image","twitter_misc":{"Precio":"&#36;87 con IVA","Availability":"In stock"},"schema":{"@context":"https:\/\/schema.org","@graph":[{"@type":"WebPage","@id":"https:\/\/compuviper.mx\/tienda\/producto\/adata-auv240-32g-rbk-memoria-32gb-usb-2-0-uv240-negro\/","url":"https:\/\/compuviper.mx\/tienda\/producto\/adata-auv240-32g-rbk-memoria-32gb-usb-2-0-uv240-negro\/","name":"[ Adata ] &#129351; Auv240-32g-rbk Memoria 32gb Usb 2.0 Uv240 Negro ()","isPartOf":{"@id":"https:\/\/compuviper.mx\/tienda\/#website"},"datePublished":"2026-04-05T05:18:11+00:00","dateModified":"2026-04-05T06:00:02+00:00","description":"Compra Auv240-32g-rbk Memoria 32gb Usb 2.0 Uv240 Negro () + Env\u00edo a domicilio + Pago seguro + Garant\u00eda","breadcrumb":{"@id":"https:\/\/compuviper.mx\/tienda\/producto\/adata-auv240-32g-rbk-memoria-32gb-usb-2-0-uv240-negro\/#breadcrumb"},"inLanguage":"es-MX","potentialAction":[{"@type":"ReadAction","target":["https:\/\/compuviper.mx\/tienda\/producto\/adata-auv240-32g-rbk-memoria-32gb-usb-2-0-uv240-negro\/"]}]},{"@type":"BreadcrumbList","@id":"https:\/\/compuviper.mx\/tienda\/producto\/adata-auv240-32g-rbk-memoria-32gb-usb-2-0-uv240-negro\/#breadcrumb","itemListElement":[{"@type":"ListItem","position":1,"name":"Inicio","item":"https:\/\/compuviper.mx\/tienda\/"},{"@type":"ListItem","position":2,"name":"Productos","item":"https:\/\/compuviper.mx\/tienda\/productos\/"},{"@type":"ListItem","position":3,"name":"Memorias","item":"https:\/\/compuviper.mx\/tienda\/categoria-producto\/memorias\/"},{"@type":"ListItem","position":4,"name":"Memoria Flash Usb","item":"https:\/\/compuviper.mx\/tienda\/categoria-producto\/memorias\/memoria-flash-usb\/"},{"@type":"ListItem","position":5,"name":"Adata Auv240-32g-rbk Memoria 32gb Usb 2.0 Uv240 Negro ()"}]},{"@type":"WebSite","@id":"https:\/\/compuviper.mx\/tienda\/#website","url":"https:\/\/compuviper.mx\/tienda\/","name":"Compuviper","description":"Proveedor de Computadoras, Laptops, Servidores, Monitores, Puntos de Venta, Teclados,   Impresoras, T\u00f3ner, C\u00e1maras de Seguridad y m\u00e1s en tu tienda en l\u00ednea","publisher":{"@id":"https:\/\/compuviper.mx\/tienda\/#organization"},"potentialAction":[{"@type":"SearchAction","target":{"@type":"EntryPoint","urlTemplate":"https:\/\/compuviper.mx\/tienda\/?s={search_term_string}"},"query-input":"required name=search_term_string"}],"inLanguage":"es-MX"},{"@type":"Organization","@id":"https:\/\/compuviper.mx\/tienda\/#organization","name":"Compuviper","url":"https:\/\/compuviper.mx\/tienda\/","logo":{"@type":"ImageObject","inLanguage":"es-MX","@id":"https:\/\/compuviper.mx\/tienda\/#\/schema\/logo\/image\/","url":"https:\/\/compuviper.mx\/tienda\/wp-content\/uploads\/2021\/08\/Logo-Compuviper-10.png","contentUrl":"https:\/\/compuviper.mx\/tienda\/wp-content\/uploads\/2021\/08\/Logo-Compuviper-10.png","width":1000,"height":500,"caption":"Compuviper"},"image":{"@id":"https:\/\/compuviper.mx\/tienda\/#\/schema\/logo\/image\/"},"sameAs":["https:\/\/www.facebook.com\/compuviper","https:\/\/www.youtube.com\/channel\/UCf73dERp9Y3cfOq7q8BhLjA?view_as=subscriber"]}]},"product_brand":"ADATA","product_price_amount":"87","product_price_currency":"MXN","og_availability":"instock","product_availability":"instock","product_retailer_item_id":"AUV240-32G-RBK","product_condition":"new"},"_links":{"self":[{"href":"https:\/\/compuviper.mx\/tienda\/wp-json\/wp\/v2\/product\/266821"}],"collection":[{"href":"https:\/\/compuviper.mx\/tienda\/wp-json\/wp\/v2\/product"}],"about":[{"href":"https:\/\/compuviper.mx\/tienda\/wp-json\/wp\/v2\/types\/product"}],"replies":[{"embeddable":true,"href":"https:\/\/compuviper.mx\/tienda\/wp-json\/wp\/v2\/comments?post=266821"}],"wp:featuredmedia":[{"embeddable":true,"href":"https:\/\/compuviper.mx\/tienda\/wp-json\/wp\/v2\/media\/266822"}],"wp:attachment":[{"href":"https:\/\/compuviper.mx\/tienda\/wp-json\/wp\/v2\/media?parent=266821"}],"wp:term":[{"taxonomy":"product_cat","embeddable":true,"href":"https:\/\/compuviper.mx\/tienda\/wp-json\/wp\/v2\/product_cat?post=266821"},{"taxonomy":"product_tag","embeddable":true,"href":"https:\/\/compuviper.mx\/tienda\/wp-json\/wp\/v2\/product_tag?post=266821"}],"curies":[{"name":"wp","href":"https:\/\/api.w.org\/{rel}","templated":true}]}}