{"id":266819,"date":"2026-04-02T23:19:12","date_gmt":"2026-04-03T05:19:12","guid":{"rendered":"https:\/\/compuviper.mx\/tienda\/producto\/adata-ausdx128guicl10a1-ra1-memoria-micro-sdxc-sdhc-128gb-uhs-i-100mb-25mb-clase-10-v10-a1-c-adaptador\/"},"modified":"2026-04-03T00:00:38","modified_gmt":"2026-04-03T06:00:38","slug":"adata-ausdx128guicl10a1-ra1-memoria-micro-sdxc-sdhc-128gb-uhs-i-100mb-25mb-clase-10-v10-a1-c-adaptador","status":"publish","type":"product","link":"https:\/\/compuviper.mx\/tienda\/producto\/adata-ausdx128guicl10a1-ra1-memoria-micro-sdxc-sdhc-128gb-uhs-i-100mb-25mb-clase-10-v10-a1-c-adaptador\/","title":{"rendered":"Adata Ausdx128guicl10a1-ra1 Memoria  Micro Sdxc\/sdhc 128gb Uhs-i 100mb\/25mb Clase 10 V10 A1 C\/adaptador"},"content":{"rendered":"<table class=\"descripcion\">\n<tr>\n<td>Capacidad 128gb<\/td>\n<\/tr>\n<tr>\n<td>Estndar sd 5.1<\/td>\n<\/tr>\n<tr>\n<td>Dimensiones l x an x al 15 x 11 x 1mm<\/td>\n<\/tr>\n<tr>\n<td>Peso 0,25g<\/td>\n<\/tr>\n<tr>\n<td>Voltaje en funcionamiento  2,7v &#8211; 3,6v<\/td>\n<\/tr>\n<tr>\n<td>Rendimiento de l\/e hasta 85mb \/ 25mb por seg<\/td>\n<\/tr>\n<tr>\n<td> velocidad de lectura \/ escritura basada en pruebas internas de adata, el rendimiento real puede variar<\/td>\n<\/tr>\n<tr>\n<td>Clase de velocidad velocidad uhs : clase 1<\/td>\n<\/tr>\n<tr>\n<td>Clase de velocidad : clase 10<\/td>\n<\/tr>\n<tr>\n<td>Clase de velocidad de vdeo : v10<\/td>\n<\/tr>\n<tr>\n<td>Compatibilidad telfonos inteligentes \/ tabletas \/ grabadores de salpicadero<\/td>\n<\/tr>\n<tr>\n<td>Temperatura en funcionamiento -25\u00b0c &#8211; 85\u00b0c<\/td>\n<\/tr>\n<tr>\n<td>Certificaciones fcc, ce, vcci<\/td>\n<\/tr>\n<tr>\n<td>Garanta  de por vida<\/td>\n<\/tr>\n<\/table>\n","protected":false},"excerpt":{"rendered":"<p>Las tarjetas de memoria premier microsdxc\/sdhc uhs-i clase 10 ofrecen velocidades de lectura de hasta 85mb por segundo para transferencias rpidas de archivos. Con una clasificacin de rendimiento de clase 10, las tarjetas de memoria premier microsdxc\/sdhc uhs-i posibilitan la grabacin ininterrumpida de vdeo full hd de alta calidad en telfonos inteligentes y tabletas. Con la especificacin v10 clase de velocidad de vdeo, pueden grabar hasta 10mb de vdeo por segundo. Disponible en 16gb a 128gb y con una slida proteccin mltiple, las tarjetas de memoria premier microsdxc\/sdhc uhs-i permiten a los entusiastas de los dispositivos mviles grabar y compartir fcilmente los mejores recuerdos<\/p>\n","protected":false},"featured_media":266820,"comment_status":"open","ping_status":"open","template":"","meta":[],"product_cat":[1795,1793],"product_tag":[1539],"acf":[],"yoast_head":"<!-- This site is optimized with the Yoast SEO plugin v21.7 - https:\/\/yoast.com\/wordpress\/plugins\/seo\/ -->\n<title>[ Adata ] &#129351; Ausdx128guicl10a1-ra1 Memoria Micro Sdxc\/sdhc 128gb Uhs-i 100mb\/25mb Clase 10 V10 A1 C\/adaptador<\/title>\n<meta name=\"description\" content=\"Compra Ausdx128guicl10a1-ra1 Memoria Micro Sdxc\/sdhc 128gb Uhs-i 100mb\/25mb Clase 10 V10 A1 C\/adaptador + Env\u00edo a domicilio + Pago seguro + Garant\u00eda\" \/>\n<meta name=\"robots\" content=\"index, follow, max-snippet:-1, max-image-preview:large, max-video-preview:-1\" \/>\n<link rel=\"canonical\" href=\"https:\/\/compuviper.mx\/tienda\/producto\/adata-ausdx128guicl10a1-ra1-memoria-micro-sdxc-sdhc-128gb-uhs-i-100mb-25mb-clase-10-v10-a1-c-adaptador\/\" \/>\n<meta property=\"og:locale\" content=\"es_MX\" \/>\n<meta property=\"og:type\" content=\"article\" \/>\n<meta property=\"og:title\" content=\"[ Adata ] &#129351; Ausdx128guicl10a1-ra1 Memoria Micro Sdxc\/sdhc 128gb Uhs-i 100mb\/25mb Clase 10 V10 A1 C\/adaptador\" \/>\n<meta property=\"og:description\" content=\"Compra Ausdx128guicl10a1-ra1 Memoria Micro Sdxc\/sdhc 128gb Uhs-i 100mb\/25mb Clase 10 V10 A1 C\/adaptador + Env\u00edo a domicilio + Pago seguro + Garant\u00eda\" \/>\n<meta property=\"og:url\" content=\"https:\/\/compuviper.mx\/tienda\/producto\/adata-ausdx128guicl10a1-ra1-memoria-micro-sdxc-sdhc-128gb-uhs-i-100mb-25mb-clase-10-v10-a1-c-adaptador\/\" \/>\n<meta property=\"og:site_name\" content=\"Compuviper\" \/>\n<meta property=\"article:publisher\" content=\"https:\/\/www.facebook.com\/compuviper\" \/>\n<meta property=\"article:modified_time\" content=\"2026-04-03T06:00:38+00:00\" \/>\n<meta property=\"og:image\" content=\"https:\/\/compuviper.mx\/tienda\/wp-content\/uploads\/2026\/02\/Memoria-adata-micro-sdxcsdhc-128gb-uhs-i-100mb25mb-clase-10-v10-a1-cadaptador-ausdx128guicl10a1-ra1.jpg\" \/>\n\t<meta property=\"og:image:width\" content=\"200\" \/>\n\t<meta property=\"og:image:height\" content=\"200\" \/>\n\t<meta property=\"og:image:type\" content=\"image\/jpeg\" \/>\n<meta name=\"twitter:card\" content=\"summary_large_image\" \/>\n<meta name=\"twitter:label1\" content=\"Precio\" \/>\n\t<meta name=\"twitter:data1\" content=\"&#36;288 con IVA\" \/>\n\t<meta name=\"twitter:label2\" content=\"Availability\" \/>\n\t<meta name=\"twitter:data2\" content=\"In stock\" \/>\n<script type=\"application\/ld+json\" class=\"yoast-schema-graph\">{\"@context\":\"https:\/\/schema.org\",\"@graph\":[{\"@type\":\"WebPage\",\"@id\":\"https:\/\/compuviper.mx\/tienda\/producto\/adata-ausdx128guicl10a1-ra1-memoria-micro-sdxc-sdhc-128gb-uhs-i-100mb-25mb-clase-10-v10-a1-c-adaptador\/\",\"url\":\"https:\/\/compuviper.mx\/tienda\/producto\/adata-ausdx128guicl10a1-ra1-memoria-micro-sdxc-sdhc-128gb-uhs-i-100mb-25mb-clase-10-v10-a1-c-adaptador\/\",\"name\":\"[ Adata ] &#129351; Ausdx128guicl10a1-ra1 Memoria Micro Sdxc\/sdhc 128gb Uhs-i 100mb\/25mb Clase 10 V10 A1 C\/adaptador\",\"isPartOf\":{\"@id\":\"https:\/\/compuviper.mx\/tienda\/#website\"},\"datePublished\":\"2026-04-03T05:19:12+00:00\",\"dateModified\":\"2026-04-03T06:00:38+00:00\",\"description\":\"Compra Ausdx128guicl10a1-ra1 Memoria Micro Sdxc\/sdhc 128gb Uhs-i 100mb\/25mb Clase 10 V10 A1 C\/adaptador + Env\u00edo a domicilio + Pago seguro + Garant\u00eda\",\"breadcrumb\":{\"@id\":\"https:\/\/compuviper.mx\/tienda\/producto\/adata-ausdx128guicl10a1-ra1-memoria-micro-sdxc-sdhc-128gb-uhs-i-100mb-25mb-clase-10-v10-a1-c-adaptador\/#breadcrumb\"},\"inLanguage\":\"es-MX\",\"potentialAction\":[{\"@type\":\"ReadAction\",\"target\":[\"https:\/\/compuviper.mx\/tienda\/producto\/adata-ausdx128guicl10a1-ra1-memoria-micro-sdxc-sdhc-128gb-uhs-i-100mb-25mb-clase-10-v10-a1-c-adaptador\/\"]}]},{\"@type\":\"BreadcrumbList\",\"@id\":\"https:\/\/compuviper.mx\/tienda\/producto\/adata-ausdx128guicl10a1-ra1-memoria-micro-sdxc-sdhc-128gb-uhs-i-100mb-25mb-clase-10-v10-a1-c-adaptador\/#breadcrumb\",\"itemListElement\":[{\"@type\":\"ListItem\",\"position\":1,\"name\":\"Inicio\",\"item\":\"https:\/\/compuviper.mx\/tienda\/\"},{\"@type\":\"ListItem\",\"position\":2,\"name\":\"Productos\",\"item\":\"https:\/\/compuviper.mx\/tienda\/productos\/\"},{\"@type\":\"ListItem\",\"position\":3,\"name\":\"Memorias\",\"item\":\"https:\/\/compuviper.mx\/tienda\/categoria-producto\/memorias\/\"},{\"@type\":\"ListItem\",\"position\":4,\"name\":\"Memoria Flash Card\",\"item\":\"https:\/\/compuviper.mx\/tienda\/categoria-producto\/memorias\/memoria-flash-card\/\"},{\"@type\":\"ListItem\",\"position\":5,\"name\":\"Adata Ausdx128guicl10a1-ra1 Memoria Micro Sdxc\/sdhc 128gb Uhs-i 100mb\/25mb Clase 10 V10 A1 C\/adaptador\"}]},{\"@type\":\"WebSite\",\"@id\":\"https:\/\/compuviper.mx\/tienda\/#website\",\"url\":\"https:\/\/compuviper.mx\/tienda\/\",\"name\":\"Compuviper\",\"description\":\"Proveedor de Computadoras, Laptops, Servidores, Monitores, Puntos de Venta, Teclados,   Impresoras, T\u00f3ner, C\u00e1maras de Seguridad y m\u00e1s en tu tienda en l\u00ednea\",\"publisher\":{\"@id\":\"https:\/\/compuviper.mx\/tienda\/#organization\"},\"potentialAction\":[{\"@type\":\"SearchAction\",\"target\":{\"@type\":\"EntryPoint\",\"urlTemplate\":\"https:\/\/compuviper.mx\/tienda\/?s={search_term_string}\"},\"query-input\":\"required name=search_term_string\"}],\"inLanguage\":\"es-MX\"},{\"@type\":\"Organization\",\"@id\":\"https:\/\/compuviper.mx\/tienda\/#organization\",\"name\":\"Compuviper\",\"url\":\"https:\/\/compuviper.mx\/tienda\/\",\"logo\":{\"@type\":\"ImageObject\",\"inLanguage\":\"es-MX\",\"@id\":\"https:\/\/compuviper.mx\/tienda\/#\/schema\/logo\/image\/\",\"url\":\"https:\/\/compuviper.mx\/tienda\/wp-content\/uploads\/2021\/08\/Logo-Compuviper-10.png\",\"contentUrl\":\"https:\/\/compuviper.mx\/tienda\/wp-content\/uploads\/2021\/08\/Logo-Compuviper-10.png\",\"width\":1000,\"height\":500,\"caption\":\"Compuviper\"},\"image\":{\"@id\":\"https:\/\/compuviper.mx\/tienda\/#\/schema\/logo\/image\/\"},\"sameAs\":[\"https:\/\/www.facebook.com\/compuviper\",\"https:\/\/www.youtube.com\/channel\/UCf73dERp9Y3cfOq7q8BhLjA?view_as=subscriber\"]}]}<\/script>\n<meta property=\"product:brand\" content=\"ADATA\" \/>\n<meta property=\"product:price:amount\" content=\"288\" \/>\n<meta property=\"product:price:currency\" content=\"MXN\" \/>\n<meta property=\"og:availability\" content=\"instock\" \/>\n<meta property=\"product:availability\" content=\"instock\" \/>\n<meta property=\"product:retailer_item_id\" content=\"AUSDX128GUICL10A1-RA1\" \/>\n<meta property=\"product:condition\" content=\"new\" \/>\n<!-- \/ Yoast SEO plugin. -->","yoast_head_json":{"title":"[ Adata ] &#129351; Ausdx128guicl10a1-ra1 Memoria Micro Sdxc\/sdhc 128gb Uhs-i 100mb\/25mb Clase 10 V10 A1 C\/adaptador","description":"Compra Ausdx128guicl10a1-ra1 Memoria Micro Sdxc\/sdhc 128gb Uhs-i 100mb\/25mb Clase 10 V10 A1 C\/adaptador + Env\u00edo a domicilio + Pago seguro + Garant\u00eda","robots":{"index":"index","follow":"follow","max-snippet":"max-snippet:-1","max-image-preview":"max-image-preview:large","max-video-preview":"max-video-preview:-1"},"canonical":"https:\/\/compuviper.mx\/tienda\/producto\/adata-ausdx128guicl10a1-ra1-memoria-micro-sdxc-sdhc-128gb-uhs-i-100mb-25mb-clase-10-v10-a1-c-adaptador\/","og_locale":"es_MX","og_type":"article","og_title":"[ Adata ] &#129351; Ausdx128guicl10a1-ra1 Memoria Micro Sdxc\/sdhc 128gb Uhs-i 100mb\/25mb Clase 10 V10 A1 C\/adaptador","og_description":"Compra Ausdx128guicl10a1-ra1 Memoria Micro Sdxc\/sdhc 128gb Uhs-i 100mb\/25mb Clase 10 V10 A1 C\/adaptador + Env\u00edo a domicilio + Pago seguro + Garant\u00eda","og_url":"https:\/\/compuviper.mx\/tienda\/producto\/adata-ausdx128guicl10a1-ra1-memoria-micro-sdxc-sdhc-128gb-uhs-i-100mb-25mb-clase-10-v10-a1-c-adaptador\/","og_site_name":"Compuviper","article_publisher":"https:\/\/www.facebook.com\/compuviper","article_modified_time":"2026-04-03T06:00:38+00:00","og_image":[{"width":200,"height":200,"url":"https:\/\/compuviper.mx\/tienda\/wp-content\/uploads\/2026\/02\/Memoria-adata-micro-sdxcsdhc-128gb-uhs-i-100mb25mb-clase-10-v10-a1-cadaptador-ausdx128guicl10a1-ra1.jpg","type":"image\/jpeg"}],"twitter_card":"summary_large_image","twitter_misc":{"Precio":"&#36;288 con IVA","Availability":"In stock"},"schema":{"@context":"https:\/\/schema.org","@graph":[{"@type":"WebPage","@id":"https:\/\/compuviper.mx\/tienda\/producto\/adata-ausdx128guicl10a1-ra1-memoria-micro-sdxc-sdhc-128gb-uhs-i-100mb-25mb-clase-10-v10-a1-c-adaptador\/","url":"https:\/\/compuviper.mx\/tienda\/producto\/adata-ausdx128guicl10a1-ra1-memoria-micro-sdxc-sdhc-128gb-uhs-i-100mb-25mb-clase-10-v10-a1-c-adaptador\/","name":"[ Adata ] &#129351; Ausdx128guicl10a1-ra1 Memoria Micro Sdxc\/sdhc 128gb Uhs-i 100mb\/25mb Clase 10 V10 A1 C\/adaptador","isPartOf":{"@id":"https:\/\/compuviper.mx\/tienda\/#website"},"datePublished":"2026-04-03T05:19:12+00:00","dateModified":"2026-04-03T06:00:38+00:00","description":"Compra Ausdx128guicl10a1-ra1 Memoria Micro Sdxc\/sdhc 128gb Uhs-i 100mb\/25mb Clase 10 V10 A1 C\/adaptador + Env\u00edo a domicilio + Pago seguro + Garant\u00eda","breadcrumb":{"@id":"https:\/\/compuviper.mx\/tienda\/producto\/adata-ausdx128guicl10a1-ra1-memoria-micro-sdxc-sdhc-128gb-uhs-i-100mb-25mb-clase-10-v10-a1-c-adaptador\/#breadcrumb"},"inLanguage":"es-MX","potentialAction":[{"@type":"ReadAction","target":["https:\/\/compuviper.mx\/tienda\/producto\/adata-ausdx128guicl10a1-ra1-memoria-micro-sdxc-sdhc-128gb-uhs-i-100mb-25mb-clase-10-v10-a1-c-adaptador\/"]}]},{"@type":"BreadcrumbList","@id":"https:\/\/compuviper.mx\/tienda\/producto\/adata-ausdx128guicl10a1-ra1-memoria-micro-sdxc-sdhc-128gb-uhs-i-100mb-25mb-clase-10-v10-a1-c-adaptador\/#breadcrumb","itemListElement":[{"@type":"ListItem","position":1,"name":"Inicio","item":"https:\/\/compuviper.mx\/tienda\/"},{"@type":"ListItem","position":2,"name":"Productos","item":"https:\/\/compuviper.mx\/tienda\/productos\/"},{"@type":"ListItem","position":3,"name":"Memorias","item":"https:\/\/compuviper.mx\/tienda\/categoria-producto\/memorias\/"},{"@type":"ListItem","position":4,"name":"Memoria Flash Card","item":"https:\/\/compuviper.mx\/tienda\/categoria-producto\/memorias\/memoria-flash-card\/"},{"@type":"ListItem","position":5,"name":"Adata Ausdx128guicl10a1-ra1 Memoria Micro Sdxc\/sdhc 128gb Uhs-i 100mb\/25mb Clase 10 V10 A1 C\/adaptador"}]},{"@type":"WebSite","@id":"https:\/\/compuviper.mx\/tienda\/#website","url":"https:\/\/compuviper.mx\/tienda\/","name":"Compuviper","description":"Proveedor de Computadoras, Laptops, Servidores, Monitores, Puntos de Venta, Teclados,   Impresoras, T\u00f3ner, C\u00e1maras de Seguridad y m\u00e1s en tu tienda en l\u00ednea","publisher":{"@id":"https:\/\/compuviper.mx\/tienda\/#organization"},"potentialAction":[{"@type":"SearchAction","target":{"@type":"EntryPoint","urlTemplate":"https:\/\/compuviper.mx\/tienda\/?s={search_term_string}"},"query-input":"required name=search_term_string"}],"inLanguage":"es-MX"},{"@type":"Organization","@id":"https:\/\/compuviper.mx\/tienda\/#organization","name":"Compuviper","url":"https:\/\/compuviper.mx\/tienda\/","logo":{"@type":"ImageObject","inLanguage":"es-MX","@id":"https:\/\/compuviper.mx\/tienda\/#\/schema\/logo\/image\/","url":"https:\/\/compuviper.mx\/tienda\/wp-content\/uploads\/2021\/08\/Logo-Compuviper-10.png","contentUrl":"https:\/\/compuviper.mx\/tienda\/wp-content\/uploads\/2021\/08\/Logo-Compuviper-10.png","width":1000,"height":500,"caption":"Compuviper"},"image":{"@id":"https:\/\/compuviper.mx\/tienda\/#\/schema\/logo\/image\/"},"sameAs":["https:\/\/www.facebook.com\/compuviper","https:\/\/www.youtube.com\/channel\/UCf73dERp9Y3cfOq7q8BhLjA?view_as=subscriber"]}]},"product_brand":"ADATA","product_price_amount":"288","product_price_currency":"MXN","og_availability":"instock","product_availability":"instock","product_retailer_item_id":"AUSDX128GUICL10A1-RA1","product_condition":"new"},"_links":{"self":[{"href":"https:\/\/compuviper.mx\/tienda\/wp-json\/wp\/v2\/product\/266819"}],"collection":[{"href":"https:\/\/compuviper.mx\/tienda\/wp-json\/wp\/v2\/product"}],"about":[{"href":"https:\/\/compuviper.mx\/tienda\/wp-json\/wp\/v2\/types\/product"}],"replies":[{"embeddable":true,"href":"https:\/\/compuviper.mx\/tienda\/wp-json\/wp\/v2\/comments?post=266819"}],"wp:featuredmedia":[{"embeddable":true,"href":"https:\/\/compuviper.mx\/tienda\/wp-json\/wp\/v2\/media\/266820"}],"wp:attachment":[{"href":"https:\/\/compuviper.mx\/tienda\/wp-json\/wp\/v2\/media?parent=266819"}],"wp:term":[{"taxonomy":"product_cat","embeddable":true,"href":"https:\/\/compuviper.mx\/tienda\/wp-json\/wp\/v2\/product_cat?post=266819"},{"taxonomy":"product_tag","embeddable":true,"href":"https:\/\/compuviper.mx\/tienda\/wp-json\/wp\/v2\/product_tag?post=266819"}],"curies":[{"name":"wp","href":"https:\/\/api.w.org\/{rel}","templated":true}]}}