{"id":266815,"date":"2026-05-01T01:39:27","date_gmt":"2026-05-01T07:39:27","guid":{"rendered":"https:\/\/compuviper.mx\/tienda\/producto\/adata-ac008-64g-rkd-memoria-64gb-usb-2-0-c008-retractil-negro-rojo\/"},"modified":"2026-05-01T01:39:28","modified_gmt":"2026-05-01T07:39:28","slug":"adata-ac008-64g-rkd-memoria-64gb-usb-2-0-c008-retractil-negro-rojo","status":"publish","type":"product","link":"https:\/\/compuviper.mx\/tienda\/producto\/adata-ac008-64g-rkd-memoria-64gb-usb-2-0-c008-retractil-negro-rojo\/","title":{"rendered":"Adata Ac008-64g-rkd Memoria  64gb Usb 2.0 C008 Retractil Negro-rojo ( )"},"content":{"rendered":"<table class=\"descripcion\">\n<tr>\n<td>Capacity  64gb<\/td>\n<\/tr>\n<tr>\n<td>Dimension (l x w x h)  59.6 x 19.5 x 9.5mm (l x w x h)<\/td>\n<\/tr>\n<tr>\n<td>Weight 10g<\/td>\n<\/tr>\n<tr>\n<td>Device interface  usb 2.0<\/td>\n<\/tr>\n<tr>\n<td>Hot plug  and  play  yes<\/td>\n<\/tr>\n<tr>\n<td>Power  usb bus power<\/td>\n<\/tr>\n<tr>\n<td>Os supported  windows98\/ 2000\/xp\/ vista \/7<\/td>\n<\/tr>\n<tr>\n<td>Mac os 9.0 or later<\/td>\n<\/tr>\n<tr>\n<td>Linux kernel 2.4 or later<\/td>\n<\/tr>\n<tr>\n<td>Garantia: 5 a\u00f1os<\/td>\n<\/tr>\n<\/table>\n","protected":false},"excerpt":{"rendered":"<p>El dise\u00f1o elegante y un conector usb deslizante, que se extiende suavemente desde la unidad en el empuje de un dedo pulgar. El dise\u00f1o mec\u00e1nico sin tapa elimina la molestia de tapas de la unidad perdida. El conector usb puede estar listo para su uso con una sola mano, para una mayor comodidad cuando la velocidad es una necesidad<\/p>\n","protected":false},"featured_media":266816,"comment_status":"open","ping_status":"open","template":"","meta":[],"product_cat":[1793,1796],"product_tag":[1539],"acf":[],"yoast_head":"<!-- This site is optimized with the Yoast SEO plugin v21.7 - https:\/\/yoast.com\/wordpress\/plugins\/seo\/ -->\n<title>[ Adata ] &#129351; Ac008-64g-rkd Memoria 64gb Usb 2.0 C008 Retractil Negro-rojo ( )<\/title>\n<meta name=\"description\" content=\"Compra Ac008-64g-rkd Memoria 64gb Usb 2.0 C008 Retractil Negro-rojo ( ) + Env\u00edo a domicilio + Pago seguro + Garant\u00eda\" \/>\n<meta name=\"robots\" content=\"index, follow, max-snippet:-1, max-image-preview:large, max-video-preview:-1\" \/>\n<link rel=\"canonical\" href=\"https:\/\/compuviper.mx\/tienda\/producto\/adata-ac008-64g-rkd-memoria-64gb-usb-2-0-c008-retractil-negro-rojo\/\" \/>\n<meta property=\"og:locale\" content=\"es_MX\" \/>\n<meta property=\"og:type\" content=\"article\" \/>\n<meta property=\"og:title\" content=\"[ Adata ] &#129351; Ac008-64g-rkd Memoria 64gb Usb 2.0 C008 Retractil Negro-rojo ( )\" \/>\n<meta property=\"og:description\" content=\"Compra Ac008-64g-rkd Memoria 64gb Usb 2.0 C008 Retractil Negro-rojo ( ) + Env\u00edo a domicilio + Pago seguro + Garant\u00eda\" \/>\n<meta property=\"og:url\" content=\"https:\/\/compuviper.mx\/tienda\/producto\/adata-ac008-64g-rkd-memoria-64gb-usb-2-0-c008-retractil-negro-rojo\/\" \/>\n<meta property=\"og:site_name\" content=\"Compuviper\" \/>\n<meta property=\"article:publisher\" content=\"https:\/\/www.facebook.com\/compuviper\" \/>\n<meta property=\"article:modified_time\" content=\"2026-05-01T07:39:28+00:00\" \/>\n<meta property=\"og:image\" content=\"https:\/\/compuviper.mx\/tienda\/wp-content\/uploads\/2026\/02\/Memoria-adata-64gb-usb-2.0-c008-retractil-negro-rojo-ac008-64g-rkd.jpg\" \/>\n\t<meta property=\"og:image:width\" content=\"200\" \/>\n\t<meta property=\"og:image:height\" content=\"200\" \/>\n\t<meta property=\"og:image:type\" content=\"image\/jpeg\" \/>\n<meta name=\"twitter:card\" content=\"summary_large_image\" \/>\n<meta name=\"twitter:label1\" content=\"Precio\" \/>\n\t<meta name=\"twitter:data1\" content=\"&#36;95 con IVA\" \/>\n\t<meta name=\"twitter:label2\" content=\"Availability\" \/>\n\t<meta name=\"twitter:data2\" content=\"In stock\" \/>\n<script type=\"application\/ld+json\" class=\"yoast-schema-graph\">{\"@context\":\"https:\/\/schema.org\",\"@graph\":[{\"@type\":\"WebPage\",\"@id\":\"https:\/\/compuviper.mx\/tienda\/producto\/adata-ac008-64g-rkd-memoria-64gb-usb-2-0-c008-retractil-negro-rojo\/\",\"url\":\"https:\/\/compuviper.mx\/tienda\/producto\/adata-ac008-64g-rkd-memoria-64gb-usb-2-0-c008-retractil-negro-rojo\/\",\"name\":\"[ Adata ] &#129351; Ac008-64g-rkd Memoria 64gb Usb 2.0 C008 Retractil Negro-rojo ( )\",\"isPartOf\":{\"@id\":\"https:\/\/compuviper.mx\/tienda\/#website\"},\"datePublished\":\"2026-05-01T07:39:27+00:00\",\"dateModified\":\"2026-05-01T07:39:28+00:00\",\"description\":\"Compra Ac008-64g-rkd Memoria 64gb Usb 2.0 C008 Retractil Negro-rojo ( ) + Env\u00edo a domicilio + Pago seguro + Garant\u00eda\",\"breadcrumb\":{\"@id\":\"https:\/\/compuviper.mx\/tienda\/producto\/adata-ac008-64g-rkd-memoria-64gb-usb-2-0-c008-retractil-negro-rojo\/#breadcrumb\"},\"inLanguage\":\"es-MX\",\"potentialAction\":[{\"@type\":\"ReadAction\",\"target\":[\"https:\/\/compuviper.mx\/tienda\/producto\/adata-ac008-64g-rkd-memoria-64gb-usb-2-0-c008-retractil-negro-rojo\/\"]}]},{\"@type\":\"BreadcrumbList\",\"@id\":\"https:\/\/compuviper.mx\/tienda\/producto\/adata-ac008-64g-rkd-memoria-64gb-usb-2-0-c008-retractil-negro-rojo\/#breadcrumb\",\"itemListElement\":[{\"@type\":\"ListItem\",\"position\":1,\"name\":\"Inicio\",\"item\":\"https:\/\/compuviper.mx\/tienda\/\"},{\"@type\":\"ListItem\",\"position\":2,\"name\":\"Productos\",\"item\":\"https:\/\/compuviper.mx\/tienda\/productos\/\"},{\"@type\":\"ListItem\",\"position\":3,\"name\":\"Memorias\",\"item\":\"https:\/\/compuviper.mx\/tienda\/categoria-producto\/memorias\/\"},{\"@type\":\"ListItem\",\"position\":4,\"name\":\"Memoria Flash Usb\",\"item\":\"https:\/\/compuviper.mx\/tienda\/categoria-producto\/memorias\/memoria-flash-usb\/\"},{\"@type\":\"ListItem\",\"position\":5,\"name\":\"Adata Ac008-64g-rkd Memoria 64gb Usb 2.0 C008 Retractil Negro-rojo ( )\"}]},{\"@type\":\"WebSite\",\"@id\":\"https:\/\/compuviper.mx\/tienda\/#website\",\"url\":\"https:\/\/compuviper.mx\/tienda\/\",\"name\":\"Compuviper\",\"description\":\"Proveedor de Computadoras, Laptops, Servidores, Monitores, Puntos de Venta, Teclados,   Impresoras, T\u00f3ner, C\u00e1maras de Seguridad y m\u00e1s en tu tienda en l\u00ednea\",\"publisher\":{\"@id\":\"https:\/\/compuviper.mx\/tienda\/#organization\"},\"potentialAction\":[{\"@type\":\"SearchAction\",\"target\":{\"@type\":\"EntryPoint\",\"urlTemplate\":\"https:\/\/compuviper.mx\/tienda\/?s={search_term_string}\"},\"query-input\":\"required name=search_term_string\"}],\"inLanguage\":\"es-MX\"},{\"@type\":\"Organization\",\"@id\":\"https:\/\/compuviper.mx\/tienda\/#organization\",\"name\":\"Compuviper\",\"url\":\"https:\/\/compuviper.mx\/tienda\/\",\"logo\":{\"@type\":\"ImageObject\",\"inLanguage\":\"es-MX\",\"@id\":\"https:\/\/compuviper.mx\/tienda\/#\/schema\/logo\/image\/\",\"url\":\"https:\/\/compuviper.mx\/tienda\/wp-content\/uploads\/2021\/08\/Logo-Compuviper-10.png\",\"contentUrl\":\"https:\/\/compuviper.mx\/tienda\/wp-content\/uploads\/2021\/08\/Logo-Compuviper-10.png\",\"width\":1000,\"height\":500,\"caption\":\"Compuviper\"},\"image\":{\"@id\":\"https:\/\/compuviper.mx\/tienda\/#\/schema\/logo\/image\/\"},\"sameAs\":[\"https:\/\/www.facebook.com\/compuviper\",\"https:\/\/www.youtube.com\/channel\/UCf73dERp9Y3cfOq7q8BhLjA?view_as=subscriber\"]}]}<\/script>\n<meta property=\"product:brand\" content=\"ADATA\" \/>\n<meta property=\"product:price:amount\" content=\"95\" \/>\n<meta property=\"product:price:currency\" content=\"MXN\" \/>\n<meta property=\"og:availability\" content=\"instock\" \/>\n<meta property=\"product:availability\" content=\"instock\" \/>\n<meta property=\"product:retailer_item_id\" content=\"AC008-64G-RKD\" \/>\n<meta property=\"product:condition\" content=\"new\" \/>\n<!-- \/ Yoast SEO plugin. -->","yoast_head_json":{"title":"[ Adata ] &#129351; Ac008-64g-rkd Memoria 64gb Usb 2.0 C008 Retractil Negro-rojo ( )","description":"Compra Ac008-64g-rkd Memoria 64gb Usb 2.0 C008 Retractil Negro-rojo ( ) + Env\u00edo a domicilio + Pago seguro + Garant\u00eda","robots":{"index":"index","follow":"follow","max-snippet":"max-snippet:-1","max-image-preview":"max-image-preview:large","max-video-preview":"max-video-preview:-1"},"canonical":"https:\/\/compuviper.mx\/tienda\/producto\/adata-ac008-64g-rkd-memoria-64gb-usb-2-0-c008-retractil-negro-rojo\/","og_locale":"es_MX","og_type":"article","og_title":"[ Adata ] &#129351; Ac008-64g-rkd Memoria 64gb Usb 2.0 C008 Retractil Negro-rojo ( )","og_description":"Compra Ac008-64g-rkd Memoria 64gb Usb 2.0 C008 Retractil Negro-rojo ( ) + Env\u00edo a domicilio + Pago seguro + Garant\u00eda","og_url":"https:\/\/compuviper.mx\/tienda\/producto\/adata-ac008-64g-rkd-memoria-64gb-usb-2-0-c008-retractil-negro-rojo\/","og_site_name":"Compuviper","article_publisher":"https:\/\/www.facebook.com\/compuviper","article_modified_time":"2026-05-01T07:39:28+00:00","og_image":[{"width":200,"height":200,"url":"https:\/\/compuviper.mx\/tienda\/wp-content\/uploads\/2026\/02\/Memoria-adata-64gb-usb-2.0-c008-retractil-negro-rojo-ac008-64g-rkd.jpg","type":"image\/jpeg"}],"twitter_card":"summary_large_image","twitter_misc":{"Precio":"&#36;95 con IVA","Availability":"In stock"},"schema":{"@context":"https:\/\/schema.org","@graph":[{"@type":"WebPage","@id":"https:\/\/compuviper.mx\/tienda\/producto\/adata-ac008-64g-rkd-memoria-64gb-usb-2-0-c008-retractil-negro-rojo\/","url":"https:\/\/compuviper.mx\/tienda\/producto\/adata-ac008-64g-rkd-memoria-64gb-usb-2-0-c008-retractil-negro-rojo\/","name":"[ Adata ] &#129351; Ac008-64g-rkd Memoria 64gb Usb 2.0 C008 Retractil Negro-rojo ( )","isPartOf":{"@id":"https:\/\/compuviper.mx\/tienda\/#website"},"datePublished":"2026-05-01T07:39:27+00:00","dateModified":"2026-05-01T07:39:28+00:00","description":"Compra Ac008-64g-rkd Memoria 64gb Usb 2.0 C008 Retractil Negro-rojo ( ) + Env\u00edo a domicilio + Pago seguro + Garant\u00eda","breadcrumb":{"@id":"https:\/\/compuviper.mx\/tienda\/producto\/adata-ac008-64g-rkd-memoria-64gb-usb-2-0-c008-retractil-negro-rojo\/#breadcrumb"},"inLanguage":"es-MX","potentialAction":[{"@type":"ReadAction","target":["https:\/\/compuviper.mx\/tienda\/producto\/adata-ac008-64g-rkd-memoria-64gb-usb-2-0-c008-retractil-negro-rojo\/"]}]},{"@type":"BreadcrumbList","@id":"https:\/\/compuviper.mx\/tienda\/producto\/adata-ac008-64g-rkd-memoria-64gb-usb-2-0-c008-retractil-negro-rojo\/#breadcrumb","itemListElement":[{"@type":"ListItem","position":1,"name":"Inicio","item":"https:\/\/compuviper.mx\/tienda\/"},{"@type":"ListItem","position":2,"name":"Productos","item":"https:\/\/compuviper.mx\/tienda\/productos\/"},{"@type":"ListItem","position":3,"name":"Memorias","item":"https:\/\/compuviper.mx\/tienda\/categoria-producto\/memorias\/"},{"@type":"ListItem","position":4,"name":"Memoria Flash Usb","item":"https:\/\/compuviper.mx\/tienda\/categoria-producto\/memorias\/memoria-flash-usb\/"},{"@type":"ListItem","position":5,"name":"Adata Ac008-64g-rkd Memoria 64gb Usb 2.0 C008 Retractil Negro-rojo ( )"}]},{"@type":"WebSite","@id":"https:\/\/compuviper.mx\/tienda\/#website","url":"https:\/\/compuviper.mx\/tienda\/","name":"Compuviper","description":"Proveedor de Computadoras, Laptops, Servidores, Monitores, Puntos de Venta, Teclados,   Impresoras, T\u00f3ner, C\u00e1maras de Seguridad y m\u00e1s en tu tienda en l\u00ednea","publisher":{"@id":"https:\/\/compuviper.mx\/tienda\/#organization"},"potentialAction":[{"@type":"SearchAction","target":{"@type":"EntryPoint","urlTemplate":"https:\/\/compuviper.mx\/tienda\/?s={search_term_string}"},"query-input":"required name=search_term_string"}],"inLanguage":"es-MX"},{"@type":"Organization","@id":"https:\/\/compuviper.mx\/tienda\/#organization","name":"Compuviper","url":"https:\/\/compuviper.mx\/tienda\/","logo":{"@type":"ImageObject","inLanguage":"es-MX","@id":"https:\/\/compuviper.mx\/tienda\/#\/schema\/logo\/image\/","url":"https:\/\/compuviper.mx\/tienda\/wp-content\/uploads\/2021\/08\/Logo-Compuviper-10.png","contentUrl":"https:\/\/compuviper.mx\/tienda\/wp-content\/uploads\/2021\/08\/Logo-Compuviper-10.png","width":1000,"height":500,"caption":"Compuviper"},"image":{"@id":"https:\/\/compuviper.mx\/tienda\/#\/schema\/logo\/image\/"},"sameAs":["https:\/\/www.facebook.com\/compuviper","https:\/\/www.youtube.com\/channel\/UCf73dERp9Y3cfOq7q8BhLjA?view_as=subscriber"]}]},"product_brand":"ADATA","product_price_amount":"95","product_price_currency":"MXN","og_availability":"instock","product_availability":"instock","product_retailer_item_id":"AC008-64G-RKD","product_condition":"new"},"_links":{"self":[{"href":"https:\/\/compuviper.mx\/tienda\/wp-json\/wp\/v2\/product\/266815"}],"collection":[{"href":"https:\/\/compuviper.mx\/tienda\/wp-json\/wp\/v2\/product"}],"about":[{"href":"https:\/\/compuviper.mx\/tienda\/wp-json\/wp\/v2\/types\/product"}],"replies":[{"embeddable":true,"href":"https:\/\/compuviper.mx\/tienda\/wp-json\/wp\/v2\/comments?post=266815"}],"wp:featuredmedia":[{"embeddable":true,"href":"https:\/\/compuviper.mx\/tienda\/wp-json\/wp\/v2\/media\/266816"}],"wp:attachment":[{"href":"https:\/\/compuviper.mx\/tienda\/wp-json\/wp\/v2\/media?parent=266815"}],"wp:term":[{"taxonomy":"product_cat","embeddable":true,"href":"https:\/\/compuviper.mx\/tienda\/wp-json\/wp\/v2\/product_cat?post=266815"},{"taxonomy":"product_tag","embeddable":true,"href":"https:\/\/compuviper.mx\/tienda\/wp-json\/wp\/v2\/product_tag?post=266815"}],"curies":[{"name":"wp","href":"https:\/\/api.w.org\/{rel}","templated":true}]}}