{"id":266809,"date":"2026-04-10T01:40:14","date_gmt":"2026-04-10T07:40:14","guid":{"rendered":"https:\/\/compuviper.mx\/tienda\/producto\/adata-auv128-32g-rbe-memoria-32gb-usb-3-2-uv128-retractil-negro-azul\/"},"modified":"2026-04-10T01:40:15","modified_gmt":"2026-04-10T07:40:15","slug":"adata-auv128-32g-rbe-memoria-32gb-usb-3-2-uv128-retractil-negro-azul","status":"publish","type":"product","link":"https:\/\/compuviper.mx\/tienda\/producto\/adata-auv128-32g-rbe-memoria-32gb-usb-3-2-uv128-retractil-negro-azul\/","title":{"rendered":"Adata Auv128-32g-rbe Memoria  32gb Usb 3.2 Uv128 Retractil Negro-azul ()"},"content":{"rendered":"<table class=\"descripcion\">\n<tr>\n<td>Capacidad: 32 gb<\/td>\n<\/tr>\n<tr>\n<td>Color: negro\/azul<\/td>\n<\/tr>\n<tr>\n<td>Dimensiones(l x w x h)<\/td>\n<\/tr>\n<tr>\n<td>60 x 20 x 9 mm<\/td>\n<\/tr>\n<tr>\n<td>Peso<\/td>\n<\/tr>\n<tr>\n<td>10g<\/td>\n<\/tr>\n<tr>\n<td>Interfaz<\/td>\n<\/tr>\n<tr>\n<td>Usb 3.2 (compatible con usb 2.0)<\/td>\n<\/tr>\n<tr>\n<td>Requisitos del sistema:<\/td>\n<\/tr>\n<tr>\n<td>Windows  xp\/vista \/ 7 o posterior<\/td>\n<\/tr>\n<tr>\n<td>Mac os 10.5 o posterior<\/td>\n<\/tr>\n<tr>\n<td>Linux: kernel 2.6 o posterior<\/td>\n<\/tr>\n<tr>\n<td>Temperatura<\/td>\n<\/tr>\n<tr>\n<td>De funcionamiento 0 ~ 60 \u00b0 c almacenamiento : 25 ~ 80 \u00b0 c<\/td>\n<\/tr>\n<tr>\n<td>Poder<\/td>\n<\/tr>\n<tr>\n<td>Alimentacion del bus usb<\/td>\n<\/tr>\n<tr>\n<td>Rendimiento<\/td>\n<\/tr>\n<tr>\n<td>Secuencial de escritura de hasta 40mb\/seg<\/td>\n<\/tr>\n<tr>\n<td>No incluye correa<\/td>\n<\/tr>\n<tr>\n<td>Nota 1. el rendimiento puede variar dependiendo de las plataformas y las aplicaciones.<\/td>\n<\/tr>\n<tr>\n<td>2. como tal, la capacidad disponible real para el almacenamiento de datos es inferior al mostrado en los productos.<\/td>\n<\/tr>\n<tr>\n<td>3. tenga en cuenta que usb 3.0, usb 3.1 gen1 y usb 3.2 gen1 son, de hecho, las mismas especificaciones y ofrecen las mismas capacidades de rendimiento. el foro de implementadores de usb (usb-if) recientemente cambi\u00f3 el nombre de usb 3.1 gen1 a usb 3.2 gen1. para obtener m\u00e1s informaci\u00f3n sobre el cambio, visite el sitio web de usb-if en www.usb.org.<\/td>\n<\/tr>\n<tr>\n<td>* tenga en cuenta que: parte de la capacidad mostrada en un dispositivo de almacenamiento se utiliza para el formateo y otras funciones, por lo que no est\u00e1 disponible para el almacenamiento de datos..<\/td>\n<\/tr>\n<tr>\n<td>Garantia: 5 a\u00f1os<\/td>\n<\/tr>\n<\/table>\n","protected":false},"excerpt":{"rendered":"<p>El elegante diseno incluye un conector usb deslizante, que se extiende suavemente desde la unidad en el empuje de un dedo pulgar. El diseno mecanico sin tapa elimina la molestia de tapas de la unidad perdida. El conector usb puede estar listo para su uso con una sola mano, para una mayor comodidad cuando la velocidad es una necesidad.<\/p>\n","protected":false},"featured_media":266810,"comment_status":"open","ping_status":"open","template":"","meta":[],"product_cat":[1793,1796],"product_tag":[1539],"acf":[],"yoast_head":"<!-- This site is optimized with the Yoast SEO plugin v21.7 - https:\/\/yoast.com\/wordpress\/plugins\/seo\/ -->\n<title>[ Adata ] &#129351; Auv128-32g-rbe Memoria 32gb Usb 3.2 Uv128 Retractil Negro-azul ()<\/title>\n<meta name=\"description\" content=\"Compra Auv128-32g-rbe Memoria 32gb Usb 3.2 Uv128 Retractil Negro-azul () + Env\u00edo a domicilio + Pago seguro + Garant\u00eda\" \/>\n<meta name=\"robots\" content=\"index, follow, max-snippet:-1, max-image-preview:large, max-video-preview:-1\" \/>\n<link rel=\"canonical\" href=\"https:\/\/compuviper.mx\/tienda\/producto\/adata-auv128-32g-rbe-memoria-32gb-usb-3-2-uv128-retractil-negro-azul\/\" \/>\n<meta property=\"og:locale\" content=\"es_MX\" \/>\n<meta property=\"og:type\" content=\"article\" \/>\n<meta property=\"og:title\" content=\"[ Adata ] &#129351; Auv128-32g-rbe Memoria 32gb Usb 3.2 Uv128 Retractil Negro-azul ()\" \/>\n<meta property=\"og:description\" content=\"Compra Auv128-32g-rbe Memoria 32gb Usb 3.2 Uv128 Retractil Negro-azul () + Env\u00edo a domicilio + Pago seguro + Garant\u00eda\" \/>\n<meta property=\"og:url\" content=\"https:\/\/compuviper.mx\/tienda\/producto\/adata-auv128-32g-rbe-memoria-32gb-usb-3-2-uv128-retractil-negro-azul\/\" \/>\n<meta property=\"og:site_name\" content=\"Compuviper\" \/>\n<meta property=\"article:publisher\" content=\"https:\/\/www.facebook.com\/compuviper\" \/>\n<meta property=\"article:modified_time\" content=\"2026-04-10T07:40:15+00:00\" \/>\n<meta property=\"og:image\" content=\"https:\/\/compuviper.mx\/tienda\/wp-content\/uploads\/2026\/02\/Memoria-adata-32gb-usb-3.2-uv128-retractil-negro-azul-auv128-32g-rbe.jpg\" \/>\n\t<meta property=\"og:image:width\" content=\"200\" \/>\n\t<meta property=\"og:image:height\" content=\"200\" \/>\n\t<meta property=\"og:image:type\" content=\"image\/jpeg\" \/>\n<meta name=\"twitter:card\" content=\"summary_large_image\" \/>\n<meta name=\"twitter:label1\" content=\"Precio\" \/>\n\t<meta name=\"twitter:data1\" content=\"&#36;91 con IVA\" \/>\n\t<meta name=\"twitter:label2\" content=\"Availability\" \/>\n\t<meta name=\"twitter:data2\" content=\"In stock\" \/>\n<script type=\"application\/ld+json\" class=\"yoast-schema-graph\">{\"@context\":\"https:\/\/schema.org\",\"@graph\":[{\"@type\":\"WebPage\",\"@id\":\"https:\/\/compuviper.mx\/tienda\/producto\/adata-auv128-32g-rbe-memoria-32gb-usb-3-2-uv128-retractil-negro-azul\/\",\"url\":\"https:\/\/compuviper.mx\/tienda\/producto\/adata-auv128-32g-rbe-memoria-32gb-usb-3-2-uv128-retractil-negro-azul\/\",\"name\":\"[ Adata ] &#129351; Auv128-32g-rbe Memoria 32gb Usb 3.2 Uv128 Retractil Negro-azul ()\",\"isPartOf\":{\"@id\":\"https:\/\/compuviper.mx\/tienda\/#website\"},\"datePublished\":\"2026-04-10T07:40:14+00:00\",\"dateModified\":\"2026-04-10T07:40:15+00:00\",\"description\":\"Compra Auv128-32g-rbe Memoria 32gb Usb 3.2 Uv128 Retractil Negro-azul () + Env\u00edo a domicilio + Pago seguro + Garant\u00eda\",\"breadcrumb\":{\"@id\":\"https:\/\/compuviper.mx\/tienda\/producto\/adata-auv128-32g-rbe-memoria-32gb-usb-3-2-uv128-retractil-negro-azul\/#breadcrumb\"},\"inLanguage\":\"es-MX\",\"potentialAction\":[{\"@type\":\"ReadAction\",\"target\":[\"https:\/\/compuviper.mx\/tienda\/producto\/adata-auv128-32g-rbe-memoria-32gb-usb-3-2-uv128-retractil-negro-azul\/\"]}]},{\"@type\":\"BreadcrumbList\",\"@id\":\"https:\/\/compuviper.mx\/tienda\/producto\/adata-auv128-32g-rbe-memoria-32gb-usb-3-2-uv128-retractil-negro-azul\/#breadcrumb\",\"itemListElement\":[{\"@type\":\"ListItem\",\"position\":1,\"name\":\"Inicio\",\"item\":\"https:\/\/compuviper.mx\/tienda\/\"},{\"@type\":\"ListItem\",\"position\":2,\"name\":\"Productos\",\"item\":\"https:\/\/compuviper.mx\/tienda\/productos\/\"},{\"@type\":\"ListItem\",\"position\":3,\"name\":\"Memorias\",\"item\":\"https:\/\/compuviper.mx\/tienda\/categoria-producto\/memorias\/\"},{\"@type\":\"ListItem\",\"position\":4,\"name\":\"Memoria Flash Usb\",\"item\":\"https:\/\/compuviper.mx\/tienda\/categoria-producto\/memorias\/memoria-flash-usb\/\"},{\"@type\":\"ListItem\",\"position\":5,\"name\":\"Adata Auv128-32g-rbe Memoria 32gb Usb 3.2 Uv128 Retractil Negro-azul ()\"}]},{\"@type\":\"WebSite\",\"@id\":\"https:\/\/compuviper.mx\/tienda\/#website\",\"url\":\"https:\/\/compuviper.mx\/tienda\/\",\"name\":\"Compuviper\",\"description\":\"Proveedor de Computadoras, Laptops, Servidores, Monitores, Puntos de Venta, Teclados,   Impresoras, T\u00f3ner, C\u00e1maras de Seguridad y m\u00e1s en tu tienda en l\u00ednea\",\"publisher\":{\"@id\":\"https:\/\/compuviper.mx\/tienda\/#organization\"},\"potentialAction\":[{\"@type\":\"SearchAction\",\"target\":{\"@type\":\"EntryPoint\",\"urlTemplate\":\"https:\/\/compuviper.mx\/tienda\/?s={search_term_string}\"},\"query-input\":\"required name=search_term_string\"}],\"inLanguage\":\"es-MX\"},{\"@type\":\"Organization\",\"@id\":\"https:\/\/compuviper.mx\/tienda\/#organization\",\"name\":\"Compuviper\",\"url\":\"https:\/\/compuviper.mx\/tienda\/\",\"logo\":{\"@type\":\"ImageObject\",\"inLanguage\":\"es-MX\",\"@id\":\"https:\/\/compuviper.mx\/tienda\/#\/schema\/logo\/image\/\",\"url\":\"https:\/\/compuviper.mx\/tienda\/wp-content\/uploads\/2021\/08\/Logo-Compuviper-10.png\",\"contentUrl\":\"https:\/\/compuviper.mx\/tienda\/wp-content\/uploads\/2021\/08\/Logo-Compuviper-10.png\",\"width\":1000,\"height\":500,\"caption\":\"Compuviper\"},\"image\":{\"@id\":\"https:\/\/compuviper.mx\/tienda\/#\/schema\/logo\/image\/\"},\"sameAs\":[\"https:\/\/www.facebook.com\/compuviper\",\"https:\/\/www.youtube.com\/channel\/UCf73dERp9Y3cfOq7q8BhLjA?view_as=subscriber\"]}]}<\/script>\n<meta property=\"product:brand\" content=\"ADATA\" \/>\n<meta property=\"product:price:amount\" content=\"91\" \/>\n<meta property=\"product:price:currency\" content=\"MXN\" \/>\n<meta property=\"og:availability\" content=\"instock\" \/>\n<meta property=\"product:availability\" content=\"instock\" \/>\n<meta property=\"product:retailer_item_id\" content=\"AUV128-32G-RBE\" \/>\n<meta property=\"product:condition\" content=\"new\" \/>\n<!-- \/ Yoast SEO plugin. -->","yoast_head_json":{"title":"[ Adata ] &#129351; Auv128-32g-rbe Memoria 32gb Usb 3.2 Uv128 Retractil Negro-azul ()","description":"Compra Auv128-32g-rbe Memoria 32gb Usb 3.2 Uv128 Retractil Negro-azul () + Env\u00edo a domicilio + Pago seguro + Garant\u00eda","robots":{"index":"index","follow":"follow","max-snippet":"max-snippet:-1","max-image-preview":"max-image-preview:large","max-video-preview":"max-video-preview:-1"},"canonical":"https:\/\/compuviper.mx\/tienda\/producto\/adata-auv128-32g-rbe-memoria-32gb-usb-3-2-uv128-retractil-negro-azul\/","og_locale":"es_MX","og_type":"article","og_title":"[ Adata ] &#129351; Auv128-32g-rbe Memoria 32gb Usb 3.2 Uv128 Retractil Negro-azul ()","og_description":"Compra Auv128-32g-rbe Memoria 32gb Usb 3.2 Uv128 Retractil Negro-azul () + Env\u00edo a domicilio + Pago seguro + Garant\u00eda","og_url":"https:\/\/compuviper.mx\/tienda\/producto\/adata-auv128-32g-rbe-memoria-32gb-usb-3-2-uv128-retractil-negro-azul\/","og_site_name":"Compuviper","article_publisher":"https:\/\/www.facebook.com\/compuviper","article_modified_time":"2026-04-10T07:40:15+00:00","og_image":[{"width":200,"height":200,"url":"https:\/\/compuviper.mx\/tienda\/wp-content\/uploads\/2026\/02\/Memoria-adata-32gb-usb-3.2-uv128-retractil-negro-azul-auv128-32g-rbe.jpg","type":"image\/jpeg"}],"twitter_card":"summary_large_image","twitter_misc":{"Precio":"&#36;91 con IVA","Availability":"In stock"},"schema":{"@context":"https:\/\/schema.org","@graph":[{"@type":"WebPage","@id":"https:\/\/compuviper.mx\/tienda\/producto\/adata-auv128-32g-rbe-memoria-32gb-usb-3-2-uv128-retractil-negro-azul\/","url":"https:\/\/compuviper.mx\/tienda\/producto\/adata-auv128-32g-rbe-memoria-32gb-usb-3-2-uv128-retractil-negro-azul\/","name":"[ Adata ] &#129351; Auv128-32g-rbe Memoria 32gb Usb 3.2 Uv128 Retractil Negro-azul ()","isPartOf":{"@id":"https:\/\/compuviper.mx\/tienda\/#website"},"datePublished":"2026-04-10T07:40:14+00:00","dateModified":"2026-04-10T07:40:15+00:00","description":"Compra Auv128-32g-rbe Memoria 32gb Usb 3.2 Uv128 Retractil Negro-azul () + Env\u00edo a domicilio + Pago seguro + Garant\u00eda","breadcrumb":{"@id":"https:\/\/compuviper.mx\/tienda\/producto\/adata-auv128-32g-rbe-memoria-32gb-usb-3-2-uv128-retractil-negro-azul\/#breadcrumb"},"inLanguage":"es-MX","potentialAction":[{"@type":"ReadAction","target":["https:\/\/compuviper.mx\/tienda\/producto\/adata-auv128-32g-rbe-memoria-32gb-usb-3-2-uv128-retractil-negro-azul\/"]}]},{"@type":"BreadcrumbList","@id":"https:\/\/compuviper.mx\/tienda\/producto\/adata-auv128-32g-rbe-memoria-32gb-usb-3-2-uv128-retractil-negro-azul\/#breadcrumb","itemListElement":[{"@type":"ListItem","position":1,"name":"Inicio","item":"https:\/\/compuviper.mx\/tienda\/"},{"@type":"ListItem","position":2,"name":"Productos","item":"https:\/\/compuviper.mx\/tienda\/productos\/"},{"@type":"ListItem","position":3,"name":"Memorias","item":"https:\/\/compuviper.mx\/tienda\/categoria-producto\/memorias\/"},{"@type":"ListItem","position":4,"name":"Memoria Flash Usb","item":"https:\/\/compuviper.mx\/tienda\/categoria-producto\/memorias\/memoria-flash-usb\/"},{"@type":"ListItem","position":5,"name":"Adata Auv128-32g-rbe Memoria 32gb Usb 3.2 Uv128 Retractil Negro-azul ()"}]},{"@type":"WebSite","@id":"https:\/\/compuviper.mx\/tienda\/#website","url":"https:\/\/compuviper.mx\/tienda\/","name":"Compuviper","description":"Proveedor de Computadoras, Laptops, Servidores, Monitores, Puntos de Venta, Teclados,   Impresoras, T\u00f3ner, C\u00e1maras de Seguridad y m\u00e1s en tu tienda en l\u00ednea","publisher":{"@id":"https:\/\/compuviper.mx\/tienda\/#organization"},"potentialAction":[{"@type":"SearchAction","target":{"@type":"EntryPoint","urlTemplate":"https:\/\/compuviper.mx\/tienda\/?s={search_term_string}"},"query-input":"required name=search_term_string"}],"inLanguage":"es-MX"},{"@type":"Organization","@id":"https:\/\/compuviper.mx\/tienda\/#organization","name":"Compuviper","url":"https:\/\/compuviper.mx\/tienda\/","logo":{"@type":"ImageObject","inLanguage":"es-MX","@id":"https:\/\/compuviper.mx\/tienda\/#\/schema\/logo\/image\/","url":"https:\/\/compuviper.mx\/tienda\/wp-content\/uploads\/2021\/08\/Logo-Compuviper-10.png","contentUrl":"https:\/\/compuviper.mx\/tienda\/wp-content\/uploads\/2021\/08\/Logo-Compuviper-10.png","width":1000,"height":500,"caption":"Compuviper"},"image":{"@id":"https:\/\/compuviper.mx\/tienda\/#\/schema\/logo\/image\/"},"sameAs":["https:\/\/www.facebook.com\/compuviper","https:\/\/www.youtube.com\/channel\/UCf73dERp9Y3cfOq7q8BhLjA?view_as=subscriber"]}]},"product_brand":"ADATA","product_price_amount":"91","product_price_currency":"MXN","og_availability":"instock","product_availability":"instock","product_retailer_item_id":"AUV128-32G-RBE","product_condition":"new"},"_links":{"self":[{"href":"https:\/\/compuviper.mx\/tienda\/wp-json\/wp\/v2\/product\/266809"}],"collection":[{"href":"https:\/\/compuviper.mx\/tienda\/wp-json\/wp\/v2\/product"}],"about":[{"href":"https:\/\/compuviper.mx\/tienda\/wp-json\/wp\/v2\/types\/product"}],"replies":[{"embeddable":true,"href":"https:\/\/compuviper.mx\/tienda\/wp-json\/wp\/v2\/comments?post=266809"}],"wp:featuredmedia":[{"embeddable":true,"href":"https:\/\/compuviper.mx\/tienda\/wp-json\/wp\/v2\/media\/266810"}],"wp:attachment":[{"href":"https:\/\/compuviper.mx\/tienda\/wp-json\/wp\/v2\/media?parent=266809"}],"wp:term":[{"taxonomy":"product_cat","embeddable":true,"href":"https:\/\/compuviper.mx\/tienda\/wp-json\/wp\/v2\/product_cat?post=266809"},{"taxonomy":"product_tag","embeddable":true,"href":"https:\/\/compuviper.mx\/tienda\/wp-json\/wp\/v2\/product_tag?post=266809"}],"curies":[{"name":"wp","href":"https:\/\/api.w.org\/{rel}","templated":true}]}}