{"id":266803,"date":"2026-04-14T01:19:05","date_gmt":"2026-04-14T07:19:05","guid":{"rendered":"https:\/\/compuviper.mx\/tienda\/producto\/lenovo-21qh000rlm-laptop-thinkpad-t14-gen-6-core-ultra-5-226v-4-5ghz-copilot-pc-16gb-ddr5-512gb-ssd-14-wuxga-1920x1200-win-11-pro-3yr-premier-support\/"},"modified":"2026-04-14T01:19:05","modified_gmt":"2026-04-14T07:19:05","slug":"lenovo-21qh000rlm-laptop-thinkpad-t14-gen-6-core-ultra-5-226v-4-5ghz-copilot-pc-16gb-ddr5-512gb-ssd-14-wuxga-1920x1200-backlit-keyboard-win-11-pro-3yr-premier-support","status":"publish","type":"product","link":"https:\/\/compuviper.mx\/tienda\/producto\/lenovo-21qh000rlm-laptop-thinkpad-t14-gen-6-core-ultra-5-226v-4-5ghz-copilot-pc-16gb-ddr5-512gb-ssd-14-wuxga-1920x1200-backlit-keyboard-win-11-pro-3yr-premier-support\/","title":{"rendered":"Lenovo 21qh000rlm Laptop  Thinkpad T14 Gen 6 \/ Core Ultra 5 226v 4.5ghz \/ Copilot+ Pc \/ 16gb Ddr5 \/ 512gb Ssd \/ 14 Wuxga 1920&#215;1200 \/ Backlit Keyboard \/ Win 11 Pro \/ 3yr Premier Support"},"content":{"rendered":"<table class=\"descripcion\">\n<tr>\n<td>Thinkpad t14 gen 6 intel 21qh000rlm<\/td>\n<\/tr>\n<tr>\n<td>Performance<\/td>\n<\/tr>\n<tr>\n<td>Processor<\/td>\n<\/tr>\n<tr>\n<td>Intel core ultra 5 226v, 8c 4p  4lpe \/ 8t, max turbo up to<\/td>\n<\/tr>\n<tr>\n<td>4.5ghz, 8mb intel smart cache<\/td>\n<\/tr>\n<tr>\n<td>Ai pc category<\/td>\n<\/tr>\n<tr>\n<td>Copilot pc<\/td>\n<\/tr>\n<tr>\n<td>[1]<\/td>\n<\/tr>\n<tr>\n<td>Npu<\/td>\n<\/tr>\n<tr>\n<td>Integrated intel ai boost, up to 40 tops<\/td>\n<\/tr>\n<tr>\n<td>Graphics<\/td>\n<\/tr>\n<tr>\n<td>Integrated intel arc graphics 130v<\/td>\n<\/tr>\n<tr>\n<td>Chipset<\/td>\n<\/tr>\n<tr>\n<td>Intel soc platform<\/td>\n<\/tr>\n<tr>\n<td>Memory<\/td>\n<\/tr>\n<tr>\n<td>16gb soldered lpddr5x-8533, mop memory<\/td>\n<\/tr>\n<tr>\n<td>Memory slots<\/td>\n<\/tr>\n<tr>\n<td>Lunar lake: memory soldered to systemboard, no slots, dualchannel<\/td>\n<\/tr>\n<tr>\n<td>Max memory<\/td>\n<\/tr>\n<tr>\n<td>Lunar lake: 16gb soldered memory, not upgradable<\/td>\n<\/tr>\n<tr>\n<td>Storage<\/td>\n<\/tr>\n<tr>\n<td>512gb ssd m.2 2280 pcie\u00ae 4.0&#215;4 nvme opal 2.0<\/td>\n<\/tr>\n<tr>\n<td>Storage slot<\/td>\n<\/tr>\n<tr>\n<td>Models with v or h series processor: one m.2 2280 pcie 5.0 x4 slot<\/td>\n<\/tr>\n<tr>\n<td>Max storage support<\/td>\n<\/tr>\n<tr>\n<td>[2]<\/td>\n<\/tr>\n<tr>\n<td>One drive, up to 2tb m.2 2280 ssd<\/td>\n<\/tr>\n<tr>\n<td>Card reader<\/td>\n<\/tr>\n<tr>\n<td>No card reader<\/td>\n<\/tr>\n<tr>\n<td>Audio chip<\/td>\n<\/tr>\n<tr>\n<td>High definition hd audio, realtek alc3287 codec<\/td>\n<\/tr>\n<tr>\n<td>Speakers<\/td>\n<\/tr>\n<tr>\n<td>Stereo speakers, 2w x2, dolby audio<\/td>\n<\/tr>\n<tr>\n<td>Microphone<\/td>\n<\/tr>\n<tr>\n<td>2x, 360\u00b0<\/td>\n<\/tr>\n<tr>\n<td>Camera<\/td>\n<\/tr>\n<tr>\n<td>5.0mp  ir discrete with privacy shutter<\/td>\n<\/tr>\n<tr>\n<td>Battery<\/td>\n<\/tr>\n<tr>\n<td>57wh<\/td>\n<\/tr>\n<tr>\n<td>Power adapter<\/td>\n<\/tr>\n<tr>\n<td>65w usb-c 2-pin<\/td>\n<\/tr>\n<tr>\n<td>Design<\/td>\n<\/tr>\n<tr>\n<td>Display<\/td>\n<\/tr>\n<tr>\n<td>14 wuxga 1920&#215;1200 ips 400nits anti-glare, 45 ntsc, 60hz,<\/td>\n<\/tr>\n<tr>\n<td>Dbef5<\/td>\n<\/tr>\n<tr>\n<td>[3]<\/td>\n<\/tr>\n<tr>\n<td>Touchscreen<\/td>\n<\/tr>\n<tr>\n<td>None<\/td>\n<\/tr>\n<tr>\n<td>Screen-to-body ratio<\/td>\n<\/tr>\n<tr>\n<td>85.73<\/td>\n<\/tr>\n<tr>\n<td>Pen<\/td>\n<\/tr>\n<tr>\n<td>Pen not supported<\/td>\n<\/tr>\n<tr>\n<td>Keyboard<\/td>\n<\/tr>\n<tr>\n<td>Backlit, spanish la<\/td>\n<\/tr>\n<tr>\n<td>Dimensions wxdxh<\/td>\n<\/tr>\n<tr>\n<td>[4]<\/td>\n<\/tr>\n<tr>\n<td>315.9 x 223.7 x 10.9\/16.13 front\/rear, 21.8 maximum mm; 12.44 x<\/td>\n<\/tr>\n<tr>\n<td>8.81 x 0.43\/0.64 front\/rear, 0.86 maximum inches<\/td>\n<\/tr>\n<tr>\n<td>Weight<\/td>\n<\/tr>\n<tr>\n<td>[5]<\/td>\n<\/tr>\n<tr>\n<td>Starting at 1.38 kg 3.05 lbs<\/td>\n<\/tr>\n<tr>\n<td>Case color<\/td>\n<\/tr>\n<tr>\n<td>Black<\/td>\n<\/tr>\n<tr>\n<td>Case material<\/td>\n<\/tr>\n<tr>\n<td>Pc  20 cf top, pc  20 cf bottom<\/td>\n<\/tr>\n<tr>\n<td>Software<\/td>\n<\/tr>\n<tr>\n<td>Operating system<\/td>\n<\/tr>\n<tr>\n<td>Windows 11 pro, spanish \/ mexican spanish \/ english<\/td>\n<\/tr>\n<tr>\n<td>Bundled software<\/td>\n<\/tr>\n<tr>\n<td>None<\/td>\n<\/tr>\n<tr>\n<td>Connectivity<\/td>\n<\/tr>\n<tr>\n<td>Wlan  bluetooth<\/td>\n<\/tr>\n<tr>\n<td>Intel wi-fi 7 be201, 802.11be 2&#215;2  bt5.4<\/td>\n<\/tr>\n<tr>\n<td>Wwan<\/td>\n<\/tr>\n<tr>\n<td>Wwan not supported<\/td>\n<\/tr>\n<tr>\n<td>Sim card<\/td>\n<\/tr>\n<tr>\n<td>No physical sim card inbox<\/td>\n<\/tr>\n<tr>\n<td>Ethernet<\/td>\n<\/tr>\n<tr>\n<td>100\/1000m rj-45<\/td>\n<\/tr>\n<tr>\n<td>Nfc<\/td>\n<\/tr>\n<tr>\n<td>No nfc<\/td>\n<\/tr>\n<tr>\n<td>Standard ports<\/td>\n<\/tr>\n<tr>\n<td>1x usb-a usb 5gbps \/ usb 3.2 gen 1<\/td>\n<\/tr>\n<tr>\n<td>1x usb-a usb 5gbps \/ usb 3.2 gen 1, always on<\/td>\n<\/tr>\n<tr>\n<td>2x usb-c thunderbolt\u0099 4 \/ usb4\u00ae 40gbps, with usb pd 3.0<\/td>\n<\/tr>\n<tr>\n<td>And displayport 2.1<\/td>\n<\/tr>\n<tr>\n<td>1x hdmi 2.1, up to 4k\/60hz<\/td>\n<\/tr>\n<tr>\n<td>1x headphone \/ microphone combo jack 3.5mm<\/td>\n<\/tr>\n<tr>\n<td>1x ethernet rj-45<\/td>\n<\/tr>\n<tr>\n<td>Optional ports configured<\/td>\n<\/tr>\n<tr>\n<td>None<\/td>\n<\/tr>\n<tr>\n<td>Docking<\/td>\n<\/tr>\n<tr>\n<td>Various docking solutions supported via thunderbolt \/ usb-c.<\/td>\n<\/tr>\n<tr>\n<td>For more compatible docking solutions, please visit docking for<\/td>\n<\/tr>\n<tr>\n<td>Thinkpad t14 gen 6 intel<\/td>\n<\/tr>\n<tr>\n<td>Security  and  privacy<\/td>\n<\/tr>\n<tr>\n<td>Thinkshield<\/td>\n<\/tr>\n<tr>\n<td>Thinkshield is a comprehensive security solution that encompasses<\/td>\n<\/tr>\n<tr>\n<td>Hardware, software, and supply chain components. for more detials,<\/td>\n<\/tr>\n<tr>\n<td>Visit here<\/td>\n<\/tr>\n<tr>\n<td>Security chip<\/td>\n<\/tr>\n<tr>\n<td>Discrete tpm 2.0 enabled<\/td>\n<\/tr>\n<tr>\n<td>Physical locks<\/td>\n<\/tr>\n<tr>\n<td>Kensington nano security slot\u0099, 2.5 x 6 mm<\/td>\n<\/tr>\n<tr>\n<td>Smart card reader<\/td>\n<\/tr>\n<tr>\n<td>No smart card reader<\/td>\n<\/tr>\n<tr>\n<td>Fingerprint reader<\/td>\n<\/tr>\n<tr>\n<td>Touch style, match-on-chip, integrated in power button<\/td>\n<\/tr>\n<tr>\n<td>Other security<\/td>\n<\/tr>\n<tr>\n<td>Camera privacy shutter camera models<\/td>\n<\/tr>\n<tr>\n<td>Ultrasonic human presence detection<\/td>\n<\/tr>\n<tr>\n<td>Ir camera for windows hello facial recognition<\/td>\n<\/tr>\n<tr>\n<td>Manageability<\/td>\n<\/tr>\n<tr>\n<td>System management<\/td>\n<\/tr>\n<tr>\n<td>Non-vpro<\/td>\n<\/tr>\n<tr>\n<td>Service<\/td>\n<\/tr>\n<tr>\n<td>Base warranty<\/td>\n<\/tr>\n<tr>\n<td>1-year, courier or carry-in<\/td>\n<\/tr>\n<tr>\n<td>Included upgrade<\/td>\n<\/tr>\n<tr>\n<td>3y premier support upgrade from 1y courier\/carry-in promo lsi<\/td>\n<\/tr>\n<tr>\n<td>Cpn<\/td>\n<\/tr>\n<tr>\n<td>Accessories<\/td>\n<\/tr>\n<tr>\n<td>Certifications<\/td>\n<\/tr>\n<tr>\n<td>Green certifications<\/td>\n<\/tr>\n<tr>\n<td>Energy star 9.0<\/td>\n<\/tr>\n<tr>\n<td>Epeat gold registered<\/td>\n<\/tr>\n<tr>\n<td>[6]<\/td>\n<\/tr>\n<tr>\n<td>Erp lot 6\/26<\/td>\n<\/tr>\n<tr>\n<td>Rohs compliant<\/td>\n<\/tr>\n<tr>\n<td>Tco certified, generation 10<\/td>\n<\/tr>\n<tr>\n<td>Mil-spec test<\/td>\n<\/tr>\n<tr>\n<td>Mil-std-810h military test passed<\/td>\n<\/tr>\n<\/table>\n","protected":false},"excerpt":{"rendered":"<p>Productividad con inteligencia. Thinkpad t14 gen 6 14, intel<\/p>\n","protected":false},"featured_media":0,"comment_status":"open","ping_status":"open","template":"","meta":[],"product_cat":[1886,1887],"product_tag":[1578],"acf":[],"yoast_head":"<!-- This site is optimized with the Yoast SEO plugin v21.7 - https:\/\/yoast.com\/wordpress\/plugins\/seo\/ -->\n<title>[ Lenovo ] &#129351; 21qh000rlm Laptop Thinkpad T14 Gen 6 \/ Core Ultra 5 226v 4.5ghz \/ Copilot+ Pc \/ 16gb Ddr5 \/ 512gb Ssd \/ 14 Wuxga 1920x1200 \/ Backlit Keyboard \/ Win 11 Pro \/ 3yr Premier Support<\/title>\n<meta name=\"description\" content=\"Compra 21qh000rlm Laptop Thinkpad T14 Gen 6 \/ Core Ultra 5 226v 4.5ghz \/ Copilot+ Pc \/ 16gb Ddr5 \/ 512gb Ssd \/ 14 Wuxga 1920x1200 \/ Backlit Keyboard \/ Win 11 Pro \/ 3yr Premier Support + Env\u00edo a domicilio + Pago seguro + Garant\u00eda\" \/>\n<meta name=\"robots\" content=\"index, follow, max-snippet:-1, max-image-preview:large, max-video-preview:-1\" \/>\n<link rel=\"canonical\" href=\"https:\/\/compuviper.mx\/tienda\/producto\/lenovo-21qh000rlm-laptop-thinkpad-t14-gen-6-core-ultra-5-226v-4-5ghz-copilot-pc-16gb-ddr5-512gb-ssd-14-wuxga-1920x1200-backlit-keyboard-win-11-pro-3yr-premier-support\/\" \/>\n<meta property=\"og:locale\" content=\"es_MX\" \/>\n<meta property=\"og:type\" content=\"article\" \/>\n<meta property=\"og:title\" content=\"[ Lenovo ] &#129351; 21qh000rlm Laptop Thinkpad T14 Gen 6 \/ Core Ultra 5 226v 4.5ghz \/ Copilot+ Pc \/ 16gb Ddr5 \/ 512gb Ssd \/ 14 Wuxga 1920x1200 \/ Backlit Keyboard \/ Win 11 Pro \/ 3yr Premier Support\" \/>\n<meta property=\"og:description\" content=\"Compra 21qh000rlm Laptop Thinkpad T14 Gen 6 \/ Core Ultra 5 226v 4.5ghz \/ Copilot+ Pc \/ 16gb Ddr5 \/ 512gb Ssd \/ 14 Wuxga 1920x1200 \/ Backlit Keyboard \/ Win 11 Pro \/ 3yr Premier Support + Env\u00edo a domicilio + Pago seguro + Garant\u00eda\" \/>\n<meta property=\"og:url\" content=\"https:\/\/compuviper.mx\/tienda\/producto\/lenovo-21qh000rlm-laptop-thinkpad-t14-gen-6-core-ultra-5-226v-4-5ghz-copilot-pc-16gb-ddr5-512gb-ssd-14-wuxga-1920x1200-backlit-keyboard-win-11-pro-3yr-premier-support\/\" \/>\n<meta property=\"og:site_name\" content=\"Compuviper\" \/>\n<meta property=\"article:publisher\" content=\"https:\/\/www.facebook.com\/compuviper\" \/>\n<meta name=\"twitter:card\" content=\"summary_large_image\" \/>\n<meta name=\"twitter:label1\" content=\"Precio\" \/>\n\t<meta name=\"twitter:data1\" content=\"&#36;25,973 con IVA\" \/>\n\t<meta name=\"twitter:label2\" content=\"Availability\" \/>\n\t<meta name=\"twitter:data2\" content=\"On backorder\" \/>\n<script type=\"application\/ld+json\" class=\"yoast-schema-graph\">{\"@context\":\"https:\/\/schema.org\",\"@graph\":[{\"@type\":\"WebPage\",\"@id\":\"https:\/\/compuviper.mx\/tienda\/producto\/lenovo-21qh000rlm-laptop-thinkpad-t14-gen-6-core-ultra-5-226v-4-5ghz-copilot-pc-16gb-ddr5-512gb-ssd-14-wuxga-1920x1200-backlit-keyboard-win-11-pro-3yr-premier-support\/\",\"url\":\"https:\/\/compuviper.mx\/tienda\/producto\/lenovo-21qh000rlm-laptop-thinkpad-t14-gen-6-core-ultra-5-226v-4-5ghz-copilot-pc-16gb-ddr5-512gb-ssd-14-wuxga-1920x1200-backlit-keyboard-win-11-pro-3yr-premier-support\/\",\"name\":\"[ Lenovo ] &#129351; 21qh000rlm Laptop Thinkpad T14 Gen 6 \/ Core Ultra 5 226v 4.5ghz \/ Copilot+ Pc \/ 16gb Ddr5 \/ 512gb Ssd \/ 14 Wuxga 1920x1200 \/ Backlit Keyboard \/ Win 11 Pro \/ 3yr Premier Support\",\"isPartOf\":{\"@id\":\"https:\/\/compuviper.mx\/tienda\/#website\"},\"datePublished\":\"2026-04-14T07:19:05+00:00\",\"dateModified\":\"2026-04-14T07:19:05+00:00\",\"description\":\"Compra 21qh000rlm Laptop Thinkpad T14 Gen 6 \/ Core Ultra 5 226v 4.5ghz \/ Copilot+ Pc \/ 16gb Ddr5 \/ 512gb Ssd \/ 14 Wuxga 1920x1200 \/ Backlit Keyboard \/ Win 11 Pro \/ 3yr Premier Support + Env\u00edo a domicilio + Pago seguro + Garant\u00eda\",\"breadcrumb\":{\"@id\":\"https:\/\/compuviper.mx\/tienda\/producto\/lenovo-21qh000rlm-laptop-thinkpad-t14-gen-6-core-ultra-5-226v-4-5ghz-copilot-pc-16gb-ddr5-512gb-ssd-14-wuxga-1920x1200-backlit-keyboard-win-11-pro-3yr-premier-support\/#breadcrumb\"},\"inLanguage\":\"es-MX\",\"potentialAction\":[{\"@type\":\"ReadAction\",\"target\":[\"https:\/\/compuviper.mx\/tienda\/producto\/lenovo-21qh000rlm-laptop-thinkpad-t14-gen-6-core-ultra-5-226v-4-5ghz-copilot-pc-16gb-ddr5-512gb-ssd-14-wuxga-1920x1200-backlit-keyboard-win-11-pro-3yr-premier-support\/\"]}]},{\"@type\":\"BreadcrumbList\",\"@id\":\"https:\/\/compuviper.mx\/tienda\/producto\/lenovo-21qh000rlm-laptop-thinkpad-t14-gen-6-core-ultra-5-226v-4-5ghz-copilot-pc-16gb-ddr5-512gb-ssd-14-wuxga-1920x1200-backlit-keyboard-win-11-pro-3yr-premier-support\/#breadcrumb\",\"itemListElement\":[{\"@type\":\"ListItem\",\"position\":1,\"name\":\"Inicio\",\"item\":\"https:\/\/compuviper.mx\/tienda\/\"},{\"@type\":\"ListItem\",\"position\":2,\"name\":\"Productos\",\"item\":\"https:\/\/compuviper.mx\/tienda\/productos\/\"},{\"@type\":\"ListItem\",\"position\":3,\"name\":\"Laptops\",\"item\":\"https:\/\/compuviper.mx\/tienda\/categoria-producto\/laptops\/\"},{\"@type\":\"ListItem\",\"position\":4,\"name\":\"Notebook\",\"item\":\"https:\/\/compuviper.mx\/tienda\/categoria-producto\/laptops\/notebook-laptops\/\"},{\"@type\":\"ListItem\",\"position\":5,\"name\":\"Lenovo 21qh000rlm Laptop Thinkpad T14 Gen 6 \/ Core Ultra 5 226v 4.5ghz \/ Copilot+ Pc \/ 16gb Ddr5 \/ 512gb Ssd \/ 14 Wuxga 1920&#215;1200 \/ Backlit Keyboard \/ Win 11 Pro \/ 3yr Premier Support\"}]},{\"@type\":\"WebSite\",\"@id\":\"https:\/\/compuviper.mx\/tienda\/#website\",\"url\":\"https:\/\/compuviper.mx\/tienda\/\",\"name\":\"Compuviper\",\"description\":\"Proveedor de Computadoras, Laptops, Servidores, Monitores, Puntos de Venta, Teclados,   Impresoras, T\u00f3ner, C\u00e1maras de Seguridad y m\u00e1s en tu tienda en l\u00ednea\",\"publisher\":{\"@id\":\"https:\/\/compuviper.mx\/tienda\/#organization\"},\"potentialAction\":[{\"@type\":\"SearchAction\",\"target\":{\"@type\":\"EntryPoint\",\"urlTemplate\":\"https:\/\/compuviper.mx\/tienda\/?s={search_term_string}\"},\"query-input\":\"required name=search_term_string\"}],\"inLanguage\":\"es-MX\"},{\"@type\":\"Organization\",\"@id\":\"https:\/\/compuviper.mx\/tienda\/#organization\",\"name\":\"Compuviper\",\"url\":\"https:\/\/compuviper.mx\/tienda\/\",\"logo\":{\"@type\":\"ImageObject\",\"inLanguage\":\"es-MX\",\"@id\":\"https:\/\/compuviper.mx\/tienda\/#\/schema\/logo\/image\/\",\"url\":\"https:\/\/compuviper.mx\/tienda\/wp-content\/uploads\/2021\/08\/Logo-Compuviper-10.png\",\"contentUrl\":\"https:\/\/compuviper.mx\/tienda\/wp-content\/uploads\/2021\/08\/Logo-Compuviper-10.png\",\"width\":1000,\"height\":500,\"caption\":\"Compuviper\"},\"image\":{\"@id\":\"https:\/\/compuviper.mx\/tienda\/#\/schema\/logo\/image\/\"},\"sameAs\":[\"https:\/\/www.facebook.com\/compuviper\",\"https:\/\/www.youtube.com\/channel\/UCf73dERp9Y3cfOq7q8BhLjA?view_as=subscriber\"]}]}<\/script>\n<meta property=\"product:brand\" content=\"LENOVO\" \/>\n<meta property=\"product:price:amount\" content=\"25973\" \/>\n<meta property=\"product:price:currency\" content=\"MXN\" \/>\n<meta property=\"og:availability\" content=\"backorder\" \/>\n<meta property=\"product:availability\" content=\"available for order\" \/>\n<meta property=\"product:retailer_item_id\" content=\"21QH000RLM\" \/>\n<meta property=\"product:condition\" content=\"new\" \/>\n<!-- \/ Yoast SEO plugin. -->","yoast_head_json":{"title":"[ Lenovo ] &#129351; 21qh000rlm Laptop Thinkpad T14 Gen 6 \/ Core Ultra 5 226v 4.5ghz \/ Copilot+ Pc \/ 16gb Ddr5 \/ 512gb Ssd \/ 14 Wuxga 1920x1200 \/ Backlit Keyboard \/ Win 11 Pro \/ 3yr Premier Support","description":"Compra 21qh000rlm Laptop Thinkpad T14 Gen 6 \/ Core Ultra 5 226v 4.5ghz \/ Copilot+ Pc \/ 16gb Ddr5 \/ 512gb Ssd \/ 14 Wuxga 1920x1200 \/ Backlit Keyboard \/ Win 11 Pro \/ 3yr Premier Support + Env\u00edo a domicilio + Pago seguro + Garant\u00eda","robots":{"index":"index","follow":"follow","max-snippet":"max-snippet:-1","max-image-preview":"max-image-preview:large","max-video-preview":"max-video-preview:-1"},"canonical":"https:\/\/compuviper.mx\/tienda\/producto\/lenovo-21qh000rlm-laptop-thinkpad-t14-gen-6-core-ultra-5-226v-4-5ghz-copilot-pc-16gb-ddr5-512gb-ssd-14-wuxga-1920x1200-backlit-keyboard-win-11-pro-3yr-premier-support\/","og_locale":"es_MX","og_type":"article","og_title":"[ Lenovo ] &#129351; 21qh000rlm Laptop Thinkpad T14 Gen 6 \/ Core Ultra 5 226v 4.5ghz \/ Copilot+ Pc \/ 16gb Ddr5 \/ 512gb Ssd \/ 14 Wuxga 1920x1200 \/ Backlit Keyboard \/ Win 11 Pro \/ 3yr Premier Support","og_description":"Compra 21qh000rlm Laptop Thinkpad T14 Gen 6 \/ Core Ultra 5 226v 4.5ghz \/ Copilot+ Pc \/ 16gb Ddr5 \/ 512gb Ssd \/ 14 Wuxga 1920x1200 \/ Backlit Keyboard \/ Win 11 Pro \/ 3yr Premier Support + Env\u00edo a domicilio + Pago seguro + Garant\u00eda","og_url":"https:\/\/compuviper.mx\/tienda\/producto\/lenovo-21qh000rlm-laptop-thinkpad-t14-gen-6-core-ultra-5-226v-4-5ghz-copilot-pc-16gb-ddr5-512gb-ssd-14-wuxga-1920x1200-backlit-keyboard-win-11-pro-3yr-premier-support\/","og_site_name":"Compuviper","article_publisher":"https:\/\/www.facebook.com\/compuviper","twitter_card":"summary_large_image","twitter_misc":{"Precio":"&#36;25,973 con IVA","Availability":"On backorder"},"schema":{"@context":"https:\/\/schema.org","@graph":[{"@type":"WebPage","@id":"https:\/\/compuviper.mx\/tienda\/producto\/lenovo-21qh000rlm-laptop-thinkpad-t14-gen-6-core-ultra-5-226v-4-5ghz-copilot-pc-16gb-ddr5-512gb-ssd-14-wuxga-1920x1200-backlit-keyboard-win-11-pro-3yr-premier-support\/","url":"https:\/\/compuviper.mx\/tienda\/producto\/lenovo-21qh000rlm-laptop-thinkpad-t14-gen-6-core-ultra-5-226v-4-5ghz-copilot-pc-16gb-ddr5-512gb-ssd-14-wuxga-1920x1200-backlit-keyboard-win-11-pro-3yr-premier-support\/","name":"[ Lenovo ] &#129351; 21qh000rlm Laptop Thinkpad T14 Gen 6 \/ Core Ultra 5 226v 4.5ghz \/ Copilot+ Pc \/ 16gb Ddr5 \/ 512gb Ssd \/ 14 Wuxga 1920x1200 \/ Backlit Keyboard \/ Win 11 Pro \/ 3yr Premier Support","isPartOf":{"@id":"https:\/\/compuviper.mx\/tienda\/#website"},"datePublished":"2026-04-14T07:19:05+00:00","dateModified":"2026-04-14T07:19:05+00:00","description":"Compra 21qh000rlm Laptop Thinkpad T14 Gen 6 \/ Core Ultra 5 226v 4.5ghz \/ Copilot+ Pc \/ 16gb Ddr5 \/ 512gb Ssd \/ 14 Wuxga 1920x1200 \/ Backlit Keyboard \/ Win 11 Pro \/ 3yr Premier Support + Env\u00edo a domicilio + Pago seguro + Garant\u00eda","breadcrumb":{"@id":"https:\/\/compuviper.mx\/tienda\/producto\/lenovo-21qh000rlm-laptop-thinkpad-t14-gen-6-core-ultra-5-226v-4-5ghz-copilot-pc-16gb-ddr5-512gb-ssd-14-wuxga-1920x1200-backlit-keyboard-win-11-pro-3yr-premier-support\/#breadcrumb"},"inLanguage":"es-MX","potentialAction":[{"@type":"ReadAction","target":["https:\/\/compuviper.mx\/tienda\/producto\/lenovo-21qh000rlm-laptop-thinkpad-t14-gen-6-core-ultra-5-226v-4-5ghz-copilot-pc-16gb-ddr5-512gb-ssd-14-wuxga-1920x1200-backlit-keyboard-win-11-pro-3yr-premier-support\/"]}]},{"@type":"BreadcrumbList","@id":"https:\/\/compuviper.mx\/tienda\/producto\/lenovo-21qh000rlm-laptop-thinkpad-t14-gen-6-core-ultra-5-226v-4-5ghz-copilot-pc-16gb-ddr5-512gb-ssd-14-wuxga-1920x1200-backlit-keyboard-win-11-pro-3yr-premier-support\/#breadcrumb","itemListElement":[{"@type":"ListItem","position":1,"name":"Inicio","item":"https:\/\/compuviper.mx\/tienda\/"},{"@type":"ListItem","position":2,"name":"Productos","item":"https:\/\/compuviper.mx\/tienda\/productos\/"},{"@type":"ListItem","position":3,"name":"Laptops","item":"https:\/\/compuviper.mx\/tienda\/categoria-producto\/laptops\/"},{"@type":"ListItem","position":4,"name":"Notebook","item":"https:\/\/compuviper.mx\/tienda\/categoria-producto\/laptops\/notebook-laptops\/"},{"@type":"ListItem","position":5,"name":"Lenovo 21qh000rlm Laptop Thinkpad T14 Gen 6 \/ Core Ultra 5 226v 4.5ghz \/ Copilot+ Pc \/ 16gb Ddr5 \/ 512gb Ssd \/ 14 Wuxga 1920&#215;1200 \/ Backlit Keyboard \/ Win 11 Pro \/ 3yr Premier Support"}]},{"@type":"WebSite","@id":"https:\/\/compuviper.mx\/tienda\/#website","url":"https:\/\/compuviper.mx\/tienda\/","name":"Compuviper","description":"Proveedor de Computadoras, Laptops, Servidores, Monitores, Puntos de Venta, Teclados,   Impresoras, T\u00f3ner, C\u00e1maras de Seguridad y m\u00e1s en tu tienda en l\u00ednea","publisher":{"@id":"https:\/\/compuviper.mx\/tienda\/#organization"},"potentialAction":[{"@type":"SearchAction","target":{"@type":"EntryPoint","urlTemplate":"https:\/\/compuviper.mx\/tienda\/?s={search_term_string}"},"query-input":"required name=search_term_string"}],"inLanguage":"es-MX"},{"@type":"Organization","@id":"https:\/\/compuviper.mx\/tienda\/#organization","name":"Compuviper","url":"https:\/\/compuviper.mx\/tienda\/","logo":{"@type":"ImageObject","inLanguage":"es-MX","@id":"https:\/\/compuviper.mx\/tienda\/#\/schema\/logo\/image\/","url":"https:\/\/compuviper.mx\/tienda\/wp-content\/uploads\/2021\/08\/Logo-Compuviper-10.png","contentUrl":"https:\/\/compuviper.mx\/tienda\/wp-content\/uploads\/2021\/08\/Logo-Compuviper-10.png","width":1000,"height":500,"caption":"Compuviper"},"image":{"@id":"https:\/\/compuviper.mx\/tienda\/#\/schema\/logo\/image\/"},"sameAs":["https:\/\/www.facebook.com\/compuviper","https:\/\/www.youtube.com\/channel\/UCf73dERp9Y3cfOq7q8BhLjA?view_as=subscriber"]}]},"product_brand":"LENOVO","product_price_amount":"25973","product_price_currency":"MXN","og_availability":"backorder","product_availability":"available for order","product_retailer_item_id":"21QH000RLM","product_condition":"new"},"_links":{"self":[{"href":"https:\/\/compuviper.mx\/tienda\/wp-json\/wp\/v2\/product\/266803"}],"collection":[{"href":"https:\/\/compuviper.mx\/tienda\/wp-json\/wp\/v2\/product"}],"about":[{"href":"https:\/\/compuviper.mx\/tienda\/wp-json\/wp\/v2\/types\/product"}],"replies":[{"embeddable":true,"href":"https:\/\/compuviper.mx\/tienda\/wp-json\/wp\/v2\/comments?post=266803"}],"wp:attachment":[{"href":"https:\/\/compuviper.mx\/tienda\/wp-json\/wp\/v2\/media?parent=266803"}],"wp:term":[{"taxonomy":"product_cat","embeddable":true,"href":"https:\/\/compuviper.mx\/tienda\/wp-json\/wp\/v2\/product_cat?post=266803"},{"taxonomy":"product_tag","embeddable":true,"href":"https:\/\/compuviper.mx\/tienda\/wp-json\/wp\/v2\/product_tag?post=266803"}],"curies":[{"name":"wp","href":"https:\/\/api.w.org\/{rel}","templated":true}]}}