{"id":266781,"date":"2026-04-02T00:38:34","date_gmt":"2026-04-02T06:38:34","guid":{"rendered":"https:\/\/compuviper.mx\/tienda\/producto\/kingston-sfyrdk-2000g-unidad-de-estado-solido-fury-renegade-2tb-nvme-pcle-4-0-gen4x4-lect-7300-escrit-7000mb-s-disipador-pc-laptop\/"},"modified":"2026-04-03T00:00:12","modified_gmt":"2026-04-03T06:00:12","slug":"kingston-sfyrdk-2000g-unidad-de-estado-solido-fury-renegade-2tb-nvme-pcle-4-0-gen4x4-lect-7300-escrit-7000mb-s-disipador-pc-laptop","status":"publish","type":"product","link":"https:\/\/compuviper.mx\/tienda\/producto\/kingston-sfyrdk-2000g-unidad-de-estado-solido-fury-renegade-2tb-nvme-pcle-4-0-gen4x4-lect-7300-escrit-7000mb-s-disipador-pc-laptop\/","title":{"rendered":"Kingston Sfyrdk\/2000g Unidad De Estado Solido  Fury Renegade 2tb Nvme Pcle 4.0 Gen4x4 Lect.7300\/escrit.7000mb\/s Disipador Pc\/laptop"},"content":{"rendered":"<table class=\"descripcion\">\n<tr>\n<td>\u0095capacidad: 2000 gb<\/td>\n<\/tr>\n<tr>\n<td>\u0095interface: pci express 4.0<\/td>\n<\/tr>\n<tr>\n<td>\u0095nvme m.2<\/td>\n<\/tr>\n<tr>\n<td>\u00957300 mb\/s de lectura, 7000 mb\/s de escritura<\/td>\n<\/tr>\n<\/table>\n","protected":false},"excerpt":{"rendered":"<p>Kingston fury\u0099 renegade pcie 4.0 nvme m.2 ssd proporciona un rendimiento de vanguardia en altas capacidades para los entusiastas de los juegos y el hardware que buscan un rendimiento extremo para la construcci\u00f3n y actualizaci\u00f3n de pc. Al aprovechar el \u00faltimo controlador gen 4&#215;4 nvme y 3d tlc nand, kingston fury renegade ssd ofrece velocidades incre\u00edbles de hasta 7,300\/7,000 mb\/s 1 de lectura \/escritura y hasta 1,000,000 de iops 1 para una consistencia asombrosa y una experiencia de juego excepcional. Desde tiempos de carga de juegos y aplicaciones hasta transmisi\u00f3n y captura, mejore la capacidad de respuesta general de su sistema. Con una mejor gesti\u00f3n del calor viene una mejor estabilidad durante el m\u00e1ximo rendimiento. El delgado m.2 combinado con un disipador de calor de aluminio y grafeno de perfil bajo est\u00e1 optimizado para un uso intensivo en computadoras port\u00e1tiles y de escritorio para juegos. El modelo de disipador de calor opcional ofrece una capa adicional de dispersi\u00f3n t\u00e9rmica para que cuando el juego se calienta, tu consola ps5\u0099 se mantiene fr\u00eda. Kingston fury renegade ssd combina el rendimiento de primer nivel de la l\u00ednea de memoria kingston fury renegade para producir el equipo definitivo que lo mantendr\u00e1 en la cima de su juego.<\/p>\n","protected":false},"featured_media":266782,"comment_status":"open","ping_status":"open","template":"","meta":[],"product_cat":[1703,1708],"product_tag":[1573],"acf":[],"yoast_head":"<!-- This site is optimized with the Yoast SEO plugin v21.7 - https:\/\/yoast.com\/wordpress\/plugins\/seo\/ -->\n<title>[ Kingston ] &#129351; Sfyrdk\/2000g Unidad De Estado Solido Fury Renegade 2tb Nvme Pcle 4.0 Gen4x4 Lect.7300\/escrit.7000mb\/s Disipador Pc\/laptop<\/title>\n<meta name=\"description\" content=\"Compra Sfyrdk\/2000g Unidad De Estado Solido Fury Renegade 2tb Nvme Pcle 4.0 Gen4x4 Lect.7300\/escrit.7000mb\/s Disipador Pc\/laptop + Env\u00edo a domicilio + Pago seguro + Garant\u00eda\" \/>\n<meta name=\"robots\" content=\"index, follow, max-snippet:-1, max-image-preview:large, max-video-preview:-1\" \/>\n<link rel=\"canonical\" href=\"https:\/\/compuviper.mx\/tienda\/producto\/kingston-sfyrdk-2000g-unidad-de-estado-solido-fury-renegade-2tb-nvme-pcle-4-0-gen4x4-lect-7300-escrit-7000mb-s-disipador-pc-laptop\/\" \/>\n<meta property=\"og:locale\" content=\"es_MX\" \/>\n<meta property=\"og:type\" content=\"article\" \/>\n<meta property=\"og:title\" content=\"[ Kingston ] &#129351; Sfyrdk\/2000g Unidad De Estado Solido Fury Renegade 2tb Nvme Pcle 4.0 Gen4x4 Lect.7300\/escrit.7000mb\/s Disipador Pc\/laptop\" \/>\n<meta property=\"og:description\" content=\"Compra Sfyrdk\/2000g Unidad De Estado Solido Fury Renegade 2tb Nvme Pcle 4.0 Gen4x4 Lect.7300\/escrit.7000mb\/s Disipador Pc\/laptop + Env\u00edo a domicilio + Pago seguro + Garant\u00eda\" \/>\n<meta property=\"og:url\" content=\"https:\/\/compuviper.mx\/tienda\/producto\/kingston-sfyrdk-2000g-unidad-de-estado-solido-fury-renegade-2tb-nvme-pcle-4-0-gen4x4-lect-7300-escrit-7000mb-s-disipador-pc-laptop\/\" \/>\n<meta property=\"og:site_name\" content=\"Compuviper\" \/>\n<meta property=\"article:publisher\" content=\"https:\/\/www.facebook.com\/compuviper\" \/>\n<meta property=\"article:modified_time\" content=\"2026-04-03T06:00:12+00:00\" \/>\n<meta property=\"og:image\" content=\"https:\/\/compuviper.mx\/tienda\/wp-content\/uploads\/2026\/02\/Unidad-de-estado-solido-kingston-fury-renegade-2tb-nvme-pcle-4.0-gen4x4-lect.7300escrit.7000mbs-disipador-pclaptop-sfyrdk2000g.jpg\" \/>\n\t<meta property=\"og:image:width\" content=\"200\" \/>\n\t<meta property=\"og:image:height\" content=\"200\" \/>\n\t<meta property=\"og:image:type\" content=\"image\/jpeg\" \/>\n<meta name=\"twitter:card\" content=\"summary_large_image\" \/>\n<meta name=\"twitter:label1\" content=\"Precio\" \/>\n\t<meta name=\"twitter:data1\" content=\"&#36;8,765 con IVA\" \/>\n\t<meta name=\"twitter:label2\" content=\"Availability\" \/>\n\t<meta name=\"twitter:data2\" content=\"In stock\" \/>\n<script type=\"application\/ld+json\" class=\"yoast-schema-graph\">{\"@context\":\"https:\/\/schema.org\",\"@graph\":[{\"@type\":\"WebPage\",\"@id\":\"https:\/\/compuviper.mx\/tienda\/producto\/kingston-sfyrdk-2000g-unidad-de-estado-solido-fury-renegade-2tb-nvme-pcle-4-0-gen4x4-lect-7300-escrit-7000mb-s-disipador-pc-laptop\/\",\"url\":\"https:\/\/compuviper.mx\/tienda\/producto\/kingston-sfyrdk-2000g-unidad-de-estado-solido-fury-renegade-2tb-nvme-pcle-4-0-gen4x4-lect-7300-escrit-7000mb-s-disipador-pc-laptop\/\",\"name\":\"[ Kingston ] &#129351; Sfyrdk\/2000g Unidad De Estado Solido Fury Renegade 2tb Nvme Pcle 4.0 Gen4x4 Lect.7300\/escrit.7000mb\/s Disipador Pc\/laptop\",\"isPartOf\":{\"@id\":\"https:\/\/compuviper.mx\/tienda\/#website\"},\"datePublished\":\"2026-04-02T06:38:34+00:00\",\"dateModified\":\"2026-04-03T06:00:12+00:00\",\"description\":\"Compra Sfyrdk\/2000g Unidad De Estado Solido Fury Renegade 2tb Nvme Pcle 4.0 Gen4x4 Lect.7300\/escrit.7000mb\/s Disipador Pc\/laptop + Env\u00edo a domicilio + Pago seguro + Garant\u00eda\",\"breadcrumb\":{\"@id\":\"https:\/\/compuviper.mx\/tienda\/producto\/kingston-sfyrdk-2000g-unidad-de-estado-solido-fury-renegade-2tb-nvme-pcle-4-0-gen4x4-lect-7300-escrit-7000mb-s-disipador-pc-laptop\/#breadcrumb\"},\"inLanguage\":\"es-MX\",\"potentialAction\":[{\"@type\":\"ReadAction\",\"target\":[\"https:\/\/compuviper.mx\/tienda\/producto\/kingston-sfyrdk-2000g-unidad-de-estado-solido-fury-renegade-2tb-nvme-pcle-4-0-gen4x4-lect-7300-escrit-7000mb-s-disipador-pc-laptop\/\"]}]},{\"@type\":\"BreadcrumbList\",\"@id\":\"https:\/\/compuviper.mx\/tienda\/producto\/kingston-sfyrdk-2000g-unidad-de-estado-solido-fury-renegade-2tb-nvme-pcle-4-0-gen4x4-lect-7300-escrit-7000mb-s-disipador-pc-laptop\/#breadcrumb\",\"itemListElement\":[{\"@type\":\"ListItem\",\"position\":1,\"name\":\"Inicio\",\"item\":\"https:\/\/compuviper.mx\/tienda\/\"},{\"@type\":\"ListItem\",\"position\":2,\"name\":\"Productos\",\"item\":\"https:\/\/compuviper.mx\/tienda\/productos\/\"},{\"@type\":\"ListItem\",\"position\":3,\"name\":\"Discos Duros\",\"item\":\"https:\/\/compuviper.mx\/tienda\/categoria-producto\/discos-duros\/\"},{\"@type\":\"ListItem\",\"position\":4,\"name\":\"Unidad De Estado Solido\",\"item\":\"https:\/\/compuviper.mx\/tienda\/categoria-producto\/discos-duros\/unidad-de-estado-solido\/\"},{\"@type\":\"ListItem\",\"position\":5,\"name\":\"Kingston Sfyrdk\/2000g Unidad De Estado Solido Fury Renegade 2tb Nvme Pcle 4.0 Gen4x4 Lect.7300\/escrit.7000mb\/s Disipador Pc\/laptop\"}]},{\"@type\":\"WebSite\",\"@id\":\"https:\/\/compuviper.mx\/tienda\/#website\",\"url\":\"https:\/\/compuviper.mx\/tienda\/\",\"name\":\"Compuviper\",\"description\":\"Proveedor de Computadoras, Laptops, Servidores, Monitores, Puntos de Venta, Teclados,   Impresoras, T\u00f3ner, C\u00e1maras de Seguridad y m\u00e1s en tu tienda en l\u00ednea\",\"publisher\":{\"@id\":\"https:\/\/compuviper.mx\/tienda\/#organization\"},\"potentialAction\":[{\"@type\":\"SearchAction\",\"target\":{\"@type\":\"EntryPoint\",\"urlTemplate\":\"https:\/\/compuviper.mx\/tienda\/?s={search_term_string}\"},\"query-input\":\"required name=search_term_string\"}],\"inLanguage\":\"es-MX\"},{\"@type\":\"Organization\",\"@id\":\"https:\/\/compuviper.mx\/tienda\/#organization\",\"name\":\"Compuviper\",\"url\":\"https:\/\/compuviper.mx\/tienda\/\",\"logo\":{\"@type\":\"ImageObject\",\"inLanguage\":\"es-MX\",\"@id\":\"https:\/\/compuviper.mx\/tienda\/#\/schema\/logo\/image\/\",\"url\":\"https:\/\/compuviper.mx\/tienda\/wp-content\/uploads\/2021\/08\/Logo-Compuviper-10.png\",\"contentUrl\":\"https:\/\/compuviper.mx\/tienda\/wp-content\/uploads\/2021\/08\/Logo-Compuviper-10.png\",\"width\":1000,\"height\":500,\"caption\":\"Compuviper\"},\"image\":{\"@id\":\"https:\/\/compuviper.mx\/tienda\/#\/schema\/logo\/image\/\"},\"sameAs\":[\"https:\/\/www.facebook.com\/compuviper\",\"https:\/\/www.youtube.com\/channel\/UCf73dERp9Y3cfOq7q8BhLjA?view_as=subscriber\"]}]}<\/script>\n<meta property=\"product:brand\" content=\"KINGSTON\" \/>\n<meta property=\"product:price:amount\" content=\"8765\" \/>\n<meta property=\"product:price:currency\" content=\"MXN\" \/>\n<meta property=\"og:availability\" content=\"instock\" \/>\n<meta property=\"product:availability\" content=\"instock\" \/>\n<meta property=\"product:retailer_item_id\" content=\"SFYRDK\/2000G\" \/>\n<meta property=\"product:condition\" content=\"new\" \/>\n<!-- \/ Yoast SEO plugin. -->","yoast_head_json":{"title":"[ Kingston ] &#129351; Sfyrdk\/2000g Unidad De Estado Solido Fury Renegade 2tb Nvme Pcle 4.0 Gen4x4 Lect.7300\/escrit.7000mb\/s Disipador Pc\/laptop","description":"Compra Sfyrdk\/2000g Unidad De Estado Solido Fury Renegade 2tb Nvme Pcle 4.0 Gen4x4 Lect.7300\/escrit.7000mb\/s Disipador Pc\/laptop + Env\u00edo a domicilio + Pago seguro + Garant\u00eda","robots":{"index":"index","follow":"follow","max-snippet":"max-snippet:-1","max-image-preview":"max-image-preview:large","max-video-preview":"max-video-preview:-1"},"canonical":"https:\/\/compuviper.mx\/tienda\/producto\/kingston-sfyrdk-2000g-unidad-de-estado-solido-fury-renegade-2tb-nvme-pcle-4-0-gen4x4-lect-7300-escrit-7000mb-s-disipador-pc-laptop\/","og_locale":"es_MX","og_type":"article","og_title":"[ Kingston ] &#129351; Sfyrdk\/2000g Unidad De Estado Solido Fury Renegade 2tb Nvme Pcle 4.0 Gen4x4 Lect.7300\/escrit.7000mb\/s Disipador Pc\/laptop","og_description":"Compra Sfyrdk\/2000g Unidad De Estado Solido Fury Renegade 2tb Nvme Pcle 4.0 Gen4x4 Lect.7300\/escrit.7000mb\/s Disipador Pc\/laptop + Env\u00edo a domicilio + Pago seguro + Garant\u00eda","og_url":"https:\/\/compuviper.mx\/tienda\/producto\/kingston-sfyrdk-2000g-unidad-de-estado-solido-fury-renegade-2tb-nvme-pcle-4-0-gen4x4-lect-7300-escrit-7000mb-s-disipador-pc-laptop\/","og_site_name":"Compuviper","article_publisher":"https:\/\/www.facebook.com\/compuviper","article_modified_time":"2026-04-03T06:00:12+00:00","og_image":[{"width":200,"height":200,"url":"https:\/\/compuviper.mx\/tienda\/wp-content\/uploads\/2026\/02\/Unidad-de-estado-solido-kingston-fury-renegade-2tb-nvme-pcle-4.0-gen4x4-lect.7300escrit.7000mbs-disipador-pclaptop-sfyrdk2000g.jpg","type":"image\/jpeg"}],"twitter_card":"summary_large_image","twitter_misc":{"Precio":"&#36;8,765 con IVA","Availability":"In stock"},"schema":{"@context":"https:\/\/schema.org","@graph":[{"@type":"WebPage","@id":"https:\/\/compuviper.mx\/tienda\/producto\/kingston-sfyrdk-2000g-unidad-de-estado-solido-fury-renegade-2tb-nvme-pcle-4-0-gen4x4-lect-7300-escrit-7000mb-s-disipador-pc-laptop\/","url":"https:\/\/compuviper.mx\/tienda\/producto\/kingston-sfyrdk-2000g-unidad-de-estado-solido-fury-renegade-2tb-nvme-pcle-4-0-gen4x4-lect-7300-escrit-7000mb-s-disipador-pc-laptop\/","name":"[ Kingston ] &#129351; Sfyrdk\/2000g Unidad De Estado Solido Fury Renegade 2tb Nvme Pcle 4.0 Gen4x4 Lect.7300\/escrit.7000mb\/s Disipador Pc\/laptop","isPartOf":{"@id":"https:\/\/compuviper.mx\/tienda\/#website"},"datePublished":"2026-04-02T06:38:34+00:00","dateModified":"2026-04-03T06:00:12+00:00","description":"Compra Sfyrdk\/2000g Unidad De Estado Solido Fury Renegade 2tb Nvme Pcle 4.0 Gen4x4 Lect.7300\/escrit.7000mb\/s Disipador Pc\/laptop + Env\u00edo a domicilio + Pago seguro + Garant\u00eda","breadcrumb":{"@id":"https:\/\/compuviper.mx\/tienda\/producto\/kingston-sfyrdk-2000g-unidad-de-estado-solido-fury-renegade-2tb-nvme-pcle-4-0-gen4x4-lect-7300-escrit-7000mb-s-disipador-pc-laptop\/#breadcrumb"},"inLanguage":"es-MX","potentialAction":[{"@type":"ReadAction","target":["https:\/\/compuviper.mx\/tienda\/producto\/kingston-sfyrdk-2000g-unidad-de-estado-solido-fury-renegade-2tb-nvme-pcle-4-0-gen4x4-lect-7300-escrit-7000mb-s-disipador-pc-laptop\/"]}]},{"@type":"BreadcrumbList","@id":"https:\/\/compuviper.mx\/tienda\/producto\/kingston-sfyrdk-2000g-unidad-de-estado-solido-fury-renegade-2tb-nvme-pcle-4-0-gen4x4-lect-7300-escrit-7000mb-s-disipador-pc-laptop\/#breadcrumb","itemListElement":[{"@type":"ListItem","position":1,"name":"Inicio","item":"https:\/\/compuviper.mx\/tienda\/"},{"@type":"ListItem","position":2,"name":"Productos","item":"https:\/\/compuviper.mx\/tienda\/productos\/"},{"@type":"ListItem","position":3,"name":"Discos Duros","item":"https:\/\/compuviper.mx\/tienda\/categoria-producto\/discos-duros\/"},{"@type":"ListItem","position":4,"name":"Unidad De Estado Solido","item":"https:\/\/compuviper.mx\/tienda\/categoria-producto\/discos-duros\/unidad-de-estado-solido\/"},{"@type":"ListItem","position":5,"name":"Kingston Sfyrdk\/2000g Unidad De Estado Solido Fury Renegade 2tb Nvme Pcle 4.0 Gen4x4 Lect.7300\/escrit.7000mb\/s Disipador Pc\/laptop"}]},{"@type":"WebSite","@id":"https:\/\/compuviper.mx\/tienda\/#website","url":"https:\/\/compuviper.mx\/tienda\/","name":"Compuviper","description":"Proveedor de Computadoras, Laptops, Servidores, Monitores, Puntos de Venta, Teclados,   Impresoras, T\u00f3ner, C\u00e1maras de Seguridad y m\u00e1s en tu tienda en l\u00ednea","publisher":{"@id":"https:\/\/compuviper.mx\/tienda\/#organization"},"potentialAction":[{"@type":"SearchAction","target":{"@type":"EntryPoint","urlTemplate":"https:\/\/compuviper.mx\/tienda\/?s={search_term_string}"},"query-input":"required name=search_term_string"}],"inLanguage":"es-MX"},{"@type":"Organization","@id":"https:\/\/compuviper.mx\/tienda\/#organization","name":"Compuviper","url":"https:\/\/compuviper.mx\/tienda\/","logo":{"@type":"ImageObject","inLanguage":"es-MX","@id":"https:\/\/compuviper.mx\/tienda\/#\/schema\/logo\/image\/","url":"https:\/\/compuviper.mx\/tienda\/wp-content\/uploads\/2021\/08\/Logo-Compuviper-10.png","contentUrl":"https:\/\/compuviper.mx\/tienda\/wp-content\/uploads\/2021\/08\/Logo-Compuviper-10.png","width":1000,"height":500,"caption":"Compuviper"},"image":{"@id":"https:\/\/compuviper.mx\/tienda\/#\/schema\/logo\/image\/"},"sameAs":["https:\/\/www.facebook.com\/compuviper","https:\/\/www.youtube.com\/channel\/UCf73dERp9Y3cfOq7q8BhLjA?view_as=subscriber"]}]},"product_brand":"KINGSTON","product_price_amount":"8765","product_price_currency":"MXN","og_availability":"instock","product_availability":"instock","product_retailer_item_id":"SFYRDK\/2000G","product_condition":"new"},"_links":{"self":[{"href":"https:\/\/compuviper.mx\/tienda\/wp-json\/wp\/v2\/product\/266781"}],"collection":[{"href":"https:\/\/compuviper.mx\/tienda\/wp-json\/wp\/v2\/product"}],"about":[{"href":"https:\/\/compuviper.mx\/tienda\/wp-json\/wp\/v2\/types\/product"}],"replies":[{"embeddable":true,"href":"https:\/\/compuviper.mx\/tienda\/wp-json\/wp\/v2\/comments?post=266781"}],"wp:featuredmedia":[{"embeddable":true,"href":"https:\/\/compuviper.mx\/tienda\/wp-json\/wp\/v2\/media\/266782"}],"wp:attachment":[{"href":"https:\/\/compuviper.mx\/tienda\/wp-json\/wp\/v2\/media?parent=266781"}],"wp:term":[{"taxonomy":"product_cat","embeddable":true,"href":"https:\/\/compuviper.mx\/tienda\/wp-json\/wp\/v2\/product_cat?post=266781"},{"taxonomy":"product_tag","embeddable":true,"href":"https:\/\/compuviper.mx\/tienda\/wp-json\/wp\/v2\/product_tag?post=266781"}],"curies":[{"name":"wp","href":"https:\/\/api.w.org\/{rel}","templated":true}]}}