{"id":266769,"date":"2026-04-16T00:37:31","date_gmt":"2026-04-16T06:37:31","guid":{"rendered":"https:\/\/compuviper.mx\/tienda\/producto\/kingston-sedc600m-3840g-unidad-de-estado-solido-ssd-dc600m-3840gb-enterprice-sata-2-5-lect-560-escr-530mbs-para-servidor\/"},"modified":"2026-04-16T00:37:32","modified_gmt":"2026-04-16T06:37:32","slug":"kingston-sedc600m-3840g-unidad-de-estado-solido-ssd-dc600m-3840gb-enterprice-sata-2-5-lect-560-escr-530mbs-para-servidor","status":"publish","type":"product","link":"https:\/\/compuviper.mx\/tienda\/producto\/kingston-sedc600m-3840g-unidad-de-estado-solido-ssd-dc600m-3840gb-enterprice-sata-2-5-lect-560-escr-530mbs-para-servidor\/","title":{"rendered":"Kingston Sedc600m\/3840g Unidad De Estado Solido Ssd  Dc600m 3840gb Enterprice Sata 2.5 Lect.560\/escr.530mbs Para Servidor"},"content":{"rendered":"<table class=\"descripcion\">\n<tr>\n<td>Interfaz: sata rev. 3.0 6gb\/s, con compatibilidad inversa para sata rev. 2.0 3gb\/s<\/td>\n<\/tr>\n<tr>\n<td>Capacidad: 3.84tb<\/td>\n<\/tr>\n<tr>\n<td>Tipo: tlc nand 3d<\/td>\n<\/tr>\n<tr>\n<td>Dimensiones: 69.9 x 100 x 7mm<\/td>\n<\/tr>\n<tr>\n<td>Peso: 92.34g<\/td>\n<\/tr>\n<tr>\n<td>Consumo de energia:<\/td>\n<\/tr>\n<tr>\n<td>Inactiva: 1.30w<\/td>\n<\/tr>\n<tr>\n<td>Promedio: 1.45w<\/td>\n<\/tr>\n<tr>\n<td>Lectura m\u00e1xima.: 1.6w<\/td>\n<\/tr>\n<tr>\n<td>Escritura m\u00e1xima: 3.6w<\/td>\n<\/tr>\n<tr>\n<td>Temp. operacion: 0\u00b0c ~ 70\u00b0c<\/td>\n<\/tr>\n<tr>\n<td>Temp. almacenamiento: -40\u00b0c ~ 85\u00b0c<\/td>\n<\/tr>\n<tr>\n<td>Resistencia a las vibraciones en operacion. 2.17 g pico 7 a 800hz<\/td>\n<\/tr>\n<tr>\n<td>Resistencia a las vibraciones fuera de operacion. 20 g pico 10 a 2.000hz<\/td>\n<\/tr>\n<\/table>\n","protected":false},"excerpt":{"rendered":"<p>Ssd dc600m de kingston es un ssd para centros de datos sata 3.0 de 4.\u00aa generaci\u00f3n de 6gbps con 3d tlc nand dise\u00f1ado para cargas de trabajo de \u0093uso mixto\u0094. El dc600m es adecuado utilizarlo en servidores de gran volumen que se montan en rack e incluye hardware integrado (plp). A trav\u00e9s de condensadores de p\u00e9rdida de. Energ\u00eda, el dc600m protege los datos contra fallas de energ\u00eda inesperadas para reducir la posibilidad de p\u00e9rdida de datos y garantizar que la unidad se reinicie con \u00e9xito en el pr\u00f3ximo encendido del sistema. El dc600m est\u00e1 dise\u00f1ado para brindar. Latencia y consistencia de iops para integradores de sistemas, centros de datos de hiperescala y proveedores de servicios en la nube.<\/p>\n","protected":false},"featured_media":266770,"comment_status":"open","ping_status":"open","template":"","meta":[],"product_cat":[1703,1708],"product_tag":[1573],"acf":[],"yoast_head":"<!-- This site is optimized with the Yoast SEO plugin v21.7 - https:\/\/yoast.com\/wordpress\/plugins\/seo\/ -->\n<title>[ Kingston ] &#129351; Sedc600m\/3840g Unidad De Estado Solido Ssd Dc600m 3840gb Enterprice Sata 2.5 Lect.560\/escr.530mbs Para Servidor<\/title>\n<meta name=\"description\" content=\"Compra Sedc600m\/3840g Unidad De Estado Solido Ssd Dc600m 3840gb Enterprice Sata 2.5 Lect.560\/escr.530mbs Para Servidor + Env\u00edo a domicilio + Pago seguro + Garant\u00eda\" \/>\n<meta name=\"robots\" content=\"index, follow, max-snippet:-1, max-image-preview:large, max-video-preview:-1\" \/>\n<link rel=\"canonical\" href=\"https:\/\/compuviper.mx\/tienda\/producto\/kingston-sedc600m-3840g-unidad-de-estado-solido-ssd-dc600m-3840gb-enterprice-sata-2-5-lect-560-escr-530mbs-para-servidor\/\" \/>\n<meta property=\"og:locale\" content=\"es_MX\" \/>\n<meta property=\"og:type\" content=\"article\" \/>\n<meta property=\"og:title\" content=\"[ Kingston ] &#129351; Sedc600m\/3840g Unidad De Estado Solido Ssd Dc600m 3840gb Enterprice Sata 2.5 Lect.560\/escr.530mbs Para Servidor\" \/>\n<meta property=\"og:description\" content=\"Compra Sedc600m\/3840g Unidad De Estado Solido Ssd Dc600m 3840gb Enterprice Sata 2.5 Lect.560\/escr.530mbs Para Servidor + Env\u00edo a domicilio + Pago seguro + Garant\u00eda\" \/>\n<meta property=\"og:url\" content=\"https:\/\/compuviper.mx\/tienda\/producto\/kingston-sedc600m-3840g-unidad-de-estado-solido-ssd-dc600m-3840gb-enterprice-sata-2-5-lect-560-escr-530mbs-para-servidor\/\" \/>\n<meta property=\"og:site_name\" content=\"Compuviper\" \/>\n<meta property=\"article:publisher\" content=\"https:\/\/www.facebook.com\/compuviper\" \/>\n<meta property=\"article:modified_time\" content=\"2026-04-16T06:37:32+00:00\" \/>\n<meta property=\"og:image\" content=\"https:\/\/compuviper.mx\/tienda\/wp-content\/uploads\/2026\/02\/Unidad-de-estado-solido-ssd-kingston-dc600m-3840gb-enterprice-sata-2.5-lect.560escr.530mbs-para-servidor-sedc600m3840g.jpg\" \/>\n\t<meta property=\"og:image:width\" content=\"200\" \/>\n\t<meta property=\"og:image:height\" content=\"200\" \/>\n\t<meta property=\"og:image:type\" content=\"image\/jpeg\" \/>\n<meta name=\"twitter:card\" content=\"summary_large_image\" \/>\n<meta name=\"twitter:label1\" content=\"Precio\" \/>\n\t<meta name=\"twitter:data1\" content=\"&#36;22,998 con IVA\" \/>\n\t<meta name=\"twitter:label2\" content=\"Availability\" \/>\n\t<meta name=\"twitter:data2\" content=\"In stock\" \/>\n<script type=\"application\/ld+json\" class=\"yoast-schema-graph\">{\"@context\":\"https:\/\/schema.org\",\"@graph\":[{\"@type\":\"WebPage\",\"@id\":\"https:\/\/compuviper.mx\/tienda\/producto\/kingston-sedc600m-3840g-unidad-de-estado-solido-ssd-dc600m-3840gb-enterprice-sata-2-5-lect-560-escr-530mbs-para-servidor\/\",\"url\":\"https:\/\/compuviper.mx\/tienda\/producto\/kingston-sedc600m-3840g-unidad-de-estado-solido-ssd-dc600m-3840gb-enterprice-sata-2-5-lect-560-escr-530mbs-para-servidor\/\",\"name\":\"[ Kingston ] &#129351; Sedc600m\/3840g Unidad De Estado Solido Ssd Dc600m 3840gb Enterprice Sata 2.5 Lect.560\/escr.530mbs Para Servidor\",\"isPartOf\":{\"@id\":\"https:\/\/compuviper.mx\/tienda\/#website\"},\"datePublished\":\"2026-04-16T06:37:31+00:00\",\"dateModified\":\"2026-04-16T06:37:32+00:00\",\"description\":\"Compra Sedc600m\/3840g Unidad De Estado Solido Ssd Dc600m 3840gb Enterprice Sata 2.5 Lect.560\/escr.530mbs Para Servidor + Env\u00edo a domicilio + Pago seguro + Garant\u00eda\",\"breadcrumb\":{\"@id\":\"https:\/\/compuviper.mx\/tienda\/producto\/kingston-sedc600m-3840g-unidad-de-estado-solido-ssd-dc600m-3840gb-enterprice-sata-2-5-lect-560-escr-530mbs-para-servidor\/#breadcrumb\"},\"inLanguage\":\"es-MX\",\"potentialAction\":[{\"@type\":\"ReadAction\",\"target\":[\"https:\/\/compuviper.mx\/tienda\/producto\/kingston-sedc600m-3840g-unidad-de-estado-solido-ssd-dc600m-3840gb-enterprice-sata-2-5-lect-560-escr-530mbs-para-servidor\/\"]}]},{\"@type\":\"BreadcrumbList\",\"@id\":\"https:\/\/compuviper.mx\/tienda\/producto\/kingston-sedc600m-3840g-unidad-de-estado-solido-ssd-dc600m-3840gb-enterprice-sata-2-5-lect-560-escr-530mbs-para-servidor\/#breadcrumb\",\"itemListElement\":[{\"@type\":\"ListItem\",\"position\":1,\"name\":\"Inicio\",\"item\":\"https:\/\/compuviper.mx\/tienda\/\"},{\"@type\":\"ListItem\",\"position\":2,\"name\":\"Productos\",\"item\":\"https:\/\/compuviper.mx\/tienda\/productos\/\"},{\"@type\":\"ListItem\",\"position\":3,\"name\":\"Discos Duros\",\"item\":\"https:\/\/compuviper.mx\/tienda\/categoria-producto\/discos-duros\/\"},{\"@type\":\"ListItem\",\"position\":4,\"name\":\"Unidad De Estado Solido\",\"item\":\"https:\/\/compuviper.mx\/tienda\/categoria-producto\/discos-duros\/unidad-de-estado-solido\/\"},{\"@type\":\"ListItem\",\"position\":5,\"name\":\"Kingston Sedc600m\/3840g Unidad De Estado Solido Ssd Dc600m 3840gb Enterprice Sata 2.5 Lect.560\/escr.530mbs Para Servidor\"}]},{\"@type\":\"WebSite\",\"@id\":\"https:\/\/compuviper.mx\/tienda\/#website\",\"url\":\"https:\/\/compuviper.mx\/tienda\/\",\"name\":\"Compuviper\",\"description\":\"Proveedor de Computadoras, Laptops, Servidores, Monitores, Puntos de Venta, Teclados,   Impresoras, T\u00f3ner, C\u00e1maras de Seguridad y m\u00e1s en tu tienda en l\u00ednea\",\"publisher\":{\"@id\":\"https:\/\/compuviper.mx\/tienda\/#organization\"},\"potentialAction\":[{\"@type\":\"SearchAction\",\"target\":{\"@type\":\"EntryPoint\",\"urlTemplate\":\"https:\/\/compuviper.mx\/tienda\/?s={search_term_string}\"},\"query-input\":\"required name=search_term_string\"}],\"inLanguage\":\"es-MX\"},{\"@type\":\"Organization\",\"@id\":\"https:\/\/compuviper.mx\/tienda\/#organization\",\"name\":\"Compuviper\",\"url\":\"https:\/\/compuviper.mx\/tienda\/\",\"logo\":{\"@type\":\"ImageObject\",\"inLanguage\":\"es-MX\",\"@id\":\"https:\/\/compuviper.mx\/tienda\/#\/schema\/logo\/image\/\",\"url\":\"https:\/\/compuviper.mx\/tienda\/wp-content\/uploads\/2021\/08\/Logo-Compuviper-10.png\",\"contentUrl\":\"https:\/\/compuviper.mx\/tienda\/wp-content\/uploads\/2021\/08\/Logo-Compuviper-10.png\",\"width\":1000,\"height\":500,\"caption\":\"Compuviper\"},\"image\":{\"@id\":\"https:\/\/compuviper.mx\/tienda\/#\/schema\/logo\/image\/\"},\"sameAs\":[\"https:\/\/www.facebook.com\/compuviper\",\"https:\/\/www.youtube.com\/channel\/UCf73dERp9Y3cfOq7q8BhLjA?view_as=subscriber\"]}]}<\/script>\n<meta property=\"product:brand\" content=\"KINGSTON\" \/>\n<meta property=\"product:price:amount\" content=\"22998\" \/>\n<meta property=\"product:price:currency\" content=\"MXN\" \/>\n<meta property=\"og:availability\" content=\"instock\" \/>\n<meta property=\"product:availability\" content=\"instock\" \/>\n<meta property=\"product:retailer_item_id\" content=\"SEDC600M\/3840G\" \/>\n<meta property=\"product:condition\" content=\"new\" \/>\n<!-- \/ Yoast SEO plugin. -->","yoast_head_json":{"title":"[ Kingston ] &#129351; Sedc600m\/3840g Unidad De Estado Solido Ssd Dc600m 3840gb Enterprice Sata 2.5 Lect.560\/escr.530mbs Para Servidor","description":"Compra Sedc600m\/3840g Unidad De Estado Solido Ssd Dc600m 3840gb Enterprice Sata 2.5 Lect.560\/escr.530mbs Para Servidor + Env\u00edo a domicilio + Pago seguro + Garant\u00eda","robots":{"index":"index","follow":"follow","max-snippet":"max-snippet:-1","max-image-preview":"max-image-preview:large","max-video-preview":"max-video-preview:-1"},"canonical":"https:\/\/compuviper.mx\/tienda\/producto\/kingston-sedc600m-3840g-unidad-de-estado-solido-ssd-dc600m-3840gb-enterprice-sata-2-5-lect-560-escr-530mbs-para-servidor\/","og_locale":"es_MX","og_type":"article","og_title":"[ Kingston ] &#129351; Sedc600m\/3840g Unidad De Estado Solido Ssd Dc600m 3840gb Enterprice Sata 2.5 Lect.560\/escr.530mbs Para Servidor","og_description":"Compra Sedc600m\/3840g Unidad De Estado Solido Ssd Dc600m 3840gb Enterprice Sata 2.5 Lect.560\/escr.530mbs Para Servidor + Env\u00edo a domicilio + Pago seguro + Garant\u00eda","og_url":"https:\/\/compuviper.mx\/tienda\/producto\/kingston-sedc600m-3840g-unidad-de-estado-solido-ssd-dc600m-3840gb-enterprice-sata-2-5-lect-560-escr-530mbs-para-servidor\/","og_site_name":"Compuviper","article_publisher":"https:\/\/www.facebook.com\/compuviper","article_modified_time":"2026-04-16T06:37:32+00:00","og_image":[{"width":200,"height":200,"url":"https:\/\/compuviper.mx\/tienda\/wp-content\/uploads\/2026\/02\/Unidad-de-estado-solido-ssd-kingston-dc600m-3840gb-enterprice-sata-2.5-lect.560escr.530mbs-para-servidor-sedc600m3840g.jpg","type":"image\/jpeg"}],"twitter_card":"summary_large_image","twitter_misc":{"Precio":"&#36;22,998 con IVA","Availability":"In stock"},"schema":{"@context":"https:\/\/schema.org","@graph":[{"@type":"WebPage","@id":"https:\/\/compuviper.mx\/tienda\/producto\/kingston-sedc600m-3840g-unidad-de-estado-solido-ssd-dc600m-3840gb-enterprice-sata-2-5-lect-560-escr-530mbs-para-servidor\/","url":"https:\/\/compuviper.mx\/tienda\/producto\/kingston-sedc600m-3840g-unidad-de-estado-solido-ssd-dc600m-3840gb-enterprice-sata-2-5-lect-560-escr-530mbs-para-servidor\/","name":"[ Kingston ] &#129351; Sedc600m\/3840g Unidad De Estado Solido Ssd Dc600m 3840gb Enterprice Sata 2.5 Lect.560\/escr.530mbs Para Servidor","isPartOf":{"@id":"https:\/\/compuviper.mx\/tienda\/#website"},"datePublished":"2026-04-16T06:37:31+00:00","dateModified":"2026-04-16T06:37:32+00:00","description":"Compra Sedc600m\/3840g Unidad De Estado Solido Ssd Dc600m 3840gb Enterprice Sata 2.5 Lect.560\/escr.530mbs Para Servidor + Env\u00edo a domicilio + Pago seguro + Garant\u00eda","breadcrumb":{"@id":"https:\/\/compuviper.mx\/tienda\/producto\/kingston-sedc600m-3840g-unidad-de-estado-solido-ssd-dc600m-3840gb-enterprice-sata-2-5-lect-560-escr-530mbs-para-servidor\/#breadcrumb"},"inLanguage":"es-MX","potentialAction":[{"@type":"ReadAction","target":["https:\/\/compuviper.mx\/tienda\/producto\/kingston-sedc600m-3840g-unidad-de-estado-solido-ssd-dc600m-3840gb-enterprice-sata-2-5-lect-560-escr-530mbs-para-servidor\/"]}]},{"@type":"BreadcrumbList","@id":"https:\/\/compuviper.mx\/tienda\/producto\/kingston-sedc600m-3840g-unidad-de-estado-solido-ssd-dc600m-3840gb-enterprice-sata-2-5-lect-560-escr-530mbs-para-servidor\/#breadcrumb","itemListElement":[{"@type":"ListItem","position":1,"name":"Inicio","item":"https:\/\/compuviper.mx\/tienda\/"},{"@type":"ListItem","position":2,"name":"Productos","item":"https:\/\/compuviper.mx\/tienda\/productos\/"},{"@type":"ListItem","position":3,"name":"Discos Duros","item":"https:\/\/compuviper.mx\/tienda\/categoria-producto\/discos-duros\/"},{"@type":"ListItem","position":4,"name":"Unidad De Estado Solido","item":"https:\/\/compuviper.mx\/tienda\/categoria-producto\/discos-duros\/unidad-de-estado-solido\/"},{"@type":"ListItem","position":5,"name":"Kingston Sedc600m\/3840g Unidad De Estado Solido Ssd Dc600m 3840gb Enterprice Sata 2.5 Lect.560\/escr.530mbs Para Servidor"}]},{"@type":"WebSite","@id":"https:\/\/compuviper.mx\/tienda\/#website","url":"https:\/\/compuviper.mx\/tienda\/","name":"Compuviper","description":"Proveedor de Computadoras, Laptops, Servidores, Monitores, Puntos de Venta, Teclados,   Impresoras, T\u00f3ner, C\u00e1maras de Seguridad y m\u00e1s en tu tienda en l\u00ednea","publisher":{"@id":"https:\/\/compuviper.mx\/tienda\/#organization"},"potentialAction":[{"@type":"SearchAction","target":{"@type":"EntryPoint","urlTemplate":"https:\/\/compuviper.mx\/tienda\/?s={search_term_string}"},"query-input":"required name=search_term_string"}],"inLanguage":"es-MX"},{"@type":"Organization","@id":"https:\/\/compuviper.mx\/tienda\/#organization","name":"Compuviper","url":"https:\/\/compuviper.mx\/tienda\/","logo":{"@type":"ImageObject","inLanguage":"es-MX","@id":"https:\/\/compuviper.mx\/tienda\/#\/schema\/logo\/image\/","url":"https:\/\/compuviper.mx\/tienda\/wp-content\/uploads\/2021\/08\/Logo-Compuviper-10.png","contentUrl":"https:\/\/compuviper.mx\/tienda\/wp-content\/uploads\/2021\/08\/Logo-Compuviper-10.png","width":1000,"height":500,"caption":"Compuviper"},"image":{"@id":"https:\/\/compuviper.mx\/tienda\/#\/schema\/logo\/image\/"},"sameAs":["https:\/\/www.facebook.com\/compuviper","https:\/\/www.youtube.com\/channel\/UCf73dERp9Y3cfOq7q8BhLjA?view_as=subscriber"]}]},"product_brand":"KINGSTON","product_price_amount":"22998","product_price_currency":"MXN","og_availability":"instock","product_availability":"instock","product_retailer_item_id":"SEDC600M\/3840G","product_condition":"new"},"_links":{"self":[{"href":"https:\/\/compuviper.mx\/tienda\/wp-json\/wp\/v2\/product\/266769"}],"collection":[{"href":"https:\/\/compuviper.mx\/tienda\/wp-json\/wp\/v2\/product"}],"about":[{"href":"https:\/\/compuviper.mx\/tienda\/wp-json\/wp\/v2\/types\/product"}],"replies":[{"embeddable":true,"href":"https:\/\/compuviper.mx\/tienda\/wp-json\/wp\/v2\/comments?post=266769"}],"wp:featuredmedia":[{"embeddable":true,"href":"https:\/\/compuviper.mx\/tienda\/wp-json\/wp\/v2\/media\/266770"}],"wp:attachment":[{"href":"https:\/\/compuviper.mx\/tienda\/wp-json\/wp\/v2\/media?parent=266769"}],"wp:term":[{"taxonomy":"product_cat","embeddable":true,"href":"https:\/\/compuviper.mx\/tienda\/wp-json\/wp\/v2\/product_cat?post=266769"},{"taxonomy":"product_tag","embeddable":true,"href":"https:\/\/compuviper.mx\/tienda\/wp-json\/wp\/v2\/product_tag?post=266769"}],"curies":[{"name":"wp","href":"https:\/\/api.w.org\/{rel}","templated":true}]}}