{"id":266756,"date":"2026-04-07T00:10:05","date_gmt":"2026-04-07T06:10:05","guid":{"rendered":"https:\/\/compuviper.mx\/tienda\/producto\/dahua-dh-pfm343-19ch-fuente-de-poder-de12-vcc-20-amperes-con-distribuidor-para-19-camaras-con-fusibles-intercambiables-voltaje-de-entrada-de-90-a-264-vac-gabinete-metalico-con-cerradura-protec-2\/"},"modified":"2026-04-07T00:10:05","modified_gmt":"2026-04-07T06:10:05","slug":"dahua-dh-pfm343-19ch-fuente-de-poder-de12-vcc-20-amperes-con-distribuidor-para-19-camaras-con-fusibles-intercambiables-voltaje-de-entrada-de-90-a-264-vac-gabinete-metalico-con-cerradura-protec","status":"publish","type":"product","link":"https:\/\/compuviper.mx\/tienda\/producto\/dahua-dh-pfm343-19ch-fuente-de-poder-de12-vcc-20-amperes-con-distribuidor-para-19-camaras-con-fusibles-intercambiables-voltaje-de-entrada-de-90-a-264-vac-gabinete-metalico-con-cerradura-protec\/","title":{"rendered":"Dahua Dh-pfm343-19ch Fuente De Poder\/ \/\/ De12 Vcc 20 Amperes\/con Distribuidor Para 19 Camaras\/ Con Fusibles Intercambiables\/ Voltaje De Entrada De 90 A 264 Vac\/ Gabinete Metalico Con Cerradura\/ Protecc"},"content":{"rendered":"<table class=\"descripcion\">\n<tr>\n<td>Caracteristicas principales<\/td>\n<\/tr>\n<tr>\n<td>\u0095canales: cuenta con 19 canales.<\/td>\n<\/tr>\n<tr>\n<td>\u0095bloqueo: cuenta con llave de bloqueo para evitar acceso no autorizado.<\/td>\n<\/tr>\n<tr>\n<td>\u0095entrada de voltaje amplio: ac90 ~ 264vac.<\/td>\n<\/tr>\n<tr>\n<td>\u0095alta calidad y confiabilidad: pase del examen de calidad al 100 y la prueba de envejecimiento a alta temperatura de 3 meses.<\/td>\n<\/tr>\n<tr>\n<td>\u0095proteccion: contra sobrecarga, contra sobre corriente, contra sobretension, capacidad antiestatica y antiinterferencias.<\/td>\n<\/tr>\n<tr>\n<td>\u0095instalacion: montada en la pared con orificios de salida reservados, conveniente y flexible.<\/td>\n<\/tr>\n<tr>\n<td>Especificaciones tecnicas<\/td>\n<\/tr>\n<tr>\n<td>\u0095modelo: dh-pfm343-19ch<\/td>\n<\/tr>\n<tr>\n<td>\u0095rango de voltaje de entrada: ca90-264v<\/td>\n<\/tr>\n<tr>\n<td>\u0095salidas: 19 salidas de 12 vcc -3 ~7<\/td>\n<\/tr>\n<tr>\n<td>\u0095max. produccion: 20a, 240w<\/td>\n<\/tr>\n<tr>\n<td>\u0095proteccion de salida: 19 salidas de 12 vcc -3 ~7<\/td>\n<\/tr>\n<tr>\n<td>\u0095consumo de energia sin carga:  0.21w<\/td>\n<\/tr>\n<tr>\n<td>\u0095interruptor de encendido \/apagado interno: si<\/td>\n<\/tr>\n<tr>\n<td>\u0095indicador led de salida individual: si<\/td>\n<\/tr>\n<\/table>\n","protected":false},"excerpt":{"rendered":"<p>Informacion general. La caja de distribucion de fuente de alimentacion dh-pfm343-19ch de camara de seguridad de 19 canales cuenta con un indicador led de salida individual y una caja de metal con llave de bloqueo para evitar el acceso no autorizado. Posee una entrada de voltaje amplio de ac90 ~ 264vac, cumpliendo con los requisitos en diferentes partes para la fluctuacion de la red electrica. Destaca por su alta calidad y confiabilidad, habiendo pasado el examen de calidad al 100 y la prueba de envejecimiento a alta temperatura de 3 meses. Ofrece proteccion contra sobrecarga, sobrecorriente, sobretension, asi como capacidad antiestatica y antiinterferencias. Su instalacion profesional es montada en la pared, con orificios de salida reservados, lo que la hace conveniente y flexible<\/p>\n","protected":false},"featured_media":0,"comment_status":"open","ping_status":"open","template":"","meta":[],"product_cat":[1508,1672],"product_tag":[1555],"acf":[],"yoast_head":"<!-- This site is optimized with the Yoast SEO plugin v21.7 - https:\/\/yoast.com\/wordpress\/plugins\/seo\/ -->\n<title>[ Dahua ] &#129351; Dh-pfm343-19ch Fuente De Poder\/ \/\/ De12 Vcc 20 Amperes\/con Distribuidor Para 19 Camaras\/ Con Fusibles Intercambiables\/ Voltaje De Entrada De 90 A 264 Vac\/ Gabinete Metalico Con Cerradura\/ Protecc<\/title>\n<meta name=\"description\" content=\"Compra Dh-pfm343-19ch Fuente De Poder\/ \/\/ De12 Vcc 20 Amperes\/con Distribuidor Para 19 Camaras\/ Con Fusibles Intercambiables\/ Voltaje De Entrada De 90 A 264 Vac\/ Gabinete Metalico Con Cerradura\/ Protecc + Env\u00edo a domicilio + Pago seguro + Garant\u00eda\" \/>\n<meta name=\"robots\" content=\"index, follow, max-snippet:-1, max-image-preview:large, max-video-preview:-1\" \/>\n<link rel=\"canonical\" href=\"https:\/\/compuviper.mx\/tienda\/producto\/dahua-dh-pfm343-19ch-fuente-de-poder-de12-vcc-20-amperes-con-distribuidor-para-19-camaras-con-fusibles-intercambiables-voltaje-de-entrada-de-90-a-264-vac-gabinete-metalico-con-cerradura-protec\/\" \/>\n<meta property=\"og:locale\" content=\"es_MX\" \/>\n<meta property=\"og:type\" content=\"article\" \/>\n<meta property=\"og:title\" content=\"[ Dahua ] &#129351; Dh-pfm343-19ch Fuente De Poder\/ \/\/ De12 Vcc 20 Amperes\/con Distribuidor Para 19 Camaras\/ Con Fusibles Intercambiables\/ Voltaje De Entrada De 90 A 264 Vac\/ Gabinete Metalico Con Cerradura\/ Protecc\" \/>\n<meta property=\"og:description\" content=\"Compra Dh-pfm343-19ch Fuente De Poder\/ \/\/ De12 Vcc 20 Amperes\/con Distribuidor Para 19 Camaras\/ Con Fusibles Intercambiables\/ Voltaje De Entrada De 90 A 264 Vac\/ Gabinete Metalico Con Cerradura\/ Protecc + Env\u00edo a domicilio + Pago seguro + Garant\u00eda\" \/>\n<meta property=\"og:url\" content=\"https:\/\/compuviper.mx\/tienda\/producto\/dahua-dh-pfm343-19ch-fuente-de-poder-de12-vcc-20-amperes-con-distribuidor-para-19-camaras-con-fusibles-intercambiables-voltaje-de-entrada-de-90-a-264-vac-gabinete-metalico-con-cerradura-protec\/\" \/>\n<meta property=\"og:site_name\" content=\"Compuviper\" \/>\n<meta property=\"article:publisher\" content=\"https:\/\/www.facebook.com\/compuviper\" \/>\n<meta name=\"twitter:card\" content=\"summary_large_image\" \/>\n<meta name=\"twitter:label1\" content=\"Precio\" \/>\n\t<meta name=\"twitter:data1\" content=\"&#36;1,187 con IVA\" \/>\n\t<meta name=\"twitter:label2\" content=\"Availability\" \/>\n\t<meta name=\"twitter:data2\" content=\"On backorder\" \/>\n<script type=\"application\/ld+json\" class=\"yoast-schema-graph\">{\"@context\":\"https:\/\/schema.org\",\"@graph\":[{\"@type\":\"WebPage\",\"@id\":\"https:\/\/compuviper.mx\/tienda\/producto\/dahua-dh-pfm343-19ch-fuente-de-poder-de12-vcc-20-amperes-con-distribuidor-para-19-camaras-con-fusibles-intercambiables-voltaje-de-entrada-de-90-a-264-vac-gabinete-metalico-con-cerradura-protec\/\",\"url\":\"https:\/\/compuviper.mx\/tienda\/producto\/dahua-dh-pfm343-19ch-fuente-de-poder-de12-vcc-20-amperes-con-distribuidor-para-19-camaras-con-fusibles-intercambiables-voltaje-de-entrada-de-90-a-264-vac-gabinete-metalico-con-cerradura-protec\/\",\"name\":\"[ Dahua ] &#129351; Dh-pfm343-19ch Fuente De Poder\/ \/\/ De12 Vcc 20 Amperes\/con Distribuidor Para 19 Camaras\/ Con Fusibles Intercambiables\/ Voltaje De Entrada De 90 A 264 Vac\/ Gabinete Metalico Con Cerradura\/ Protecc\",\"isPartOf\":{\"@id\":\"https:\/\/compuviper.mx\/tienda\/#website\"},\"datePublished\":\"2026-04-07T06:10:05+00:00\",\"dateModified\":\"2026-04-07T06:10:05+00:00\",\"description\":\"Compra Dh-pfm343-19ch Fuente De Poder\/ \/\/ De12 Vcc 20 Amperes\/con Distribuidor Para 19 Camaras\/ Con Fusibles Intercambiables\/ Voltaje De Entrada De 90 A 264 Vac\/ Gabinete Metalico Con Cerradura\/ Protecc + Env\u00edo a domicilio + Pago seguro + Garant\u00eda\",\"breadcrumb\":{\"@id\":\"https:\/\/compuviper.mx\/tienda\/producto\/dahua-dh-pfm343-19ch-fuente-de-poder-de12-vcc-20-amperes-con-distribuidor-para-19-camaras-con-fusibles-intercambiables-voltaje-de-entrada-de-90-a-264-vac-gabinete-metalico-con-cerradura-protec\/#breadcrumb\"},\"inLanguage\":\"es-MX\",\"potentialAction\":[{\"@type\":\"ReadAction\",\"target\":[\"https:\/\/compuviper.mx\/tienda\/producto\/dahua-dh-pfm343-19ch-fuente-de-poder-de12-vcc-20-amperes-con-distribuidor-para-19-camaras-con-fusibles-intercambiables-voltaje-de-entrada-de-90-a-264-vac-gabinete-metalico-con-cerradura-protec\/\"]}]},{\"@type\":\"BreadcrumbList\",\"@id\":\"https:\/\/compuviper.mx\/tienda\/producto\/dahua-dh-pfm343-19ch-fuente-de-poder-de12-vcc-20-amperes-con-distribuidor-para-19-camaras-con-fusibles-intercambiables-voltaje-de-entrada-de-90-a-264-vac-gabinete-metalico-con-cerradura-protec\/#breadcrumb\",\"itemListElement\":[{\"@type\":\"ListItem\",\"position\":1,\"name\":\"Inicio\",\"item\":\"https:\/\/compuviper.mx\/tienda\/\"},{\"@type\":\"ListItem\",\"position\":2,\"name\":\"Productos\",\"item\":\"https:\/\/compuviper.mx\/tienda\/productos\/\"},{\"@type\":\"ListItem\",\"position\":3,\"name\":\"Energia\",\"item\":\"https:\/\/compuviper.mx\/tienda\/categoria-producto\/energia\/\"},{\"@type\":\"ListItem\",\"position\":4,\"name\":\"Fuentes De Poder\",\"item\":\"https:\/\/compuviper.mx\/tienda\/categoria-producto\/energia\/fuentes-de-poder\/\"},{\"@type\":\"ListItem\",\"position\":5,\"name\":\"Dahua Dh-pfm343-19ch Fuente De Poder\/ \/\/ De12 Vcc 20 Amperes\/con Distribuidor Para 19 Camaras\/ Con Fusibles Intercambiables\/ Voltaje De Entrada De 90 A 264 Vac\/ Gabinete Metalico Con Cerradura\/ Protecc\"}]},{\"@type\":\"WebSite\",\"@id\":\"https:\/\/compuviper.mx\/tienda\/#website\",\"url\":\"https:\/\/compuviper.mx\/tienda\/\",\"name\":\"Compuviper\",\"description\":\"Proveedor de Computadoras, Laptops, Servidores, Monitores, Puntos de Venta, Teclados,   Impresoras, T\u00f3ner, C\u00e1maras de Seguridad y m\u00e1s en tu tienda en l\u00ednea\",\"publisher\":{\"@id\":\"https:\/\/compuviper.mx\/tienda\/#organization\"},\"potentialAction\":[{\"@type\":\"SearchAction\",\"target\":{\"@type\":\"EntryPoint\",\"urlTemplate\":\"https:\/\/compuviper.mx\/tienda\/?s={search_term_string}\"},\"query-input\":\"required name=search_term_string\"}],\"inLanguage\":\"es-MX\"},{\"@type\":\"Organization\",\"@id\":\"https:\/\/compuviper.mx\/tienda\/#organization\",\"name\":\"Compuviper\",\"url\":\"https:\/\/compuviper.mx\/tienda\/\",\"logo\":{\"@type\":\"ImageObject\",\"inLanguage\":\"es-MX\",\"@id\":\"https:\/\/compuviper.mx\/tienda\/#\/schema\/logo\/image\/\",\"url\":\"https:\/\/compuviper.mx\/tienda\/wp-content\/uploads\/2021\/08\/Logo-Compuviper-10.png\",\"contentUrl\":\"https:\/\/compuviper.mx\/tienda\/wp-content\/uploads\/2021\/08\/Logo-Compuviper-10.png\",\"width\":1000,\"height\":500,\"caption\":\"Compuviper\"},\"image\":{\"@id\":\"https:\/\/compuviper.mx\/tienda\/#\/schema\/logo\/image\/\"},\"sameAs\":[\"https:\/\/www.facebook.com\/compuviper\",\"https:\/\/www.youtube.com\/channel\/UCf73dERp9Y3cfOq7q8BhLjA?view_as=subscriber\"]}]}<\/script>\n<meta property=\"product:brand\" content=\"DAHUA\" \/>\n<meta property=\"product:price:amount\" content=\"1187\" \/>\n<meta property=\"product:price:currency\" content=\"MXN\" \/>\n<meta property=\"og:availability\" content=\"backorder\" \/>\n<meta property=\"product:availability\" content=\"available for order\" \/>\n<meta property=\"product:retailer_item_id\" content=\"DH-PFM343-19CH\" \/>\n<meta property=\"product:condition\" content=\"new\" \/>\n<!-- \/ Yoast SEO plugin. -->","yoast_head_json":{"title":"[ Dahua ] &#129351; Dh-pfm343-19ch Fuente De Poder\/ \/\/ De12 Vcc 20 Amperes\/con Distribuidor Para 19 Camaras\/ Con Fusibles Intercambiables\/ Voltaje De Entrada De 90 A 264 Vac\/ Gabinete Metalico Con Cerradura\/ Protecc","description":"Compra Dh-pfm343-19ch Fuente De Poder\/ \/\/ De12 Vcc 20 Amperes\/con Distribuidor Para 19 Camaras\/ Con Fusibles Intercambiables\/ Voltaje De Entrada De 90 A 264 Vac\/ Gabinete Metalico Con Cerradura\/ Protecc + Env\u00edo a domicilio + Pago seguro + Garant\u00eda","robots":{"index":"index","follow":"follow","max-snippet":"max-snippet:-1","max-image-preview":"max-image-preview:large","max-video-preview":"max-video-preview:-1"},"canonical":"https:\/\/compuviper.mx\/tienda\/producto\/dahua-dh-pfm343-19ch-fuente-de-poder-de12-vcc-20-amperes-con-distribuidor-para-19-camaras-con-fusibles-intercambiables-voltaje-de-entrada-de-90-a-264-vac-gabinete-metalico-con-cerradura-protec\/","og_locale":"es_MX","og_type":"article","og_title":"[ Dahua ] &#129351; Dh-pfm343-19ch Fuente De Poder\/ \/\/ De12 Vcc 20 Amperes\/con Distribuidor Para 19 Camaras\/ Con Fusibles Intercambiables\/ Voltaje De Entrada De 90 A 264 Vac\/ Gabinete Metalico Con Cerradura\/ Protecc","og_description":"Compra Dh-pfm343-19ch Fuente De Poder\/ \/\/ De12 Vcc 20 Amperes\/con Distribuidor Para 19 Camaras\/ Con Fusibles Intercambiables\/ Voltaje De Entrada De 90 A 264 Vac\/ Gabinete Metalico Con Cerradura\/ Protecc + Env\u00edo a domicilio + Pago seguro + Garant\u00eda","og_url":"https:\/\/compuviper.mx\/tienda\/producto\/dahua-dh-pfm343-19ch-fuente-de-poder-de12-vcc-20-amperes-con-distribuidor-para-19-camaras-con-fusibles-intercambiables-voltaje-de-entrada-de-90-a-264-vac-gabinete-metalico-con-cerradura-protec\/","og_site_name":"Compuviper","article_publisher":"https:\/\/www.facebook.com\/compuviper","twitter_card":"summary_large_image","twitter_misc":{"Precio":"&#36;1,187 con IVA","Availability":"On backorder"},"schema":{"@context":"https:\/\/schema.org","@graph":[{"@type":"WebPage","@id":"https:\/\/compuviper.mx\/tienda\/producto\/dahua-dh-pfm343-19ch-fuente-de-poder-de12-vcc-20-amperes-con-distribuidor-para-19-camaras-con-fusibles-intercambiables-voltaje-de-entrada-de-90-a-264-vac-gabinete-metalico-con-cerradura-protec\/","url":"https:\/\/compuviper.mx\/tienda\/producto\/dahua-dh-pfm343-19ch-fuente-de-poder-de12-vcc-20-amperes-con-distribuidor-para-19-camaras-con-fusibles-intercambiables-voltaje-de-entrada-de-90-a-264-vac-gabinete-metalico-con-cerradura-protec\/","name":"[ Dahua ] &#129351; Dh-pfm343-19ch Fuente De Poder\/ \/\/ De12 Vcc 20 Amperes\/con Distribuidor Para 19 Camaras\/ Con Fusibles Intercambiables\/ Voltaje De Entrada De 90 A 264 Vac\/ Gabinete Metalico Con Cerradura\/ Protecc","isPartOf":{"@id":"https:\/\/compuviper.mx\/tienda\/#website"},"datePublished":"2026-04-07T06:10:05+00:00","dateModified":"2026-04-07T06:10:05+00:00","description":"Compra Dh-pfm343-19ch Fuente De Poder\/ \/\/ De12 Vcc 20 Amperes\/con Distribuidor Para 19 Camaras\/ Con Fusibles Intercambiables\/ Voltaje De Entrada De 90 A 264 Vac\/ Gabinete Metalico Con Cerradura\/ Protecc + Env\u00edo a domicilio + Pago seguro + Garant\u00eda","breadcrumb":{"@id":"https:\/\/compuviper.mx\/tienda\/producto\/dahua-dh-pfm343-19ch-fuente-de-poder-de12-vcc-20-amperes-con-distribuidor-para-19-camaras-con-fusibles-intercambiables-voltaje-de-entrada-de-90-a-264-vac-gabinete-metalico-con-cerradura-protec\/#breadcrumb"},"inLanguage":"es-MX","potentialAction":[{"@type":"ReadAction","target":["https:\/\/compuviper.mx\/tienda\/producto\/dahua-dh-pfm343-19ch-fuente-de-poder-de12-vcc-20-amperes-con-distribuidor-para-19-camaras-con-fusibles-intercambiables-voltaje-de-entrada-de-90-a-264-vac-gabinete-metalico-con-cerradura-protec\/"]}]},{"@type":"BreadcrumbList","@id":"https:\/\/compuviper.mx\/tienda\/producto\/dahua-dh-pfm343-19ch-fuente-de-poder-de12-vcc-20-amperes-con-distribuidor-para-19-camaras-con-fusibles-intercambiables-voltaje-de-entrada-de-90-a-264-vac-gabinete-metalico-con-cerradura-protec\/#breadcrumb","itemListElement":[{"@type":"ListItem","position":1,"name":"Inicio","item":"https:\/\/compuviper.mx\/tienda\/"},{"@type":"ListItem","position":2,"name":"Productos","item":"https:\/\/compuviper.mx\/tienda\/productos\/"},{"@type":"ListItem","position":3,"name":"Energia","item":"https:\/\/compuviper.mx\/tienda\/categoria-producto\/energia\/"},{"@type":"ListItem","position":4,"name":"Fuentes De Poder","item":"https:\/\/compuviper.mx\/tienda\/categoria-producto\/energia\/fuentes-de-poder\/"},{"@type":"ListItem","position":5,"name":"Dahua Dh-pfm343-19ch Fuente De Poder\/ \/\/ De12 Vcc 20 Amperes\/con Distribuidor Para 19 Camaras\/ Con Fusibles Intercambiables\/ Voltaje De Entrada De 90 A 264 Vac\/ Gabinete Metalico Con Cerradura\/ Protecc"}]},{"@type":"WebSite","@id":"https:\/\/compuviper.mx\/tienda\/#website","url":"https:\/\/compuviper.mx\/tienda\/","name":"Compuviper","description":"Proveedor de Computadoras, Laptops, Servidores, Monitores, Puntos de Venta, Teclados,   Impresoras, T\u00f3ner, C\u00e1maras de Seguridad y m\u00e1s en tu tienda en l\u00ednea","publisher":{"@id":"https:\/\/compuviper.mx\/tienda\/#organization"},"potentialAction":[{"@type":"SearchAction","target":{"@type":"EntryPoint","urlTemplate":"https:\/\/compuviper.mx\/tienda\/?s={search_term_string}"},"query-input":"required name=search_term_string"}],"inLanguage":"es-MX"},{"@type":"Organization","@id":"https:\/\/compuviper.mx\/tienda\/#organization","name":"Compuviper","url":"https:\/\/compuviper.mx\/tienda\/","logo":{"@type":"ImageObject","inLanguage":"es-MX","@id":"https:\/\/compuviper.mx\/tienda\/#\/schema\/logo\/image\/","url":"https:\/\/compuviper.mx\/tienda\/wp-content\/uploads\/2021\/08\/Logo-Compuviper-10.png","contentUrl":"https:\/\/compuviper.mx\/tienda\/wp-content\/uploads\/2021\/08\/Logo-Compuviper-10.png","width":1000,"height":500,"caption":"Compuviper"},"image":{"@id":"https:\/\/compuviper.mx\/tienda\/#\/schema\/logo\/image\/"},"sameAs":["https:\/\/www.facebook.com\/compuviper","https:\/\/www.youtube.com\/channel\/UCf73dERp9Y3cfOq7q8BhLjA?view_as=subscriber"]}]},"product_brand":"DAHUA","product_price_amount":"1187","product_price_currency":"MXN","og_availability":"backorder","product_availability":"available for order","product_retailer_item_id":"DH-PFM343-19CH","product_condition":"new"},"_links":{"self":[{"href":"https:\/\/compuviper.mx\/tienda\/wp-json\/wp\/v2\/product\/266756"}],"collection":[{"href":"https:\/\/compuviper.mx\/tienda\/wp-json\/wp\/v2\/product"}],"about":[{"href":"https:\/\/compuviper.mx\/tienda\/wp-json\/wp\/v2\/types\/product"}],"replies":[{"embeddable":true,"href":"https:\/\/compuviper.mx\/tienda\/wp-json\/wp\/v2\/comments?post=266756"}],"wp:attachment":[{"href":"https:\/\/compuviper.mx\/tienda\/wp-json\/wp\/v2\/media?parent=266756"}],"wp:term":[{"taxonomy":"product_cat","embeddable":true,"href":"https:\/\/compuviper.mx\/tienda\/wp-json\/wp\/v2\/product_cat?post=266756"},{"taxonomy":"product_tag","embeddable":true,"href":"https:\/\/compuviper.mx\/tienda\/wp-json\/wp\/v2\/product_tag?post=266756"}],"curies":[{"name":"wp","href":"https:\/\/api.w.org\/{rel}","templated":true}]}}