{"id":266732,"date":"2026-04-02T01:30:39","date_gmt":"2026-04-02T07:30:39","guid":{"rendered":"https:\/\/compuviper.mx\/tienda\/producto\/asus-oem-rnuc14lnku9099nu-mini-pc-asus-nuc-14-pro-ai-core-ultra-9-228v-hasta-5-1-ghz-8-cores-4p4e-32gb-lpddr5x-8533-1tb-m-2-intel-arc-140v-hdmi-2-1-2x-thunderbolt-4-w11-pro-copilot-pc\/"},"modified":"2026-04-03T00:00:20","modified_gmt":"2026-04-03T06:00:20","slug":"asus-oem-rnuc14lnku9099nu-mini-pc-asus-nuc-14-pro-ai-core-ultra-9-288v-hasta-5-1-ghz-8-cores-4p4e-32gb-lpddr5x-8533-1tb-m-2-intel-arc-140v-hdmi-2-1-2x-thunderbolt-4-w11-pro-copilot-pc","status":"publish","type":"product","link":"https:\/\/compuviper.mx\/tienda\/producto\/asus-oem-rnuc14lnku9099nu-mini-pc-asus-nuc-14-pro-ai-core-ultra-9-288v-hasta-5-1-ghz-8-cores-4p4e-32gb-lpddr5x-8533-1tb-m-2-intel-arc-140v-hdmi-2-1-2x-thunderbolt-4-w11-pro-copilot-pc\/","title":{"rendered":"Asus Oem Rnuc14lnku9099nu Mini Pc Asus Nuc 14 Pro Ai Core Ultra 9 288v Hasta 5.1 Ghz \/8 Cores (4p+4e) \/32gb Lpddr5x 8533 \/1tb M.2 \/intel Arc 140v \/hdmi 2.1 \/2x Thunderbolt 4 \/w11 Pro \/copilot+ Pc"},"content":{"rendered":"<table class=\"descripcion\">\n<tr>\n<td>Rnuc14lnku9099nu<\/td>\n<\/tr>\n<tr>\n<td>Nuc series  asus nuc 14 pro ai<\/td>\n<\/tr>\n<tr>\n<td>Model type  full system<\/td>\n<\/tr>\n<tr>\n<td>Color  black<\/td>\n<\/tr>\n<tr>\n<td>Cpu type  core ultra 9<\/td>\n<\/tr>\n<tr>\n<td>Cpu gen  series 2<\/td>\n<\/tr>\n<tr>\n<td>Cpu name  intel core ultra 9 288v<\/td>\n<\/tr>\n<tr>\n<td>Total cores  8<\/td>\n<\/tr>\n<tr>\n<td>Total threads  8<\/td>\n<\/tr>\n<tr>\n<td>Tdp  30w<\/td>\n<\/tr>\n<tr>\n<td>Installed ram  32gb onboard<\/td>\n<\/tr>\n<tr>\n<td>No. de slots  n\/a<\/td>\n<\/tr>\n<tr>\n<td>Ram type  embedded lpddr5x-8533<\/td>\n<\/tr>\n<tr>\n<td>Max ram supported  not user-upgradeable<\/td>\n<\/tr>\n<tr>\n<td>Vga  integrated &#8211; intel arc graphics 140v<\/td>\n<\/tr>\n<tr>\n<td>Installed storage  1tb nvme ssd<\/td>\n<\/tr>\n<tr>\n<td>Storage type up to 1 internal storage drive:<\/td>\n<\/tr>\n<tr>\n<td>1 x m.2 2280 pcie gen4x4 nvme ssd occupied<\/td>\n<\/tr>\n<tr>\n<td>Max storage supported  m.2 2280 ssd | supports 256gb ~ 4tb<\/td>\n<\/tr>\n<tr>\n<td>Graphics output<\/td>\n<\/tr>\n<tr>\n<td>2 x thunderbolt 4 displayport 2.1 via type-c<\/td>\n<\/tr>\n<tr>\n<td>1 x hdmi 2.1 tmds compatible, hdcp 2.2<\/td>\n<\/tr>\n<tr>\n<td>Speaker  internal speaker<\/td>\n<\/tr>\n<tr>\n<td>Lan  1 x intel i226-v 2.5 gbe<\/td>\n<\/tr>\n<tr>\n<td>Tpm  dtpm 2.0 hardware<\/td>\n<\/tr>\n<tr>\n<td>Installed os  windows 11 pro, 64-bit<\/td>\n<\/tr>\n<tr>\n<td>Wlan  intel wi-fi 7 be201 gig, 2&#215;2<\/td>\n<\/tr>\n<tr>\n<td>Bt  bt 5.4<\/td>\n<\/tr>\n<tr>\n<td>Asus logo  yes<\/td>\n<\/tr>\n<tr>\n<td>Fanless  no<\/td>\n<\/tr>\n<tr>\n<td>Warranty  3-year warranty<\/td>\n<\/tr>\n<tr>\n<td>Form factor  mini pc l10<\/td>\n<\/tr>\n<\/table>\n","protected":false},"excerpt":{"rendered":"<p>Asus nuc 14 pro ai. El primer mini pc del mundo equipado con el procesador intel core ultra serie 2, que cuenta con copilot, bluetooth 5.4, comandos de voz y reconocimiento de huellas dactilares con secure boot para una mayor seguridad. Asus nuc 14 pro ai lunar canyon. Crea, consigue y mantente seguro con la innovacion en ia. El primer mini pc con ia del mundo, impulsado por el procesador intel core ultra serie 2, antes lunar lake, que ofrece capacidades avanzadas de ia en un diseo compacto de  0,6 l. Incorpora el boton copilot, wi-fi 7, bluetooth 5.4, comando de voz y reconocimiento de huella dactilar con secure boot para una mayor seguridad, ademas de una instalacion sin esfuerzo y sin herramientas. Este revolucionario dispositivo establece un nuevo punto de referencia para la innovacion en mini pc, proporcionando un rendimiento sin igual en aplicaciones empresariales, de entretenimiento e industriales.<\/p>\n","protected":false},"featured_media":0,"comment_status":"open","ping_status":"open","template":"","meta":[],"product_cat":[1971,1978],"product_tag":[2096],"acf":[],"yoast_head":"<!-- This site is optimized with the Yoast SEO plugin v21.7 - https:\/\/yoast.com\/wordpress\/plugins\/seo\/ -->\n<title>[ Asus Oem ] &#129351; Rnuc14lnku9099nu Mini Pc Asus Nuc 14 Pro Ai Core Ultra 9 288v Hasta 5.1 Ghz \/8 Cores (4p+4e) \/32gb Lpddr5x 8533 \/1tb M.2 \/intel Arc 140v \/hdmi 2.1 \/2x Thunderbolt 4 \/w11 Pro \/copilot+ Pc<\/title>\n<meta name=\"description\" content=\"Compra Rnuc14lnku9099nu Mini Pc Asus Nuc 14 Pro Ai Core Ultra 9 288v Hasta 5.1 Ghz \/8 Cores (4p+4e) \/32gb Lpddr5x 8533 \/1tb M.2 \/intel Arc 140v \/hdmi 2.1 \/2x Thunderbolt 4 \/w11 Pro \/copilot+ Pc + Env\u00edo a domicilio + Pago seguro + Garant\u00eda\" \/>\n<meta name=\"robots\" content=\"index, follow, max-snippet:-1, max-image-preview:large, max-video-preview:-1\" \/>\n<link rel=\"canonical\" href=\"https:\/\/compuviper.mx\/tienda\/producto\/asus-oem-rnuc14lnku9099nu-mini-pc-asus-nuc-14-pro-ai-core-ultra-9-288v-hasta-5-1-ghz-8-cores-4p4e-32gb-lpddr5x-8533-1tb-m-2-intel-arc-140v-hdmi-2-1-2x-thunderbolt-4-w11-pro-copilot-pc\/\" \/>\n<meta property=\"og:locale\" content=\"es_MX\" \/>\n<meta property=\"og:type\" content=\"article\" \/>\n<meta property=\"og:title\" content=\"[ Asus Oem ] &#129351; Rnuc14lnku9099nu Mini Pc Asus Nuc 14 Pro Ai Core Ultra 9 288v Hasta 5.1 Ghz \/8 Cores (4p+4e) \/32gb Lpddr5x 8533 \/1tb M.2 \/intel Arc 140v \/hdmi 2.1 \/2x Thunderbolt 4 \/w11 Pro \/copilot+ Pc\" \/>\n<meta property=\"og:description\" content=\"Compra Rnuc14lnku9099nu Mini Pc Asus Nuc 14 Pro Ai Core Ultra 9 288v Hasta 5.1 Ghz \/8 Cores (4p+4e) \/32gb Lpddr5x 8533 \/1tb M.2 \/intel Arc 140v \/hdmi 2.1 \/2x Thunderbolt 4 \/w11 Pro \/copilot+ Pc + Env\u00edo a domicilio + Pago seguro + Garant\u00eda\" \/>\n<meta property=\"og:url\" content=\"https:\/\/compuviper.mx\/tienda\/producto\/asus-oem-rnuc14lnku9099nu-mini-pc-asus-nuc-14-pro-ai-core-ultra-9-288v-hasta-5-1-ghz-8-cores-4p4e-32gb-lpddr5x-8533-1tb-m-2-intel-arc-140v-hdmi-2-1-2x-thunderbolt-4-w11-pro-copilot-pc\/\" \/>\n<meta property=\"og:site_name\" content=\"Compuviper\" \/>\n<meta property=\"article:publisher\" content=\"https:\/\/www.facebook.com\/compuviper\" \/>\n<meta property=\"article:modified_time\" content=\"2026-04-03T06:00:20+00:00\" \/>\n<meta name=\"twitter:card\" content=\"summary_large_image\" \/>\n<meta name=\"twitter:label1\" content=\"Precio\" \/>\n\t<meta name=\"twitter:data1\" content=\"&#36;23,551 con IVA\" \/>\n\t<meta name=\"twitter:label2\" content=\"Availability\" \/>\n\t<meta name=\"twitter:data2\" content=\"In stock\" \/>\n<script type=\"application\/ld+json\" class=\"yoast-schema-graph\">{\"@context\":\"https:\/\/schema.org\",\"@graph\":[{\"@type\":\"WebPage\",\"@id\":\"https:\/\/compuviper.mx\/tienda\/producto\/asus-oem-rnuc14lnku9099nu-mini-pc-asus-nuc-14-pro-ai-core-ultra-9-288v-hasta-5-1-ghz-8-cores-4p4e-32gb-lpddr5x-8533-1tb-m-2-intel-arc-140v-hdmi-2-1-2x-thunderbolt-4-w11-pro-copilot-pc\/\",\"url\":\"https:\/\/compuviper.mx\/tienda\/producto\/asus-oem-rnuc14lnku9099nu-mini-pc-asus-nuc-14-pro-ai-core-ultra-9-288v-hasta-5-1-ghz-8-cores-4p4e-32gb-lpddr5x-8533-1tb-m-2-intel-arc-140v-hdmi-2-1-2x-thunderbolt-4-w11-pro-copilot-pc\/\",\"name\":\"[ Asus Oem ] &#129351; Rnuc14lnku9099nu Mini Pc Asus Nuc 14 Pro Ai Core Ultra 9 288v Hasta 5.1 Ghz \/8 Cores (4p+4e) \/32gb Lpddr5x 8533 \/1tb M.2 \/intel Arc 140v \/hdmi 2.1 \/2x Thunderbolt 4 \/w11 Pro \/copilot+ Pc\",\"isPartOf\":{\"@id\":\"https:\/\/compuviper.mx\/tienda\/#website\"},\"datePublished\":\"2026-04-02T07:30:39+00:00\",\"dateModified\":\"2026-04-03T06:00:20+00:00\",\"description\":\"Compra Rnuc14lnku9099nu Mini Pc Asus Nuc 14 Pro Ai Core Ultra 9 288v Hasta 5.1 Ghz \/8 Cores (4p+4e) \/32gb Lpddr5x 8533 \/1tb M.2 \/intel Arc 140v \/hdmi 2.1 \/2x Thunderbolt 4 \/w11 Pro \/copilot+ Pc + Env\u00edo a domicilio + Pago seguro + Garant\u00eda\",\"breadcrumb\":{\"@id\":\"https:\/\/compuviper.mx\/tienda\/producto\/asus-oem-rnuc14lnku9099nu-mini-pc-asus-nuc-14-pro-ai-core-ultra-9-288v-hasta-5-1-ghz-8-cores-4p4e-32gb-lpddr5x-8533-1tb-m-2-intel-arc-140v-hdmi-2-1-2x-thunderbolt-4-w11-pro-copilot-pc\/#breadcrumb\"},\"inLanguage\":\"es-MX\",\"potentialAction\":[{\"@type\":\"ReadAction\",\"target\":[\"https:\/\/compuviper.mx\/tienda\/producto\/asus-oem-rnuc14lnku9099nu-mini-pc-asus-nuc-14-pro-ai-core-ultra-9-288v-hasta-5-1-ghz-8-cores-4p4e-32gb-lpddr5x-8533-1tb-m-2-intel-arc-140v-hdmi-2-1-2x-thunderbolt-4-w11-pro-copilot-pc\/\"]}]},{\"@type\":\"BreadcrumbList\",\"@id\":\"https:\/\/compuviper.mx\/tienda\/producto\/asus-oem-rnuc14lnku9099nu-mini-pc-asus-nuc-14-pro-ai-core-ultra-9-288v-hasta-5-1-ghz-8-cores-4p4e-32gb-lpddr5x-8533-1tb-m-2-intel-arc-140v-hdmi-2-1-2x-thunderbolt-4-w11-pro-copilot-pc\/#breadcrumb\",\"itemListElement\":[{\"@type\":\"ListItem\",\"position\":1,\"name\":\"Inicio\",\"item\":\"https:\/\/compuviper.mx\/tienda\/\"},{\"@type\":\"ListItem\",\"position\":2,\"name\":\"Productos\",\"item\":\"https:\/\/compuviper.mx\/tienda\/productos\/\"},{\"@type\":\"ListItem\",\"position\":3,\"name\":\"Computadoras\",\"item\":\"https:\/\/compuviper.mx\/tienda\/categoria-producto\/computadoras\/\"},{\"@type\":\"ListItem\",\"position\":4,\"name\":\"Mini Pc\u00b4s\",\"item\":\"https:\/\/compuviper.mx\/tienda\/categoria-producto\/computadoras\/mini-pcs\/\"},{\"@type\":\"ListItem\",\"position\":5,\"name\":\"Asus Oem Rnuc14lnku9099nu Mini Pc Asus Nuc 14 Pro Ai Core Ultra 9 288v Hasta 5.1 Ghz \/8 Cores (4p+4e) \/32gb Lpddr5x 8533 \/1tb M.2 \/intel Arc 140v \/hdmi 2.1 \/2x Thunderbolt 4 \/w11 Pro \/copilot+ Pc\"}]},{\"@type\":\"WebSite\",\"@id\":\"https:\/\/compuviper.mx\/tienda\/#website\",\"url\":\"https:\/\/compuviper.mx\/tienda\/\",\"name\":\"Compuviper\",\"description\":\"Proveedor de Computadoras, Laptops, Servidores, Monitores, Puntos de Venta, Teclados,   Impresoras, T\u00f3ner, C\u00e1maras de Seguridad y m\u00e1s en tu tienda en l\u00ednea\",\"publisher\":{\"@id\":\"https:\/\/compuviper.mx\/tienda\/#organization\"},\"potentialAction\":[{\"@type\":\"SearchAction\",\"target\":{\"@type\":\"EntryPoint\",\"urlTemplate\":\"https:\/\/compuviper.mx\/tienda\/?s={search_term_string}\"},\"query-input\":\"required name=search_term_string\"}],\"inLanguage\":\"es-MX\"},{\"@type\":\"Organization\",\"@id\":\"https:\/\/compuviper.mx\/tienda\/#organization\",\"name\":\"Compuviper\",\"url\":\"https:\/\/compuviper.mx\/tienda\/\",\"logo\":{\"@type\":\"ImageObject\",\"inLanguage\":\"es-MX\",\"@id\":\"https:\/\/compuviper.mx\/tienda\/#\/schema\/logo\/image\/\",\"url\":\"https:\/\/compuviper.mx\/tienda\/wp-content\/uploads\/2021\/08\/Logo-Compuviper-10.png\",\"contentUrl\":\"https:\/\/compuviper.mx\/tienda\/wp-content\/uploads\/2021\/08\/Logo-Compuviper-10.png\",\"width\":1000,\"height\":500,\"caption\":\"Compuviper\"},\"image\":{\"@id\":\"https:\/\/compuviper.mx\/tienda\/#\/schema\/logo\/image\/\"},\"sameAs\":[\"https:\/\/www.facebook.com\/compuviper\",\"https:\/\/www.youtube.com\/channel\/UCf73dERp9Y3cfOq7q8BhLjA?view_as=subscriber\"]}]}<\/script>\n<meta property=\"product:brand\" content=\"Asus Oem\" \/>\n<meta property=\"product:price:amount\" content=\"23551\" \/>\n<meta property=\"product:price:currency\" content=\"MXN\" \/>\n<meta property=\"og:availability\" content=\"instock\" \/>\n<meta property=\"product:availability\" content=\"instock\" \/>\n<meta property=\"product:retailer_item_id\" content=\"RNUC14LNKU9099NU\" \/>\n<meta property=\"product:condition\" content=\"new\" \/>\n<!-- \/ Yoast SEO plugin. -->","yoast_head_json":{"title":"[ Asus Oem ] &#129351; Rnuc14lnku9099nu Mini Pc Asus Nuc 14 Pro Ai Core Ultra 9 288v Hasta 5.1 Ghz \/8 Cores (4p+4e) \/32gb Lpddr5x 8533 \/1tb M.2 \/intel Arc 140v \/hdmi 2.1 \/2x Thunderbolt 4 \/w11 Pro \/copilot+ Pc","description":"Compra Rnuc14lnku9099nu Mini Pc Asus Nuc 14 Pro Ai Core Ultra 9 288v Hasta 5.1 Ghz \/8 Cores (4p+4e) \/32gb Lpddr5x 8533 \/1tb M.2 \/intel Arc 140v \/hdmi 2.1 \/2x Thunderbolt 4 \/w11 Pro \/copilot+ Pc + Env\u00edo a domicilio + Pago seguro + Garant\u00eda","robots":{"index":"index","follow":"follow","max-snippet":"max-snippet:-1","max-image-preview":"max-image-preview:large","max-video-preview":"max-video-preview:-1"},"canonical":"https:\/\/compuviper.mx\/tienda\/producto\/asus-oem-rnuc14lnku9099nu-mini-pc-asus-nuc-14-pro-ai-core-ultra-9-288v-hasta-5-1-ghz-8-cores-4p4e-32gb-lpddr5x-8533-1tb-m-2-intel-arc-140v-hdmi-2-1-2x-thunderbolt-4-w11-pro-copilot-pc\/","og_locale":"es_MX","og_type":"article","og_title":"[ Asus Oem ] &#129351; Rnuc14lnku9099nu Mini Pc Asus Nuc 14 Pro Ai Core Ultra 9 288v Hasta 5.1 Ghz \/8 Cores (4p+4e) \/32gb Lpddr5x 8533 \/1tb M.2 \/intel Arc 140v \/hdmi 2.1 \/2x Thunderbolt 4 \/w11 Pro \/copilot+ Pc","og_description":"Compra Rnuc14lnku9099nu Mini Pc Asus Nuc 14 Pro Ai Core Ultra 9 288v Hasta 5.1 Ghz \/8 Cores (4p+4e) \/32gb Lpddr5x 8533 \/1tb M.2 \/intel Arc 140v \/hdmi 2.1 \/2x Thunderbolt 4 \/w11 Pro \/copilot+ Pc + Env\u00edo a domicilio + Pago seguro + Garant\u00eda","og_url":"https:\/\/compuviper.mx\/tienda\/producto\/asus-oem-rnuc14lnku9099nu-mini-pc-asus-nuc-14-pro-ai-core-ultra-9-288v-hasta-5-1-ghz-8-cores-4p4e-32gb-lpddr5x-8533-1tb-m-2-intel-arc-140v-hdmi-2-1-2x-thunderbolt-4-w11-pro-copilot-pc\/","og_site_name":"Compuviper","article_publisher":"https:\/\/www.facebook.com\/compuviper","article_modified_time":"2026-04-03T06:00:20+00:00","twitter_card":"summary_large_image","twitter_misc":{"Precio":"&#36;23,551 con IVA","Availability":"In stock"},"schema":{"@context":"https:\/\/schema.org","@graph":[{"@type":"WebPage","@id":"https:\/\/compuviper.mx\/tienda\/producto\/asus-oem-rnuc14lnku9099nu-mini-pc-asus-nuc-14-pro-ai-core-ultra-9-288v-hasta-5-1-ghz-8-cores-4p4e-32gb-lpddr5x-8533-1tb-m-2-intel-arc-140v-hdmi-2-1-2x-thunderbolt-4-w11-pro-copilot-pc\/","url":"https:\/\/compuviper.mx\/tienda\/producto\/asus-oem-rnuc14lnku9099nu-mini-pc-asus-nuc-14-pro-ai-core-ultra-9-288v-hasta-5-1-ghz-8-cores-4p4e-32gb-lpddr5x-8533-1tb-m-2-intel-arc-140v-hdmi-2-1-2x-thunderbolt-4-w11-pro-copilot-pc\/","name":"[ Asus Oem ] &#129351; Rnuc14lnku9099nu Mini Pc Asus Nuc 14 Pro Ai Core Ultra 9 288v Hasta 5.1 Ghz \/8 Cores (4p+4e) \/32gb Lpddr5x 8533 \/1tb M.2 \/intel Arc 140v \/hdmi 2.1 \/2x Thunderbolt 4 \/w11 Pro \/copilot+ Pc","isPartOf":{"@id":"https:\/\/compuviper.mx\/tienda\/#website"},"datePublished":"2026-04-02T07:30:39+00:00","dateModified":"2026-04-03T06:00:20+00:00","description":"Compra Rnuc14lnku9099nu Mini Pc Asus Nuc 14 Pro Ai Core Ultra 9 288v Hasta 5.1 Ghz \/8 Cores (4p+4e) \/32gb Lpddr5x 8533 \/1tb M.2 \/intel Arc 140v \/hdmi 2.1 \/2x Thunderbolt 4 \/w11 Pro \/copilot+ Pc + Env\u00edo a domicilio + Pago seguro + Garant\u00eda","breadcrumb":{"@id":"https:\/\/compuviper.mx\/tienda\/producto\/asus-oem-rnuc14lnku9099nu-mini-pc-asus-nuc-14-pro-ai-core-ultra-9-288v-hasta-5-1-ghz-8-cores-4p4e-32gb-lpddr5x-8533-1tb-m-2-intel-arc-140v-hdmi-2-1-2x-thunderbolt-4-w11-pro-copilot-pc\/#breadcrumb"},"inLanguage":"es-MX","potentialAction":[{"@type":"ReadAction","target":["https:\/\/compuviper.mx\/tienda\/producto\/asus-oem-rnuc14lnku9099nu-mini-pc-asus-nuc-14-pro-ai-core-ultra-9-288v-hasta-5-1-ghz-8-cores-4p4e-32gb-lpddr5x-8533-1tb-m-2-intel-arc-140v-hdmi-2-1-2x-thunderbolt-4-w11-pro-copilot-pc\/"]}]},{"@type":"BreadcrumbList","@id":"https:\/\/compuviper.mx\/tienda\/producto\/asus-oem-rnuc14lnku9099nu-mini-pc-asus-nuc-14-pro-ai-core-ultra-9-288v-hasta-5-1-ghz-8-cores-4p4e-32gb-lpddr5x-8533-1tb-m-2-intel-arc-140v-hdmi-2-1-2x-thunderbolt-4-w11-pro-copilot-pc\/#breadcrumb","itemListElement":[{"@type":"ListItem","position":1,"name":"Inicio","item":"https:\/\/compuviper.mx\/tienda\/"},{"@type":"ListItem","position":2,"name":"Productos","item":"https:\/\/compuviper.mx\/tienda\/productos\/"},{"@type":"ListItem","position":3,"name":"Computadoras","item":"https:\/\/compuviper.mx\/tienda\/categoria-producto\/computadoras\/"},{"@type":"ListItem","position":4,"name":"Mini Pc\u00b4s","item":"https:\/\/compuviper.mx\/tienda\/categoria-producto\/computadoras\/mini-pcs\/"},{"@type":"ListItem","position":5,"name":"Asus Oem Rnuc14lnku9099nu Mini Pc Asus Nuc 14 Pro Ai Core Ultra 9 288v Hasta 5.1 Ghz \/8 Cores (4p+4e) \/32gb Lpddr5x 8533 \/1tb M.2 \/intel Arc 140v \/hdmi 2.1 \/2x Thunderbolt 4 \/w11 Pro \/copilot+ Pc"}]},{"@type":"WebSite","@id":"https:\/\/compuviper.mx\/tienda\/#website","url":"https:\/\/compuviper.mx\/tienda\/","name":"Compuviper","description":"Proveedor de Computadoras, Laptops, Servidores, Monitores, Puntos de Venta, Teclados,   Impresoras, T\u00f3ner, C\u00e1maras de Seguridad y m\u00e1s en tu tienda en l\u00ednea","publisher":{"@id":"https:\/\/compuviper.mx\/tienda\/#organization"},"potentialAction":[{"@type":"SearchAction","target":{"@type":"EntryPoint","urlTemplate":"https:\/\/compuviper.mx\/tienda\/?s={search_term_string}"},"query-input":"required name=search_term_string"}],"inLanguage":"es-MX"},{"@type":"Organization","@id":"https:\/\/compuviper.mx\/tienda\/#organization","name":"Compuviper","url":"https:\/\/compuviper.mx\/tienda\/","logo":{"@type":"ImageObject","inLanguage":"es-MX","@id":"https:\/\/compuviper.mx\/tienda\/#\/schema\/logo\/image\/","url":"https:\/\/compuviper.mx\/tienda\/wp-content\/uploads\/2021\/08\/Logo-Compuviper-10.png","contentUrl":"https:\/\/compuviper.mx\/tienda\/wp-content\/uploads\/2021\/08\/Logo-Compuviper-10.png","width":1000,"height":500,"caption":"Compuviper"},"image":{"@id":"https:\/\/compuviper.mx\/tienda\/#\/schema\/logo\/image\/"},"sameAs":["https:\/\/www.facebook.com\/compuviper","https:\/\/www.youtube.com\/channel\/UCf73dERp9Y3cfOq7q8BhLjA?view_as=subscriber"]}]},"product_brand":"Asus Oem","product_price_amount":"23551","product_price_currency":"MXN","og_availability":"instock","product_availability":"instock","product_retailer_item_id":"RNUC14LNKU9099NU","product_condition":"new"},"_links":{"self":[{"href":"https:\/\/compuviper.mx\/tienda\/wp-json\/wp\/v2\/product\/266732"}],"collection":[{"href":"https:\/\/compuviper.mx\/tienda\/wp-json\/wp\/v2\/product"}],"about":[{"href":"https:\/\/compuviper.mx\/tienda\/wp-json\/wp\/v2\/types\/product"}],"replies":[{"embeddable":true,"href":"https:\/\/compuviper.mx\/tienda\/wp-json\/wp\/v2\/comments?post=266732"}],"wp:attachment":[{"href":"https:\/\/compuviper.mx\/tienda\/wp-json\/wp\/v2\/media?parent=266732"}],"wp:term":[{"taxonomy":"product_cat","embeddable":true,"href":"https:\/\/compuviper.mx\/tienda\/wp-json\/wp\/v2\/product_cat?post=266732"},{"taxonomy":"product_tag","embeddable":true,"href":"https:\/\/compuviper.mx\/tienda\/wp-json\/wp\/v2\/product_tag?post=266732"}],"curies":[{"name":"wp","href":"https:\/\/api.w.org\/{rel}","templated":true}]}}