{"id":266730,"date":"2026-04-02T00:55:51","date_gmt":"2026-04-02T06:55:51","guid":{"rendered":"https:\/\/compuviper.mx\/tienda\/producto\/dell-210-brjc-monitor-pro-32-plus-4k-p3225qe-31-5-3840-x-2160-hdmi-dp-usb-c-rj45\/"},"modified":"2026-04-02T00:55:52","modified_gmt":"2026-04-02T06:55:52","slug":"dell-p3225qe-monitor-pro-32-plus-4k-31-5-3840-x-2160-hdmi-dp-usb-c-rj45-210-brjc","status":"publish","type":"product","link":"https:\/\/compuviper.mx\/tienda\/producto\/dell-p3225qe-monitor-pro-32-plus-4k-31-5-3840-x-2160-hdmi-dp-usb-c-rj45-210-brjc\/","title":{"rendered":"Dell P3225qe Monitor  Pro 32 Plus 4k  | 31.5 | 3840 X 2160 | Hdmi, Dp, Usb-c, Rj45 | 210-brjc |"},"content":{"rendered":"<table class=\"descripcion\">\n<tr>\n<td>Modo de pantalla<\/td>\n<\/tr>\n<tr>\n<td>4k uhd<\/td>\n<\/tr>\n<tr>\n<td>Tecnolog\u00eda de paneles<\/td>\n<\/tr>\n<tr>\n<td>Tecnolog\u00eda de conmutaci\u00f3n en el plano (ips)<\/td>\n<\/tr>\n<tr>\n<td>Detalles del tiempo de respuesta<\/td>\n<\/tr>\n<tr>\n<td>8 ms gtg<\/td>\n<\/tr>\n<tr>\n<td>5 ms gtg (r\u00e1pido)<\/td>\n<\/tr>\n<tr>\n<td>Relaci\u00f3n de aspecto<\/td>\n<\/tr>\n<tr>\n<td>16:9<\/td>\n<\/tr>\n<tr>\n<td>Paso de p\u00edxeles<\/td>\n<\/tr>\n<tr>\n<td>0,1816 mm x 0,1816 mm<\/td>\n<\/tr>\n<tr>\n<td>\u00e1ngulo de visi\u00f3n horizontal<\/td>\n<\/tr>\n<tr>\n<td>178 \u00b0<\/td>\n<\/tr>\n<tr>\n<td>\u00e1ngulo de visi\u00f3n vertical<\/td>\n<\/tr>\n<tr>\n<td>178 \u00b0<\/td>\n<\/tr>\n<tr>\n<td>Tipo de montaje<\/td>\n<\/tr>\n<tr>\n<td>Montaje en panel<\/td>\n<\/tr>\n<tr>\n<td>Tecnolog\u00eda de retroiluminaci\u00f3n<\/td>\n<\/tr>\n<tr>\n<td>Sistema de iluminaci\u00f3n de borde led<\/td>\n<\/tr>\n<tr>\n<td>Compatible con hdcp<\/td>\n<\/tr>\n<tr>\n<td>S\u00ed<\/td>\n<\/tr>\n<tr>\n<td>Altura m\u00e1xima ajustable<\/td>\n<\/tr>\n<tr>\n<td>5,91<\/td>\n<\/tr>\n<tr>\n<td>\u00e1ngulo de inclinaci\u00f3n<\/td>\n<\/tr>\n<tr>\n<td>-5 \u00b0 a 21 \u00b0<\/td>\n<\/tr>\n<tr>\n<td>\u00e1ngulo de giro<\/td>\n<\/tr>\n<tr>\n<td>-30 \u00b0 a 30 \u00b0<\/td>\n<\/tr>\n<tr>\n<td>\u00e1ngulo de pivote<\/td>\n<\/tr>\n<tr>\n<td>+\/-90 \u00b0<\/td>\n<\/tr>\n<tr>\n<td>Caracter\u00edsticas<\/td>\n<\/tr>\n<tr>\n<td>Bisel estrecho<\/td>\n<\/tr>\n<tr>\n<td>Sin mercurio<\/td>\n<\/tr>\n<tr>\n<td>Vidrio sin ars\u00e9nico<\/td>\n<\/tr>\n<tr>\n<td>Libre de pvc<\/td>\n<\/tr>\n<tr>\n<td>Libre de bfr<\/td>\n<\/tr>\n<tr>\n<td>Bloqueo de soporte<\/td>\n<\/tr>\n<tr>\n<td>Ranura para candado de cable<\/td>\n<\/tr>\n<tr>\n<td>Cerradura de seguridad<\/td>\n<\/tr>\n<tr>\n<td>Antideslumbrante<\/td>\n<\/tr>\n<tr>\n<td>Tecnolog\u00eda eye comfort<\/td>\n<\/tr>\n<tr>\n<td>Frecuencia horizontal<\/td>\n<\/tr>\n<tr>\n<td>30 khz a 230 khz<\/td>\n<\/tr>\n<tr>\n<td>Frecuencia vertical<\/td>\n<\/tr>\n<tr>\n<td>48 hz a 100 hz<\/td>\n<\/tr>\n<tr>\n<td>Soporte ajustable<\/td>\n<\/tr>\n<tr>\n<td>S\u00ed<\/td>\n<\/tr>\n<tr>\n<td>Resoluci\u00f3n m\u00e1xima<\/td>\n<\/tr>\n<tr>\n<td>3840 x 2160<\/td>\n<\/tr>\n<tr>\n<td>Frecuencia de actualizaci\u00f3n est\u00e1ndar<\/td>\n<\/tr>\n<tr>\n<td>100 hz<\/td>\n<\/tr>\n<tr>\n<td>Colores compatibles<\/td>\n<\/tr>\n<tr>\n<td>1.07 mil millones de colores<\/td>\n<\/tr>\n<tr>\n<td>P\u00edxeles por pulgada (ppi)<\/td>\n<\/tr>\n<tr>\n<td>140<\/td>\n<\/tr>\n<tr>\n<td>Conectividad<\/td>\n<\/tr>\n<tr>\n<td>Puerto de v\u00eddeo<\/td>\n<\/tr>\n<tr>\n<td>1 puerto hdmi (hdcp2.3) (admite hasta uhd 3840 x 2160 100 hz frl seg\u00fan lo especificado en hdmi 2.1)<\/td>\n<\/tr>\n<tr>\n<td>1 displayport 1.4 (hdcp2.3) (compatible con hasta 3840 x 2160 100 hz)<\/td>\n<\/tr>\n<tr>\n<td>Puerto usb<\/td>\n<\/tr>\n<tr>\n<td>1 puerto usb-c de 5 gbps (modo alternativo displayport 1.4, suministro de energ\u00eda de hasta 90 w)<\/td>\n<\/tr>\n<tr>\n<td>1 puerto usb-c de bajada de 5 gbps<\/td>\n<\/tr>\n<tr>\n<td>3 puertos usb de 5 gbps tipo a de bajada<\/td>\n<\/tr>\n<tr>\n<td>Ethernet<\/td>\n<\/tr>\n<tr>\n<td>1 puerto ethernet rj45, 1 gbe<\/td>\n<\/tr>\n<tr>\n<td>Puerto ascendente usb tipo c (suministro de energ\u00eda)<\/td>\n<\/tr>\n<tr>\n<td>Hasta 90 w<\/td>\n<\/tr>\n<tr>\n<td>Puerto de bajada usb tipo c (suministro de energ\u00eda)<\/td>\n<\/tr>\n<tr>\n<td>Hasta 15 w<\/td>\n<\/tr>\n<\/table>\n","protected":false},"excerpt":{"rendered":"<p>Mant\u00e9ngase productivo con este monitor 4k de 31,5 pulgadas que cuenta con amplia conectividad y certificaci\u00f3n t\u00fcv para una comodidad visual de 4 estrellas.<\/p>\n","protected":false},"featured_media":0,"comment_status":"open","ping_status":"open","template":"","meta":[],"product_cat":[1741,1740],"product_tag":[1537],"acf":[],"yoast_head":"<!-- This site is optimized with the Yoast SEO plugin v21.7 - https:\/\/yoast.com\/wordpress\/plugins\/seo\/ -->\n<title>[ Dell ] &#129351; P3225qe Monitor Pro 32 Plus 4k | 31.5 | 3840 X 2160 | Hdmi, Dp, Usb-c, Rj45 | 210-brjc |<\/title>\n<meta name=\"description\" content=\"Compra P3225qe Monitor Pro 32 Plus 4k | 31.5 | 3840 X 2160 | Hdmi, Dp, Usb-c, Rj45 | 210-brjc | + Env\u00edo a domicilio + Pago seguro + Garant\u00eda\" \/>\n<meta name=\"robots\" content=\"index, follow, max-snippet:-1, max-image-preview:large, max-video-preview:-1\" \/>\n<link rel=\"canonical\" href=\"https:\/\/compuviper.mx\/tienda\/producto\/dell-p3225qe-monitor-pro-32-plus-4k-31-5-3840-x-2160-hdmi-dp-usb-c-rj45-210-brjc\/\" \/>\n<meta property=\"og:locale\" content=\"es_MX\" \/>\n<meta property=\"og:type\" content=\"article\" \/>\n<meta property=\"og:title\" content=\"[ Dell ] &#129351; P3225qe Monitor Pro 32 Plus 4k | 31.5 | 3840 X 2160 | Hdmi, Dp, Usb-c, Rj45 | 210-brjc |\" \/>\n<meta property=\"og:description\" content=\"Compra P3225qe Monitor Pro 32 Plus 4k | 31.5 | 3840 X 2160 | Hdmi, Dp, Usb-c, Rj45 | 210-brjc | + Env\u00edo a domicilio + Pago seguro + Garant\u00eda\" \/>\n<meta property=\"og:url\" content=\"https:\/\/compuviper.mx\/tienda\/producto\/dell-p3225qe-monitor-pro-32-plus-4k-31-5-3840-x-2160-hdmi-dp-usb-c-rj45-210-brjc\/\" \/>\n<meta property=\"og:site_name\" content=\"Compuviper\" \/>\n<meta property=\"article:publisher\" content=\"https:\/\/www.facebook.com\/compuviper\" \/>\n<meta property=\"article:modified_time\" content=\"2026-04-02T06:55:52+00:00\" \/>\n<meta name=\"twitter:card\" content=\"summary_large_image\" \/>\n<meta name=\"twitter:label1\" content=\"Precio\" \/>\n\t<meta name=\"twitter:data1\" content=\"&#36;8,953 con IVA\" \/>\n\t<meta name=\"twitter:label2\" content=\"Availability\" \/>\n\t<meta name=\"twitter:data2\" content=\"On backorder\" \/>\n<script type=\"application\/ld+json\" class=\"yoast-schema-graph\">{\"@context\":\"https:\/\/schema.org\",\"@graph\":[{\"@type\":\"WebPage\",\"@id\":\"https:\/\/compuviper.mx\/tienda\/producto\/dell-p3225qe-monitor-pro-32-plus-4k-31-5-3840-x-2160-hdmi-dp-usb-c-rj45-210-brjc\/\",\"url\":\"https:\/\/compuviper.mx\/tienda\/producto\/dell-p3225qe-monitor-pro-32-plus-4k-31-5-3840-x-2160-hdmi-dp-usb-c-rj45-210-brjc\/\",\"name\":\"[ Dell ] &#129351; P3225qe Monitor Pro 32 Plus 4k | 31.5 | 3840 X 2160 | Hdmi, Dp, Usb-c, Rj45 | 210-brjc |\",\"isPartOf\":{\"@id\":\"https:\/\/compuviper.mx\/tienda\/#website\"},\"datePublished\":\"2026-04-02T06:55:51+00:00\",\"dateModified\":\"2026-04-02T06:55:52+00:00\",\"description\":\"Compra P3225qe Monitor Pro 32 Plus 4k | 31.5 | 3840 X 2160 | Hdmi, Dp, Usb-c, Rj45 | 210-brjc | + Env\u00edo a domicilio + Pago seguro + Garant\u00eda\",\"breadcrumb\":{\"@id\":\"https:\/\/compuviper.mx\/tienda\/producto\/dell-p3225qe-monitor-pro-32-plus-4k-31-5-3840-x-2160-hdmi-dp-usb-c-rj45-210-brjc\/#breadcrumb\"},\"inLanguage\":\"es-MX\",\"potentialAction\":[{\"@type\":\"ReadAction\",\"target\":[\"https:\/\/compuviper.mx\/tienda\/producto\/dell-p3225qe-monitor-pro-32-plus-4k-31-5-3840-x-2160-hdmi-dp-usb-c-rj45-210-brjc\/\"]}]},{\"@type\":\"BreadcrumbList\",\"@id\":\"https:\/\/compuviper.mx\/tienda\/producto\/dell-p3225qe-monitor-pro-32-plus-4k-31-5-3840-x-2160-hdmi-dp-usb-c-rj45-210-brjc\/#breadcrumb\",\"itemListElement\":[{\"@type\":\"ListItem\",\"position\":1,\"name\":\"Inicio\",\"item\":\"https:\/\/compuviper.mx\/tienda\/\"},{\"@type\":\"ListItem\",\"position\":2,\"name\":\"Productos\",\"item\":\"https:\/\/compuviper.mx\/tienda\/productos\/\"},{\"@type\":\"ListItem\",\"position\":3,\"name\":\"Monitores\",\"item\":\"https:\/\/compuviper.mx\/tienda\/categoria-producto\/monitores\/\"},{\"@type\":\"ListItem\",\"position\":4,\"name\":\"Led\",\"item\":\"https:\/\/compuviper.mx\/tienda\/categoria-producto\/monitores\/led\/\"},{\"@type\":\"ListItem\",\"position\":5,\"name\":\"Dell P3225qe Monitor Pro 32 Plus 4k | 31.5 | 3840 X 2160 | Hdmi, Dp, Usb-c, Rj45 | 210-brjc |\"}]},{\"@type\":\"WebSite\",\"@id\":\"https:\/\/compuviper.mx\/tienda\/#website\",\"url\":\"https:\/\/compuviper.mx\/tienda\/\",\"name\":\"Compuviper\",\"description\":\"Proveedor de Computadoras, Laptops, Servidores, Monitores, Puntos de Venta, Teclados,   Impresoras, T\u00f3ner, C\u00e1maras de Seguridad y m\u00e1s en tu tienda en l\u00ednea\",\"publisher\":{\"@id\":\"https:\/\/compuviper.mx\/tienda\/#organization\"},\"potentialAction\":[{\"@type\":\"SearchAction\",\"target\":{\"@type\":\"EntryPoint\",\"urlTemplate\":\"https:\/\/compuviper.mx\/tienda\/?s={search_term_string}\"},\"query-input\":\"required name=search_term_string\"}],\"inLanguage\":\"es-MX\"},{\"@type\":\"Organization\",\"@id\":\"https:\/\/compuviper.mx\/tienda\/#organization\",\"name\":\"Compuviper\",\"url\":\"https:\/\/compuviper.mx\/tienda\/\",\"logo\":{\"@type\":\"ImageObject\",\"inLanguage\":\"es-MX\",\"@id\":\"https:\/\/compuviper.mx\/tienda\/#\/schema\/logo\/image\/\",\"url\":\"https:\/\/compuviper.mx\/tienda\/wp-content\/uploads\/2021\/08\/Logo-Compuviper-10.png\",\"contentUrl\":\"https:\/\/compuviper.mx\/tienda\/wp-content\/uploads\/2021\/08\/Logo-Compuviper-10.png\",\"width\":1000,\"height\":500,\"caption\":\"Compuviper\"},\"image\":{\"@id\":\"https:\/\/compuviper.mx\/tienda\/#\/schema\/logo\/image\/\"},\"sameAs\":[\"https:\/\/www.facebook.com\/compuviper\",\"https:\/\/www.youtube.com\/channel\/UCf73dERp9Y3cfOq7q8BhLjA?view_as=subscriber\"]}]}<\/script>\n<meta property=\"product:brand\" content=\"DELL\" \/>\n<meta property=\"product:price:amount\" content=\"8953\" \/>\n<meta property=\"product:price:currency\" content=\"MXN\" \/>\n<meta property=\"og:availability\" content=\"backorder\" \/>\n<meta property=\"product:availability\" content=\"available for order\" \/>\n<meta property=\"product:retailer_item_id\" content=\"P3225QE\" \/>\n<meta property=\"product:condition\" content=\"new\" \/>\n<!-- \/ Yoast SEO plugin. -->","yoast_head_json":{"title":"[ Dell ] &#129351; P3225qe Monitor Pro 32 Plus 4k | 31.5 | 3840 X 2160 | Hdmi, Dp, Usb-c, Rj45 | 210-brjc |","description":"Compra P3225qe Monitor Pro 32 Plus 4k | 31.5 | 3840 X 2160 | Hdmi, Dp, Usb-c, Rj45 | 210-brjc | + Env\u00edo a domicilio + Pago seguro + Garant\u00eda","robots":{"index":"index","follow":"follow","max-snippet":"max-snippet:-1","max-image-preview":"max-image-preview:large","max-video-preview":"max-video-preview:-1"},"canonical":"https:\/\/compuviper.mx\/tienda\/producto\/dell-p3225qe-monitor-pro-32-plus-4k-31-5-3840-x-2160-hdmi-dp-usb-c-rj45-210-brjc\/","og_locale":"es_MX","og_type":"article","og_title":"[ Dell ] &#129351; P3225qe Monitor Pro 32 Plus 4k | 31.5 | 3840 X 2160 | Hdmi, Dp, Usb-c, Rj45 | 210-brjc |","og_description":"Compra P3225qe Monitor Pro 32 Plus 4k | 31.5 | 3840 X 2160 | Hdmi, Dp, Usb-c, Rj45 | 210-brjc | + Env\u00edo a domicilio + Pago seguro + Garant\u00eda","og_url":"https:\/\/compuviper.mx\/tienda\/producto\/dell-p3225qe-monitor-pro-32-plus-4k-31-5-3840-x-2160-hdmi-dp-usb-c-rj45-210-brjc\/","og_site_name":"Compuviper","article_publisher":"https:\/\/www.facebook.com\/compuviper","article_modified_time":"2026-04-02T06:55:52+00:00","twitter_card":"summary_large_image","twitter_misc":{"Precio":"&#36;8,953 con IVA","Availability":"On backorder"},"schema":{"@context":"https:\/\/schema.org","@graph":[{"@type":"WebPage","@id":"https:\/\/compuviper.mx\/tienda\/producto\/dell-p3225qe-monitor-pro-32-plus-4k-31-5-3840-x-2160-hdmi-dp-usb-c-rj45-210-brjc\/","url":"https:\/\/compuviper.mx\/tienda\/producto\/dell-p3225qe-monitor-pro-32-plus-4k-31-5-3840-x-2160-hdmi-dp-usb-c-rj45-210-brjc\/","name":"[ Dell ] &#129351; P3225qe Monitor Pro 32 Plus 4k | 31.5 | 3840 X 2160 | Hdmi, Dp, Usb-c, Rj45 | 210-brjc |","isPartOf":{"@id":"https:\/\/compuviper.mx\/tienda\/#website"},"datePublished":"2026-04-02T06:55:51+00:00","dateModified":"2026-04-02T06:55:52+00:00","description":"Compra P3225qe Monitor Pro 32 Plus 4k | 31.5 | 3840 X 2160 | Hdmi, Dp, Usb-c, Rj45 | 210-brjc | + Env\u00edo a domicilio + Pago seguro + Garant\u00eda","breadcrumb":{"@id":"https:\/\/compuviper.mx\/tienda\/producto\/dell-p3225qe-monitor-pro-32-plus-4k-31-5-3840-x-2160-hdmi-dp-usb-c-rj45-210-brjc\/#breadcrumb"},"inLanguage":"es-MX","potentialAction":[{"@type":"ReadAction","target":["https:\/\/compuviper.mx\/tienda\/producto\/dell-p3225qe-monitor-pro-32-plus-4k-31-5-3840-x-2160-hdmi-dp-usb-c-rj45-210-brjc\/"]}]},{"@type":"BreadcrumbList","@id":"https:\/\/compuviper.mx\/tienda\/producto\/dell-p3225qe-monitor-pro-32-plus-4k-31-5-3840-x-2160-hdmi-dp-usb-c-rj45-210-brjc\/#breadcrumb","itemListElement":[{"@type":"ListItem","position":1,"name":"Inicio","item":"https:\/\/compuviper.mx\/tienda\/"},{"@type":"ListItem","position":2,"name":"Productos","item":"https:\/\/compuviper.mx\/tienda\/productos\/"},{"@type":"ListItem","position":3,"name":"Monitores","item":"https:\/\/compuviper.mx\/tienda\/categoria-producto\/monitores\/"},{"@type":"ListItem","position":4,"name":"Led","item":"https:\/\/compuviper.mx\/tienda\/categoria-producto\/monitores\/led\/"},{"@type":"ListItem","position":5,"name":"Dell P3225qe Monitor Pro 32 Plus 4k | 31.5 | 3840 X 2160 | Hdmi, Dp, Usb-c, Rj45 | 210-brjc |"}]},{"@type":"WebSite","@id":"https:\/\/compuviper.mx\/tienda\/#website","url":"https:\/\/compuviper.mx\/tienda\/","name":"Compuviper","description":"Proveedor de Computadoras, Laptops, Servidores, Monitores, Puntos de Venta, Teclados,   Impresoras, T\u00f3ner, C\u00e1maras de Seguridad y m\u00e1s en tu tienda en l\u00ednea","publisher":{"@id":"https:\/\/compuviper.mx\/tienda\/#organization"},"potentialAction":[{"@type":"SearchAction","target":{"@type":"EntryPoint","urlTemplate":"https:\/\/compuviper.mx\/tienda\/?s={search_term_string}"},"query-input":"required name=search_term_string"}],"inLanguage":"es-MX"},{"@type":"Organization","@id":"https:\/\/compuviper.mx\/tienda\/#organization","name":"Compuviper","url":"https:\/\/compuviper.mx\/tienda\/","logo":{"@type":"ImageObject","inLanguage":"es-MX","@id":"https:\/\/compuviper.mx\/tienda\/#\/schema\/logo\/image\/","url":"https:\/\/compuviper.mx\/tienda\/wp-content\/uploads\/2021\/08\/Logo-Compuviper-10.png","contentUrl":"https:\/\/compuviper.mx\/tienda\/wp-content\/uploads\/2021\/08\/Logo-Compuviper-10.png","width":1000,"height":500,"caption":"Compuviper"},"image":{"@id":"https:\/\/compuviper.mx\/tienda\/#\/schema\/logo\/image\/"},"sameAs":["https:\/\/www.facebook.com\/compuviper","https:\/\/www.youtube.com\/channel\/UCf73dERp9Y3cfOq7q8BhLjA?view_as=subscriber"]}]},"product_brand":"DELL","product_price_amount":"8953","product_price_currency":"MXN","og_availability":"backorder","product_availability":"available for order","product_retailer_item_id":"P3225QE","product_condition":"new"},"_links":{"self":[{"href":"https:\/\/compuviper.mx\/tienda\/wp-json\/wp\/v2\/product\/266730"}],"collection":[{"href":"https:\/\/compuviper.mx\/tienda\/wp-json\/wp\/v2\/product"}],"about":[{"href":"https:\/\/compuviper.mx\/tienda\/wp-json\/wp\/v2\/types\/product"}],"replies":[{"embeddable":true,"href":"https:\/\/compuviper.mx\/tienda\/wp-json\/wp\/v2\/comments?post=266730"}],"wp:attachment":[{"href":"https:\/\/compuviper.mx\/tienda\/wp-json\/wp\/v2\/media?parent=266730"}],"wp:term":[{"taxonomy":"product_cat","embeddable":true,"href":"https:\/\/compuviper.mx\/tienda\/wp-json\/wp\/v2\/product_cat?post=266730"},{"taxonomy":"product_tag","embeddable":true,"href":"https:\/\/compuviper.mx\/tienda\/wp-json\/wp\/v2\/product_tag?post=266730"}],"curies":[{"name":"wp","href":"https:\/\/api.w.org\/{rel}","templated":true}]}}