{"id":266727,"date":"2026-04-02T00:55:47","date_gmt":"2026-04-02T06:55:47","guid":{"rendered":"https:\/\/compuviper.mx\/tienda\/producto\/lenovo-67b6gac1la-monitor-legion-r27fc-30-27pulgadas-1920x1080-va-display-antiglare-169-0-5ms-240hz-curvo-3000199srgb90%dci-p3-8bit-hdmi2-displayport-1-41-negro-3y-en-centro-de-s\/"},"modified":"2026-04-03T00:00:18","modified_gmt":"2026-04-03T06:00:18","slug":"lenovo-67b6gac1la-monitor-legion-r27fc-30-27pulgadas-1920x1080-va-display-antiglare-169-0-5ms-240hz-curvo-3000199srgb90%dci-p3-8bit-hdmi2-displayport-1-41-negro-3y-en-centro-de-s","status":"publish","type":"product","link":"https:\/\/compuviper.mx\/tienda\/producto\/lenovo-67b6gac1la-monitor-legion-r27fc-30-27pulgadas-1920x1080-va-display-antiglare-169-0-5ms-240hz-curvo-3000199srgb90%dci-p3-8bit-hdmi2-displayport-1-41-negro-3y-en-centro-de-s\/","title":{"rendered":"Lenovo 67b6gac1la Monitor  Legion R27fc-30 \/ 27pulgadas 1920&#215;1080 \/ Va Display Antiglare 16:9 \/ 0.5ms 240hz Curvo \/ 3000:1,99%srgb,90%dci-p3 8bit\/ Hdmi(2) Displayport 1.4(1) \/ Negro \/ 3y En Centro De Servicio"},"content":{"rendered":"<table class=\"descripcion\">\n<tr>\n<td>Monitor lenovo legion r27fc-30 (67b6gac1la)<\/td>\n<\/tr>\n<tr>\n<td>Performance<\/td>\n<\/tr>\n<tr>\n<td>Display size: 27<\/td>\n<\/tr>\n<tr>\n<td>View area: 597.9&#215;336.3 mm<\/td>\n<\/tr>\n<tr>\n<td>Panel: va<\/td>\n<\/tr>\n<tr>\n<td>Backlight: wled<\/td>\n<\/tr>\n<tr>\n<td>Aspect ratio: 16:9<\/td>\n<\/tr>\n<tr>\n<td>Resolution: 1920&#215;1080<\/td>\n<\/tr>\n<tr>\n<td>Pixel pitch: 0.3114&#215;0.3114mm<\/td>\n<\/tr>\n<tr>\n<td>Dot \/ pixel per inch: 82 dpi<\/td>\n<\/tr>\n<tr>\n<td>View angle (h \/ v): 178\u00b0 \/ 178\u00b0<\/td>\n<\/tr>\n<tr>\n<td>Response time: 0.5ms (mprt) \/ 1ms (level 4) \/ 2ms (level 3) \/ 4ms (level 2) \/ 6 ms (level 1)<\/td>\n<\/tr>\n<tr>\n<td>Color support: 16.7 million<\/td>\n<\/tr>\n<tr>\n<td>Refresh rate: 240hz (overclock to 280hz)<\/td>\n<\/tr>\n<tr>\n<td>Brightness: 350 cd\/m\u00b2<\/td>\n<\/tr>\n<tr>\n<td>Contrast ratio: 3000:1<\/td>\n<\/tr>\n<tr>\n<td>Color gamut: 99% srgb, 90% dci-p3<\/td>\n<\/tr>\n<tr>\n<td>Screen surface treatment: anti-glare<\/td>\n<\/tr>\n<tr>\n<td>Curvature: 1500r<\/td>\n<\/tr>\n<tr>\n<td>Camera: none<\/td>\n<\/tr>\n<tr>\n<td>Microphone: none<\/td>\n<\/tr>\n<tr>\n<td>Speakers: 3wx2<\/td>\n<\/tr>\n<tr>\n<td>Power consumption (typical \/ maximum): 24w \/ 47w<\/td>\n<\/tr>\n<tr>\n<td>Power adapter: integrated<\/td>\n<\/tr>\n<tr>\n<td>Touchscreen: none<\/td>\n<\/tr>\n<tr>\n<td>Smart system : none<\/td>\n<\/tr>\n<tr>\n<td>Design<\/td>\n<\/tr>\n<tr>\n<td>Stand: tilt, swivel, pivot, height adjust stand<\/td>\n<\/tr>\n<tr>\n<td>Case color: raven black<\/td>\n<\/tr>\n<tr>\n<td>Side bezel width: 1.5 mm<\/td>\n<\/tr>\n<tr>\n<td>Mounting: supports vesa mount 100mm<\/td>\n<\/tr>\n<tr>\n<td>Thinkcentre m series support: none<\/td>\n<\/tr>\n<tr>\n<td>Pen: none<\/td>\n<\/tr>\n<tr>\n<td>Dimensions (wxdxh):<\/td>\n<\/tr>\n<tr>\n<td>     lowest position | 610.3 x 258.8 x 385.8 mm (24.03 x 10.19 x 15.19 inches)<\/td>\n<\/tr>\n<tr>\n<td>     highest position | 610.3 x 258.8 x 520.8 mm (24.03 x 10.19 x 20.50 inches)<\/td>\n<\/tr>\n<tr>\n<td>     head only | 610.3 x 82.7 x 367.3 mm (24.03 x 3.26 x 14.46 inches)<\/td>\n<\/tr>\n<tr>\n<td>Packaging dimensions (wxdxh): 820 x 187 x 500 mm (32.28 x 7.36 x 19.69 inches)<\/td>\n<\/tr>\n<tr>\n<td>Weight:<\/td>\n<\/tr>\n<tr>\n<td>    monitor with stand | 6.2 kg (13.7 lbs)<\/td>\n<\/tr>\n<tr>\n<td>    monitor head only | 4.3 kg (9.5 lbs)<\/td>\n<\/tr>\n<tr>\n<td>Packaging weight: 10.3 kg (22.7 lbs)<\/td>\n<\/tr>\n<tr>\n<td>Connectivity<\/td>\n<\/tr>\n<tr>\n<td>Usb port: none<\/td>\n<\/tr>\n<tr>\n<td>Video connector: 2x hdmi 2.1 tmds, 1x dp 1.4<\/td>\n<\/tr>\n<tr>\n<td>Network connectivity: none<\/td>\n<\/tr>\n<tr>\n<td>Service<\/td>\n<\/tr>\n<tr>\n<td>Base warranty: 3-year<\/td>\n<\/tr>\n<tr>\n<td>Certifications<\/td>\n<\/tr>\n<tr>\n<td>Environmental certification: rohs, eu energy efficiency level (level-e)<\/td>\n<\/tr>\n<tr>\n<td>Ergonomic certification: eyesafe display 2.0, t\u00fcv low blue light (hardware solution), t\u00fcv rheinland eye comfort<\/td>\n<\/tr>\n<tr>\n<td>Sync technology: amd freesync, vesa adaptive sync, nvidia g-sync compatible<\/td>\n<\/tr>\n<tr>\n<td>Special features:<\/td>\n<\/tr>\n<tr>\n<td>Hdr10 compliance<\/td>\n<\/tr>\n<tr>\n<td>Amd freesync<\/td>\n<\/tr>\n<tr>\n<td>Amd freesync technology only can work with amd radeon series graphics card.<\/td>\n<\/tr>\n<tr>\n<td>Vesa adaptive sync<\/td>\n<\/tr>\n<tr>\n<td>Lenovo artery (lenovo accessories and display manager) support<\/td>\n<\/tr>\n<tr>\n<td>Lenovo artery supports windows 10  and  11, mac os, and windows on arm (functions vary across systems).<\/td>\n<\/tr>\n<tr>\n<td>Lenovo accessories and display manager is formerly lenovo display control center.<\/td>\n<\/tr>\n<tr>\n<td>Gaming console support<\/td>\n<\/tr>\n<tr>\n<td>Natural low blue light<\/td>\n<\/tr>\n<tr>\n<td>Software<\/td>\n<\/tr>\n<tr>\n<td>Operating system: support windows 10, windows 11<\/td>\n<\/tr>\n<tr>\n<td>Accessories<\/td>\n<\/tr>\n<tr>\n<td>In the boxmonitor with stand<\/td>\n<\/tr>\n<tr>\n<td>1x dp cable (1.8m)<\/td>\n<\/tr>\n<tr>\n<td>1x power cable (1.5m)<\/td>\n<\/tr>\n<tr>\n<td>4x screws<\/td>\n<\/tr>\n<tr>\n<td>Warranty booklet<\/td>\n<\/tr>\n<tr>\n<td>Model information<\/td>\n<\/tr>\n<tr>\n<td>Model: 67b6gac1la<\/td>\n<\/tr>\n<tr>\n<td>Ean \/ upc \/ jan: 0197529364642 \/ 197529364642 \/ none<\/td>\n<\/tr>\n<\/table>\n","protected":false},"excerpt":{"rendered":"<p>\u00bfest\u00e1s listo para llevar tu experiencia de juego al siguiente nivel. Sum\u00e9rgete en una experiencia visual sin l\u00edmites con el monitor gamer lenovo legion dise\u00f1ado para jugadores exigentes que buscan ser ganadores. Ad\u00e9ntrate en un universo m\u00e1s realista con la percepci\u00f3n de profundidad mejorada y la visi\u00f3n perif\u00e9rica m\u00e1s amplia. M\u00e9tete de lleno en la acci\u00f3n, siente la intensidad y disfruta de una ventaja competitiva con el realismo inmersivo de la curvatura de 1500r y eleva la experiencia de juego. Disfruta de la mayor inmersi\u00f3n con el monitor lenovo legion r27fc-30 con pantalla va, con sus amplias 27\u0094 y curvatura 1500r, explora juegos ultrasuaves con la frecuencia r\u00e1pida de 240 hz expandible a 280 hz y acaba de forma eficaz con cualquier salto y las im\u00e1genes fantasma provocadas por el r\u00e1pido movimiento de los objetos en la imagen. Ya sea que se trate de un coche a toda velocidad o de un centelleante adversario, nada escapar\u00e1 a tus ojos. No vuelvas a fallar un tiro gracias a los tiempos de respuesta mprt ultrarr\u00e1pidos de 0, 5 ms, con este tiempo tiempo de respuesta extremo, elimina las rayas y las im\u00e1genes fantasma, con este monitor aprovechas todas las oportunidades pues tiene una calidad de imagen que logra que no se te escape ni un solo instante. Tanto a la hora de crear contenidos como de disfrutarlos, los colores ser\u00e1n siempre vivos y realistas gracias a la cobertura del espacio de color del 99 % de srgb y el 90 % de dci-p3, pues cuenta con tecnolog\u00eda hdr10 para colores vibrantes y contrastes realistas. Siente tus juegos como si formaras parte de ellos, gracias al sonido est\u00e9reo de alta calidad de los dos altavoces de 3 vatios, disfruta de paisajes sonoros de gran nitidez y un sonido sorprendentemente intenso y espacioso. Cuenta con un soporte elegante y resistente con funciones de elevaci\u00f3n, inclinaci\u00f3n, giro y pivotado que lo hace muy f\u00e1cil de usar. La ergonom\u00eda satisfar\u00e1 las necesidades de los clientes en materia de ajuste de altura y el uso de los diferentes \u00e1ngulos. Juegos sin saltos y a plena nitidez gracias a amd freesync. Amd freesync hace coincidir de forma din\u00e1mica la frecuencia de actualizaci\u00f3n de la pantalla con la salida de frecuencia de fotogramas de la gpu. Esto acaba con el efecto de desgarro, minimiza los saltos y los retrasos en la entrada. Fluidez total sin cortes ni parpadeos. Este monitor ofrece. Sincronizaci\u00f3n adaptativa vesa para una imagen estable en todo momento. Lenovo\u00ae artery: administra tu pantalla como un profesional, compatible con windows\u00ae 10\/11, mac os y windows on arm. Luz azul baja natural: cuida tu vista durante largas sesiones de juego. Prep\u00e1rate para ver, sentir y ganar como nunca antes. Este monitor no solo te acompa\u00f1a en cada partida\u0085 lo cambia todo.<\/p>\n","protected":false},"featured_media":0,"comment_status":"open","ping_status":"open","template":"","meta":[],"product_cat":[1740,1741],"product_tag":[1578],"acf":[],"yoast_head":"<!-- This site is optimized with the Yoast SEO plugin v21.7 - https:\/\/yoast.com\/wordpress\/plugins\/seo\/ -->\n<title>[ Lenovo ] &#129351; 67b6gac1la Monitor Legion R27fc-30 \/ 27pulgadas 1920x1080 \/ Va Display Antiglare 16:9 \/ 0.5ms 240hz Curvo \/ 3000:1,99%srgb,90i-p3 8bit\/ Hdmi(2) Displayport 1.4(1) \/ Negro \/ 3y En Centro De Servicio<\/title>\n<meta name=\"description\" content=\"Compra 67b6gac1la Monitor Legion R27fc-30 \/ 27pulgadas 1920x1080 \/ Va Display Antiglare 16:9 \/ 0.5ms 240hz Curvo \/ 3000:1,99%srgb,90i-p3 8bit\/ Hdmi(2) Displayport 1.4(1) \/ Negro \/ 3y En Centro De Servicio + Env\u00edo a domicilio + Pago seguro + Garant\u00eda\" \/>\n<meta name=\"robots\" content=\"index, follow, max-snippet:-1, max-image-preview:large, max-video-preview:-1\" \/>\n<link rel=\"canonical\" href=\"https:\/\/compuviper.mx\/tienda\/producto\/lenovo-67b6gac1la-monitor-legion-r27fc-30-27pulgadas-1920x1080-va-display-antiglare-169-0-5ms-240hz-curvo-3000199srgb90?i-p3-8bit-hdmi2-displayport-1-41-negro-3y-en-centro-de-s\/\" \/>\n<meta property=\"og:locale\" content=\"es_MX\" \/>\n<meta property=\"og:type\" content=\"article\" \/>\n<meta property=\"og:title\" content=\"[ Lenovo ] &#129351; 67b6gac1la Monitor Legion R27fc-30 \/ 27pulgadas 1920x1080 \/ Va Display Antiglare 16:9 \/ 0.5ms 240hz Curvo \/ 3000:1,99%srgb,90i-p3 8bit\/ Hdmi(2) Displayport 1.4(1) \/ Negro \/ 3y En Centro De Servicio\" \/>\n<meta property=\"og:description\" content=\"Compra 67b6gac1la Monitor Legion R27fc-30 \/ 27pulgadas 1920x1080 \/ Va Display Antiglare 16:9 \/ 0.5ms 240hz Curvo \/ 3000:1,99%srgb,90i-p3 8bit\/ Hdmi(2) Displayport 1.4(1) \/ Negro \/ 3y En Centro De Servicio + Env\u00edo a domicilio + Pago seguro + Garant\u00eda\" \/>\n<meta property=\"og:url\" content=\"\" \/>\n<meta property=\"og:site_name\" content=\"Compuviper\" \/>\n<meta property=\"article:publisher\" content=\"https:\/\/www.facebook.com\/compuviper\" \/>\n<meta property=\"article:modified_time\" content=\"2026-04-03T06:00:18+00:00\" \/>\n<meta name=\"twitter:card\" content=\"summary_large_image\" \/>\n<meta name=\"twitter:label1\" content=\"Precio\" \/>\n\t<meta name=\"twitter:data1\" content=\"&#36;4,478 con IVA\" \/>\n\t<meta name=\"twitter:label2\" content=\"Availability\" \/>\n\t<meta name=\"twitter:data2\" content=\"Out of stock\" \/>\n<script type=\"application\/ld+json\" class=\"yoast-schema-graph\">{\"@context\":\"https:\/\/schema.org\",\"@graph\":[{\"@type\":\"WebPage\",\"@id\":\"https:\/\/compuviper.mx\/tienda\/producto\/lenovo-67b6gac1la-monitor-legion-r27fc-30-27pulgadas-1920x1080-va-display-antiglare-169-0-5ms-240hz-curvo-3000199srgb90%dci-p3-8bit-hdmi2-displayport-1-41-negro-3y-en-centro-de-s\/\",\"url\":\"https:\/\/compuviper.mx\/tienda\/producto\/lenovo-67b6gac1la-monitor-legion-r27fc-30-27pulgadas-1920x1080-va-display-antiglare-169-0-5ms-240hz-curvo-3000199srgb90%dci-p3-8bit-hdmi2-displayport-1-41-negro-3y-en-centro-de-s\/\",\"name\":\"[ Lenovo ] &#129351; 67b6gac1la Monitor Legion R27fc-30 \/ 27pulgadas 1920x1080 \/ Va Display Antiglare 16:9 \/ 0.5ms 240hz Curvo \/ 3000:1,99%srgb,90i-p3 8bit\/ Hdmi(2) Displayport 1.4(1) \/ Negro \/ 3y En Centro De Servicio\",\"isPartOf\":{\"@id\":\"https:\/\/compuviper.mx\/tienda\/#website\"},\"datePublished\":\"2026-04-02T06:55:47+00:00\",\"dateModified\":\"2026-04-03T06:00:18+00:00\",\"description\":\"Compra 67b6gac1la Monitor Legion R27fc-30 \/ 27pulgadas 1920x1080 \/ Va Display Antiglare 16:9 \/ 0.5ms 240hz Curvo \/ 3000:1,99%srgb,90i-p3 8bit\/ Hdmi(2) Displayport 1.4(1) \/ Negro \/ 3y En Centro De Servicio + Env\u00edo a domicilio + Pago seguro + Garant\u00eda\",\"breadcrumb\":{\"@id\":\"https:\/\/compuviper.mx\/tienda\/producto\/lenovo-67b6gac1la-monitor-legion-r27fc-30-27pulgadas-1920x1080-va-display-antiglare-169-0-5ms-240hz-curvo-3000199srgb90%dci-p3-8bit-hdmi2-displayport-1-41-negro-3y-en-centro-de-s\/#breadcrumb\"},\"inLanguage\":\"es-MX\",\"potentialAction\":[{\"@type\":\"ReadAction\",\"target\":[\"https:\/\/compuviper.mx\/tienda\/producto\/lenovo-67b6gac1la-monitor-legion-r27fc-30-27pulgadas-1920x1080-va-display-antiglare-169-0-5ms-240hz-curvo-3000199srgb90%dci-p3-8bit-hdmi2-displayport-1-41-negro-3y-en-centro-de-s\/\"]}]},{\"@type\":\"BreadcrumbList\",\"@id\":\"https:\/\/compuviper.mx\/tienda\/producto\/lenovo-67b6gac1la-monitor-legion-r27fc-30-27pulgadas-1920x1080-va-display-antiglare-169-0-5ms-240hz-curvo-3000199srgb90%dci-p3-8bit-hdmi2-displayport-1-41-negro-3y-en-centro-de-s\/#breadcrumb\",\"itemListElement\":[{\"@type\":\"ListItem\",\"position\":1,\"name\":\"Inicio\",\"item\":\"https:\/\/compuviper.mx\/tienda\/\"},{\"@type\":\"ListItem\",\"position\":2,\"name\":\"Productos\",\"item\":\"https:\/\/compuviper.mx\/tienda\/productos\/\"},{\"@type\":\"ListItem\",\"position\":3,\"name\":\"Monitores\",\"item\":\"https:\/\/compuviper.mx\/tienda\/categoria-producto\/monitores\/\"},{\"@type\":\"ListItem\",\"position\":4,\"name\":\"Led\",\"item\":\"https:\/\/compuviper.mx\/tienda\/categoria-producto\/monitores\/led\/\"},{\"@type\":\"ListItem\",\"position\":5,\"name\":\"Lenovo 67b6gac1la Monitor Legion R27fc-30 \/ 27pulgadas 1920&#215;1080 \/ Va Display Antiglare 16:9 \/ 0.5ms 240hz Curvo \/ 3000:1,99%srgb,90%dci-p3 8bit\/ Hdmi(2) Displayport 1.4(1) \/ Negro \/ 3y En Centro De Servicio\"}]},{\"@type\":\"WebSite\",\"@id\":\"https:\/\/compuviper.mx\/tienda\/#website\",\"url\":\"https:\/\/compuviper.mx\/tienda\/\",\"name\":\"Compuviper\",\"description\":\"Proveedor de Computadoras, Laptops, Servidores, Monitores, Puntos de Venta, Teclados,   Impresoras, T\u00f3ner, C\u00e1maras de Seguridad y m\u00e1s en tu tienda en l\u00ednea\",\"publisher\":{\"@id\":\"https:\/\/compuviper.mx\/tienda\/#organization\"},\"potentialAction\":[{\"@type\":\"SearchAction\",\"target\":{\"@type\":\"EntryPoint\",\"urlTemplate\":\"https:\/\/compuviper.mx\/tienda\/?s={search_term_string}\"},\"query-input\":\"required name=search_term_string\"}],\"inLanguage\":\"es-MX\"},{\"@type\":\"Organization\",\"@id\":\"https:\/\/compuviper.mx\/tienda\/#organization\",\"name\":\"Compuviper\",\"url\":\"https:\/\/compuviper.mx\/tienda\/\",\"logo\":{\"@type\":\"ImageObject\",\"inLanguage\":\"es-MX\",\"@id\":\"https:\/\/compuviper.mx\/tienda\/#\/schema\/logo\/image\/\",\"url\":\"https:\/\/compuviper.mx\/tienda\/wp-content\/uploads\/2021\/08\/Logo-Compuviper-10.png\",\"contentUrl\":\"https:\/\/compuviper.mx\/tienda\/wp-content\/uploads\/2021\/08\/Logo-Compuviper-10.png\",\"width\":1000,\"height\":500,\"caption\":\"Compuviper\"},\"image\":{\"@id\":\"https:\/\/compuviper.mx\/tienda\/#\/schema\/logo\/image\/\"},\"sameAs\":[\"https:\/\/www.facebook.com\/compuviper\",\"https:\/\/www.youtube.com\/channel\/UCf73dERp9Y3cfOq7q8BhLjA?view_as=subscriber\"]}]}<\/script>\n<meta property=\"product:brand\" content=\"LENOVO\" \/>\n<meta property=\"product:price:amount\" content=\"4478\" \/>\n<meta property=\"product:price:currency\" content=\"MXN\" \/>\n<meta property=\"og:availability\" content=\"out of stock\" \/>\n<meta property=\"product:availability\" content=\"out of stock\" \/>\n<meta property=\"product:retailer_item_id\" content=\"67B6GAC1LA\" \/>\n<meta property=\"product:condition\" content=\"new\" \/>\n<!-- \/ Yoast SEO plugin. -->","yoast_head_json":{"title":"[ Lenovo ] &#129351; 67b6gac1la Monitor Legion R27fc-30 \/ 27pulgadas 1920x1080 \/ Va Display Antiglare 16:9 \/ 0.5ms 240hz Curvo \/ 3000:1,99%srgb,90i-p3 8bit\/ Hdmi(2) Displayport 1.4(1) \/ Negro \/ 3y En Centro De Servicio","description":"Compra 67b6gac1la Monitor Legion R27fc-30 \/ 27pulgadas 1920x1080 \/ Va Display Antiglare 16:9 \/ 0.5ms 240hz Curvo \/ 3000:1,99%srgb,90i-p3 8bit\/ Hdmi(2) Displayport 1.4(1) \/ Negro \/ 3y En Centro De Servicio + Env\u00edo a domicilio + Pago seguro + Garant\u00eda","robots":{"index":"index","follow":"follow","max-snippet":"max-snippet:-1","max-image-preview":"max-image-preview:large","max-video-preview":"max-video-preview:-1"},"canonical":"https:\/\/compuviper.mx\/tienda\/producto\/lenovo-67b6gac1la-monitor-legion-r27fc-30-27pulgadas-1920x1080-va-display-antiglare-169-0-5ms-240hz-curvo-3000199srgb90?i-p3-8bit-hdmi2-displayport-1-41-negro-3y-en-centro-de-s\/","og_locale":"es_MX","og_type":"article","og_title":"[ Lenovo ] &#129351; 67b6gac1la Monitor Legion R27fc-30 \/ 27pulgadas 1920x1080 \/ Va Display Antiglare 16:9 \/ 0.5ms 240hz Curvo \/ 3000:1,99%srgb,90i-p3 8bit\/ Hdmi(2) Displayport 1.4(1) \/ Negro \/ 3y En Centro De Servicio","og_description":"Compra 67b6gac1la Monitor Legion R27fc-30 \/ 27pulgadas 1920x1080 \/ Va Display Antiglare 16:9 \/ 0.5ms 240hz Curvo \/ 3000:1,99%srgb,90i-p3 8bit\/ Hdmi(2) Displayport 1.4(1) \/ Negro \/ 3y En Centro De Servicio + Env\u00edo a domicilio + Pago seguro + Garant\u00eda","og_url":"https:\/\/compuviper.mx\/tienda\/producto\/lenovo-67b6gac1la-monitor-legion-r27fc-30-27pulgadas-1920x1080-va-display-antiglare-169-0-5ms-240hz-curvo-3000199srgb90?i-p3-8bit-hdmi2-displayport-1-41-negro-3y-en-centro-de-s\/","og_site_name":"Compuviper","article_publisher":"https:\/\/www.facebook.com\/compuviper","article_modified_time":"2026-04-03T06:00:18+00:00","twitter_card":"summary_large_image","twitter_misc":{"Precio":"&#36;4,478 con IVA","Availability":"Out of stock"},"schema":{"@context":"https:\/\/schema.org","@graph":[{"@type":"WebPage","@id":"https:\/\/compuviper.mx\/tienda\/producto\/lenovo-67b6gac1la-monitor-legion-r27fc-30-27pulgadas-1920x1080-va-display-antiglare-169-0-5ms-240hz-curvo-3000199srgb90%dci-p3-8bit-hdmi2-displayport-1-41-negro-3y-en-centro-de-s\/","url":"https:\/\/compuviper.mx\/tienda\/producto\/lenovo-67b6gac1la-monitor-legion-r27fc-30-27pulgadas-1920x1080-va-display-antiglare-169-0-5ms-240hz-curvo-3000199srgb90%dci-p3-8bit-hdmi2-displayport-1-41-negro-3y-en-centro-de-s\/","name":"[ Lenovo ] &#129351; 67b6gac1la Monitor Legion R27fc-30 \/ 27pulgadas 1920x1080 \/ Va Display Antiglare 16:9 \/ 0.5ms 240hz Curvo \/ 3000:1,99%srgb,90i-p3 8bit\/ Hdmi(2) Displayport 1.4(1) \/ Negro \/ 3y En Centro De Servicio","isPartOf":{"@id":"https:\/\/compuviper.mx\/tienda\/#website"},"datePublished":"2026-04-02T06:55:47+00:00","dateModified":"2026-04-03T06:00:18+00:00","description":"Compra 67b6gac1la Monitor Legion R27fc-30 \/ 27pulgadas 1920x1080 \/ Va Display Antiglare 16:9 \/ 0.5ms 240hz Curvo \/ 3000:1,99%srgb,90i-p3 8bit\/ Hdmi(2) Displayport 1.4(1) \/ Negro \/ 3y En Centro De Servicio + Env\u00edo a domicilio + Pago seguro + Garant\u00eda","breadcrumb":{"@id":"https:\/\/compuviper.mx\/tienda\/producto\/lenovo-67b6gac1la-monitor-legion-r27fc-30-27pulgadas-1920x1080-va-display-antiglare-169-0-5ms-240hz-curvo-3000199srgb90%dci-p3-8bit-hdmi2-displayport-1-41-negro-3y-en-centro-de-s\/#breadcrumb"},"inLanguage":"es-MX","potentialAction":[{"@type":"ReadAction","target":["https:\/\/compuviper.mx\/tienda\/producto\/lenovo-67b6gac1la-monitor-legion-r27fc-30-27pulgadas-1920x1080-va-display-antiglare-169-0-5ms-240hz-curvo-3000199srgb90%dci-p3-8bit-hdmi2-displayport-1-41-negro-3y-en-centro-de-s\/"]}]},{"@type":"BreadcrumbList","@id":"https:\/\/compuviper.mx\/tienda\/producto\/lenovo-67b6gac1la-monitor-legion-r27fc-30-27pulgadas-1920x1080-va-display-antiglare-169-0-5ms-240hz-curvo-3000199srgb90%dci-p3-8bit-hdmi2-displayport-1-41-negro-3y-en-centro-de-s\/#breadcrumb","itemListElement":[{"@type":"ListItem","position":1,"name":"Inicio","item":"https:\/\/compuviper.mx\/tienda\/"},{"@type":"ListItem","position":2,"name":"Productos","item":"https:\/\/compuviper.mx\/tienda\/productos\/"},{"@type":"ListItem","position":3,"name":"Monitores","item":"https:\/\/compuviper.mx\/tienda\/categoria-producto\/monitores\/"},{"@type":"ListItem","position":4,"name":"Led","item":"https:\/\/compuviper.mx\/tienda\/categoria-producto\/monitores\/led\/"},{"@type":"ListItem","position":5,"name":"Lenovo 67b6gac1la Monitor Legion R27fc-30 \/ 27pulgadas 1920&#215;1080 \/ Va Display Antiglare 16:9 \/ 0.5ms 240hz Curvo \/ 3000:1,99%srgb,90%dci-p3 8bit\/ Hdmi(2) Displayport 1.4(1) \/ Negro \/ 3y En Centro De Servicio"}]},{"@type":"WebSite","@id":"https:\/\/compuviper.mx\/tienda\/#website","url":"https:\/\/compuviper.mx\/tienda\/","name":"Compuviper","description":"Proveedor de Computadoras, Laptops, Servidores, Monitores, Puntos de Venta, Teclados,   Impresoras, T\u00f3ner, C\u00e1maras de Seguridad y m\u00e1s en tu tienda en l\u00ednea","publisher":{"@id":"https:\/\/compuviper.mx\/tienda\/#organization"},"potentialAction":[{"@type":"SearchAction","target":{"@type":"EntryPoint","urlTemplate":"https:\/\/compuviper.mx\/tienda\/?s={search_term_string}"},"query-input":"required name=search_term_string"}],"inLanguage":"es-MX"},{"@type":"Organization","@id":"https:\/\/compuviper.mx\/tienda\/#organization","name":"Compuviper","url":"https:\/\/compuviper.mx\/tienda\/","logo":{"@type":"ImageObject","inLanguage":"es-MX","@id":"https:\/\/compuviper.mx\/tienda\/#\/schema\/logo\/image\/","url":"https:\/\/compuviper.mx\/tienda\/wp-content\/uploads\/2021\/08\/Logo-Compuviper-10.png","contentUrl":"https:\/\/compuviper.mx\/tienda\/wp-content\/uploads\/2021\/08\/Logo-Compuviper-10.png","width":1000,"height":500,"caption":"Compuviper"},"image":{"@id":"https:\/\/compuviper.mx\/tienda\/#\/schema\/logo\/image\/"},"sameAs":["https:\/\/www.facebook.com\/compuviper","https:\/\/www.youtube.com\/channel\/UCf73dERp9Y3cfOq7q8BhLjA?view_as=subscriber"]}]},"product_brand":"LENOVO","product_price_amount":"4478","product_price_currency":"MXN","og_availability":"out of stock","product_availability":"out of stock","product_retailer_item_id":"67B6GAC1LA","product_condition":"new"},"_links":{"self":[{"href":"https:\/\/compuviper.mx\/tienda\/wp-json\/wp\/v2\/product\/266727"}],"collection":[{"href":"https:\/\/compuviper.mx\/tienda\/wp-json\/wp\/v2\/product"}],"about":[{"href":"https:\/\/compuviper.mx\/tienda\/wp-json\/wp\/v2\/types\/product"}],"replies":[{"embeddable":true,"href":"https:\/\/compuviper.mx\/tienda\/wp-json\/wp\/v2\/comments?post=266727"}],"wp:attachment":[{"href":"https:\/\/compuviper.mx\/tienda\/wp-json\/wp\/v2\/media?parent=266727"}],"wp:term":[{"taxonomy":"product_cat","embeddable":true,"href":"https:\/\/compuviper.mx\/tienda\/wp-json\/wp\/v2\/product_cat?post=266727"},{"taxonomy":"product_tag","embeddable":true,"href":"https:\/\/compuviper.mx\/tienda\/wp-json\/wp\/v2\/product_tag?post=266727"}],"curies":[{"name":"wp","href":"https:\/\/api.w.org\/{rel}","templated":true}]}}