{"id":266716,"date":"2026-04-21T00:10:41","date_gmt":"2026-04-21T06:10:41","guid":{"rendered":"https:\/\/compuviper.mx\/tienda\/producto\/qnap-pwr-psu-250w-dt01-fuente-de-alimentacion-interna-de-250w-diseada-para-integrarse-con-los-sistemas-de-2\/"},"modified":"2026-04-21T00:10:41","modified_gmt":"2026-04-21T06:10:41","slug":"qnap-pwr-psu-250w-dt01-fuente-de-alimentacion-interna-de-250w-diseada-para-integrarse-con-los-sistemas-de","status":"publish","type":"product","link":"https:\/\/compuviper.mx\/tienda\/producto\/qnap-pwr-psu-250w-dt01-fuente-de-alimentacion-interna-de-250w-diseada-para-integrarse-con-los-sistemas-de\/","title":{"rendered":"Qnap Pwr-psu-250w-dt01 Fuente De Alimentacion Interna De 250w, Dise?ada Para Integrarse Con Los Sistemas De"},"content":{"rendered":"<table class=\"descripcion\">\n<tr>\n<td>Potencia total 250 w<\/td>\n<\/tr>\n<tr>\n<td>Tipo de fuente de alimentacion interna<\/td>\n<\/tr>\n<tr>\n<td>Compatibilidad con la serie qnap ts-977xu, ts-983xu, tvs-972xu<\/td>\n<\/tr>\n<tr>\n<td>Rangop de entrada de voltaje estimada de 100-240<\/td>\n<\/tr>\n<tr>\n<td>Salida tipica de  12v aproximadamente 20a<\/td>\n<\/tr>\n<\/table>\n","protected":false},"excerpt":{"rendered":"<p>Potencia de salida: 250 w nominales. Fabricante del m\u00f3dulo: delta electronics (serie \u0093dt01\u0094), lo que asegura robustez. Compatible con modelos qnap espec\u00edficos, por ejemplo: qnap ts-977xu, tvs-972xu, ts-983xu, entre otros. Instalaci\u00f3n interna tipo m\u00f3dulo de repuesto, pensada para mantenimiento\/soporte de equipos nas. Ideal para ambientes empresariales, de respaldo o almacenamiento intensivo, donde la fiabilidad el\u00e9ctrica es clave.<\/p>\n","protected":false},"featured_media":0,"comment_status":"open","ping_status":"open","template":"","meta":[],"product_cat":[1508,1672],"product_tag":[2110],"acf":[],"yoast_head":"<!-- This site is optimized with the Yoast SEO plugin v21.7 - https:\/\/yoast.com\/wordpress\/plugins\/seo\/ -->\n<title>[ Qnap ] &#129351; Pwr-psu-250w-dt01 Fuente De Alimentacion Interna De 250w, Dise\u00f1ada Para Integrarse Con Los Sistemas De<\/title>\n<meta name=\"description\" content=\"Compra Pwr-psu-250w-dt01 Fuente De Alimentacion Interna De 250w, Dise\u00f1ada Para Integrarse Con Los Sistemas De + Env\u00edo a domicilio + Pago seguro + Garant\u00eda\" \/>\n<meta name=\"robots\" content=\"index, follow, max-snippet:-1, max-image-preview:large, max-video-preview:-1\" \/>\n<link rel=\"canonical\" href=\"https:\/\/compuviper.mx\/tienda\/producto\/qnap-pwr-psu-250w-dt01-fuente-de-alimentacion-interna-de-250w-diseada-para-integrarse-con-los-sistemas-de\/\" \/>\n<meta property=\"og:locale\" content=\"es_MX\" \/>\n<meta property=\"og:type\" content=\"article\" \/>\n<meta property=\"og:title\" content=\"[ Qnap ] &#129351; Pwr-psu-250w-dt01 Fuente De Alimentacion Interna De 250w, Dise\u00f1ada Para Integrarse Con Los Sistemas De\" \/>\n<meta property=\"og:description\" content=\"Compra Pwr-psu-250w-dt01 Fuente De Alimentacion Interna De 250w, Dise\u00f1ada Para Integrarse Con Los Sistemas De + Env\u00edo a domicilio + Pago seguro + Garant\u00eda\" \/>\n<meta property=\"og:url\" content=\"https:\/\/compuviper.mx\/tienda\/producto\/qnap-pwr-psu-250w-dt01-fuente-de-alimentacion-interna-de-250w-diseada-para-integrarse-con-los-sistemas-de\/\" \/>\n<meta property=\"og:site_name\" content=\"Compuviper\" \/>\n<meta property=\"article:publisher\" content=\"https:\/\/www.facebook.com\/compuviper\" \/>\n<meta name=\"twitter:card\" content=\"summary_large_image\" \/>\n<meta name=\"twitter:label1\" content=\"Precio\" \/>\n\t<meta name=\"twitter:data1\" content=\"&#36;2,745 con IVA\" \/>\n\t<meta name=\"twitter:label2\" content=\"Availability\" \/>\n\t<meta name=\"twitter:data2\" content=\"On backorder\" \/>\n<script type=\"application\/ld+json\" class=\"yoast-schema-graph\">{\"@context\":\"https:\/\/schema.org\",\"@graph\":[{\"@type\":\"WebPage\",\"@id\":\"https:\/\/compuviper.mx\/tienda\/producto\/qnap-pwr-psu-250w-dt01-fuente-de-alimentacion-interna-de-250w-diseada-para-integrarse-con-los-sistemas-de\/\",\"url\":\"https:\/\/compuviper.mx\/tienda\/producto\/qnap-pwr-psu-250w-dt01-fuente-de-alimentacion-interna-de-250w-diseada-para-integrarse-con-los-sistemas-de\/\",\"name\":\"[ Qnap ] &#129351; Pwr-psu-250w-dt01 Fuente De Alimentacion Interna De 250w, Dise\u00f1ada Para Integrarse Con Los Sistemas De\",\"isPartOf\":{\"@id\":\"https:\/\/compuviper.mx\/tienda\/#website\"},\"datePublished\":\"2026-04-21T06:10:41+00:00\",\"dateModified\":\"2026-04-21T06:10:41+00:00\",\"description\":\"Compra Pwr-psu-250w-dt01 Fuente De Alimentacion Interna De 250w, Dise\u00f1ada Para Integrarse Con Los Sistemas De + Env\u00edo a domicilio + Pago seguro + Garant\u00eda\",\"breadcrumb\":{\"@id\":\"https:\/\/compuviper.mx\/tienda\/producto\/qnap-pwr-psu-250w-dt01-fuente-de-alimentacion-interna-de-250w-diseada-para-integrarse-con-los-sistemas-de\/#breadcrumb\"},\"inLanguage\":\"es-MX\",\"potentialAction\":[{\"@type\":\"ReadAction\",\"target\":[\"https:\/\/compuviper.mx\/tienda\/producto\/qnap-pwr-psu-250w-dt01-fuente-de-alimentacion-interna-de-250w-diseada-para-integrarse-con-los-sistemas-de\/\"]}]},{\"@type\":\"BreadcrumbList\",\"@id\":\"https:\/\/compuviper.mx\/tienda\/producto\/qnap-pwr-psu-250w-dt01-fuente-de-alimentacion-interna-de-250w-diseada-para-integrarse-con-los-sistemas-de\/#breadcrumb\",\"itemListElement\":[{\"@type\":\"ListItem\",\"position\":1,\"name\":\"Inicio\",\"item\":\"https:\/\/compuviper.mx\/tienda\/\"},{\"@type\":\"ListItem\",\"position\":2,\"name\":\"Productos\",\"item\":\"https:\/\/compuviper.mx\/tienda\/productos\/\"},{\"@type\":\"ListItem\",\"position\":3,\"name\":\"Energia\",\"item\":\"https:\/\/compuviper.mx\/tienda\/categoria-producto\/energia\/\"},{\"@type\":\"ListItem\",\"position\":4,\"name\":\"Fuentes De Poder\",\"item\":\"https:\/\/compuviper.mx\/tienda\/categoria-producto\/energia\/fuentes-de-poder\/\"},{\"@type\":\"ListItem\",\"position\":5,\"name\":\"Qnap Pwr-psu-250w-dt01 Fuente De Alimentacion Interna De 250w, Dise?ada Para Integrarse Con Los Sistemas De\"}]},{\"@type\":\"WebSite\",\"@id\":\"https:\/\/compuviper.mx\/tienda\/#website\",\"url\":\"https:\/\/compuviper.mx\/tienda\/\",\"name\":\"Compuviper\",\"description\":\"Proveedor de Computadoras, Laptops, Servidores, Monitores, Puntos de Venta, Teclados,   Impresoras, T\u00f3ner, C\u00e1maras de Seguridad y m\u00e1s en tu tienda en l\u00ednea\",\"publisher\":{\"@id\":\"https:\/\/compuviper.mx\/tienda\/#organization\"},\"potentialAction\":[{\"@type\":\"SearchAction\",\"target\":{\"@type\":\"EntryPoint\",\"urlTemplate\":\"https:\/\/compuviper.mx\/tienda\/?s={search_term_string}\"},\"query-input\":\"required name=search_term_string\"}],\"inLanguage\":\"es-MX\"},{\"@type\":\"Organization\",\"@id\":\"https:\/\/compuviper.mx\/tienda\/#organization\",\"name\":\"Compuviper\",\"url\":\"https:\/\/compuviper.mx\/tienda\/\",\"logo\":{\"@type\":\"ImageObject\",\"inLanguage\":\"es-MX\",\"@id\":\"https:\/\/compuviper.mx\/tienda\/#\/schema\/logo\/image\/\",\"url\":\"https:\/\/compuviper.mx\/tienda\/wp-content\/uploads\/2021\/08\/Logo-Compuviper-10.png\",\"contentUrl\":\"https:\/\/compuviper.mx\/tienda\/wp-content\/uploads\/2021\/08\/Logo-Compuviper-10.png\",\"width\":1000,\"height\":500,\"caption\":\"Compuviper\"},\"image\":{\"@id\":\"https:\/\/compuviper.mx\/tienda\/#\/schema\/logo\/image\/\"},\"sameAs\":[\"https:\/\/www.facebook.com\/compuviper\",\"https:\/\/www.youtube.com\/channel\/UCf73dERp9Y3cfOq7q8BhLjA?view_as=subscriber\"]}]}<\/script>\n<meta property=\"product:brand\" content=\"Qnap\" \/>\n<meta property=\"product:price:amount\" content=\"2745\" \/>\n<meta property=\"product:price:currency\" content=\"MXN\" \/>\n<meta property=\"og:availability\" content=\"backorder\" \/>\n<meta property=\"product:availability\" content=\"available for order\" \/>\n<meta property=\"product:retailer_item_id\" content=\"PWR-PSU-250W-DT01\" \/>\n<meta property=\"product:condition\" content=\"new\" \/>\n<!-- \/ Yoast SEO plugin. -->","yoast_head_json":{"title":"[ Qnap ] &#129351; Pwr-psu-250w-dt01 Fuente De Alimentacion Interna De 250w, Dise\u00f1ada Para Integrarse Con Los Sistemas De","description":"Compra Pwr-psu-250w-dt01 Fuente De Alimentacion Interna De 250w, Dise\u00f1ada Para Integrarse Con Los Sistemas De + Env\u00edo a domicilio + Pago seguro + Garant\u00eda","robots":{"index":"index","follow":"follow","max-snippet":"max-snippet:-1","max-image-preview":"max-image-preview:large","max-video-preview":"max-video-preview:-1"},"canonical":"https:\/\/compuviper.mx\/tienda\/producto\/qnap-pwr-psu-250w-dt01-fuente-de-alimentacion-interna-de-250w-diseada-para-integrarse-con-los-sistemas-de\/","og_locale":"es_MX","og_type":"article","og_title":"[ Qnap ] &#129351; Pwr-psu-250w-dt01 Fuente De Alimentacion Interna De 250w, Dise\u00f1ada Para Integrarse Con Los Sistemas De","og_description":"Compra Pwr-psu-250w-dt01 Fuente De Alimentacion Interna De 250w, Dise\u00f1ada Para Integrarse Con Los Sistemas De + Env\u00edo a domicilio + Pago seguro + Garant\u00eda","og_url":"https:\/\/compuviper.mx\/tienda\/producto\/qnap-pwr-psu-250w-dt01-fuente-de-alimentacion-interna-de-250w-diseada-para-integrarse-con-los-sistemas-de\/","og_site_name":"Compuviper","article_publisher":"https:\/\/www.facebook.com\/compuviper","twitter_card":"summary_large_image","twitter_misc":{"Precio":"&#36;2,745 con IVA","Availability":"On backorder"},"schema":{"@context":"https:\/\/schema.org","@graph":[{"@type":"WebPage","@id":"https:\/\/compuviper.mx\/tienda\/producto\/qnap-pwr-psu-250w-dt01-fuente-de-alimentacion-interna-de-250w-diseada-para-integrarse-con-los-sistemas-de\/","url":"https:\/\/compuviper.mx\/tienda\/producto\/qnap-pwr-psu-250w-dt01-fuente-de-alimentacion-interna-de-250w-diseada-para-integrarse-con-los-sistemas-de\/","name":"[ Qnap ] &#129351; Pwr-psu-250w-dt01 Fuente De Alimentacion Interna De 250w, Dise\u00f1ada Para Integrarse Con Los Sistemas De","isPartOf":{"@id":"https:\/\/compuviper.mx\/tienda\/#website"},"datePublished":"2026-04-21T06:10:41+00:00","dateModified":"2026-04-21T06:10:41+00:00","description":"Compra Pwr-psu-250w-dt01 Fuente De Alimentacion Interna De 250w, Dise\u00f1ada Para Integrarse Con Los Sistemas De + Env\u00edo a domicilio + Pago seguro + Garant\u00eda","breadcrumb":{"@id":"https:\/\/compuviper.mx\/tienda\/producto\/qnap-pwr-psu-250w-dt01-fuente-de-alimentacion-interna-de-250w-diseada-para-integrarse-con-los-sistemas-de\/#breadcrumb"},"inLanguage":"es-MX","potentialAction":[{"@type":"ReadAction","target":["https:\/\/compuviper.mx\/tienda\/producto\/qnap-pwr-psu-250w-dt01-fuente-de-alimentacion-interna-de-250w-diseada-para-integrarse-con-los-sistemas-de\/"]}]},{"@type":"BreadcrumbList","@id":"https:\/\/compuviper.mx\/tienda\/producto\/qnap-pwr-psu-250w-dt01-fuente-de-alimentacion-interna-de-250w-diseada-para-integrarse-con-los-sistemas-de\/#breadcrumb","itemListElement":[{"@type":"ListItem","position":1,"name":"Inicio","item":"https:\/\/compuviper.mx\/tienda\/"},{"@type":"ListItem","position":2,"name":"Productos","item":"https:\/\/compuviper.mx\/tienda\/productos\/"},{"@type":"ListItem","position":3,"name":"Energia","item":"https:\/\/compuviper.mx\/tienda\/categoria-producto\/energia\/"},{"@type":"ListItem","position":4,"name":"Fuentes De Poder","item":"https:\/\/compuviper.mx\/tienda\/categoria-producto\/energia\/fuentes-de-poder\/"},{"@type":"ListItem","position":5,"name":"Qnap Pwr-psu-250w-dt01 Fuente De Alimentacion Interna De 250w, Dise?ada Para Integrarse Con Los Sistemas De"}]},{"@type":"WebSite","@id":"https:\/\/compuviper.mx\/tienda\/#website","url":"https:\/\/compuviper.mx\/tienda\/","name":"Compuviper","description":"Proveedor de Computadoras, Laptops, Servidores, Monitores, Puntos de Venta, Teclados,   Impresoras, T\u00f3ner, C\u00e1maras de Seguridad y m\u00e1s en tu tienda en l\u00ednea","publisher":{"@id":"https:\/\/compuviper.mx\/tienda\/#organization"},"potentialAction":[{"@type":"SearchAction","target":{"@type":"EntryPoint","urlTemplate":"https:\/\/compuviper.mx\/tienda\/?s={search_term_string}"},"query-input":"required name=search_term_string"}],"inLanguage":"es-MX"},{"@type":"Organization","@id":"https:\/\/compuviper.mx\/tienda\/#organization","name":"Compuviper","url":"https:\/\/compuviper.mx\/tienda\/","logo":{"@type":"ImageObject","inLanguage":"es-MX","@id":"https:\/\/compuviper.mx\/tienda\/#\/schema\/logo\/image\/","url":"https:\/\/compuviper.mx\/tienda\/wp-content\/uploads\/2021\/08\/Logo-Compuviper-10.png","contentUrl":"https:\/\/compuviper.mx\/tienda\/wp-content\/uploads\/2021\/08\/Logo-Compuviper-10.png","width":1000,"height":500,"caption":"Compuviper"},"image":{"@id":"https:\/\/compuviper.mx\/tienda\/#\/schema\/logo\/image\/"},"sameAs":["https:\/\/www.facebook.com\/compuviper","https:\/\/www.youtube.com\/channel\/UCf73dERp9Y3cfOq7q8BhLjA?view_as=subscriber"]}]},"product_brand":"Qnap","product_price_amount":"2745","product_price_currency":"MXN","og_availability":"backorder","product_availability":"available for order","product_retailer_item_id":"PWR-PSU-250W-DT01","product_condition":"new"},"_links":{"self":[{"href":"https:\/\/compuviper.mx\/tienda\/wp-json\/wp\/v2\/product\/266716"}],"collection":[{"href":"https:\/\/compuviper.mx\/tienda\/wp-json\/wp\/v2\/product"}],"about":[{"href":"https:\/\/compuviper.mx\/tienda\/wp-json\/wp\/v2\/types\/product"}],"replies":[{"embeddable":true,"href":"https:\/\/compuviper.mx\/tienda\/wp-json\/wp\/v2\/comments?post=266716"}],"wp:attachment":[{"href":"https:\/\/compuviper.mx\/tienda\/wp-json\/wp\/v2\/media?parent=266716"}],"wp:term":[{"taxonomy":"product_cat","embeddable":true,"href":"https:\/\/compuviper.mx\/tienda\/wp-json\/wp\/v2\/product_cat?post=266716"},{"taxonomy":"product_tag","embeddable":true,"href":"https:\/\/compuviper.mx\/tienda\/wp-json\/wp\/v2\/product_tag?post=266716"}],"curies":[{"name":"wp","href":"https:\/\/api.w.org\/{rel}","templated":true}]}}