{"id":266710,"date":"2026-04-07T23:14:46","date_gmt":"2026-04-08T05:14:46","guid":{"rendered":"https:\/\/compuviper.mx\/tienda\/producto\/adata-ec600-bcbk-carcasa-ec600-para-discos-duros-ssd-2-5-oulgadas-7mm-9-5mm-sata3-usb3-2-negro-eco-case-pc\/"},"modified":"2026-04-08T00:00:45","modified_gmt":"2026-04-08T06:00:45","slug":"adata-ec600-bcbk-carcasa-ec600-para-discos-duros-ssd-2-5-oulgadas-7mm-9-5mm-sata3-usb3-2-negro-eco-case-pc","status":"publish","type":"product","link":"https:\/\/compuviper.mx\/tienda\/producto\/adata-ec600-bcbk-carcasa-ec600-para-discos-duros-ssd-2-5-oulgadas-7mm-9-5mm-sata3-usb3-2-negro-eco-case-pc\/","title":{"rendered":"Adata Ec600-bcbk Carcasa  Ec600 Para Discos Duros\/ssd 2.5 Oulgadas 7mm\/9.5mm Sata3\/usb3.2 Negro Eco Case Pc"},"content":{"rendered":"<table class=\"descripcion\">\n<tr>\n<td>Carcasa color negro<\/td>\n<\/tr>\n<tr>\n<td>Compatibilidad hdd \/ ssd 2.5 pulgadas 7mm \/ 9.5mm<\/td>\n<\/tr>\n<tr>\n<td>Dimensiones (la x an x al)  125 x 88 x15.2mm \/ 4.9 x 3.46 x 0.6 pulgadas<\/td>\n<\/tr>\n<tr>\n<td>Peso 68g \/ 2.4 oz<\/td>\n<\/tr>\n<tr>\n<td>Interfaz usb 3.2 gen2 (usb 1ogbps) compatible con versiones anteriores de usb 2.0<\/td>\n<\/tr>\n<tr>\n<td>Requisitos del sistema operativo windows 7\/8\/8.1\/10 sistema operativo mac x 10.6 o version posterior linux kernel 2.6 o version posterior<\/td>\n<\/tr>\n<tr>\n<td>Temperatura de funcionamiento<\/td>\n<\/tr>\n<tr>\n<td>5\u00b0c(41\u00b0f) -50\u00b0c(122\u00b0f)<\/td>\n<\/tr>\n<tr>\n<td>5v cc 900 ma<\/td>\n<\/tr>\n<tr>\n<td>Accesorios cable usb3.2 gen1 micro-b a tipo a, calce de espuma<\/td>\n<\/tr>\n<tr>\n<td>Garantia limitada a 2 a\u00f1os<\/td>\n<\/tr>\n<tr>\n<td>Nota:<\/td>\n<\/tr>\n<tr>\n<td>En respuesta al ultimo anuncio oficial de la asociacion usb 3.2 gen2 paso a llamarse 10gbps. (para especificaciones relacionadas,, consulte el sitio web de desarrolladores usb)<\/td>\n<\/tr>\n<\/table>\n","protected":false},"excerpt":{"rendered":"<p>La ec600 es la primera y \u00fanica carcasa para hdd\/sdd que utiliza materiales pcr. La carcasa exterior de la ec600 est\u00e1 fabricada localmente con un 85% de pl\u00e1stico pcr (reciclado post-consumo) y otros materiales de origen local para minimizar el impacto medioambiental y maximizar la restauraci\u00f3n de la madre tierra. La reducida huella de carbono de la ec600 equivale a un 74% menos de co and #8322; emitido a lo largo de su ciclo de producto. La ec600 llega a usted en un embalaje con certificaci\u00f3n fsc (forest stewardship council) que garantiza pr\u00e1cticas forestales sostenibles. Los usuarios no s\u00f3lo protegen el medio ambiente mediante la reducci\u00f3n de los residuos electr\u00f3nicos a trav\u00e9s de la reutilizaci\u00f3n de unidades antiguas, sino que la propia unidad es compatible con el medio ambiente.  *la utilizaci\u00f3n de productos con certificaci\u00f3n fsc garantiza que provienen de silvicultura sostenible certificada, lo que ayuda a proteger la ecolog\u00eda, la biodiversidad y los recursos forestales, y permite a las empresas cumplir con su responsabilidad social.<\/p>\n","protected":false},"featured_media":266711,"comment_status":"open","ping_status":"open","template":"","meta":[],"product_cat":[1485,1519],"product_tag":[1539],"acf":[],"yoast_head":"<!-- This site is optimized with the Yoast SEO plugin v21.7 - https:\/\/yoast.com\/wordpress\/plugins\/seo\/ -->\n<title>[ Adata ] &#129351; Ec600-bcbk Carcasa Ec600 Para Discos Duros\/ssd 2.5 Oulgadas 7mm\/9.5mm Sata3\/usb3.2 Negro Eco Case Pc<\/title>\n<meta name=\"description\" content=\"Compra Ec600-bcbk Carcasa Ec600 Para Discos Duros\/ssd 2.5 Oulgadas 7mm\/9.5mm Sata3\/usb3.2 Negro Eco Case Pc + Env\u00edo a domicilio + Pago seguro + Garant\u00eda\" \/>\n<meta name=\"robots\" content=\"index, follow, max-snippet:-1, max-image-preview:large, max-video-preview:-1\" \/>\n<link rel=\"canonical\" href=\"https:\/\/compuviper.mx\/tienda\/producto\/adata-ec600-bcbk-carcasa-ec600-para-discos-duros-ssd-2-5-oulgadas-7mm-9-5mm-sata3-usb3-2-negro-eco-case-pc\/\" \/>\n<meta property=\"og:locale\" content=\"es_MX\" \/>\n<meta property=\"og:type\" content=\"article\" \/>\n<meta property=\"og:title\" content=\"[ Adata ] &#129351; Ec600-bcbk Carcasa Ec600 Para Discos Duros\/ssd 2.5 Oulgadas 7mm\/9.5mm Sata3\/usb3.2 Negro Eco Case Pc\" \/>\n<meta property=\"og:description\" content=\"Compra Ec600-bcbk Carcasa Ec600 Para Discos Duros\/ssd 2.5 Oulgadas 7mm\/9.5mm Sata3\/usb3.2 Negro Eco Case Pc + Env\u00edo a domicilio + Pago seguro + Garant\u00eda\" \/>\n<meta property=\"og:url\" content=\"https:\/\/compuviper.mx\/tienda\/producto\/adata-ec600-bcbk-carcasa-ec600-para-discos-duros-ssd-2-5-oulgadas-7mm-9-5mm-sata3-usb3-2-negro-eco-case-pc\/\" \/>\n<meta property=\"og:site_name\" content=\"Compuviper\" \/>\n<meta property=\"article:publisher\" content=\"https:\/\/www.facebook.com\/compuviper\" \/>\n<meta property=\"article:modified_time\" content=\"2026-04-08T06:00:45+00:00\" \/>\n<meta property=\"og:image\" content=\"https:\/\/compuviper.mx\/tienda\/wp-content\/uploads\/2026\/02\/Carcasa-adata-ec600-para-discos-durosssd-2.5-oulgadas-7mm9.5mm-sata3usb3.2-negro-eco-case-pc.jpg\" \/>\n\t<meta property=\"og:image:width\" content=\"200\" \/>\n\t<meta property=\"og:image:height\" content=\"200\" \/>\n\t<meta property=\"og:image:type\" content=\"image\/jpeg\" \/>\n<meta name=\"twitter:card\" content=\"summary_large_image\" \/>\n<meta name=\"twitter:label1\" content=\"Precio\" \/>\n\t<meta name=\"twitter:data1\" content=\"&#36;170 con IVA\" \/>\n\t<meta name=\"twitter:label2\" content=\"Availability\" \/>\n\t<meta name=\"twitter:data2\" content=\"In stock\" \/>\n<script type=\"application\/ld+json\" class=\"yoast-schema-graph\">{\"@context\":\"https:\/\/schema.org\",\"@graph\":[{\"@type\":\"WebPage\",\"@id\":\"https:\/\/compuviper.mx\/tienda\/producto\/adata-ec600-bcbk-carcasa-ec600-para-discos-duros-ssd-2-5-oulgadas-7mm-9-5mm-sata3-usb3-2-negro-eco-case-pc\/\",\"url\":\"https:\/\/compuviper.mx\/tienda\/producto\/adata-ec600-bcbk-carcasa-ec600-para-discos-duros-ssd-2-5-oulgadas-7mm-9-5mm-sata3-usb3-2-negro-eco-case-pc\/\",\"name\":\"[ Adata ] &#129351; Ec600-bcbk Carcasa Ec600 Para Discos Duros\/ssd 2.5 Oulgadas 7mm\/9.5mm Sata3\/usb3.2 Negro Eco Case Pc\",\"isPartOf\":{\"@id\":\"https:\/\/compuviper.mx\/tienda\/#website\"},\"datePublished\":\"2026-04-08T05:14:46+00:00\",\"dateModified\":\"2026-04-08T06:00:45+00:00\",\"description\":\"Compra Ec600-bcbk Carcasa Ec600 Para Discos Duros\/ssd 2.5 Oulgadas 7mm\/9.5mm Sata3\/usb3.2 Negro Eco Case Pc + Env\u00edo a domicilio + Pago seguro + Garant\u00eda\",\"breadcrumb\":{\"@id\":\"https:\/\/compuviper.mx\/tienda\/producto\/adata-ec600-bcbk-carcasa-ec600-para-discos-duros-ssd-2-5-oulgadas-7mm-9-5mm-sata3-usb3-2-negro-eco-case-pc\/#breadcrumb\"},\"inLanguage\":\"es-MX\",\"potentialAction\":[{\"@type\":\"ReadAction\",\"target\":[\"https:\/\/compuviper.mx\/tienda\/producto\/adata-ec600-bcbk-carcasa-ec600-para-discos-duros-ssd-2-5-oulgadas-7mm-9-5mm-sata3-usb3-2-negro-eco-case-pc\/\"]}]},{\"@type\":\"BreadcrumbList\",\"@id\":\"https:\/\/compuviper.mx\/tienda\/producto\/adata-ec600-bcbk-carcasa-ec600-para-discos-duros-ssd-2-5-oulgadas-7mm-9-5mm-sata3-usb3-2-negro-eco-case-pc\/#breadcrumb\",\"itemListElement\":[{\"@type\":\"ListItem\",\"position\":1,\"name\":\"Inicio\",\"item\":\"https:\/\/compuviper.mx\/tienda\/\"},{\"@type\":\"ListItem\",\"position\":2,\"name\":\"Productos\",\"item\":\"https:\/\/compuviper.mx\/tienda\/productos\/\"},{\"@type\":\"ListItem\",\"position\":3,\"name\":\"Accesorios\",\"item\":\"https:\/\/compuviper.mx\/tienda\/categoria-producto\/accesorios\/\"},{\"@type\":\"ListItem\",\"position\":4,\"name\":\"Gabinete De Discos Duros\",\"item\":\"https:\/\/compuviper.mx\/tienda\/categoria-producto\/accesorios\/gabinete-de-discos-duros\/\"},{\"@type\":\"ListItem\",\"position\":5,\"name\":\"Adata Ec600-bcbk Carcasa Ec600 Para Discos Duros\/ssd 2.5 Oulgadas 7mm\/9.5mm Sata3\/usb3.2 Negro Eco Case Pc\"}]},{\"@type\":\"WebSite\",\"@id\":\"https:\/\/compuviper.mx\/tienda\/#website\",\"url\":\"https:\/\/compuviper.mx\/tienda\/\",\"name\":\"Compuviper\",\"description\":\"Proveedor de Computadoras, Laptops, Servidores, Monitores, Puntos de Venta, Teclados,   Impresoras, T\u00f3ner, C\u00e1maras de Seguridad y m\u00e1s en tu tienda en l\u00ednea\",\"publisher\":{\"@id\":\"https:\/\/compuviper.mx\/tienda\/#organization\"},\"potentialAction\":[{\"@type\":\"SearchAction\",\"target\":{\"@type\":\"EntryPoint\",\"urlTemplate\":\"https:\/\/compuviper.mx\/tienda\/?s={search_term_string}\"},\"query-input\":\"required name=search_term_string\"}],\"inLanguage\":\"es-MX\"},{\"@type\":\"Organization\",\"@id\":\"https:\/\/compuviper.mx\/tienda\/#organization\",\"name\":\"Compuviper\",\"url\":\"https:\/\/compuviper.mx\/tienda\/\",\"logo\":{\"@type\":\"ImageObject\",\"inLanguage\":\"es-MX\",\"@id\":\"https:\/\/compuviper.mx\/tienda\/#\/schema\/logo\/image\/\",\"url\":\"https:\/\/compuviper.mx\/tienda\/wp-content\/uploads\/2021\/08\/Logo-Compuviper-10.png\",\"contentUrl\":\"https:\/\/compuviper.mx\/tienda\/wp-content\/uploads\/2021\/08\/Logo-Compuviper-10.png\",\"width\":1000,\"height\":500,\"caption\":\"Compuviper\"},\"image\":{\"@id\":\"https:\/\/compuviper.mx\/tienda\/#\/schema\/logo\/image\/\"},\"sameAs\":[\"https:\/\/www.facebook.com\/compuviper\",\"https:\/\/www.youtube.com\/channel\/UCf73dERp9Y3cfOq7q8BhLjA?view_as=subscriber\"]}]}<\/script>\n<meta property=\"product:brand\" content=\"ADATA\" \/>\n<meta property=\"product:price:amount\" content=\"170\" \/>\n<meta property=\"product:price:currency\" content=\"MXN\" \/>\n<meta property=\"og:availability\" content=\"instock\" \/>\n<meta property=\"product:availability\" content=\"instock\" \/>\n<meta property=\"product:retailer_item_id\" content=\"EC600-BCBK\" \/>\n<meta property=\"product:condition\" content=\"new\" \/>\n<!-- \/ Yoast SEO plugin. -->","yoast_head_json":{"title":"[ Adata ] &#129351; Ec600-bcbk Carcasa Ec600 Para Discos Duros\/ssd 2.5 Oulgadas 7mm\/9.5mm Sata3\/usb3.2 Negro Eco Case Pc","description":"Compra Ec600-bcbk Carcasa Ec600 Para Discos Duros\/ssd 2.5 Oulgadas 7mm\/9.5mm Sata3\/usb3.2 Negro Eco Case Pc + Env\u00edo a domicilio + Pago seguro + Garant\u00eda","robots":{"index":"index","follow":"follow","max-snippet":"max-snippet:-1","max-image-preview":"max-image-preview:large","max-video-preview":"max-video-preview:-1"},"canonical":"https:\/\/compuviper.mx\/tienda\/producto\/adata-ec600-bcbk-carcasa-ec600-para-discos-duros-ssd-2-5-oulgadas-7mm-9-5mm-sata3-usb3-2-negro-eco-case-pc\/","og_locale":"es_MX","og_type":"article","og_title":"[ Adata ] &#129351; Ec600-bcbk Carcasa Ec600 Para Discos Duros\/ssd 2.5 Oulgadas 7mm\/9.5mm Sata3\/usb3.2 Negro Eco Case Pc","og_description":"Compra Ec600-bcbk Carcasa Ec600 Para Discos Duros\/ssd 2.5 Oulgadas 7mm\/9.5mm Sata3\/usb3.2 Negro Eco Case Pc + Env\u00edo a domicilio + Pago seguro + Garant\u00eda","og_url":"https:\/\/compuviper.mx\/tienda\/producto\/adata-ec600-bcbk-carcasa-ec600-para-discos-duros-ssd-2-5-oulgadas-7mm-9-5mm-sata3-usb3-2-negro-eco-case-pc\/","og_site_name":"Compuviper","article_publisher":"https:\/\/www.facebook.com\/compuviper","article_modified_time":"2026-04-08T06:00:45+00:00","og_image":[{"width":200,"height":200,"url":"https:\/\/compuviper.mx\/tienda\/wp-content\/uploads\/2026\/02\/Carcasa-adata-ec600-para-discos-durosssd-2.5-oulgadas-7mm9.5mm-sata3usb3.2-negro-eco-case-pc.jpg","type":"image\/jpeg"}],"twitter_card":"summary_large_image","twitter_misc":{"Precio":"&#36;170 con IVA","Availability":"In stock"},"schema":{"@context":"https:\/\/schema.org","@graph":[{"@type":"WebPage","@id":"https:\/\/compuviper.mx\/tienda\/producto\/adata-ec600-bcbk-carcasa-ec600-para-discos-duros-ssd-2-5-oulgadas-7mm-9-5mm-sata3-usb3-2-negro-eco-case-pc\/","url":"https:\/\/compuviper.mx\/tienda\/producto\/adata-ec600-bcbk-carcasa-ec600-para-discos-duros-ssd-2-5-oulgadas-7mm-9-5mm-sata3-usb3-2-negro-eco-case-pc\/","name":"[ Adata ] &#129351; Ec600-bcbk Carcasa Ec600 Para Discos Duros\/ssd 2.5 Oulgadas 7mm\/9.5mm Sata3\/usb3.2 Negro Eco Case Pc","isPartOf":{"@id":"https:\/\/compuviper.mx\/tienda\/#website"},"datePublished":"2026-04-08T05:14:46+00:00","dateModified":"2026-04-08T06:00:45+00:00","description":"Compra Ec600-bcbk Carcasa Ec600 Para Discos Duros\/ssd 2.5 Oulgadas 7mm\/9.5mm Sata3\/usb3.2 Negro Eco Case Pc + Env\u00edo a domicilio + Pago seguro + Garant\u00eda","breadcrumb":{"@id":"https:\/\/compuviper.mx\/tienda\/producto\/adata-ec600-bcbk-carcasa-ec600-para-discos-duros-ssd-2-5-oulgadas-7mm-9-5mm-sata3-usb3-2-negro-eco-case-pc\/#breadcrumb"},"inLanguage":"es-MX","potentialAction":[{"@type":"ReadAction","target":["https:\/\/compuviper.mx\/tienda\/producto\/adata-ec600-bcbk-carcasa-ec600-para-discos-duros-ssd-2-5-oulgadas-7mm-9-5mm-sata3-usb3-2-negro-eco-case-pc\/"]}]},{"@type":"BreadcrumbList","@id":"https:\/\/compuviper.mx\/tienda\/producto\/adata-ec600-bcbk-carcasa-ec600-para-discos-duros-ssd-2-5-oulgadas-7mm-9-5mm-sata3-usb3-2-negro-eco-case-pc\/#breadcrumb","itemListElement":[{"@type":"ListItem","position":1,"name":"Inicio","item":"https:\/\/compuviper.mx\/tienda\/"},{"@type":"ListItem","position":2,"name":"Productos","item":"https:\/\/compuviper.mx\/tienda\/productos\/"},{"@type":"ListItem","position":3,"name":"Accesorios","item":"https:\/\/compuviper.mx\/tienda\/categoria-producto\/accesorios\/"},{"@type":"ListItem","position":4,"name":"Gabinete De Discos Duros","item":"https:\/\/compuviper.mx\/tienda\/categoria-producto\/accesorios\/gabinete-de-discos-duros\/"},{"@type":"ListItem","position":5,"name":"Adata Ec600-bcbk Carcasa Ec600 Para Discos Duros\/ssd 2.5 Oulgadas 7mm\/9.5mm Sata3\/usb3.2 Negro Eco Case Pc"}]},{"@type":"WebSite","@id":"https:\/\/compuviper.mx\/tienda\/#website","url":"https:\/\/compuviper.mx\/tienda\/","name":"Compuviper","description":"Proveedor de Computadoras, Laptops, Servidores, Monitores, Puntos de Venta, Teclados,   Impresoras, T\u00f3ner, C\u00e1maras de Seguridad y m\u00e1s en tu tienda en l\u00ednea","publisher":{"@id":"https:\/\/compuviper.mx\/tienda\/#organization"},"potentialAction":[{"@type":"SearchAction","target":{"@type":"EntryPoint","urlTemplate":"https:\/\/compuviper.mx\/tienda\/?s={search_term_string}"},"query-input":"required name=search_term_string"}],"inLanguage":"es-MX"},{"@type":"Organization","@id":"https:\/\/compuviper.mx\/tienda\/#organization","name":"Compuviper","url":"https:\/\/compuviper.mx\/tienda\/","logo":{"@type":"ImageObject","inLanguage":"es-MX","@id":"https:\/\/compuviper.mx\/tienda\/#\/schema\/logo\/image\/","url":"https:\/\/compuviper.mx\/tienda\/wp-content\/uploads\/2021\/08\/Logo-Compuviper-10.png","contentUrl":"https:\/\/compuviper.mx\/tienda\/wp-content\/uploads\/2021\/08\/Logo-Compuviper-10.png","width":1000,"height":500,"caption":"Compuviper"},"image":{"@id":"https:\/\/compuviper.mx\/tienda\/#\/schema\/logo\/image\/"},"sameAs":["https:\/\/www.facebook.com\/compuviper","https:\/\/www.youtube.com\/channel\/UCf73dERp9Y3cfOq7q8BhLjA?view_as=subscriber"]}]},"product_brand":"ADATA","product_price_amount":"170","product_price_currency":"MXN","og_availability":"instock","product_availability":"instock","product_retailer_item_id":"EC600-BCBK","product_condition":"new"},"_links":{"self":[{"href":"https:\/\/compuviper.mx\/tienda\/wp-json\/wp\/v2\/product\/266710"}],"collection":[{"href":"https:\/\/compuviper.mx\/tienda\/wp-json\/wp\/v2\/product"}],"about":[{"href":"https:\/\/compuviper.mx\/tienda\/wp-json\/wp\/v2\/types\/product"}],"replies":[{"embeddable":true,"href":"https:\/\/compuviper.mx\/tienda\/wp-json\/wp\/v2\/comments?post=266710"}],"wp:featuredmedia":[{"embeddable":true,"href":"https:\/\/compuviper.mx\/tienda\/wp-json\/wp\/v2\/media\/266711"}],"wp:attachment":[{"href":"https:\/\/compuviper.mx\/tienda\/wp-json\/wp\/v2\/media?parent=266710"}],"wp:term":[{"taxonomy":"product_cat","embeddable":true,"href":"https:\/\/compuviper.mx\/tienda\/wp-json\/wp\/v2\/product_cat?post=266710"},{"taxonomy":"product_tag","embeddable":true,"href":"https:\/\/compuviper.mx\/tienda\/wp-json\/wp\/v2\/product_tag?post=266710"}],"curies":[{"name":"wp","href":"https:\/\/api.w.org\/{rel}","templated":true}]}}