{"id":266708,"date":"2026-04-07T01:49:13","date_gmt":"2026-04-07T07:49:13","guid":{"rendered":"https:\/\/compuviper.mx\/tienda\/producto\/vica-protect-5k-regulador-automatico-de-voltaje-5000va-2500w-2-tomas-nema-5-20p-reguladas-y-con-supresor-de-picos-3-aos-de-garantia\/"},"modified":"2026-04-07T01:49:14","modified_gmt":"2026-04-07T07:49:14","slug":"vica-protect-5k-regulador-automatico-de-voltaje-5000va-2500w-2-tomas-nema-5-20p-reguladas-y-con-supresor-de-picos-3-aos-de-garantia","status":"publish","type":"product","link":"https:\/\/compuviper.mx\/tienda\/producto\/vica-protect-5k-regulador-automatico-de-voltaje-5000va-2500w-2-tomas-nema-5-20p-reguladas-y-con-supresor-de-picos-3-aos-de-garantia\/","title":{"rendered":"Vica Protect 5k Regulador Automatico De Voltaje   5000va \/ 2500w, 2 Tomas Nema 5-20p Reguladas Y Con Supresor De Picos, 3 A?os De Garantia"},"content":{"rendered":"<table class=\"descripcion\">\n<tr>\n<td>Capacidad: 5000 va\/2500 w<\/td>\n<\/tr>\n<tr>\n<td>Entrada<\/td>\n<\/tr>\n<tr>\n<td>Voltaje normal: 120 vca<\/td>\n<\/tr>\n<tr>\n<td>Frecuencia: 50\/60 hz<\/td>\n<\/tr>\n<tr>\n<td>Regulacion de voltaje: -25%, +20%<\/td>\n<\/tr>\n<tr>\n<td>Rango de voltaje: 90vca &#8211; 144vca<\/td>\n<\/tr>\n<tr>\n<td>Cable de alimentacion: nema5-20p (adaptador de corriente ca 4 en 1)<\/td>\n<\/tr>\n<tr>\n<td>Breaker: 30a<\/td>\n<\/tr>\n<tr>\n<td>Salida<\/td>\n<\/tr>\n<tr>\n<td>Rango de voltaje: 120 vca<\/td>\n<\/tr>\n<tr>\n<td>Regulacion de voltaje: +\/-10%<\/td>\n<\/tr>\n<tr>\n<td>Rango de voltaje: 108 vca &#8211; 132 vca<\/td>\n<\/tr>\n<tr>\n<td>Frecuencia: 50\/60 hz<\/td>\n<\/tr>\n<tr>\n<td>Pasos de la regulacion: 2 impulsos + 1 reduccion<\/td>\n<\/tr>\n<tr>\n<td>Frecuencia: 2 conectores multi-ee. uu. (compatibles con nema 5-15r\/5-20r\/6-15r\/6-20r)<\/td>\n<\/tr>\n<tr>\n<td>Proteccion<\/td>\n<\/tr>\n<tr>\n<td>Sobrecarga: interruptor de circuito de manual de reinicio<\/td>\n<\/tr>\n<tr>\n<td>Sobre temperatura: interruptor termico<\/td>\n<\/tr>\n<tr>\n<td>Supresion de sobretensiones: 175 joules<\/td>\n<\/tr>\n<tr>\n<td>Temporizador de retardo: 2s\/10s\/30s<\/td>\n<\/tr>\n<tr>\n<td>Corte de alto\/bajo voltaje: si<\/td>\n<\/tr>\n<tr>\n<td>Sobretension de modem\/telefono: si<\/td>\n<\/tr>\n<tr>\n<td>Led<\/td>\n<\/tr>\n<tr>\n<td>Numero: 3led<\/td>\n<\/tr>\n<tr>\n<td>Ca normal: verde<\/td>\n<\/tr>\n<tr>\n<td>Elevador\/reductor: amarillo<\/td>\n<\/tr>\n<tr>\n<td>Entorno<\/td>\n<\/tr>\n<tr>\n<td>Temperatura de funcionamiento: 0 ~ 40 \u00b0c; 32 ~ 104 \u00b0f<\/td>\n<\/tr>\n<tr>\n<td>Ruido:   40db<\/td>\n<\/tr>\n<tr>\n<td>Nivel de humedad:   95% (sin condensaci\u00f3n)<\/td>\n<\/tr>\n<tr>\n<td>Fisico<\/td>\n<\/tr>\n<tr>\n<td>Numero de tomas: 2 tomas nema 5-20p<\/td>\n<\/tr>\n<tr>\n<td>Medida de cable: 1.05 mm \/ cal.14 x 3<\/td>\n<\/tr>\n<tr>\n<td>Dimensiones: 250*157*157<\/td>\n<\/tr>\n<\/table>\n","protected":false},"excerpt":{"rendered":"<p>Capacidad: 5000 va\/2500 w Entrada Voltaje normal: 120 vca Frecuencia: 50\/60 hz Regulacion de voltaje: -25%, +20% Rango de voltaje: 90vca &#8211; 144vca Cable de alimentacion: nema5-20p (adaptador de corriente ca 4 en 1) Breaker: 30a Salida Rango de voltaje: 120 vca Regulacion de voltaje: +\/-10% Rango de voltaje: 108 vca &#8211; 132 vca Frecuencia: [&hellip;]<\/p>\n","protected":false},"featured_media":0,"comment_status":"open","ping_status":"open","template":"","meta":[],"product_cat":[1508,1802],"product_tag":[1695],"acf":[],"yoast_head":"<!-- This site is optimized with the Yoast SEO plugin v21.7 - https:\/\/yoast.com\/wordpress\/plugins\/seo\/ -->\n<title>[ Vica ] &#129351; Protect 5k Regulador Automatico De Voltaje 5000va \/ 2500w, 2 Tomas Nema 5-20p Reguladas Y Con Supresor De Picos, 3 A\u00f1os De Garantia<\/title>\n<meta name=\"description\" content=\"Compra Protect 5k Regulador Automatico De Voltaje 5000va \/ 2500w, 2 Tomas Nema 5-20p Reguladas Y Con Supresor De Picos, 3 A\u00f1os De Garantia + Env\u00edo a domicilio + Pago seguro + Garant\u00eda\" \/>\n<meta name=\"robots\" content=\"index, follow, max-snippet:-1, max-image-preview:large, max-video-preview:-1\" \/>\n<link rel=\"canonical\" href=\"https:\/\/compuviper.mx\/tienda\/producto\/vica-protect-5k-regulador-automatico-de-voltaje-5000va-2500w-2-tomas-nema-5-20p-reguladas-y-con-supresor-de-picos-3-aos-de-garantia\/\" \/>\n<meta property=\"og:locale\" content=\"es_MX\" \/>\n<meta property=\"og:type\" content=\"article\" \/>\n<meta property=\"og:title\" content=\"[ Vica ] &#129351; Protect 5k Regulador Automatico De Voltaje 5000va \/ 2500w, 2 Tomas Nema 5-20p Reguladas Y Con Supresor De Picos, 3 A\u00f1os De Garantia\" \/>\n<meta property=\"og:description\" content=\"Compra Protect 5k Regulador Automatico De Voltaje 5000va \/ 2500w, 2 Tomas Nema 5-20p Reguladas Y Con Supresor De Picos, 3 A\u00f1os De Garantia + Env\u00edo a domicilio + Pago seguro + Garant\u00eda\" \/>\n<meta property=\"og:url\" content=\"https:\/\/compuviper.mx\/tienda\/producto\/vica-protect-5k-regulador-automatico-de-voltaje-5000va-2500w-2-tomas-nema-5-20p-reguladas-y-con-supresor-de-picos-3-aos-de-garantia\/\" \/>\n<meta property=\"og:site_name\" content=\"Compuviper\" \/>\n<meta property=\"article:publisher\" content=\"https:\/\/www.facebook.com\/compuviper\" \/>\n<meta property=\"article:modified_time\" content=\"2026-04-07T07:49:14+00:00\" \/>\n<meta name=\"twitter:card\" content=\"summary_large_image\" \/>\n<meta name=\"twitter:label1\" content=\"Precio\" \/>\n\t<meta name=\"twitter:data1\" content=\"&#36;2,271 con IVA\" \/>\n\t<meta name=\"twitter:label2\" content=\"Availability\" \/>\n\t<meta name=\"twitter:data2\" content=\"On backorder\" \/>\n<script type=\"application\/ld+json\" class=\"yoast-schema-graph\">{\"@context\":\"https:\/\/schema.org\",\"@graph\":[{\"@type\":\"WebPage\",\"@id\":\"https:\/\/compuviper.mx\/tienda\/producto\/vica-protect-5k-regulador-automatico-de-voltaje-5000va-2500w-2-tomas-nema-5-20p-reguladas-y-con-supresor-de-picos-3-aos-de-garantia\/\",\"url\":\"https:\/\/compuviper.mx\/tienda\/producto\/vica-protect-5k-regulador-automatico-de-voltaje-5000va-2500w-2-tomas-nema-5-20p-reguladas-y-con-supresor-de-picos-3-aos-de-garantia\/\",\"name\":\"[ Vica ] &#129351; Protect 5k Regulador Automatico De Voltaje 5000va \/ 2500w, 2 Tomas Nema 5-20p Reguladas Y Con Supresor De Picos, 3 A\u00f1os De Garantia\",\"isPartOf\":{\"@id\":\"https:\/\/compuviper.mx\/tienda\/#website\"},\"datePublished\":\"2026-04-07T07:49:13+00:00\",\"dateModified\":\"2026-04-07T07:49:14+00:00\",\"description\":\"Compra Protect 5k Regulador Automatico De Voltaje 5000va \/ 2500w, 2 Tomas Nema 5-20p Reguladas Y Con Supresor De Picos, 3 A\u00f1os De Garantia + Env\u00edo a domicilio + Pago seguro + Garant\u00eda\",\"breadcrumb\":{\"@id\":\"https:\/\/compuviper.mx\/tienda\/producto\/vica-protect-5k-regulador-automatico-de-voltaje-5000va-2500w-2-tomas-nema-5-20p-reguladas-y-con-supresor-de-picos-3-aos-de-garantia\/#breadcrumb\"},\"inLanguage\":\"es-MX\",\"potentialAction\":[{\"@type\":\"ReadAction\",\"target\":[\"https:\/\/compuviper.mx\/tienda\/producto\/vica-protect-5k-regulador-automatico-de-voltaje-5000va-2500w-2-tomas-nema-5-20p-reguladas-y-con-supresor-de-picos-3-aos-de-garantia\/\"]}]},{\"@type\":\"BreadcrumbList\",\"@id\":\"https:\/\/compuviper.mx\/tienda\/producto\/vica-protect-5k-regulador-automatico-de-voltaje-5000va-2500w-2-tomas-nema-5-20p-reguladas-y-con-supresor-de-picos-3-aos-de-garantia\/#breadcrumb\",\"itemListElement\":[{\"@type\":\"ListItem\",\"position\":1,\"name\":\"Inicio\",\"item\":\"https:\/\/compuviper.mx\/tienda\/\"},{\"@type\":\"ListItem\",\"position\":2,\"name\":\"Productos\",\"item\":\"https:\/\/compuviper.mx\/tienda\/productos\/\"},{\"@type\":\"ListItem\",\"position\":3,\"name\":\"Energia\",\"item\":\"https:\/\/compuviper.mx\/tienda\/categoria-producto\/energia\/\"},{\"@type\":\"ListItem\",\"position\":4,\"name\":\"Regulador\",\"item\":\"https:\/\/compuviper.mx\/tienda\/categoria-producto\/energia\/regulador\/\"},{\"@type\":\"ListItem\",\"position\":5,\"name\":\"Vica Protect 5k Regulador Automatico De Voltaje 5000va \/ 2500w, 2 Tomas Nema 5-20p Reguladas Y Con Supresor De Picos, 3 A?os De Garantia\"}]},{\"@type\":\"WebSite\",\"@id\":\"https:\/\/compuviper.mx\/tienda\/#website\",\"url\":\"https:\/\/compuviper.mx\/tienda\/\",\"name\":\"Compuviper\",\"description\":\"Proveedor de Computadoras, Laptops, Servidores, Monitores, Puntos de Venta, Teclados,   Impresoras, T\u00f3ner, C\u00e1maras de Seguridad y m\u00e1s en tu tienda en l\u00ednea\",\"publisher\":{\"@id\":\"https:\/\/compuviper.mx\/tienda\/#organization\"},\"potentialAction\":[{\"@type\":\"SearchAction\",\"target\":{\"@type\":\"EntryPoint\",\"urlTemplate\":\"https:\/\/compuviper.mx\/tienda\/?s={search_term_string}\"},\"query-input\":\"required name=search_term_string\"}],\"inLanguage\":\"es-MX\"},{\"@type\":\"Organization\",\"@id\":\"https:\/\/compuviper.mx\/tienda\/#organization\",\"name\":\"Compuviper\",\"url\":\"https:\/\/compuviper.mx\/tienda\/\",\"logo\":{\"@type\":\"ImageObject\",\"inLanguage\":\"es-MX\",\"@id\":\"https:\/\/compuviper.mx\/tienda\/#\/schema\/logo\/image\/\",\"url\":\"https:\/\/compuviper.mx\/tienda\/wp-content\/uploads\/2021\/08\/Logo-Compuviper-10.png\",\"contentUrl\":\"https:\/\/compuviper.mx\/tienda\/wp-content\/uploads\/2021\/08\/Logo-Compuviper-10.png\",\"width\":1000,\"height\":500,\"caption\":\"Compuviper\"},\"image\":{\"@id\":\"https:\/\/compuviper.mx\/tienda\/#\/schema\/logo\/image\/\"},\"sameAs\":[\"https:\/\/www.facebook.com\/compuviper\",\"https:\/\/www.youtube.com\/channel\/UCf73dERp9Y3cfOq7q8BhLjA?view_as=subscriber\"]}]}<\/script>\n<meta property=\"product:brand\" content=\"VICA\" \/>\n<meta property=\"product:price:amount\" content=\"2271\" \/>\n<meta property=\"product:price:currency\" content=\"MXN\" \/>\n<meta property=\"og:availability\" content=\"backorder\" \/>\n<meta property=\"product:availability\" content=\"available for order\" \/>\n<meta property=\"product:retailer_item_id\" content=\"PROTECT 5K\" \/>\n<meta property=\"product:condition\" content=\"new\" \/>\n<!-- \/ Yoast SEO plugin. -->","yoast_head_json":{"title":"[ Vica ] &#129351; Protect 5k Regulador Automatico De Voltaje 5000va \/ 2500w, 2 Tomas Nema 5-20p Reguladas Y Con Supresor De Picos, 3 A\u00f1os De Garantia","description":"Compra Protect 5k Regulador Automatico De Voltaje 5000va \/ 2500w, 2 Tomas Nema 5-20p Reguladas Y Con Supresor De Picos, 3 A\u00f1os De Garantia + Env\u00edo a domicilio + Pago seguro + Garant\u00eda","robots":{"index":"index","follow":"follow","max-snippet":"max-snippet:-1","max-image-preview":"max-image-preview:large","max-video-preview":"max-video-preview:-1"},"canonical":"https:\/\/compuviper.mx\/tienda\/producto\/vica-protect-5k-regulador-automatico-de-voltaje-5000va-2500w-2-tomas-nema-5-20p-reguladas-y-con-supresor-de-picos-3-aos-de-garantia\/","og_locale":"es_MX","og_type":"article","og_title":"[ Vica ] &#129351; Protect 5k Regulador Automatico De Voltaje 5000va \/ 2500w, 2 Tomas Nema 5-20p Reguladas Y Con Supresor De Picos, 3 A\u00f1os De Garantia","og_description":"Compra Protect 5k Regulador Automatico De Voltaje 5000va \/ 2500w, 2 Tomas Nema 5-20p Reguladas Y Con Supresor De Picos, 3 A\u00f1os De Garantia + Env\u00edo a domicilio + Pago seguro + Garant\u00eda","og_url":"https:\/\/compuviper.mx\/tienda\/producto\/vica-protect-5k-regulador-automatico-de-voltaje-5000va-2500w-2-tomas-nema-5-20p-reguladas-y-con-supresor-de-picos-3-aos-de-garantia\/","og_site_name":"Compuviper","article_publisher":"https:\/\/www.facebook.com\/compuviper","article_modified_time":"2026-04-07T07:49:14+00:00","twitter_card":"summary_large_image","twitter_misc":{"Precio":"&#36;2,271 con IVA","Availability":"On backorder"},"schema":{"@context":"https:\/\/schema.org","@graph":[{"@type":"WebPage","@id":"https:\/\/compuviper.mx\/tienda\/producto\/vica-protect-5k-regulador-automatico-de-voltaje-5000va-2500w-2-tomas-nema-5-20p-reguladas-y-con-supresor-de-picos-3-aos-de-garantia\/","url":"https:\/\/compuviper.mx\/tienda\/producto\/vica-protect-5k-regulador-automatico-de-voltaje-5000va-2500w-2-tomas-nema-5-20p-reguladas-y-con-supresor-de-picos-3-aos-de-garantia\/","name":"[ Vica ] &#129351; Protect 5k Regulador Automatico De Voltaje 5000va \/ 2500w, 2 Tomas Nema 5-20p Reguladas Y Con Supresor De Picos, 3 A\u00f1os De Garantia","isPartOf":{"@id":"https:\/\/compuviper.mx\/tienda\/#website"},"datePublished":"2026-04-07T07:49:13+00:00","dateModified":"2026-04-07T07:49:14+00:00","description":"Compra Protect 5k Regulador Automatico De Voltaje 5000va \/ 2500w, 2 Tomas Nema 5-20p Reguladas Y Con Supresor De Picos, 3 A\u00f1os De Garantia + Env\u00edo a domicilio + Pago seguro + Garant\u00eda","breadcrumb":{"@id":"https:\/\/compuviper.mx\/tienda\/producto\/vica-protect-5k-regulador-automatico-de-voltaje-5000va-2500w-2-tomas-nema-5-20p-reguladas-y-con-supresor-de-picos-3-aos-de-garantia\/#breadcrumb"},"inLanguage":"es-MX","potentialAction":[{"@type":"ReadAction","target":["https:\/\/compuviper.mx\/tienda\/producto\/vica-protect-5k-regulador-automatico-de-voltaje-5000va-2500w-2-tomas-nema-5-20p-reguladas-y-con-supresor-de-picos-3-aos-de-garantia\/"]}]},{"@type":"BreadcrumbList","@id":"https:\/\/compuviper.mx\/tienda\/producto\/vica-protect-5k-regulador-automatico-de-voltaje-5000va-2500w-2-tomas-nema-5-20p-reguladas-y-con-supresor-de-picos-3-aos-de-garantia\/#breadcrumb","itemListElement":[{"@type":"ListItem","position":1,"name":"Inicio","item":"https:\/\/compuviper.mx\/tienda\/"},{"@type":"ListItem","position":2,"name":"Productos","item":"https:\/\/compuviper.mx\/tienda\/productos\/"},{"@type":"ListItem","position":3,"name":"Energia","item":"https:\/\/compuviper.mx\/tienda\/categoria-producto\/energia\/"},{"@type":"ListItem","position":4,"name":"Regulador","item":"https:\/\/compuviper.mx\/tienda\/categoria-producto\/energia\/regulador\/"},{"@type":"ListItem","position":5,"name":"Vica Protect 5k Regulador Automatico De Voltaje 5000va \/ 2500w, 2 Tomas Nema 5-20p Reguladas Y Con Supresor De Picos, 3 A?os De Garantia"}]},{"@type":"WebSite","@id":"https:\/\/compuviper.mx\/tienda\/#website","url":"https:\/\/compuviper.mx\/tienda\/","name":"Compuviper","description":"Proveedor de Computadoras, Laptops, Servidores, Monitores, Puntos de Venta, Teclados,   Impresoras, T\u00f3ner, C\u00e1maras de Seguridad y m\u00e1s en tu tienda en l\u00ednea","publisher":{"@id":"https:\/\/compuviper.mx\/tienda\/#organization"},"potentialAction":[{"@type":"SearchAction","target":{"@type":"EntryPoint","urlTemplate":"https:\/\/compuviper.mx\/tienda\/?s={search_term_string}"},"query-input":"required name=search_term_string"}],"inLanguage":"es-MX"},{"@type":"Organization","@id":"https:\/\/compuviper.mx\/tienda\/#organization","name":"Compuviper","url":"https:\/\/compuviper.mx\/tienda\/","logo":{"@type":"ImageObject","inLanguage":"es-MX","@id":"https:\/\/compuviper.mx\/tienda\/#\/schema\/logo\/image\/","url":"https:\/\/compuviper.mx\/tienda\/wp-content\/uploads\/2021\/08\/Logo-Compuviper-10.png","contentUrl":"https:\/\/compuviper.mx\/tienda\/wp-content\/uploads\/2021\/08\/Logo-Compuviper-10.png","width":1000,"height":500,"caption":"Compuviper"},"image":{"@id":"https:\/\/compuviper.mx\/tienda\/#\/schema\/logo\/image\/"},"sameAs":["https:\/\/www.facebook.com\/compuviper","https:\/\/www.youtube.com\/channel\/UCf73dERp9Y3cfOq7q8BhLjA?view_as=subscriber"]}]},"product_brand":"VICA","product_price_amount":"2271","product_price_currency":"MXN","og_availability":"backorder","product_availability":"available for order","product_retailer_item_id":"PROTECT 5K","product_condition":"new"},"_links":{"self":[{"href":"https:\/\/compuviper.mx\/tienda\/wp-json\/wp\/v2\/product\/266708"}],"collection":[{"href":"https:\/\/compuviper.mx\/tienda\/wp-json\/wp\/v2\/product"}],"about":[{"href":"https:\/\/compuviper.mx\/tienda\/wp-json\/wp\/v2\/types\/product"}],"replies":[{"embeddable":true,"href":"https:\/\/compuviper.mx\/tienda\/wp-json\/wp\/v2\/comments?post=266708"}],"wp:attachment":[{"href":"https:\/\/compuviper.mx\/tienda\/wp-json\/wp\/v2\/media?parent=266708"}],"wp:term":[{"taxonomy":"product_cat","embeddable":true,"href":"https:\/\/compuviper.mx\/tienda\/wp-json\/wp\/v2\/product_cat?post=266708"},{"taxonomy":"product_tag","embeddable":true,"href":"https:\/\/compuviper.mx\/tienda\/wp-json\/wp\/v2\/product_tag?post=266708"}],"curies":[{"name":"wp","href":"https:\/\/api.w.org\/{rel}","templated":true}]}}