{"id":266672,"date":"2026-04-02T00:38:43","date_gmt":"2026-04-02T06:38:43","guid":{"rendered":"https:\/\/compuviper.mx\/tienda\/producto\/seagate-st16000nm002h763649175231-disco-duro-interno-exos-x18-16tb-3-5-escritorio-sata3-6gb-s-256mb-7200rpm-24x7-hotplug-nas-nvr-server-datacenter\/"},"modified":"2026-04-03T00:00:12","modified_gmt":"2026-04-03T06:00:12","slug":"seagate-st16000nm002h763649175231-disco-duro-interno-exos-x18-16tb-3-5-escritorio-sata3-6gb-s-256mb-7200rpm-24x7-hotplug-nas-nvr-server-datacenter","status":"publish","type":"product","link":"https:\/\/compuviper.mx\/tienda\/producto\/seagate-st16000nm002h763649175231-disco-duro-interno-exos-x18-16tb-3-5-escritorio-sata3-6gb-s-256mb-7200rpm-24x7-hotplug-nas-nvr-server-datacenter\/","title":{"rendered":"Seagate St16000nm002h,763649175231 Disco Duro Interno  Exos X18 16tb 3.5 Escritorio Sata3 6gb\/s 256mb 7200rpm 24&#215;7 Hotplug Nas-nvr-server-datacenter"},"content":{"rendered":"<table class=\"descripcion\">\n<tr>\n<td>Capacidad<\/td>\n<\/tr>\n<tr>\n<td>16 tb<\/td>\n<\/tr>\n<tr>\n<td>Fastformat modelo est\u00e1ndar (512e\/4kn)<\/td>\n<\/tr>\n<tr>\n<td>St16000nm000j<\/td>\n<\/tr>\n<tr>\n<td>Caracter\u00edsticas<\/td>\n<\/tr>\n<tr>\n<td>Dise\u00f1o de unidad sellada mediante helio<\/td>\n<\/tr>\n<tr>\n<td>S\u00ed<\/td>\n<\/tr>\n<tr>\n<td>Grabaci\u00f3n magn\u00e9tica convencional (cmr)<\/td>\n<\/tr>\n<tr>\n<td>S\u00ed<\/td>\n<\/tr>\n<tr>\n<td>S\u00faperparidad<\/td>\n<\/tr>\n<tr>\n<td>S\u00ed<\/td>\n<\/tr>\n<tr>\n<td>Nivel reducido de hal\u00f3genos<\/td>\n<\/tr>\n<tr>\n<td>S\u00ed<\/td>\n<\/tr>\n<tr>\n<td>Tecnolog\u00eda de corriente en reposo powerchoice<\/td>\n<\/tr>\n<tr>\n<td>S\u00ed<\/td>\n<\/tr>\n<tr>\n<td>Tecnolog\u00eda de corriente\/rendimiento powerbalance<\/td>\n<\/tr>\n<tr>\n<td>S\u00ed<\/td>\n<\/tr>\n<tr>\n<td>Compatibilidad con conexi\u00f3n en caliente<\/td>\n<\/tr>\n<tr>\n<td>S\u00ed<\/td>\n<\/tr>\n<tr>\n<td>Cach\u00e9 multisegmentada (mb)<\/td>\n<\/tr>\n<tr>\n<td>256<\/td>\n<\/tr>\n<tr>\n<td>Conservante org\u00e1nico de soldabilidad<\/td>\n<\/tr>\n<tr>\n<td>S\u00ed<\/td>\n<\/tr>\n<tr>\n<td>Verificaci\u00f3n de firmware rsa 3072 (sd and d)<\/td>\n<\/tr>\n<tr>\n<td>S\u00ed<\/td>\n<\/tr>\n<tr>\n<td>Fiabilidad\/integridad de datos<\/td>\n<\/tr>\n<tr>\n<td>Tiempo medio entre fallos (mtbf, horas)<\/td>\n<\/tr>\n<tr>\n<td>2.500.000<\/td>\n<\/tr>\n<tr>\n<td>Tasa de fiabilidad con funcionamiento ininterrumpido (afr)<\/td>\n<\/tr>\n<tr>\n<td>0,35 %<\/td>\n<\/tr>\n<tr>\n<td>Errores de lectura no recuperables por bits le\u00eddos<\/td>\n<\/tr>\n<tr>\n<td>1 sector por 10e15<\/td>\n<\/tr>\n<tr>\n<td>Horas de encendido al a\u00f1o (ininterrumpido)<\/td>\n<\/tr>\n<tr>\n<td>8.760<\/td>\n<\/tr>\n<tr>\n<td>Tama\u00f1o del sector 512e (bytes por sector)<\/td>\n<\/tr>\n<tr>\n<td>512<\/td>\n<\/tr>\n<tr>\n<td>Tama\u00f1o del sector 4kn (bytes por sector)<\/td>\n<\/tr>\n<tr>\n<td>4.096<\/td>\n<\/tr>\n<tr>\n<td>Garant\u00eda limitada (a\u00f1os)<\/td>\n<\/tr>\n<tr>\n<td>5<\/td>\n<\/tr>\n<tr>\n<td>Rendimiento<\/td>\n<\/tr>\n<tr>\n<td>Velocidad de giro (rpm)<\/td>\n<\/tr>\n<tr>\n<td>7.200 rpm<\/td>\n<\/tr>\n<tr>\n<td>Velocidad de acceso de la interfaz (gb\/s)<\/td>\n<\/tr>\n<tr>\n<td>6,0, 3,0<\/td>\n<\/tr>\n<tr>\n<td>M\u00e1x. velocidad de transferencia sostenida de (mb\/s, mib\/s)<\/td>\n<\/tr>\n<tr>\n<td>261\/249<\/td>\n<\/tr>\n<tr>\n<td>Lectura\/escritura aleatoria 4 k qd16 wcd (iops)<\/td>\n<\/tr>\n<tr>\n<td>170\/550<\/td>\n<\/tr>\n<tr>\n<td>Tiempo medio de latencia (ms)<\/td>\n<\/tr>\n<tr>\n<td>4,16<\/td>\n<\/tr>\n<tr>\n<td>Puertos de interfaz<\/td>\n<\/tr>\n<tr>\n<td>Simple<\/td>\n<\/tr>\n<tr>\n<td>Vibraci\u00f3n giratoria a 20-1.500 hz (rad\/seg\u00b2)<\/td>\n<\/tr>\n<tr>\n<td>12,5<\/td>\n<\/tr>\n<tr>\n<td>Consumo de energ\u00eda<\/td>\n<\/tr>\n<tr>\n<td>Promedio en reposo a (w)<\/td>\n<\/tr>\n<tr>\n<td>5,3 w<\/td>\n<\/tr>\n<tr>\n<td>Potencia m\u00e1x., lectura\/escritura aleatoria 4k\/16q (w)<\/td>\n<\/tr>\n<tr>\n<td>9,4; 6,4<\/td>\n<\/tr>\n<tr>\n<td>Requisitos de alimentaci\u00f3n<\/td>\n<\/tr>\n<tr>\n<td>+12 v y +5 v<\/td>\n<\/tr>\n<tr>\n<td>Informaci\u00f3n medioambiental<\/td>\n<\/tr>\n<tr>\n<td>Temperatura en funcionamiento (\u00b0c)<\/td>\n<\/tr>\n<tr>\n<td>5 \u00b0c \u0096 60 \u00b0c<\/td>\n<\/tr>\n<tr>\n<td>Vibraci\u00f3n, no operativa: de 2 a 500 hz (grms)<\/td>\n<\/tr>\n<tr>\n<td>2,27<\/td>\n<\/tr>\n<tr>\n<td>Tolerancia a golpes operativa: 2 ms (lectura\/escritura) (g)<\/td>\n<\/tr>\n<tr>\n<td>50<\/td>\n<\/tr>\n<tr>\n<td>Tolerancia a golpes, no en funcionamiento 2 ms (g)<\/td>\n<\/tr>\n<tr>\n<td>200<\/td>\n<\/tr>\n<tr>\n<td>Informaci\u00f3n f\u00edsica<\/td>\n<\/tr>\n<tr>\n<td>Altura (mm\/pulg., m\u00e1x.)<\/td>\n<\/tr>\n<tr>\n<td>26,1 mm\/1,028 pulg.<\/td>\n<\/tr>\n<tr>\n<td>Width (mm\/in, max)<\/td>\n<\/tr>\n<tr>\n<td>101,85 mm\/4,01 pulg.<\/td>\n<\/tr>\n<tr>\n<td>Depth (mm\/in, max)<\/td>\n<\/tr>\n<tr>\n<td>147 mm\/5,787 pulg.<\/td>\n<\/tr>\n<tr>\n<td>Peso (g\/lb)<\/td>\n<\/tr>\n<tr>\n<td>670 g\/1,477 lb<\/td>\n<\/tr>\n<tr>\n<td>Cantidad de unidades por embalaje<\/td>\n<\/tr>\n<tr>\n<td>20<\/td>\n<\/tr>\n<\/table>\n","protected":false},"excerpt":{"rendered":"<p>Seagate fabrica unidades de disco duro que abordan de forma. Espec\u00edfica la demanda de hiperescala en la escalabilidad de la nube. Como producto ic\u00f3nico de la serie seagate\u00ae de clase x, la unidad. De disco duro empresarial exos\u00ae x18 es la unidad de disco duro de. Mayor capacidad en su clase.<\/p>\n","protected":false},"featured_media":266673,"comment_status":"open","ping_status":"open","template":"","meta":[],"product_cat":[1703,1706],"product_tag":[1710],"acf":[],"yoast_head":"<!-- This site is optimized with the Yoast SEO plugin v21.7 - https:\/\/yoast.com\/wordpress\/plugins\/seo\/ -->\n<title>[ Seagate ] &#129351; St16000nm002h,763649175231 Disco Duro Interno Exos X18 16tb 3.5 Escritorio Sata3 6gb\/s 256mb 7200rpm 24x7 Hotplug Nas-nvr-server-datacenter<\/title>\n<meta name=\"description\" content=\"Compra St16000nm002h,763649175231 Disco Duro Interno Exos X18 16tb 3.5 Escritorio Sata3 6gb\/s 256mb 7200rpm 24x7 Hotplug Nas-nvr-server-datacenter + Env\u00edo a domicilio + Pago seguro + Garant\u00eda\" \/>\n<meta name=\"robots\" content=\"index, follow, max-snippet:-1, max-image-preview:large, max-video-preview:-1\" \/>\n<link rel=\"canonical\" href=\"https:\/\/compuviper.mx\/tienda\/producto\/seagate-st16000nm002h763649175231-disco-duro-interno-exos-x18-16tb-3-5-escritorio-sata3-6gb-s-256mb-7200rpm-24x7-hotplug-nas-nvr-server-datacenter\/\" \/>\n<meta property=\"og:locale\" content=\"es_MX\" \/>\n<meta property=\"og:type\" content=\"article\" \/>\n<meta property=\"og:title\" content=\"[ Seagate ] &#129351; St16000nm002h,763649175231 Disco Duro Interno Exos X18 16tb 3.5 Escritorio Sata3 6gb\/s 256mb 7200rpm 24x7 Hotplug Nas-nvr-server-datacenter\" \/>\n<meta property=\"og:description\" content=\"Compra St16000nm002h,763649175231 Disco Duro Interno Exos X18 16tb 3.5 Escritorio Sata3 6gb\/s 256mb 7200rpm 24x7 Hotplug Nas-nvr-server-datacenter + Env\u00edo a domicilio + Pago seguro + Garant\u00eda\" \/>\n<meta property=\"og:url\" content=\"https:\/\/compuviper.mx\/tienda\/producto\/seagate-st16000nm002h763649175231-disco-duro-interno-exos-x18-16tb-3-5-escritorio-sata3-6gb-s-256mb-7200rpm-24x7-hotplug-nas-nvr-server-datacenter\/\" \/>\n<meta property=\"og:site_name\" content=\"Compuviper\" \/>\n<meta property=\"article:publisher\" content=\"https:\/\/www.facebook.com\/compuviper\" \/>\n<meta property=\"article:modified_time\" content=\"2026-04-03T06:00:12+00:00\" \/>\n<meta property=\"og:image\" content=\"https:\/\/compuviper.mx\/tienda\/wp-content\/uploads\/2026\/02\/Disco-duro-interno-seagate-exos-x18-16tb-3.5-escritorio-sata3-6gbs-256mb-7200rpm-24x7-hotplug-nas-nvr-server-datacenter.jpg\" \/>\n\t<meta property=\"og:image:width\" content=\"200\" \/>\n\t<meta property=\"og:image:height\" content=\"200\" \/>\n\t<meta property=\"og:image:type\" content=\"image\/jpeg\" \/>\n<meta name=\"twitter:card\" content=\"summary_large_image\" \/>\n<meta name=\"twitter:label1\" content=\"Precio\" \/>\n\t<meta name=\"twitter:data1\" content=\"&#36;6,336 con IVA\" \/>\n\t<meta name=\"twitter:label2\" content=\"Availability\" \/>\n\t<meta name=\"twitter:data2\" content=\"Out of stock\" \/>\n<script type=\"application\/ld+json\" class=\"yoast-schema-graph\">{\"@context\":\"https:\/\/schema.org\",\"@graph\":[{\"@type\":\"WebPage\",\"@id\":\"https:\/\/compuviper.mx\/tienda\/producto\/seagate-st16000nm002h763649175231-disco-duro-interno-exos-x18-16tb-3-5-escritorio-sata3-6gb-s-256mb-7200rpm-24x7-hotplug-nas-nvr-server-datacenter\/\",\"url\":\"https:\/\/compuviper.mx\/tienda\/producto\/seagate-st16000nm002h763649175231-disco-duro-interno-exos-x18-16tb-3-5-escritorio-sata3-6gb-s-256mb-7200rpm-24x7-hotplug-nas-nvr-server-datacenter\/\",\"name\":\"[ Seagate ] &#129351; St16000nm002h,763649175231 Disco Duro Interno Exos X18 16tb 3.5 Escritorio Sata3 6gb\/s 256mb 7200rpm 24x7 Hotplug Nas-nvr-server-datacenter\",\"isPartOf\":{\"@id\":\"https:\/\/compuviper.mx\/tienda\/#website\"},\"datePublished\":\"2026-04-02T06:38:43+00:00\",\"dateModified\":\"2026-04-03T06:00:12+00:00\",\"description\":\"Compra St16000nm002h,763649175231 Disco Duro Interno Exos X18 16tb 3.5 Escritorio Sata3 6gb\/s 256mb 7200rpm 24x7 Hotplug Nas-nvr-server-datacenter + Env\u00edo a domicilio + Pago seguro + Garant\u00eda\",\"breadcrumb\":{\"@id\":\"https:\/\/compuviper.mx\/tienda\/producto\/seagate-st16000nm002h763649175231-disco-duro-interno-exos-x18-16tb-3-5-escritorio-sata3-6gb-s-256mb-7200rpm-24x7-hotplug-nas-nvr-server-datacenter\/#breadcrumb\"},\"inLanguage\":\"es-MX\",\"potentialAction\":[{\"@type\":\"ReadAction\",\"target\":[\"https:\/\/compuviper.mx\/tienda\/producto\/seagate-st16000nm002h763649175231-disco-duro-interno-exos-x18-16tb-3-5-escritorio-sata3-6gb-s-256mb-7200rpm-24x7-hotplug-nas-nvr-server-datacenter\/\"]}]},{\"@type\":\"BreadcrumbList\",\"@id\":\"https:\/\/compuviper.mx\/tienda\/producto\/seagate-st16000nm002h763649175231-disco-duro-interno-exos-x18-16tb-3-5-escritorio-sata3-6gb-s-256mb-7200rpm-24x7-hotplug-nas-nvr-server-datacenter\/#breadcrumb\",\"itemListElement\":[{\"@type\":\"ListItem\",\"position\":1,\"name\":\"Inicio\",\"item\":\"https:\/\/compuviper.mx\/tienda\/\"},{\"@type\":\"ListItem\",\"position\":2,\"name\":\"Productos\",\"item\":\"https:\/\/compuviper.mx\/tienda\/productos\/\"},{\"@type\":\"ListItem\",\"position\":3,\"name\":\"Discos Duros\",\"item\":\"https:\/\/compuviper.mx\/tienda\/categoria-producto\/discos-duros\/\"},{\"@type\":\"ListItem\",\"position\":4,\"name\":\"Disco Duro\",\"item\":\"https:\/\/compuviper.mx\/tienda\/categoria-producto\/discos-duros\/disco-duro\/\"},{\"@type\":\"ListItem\",\"position\":5,\"name\":\"Seagate St16000nm002h,763649175231 Disco Duro Interno Exos X18 16tb 3.5 Escritorio Sata3 6gb\/s 256mb 7200rpm 24&#215;7 Hotplug Nas-nvr-server-datacenter\"}]},{\"@type\":\"WebSite\",\"@id\":\"https:\/\/compuviper.mx\/tienda\/#website\",\"url\":\"https:\/\/compuviper.mx\/tienda\/\",\"name\":\"Compuviper\",\"description\":\"Proveedor de Computadoras, Laptops, Servidores, Monitores, Puntos de Venta, Teclados,   Impresoras, T\u00f3ner, C\u00e1maras de Seguridad y m\u00e1s en tu tienda en l\u00ednea\",\"publisher\":{\"@id\":\"https:\/\/compuviper.mx\/tienda\/#organization\"},\"potentialAction\":[{\"@type\":\"SearchAction\",\"target\":{\"@type\":\"EntryPoint\",\"urlTemplate\":\"https:\/\/compuviper.mx\/tienda\/?s={search_term_string}\"},\"query-input\":\"required name=search_term_string\"}],\"inLanguage\":\"es-MX\"},{\"@type\":\"Organization\",\"@id\":\"https:\/\/compuviper.mx\/tienda\/#organization\",\"name\":\"Compuviper\",\"url\":\"https:\/\/compuviper.mx\/tienda\/\",\"logo\":{\"@type\":\"ImageObject\",\"inLanguage\":\"es-MX\",\"@id\":\"https:\/\/compuviper.mx\/tienda\/#\/schema\/logo\/image\/\",\"url\":\"https:\/\/compuviper.mx\/tienda\/wp-content\/uploads\/2021\/08\/Logo-Compuviper-10.png\",\"contentUrl\":\"https:\/\/compuviper.mx\/tienda\/wp-content\/uploads\/2021\/08\/Logo-Compuviper-10.png\",\"width\":1000,\"height\":500,\"caption\":\"Compuviper\"},\"image\":{\"@id\":\"https:\/\/compuviper.mx\/tienda\/#\/schema\/logo\/image\/\"},\"sameAs\":[\"https:\/\/www.facebook.com\/compuviper\",\"https:\/\/www.youtube.com\/channel\/UCf73dERp9Y3cfOq7q8BhLjA?view_as=subscriber\"]}]}<\/script>\n<meta property=\"product:brand\" content=\"SEAGATE\" \/>\n<meta property=\"product:price:amount\" content=\"6336\" \/>\n<meta property=\"product:price:currency\" content=\"MXN\" \/>\n<meta property=\"og:availability\" content=\"out of stock\" \/>\n<meta property=\"product:availability\" content=\"out of stock\" \/>\n<meta property=\"product:retailer_item_id\" content=\"ST16000NM002H,763649175231\" \/>\n<meta property=\"product:condition\" content=\"new\" \/>\n<!-- \/ Yoast SEO plugin. -->","yoast_head_json":{"title":"[ Seagate ] &#129351; St16000nm002h,763649175231 Disco Duro Interno Exos X18 16tb 3.5 Escritorio Sata3 6gb\/s 256mb 7200rpm 24x7 Hotplug Nas-nvr-server-datacenter","description":"Compra St16000nm002h,763649175231 Disco Duro Interno Exos X18 16tb 3.5 Escritorio Sata3 6gb\/s 256mb 7200rpm 24x7 Hotplug Nas-nvr-server-datacenter + Env\u00edo a domicilio + Pago seguro + Garant\u00eda","robots":{"index":"index","follow":"follow","max-snippet":"max-snippet:-1","max-image-preview":"max-image-preview:large","max-video-preview":"max-video-preview:-1"},"canonical":"https:\/\/compuviper.mx\/tienda\/producto\/seagate-st16000nm002h763649175231-disco-duro-interno-exos-x18-16tb-3-5-escritorio-sata3-6gb-s-256mb-7200rpm-24x7-hotplug-nas-nvr-server-datacenter\/","og_locale":"es_MX","og_type":"article","og_title":"[ Seagate ] &#129351; St16000nm002h,763649175231 Disco Duro Interno Exos X18 16tb 3.5 Escritorio Sata3 6gb\/s 256mb 7200rpm 24x7 Hotplug Nas-nvr-server-datacenter","og_description":"Compra St16000nm002h,763649175231 Disco Duro Interno Exos X18 16tb 3.5 Escritorio Sata3 6gb\/s 256mb 7200rpm 24x7 Hotplug Nas-nvr-server-datacenter + Env\u00edo a domicilio + Pago seguro + Garant\u00eda","og_url":"https:\/\/compuviper.mx\/tienda\/producto\/seagate-st16000nm002h763649175231-disco-duro-interno-exos-x18-16tb-3-5-escritorio-sata3-6gb-s-256mb-7200rpm-24x7-hotplug-nas-nvr-server-datacenter\/","og_site_name":"Compuviper","article_publisher":"https:\/\/www.facebook.com\/compuviper","article_modified_time":"2026-04-03T06:00:12+00:00","og_image":[{"width":200,"height":200,"url":"https:\/\/compuviper.mx\/tienda\/wp-content\/uploads\/2026\/02\/Disco-duro-interno-seagate-exos-x18-16tb-3.5-escritorio-sata3-6gbs-256mb-7200rpm-24x7-hotplug-nas-nvr-server-datacenter.jpg","type":"image\/jpeg"}],"twitter_card":"summary_large_image","twitter_misc":{"Precio":"&#36;6,336 con IVA","Availability":"Out of stock"},"schema":{"@context":"https:\/\/schema.org","@graph":[{"@type":"WebPage","@id":"https:\/\/compuviper.mx\/tienda\/producto\/seagate-st16000nm002h763649175231-disco-duro-interno-exos-x18-16tb-3-5-escritorio-sata3-6gb-s-256mb-7200rpm-24x7-hotplug-nas-nvr-server-datacenter\/","url":"https:\/\/compuviper.mx\/tienda\/producto\/seagate-st16000nm002h763649175231-disco-duro-interno-exos-x18-16tb-3-5-escritorio-sata3-6gb-s-256mb-7200rpm-24x7-hotplug-nas-nvr-server-datacenter\/","name":"[ Seagate ] &#129351; St16000nm002h,763649175231 Disco Duro Interno Exos X18 16tb 3.5 Escritorio Sata3 6gb\/s 256mb 7200rpm 24x7 Hotplug Nas-nvr-server-datacenter","isPartOf":{"@id":"https:\/\/compuviper.mx\/tienda\/#website"},"datePublished":"2026-04-02T06:38:43+00:00","dateModified":"2026-04-03T06:00:12+00:00","description":"Compra St16000nm002h,763649175231 Disco Duro Interno Exos X18 16tb 3.5 Escritorio Sata3 6gb\/s 256mb 7200rpm 24x7 Hotplug Nas-nvr-server-datacenter + Env\u00edo a domicilio + Pago seguro + Garant\u00eda","breadcrumb":{"@id":"https:\/\/compuviper.mx\/tienda\/producto\/seagate-st16000nm002h763649175231-disco-duro-interno-exos-x18-16tb-3-5-escritorio-sata3-6gb-s-256mb-7200rpm-24x7-hotplug-nas-nvr-server-datacenter\/#breadcrumb"},"inLanguage":"es-MX","potentialAction":[{"@type":"ReadAction","target":["https:\/\/compuviper.mx\/tienda\/producto\/seagate-st16000nm002h763649175231-disco-duro-interno-exos-x18-16tb-3-5-escritorio-sata3-6gb-s-256mb-7200rpm-24x7-hotplug-nas-nvr-server-datacenter\/"]}]},{"@type":"BreadcrumbList","@id":"https:\/\/compuviper.mx\/tienda\/producto\/seagate-st16000nm002h763649175231-disco-duro-interno-exos-x18-16tb-3-5-escritorio-sata3-6gb-s-256mb-7200rpm-24x7-hotplug-nas-nvr-server-datacenter\/#breadcrumb","itemListElement":[{"@type":"ListItem","position":1,"name":"Inicio","item":"https:\/\/compuviper.mx\/tienda\/"},{"@type":"ListItem","position":2,"name":"Productos","item":"https:\/\/compuviper.mx\/tienda\/productos\/"},{"@type":"ListItem","position":3,"name":"Discos Duros","item":"https:\/\/compuviper.mx\/tienda\/categoria-producto\/discos-duros\/"},{"@type":"ListItem","position":4,"name":"Disco Duro","item":"https:\/\/compuviper.mx\/tienda\/categoria-producto\/discos-duros\/disco-duro\/"},{"@type":"ListItem","position":5,"name":"Seagate St16000nm002h,763649175231 Disco Duro Interno Exos X18 16tb 3.5 Escritorio Sata3 6gb\/s 256mb 7200rpm 24&#215;7 Hotplug Nas-nvr-server-datacenter"}]},{"@type":"WebSite","@id":"https:\/\/compuviper.mx\/tienda\/#website","url":"https:\/\/compuviper.mx\/tienda\/","name":"Compuviper","description":"Proveedor de Computadoras, Laptops, Servidores, Monitores, Puntos de Venta, Teclados,   Impresoras, T\u00f3ner, C\u00e1maras de Seguridad y m\u00e1s en tu tienda en l\u00ednea","publisher":{"@id":"https:\/\/compuviper.mx\/tienda\/#organization"},"potentialAction":[{"@type":"SearchAction","target":{"@type":"EntryPoint","urlTemplate":"https:\/\/compuviper.mx\/tienda\/?s={search_term_string}"},"query-input":"required name=search_term_string"}],"inLanguage":"es-MX"},{"@type":"Organization","@id":"https:\/\/compuviper.mx\/tienda\/#organization","name":"Compuviper","url":"https:\/\/compuviper.mx\/tienda\/","logo":{"@type":"ImageObject","inLanguage":"es-MX","@id":"https:\/\/compuviper.mx\/tienda\/#\/schema\/logo\/image\/","url":"https:\/\/compuviper.mx\/tienda\/wp-content\/uploads\/2021\/08\/Logo-Compuviper-10.png","contentUrl":"https:\/\/compuviper.mx\/tienda\/wp-content\/uploads\/2021\/08\/Logo-Compuviper-10.png","width":1000,"height":500,"caption":"Compuviper"},"image":{"@id":"https:\/\/compuviper.mx\/tienda\/#\/schema\/logo\/image\/"},"sameAs":["https:\/\/www.facebook.com\/compuviper","https:\/\/www.youtube.com\/channel\/UCf73dERp9Y3cfOq7q8BhLjA?view_as=subscriber"]}]},"product_brand":"SEAGATE","product_price_amount":"6336","product_price_currency":"MXN","og_availability":"out of stock","product_availability":"out of stock","product_retailer_item_id":"ST16000NM002H,763649175231","product_condition":"new"},"_links":{"self":[{"href":"https:\/\/compuviper.mx\/tienda\/wp-json\/wp\/v2\/product\/266672"}],"collection":[{"href":"https:\/\/compuviper.mx\/tienda\/wp-json\/wp\/v2\/product"}],"about":[{"href":"https:\/\/compuviper.mx\/tienda\/wp-json\/wp\/v2\/types\/product"}],"replies":[{"embeddable":true,"href":"https:\/\/compuviper.mx\/tienda\/wp-json\/wp\/v2\/comments?post=266672"}],"wp:featuredmedia":[{"embeddable":true,"href":"https:\/\/compuviper.mx\/tienda\/wp-json\/wp\/v2\/media\/266673"}],"wp:attachment":[{"href":"https:\/\/compuviper.mx\/tienda\/wp-json\/wp\/v2\/media?parent=266672"}],"wp:term":[{"taxonomy":"product_cat","embeddable":true,"href":"https:\/\/compuviper.mx\/tienda\/wp-json\/wp\/v2\/product_cat?post=266672"},{"taxonomy":"product_tag","embeddable":true,"href":"https:\/\/compuviper.mx\/tienda\/wp-json\/wp\/v2\/product_tag?post=266672"}],"curies":[{"name":"wp","href":"https:\/\/api.w.org\/{rel}","templated":true}]}}