{"id":266658,"date":"2026-04-18T00:24:49","date_gmt":"2026-04-18T06:24:49","guid":{"rendered":"https:\/\/compuviper.mx\/tienda\/producto\/ezviz-cs-c6n-1080p-mini-camara-ip-pt-2-megapixeles-wi-fi-seguimiento-inteligente-audio-de-dos-vias-notificacion-push-ranura-para-memoria-uso-en-interior\/"},"modified":"2026-04-18T00:24:50","modified_gmt":"2026-04-18T06:24:50","slug":"ezviz-cs-c6n-1080p-mini-camara-ip-pt-2-megapixeles-wi-fi-seguimiento-inteligente-audio-de-dos-vias-notificacion-push-ranura-para-memoria-uso-en-interior","status":"publish","type":"product","link":"https:\/\/compuviper.mx\/tienda\/producto\/ezviz-cs-c6n-1080p-mini-camara-ip-pt-2-megapixeles-wi-fi-seguimiento-inteligente-audio-de-dos-vias-notificacion-push-ranura-para-memoria-uso-en-interior\/","title":{"rendered":"Ezviz Cs-c6n (1080p) Mini Camara Ip Pt 2 Megapixeles  Wi-fi \/ Seguimiento Inteligente \/ Audio De Dos Vias \/ Notificacion Push \/ Ranura Para Memoria \/ Uso En Interior"},"content":{"rendered":"<table class=\"descripcion\">\n<tr>\n<td>Modelo<\/td>\n<\/tr>\n<tr>\n<td>Cs-c6n-a0-1c2wfr<\/td>\n<\/tr>\n<tr>\n<td>C\u00e1mara<\/td>\n<\/tr>\n<tr>\n<td>Sensor de imagen: cmos de escaneo progresivo de 1\/4.<\/td>\n<\/tr>\n<tr>\n<td>Velocidad de obturaci\u00f3n: obturador autoadaptativo.<\/td>\n<\/tr>\n<tr>\n<td>Lente: 4 mm f2.4; \u00e1ngulo de visi\u00f3n 85\u00b0 diagonal, 75\u00b0 horizontal, 45\u00b0 vertical.<\/td>\n<\/tr>\n<tr>\n<td>Montura del objetivo: m12.<\/td>\n<\/tr>\n<tr>\n<td>D\u00eda y noche: filtro de paso infrarrojo con cambio autom\u00e1tico.<\/td>\n<\/tr>\n<tr>\n<td>Reducci\u00f3n digital del ruido (dnr): reducci\u00f3n digital del ruido 3d.<\/td>\n<\/tr>\n<tr>\n<td>Rango din\u00e1mico amplio (wdr): wdr digital.<\/td>\n<\/tr>\n<tr>\n<td>Compresi\u00f3n<\/td>\n<\/tr>\n<tr>\n<td>Compresi\u00f3n de v\u00eddeo: h.264.<\/td>\n<\/tr>\n<tr>\n<td>Velocidad de bits de v\u00eddeo: full hd, hd y standard con velocidad de bits adaptativa.<\/td>\n<\/tr>\n<tr>\n<td>Imagen<\/td>\n<\/tr>\n<tr>\n<td>Resoluci\u00f3n m\u00e1xima: 1920 \u00d7 1080.<\/td>\n<\/tr>\n<tr>\n<td>Velocidad de fotogramas: hasta 15 fps, autoadaptativa durante la transmisi\u00f3n de red.<\/td>\n<\/tr>\n<tr>\n<td>Red<\/td>\n<\/tr>\n<tr>\n<td>Alarma inteligente: detecci\u00f3n de movimiento.<\/td>\n<\/tr>\n<tr>\n<td>Vinculaci\u00f3n wifi: vinculaci\u00f3n mediante punto de acceso.<\/td>\n<\/tr>\n<tr>\n<td>Protocolo: protocolo patentado por ezviz basado en la nube.<\/td>\n<\/tr>\n<tr>\n<td>Protocolo de interfaz: protocolo patentado por ezviz basado en la nube.<\/td>\n<\/tr>\n<tr>\n<td>Interfaz<\/td>\n<\/tr>\n<tr>\n<td>Almacenamiento: ranura para tarjeta microsd hasta 256 gb.<\/td>\n<\/tr>\n<tr>\n<td>Alimentaci\u00f3n: micro usb.<\/td>\n<\/tr>\n<tr>\n<td>Red por cable: 1 puerto rj45 ethernet autoadaptativo 10\/100 m.<\/td>\n<\/tr>\n<tr>\n<td>Wifi<\/td>\n<\/tr>\n<tr>\n<td>Est\u00e1ndar: ieee 802.11 b\/g\/n.<\/td>\n<\/tr>\n<tr>\n<td>Intervalo de frecuencias: 2,4 ghz a 2,4835 ghz.<\/td>\n<\/tr>\n<tr>\n<td>Ancho de banda del canal: compatible con 20 mhz.<\/td>\n<\/tr>\n<tr>\n<td>Seguridad: wep 64\/128 bits, wpa\/wpa2, wpa-psk\/wpa2-psk.<\/td>\n<\/tr>\n<tr>\n<td>Velocidad de transmisi\u00f3n: 11b hasta 11 mbps, 11g hasta 54 mbps, 11n hasta 72 mbps.<\/td>\n<\/tr>\n<tr>\n<td>General<\/td>\n<\/tr>\n<tr>\n<td>Alimentaci\u00f3n el\u00e9ctrica: 5 v cc \/ 1 a.<\/td>\n<\/tr>\n<tr>\n<td>Consumo de energ\u00eda: hasta 5 w.<\/td>\n<\/tr>\n<tr>\n<td>Alcance del infrarrojo (ir): hasta 10 m.<\/td>\n<\/tr>\n<tr>\n<td>Dimensiones: 88 mm \u00d7 88,2 mm \u00d7 119 mm.<\/td>\n<\/tr>\n<tr>\n<td>Dimensiones del embalaje: 103 mm \u00d7 103 mm \u00d7 168 mm.<\/td>\n<\/tr>\n<tr>\n<td>Peso neto: 218 g.<\/td>\n<\/tr>\n<\/table>\n","protected":false},"excerpt":{"rendered":"<p>La c6n de ezviz incluye una funci\u00f3n ir inteligente que utiliza tecnolog\u00eda infrarroja avanzada para capturar mayor nivel de detalle en condiciones de baja luminosidad. Gracias a su campo de visi\u00f3n de 360 grados y a la funci\u00f3n de seguimiento inteligente, no se perder\u00e1 ning\u00fan movimiento.<\/p>\n","protected":false},"featured_media":0,"comment_status":"open","ping_status":"open","template":"","meta":[],"product_cat":[1681,1608],"product_tag":[2123],"acf":[],"yoast_head":"<!-- This site is optimized with the Yoast SEO plugin v21.7 - https:\/\/yoast.com\/wordpress\/plugins\/seo\/ -->\n<title>[ Ezviz ] &#129351; Cs-c6n (1080p) Mini Camara Ip Pt 2 Megapixeles Wi-fi \/ Seguimiento Inteligente \/ Audio De Dos Vias \/ Notificacion Push \/ Ranura Para Memoria \/ Uso En Interior<\/title>\n<meta name=\"description\" content=\"Compra Cs-c6n (1080p) Mini Camara Ip Pt 2 Megapixeles Wi-fi \/ Seguimiento Inteligente \/ Audio De Dos Vias \/ Notificacion Push \/ Ranura Para Memoria \/ Uso En Interior + Env\u00edo a domicilio + Pago seguro + Garant\u00eda\" \/>\n<meta name=\"robots\" content=\"index, follow, max-snippet:-1, max-image-preview:large, max-video-preview:-1\" \/>\n<link rel=\"canonical\" href=\"https:\/\/compuviper.mx\/tienda\/producto\/ezviz-cs-c6n-1080p-mini-camara-ip-pt-2-megapixeles-wi-fi-seguimiento-inteligente-audio-de-dos-vias-notificacion-push-ranura-para-memoria-uso-en-interior\/\" \/>\n<meta property=\"og:locale\" content=\"es_MX\" \/>\n<meta property=\"og:type\" content=\"article\" \/>\n<meta property=\"og:title\" content=\"[ Ezviz ] &#129351; Cs-c6n (1080p) Mini Camara Ip Pt 2 Megapixeles Wi-fi \/ Seguimiento Inteligente \/ Audio De Dos Vias \/ Notificacion Push \/ Ranura Para Memoria \/ Uso En Interior\" \/>\n<meta property=\"og:description\" content=\"Compra Cs-c6n (1080p) Mini Camara Ip Pt 2 Megapixeles Wi-fi \/ Seguimiento Inteligente \/ Audio De Dos Vias \/ Notificacion Push \/ Ranura Para Memoria \/ Uso En Interior + Env\u00edo a domicilio + Pago seguro + Garant\u00eda\" \/>\n<meta property=\"og:url\" content=\"https:\/\/compuviper.mx\/tienda\/producto\/ezviz-cs-c6n-1080p-mini-camara-ip-pt-2-megapixeles-wi-fi-seguimiento-inteligente-audio-de-dos-vias-notificacion-push-ranura-para-memoria-uso-en-interior\/\" \/>\n<meta property=\"og:site_name\" content=\"Compuviper\" \/>\n<meta property=\"article:publisher\" content=\"https:\/\/www.facebook.com\/compuviper\" \/>\n<meta property=\"article:modified_time\" content=\"2026-04-18T06:24:50+00:00\" \/>\n<meta name=\"twitter:card\" content=\"summary_large_image\" \/>\n<meta name=\"twitter:label1\" content=\"Precio\" \/>\n\t<meta name=\"twitter:data1\" content=\"&#36;398 con IVA\" \/>\n\t<meta name=\"twitter:label2\" content=\"Availability\" \/>\n\t<meta name=\"twitter:data2\" content=\"Out of stock\" \/>\n<script type=\"application\/ld+json\" class=\"yoast-schema-graph\">{\"@context\":\"https:\/\/schema.org\",\"@graph\":[{\"@type\":\"WebPage\",\"@id\":\"https:\/\/compuviper.mx\/tienda\/producto\/ezviz-cs-c6n-1080p-mini-camara-ip-pt-2-megapixeles-wi-fi-seguimiento-inteligente-audio-de-dos-vias-notificacion-push-ranura-para-memoria-uso-en-interior\/\",\"url\":\"https:\/\/compuviper.mx\/tienda\/producto\/ezviz-cs-c6n-1080p-mini-camara-ip-pt-2-megapixeles-wi-fi-seguimiento-inteligente-audio-de-dos-vias-notificacion-push-ranura-para-memoria-uso-en-interior\/\",\"name\":\"[ Ezviz ] &#129351; Cs-c6n (1080p) Mini Camara Ip Pt 2 Megapixeles Wi-fi \/ Seguimiento Inteligente \/ Audio De Dos Vias \/ Notificacion Push \/ Ranura Para Memoria \/ Uso En Interior\",\"isPartOf\":{\"@id\":\"https:\/\/compuviper.mx\/tienda\/#website\"},\"datePublished\":\"2026-04-18T06:24:49+00:00\",\"dateModified\":\"2026-04-18T06:24:50+00:00\",\"description\":\"Compra Cs-c6n (1080p) Mini Camara Ip Pt 2 Megapixeles Wi-fi \/ Seguimiento Inteligente \/ Audio De Dos Vias \/ Notificacion Push \/ Ranura Para Memoria \/ Uso En Interior + Env\u00edo a domicilio + Pago seguro + Garant\u00eda\",\"breadcrumb\":{\"@id\":\"https:\/\/compuviper.mx\/tienda\/producto\/ezviz-cs-c6n-1080p-mini-camara-ip-pt-2-megapixeles-wi-fi-seguimiento-inteligente-audio-de-dos-vias-notificacion-push-ranura-para-memoria-uso-en-interior\/#breadcrumb\"},\"inLanguage\":\"es-MX\",\"potentialAction\":[{\"@type\":\"ReadAction\",\"target\":[\"https:\/\/compuviper.mx\/tienda\/producto\/ezviz-cs-c6n-1080p-mini-camara-ip-pt-2-megapixeles-wi-fi-seguimiento-inteligente-audio-de-dos-vias-notificacion-push-ranura-para-memoria-uso-en-interior\/\"]}]},{\"@type\":\"BreadcrumbList\",\"@id\":\"https:\/\/compuviper.mx\/tienda\/producto\/ezviz-cs-c6n-1080p-mini-camara-ip-pt-2-megapixeles-wi-fi-seguimiento-inteligente-audio-de-dos-vias-notificacion-push-ranura-para-memoria-uso-en-interior\/#breadcrumb\",\"itemListElement\":[{\"@type\":\"ListItem\",\"position\":1,\"name\":\"Inicio\",\"item\":\"https:\/\/compuviper.mx\/tienda\/\"},{\"@type\":\"ListItem\",\"position\":2,\"name\":\"Productos\",\"item\":\"https:\/\/compuviper.mx\/tienda\/productos\/\"},{\"@type\":\"ListItem\",\"position\":3,\"name\":\"Camaras\",\"item\":\"https:\/\/compuviper.mx\/tienda\/categoria-producto\/camaras-2\/\"},{\"@type\":\"ListItem\",\"position\":4,\"name\":\"Camara De Videovigilancia\",\"item\":\"https:\/\/compuviper.mx\/tienda\/categoria-producto\/camaras-2\/camara-de-videovigilancia\/\"},{\"@type\":\"ListItem\",\"position\":5,\"name\":\"Ezviz Cs-c6n (1080p) Mini Camara Ip Pt 2 Megapixeles Wi-fi \/ Seguimiento Inteligente \/ Audio De Dos Vias \/ Notificacion Push \/ Ranura Para Memoria \/ Uso En Interior\"}]},{\"@type\":\"WebSite\",\"@id\":\"https:\/\/compuviper.mx\/tienda\/#website\",\"url\":\"https:\/\/compuviper.mx\/tienda\/\",\"name\":\"Compuviper\",\"description\":\"Proveedor de Computadoras, Laptops, Servidores, Monitores, Puntos de Venta, Teclados,   Impresoras, T\u00f3ner, C\u00e1maras de Seguridad y m\u00e1s en tu tienda en l\u00ednea\",\"publisher\":{\"@id\":\"https:\/\/compuviper.mx\/tienda\/#organization\"},\"potentialAction\":[{\"@type\":\"SearchAction\",\"target\":{\"@type\":\"EntryPoint\",\"urlTemplate\":\"https:\/\/compuviper.mx\/tienda\/?s={search_term_string}\"},\"query-input\":\"required name=search_term_string\"}],\"inLanguage\":\"es-MX\"},{\"@type\":\"Organization\",\"@id\":\"https:\/\/compuviper.mx\/tienda\/#organization\",\"name\":\"Compuviper\",\"url\":\"https:\/\/compuviper.mx\/tienda\/\",\"logo\":{\"@type\":\"ImageObject\",\"inLanguage\":\"es-MX\",\"@id\":\"https:\/\/compuviper.mx\/tienda\/#\/schema\/logo\/image\/\",\"url\":\"https:\/\/compuviper.mx\/tienda\/wp-content\/uploads\/2021\/08\/Logo-Compuviper-10.png\",\"contentUrl\":\"https:\/\/compuviper.mx\/tienda\/wp-content\/uploads\/2021\/08\/Logo-Compuviper-10.png\",\"width\":1000,\"height\":500,\"caption\":\"Compuviper\"},\"image\":{\"@id\":\"https:\/\/compuviper.mx\/tienda\/#\/schema\/logo\/image\/\"},\"sameAs\":[\"https:\/\/www.facebook.com\/compuviper\",\"https:\/\/www.youtube.com\/channel\/UCf73dERp9Y3cfOq7q8BhLjA?view_as=subscriber\"]}]}<\/script>\n<meta property=\"product:brand\" content=\"Ezviz\" \/>\n<meta property=\"product:price:amount\" content=\"398\" \/>\n<meta property=\"product:price:currency\" content=\"MXN\" \/>\n<meta property=\"og:availability\" content=\"out of stock\" \/>\n<meta property=\"product:availability\" content=\"out of stock\" \/>\n<meta property=\"product:retailer_item_id\" content=\"CS-C6N (1080P)\" \/>\n<meta property=\"product:condition\" content=\"new\" \/>\n<!-- \/ Yoast SEO plugin. -->","yoast_head_json":{"title":"[ Ezviz ] &#129351; Cs-c6n (1080p) Mini Camara Ip Pt 2 Megapixeles Wi-fi \/ Seguimiento Inteligente \/ Audio De Dos Vias \/ Notificacion Push \/ Ranura Para Memoria \/ Uso En Interior","description":"Compra Cs-c6n (1080p) Mini Camara Ip Pt 2 Megapixeles Wi-fi \/ Seguimiento Inteligente \/ Audio De Dos Vias \/ Notificacion Push \/ Ranura Para Memoria \/ Uso En Interior + Env\u00edo a domicilio + Pago seguro + Garant\u00eda","robots":{"index":"index","follow":"follow","max-snippet":"max-snippet:-1","max-image-preview":"max-image-preview:large","max-video-preview":"max-video-preview:-1"},"canonical":"https:\/\/compuviper.mx\/tienda\/producto\/ezviz-cs-c6n-1080p-mini-camara-ip-pt-2-megapixeles-wi-fi-seguimiento-inteligente-audio-de-dos-vias-notificacion-push-ranura-para-memoria-uso-en-interior\/","og_locale":"es_MX","og_type":"article","og_title":"[ Ezviz ] &#129351; Cs-c6n (1080p) Mini Camara Ip Pt 2 Megapixeles Wi-fi \/ Seguimiento Inteligente \/ Audio De Dos Vias \/ Notificacion Push \/ Ranura Para Memoria \/ Uso En Interior","og_description":"Compra Cs-c6n (1080p) Mini Camara Ip Pt 2 Megapixeles Wi-fi \/ Seguimiento Inteligente \/ Audio De Dos Vias \/ Notificacion Push \/ Ranura Para Memoria \/ Uso En Interior + Env\u00edo a domicilio + Pago seguro + Garant\u00eda","og_url":"https:\/\/compuviper.mx\/tienda\/producto\/ezviz-cs-c6n-1080p-mini-camara-ip-pt-2-megapixeles-wi-fi-seguimiento-inteligente-audio-de-dos-vias-notificacion-push-ranura-para-memoria-uso-en-interior\/","og_site_name":"Compuviper","article_publisher":"https:\/\/www.facebook.com\/compuviper","article_modified_time":"2026-04-18T06:24:50+00:00","twitter_card":"summary_large_image","twitter_misc":{"Precio":"&#36;398 con IVA","Availability":"Out of stock"},"schema":{"@context":"https:\/\/schema.org","@graph":[{"@type":"WebPage","@id":"https:\/\/compuviper.mx\/tienda\/producto\/ezviz-cs-c6n-1080p-mini-camara-ip-pt-2-megapixeles-wi-fi-seguimiento-inteligente-audio-de-dos-vias-notificacion-push-ranura-para-memoria-uso-en-interior\/","url":"https:\/\/compuviper.mx\/tienda\/producto\/ezviz-cs-c6n-1080p-mini-camara-ip-pt-2-megapixeles-wi-fi-seguimiento-inteligente-audio-de-dos-vias-notificacion-push-ranura-para-memoria-uso-en-interior\/","name":"[ Ezviz ] &#129351; Cs-c6n (1080p) Mini Camara Ip Pt 2 Megapixeles Wi-fi \/ Seguimiento Inteligente \/ Audio De Dos Vias \/ Notificacion Push \/ Ranura Para Memoria \/ Uso En Interior","isPartOf":{"@id":"https:\/\/compuviper.mx\/tienda\/#website"},"datePublished":"2026-04-18T06:24:49+00:00","dateModified":"2026-04-18T06:24:50+00:00","description":"Compra Cs-c6n (1080p) Mini Camara Ip Pt 2 Megapixeles Wi-fi \/ Seguimiento Inteligente \/ Audio De Dos Vias \/ Notificacion Push \/ Ranura Para Memoria \/ Uso En Interior + Env\u00edo a domicilio + Pago seguro + Garant\u00eda","breadcrumb":{"@id":"https:\/\/compuviper.mx\/tienda\/producto\/ezviz-cs-c6n-1080p-mini-camara-ip-pt-2-megapixeles-wi-fi-seguimiento-inteligente-audio-de-dos-vias-notificacion-push-ranura-para-memoria-uso-en-interior\/#breadcrumb"},"inLanguage":"es-MX","potentialAction":[{"@type":"ReadAction","target":["https:\/\/compuviper.mx\/tienda\/producto\/ezviz-cs-c6n-1080p-mini-camara-ip-pt-2-megapixeles-wi-fi-seguimiento-inteligente-audio-de-dos-vias-notificacion-push-ranura-para-memoria-uso-en-interior\/"]}]},{"@type":"BreadcrumbList","@id":"https:\/\/compuviper.mx\/tienda\/producto\/ezviz-cs-c6n-1080p-mini-camara-ip-pt-2-megapixeles-wi-fi-seguimiento-inteligente-audio-de-dos-vias-notificacion-push-ranura-para-memoria-uso-en-interior\/#breadcrumb","itemListElement":[{"@type":"ListItem","position":1,"name":"Inicio","item":"https:\/\/compuviper.mx\/tienda\/"},{"@type":"ListItem","position":2,"name":"Productos","item":"https:\/\/compuviper.mx\/tienda\/productos\/"},{"@type":"ListItem","position":3,"name":"Camaras","item":"https:\/\/compuviper.mx\/tienda\/categoria-producto\/camaras-2\/"},{"@type":"ListItem","position":4,"name":"Camara De Videovigilancia","item":"https:\/\/compuviper.mx\/tienda\/categoria-producto\/camaras-2\/camara-de-videovigilancia\/"},{"@type":"ListItem","position":5,"name":"Ezviz Cs-c6n (1080p) Mini Camara Ip Pt 2 Megapixeles Wi-fi \/ Seguimiento Inteligente \/ Audio De Dos Vias \/ Notificacion Push \/ Ranura Para Memoria \/ Uso En Interior"}]},{"@type":"WebSite","@id":"https:\/\/compuviper.mx\/tienda\/#website","url":"https:\/\/compuviper.mx\/tienda\/","name":"Compuviper","description":"Proveedor de Computadoras, Laptops, Servidores, Monitores, Puntos de Venta, Teclados,   Impresoras, T\u00f3ner, C\u00e1maras de Seguridad y m\u00e1s en tu tienda en l\u00ednea","publisher":{"@id":"https:\/\/compuviper.mx\/tienda\/#organization"},"potentialAction":[{"@type":"SearchAction","target":{"@type":"EntryPoint","urlTemplate":"https:\/\/compuviper.mx\/tienda\/?s={search_term_string}"},"query-input":"required name=search_term_string"}],"inLanguage":"es-MX"},{"@type":"Organization","@id":"https:\/\/compuviper.mx\/tienda\/#organization","name":"Compuviper","url":"https:\/\/compuviper.mx\/tienda\/","logo":{"@type":"ImageObject","inLanguage":"es-MX","@id":"https:\/\/compuviper.mx\/tienda\/#\/schema\/logo\/image\/","url":"https:\/\/compuviper.mx\/tienda\/wp-content\/uploads\/2021\/08\/Logo-Compuviper-10.png","contentUrl":"https:\/\/compuviper.mx\/tienda\/wp-content\/uploads\/2021\/08\/Logo-Compuviper-10.png","width":1000,"height":500,"caption":"Compuviper"},"image":{"@id":"https:\/\/compuviper.mx\/tienda\/#\/schema\/logo\/image\/"},"sameAs":["https:\/\/www.facebook.com\/compuviper","https:\/\/www.youtube.com\/channel\/UCf73dERp9Y3cfOq7q8BhLjA?view_as=subscriber"]}]},"product_brand":"Ezviz","product_price_amount":"398","product_price_currency":"MXN","og_availability":"out of stock","product_availability":"out of stock","product_retailer_item_id":"CS-C6N (1080P)","product_condition":"new"},"_links":{"self":[{"href":"https:\/\/compuviper.mx\/tienda\/wp-json\/wp\/v2\/product\/266658"}],"collection":[{"href":"https:\/\/compuviper.mx\/tienda\/wp-json\/wp\/v2\/product"}],"about":[{"href":"https:\/\/compuviper.mx\/tienda\/wp-json\/wp\/v2\/types\/product"}],"replies":[{"embeddable":true,"href":"https:\/\/compuviper.mx\/tienda\/wp-json\/wp\/v2\/comments?post=266658"}],"wp:attachment":[{"href":"https:\/\/compuviper.mx\/tienda\/wp-json\/wp\/v2\/media?parent=266658"}],"wp:term":[{"taxonomy":"product_cat","embeddable":true,"href":"https:\/\/compuviper.mx\/tienda\/wp-json\/wp\/v2\/product_cat?post=266658"},{"taxonomy":"product_tag","embeddable":true,"href":"https:\/\/compuviper.mx\/tienda\/wp-json\/wp\/v2\/product_tag?post=266658"}],"curies":[{"name":"wp","href":"https:\/\/api.w.org\/{rel}","templated":true}]}}