{"id":266648,"date":"2026-04-25T02:17:53","date_gmt":"2026-04-25T08:17:53","guid":{"rendered":"https:\/\/compuviper.mx\/tienda\/producto\/sharp-display-xp-p621u-w-videoproyector-laser-sharp-3lcd-6200-lm-wuxga-cont-3-000-0001-hdmi-hdbaset-w-hdcp-v1-4-zoom-1-6x-spk-16w-garantia-5-aos\/"},"modified":"2026-04-25T02:17:53","modified_gmt":"2026-04-25T08:17:53","slug":"sharp-display-xp-p621u-w-videoproyector-laser-sharp-3lcd-6200-lm-wuxga-cont-3-000-0001-hdmi-hdbaset-w-hdcp-v1-4-zoom-1-6x-spk-16w-garantia-5-aos","status":"publish","type":"product","link":"https:\/\/compuviper.mx\/tienda\/producto\/sharp-display-xp-p621u-w-videoproyector-laser-sharp-3lcd-6200-lm-wuxga-cont-3-000-0001-hdmi-hdbaset-w-hdcp-v1-4-zoom-1-6x-spk-16w-garantia-5-aos\/","title":{"rendered":"Sharp Display Xp-p621u-w Videoproyector Laser Sharp  3lcd 6200 Lm Wuxga Cont 3 000 0001 Hdmi \/ Hdbaset W-hdcp V1.4\/ Zoom 1.6x \/spk 16w Garantia 5 A?os"},"content":{"rendered":"<table class=\"descripcion\">\n<tr>\n<td>Tecnolog\u00eda de visualizaci\u00f3n pantalla lcd de 0,64<\/td>\n<\/tr>\n<tr>\n<td>Relaci\u00f3n de aspecto 16:10 (compatible con 4:3, 16:9, 21:9)<\/td>\n<\/tr>\n<tr>\n<td>Resoluci\u00f3n de pantalla wuxga 1920&#215;1200<\/td>\n<\/tr>\n<tr>\n<td>Resoluci\u00f3n m\u00e1xima hasta 4k uhd (3840&#215;2160) a 30 hz a trav\u00e9s de hdmi, hdbaset<\/td>\n<\/tr>\n<tr>\n<td>Brillo (t\u00edpico) 6.200 l\u00famenes<\/td>\n<\/tr>\n<tr>\n<td>Brillo (m\u00e1ximo) 6.500 l\u00famenes centrales<\/td>\n<\/tr>\n<tr>\n<td>Relaci\u00f3n de contraste (t\u00edpica) 3.000.000:1 (din\u00e1mico)<\/td>\n<\/tr>\n<tr>\n<td>\u00f3ptico<\/td>\n<\/tr>\n<tr>\n<td>Tipo de l\u00e1ser l\u00e1ser azul con f\u00f3sforo<\/td>\n<\/tr>\n<tr>\n<td>Fuente de luz vida 20.000 horas (hasta el 50% de brillo)<\/td>\n<\/tr>\n<tr>\n<td>Funciones de ajuste de la lente enfoque manual, zoom, desplazamiento horizontal (+\/- 20%) y vertical (+44%)<\/td>\n<\/tr>\n<tr>\n<td>Relaci\u00f3n de proyecci\u00f3n 1.08-1.76:1<\/td>\n<\/tr>\n<tr>\n<td>Distancia de proyecci\u00f3n 2,3 a 22,9 pies \/ 0,7 a 7 m<\/td>\n<\/tr>\n<tr>\n<td>Tama\u00f1o de pantalla admitido (m\u00e1ximo) 30-300 pulgadas \/ 0,762 a 7,6 m<\/td>\n<\/tr>\n<tr>\n<td>Lente (zoom) manual, 1.6x<\/td>\n<\/tr>\n<tr>\n<td>Lente (enfoque) manual<\/td>\n<\/tr>\n<tr>\n<td>Lente (n\u00famero f, n\u00famero f) di\u00e1metro exterior: 1,58-2,02, di\u00e1metro exterior: 15,3-24,6 mm<\/td>\n<\/tr>\n<tr>\n<td>Mec\u00e1nico<\/td>\n<\/tr>\n<tr>\n<td>Orientaci\u00f3n de la instalaci\u00f3n piso\/delantero, piso\/trasero, techo\/delantero, techo\/trasero<\/td>\n<\/tr>\n<tr>\n<td>Correcci\u00f3n trapezoidal +\/- 30\u00b0 horizontal (manual), +\/-30\u00b0 vertical (autom\u00e1tico)<\/td>\n<\/tr>\n<tr>\n<td>Ruido del ventilador 29 db normal \/ 22 db silencioso<\/td>\n<\/tr>\n<tr>\n<td>Compatibilidad\/conectividad de la se\u00f1al<\/td>\n<\/tr>\n<tr>\n<td>Compatibilidad de se\u00f1ales de video sd\/hd 480i, 480p, 576i, 576p, 720p, 1080i, 1080p, 4k uhd<\/td>\n<\/tr>\n<tr>\n<td>Terminales de entrada &#8211; control externo rs-232 (d-sub de 9 pines), ir, lan, hdbaset<\/td>\n<\/tr>\n<tr>\n<td>Terminales de entrada &#8211; rgb1 (digital) hdmi con hdcp (v1.4)<\/td>\n<\/tr>\n<tr>\n<td>Terminales de entrada &#8211; rgb2 (digital) hdmi con hdcp (v1.4)<\/td>\n<\/tr>\n<tr>\n<td>Terminales de entrada &#8211; rgb3 (digital) hdbaset con hdcp (v1.4)<\/td>\n<\/tr>\n<tr>\n<td>Terminales de salida de audio miniconector est\u00e9reo (variable)<\/td>\n<\/tr>\n<tr>\n<td>Consumo de energ\u00eda (t\u00edpico) 315 w \/ 260 w \/ 8 w \/ 0,3 w<\/td>\n<\/tr>\n<tr>\n<td>Corriente de entrada 3,8 a &#8211; 1,6 a<\/td>\n<\/tr>\n<tr>\n<td>Requisitos de energ\u00eda 100-240 v ca, 50\/60 hz<\/td>\n<\/tr>\n<tr>\n<td>Compatibilidad de se\u00f1al de pc vga, svga, xga, wxga, sxga, wuxga<\/td>\n<\/tr>\n<tr>\n<td>Compatibilidad de se\u00f1ales de macintosh s\u00ed<\/td>\n<\/tr>\n<tr>\n<td>Rango de sincronizaci\u00f3n<\/td>\n<\/tr>\n<tr>\n<td>Horizontal 15 a 100 khz<\/td>\n<\/tr>\n<tr>\n<td>Vertical 50 a 120 hz<\/td>\n<\/tr>\n<tr>\n<td>Especificaciones f\u00edsicas<\/td>\n<\/tr>\n<tr>\n<td>Dimensiones (producto) (an. x al. x pr.) 18,9 x 5,6 x 16,0 pulgadas \/ 480 x 143 x 407 mm<\/td>\n<\/tr>\n<tr>\n<td>Dimensiones (env\u00edo) (an. x al. x pr.) 23,3 x 10,2 x 19,3 pulgadas \/ 591 x 259 x 491 mm<\/td>\n<\/tr>\n<tr>\n<td>Peso neto 21 libras \/ 9,6 kg<\/td>\n<\/tr>\n<tr>\n<td>Peso (env\u00edo) 29 libras \/ 13 kg<\/td>\n<\/tr>\n<tr>\n<td>Condiciones ambientales<\/td>\n<\/tr>\n<tr>\n<td>Temperatura de funcionamiento 32-113 \u00b0f \/ 0-45 \u00b0c<\/td>\n<\/tr>\n<tr>\n<td>Humedad de funcionamiento 20 a 80% (sin condensaci\u00f3n)<\/td>\n<\/tr>\n<tr>\n<td>Altitud de operaci\u00f3n 0 a 2600 m (8500 pies),  1600 m\/5500 pies requeridos altitud elevada (modo ventilador)<\/td>\n<\/tr>\n<tr>\n<td>Temperatura de almacenamiento 14-122 \u00b0f \/ -10 50 \u00b0c<\/td>\n<\/tr>\n<tr>\n<td>Humedad de almacenamiento 20% &#8211; 80% (sin condensaci\u00f3n)<\/td>\n<\/tr>\n<tr>\n<td>Altitud de almacenamiento 0-12.000 m \/ 0-39.370 pies (sobre el nivel del mar)<\/td>\n<\/tr>\n<tr>\n<td>Reglamento<\/td>\n<\/tr>\n<tr>\n<td>Ul (62368-1 3.\u00aa ed.), fcc parte 15 clase b, fda aviso l\u00e1ser 57, prop65, tpch<\/td>\n<\/tr>\n<tr>\n<td>Caracter\u00edsticas adicionales<\/td>\n<\/tr>\n<tr>\n<td>Altavoz incorporado de 16 w<\/td>\n<\/tr>\n<tr>\n<td>Encendido y apagado autom\u00e1tico seg\u00fan la detecci\u00f3n de se\u00f1al<\/td>\n<\/tr>\n<tr>\n<td>Soporte de software naviset administrator 2 para la gesti\u00f3n<\/td>\n<\/tr>\n<tr>\n<td>Crestron<\/td>\n<\/tr>\n<tr>\n<td>Amx<\/td>\n<\/tr>\n<tr>\n<td>Soporte de pjlinke<\/td>\n<\/tr>\n<\/table>\n","protected":false},"excerpt":{"rendered":"<p>El sharp p621u es un proyector l\u00e1ser lcd de primera calidad, de la serie b\u00e1sica, dise\u00f1ado para satisfacer las necesidades de instituciones educativas y empresas. El sistema de refrigeraci\u00f3n lcd sellado ip5x patentado por sharp elimina la necesidad de filtros y, combinado con la fuente de luz l\u00e1ser sin mantenimiento, este proyector es pr\u00e1cticamente un proyector de instalaci\u00f3n r\u00e1pida. Otra ventaja del avanzado sistema de refrigeraci\u00f3n de sharp es su funcionamiento silencioso, que elimina las distracciones que a veces causa un proyector m\u00e1s ruidoso. Con 6200 l\u00famenes, resoluci\u00f3n wuxga y una fidelidad de color lcd excepcional, la serie p ofrece im\u00e1genes impresionantes en todo tipo de aplicaciones exigentes. Disfrute de una instalaci\u00f3n flexible y r\u00e1pida gracias al amplio desplazamiento manual de la lente horizontal y vertical, un zoom manual de 1,6x, funci\u00f3n antideslizamiento y entrada hdbaset. Caracter\u00edsticas. El sistema de enfriamiento sellado ip5x proporciona una soluci\u00f3n de proyecci\u00f3n sin filtro. Funcionamiento silencioso para una m\u00ednima distracci\u00f3n. La tecnolog\u00eda lcd y l\u00e1ser ofrece una imagen impresionante y con colores precisos. El desplazamiento manual de la lente horizontal y vertical permite una colocaci\u00f3n flexible del proyector. La entrada hdbaset incorporada proporciona una \u00fanica conexi\u00f3n para video, audio y control. Listo para 4k: muestre contenido impresionante en 4k uhd de 30 hz con el chip de escalado\/procesamiento de video de alto rendimiento patentado de sharp. Admite una relaci\u00f3n de aspecto de 21:9 para espacios de reuni\u00f3n m\u00e1s atractivos. Las caracter\u00edsticas ecol\u00f3gicas, el mantenimiento m\u00ednimo y un dise\u00f1o que ahorra costos significan que estos proyectores son ideales para aplicaciones exigentes en aulas de educaci\u00f3n superior y salas de conferencias corporativas.<\/p>\n","protected":false},"featured_media":0,"comment_status":"open","ping_status":"open","template":"","meta":[],"product_cat":[1844,1843],"product_tag":[2237],"acf":[],"yoast_head":"<!-- This site is optimized with the Yoast SEO plugin v21.7 - https:\/\/yoast.com\/wordpress\/plugins\/seo\/ -->\n<title>[ Sharp Display ] &#129351; Xp-p621u-w Videoproyector Laser Sharp 3lcd 6200 Lm Wuxga Cont 3 000 0001 Hdmi \/ Hdbaset W-hdcp V1.4\/ Zoom 1.6x \/spk 16w Garantia 5 A\u00f1os<\/title>\n<meta name=\"description\" content=\"Compra Xp-p621u-w Videoproyector Laser Sharp 3lcd 6200 Lm Wuxga Cont 3 000 0001 Hdmi \/ Hdbaset W-hdcp V1.4\/ Zoom 1.6x \/spk 16w Garantia 5 A\u00f1os + Env\u00edo a domicilio + Pago seguro + Garant\u00eda\" \/>\n<meta name=\"robots\" content=\"index, follow, max-snippet:-1, max-image-preview:large, max-video-preview:-1\" \/>\n<link rel=\"canonical\" href=\"https:\/\/compuviper.mx\/tienda\/producto\/sharp-display-xp-p621u-w-videoproyector-laser-sharp-3lcd-6200-lm-wuxga-cont-3-000-0001-hdmi-hdbaset-w-hdcp-v1-4-zoom-1-6x-spk-16w-garantia-5-aos\/\" \/>\n<meta property=\"og:locale\" content=\"es_MX\" \/>\n<meta property=\"og:type\" content=\"article\" \/>\n<meta property=\"og:title\" content=\"[ Sharp Display ] &#129351; Xp-p621u-w Videoproyector Laser Sharp 3lcd 6200 Lm Wuxga Cont 3 000 0001 Hdmi \/ Hdbaset W-hdcp V1.4\/ Zoom 1.6x \/spk 16w Garantia 5 A\u00f1os\" \/>\n<meta property=\"og:description\" content=\"Compra Xp-p621u-w Videoproyector Laser Sharp 3lcd 6200 Lm Wuxga Cont 3 000 0001 Hdmi \/ Hdbaset W-hdcp V1.4\/ Zoom 1.6x \/spk 16w Garantia 5 A\u00f1os + Env\u00edo a domicilio + Pago seguro + Garant\u00eda\" \/>\n<meta property=\"og:url\" content=\"https:\/\/compuviper.mx\/tienda\/producto\/sharp-display-xp-p621u-w-videoproyector-laser-sharp-3lcd-6200-lm-wuxga-cont-3-000-0001-hdmi-hdbaset-w-hdcp-v1-4-zoom-1-6x-spk-16w-garantia-5-aos\/\" \/>\n<meta property=\"og:site_name\" content=\"Compuviper\" \/>\n<meta property=\"article:publisher\" content=\"https:\/\/www.facebook.com\/compuviper\" \/>\n<meta name=\"twitter:card\" content=\"summary_large_image\" \/>\n<meta name=\"twitter:label1\" content=\"Precio\" \/>\n\t<meta name=\"twitter:data1\" content=\"&#36;55,331 &#36;51,458 con IVA\" \/>\n\t<meta name=\"twitter:label2\" content=\"Availability\" \/>\n\t<meta name=\"twitter:data2\" content=\"Out of stock\" \/>\n<script type=\"application\/ld+json\" class=\"yoast-schema-graph\">{\"@context\":\"https:\/\/schema.org\",\"@graph\":[{\"@type\":\"WebPage\",\"@id\":\"https:\/\/compuviper.mx\/tienda\/producto\/sharp-display-xp-p621u-w-videoproyector-laser-sharp-3lcd-6200-lm-wuxga-cont-3-000-0001-hdmi-hdbaset-w-hdcp-v1-4-zoom-1-6x-spk-16w-garantia-5-aos\/\",\"url\":\"https:\/\/compuviper.mx\/tienda\/producto\/sharp-display-xp-p621u-w-videoproyector-laser-sharp-3lcd-6200-lm-wuxga-cont-3-000-0001-hdmi-hdbaset-w-hdcp-v1-4-zoom-1-6x-spk-16w-garantia-5-aos\/\",\"name\":\"[ Sharp Display ] &#129351; Xp-p621u-w Videoproyector Laser Sharp 3lcd 6200 Lm Wuxga Cont 3 000 0001 Hdmi \/ Hdbaset W-hdcp V1.4\/ Zoom 1.6x \/spk 16w Garantia 5 A\u00f1os\",\"isPartOf\":{\"@id\":\"https:\/\/compuviper.mx\/tienda\/#website\"},\"datePublished\":\"2026-04-25T08:17:53+00:00\",\"dateModified\":\"2026-04-25T08:17:53+00:00\",\"description\":\"Compra Xp-p621u-w Videoproyector Laser Sharp 3lcd 6200 Lm Wuxga Cont 3 000 0001 Hdmi \/ Hdbaset W-hdcp V1.4\/ Zoom 1.6x \/spk 16w Garantia 5 A\u00f1os + Env\u00edo a domicilio + Pago seguro + Garant\u00eda\",\"breadcrumb\":{\"@id\":\"https:\/\/compuviper.mx\/tienda\/producto\/sharp-display-xp-p621u-w-videoproyector-laser-sharp-3lcd-6200-lm-wuxga-cont-3-000-0001-hdmi-hdbaset-w-hdcp-v1-4-zoom-1-6x-spk-16w-garantia-5-aos\/#breadcrumb\"},\"inLanguage\":\"es-MX\",\"potentialAction\":[{\"@type\":\"ReadAction\",\"target\":[\"https:\/\/compuviper.mx\/tienda\/producto\/sharp-display-xp-p621u-w-videoproyector-laser-sharp-3lcd-6200-lm-wuxga-cont-3-000-0001-hdmi-hdbaset-w-hdcp-v1-4-zoom-1-6x-spk-16w-garantia-5-aos\/\"]}]},{\"@type\":\"BreadcrumbList\",\"@id\":\"https:\/\/compuviper.mx\/tienda\/producto\/sharp-display-xp-p621u-w-videoproyector-laser-sharp-3lcd-6200-lm-wuxga-cont-3-000-0001-hdmi-hdbaset-w-hdcp-v1-4-zoom-1-6x-spk-16w-garantia-5-aos\/#breadcrumb\",\"itemListElement\":[{\"@type\":\"ListItem\",\"position\":1,\"name\":\"Inicio\",\"item\":\"https:\/\/compuviper.mx\/tienda\/\"},{\"@type\":\"ListItem\",\"position\":2,\"name\":\"Productos\",\"item\":\"https:\/\/compuviper.mx\/tienda\/productos\/\"},{\"@type\":\"ListItem\",\"position\":3,\"name\":\"Videoproyector\",\"item\":\"https:\/\/compuviper.mx\/tienda\/categoria-producto\/videoproyector\/\"},{\"@type\":\"ListItem\",\"position\":4,\"name\":\"Basico\",\"item\":\"https:\/\/compuviper.mx\/tienda\/categoria-producto\/videoproyector\/basico-videoproyector\/\"},{\"@type\":\"ListItem\",\"position\":5,\"name\":\"Sharp Display Xp-p621u-w Videoproyector Laser Sharp 3lcd 6200 Lm Wuxga Cont 3 000 0001 Hdmi \/ Hdbaset W-hdcp V1.4\/ Zoom 1.6x \/spk 16w Garantia 5 A?os\"}]},{\"@type\":\"WebSite\",\"@id\":\"https:\/\/compuviper.mx\/tienda\/#website\",\"url\":\"https:\/\/compuviper.mx\/tienda\/\",\"name\":\"Compuviper\",\"description\":\"Proveedor de Computadoras, Laptops, Servidores, Monitores, Puntos de Venta, Teclados,   Impresoras, T\u00f3ner, C\u00e1maras de Seguridad y m\u00e1s en tu tienda en l\u00ednea\",\"publisher\":{\"@id\":\"https:\/\/compuviper.mx\/tienda\/#organization\"},\"potentialAction\":[{\"@type\":\"SearchAction\",\"target\":{\"@type\":\"EntryPoint\",\"urlTemplate\":\"https:\/\/compuviper.mx\/tienda\/?s={search_term_string}\"},\"query-input\":\"required name=search_term_string\"}],\"inLanguage\":\"es-MX\"},{\"@type\":\"Organization\",\"@id\":\"https:\/\/compuviper.mx\/tienda\/#organization\",\"name\":\"Compuviper\",\"url\":\"https:\/\/compuviper.mx\/tienda\/\",\"logo\":{\"@type\":\"ImageObject\",\"inLanguage\":\"es-MX\",\"@id\":\"https:\/\/compuviper.mx\/tienda\/#\/schema\/logo\/image\/\",\"url\":\"https:\/\/compuviper.mx\/tienda\/wp-content\/uploads\/2021\/08\/Logo-Compuviper-10.png\",\"contentUrl\":\"https:\/\/compuviper.mx\/tienda\/wp-content\/uploads\/2021\/08\/Logo-Compuviper-10.png\",\"width\":1000,\"height\":500,\"caption\":\"Compuviper\"},\"image\":{\"@id\":\"https:\/\/compuviper.mx\/tienda\/#\/schema\/logo\/image\/\"},\"sameAs\":[\"https:\/\/www.facebook.com\/compuviper\",\"https:\/\/www.youtube.com\/channel\/UCf73dERp9Y3cfOq7q8BhLjA?view_as=subscriber\"]}]}<\/script>\n<meta property=\"product:brand\" content=\"Sharp Display\" \/>\n<meta property=\"product:price:amount\" content=\"51458\" \/>\n<meta property=\"product:price:currency\" content=\"MXN\" \/>\n<meta property=\"og:availability\" content=\"out of stock\" \/>\n<meta property=\"product:availability\" content=\"out of stock\" \/>\n<meta property=\"product:retailer_item_id\" content=\"XP-P621U-W\" \/>\n<meta property=\"product:condition\" content=\"new\" \/>\n<!-- \/ Yoast SEO plugin. -->","yoast_head_json":{"title":"[ Sharp Display ] &#129351; Xp-p621u-w Videoproyector Laser Sharp 3lcd 6200 Lm Wuxga Cont 3 000 0001 Hdmi \/ Hdbaset W-hdcp V1.4\/ Zoom 1.6x \/spk 16w Garantia 5 A\u00f1os","description":"Compra Xp-p621u-w Videoproyector Laser Sharp 3lcd 6200 Lm Wuxga Cont 3 000 0001 Hdmi \/ Hdbaset W-hdcp V1.4\/ Zoom 1.6x \/spk 16w Garantia 5 A\u00f1os + Env\u00edo a domicilio + Pago seguro + Garant\u00eda","robots":{"index":"index","follow":"follow","max-snippet":"max-snippet:-1","max-image-preview":"max-image-preview:large","max-video-preview":"max-video-preview:-1"},"canonical":"https:\/\/compuviper.mx\/tienda\/producto\/sharp-display-xp-p621u-w-videoproyector-laser-sharp-3lcd-6200-lm-wuxga-cont-3-000-0001-hdmi-hdbaset-w-hdcp-v1-4-zoom-1-6x-spk-16w-garantia-5-aos\/","og_locale":"es_MX","og_type":"article","og_title":"[ Sharp Display ] &#129351; Xp-p621u-w Videoproyector Laser Sharp 3lcd 6200 Lm Wuxga Cont 3 000 0001 Hdmi \/ Hdbaset W-hdcp V1.4\/ Zoom 1.6x \/spk 16w Garantia 5 A\u00f1os","og_description":"Compra Xp-p621u-w Videoproyector Laser Sharp 3lcd 6200 Lm Wuxga Cont 3 000 0001 Hdmi \/ Hdbaset W-hdcp V1.4\/ Zoom 1.6x \/spk 16w Garantia 5 A\u00f1os + Env\u00edo a domicilio + Pago seguro + Garant\u00eda","og_url":"https:\/\/compuviper.mx\/tienda\/producto\/sharp-display-xp-p621u-w-videoproyector-laser-sharp-3lcd-6200-lm-wuxga-cont-3-000-0001-hdmi-hdbaset-w-hdcp-v1-4-zoom-1-6x-spk-16w-garantia-5-aos\/","og_site_name":"Compuviper","article_publisher":"https:\/\/www.facebook.com\/compuviper","twitter_card":"summary_large_image","twitter_misc":{"Precio":"&#36;55,331 &#36;51,458 con IVA","Availability":"Out of stock"},"schema":{"@context":"https:\/\/schema.org","@graph":[{"@type":"WebPage","@id":"https:\/\/compuviper.mx\/tienda\/producto\/sharp-display-xp-p621u-w-videoproyector-laser-sharp-3lcd-6200-lm-wuxga-cont-3-000-0001-hdmi-hdbaset-w-hdcp-v1-4-zoom-1-6x-spk-16w-garantia-5-aos\/","url":"https:\/\/compuviper.mx\/tienda\/producto\/sharp-display-xp-p621u-w-videoproyector-laser-sharp-3lcd-6200-lm-wuxga-cont-3-000-0001-hdmi-hdbaset-w-hdcp-v1-4-zoom-1-6x-spk-16w-garantia-5-aos\/","name":"[ Sharp Display ] &#129351; Xp-p621u-w Videoproyector Laser Sharp 3lcd 6200 Lm Wuxga Cont 3 000 0001 Hdmi \/ Hdbaset W-hdcp V1.4\/ Zoom 1.6x \/spk 16w Garantia 5 A\u00f1os","isPartOf":{"@id":"https:\/\/compuviper.mx\/tienda\/#website"},"datePublished":"2026-04-25T08:17:53+00:00","dateModified":"2026-04-25T08:17:53+00:00","description":"Compra Xp-p621u-w Videoproyector Laser Sharp 3lcd 6200 Lm Wuxga Cont 3 000 0001 Hdmi \/ Hdbaset W-hdcp V1.4\/ Zoom 1.6x \/spk 16w Garantia 5 A\u00f1os + Env\u00edo a domicilio + Pago seguro + Garant\u00eda","breadcrumb":{"@id":"https:\/\/compuviper.mx\/tienda\/producto\/sharp-display-xp-p621u-w-videoproyector-laser-sharp-3lcd-6200-lm-wuxga-cont-3-000-0001-hdmi-hdbaset-w-hdcp-v1-4-zoom-1-6x-spk-16w-garantia-5-aos\/#breadcrumb"},"inLanguage":"es-MX","potentialAction":[{"@type":"ReadAction","target":["https:\/\/compuviper.mx\/tienda\/producto\/sharp-display-xp-p621u-w-videoproyector-laser-sharp-3lcd-6200-lm-wuxga-cont-3-000-0001-hdmi-hdbaset-w-hdcp-v1-4-zoom-1-6x-spk-16w-garantia-5-aos\/"]}]},{"@type":"BreadcrumbList","@id":"https:\/\/compuviper.mx\/tienda\/producto\/sharp-display-xp-p621u-w-videoproyector-laser-sharp-3lcd-6200-lm-wuxga-cont-3-000-0001-hdmi-hdbaset-w-hdcp-v1-4-zoom-1-6x-spk-16w-garantia-5-aos\/#breadcrumb","itemListElement":[{"@type":"ListItem","position":1,"name":"Inicio","item":"https:\/\/compuviper.mx\/tienda\/"},{"@type":"ListItem","position":2,"name":"Productos","item":"https:\/\/compuviper.mx\/tienda\/productos\/"},{"@type":"ListItem","position":3,"name":"Videoproyector","item":"https:\/\/compuviper.mx\/tienda\/categoria-producto\/videoproyector\/"},{"@type":"ListItem","position":4,"name":"Basico","item":"https:\/\/compuviper.mx\/tienda\/categoria-producto\/videoproyector\/basico-videoproyector\/"},{"@type":"ListItem","position":5,"name":"Sharp Display Xp-p621u-w Videoproyector Laser Sharp 3lcd 6200 Lm Wuxga Cont 3 000 0001 Hdmi \/ Hdbaset W-hdcp V1.4\/ Zoom 1.6x \/spk 16w Garantia 5 A?os"}]},{"@type":"WebSite","@id":"https:\/\/compuviper.mx\/tienda\/#website","url":"https:\/\/compuviper.mx\/tienda\/","name":"Compuviper","description":"Proveedor de Computadoras, Laptops, Servidores, Monitores, Puntos de Venta, Teclados,   Impresoras, T\u00f3ner, C\u00e1maras de Seguridad y m\u00e1s en tu tienda en l\u00ednea","publisher":{"@id":"https:\/\/compuviper.mx\/tienda\/#organization"},"potentialAction":[{"@type":"SearchAction","target":{"@type":"EntryPoint","urlTemplate":"https:\/\/compuviper.mx\/tienda\/?s={search_term_string}"},"query-input":"required name=search_term_string"}],"inLanguage":"es-MX"},{"@type":"Organization","@id":"https:\/\/compuviper.mx\/tienda\/#organization","name":"Compuviper","url":"https:\/\/compuviper.mx\/tienda\/","logo":{"@type":"ImageObject","inLanguage":"es-MX","@id":"https:\/\/compuviper.mx\/tienda\/#\/schema\/logo\/image\/","url":"https:\/\/compuviper.mx\/tienda\/wp-content\/uploads\/2021\/08\/Logo-Compuviper-10.png","contentUrl":"https:\/\/compuviper.mx\/tienda\/wp-content\/uploads\/2021\/08\/Logo-Compuviper-10.png","width":1000,"height":500,"caption":"Compuviper"},"image":{"@id":"https:\/\/compuviper.mx\/tienda\/#\/schema\/logo\/image\/"},"sameAs":["https:\/\/www.facebook.com\/compuviper","https:\/\/www.youtube.com\/channel\/UCf73dERp9Y3cfOq7q8BhLjA?view_as=subscriber"]}]},"product_brand":"Sharp Display","product_price_amount":"51458","product_price_currency":"MXN","og_availability":"out of stock","product_availability":"out of stock","product_retailer_item_id":"XP-P621U-W","product_condition":"new"},"_links":{"self":[{"href":"https:\/\/compuviper.mx\/tienda\/wp-json\/wp\/v2\/product\/266648"}],"collection":[{"href":"https:\/\/compuviper.mx\/tienda\/wp-json\/wp\/v2\/product"}],"about":[{"href":"https:\/\/compuviper.mx\/tienda\/wp-json\/wp\/v2\/types\/product"}],"replies":[{"embeddable":true,"href":"https:\/\/compuviper.mx\/tienda\/wp-json\/wp\/v2\/comments?post=266648"}],"wp:attachment":[{"href":"https:\/\/compuviper.mx\/tienda\/wp-json\/wp\/v2\/media?parent=266648"}],"wp:term":[{"taxonomy":"product_cat","embeddable":true,"href":"https:\/\/compuviper.mx\/tienda\/wp-json\/wp\/v2\/product_cat?post=266648"},{"taxonomy":"product_tag","embeddable":true,"href":"https:\/\/compuviper.mx\/tienda\/wp-json\/wp\/v2\/product_tag?post=266648"}],"curies":[{"name":"wp","href":"https:\/\/api.w.org\/{rel}","templated":true}]}}