{"id":266577,"date":"2026-04-16T01:17:01","date_gmt":"2026-04-16T07:17:01","guid":{"rendered":"https:\/\/compuviper.mx\/tienda\/producto\/msi-prestige-16-ai-evo-b2vmg-223mx-ultrabook-prestige-16-ai-16-uhd-intel-core-ultra-5-226v-hasta-4-5ghz-lpddr5-16gb-no-upgrade-1tb-ssd-win-11-pro-copilot-pc-incluye-backpack\/"},"modified":"2026-04-16T01:17:01","modified_gmt":"2026-04-16T07:17:01","slug":"msi-prestige-16-ai-evo-b2vmg-223mx-laptop-ultrabook-prestige-16-ai-16-uhd-intel-core-ultra-5-226v-hasta-4-5ghz-lpddr5-16gb-no-upgrade-1tb-ssd-win-11-pro-copilot-pc-incluye-backpack","status":"publish","type":"product","link":"https:\/\/compuviper.mx\/tienda\/producto\/msi-prestige-16-ai-evo-b2vmg-223mx-laptop-ultrabook-prestige-16-ai-16-uhd-intel-core-ultra-5-226v-hasta-4-5ghz-lpddr5-16gb-no-upgrade-1tb-ssd-win-11-pro-copilot-pc-incluye-backpack\/","title":{"rendered":"Msi Prestige 16 Ai+ Evo B2vmg-223mx Laptop Ultrabook  Prestige 16 Ai+\/ 16 Uhd \/ Intel Core Ultra 5 226v Hasta 4.5ghz \/ Lpddr5 16gb (no Upgrade) \/ 1tb Ssd \/ Win 11 Pro (copilot+ Pc)\/ Incluye Backpack"},"content":{"rendered":"<table class=\"descripcion\">\n<tr>\n<td>Modelo prestige 16 ai+ evo b2vmg-223mx<\/td>\n<\/tr>\n<tr>\n<td>P\/n 9s7-15a341-223<\/td>\n<\/tr>\n<tr>\n<td>Project code ms-15a3<\/td>\n<\/tr>\n<tr>\n<td>Color stellar gray<\/td>\n<\/tr>\n<tr>\n<td>Pantalla 16 uhd+(3840&#215;2400), 60hz, 100% dci-p3 ips-level uhd+<\/td>\n<\/tr>\n<tr>\n<td>Resoluci\u00f3n \/ aspecto 3840&#215;2400<\/td>\n<\/tr>\n<tr>\n<td>G-sync na<\/td>\n<\/tr>\n<tr>\n<td>Cpu intel core ultra 5 226v<\/td>\n<\/tr>\n<tr>\n<td>Frecuencia del cpu hasta 4.50 ghz<\/td>\n<\/tr>\n<tr>\n<td>Chipset integrated soc<\/td>\n<\/tr>\n<tr>\n<td>Lista para vr na<\/td>\n<\/tr>\n<tr>\n<td>Tarjeta de video intel arc 130v gpu<\/td>\n<\/tr>\n<tr>\n<td>Vram 8gb<\/td>\n<\/tr>\n<tr>\n<td>Memoria en el sistema lpddr5x 16gb (no upgrade)<\/td>\n<\/tr>\n<tr>\n<td>Sodimm no upgrade<\/td>\n<\/tr>\n<tr>\n<td>Hdd\/ssd 1tb ssd<\/td>\n<\/tr>\n<tr>\n<td>Format nvme ssd pcie gen4<\/td>\n<\/tr>\n<tr>\n<td>Fingerprint si<\/td>\n<\/tr>\n<tr>\n<td>Lan gb lan<\/td>\n<\/tr>\n<tr>\n<td>Wireless intel killer wi-fi 7<\/td>\n<\/tr>\n<tr>\n<td>Bluetooth bt 5.4<\/td>\n<\/tr>\n<tr>\n<td>Lector de tarjetas sd express card reader<\/td>\n<\/tr>\n<tr>\n<td>Salida hdmi hdmi\u0099 2.1 (8k @ 60hz \/ 4k @ 120hz)<\/td>\n<\/tr>\n<tr>\n<td>Mini-display port na<\/td>\n<\/tr>\n<tr>\n<td>Usb tipo c 2x thunderbolt\u0099 4 (displayport\/ power delivery 3.0)<\/td>\n<\/tr>\n<tr>\n<td>Usb 1x type-a usb3.2 gen2<\/td>\n<\/tr>\n<tr>\n<td>Teclado single backlit keyboard (white) with copilot key<\/td>\n<\/tr>\n<tr>\n<td>Touch pad silky smooth touchpad<\/td>\n<\/tr>\n<tr>\n<td>Entrada micr\u00f3fono \/ salida aud\u00edfono mic-in\/headphone-out combo<\/td>\n<\/tr>\n<tr>\n<td>Bocinas speakers 2w*2<\/td>\n<\/tr>\n<tr>\n<td>Webcam ir 5mp type (30fps@1944p)<\/td>\n<\/tr>\n<tr>\n<td>Bater\u00eda 4 cell (99.9whr)<\/td>\n<\/tr>\n<tr>\n<td>Adaptador de corriente si 100w<\/td>\n<\/tr>\n<tr>\n<td>Sistema operativo windows 11 pro (copilot+ pc)<\/td>\n<\/tr>\n<tr>\n<td>Energy star si<\/td>\n<\/tr>\n<tr>\n<td>Peso unidad 1.5 kg<\/td>\n<\/tr>\n<tr>\n<td>Dimensiones unidad 358.4 x 254.4 x 18.95 mm<\/td>\n<\/tr>\n<tr>\n<td>Dimensiones con caja 499 x 136 x 333 mm<\/td>\n<\/tr>\n<tr>\n<td>Peso total 3.81 kg<\/td>\n<\/tr>\n<tr>\n<td>Dimensiones totales 499 x 136 x 333 mm<\/td>\n<\/tr>\n<tr>\n<td>Unidades 1<\/td>\n<\/tr>\n<tr>\n<td>Upc 824142449653<\/td>\n<\/tr>\n<tr>\n<td>Ucc-14 10824142449650<\/td>\n<\/tr>\n<tr>\n<td>Garant\u00eda 2 a\u00f1os garant\u00eda limitada (mx)<\/td>\n<\/tr>\n<\/table>\n","protected":false},"excerpt":{"rendered":"<p>Ve m\u00e1s all\u00e1 de lo cotidiano con un rendimiento port\u00e1til premium, una pantalla v\u00edvida, un dise\u00f1o delgado y alta eficiencia de bater\u00eda para apoyar tu estilo de vida en la era de la ia. Aprovecha la productividad inteligente en la palma de tu mano.<\/p>\n","protected":false},"featured_media":0,"comment_status":"open","ping_status":"open","template":"","meta":[],"product_cat":[1886,1890],"product_tag":[1970],"acf":[],"yoast_head":"<!-- This site is optimized with the Yoast SEO plugin v21.7 - https:\/\/yoast.com\/wordpress\/plugins\/seo\/ -->\n<title>[ Msi ] &#129351; Prestige 16 Ai+ Evo B2vmg-223mx Laptop Ultrabook Prestige 16 Ai+\/ 16 Uhd \/ Intel Core Ultra 5 226v Hasta 4.5ghz \/ Lpddr5 16gb (no Upgrade) \/ 1tb Ssd \/ Win 11 Pro (copilot+ Pc)\/ Incluye Backpack<\/title>\n<meta name=\"description\" content=\"Compra Prestige 16 Ai+ Evo B2vmg-223mx Laptop Ultrabook Prestige 16 Ai+\/ 16 Uhd \/ Intel Core Ultra 5 226v Hasta 4.5ghz \/ Lpddr5 16gb (no Upgrade) \/ 1tb Ssd \/ Win 11 Pro (copilot+ Pc)\/ Incluye Backpack + Env\u00edo a domicilio + Pago seguro + Garant\u00eda\" \/>\n<meta name=\"robots\" content=\"index, follow, max-snippet:-1, max-image-preview:large, max-video-preview:-1\" \/>\n<link rel=\"canonical\" href=\"https:\/\/compuviper.mx\/tienda\/producto\/msi-prestige-16-ai-evo-b2vmg-223mx-laptop-ultrabook-prestige-16-ai-16-uhd-intel-core-ultra-5-226v-hasta-4-5ghz-lpddr5-16gb-no-upgrade-1tb-ssd-win-11-pro-copilot-pc-incluye-backpack\/\" \/>\n<meta property=\"og:locale\" content=\"es_MX\" \/>\n<meta property=\"og:type\" content=\"article\" \/>\n<meta property=\"og:title\" content=\"[ Msi ] &#129351; Prestige 16 Ai+ Evo B2vmg-223mx Laptop Ultrabook Prestige 16 Ai+\/ 16 Uhd \/ Intel Core Ultra 5 226v Hasta 4.5ghz \/ Lpddr5 16gb (no Upgrade) \/ 1tb Ssd \/ Win 11 Pro (copilot+ Pc)\/ Incluye Backpack\" \/>\n<meta property=\"og:description\" content=\"Compra Prestige 16 Ai+ Evo B2vmg-223mx Laptop Ultrabook Prestige 16 Ai+\/ 16 Uhd \/ Intel Core Ultra 5 226v Hasta 4.5ghz \/ Lpddr5 16gb (no Upgrade) \/ 1tb Ssd \/ Win 11 Pro (copilot+ Pc)\/ Incluye Backpack + Env\u00edo a domicilio + Pago seguro + Garant\u00eda\" \/>\n<meta property=\"og:url\" content=\"https:\/\/compuviper.mx\/tienda\/producto\/msi-prestige-16-ai-evo-b2vmg-223mx-laptop-ultrabook-prestige-16-ai-16-uhd-intel-core-ultra-5-226v-hasta-4-5ghz-lpddr5-16gb-no-upgrade-1tb-ssd-win-11-pro-copilot-pc-incluye-backpack\/\" \/>\n<meta property=\"og:site_name\" content=\"Compuviper\" \/>\n<meta property=\"article:publisher\" content=\"https:\/\/www.facebook.com\/compuviper\" \/>\n<meta name=\"twitter:card\" content=\"summary_large_image\" \/>\n<meta name=\"twitter:label1\" content=\"Precio\" \/>\n\t<meta name=\"twitter:data1\" content=\"&#36;23,721 &#36;23,690 con IVA\" \/>\n\t<meta name=\"twitter:label2\" content=\"Availability\" \/>\n\t<meta name=\"twitter:data2\" content=\"In stock\" \/>\n<script type=\"application\/ld+json\" class=\"yoast-schema-graph\">{\"@context\":\"https:\/\/schema.org\",\"@graph\":[{\"@type\":\"WebPage\",\"@id\":\"https:\/\/compuviper.mx\/tienda\/producto\/msi-prestige-16-ai-evo-b2vmg-223mx-laptop-ultrabook-prestige-16-ai-16-uhd-intel-core-ultra-5-226v-hasta-4-5ghz-lpddr5-16gb-no-upgrade-1tb-ssd-win-11-pro-copilot-pc-incluye-backpack\/\",\"url\":\"https:\/\/compuviper.mx\/tienda\/producto\/msi-prestige-16-ai-evo-b2vmg-223mx-laptop-ultrabook-prestige-16-ai-16-uhd-intel-core-ultra-5-226v-hasta-4-5ghz-lpddr5-16gb-no-upgrade-1tb-ssd-win-11-pro-copilot-pc-incluye-backpack\/\",\"name\":\"[ Msi ] &#129351; Prestige 16 Ai+ Evo B2vmg-223mx Laptop Ultrabook Prestige 16 Ai+\/ 16 Uhd \/ Intel Core Ultra 5 226v Hasta 4.5ghz \/ Lpddr5 16gb (no Upgrade) \/ 1tb Ssd \/ Win 11 Pro (copilot+ Pc)\/ Incluye Backpack\",\"isPartOf\":{\"@id\":\"https:\/\/compuviper.mx\/tienda\/#website\"},\"datePublished\":\"2026-04-16T07:17:01+00:00\",\"dateModified\":\"2026-04-16T07:17:01+00:00\",\"description\":\"Compra Prestige 16 Ai+ Evo B2vmg-223mx Laptop Ultrabook Prestige 16 Ai+\/ 16 Uhd \/ Intel Core Ultra 5 226v Hasta 4.5ghz \/ Lpddr5 16gb (no Upgrade) \/ 1tb Ssd \/ Win 11 Pro (copilot+ Pc)\/ Incluye Backpack + Env\u00edo a domicilio + Pago seguro + Garant\u00eda\",\"breadcrumb\":{\"@id\":\"https:\/\/compuviper.mx\/tienda\/producto\/msi-prestige-16-ai-evo-b2vmg-223mx-laptop-ultrabook-prestige-16-ai-16-uhd-intel-core-ultra-5-226v-hasta-4-5ghz-lpddr5-16gb-no-upgrade-1tb-ssd-win-11-pro-copilot-pc-incluye-backpack\/#breadcrumb\"},\"inLanguage\":\"es-MX\",\"potentialAction\":[{\"@type\":\"ReadAction\",\"target\":[\"https:\/\/compuviper.mx\/tienda\/producto\/msi-prestige-16-ai-evo-b2vmg-223mx-laptop-ultrabook-prestige-16-ai-16-uhd-intel-core-ultra-5-226v-hasta-4-5ghz-lpddr5-16gb-no-upgrade-1tb-ssd-win-11-pro-copilot-pc-incluye-backpack\/\"]}]},{\"@type\":\"BreadcrumbList\",\"@id\":\"https:\/\/compuviper.mx\/tienda\/producto\/msi-prestige-16-ai-evo-b2vmg-223mx-laptop-ultrabook-prestige-16-ai-16-uhd-intel-core-ultra-5-226v-hasta-4-5ghz-lpddr5-16gb-no-upgrade-1tb-ssd-win-11-pro-copilot-pc-incluye-backpack\/#breadcrumb\",\"itemListElement\":[{\"@type\":\"ListItem\",\"position\":1,\"name\":\"Inicio\",\"item\":\"https:\/\/compuviper.mx\/tienda\/\"},{\"@type\":\"ListItem\",\"position\":2,\"name\":\"Productos\",\"item\":\"https:\/\/compuviper.mx\/tienda\/productos\/\"},{\"@type\":\"ListItem\",\"position\":3,\"name\":\"Laptops\",\"item\":\"https:\/\/compuviper.mx\/tienda\/categoria-producto\/laptops\/\"},{\"@type\":\"ListItem\",\"position\":4,\"name\":\"Ultrabook\",\"item\":\"https:\/\/compuviper.mx\/tienda\/categoria-producto\/laptops\/ultrabook-laptops\/\"},{\"@type\":\"ListItem\",\"position\":5,\"name\":\"Msi Prestige 16 Ai+ Evo B2vmg-223mx Laptop Ultrabook Prestige 16 Ai+\/ 16 Uhd \/ Intel Core Ultra 5 226v Hasta 4.5ghz \/ Lpddr5 16gb (no Upgrade) \/ 1tb Ssd \/ Win 11 Pro (copilot+ Pc)\/ Incluye Backpack\"}]},{\"@type\":\"WebSite\",\"@id\":\"https:\/\/compuviper.mx\/tienda\/#website\",\"url\":\"https:\/\/compuviper.mx\/tienda\/\",\"name\":\"Compuviper\",\"description\":\"Proveedor de Computadoras, Laptops, Servidores, Monitores, Puntos de Venta, Teclados,   Impresoras, T\u00f3ner, C\u00e1maras de Seguridad y m\u00e1s en tu tienda en l\u00ednea\",\"publisher\":{\"@id\":\"https:\/\/compuviper.mx\/tienda\/#organization\"},\"potentialAction\":[{\"@type\":\"SearchAction\",\"target\":{\"@type\":\"EntryPoint\",\"urlTemplate\":\"https:\/\/compuviper.mx\/tienda\/?s={search_term_string}\"},\"query-input\":\"required name=search_term_string\"}],\"inLanguage\":\"es-MX\"},{\"@type\":\"Organization\",\"@id\":\"https:\/\/compuviper.mx\/tienda\/#organization\",\"name\":\"Compuviper\",\"url\":\"https:\/\/compuviper.mx\/tienda\/\",\"logo\":{\"@type\":\"ImageObject\",\"inLanguage\":\"es-MX\",\"@id\":\"https:\/\/compuviper.mx\/tienda\/#\/schema\/logo\/image\/\",\"url\":\"https:\/\/compuviper.mx\/tienda\/wp-content\/uploads\/2021\/08\/Logo-Compuviper-10.png\",\"contentUrl\":\"https:\/\/compuviper.mx\/tienda\/wp-content\/uploads\/2021\/08\/Logo-Compuviper-10.png\",\"width\":1000,\"height\":500,\"caption\":\"Compuviper\"},\"image\":{\"@id\":\"https:\/\/compuviper.mx\/tienda\/#\/schema\/logo\/image\/\"},\"sameAs\":[\"https:\/\/www.facebook.com\/compuviper\",\"https:\/\/www.youtube.com\/channel\/UCf73dERp9Y3cfOq7q8BhLjA?view_as=subscriber\"]}]}<\/script>\n<meta property=\"product:brand\" content=\"MSI\" \/>\n<meta property=\"product:price:amount\" content=\"23690\" \/>\n<meta property=\"product:price:currency\" content=\"MXN\" \/>\n<meta property=\"og:availability\" content=\"instock\" \/>\n<meta property=\"product:availability\" content=\"instock\" \/>\n<meta property=\"product:retailer_item_id\" content=\"PRESTIGE 16 AI+ EVO B2VMG-223MX\" \/>\n<meta property=\"product:condition\" content=\"new\" \/>\n<!-- \/ Yoast SEO plugin. -->","yoast_head_json":{"title":"[ Msi ] &#129351; Prestige 16 Ai+ Evo B2vmg-223mx Laptop Ultrabook Prestige 16 Ai+\/ 16 Uhd \/ Intel Core Ultra 5 226v Hasta 4.5ghz \/ Lpddr5 16gb (no Upgrade) \/ 1tb Ssd \/ Win 11 Pro (copilot+ Pc)\/ Incluye Backpack","description":"Compra Prestige 16 Ai+ Evo B2vmg-223mx Laptop Ultrabook Prestige 16 Ai+\/ 16 Uhd \/ Intel Core Ultra 5 226v Hasta 4.5ghz \/ Lpddr5 16gb (no Upgrade) \/ 1tb Ssd \/ Win 11 Pro (copilot+ Pc)\/ Incluye Backpack + Env\u00edo a domicilio + Pago seguro + Garant\u00eda","robots":{"index":"index","follow":"follow","max-snippet":"max-snippet:-1","max-image-preview":"max-image-preview:large","max-video-preview":"max-video-preview:-1"},"canonical":"https:\/\/compuviper.mx\/tienda\/producto\/msi-prestige-16-ai-evo-b2vmg-223mx-laptop-ultrabook-prestige-16-ai-16-uhd-intel-core-ultra-5-226v-hasta-4-5ghz-lpddr5-16gb-no-upgrade-1tb-ssd-win-11-pro-copilot-pc-incluye-backpack\/","og_locale":"es_MX","og_type":"article","og_title":"[ Msi ] &#129351; Prestige 16 Ai+ Evo B2vmg-223mx Laptop Ultrabook Prestige 16 Ai+\/ 16 Uhd \/ Intel Core Ultra 5 226v Hasta 4.5ghz \/ Lpddr5 16gb (no Upgrade) \/ 1tb Ssd \/ Win 11 Pro (copilot+ Pc)\/ Incluye Backpack","og_description":"Compra Prestige 16 Ai+ Evo B2vmg-223mx Laptop Ultrabook Prestige 16 Ai+\/ 16 Uhd \/ Intel Core Ultra 5 226v Hasta 4.5ghz \/ Lpddr5 16gb (no Upgrade) \/ 1tb Ssd \/ Win 11 Pro (copilot+ Pc)\/ Incluye Backpack + Env\u00edo a domicilio + Pago seguro + Garant\u00eda","og_url":"https:\/\/compuviper.mx\/tienda\/producto\/msi-prestige-16-ai-evo-b2vmg-223mx-laptop-ultrabook-prestige-16-ai-16-uhd-intel-core-ultra-5-226v-hasta-4-5ghz-lpddr5-16gb-no-upgrade-1tb-ssd-win-11-pro-copilot-pc-incluye-backpack\/","og_site_name":"Compuviper","article_publisher":"https:\/\/www.facebook.com\/compuviper","twitter_card":"summary_large_image","twitter_misc":{"Precio":"&#36;23,721 &#36;23,690 con IVA","Availability":"In stock"},"schema":{"@context":"https:\/\/schema.org","@graph":[{"@type":"WebPage","@id":"https:\/\/compuviper.mx\/tienda\/producto\/msi-prestige-16-ai-evo-b2vmg-223mx-laptop-ultrabook-prestige-16-ai-16-uhd-intel-core-ultra-5-226v-hasta-4-5ghz-lpddr5-16gb-no-upgrade-1tb-ssd-win-11-pro-copilot-pc-incluye-backpack\/","url":"https:\/\/compuviper.mx\/tienda\/producto\/msi-prestige-16-ai-evo-b2vmg-223mx-laptop-ultrabook-prestige-16-ai-16-uhd-intel-core-ultra-5-226v-hasta-4-5ghz-lpddr5-16gb-no-upgrade-1tb-ssd-win-11-pro-copilot-pc-incluye-backpack\/","name":"[ Msi ] &#129351; Prestige 16 Ai+ Evo B2vmg-223mx Laptop Ultrabook Prestige 16 Ai+\/ 16 Uhd \/ Intel Core Ultra 5 226v Hasta 4.5ghz \/ Lpddr5 16gb (no Upgrade) \/ 1tb Ssd \/ Win 11 Pro (copilot+ Pc)\/ Incluye Backpack","isPartOf":{"@id":"https:\/\/compuviper.mx\/tienda\/#website"},"datePublished":"2026-04-16T07:17:01+00:00","dateModified":"2026-04-16T07:17:01+00:00","description":"Compra Prestige 16 Ai+ Evo B2vmg-223mx Laptop Ultrabook Prestige 16 Ai+\/ 16 Uhd \/ Intel Core Ultra 5 226v Hasta 4.5ghz \/ Lpddr5 16gb (no Upgrade) \/ 1tb Ssd \/ Win 11 Pro (copilot+ Pc)\/ Incluye Backpack + Env\u00edo a domicilio + Pago seguro + Garant\u00eda","breadcrumb":{"@id":"https:\/\/compuviper.mx\/tienda\/producto\/msi-prestige-16-ai-evo-b2vmg-223mx-laptop-ultrabook-prestige-16-ai-16-uhd-intel-core-ultra-5-226v-hasta-4-5ghz-lpddr5-16gb-no-upgrade-1tb-ssd-win-11-pro-copilot-pc-incluye-backpack\/#breadcrumb"},"inLanguage":"es-MX","potentialAction":[{"@type":"ReadAction","target":["https:\/\/compuviper.mx\/tienda\/producto\/msi-prestige-16-ai-evo-b2vmg-223mx-laptop-ultrabook-prestige-16-ai-16-uhd-intel-core-ultra-5-226v-hasta-4-5ghz-lpddr5-16gb-no-upgrade-1tb-ssd-win-11-pro-copilot-pc-incluye-backpack\/"]}]},{"@type":"BreadcrumbList","@id":"https:\/\/compuviper.mx\/tienda\/producto\/msi-prestige-16-ai-evo-b2vmg-223mx-laptop-ultrabook-prestige-16-ai-16-uhd-intel-core-ultra-5-226v-hasta-4-5ghz-lpddr5-16gb-no-upgrade-1tb-ssd-win-11-pro-copilot-pc-incluye-backpack\/#breadcrumb","itemListElement":[{"@type":"ListItem","position":1,"name":"Inicio","item":"https:\/\/compuviper.mx\/tienda\/"},{"@type":"ListItem","position":2,"name":"Productos","item":"https:\/\/compuviper.mx\/tienda\/productos\/"},{"@type":"ListItem","position":3,"name":"Laptops","item":"https:\/\/compuviper.mx\/tienda\/categoria-producto\/laptops\/"},{"@type":"ListItem","position":4,"name":"Ultrabook","item":"https:\/\/compuviper.mx\/tienda\/categoria-producto\/laptops\/ultrabook-laptops\/"},{"@type":"ListItem","position":5,"name":"Msi Prestige 16 Ai+ Evo B2vmg-223mx Laptop Ultrabook Prestige 16 Ai+\/ 16 Uhd \/ Intel Core Ultra 5 226v Hasta 4.5ghz \/ Lpddr5 16gb (no Upgrade) \/ 1tb Ssd \/ Win 11 Pro (copilot+ Pc)\/ Incluye Backpack"}]},{"@type":"WebSite","@id":"https:\/\/compuviper.mx\/tienda\/#website","url":"https:\/\/compuviper.mx\/tienda\/","name":"Compuviper","description":"Proveedor de Computadoras, Laptops, Servidores, Monitores, Puntos de Venta, Teclados,   Impresoras, T\u00f3ner, C\u00e1maras de Seguridad y m\u00e1s en tu tienda en l\u00ednea","publisher":{"@id":"https:\/\/compuviper.mx\/tienda\/#organization"},"potentialAction":[{"@type":"SearchAction","target":{"@type":"EntryPoint","urlTemplate":"https:\/\/compuviper.mx\/tienda\/?s={search_term_string}"},"query-input":"required name=search_term_string"}],"inLanguage":"es-MX"},{"@type":"Organization","@id":"https:\/\/compuviper.mx\/tienda\/#organization","name":"Compuviper","url":"https:\/\/compuviper.mx\/tienda\/","logo":{"@type":"ImageObject","inLanguage":"es-MX","@id":"https:\/\/compuviper.mx\/tienda\/#\/schema\/logo\/image\/","url":"https:\/\/compuviper.mx\/tienda\/wp-content\/uploads\/2021\/08\/Logo-Compuviper-10.png","contentUrl":"https:\/\/compuviper.mx\/tienda\/wp-content\/uploads\/2021\/08\/Logo-Compuviper-10.png","width":1000,"height":500,"caption":"Compuviper"},"image":{"@id":"https:\/\/compuviper.mx\/tienda\/#\/schema\/logo\/image\/"},"sameAs":["https:\/\/www.facebook.com\/compuviper","https:\/\/www.youtube.com\/channel\/UCf73dERp9Y3cfOq7q8BhLjA?view_as=subscriber"]}]},"product_brand":"MSI","product_price_amount":"23690","product_price_currency":"MXN","og_availability":"instock","product_availability":"instock","product_retailer_item_id":"PRESTIGE 16 AI+ EVO B2VMG-223MX","product_condition":"new"},"_links":{"self":[{"href":"https:\/\/compuviper.mx\/tienda\/wp-json\/wp\/v2\/product\/266577"}],"collection":[{"href":"https:\/\/compuviper.mx\/tienda\/wp-json\/wp\/v2\/product"}],"about":[{"href":"https:\/\/compuviper.mx\/tienda\/wp-json\/wp\/v2\/types\/product"}],"replies":[{"embeddable":true,"href":"https:\/\/compuviper.mx\/tienda\/wp-json\/wp\/v2\/comments?post=266577"}],"wp:attachment":[{"href":"https:\/\/compuviper.mx\/tienda\/wp-json\/wp\/v2\/media?parent=266577"}],"wp:term":[{"taxonomy":"product_cat","embeddable":true,"href":"https:\/\/compuviper.mx\/tienda\/wp-json\/wp\/v2\/product_cat?post=266577"},{"taxonomy":"product_tag","embeddable":true,"href":"https:\/\/compuviper.mx\/tienda\/wp-json\/wp\/v2\/product_tag?post=266577"}],"curies":[{"name":"wp","href":"https:\/\/api.w.org\/{rel}","templated":true}]}}