{"id":266571,"date":"2026-04-16T01:13:57","date_gmt":"2026-04-16T07:13:57","guid":{"rendered":"https:\/\/compuviper.mx\/tienda\/producto\/msi-cyborg-a15-ai-b2hwekg-087mx-portatil-gamer-cyborg-a15-ai-b2hw-15-6-fhd-144hz-amd-ryzen-5-240-hasta-5-0-ghz-ddr5-16gb-28gb-512gb-ssd-nvidia-rtx-5050-gddr7-8gb-win-11-home-incluye-bac\/"},"modified":"2026-04-16T01:13:57","modified_gmt":"2026-04-16T07:13:57","slug":"msi-cyborg-a15-ai-b2hwekg-087mx-laptop-portatil-gamer-cyborg-a15-ai-b2hw-15-6-fhd-144hz-amd-ryzen-5-240-hasta-5-0-ghz-ddr5-16gb-28gb-512gb-ssd-nvidia-rtx-5050-gddr7-8gb-win-11-home-i","status":"publish","type":"product","link":"https:\/\/compuviper.mx\/tienda\/producto\/msi-cyborg-a15-ai-b2hwekg-087mx-laptop-portatil-gamer-cyborg-a15-ai-b2hw-15-6-fhd-144hz-amd-ryzen-5-240-hasta-5-0-ghz-ddr5-16gb-28gb-512gb-ssd-nvidia-rtx-5050-gddr7-8gb-win-11-home-i\/","title":{"rendered":"Msi Cyborg A15 Ai B2hwekg-087mx Laptop Portatil Gamer  Cyborg A15 Ai B2hw\/ 15.6 Fhd 144hz \/ Amd Ryzen 5 240 Hasta 5.0 Ghz \/ Ddr5 16gb (2*8gb) \/ 512gb Ssd \/ Nvidia Rtx 5050, Gddr7 8gb \/ Win 11 Home \/ Incluye Backpack"},"content":{"rendered":"<table class=\"descripcion\">\n<tr>\n<td>Modelo cyborg a15 ai b2hwekg-087mx<\/td>\n<\/tr>\n<tr>\n<td>P\/n 9s7-15ql42-087<\/td>\n<\/tr>\n<tr>\n<td>Project code ms-15ql<\/td>\n<\/tr>\n<tr>\n<td>Color translucent black<\/td>\n<\/tr>\n<tr>\n<td>Pantalla 15.6 fhd (1920&#215;1080), 144hz 45%ntsc ips-level<\/td>\n<\/tr>\n<tr>\n<td>Resoluci\u00f3n \/ aspecto 1920&#215;1080<\/td>\n<\/tr>\n<tr>\n<td>G-sync na<\/td>\n<\/tr>\n<tr>\n<td>Cpu ryzen 5 240<\/td>\n<\/tr>\n<tr>\n<td>Frecuencia del cpu hasta 5.0 ghz<\/td>\n<\/tr>\n<tr>\n<td>Chipset integrated soc<\/td>\n<\/tr>\n<tr>\n<td>Lista para vr na<\/td>\n<\/tr>\n<tr>\n<td>Tarjeta de video nvidia geforce rtx 5050<\/td>\n<\/tr>\n<tr>\n<td>Vram 8gb gddr7<\/td>\n<\/tr>\n<tr>\n<td>Memoria en el sistema ddr5 16gb (8gb*2)<\/td>\n<\/tr>\n<tr>\n<td>Sodimm 2 sockets max 96gb<\/td>\n<\/tr>\n<tr>\n<td>Hdd\/ssd 512gb ssd<\/td>\n<\/tr>\n<tr>\n<td>Format nvme ssd pcie gen4<\/td>\n<\/tr>\n<tr>\n<td>Lector \u00f3ptico na<\/td>\n<\/tr>\n<tr>\n<td>Lan gb lan<\/td>\n<\/tr>\n<tr>\n<td>Wireless amd rz616 wi-fi 6e<\/td>\n<\/tr>\n<tr>\n<td>Bluetooth bt 5.3<\/td>\n<\/tr>\n<tr>\n<td>Lector de tarjetas na<\/td>\n<\/tr>\n<tr>\n<td>Salida hdmi hdmi\u0099 2.1 (4k @ 60hz)<\/td>\n<\/tr>\n<tr>\n<td>Mini-display port na<\/td>\n<\/tr>\n<tr>\n<td>Usb tipo c 1xtype-c (usb3.2 gen1 \/ displayport\u0099)<\/td>\n<\/tr>\n<tr>\n<td>Usb 2 x type-a usb3.2 gen1<\/td>\n<\/tr>\n<tr>\n<td>Teclado 4-zone rgb gaming keyboard with copilot key<\/td>\n<\/tr>\n<tr>\n<td>Touch pad multi touch<\/td>\n<\/tr>\n<tr>\n<td>Entrada micr\u00f3fono \/ salida aud\u00edfono 1 audio combo<\/td>\n<\/tr>\n<tr>\n<td>Bocinas speakers 2w*2<\/td>\n<\/tr>\n<tr>\n<td>Webcam hd type (30fps@720p)<\/td>\n<\/tr>\n<tr>\n<td>Bater\u00eda 4 cell, 55.2 whrs<\/td>\n<\/tr>\n<tr>\n<td>Adaptador de corriente si 120w<\/td>\n<\/tr>\n<tr>\n<td>Sistema operativo win 11 home sl plus<\/td>\n<\/tr>\n<tr>\n<td>Energy star si<\/td>\n<\/tr>\n<tr>\n<td>Peso unidad 1.98 kg<\/td>\n<\/tr>\n<tr>\n<td>Dimensiones unidad 359.36 x 250.34 x 22.90 mm<\/td>\n<\/tr>\n<tr>\n<td>Dimensiones con caja 455 x 77.5 x 297 mm<\/td>\n<\/tr>\n<tr>\n<td>Peso total 3.9 kg<\/td>\n<\/tr>\n<tr>\n<td>Dimensiones totales 455 x 77.5 x 297 mm<\/td>\n<\/tr>\n<tr>\n<td>Unidades 1<\/td>\n<\/tr>\n<tr>\n<td>Upc 824142444573<\/td>\n<\/tr>\n<tr>\n<td>Ucc-14 10824142444570<\/td>\n<\/tr>\n<tr>\n<td>Garant\u00eda 2 a\u00f1os garant\u00eda limitada (mx)<\/td>\n<\/tr>\n<\/table>\n","protected":false},"excerpt":{"rendered":"<p>El cyborg a15 ai b2hw, con su dise\u00f1o futurista de inspiraci\u00f3n la mec\u00e1nica, redefine la est\u00e9tica de una port\u00e1til gaming de nueva generaci\u00f3n.<\/p>\n","protected":false},"featured_media":0,"comment_status":"open","ping_status":"open","template":"","meta":[],"product_cat":[1891,1886],"product_tag":[1970],"acf":[],"yoast_head":"<!-- This site is optimized with the Yoast SEO plugin v21.7 - https:\/\/yoast.com\/wordpress\/plugins\/seo\/ -->\n<title>[ Msi ] &#129351; Cyborg A15 Ai B2hwekg-087mx Laptop Portatil Gamer Cyborg A15 Ai B2hw\/ 15.6 Fhd 144hz \/ Amd Ryzen 5 240 Hasta 5.0 Ghz \/ Ddr5 16gb (2*8gb) \/ 512gb Ssd \/ Nvidia Rtx 5050, Gddr7 8gb \/ Win 11 Home \/ Incluye Backpack<\/title>\n<meta name=\"description\" content=\"Compra Cyborg A15 Ai B2hwekg-087mx Laptop Portatil Gamer Cyborg A15 Ai B2hw\/ 15.6 Fhd 144hz \/ Amd Ryzen 5 240 Hasta 5.0 Ghz \/ Ddr5 16gb (2*8gb) \/ 512gb Ssd \/ Nvidia Rtx 5050, Gddr7 8gb \/ Win 11 Home \/ Incluye Backpack + Env\u00edo a domicilio + Pago seguro + Garant\u00eda\" \/>\n<meta name=\"robots\" content=\"index, follow, max-snippet:-1, max-image-preview:large, max-video-preview:-1\" \/>\n<link rel=\"canonical\" href=\"https:\/\/compuviper.mx\/tienda\/producto\/msi-cyborg-a15-ai-b2hwekg-087mx-laptop-portatil-gamer-cyborg-a15-ai-b2hw-15-6-fhd-144hz-amd-ryzen-5-240-hasta-5-0-ghz-ddr5-16gb-28gb-512gb-ssd-nvidia-rtx-5050-gddr7-8gb-win-11-home-i\/\" \/>\n<meta property=\"og:locale\" content=\"es_MX\" \/>\n<meta property=\"og:type\" content=\"article\" \/>\n<meta property=\"og:title\" content=\"[ Msi ] &#129351; Cyborg A15 Ai B2hwekg-087mx Laptop Portatil Gamer Cyborg A15 Ai B2hw\/ 15.6 Fhd 144hz \/ Amd Ryzen 5 240 Hasta 5.0 Ghz \/ Ddr5 16gb (2*8gb) \/ 512gb Ssd \/ Nvidia Rtx 5050, Gddr7 8gb \/ Win 11 Home \/ Incluye Backpack\" \/>\n<meta property=\"og:description\" content=\"Compra Cyborg A15 Ai B2hwekg-087mx Laptop Portatil Gamer Cyborg A15 Ai B2hw\/ 15.6 Fhd 144hz \/ Amd Ryzen 5 240 Hasta 5.0 Ghz \/ Ddr5 16gb (2*8gb) \/ 512gb Ssd \/ Nvidia Rtx 5050, Gddr7 8gb \/ Win 11 Home \/ Incluye Backpack + Env\u00edo a domicilio + Pago seguro + Garant\u00eda\" \/>\n<meta property=\"og:url\" content=\"https:\/\/compuviper.mx\/tienda\/producto\/msi-cyborg-a15-ai-b2hwekg-087mx-laptop-portatil-gamer-cyborg-a15-ai-b2hw-15-6-fhd-144hz-amd-ryzen-5-240-hasta-5-0-ghz-ddr5-16gb-28gb-512gb-ssd-nvidia-rtx-5050-gddr7-8gb-win-11-home-i\/\" \/>\n<meta property=\"og:site_name\" content=\"Compuviper\" \/>\n<meta property=\"article:publisher\" content=\"https:\/\/www.facebook.com\/compuviper\" \/>\n<meta name=\"twitter:card\" content=\"summary_large_image\" \/>\n<meta name=\"twitter:label1\" content=\"Precio\" \/>\n\t<meta name=\"twitter:data1\" content=\"&#36;22,230 con IVA\" \/>\n\t<meta name=\"twitter:label2\" content=\"Availability\" \/>\n\t<meta name=\"twitter:data2\" content=\"In stock\" \/>\n<script type=\"application\/ld+json\" class=\"yoast-schema-graph\">{\"@context\":\"https:\/\/schema.org\",\"@graph\":[{\"@type\":\"WebPage\",\"@id\":\"https:\/\/compuviper.mx\/tienda\/producto\/msi-cyborg-a15-ai-b2hwekg-087mx-laptop-portatil-gamer-cyborg-a15-ai-b2hw-15-6-fhd-144hz-amd-ryzen-5-240-hasta-5-0-ghz-ddr5-16gb-28gb-512gb-ssd-nvidia-rtx-5050-gddr7-8gb-win-11-home-i\/\",\"url\":\"https:\/\/compuviper.mx\/tienda\/producto\/msi-cyborg-a15-ai-b2hwekg-087mx-laptop-portatil-gamer-cyborg-a15-ai-b2hw-15-6-fhd-144hz-amd-ryzen-5-240-hasta-5-0-ghz-ddr5-16gb-28gb-512gb-ssd-nvidia-rtx-5050-gddr7-8gb-win-11-home-i\/\",\"name\":\"[ Msi ] &#129351; Cyborg A15 Ai B2hwekg-087mx Laptop Portatil Gamer Cyborg A15 Ai B2hw\/ 15.6 Fhd 144hz \/ Amd Ryzen 5 240 Hasta 5.0 Ghz \/ Ddr5 16gb (2*8gb) \/ 512gb Ssd \/ Nvidia Rtx 5050, Gddr7 8gb \/ Win 11 Home \/ Incluye Backpack\",\"isPartOf\":{\"@id\":\"https:\/\/compuviper.mx\/tienda\/#website\"},\"datePublished\":\"2026-04-16T07:13:57+00:00\",\"dateModified\":\"2026-04-16T07:13:57+00:00\",\"description\":\"Compra Cyborg A15 Ai B2hwekg-087mx Laptop Portatil Gamer Cyborg A15 Ai B2hw\/ 15.6 Fhd 144hz \/ Amd Ryzen 5 240 Hasta 5.0 Ghz \/ Ddr5 16gb (2*8gb) \/ 512gb Ssd \/ Nvidia Rtx 5050, Gddr7 8gb \/ Win 11 Home \/ Incluye Backpack + Env\u00edo a domicilio + Pago seguro + Garant\u00eda\",\"breadcrumb\":{\"@id\":\"https:\/\/compuviper.mx\/tienda\/producto\/msi-cyborg-a15-ai-b2hwekg-087mx-laptop-portatil-gamer-cyborg-a15-ai-b2hw-15-6-fhd-144hz-amd-ryzen-5-240-hasta-5-0-ghz-ddr5-16gb-28gb-512gb-ssd-nvidia-rtx-5050-gddr7-8gb-win-11-home-i\/#breadcrumb\"},\"inLanguage\":\"es-MX\",\"potentialAction\":[{\"@type\":\"ReadAction\",\"target\":[\"https:\/\/compuviper.mx\/tienda\/producto\/msi-cyborg-a15-ai-b2hwekg-087mx-laptop-portatil-gamer-cyborg-a15-ai-b2hw-15-6-fhd-144hz-amd-ryzen-5-240-hasta-5-0-ghz-ddr5-16gb-28gb-512gb-ssd-nvidia-rtx-5050-gddr7-8gb-win-11-home-i\/\"]}]},{\"@type\":\"BreadcrumbList\",\"@id\":\"https:\/\/compuviper.mx\/tienda\/producto\/msi-cyborg-a15-ai-b2hwekg-087mx-laptop-portatil-gamer-cyborg-a15-ai-b2hw-15-6-fhd-144hz-amd-ryzen-5-240-hasta-5-0-ghz-ddr5-16gb-28gb-512gb-ssd-nvidia-rtx-5050-gddr7-8gb-win-11-home-i\/#breadcrumb\",\"itemListElement\":[{\"@type\":\"ListItem\",\"position\":1,\"name\":\"Inicio\",\"item\":\"https:\/\/compuviper.mx\/tienda\/\"},{\"@type\":\"ListItem\",\"position\":2,\"name\":\"Productos\",\"item\":\"https:\/\/compuviper.mx\/tienda\/productos\/\"},{\"@type\":\"ListItem\",\"position\":3,\"name\":\"Laptops\",\"item\":\"https:\/\/compuviper.mx\/tienda\/categoria-producto\/laptops\/\"},{\"@type\":\"ListItem\",\"position\":4,\"name\":\"Gaming\",\"item\":\"https:\/\/compuviper.mx\/tienda\/categoria-producto\/laptops\/gaming-laptops\/\"},{\"@type\":\"ListItem\",\"position\":5,\"name\":\"Msi Cyborg A15 Ai B2hwekg-087mx Laptop Portatil Gamer Cyborg A15 Ai B2hw\/ 15.6 Fhd 144hz \/ Amd Ryzen 5 240 Hasta 5.0 Ghz \/ Ddr5 16gb (2*8gb) \/ 512gb Ssd \/ Nvidia Rtx 5050, Gddr7 8gb \/ Win 11 Home \/ Incluye Backpack\"}]},{\"@type\":\"WebSite\",\"@id\":\"https:\/\/compuviper.mx\/tienda\/#website\",\"url\":\"https:\/\/compuviper.mx\/tienda\/\",\"name\":\"Compuviper\",\"description\":\"Proveedor de Computadoras, Laptops, Servidores, Monitores, Puntos de Venta, Teclados,   Impresoras, T\u00f3ner, C\u00e1maras de Seguridad y m\u00e1s en tu tienda en l\u00ednea\",\"publisher\":{\"@id\":\"https:\/\/compuviper.mx\/tienda\/#organization\"},\"potentialAction\":[{\"@type\":\"SearchAction\",\"target\":{\"@type\":\"EntryPoint\",\"urlTemplate\":\"https:\/\/compuviper.mx\/tienda\/?s={search_term_string}\"},\"query-input\":\"required name=search_term_string\"}],\"inLanguage\":\"es-MX\"},{\"@type\":\"Organization\",\"@id\":\"https:\/\/compuviper.mx\/tienda\/#organization\",\"name\":\"Compuviper\",\"url\":\"https:\/\/compuviper.mx\/tienda\/\",\"logo\":{\"@type\":\"ImageObject\",\"inLanguage\":\"es-MX\",\"@id\":\"https:\/\/compuviper.mx\/tienda\/#\/schema\/logo\/image\/\",\"url\":\"https:\/\/compuviper.mx\/tienda\/wp-content\/uploads\/2021\/08\/Logo-Compuviper-10.png\",\"contentUrl\":\"https:\/\/compuviper.mx\/tienda\/wp-content\/uploads\/2021\/08\/Logo-Compuviper-10.png\",\"width\":1000,\"height\":500,\"caption\":\"Compuviper\"},\"image\":{\"@id\":\"https:\/\/compuviper.mx\/tienda\/#\/schema\/logo\/image\/\"},\"sameAs\":[\"https:\/\/www.facebook.com\/compuviper\",\"https:\/\/www.youtube.com\/channel\/UCf73dERp9Y3cfOq7q8BhLjA?view_as=subscriber\"]}]}<\/script>\n<meta property=\"product:brand\" content=\"MSI\" \/>\n<meta property=\"product:price:amount\" content=\"22230\" \/>\n<meta property=\"product:price:currency\" content=\"MXN\" \/>\n<meta property=\"og:availability\" content=\"instock\" \/>\n<meta property=\"product:availability\" content=\"instock\" \/>\n<meta property=\"product:retailer_item_id\" content=\"CYBORG A15 AI B2HWEKG-087MX\" \/>\n<meta property=\"product:condition\" content=\"new\" \/>\n<!-- \/ Yoast SEO plugin. -->","yoast_head_json":{"title":"[ Msi ] &#129351; Cyborg A15 Ai B2hwekg-087mx Laptop Portatil Gamer Cyborg A15 Ai B2hw\/ 15.6 Fhd 144hz \/ Amd Ryzen 5 240 Hasta 5.0 Ghz \/ Ddr5 16gb (2*8gb) \/ 512gb Ssd \/ Nvidia Rtx 5050, Gddr7 8gb \/ Win 11 Home \/ Incluye Backpack","description":"Compra Cyborg A15 Ai B2hwekg-087mx Laptop Portatil Gamer Cyborg A15 Ai B2hw\/ 15.6 Fhd 144hz \/ Amd Ryzen 5 240 Hasta 5.0 Ghz \/ Ddr5 16gb (2*8gb) \/ 512gb Ssd \/ Nvidia Rtx 5050, Gddr7 8gb \/ Win 11 Home \/ Incluye Backpack + Env\u00edo a domicilio + Pago seguro + Garant\u00eda","robots":{"index":"index","follow":"follow","max-snippet":"max-snippet:-1","max-image-preview":"max-image-preview:large","max-video-preview":"max-video-preview:-1"},"canonical":"https:\/\/compuviper.mx\/tienda\/producto\/msi-cyborg-a15-ai-b2hwekg-087mx-laptop-portatil-gamer-cyborg-a15-ai-b2hw-15-6-fhd-144hz-amd-ryzen-5-240-hasta-5-0-ghz-ddr5-16gb-28gb-512gb-ssd-nvidia-rtx-5050-gddr7-8gb-win-11-home-i\/","og_locale":"es_MX","og_type":"article","og_title":"[ Msi ] &#129351; Cyborg A15 Ai B2hwekg-087mx Laptop Portatil Gamer Cyborg A15 Ai B2hw\/ 15.6 Fhd 144hz \/ Amd Ryzen 5 240 Hasta 5.0 Ghz \/ Ddr5 16gb (2*8gb) \/ 512gb Ssd \/ Nvidia Rtx 5050, Gddr7 8gb \/ Win 11 Home \/ Incluye Backpack","og_description":"Compra Cyborg A15 Ai B2hwekg-087mx Laptop Portatil Gamer Cyborg A15 Ai B2hw\/ 15.6 Fhd 144hz \/ Amd Ryzen 5 240 Hasta 5.0 Ghz \/ Ddr5 16gb (2*8gb) \/ 512gb Ssd \/ Nvidia Rtx 5050, Gddr7 8gb \/ Win 11 Home \/ Incluye Backpack + Env\u00edo a domicilio + Pago seguro + Garant\u00eda","og_url":"https:\/\/compuviper.mx\/tienda\/producto\/msi-cyborg-a15-ai-b2hwekg-087mx-laptop-portatil-gamer-cyborg-a15-ai-b2hw-15-6-fhd-144hz-amd-ryzen-5-240-hasta-5-0-ghz-ddr5-16gb-28gb-512gb-ssd-nvidia-rtx-5050-gddr7-8gb-win-11-home-i\/","og_site_name":"Compuviper","article_publisher":"https:\/\/www.facebook.com\/compuviper","twitter_card":"summary_large_image","twitter_misc":{"Precio":"&#36;22,230 con IVA","Availability":"In stock"},"schema":{"@context":"https:\/\/schema.org","@graph":[{"@type":"WebPage","@id":"https:\/\/compuviper.mx\/tienda\/producto\/msi-cyborg-a15-ai-b2hwekg-087mx-laptop-portatil-gamer-cyborg-a15-ai-b2hw-15-6-fhd-144hz-amd-ryzen-5-240-hasta-5-0-ghz-ddr5-16gb-28gb-512gb-ssd-nvidia-rtx-5050-gddr7-8gb-win-11-home-i\/","url":"https:\/\/compuviper.mx\/tienda\/producto\/msi-cyborg-a15-ai-b2hwekg-087mx-laptop-portatil-gamer-cyborg-a15-ai-b2hw-15-6-fhd-144hz-amd-ryzen-5-240-hasta-5-0-ghz-ddr5-16gb-28gb-512gb-ssd-nvidia-rtx-5050-gddr7-8gb-win-11-home-i\/","name":"[ Msi ] &#129351; Cyborg A15 Ai B2hwekg-087mx Laptop Portatil Gamer Cyborg A15 Ai B2hw\/ 15.6 Fhd 144hz \/ Amd Ryzen 5 240 Hasta 5.0 Ghz \/ Ddr5 16gb (2*8gb) \/ 512gb Ssd \/ Nvidia Rtx 5050, Gddr7 8gb \/ Win 11 Home \/ Incluye Backpack","isPartOf":{"@id":"https:\/\/compuviper.mx\/tienda\/#website"},"datePublished":"2026-04-16T07:13:57+00:00","dateModified":"2026-04-16T07:13:57+00:00","description":"Compra Cyborg A15 Ai B2hwekg-087mx Laptop Portatil Gamer Cyborg A15 Ai B2hw\/ 15.6 Fhd 144hz \/ Amd Ryzen 5 240 Hasta 5.0 Ghz \/ Ddr5 16gb (2*8gb) \/ 512gb Ssd \/ Nvidia Rtx 5050, Gddr7 8gb \/ Win 11 Home \/ Incluye Backpack + Env\u00edo a domicilio + Pago seguro + Garant\u00eda","breadcrumb":{"@id":"https:\/\/compuviper.mx\/tienda\/producto\/msi-cyborg-a15-ai-b2hwekg-087mx-laptop-portatil-gamer-cyborg-a15-ai-b2hw-15-6-fhd-144hz-amd-ryzen-5-240-hasta-5-0-ghz-ddr5-16gb-28gb-512gb-ssd-nvidia-rtx-5050-gddr7-8gb-win-11-home-i\/#breadcrumb"},"inLanguage":"es-MX","potentialAction":[{"@type":"ReadAction","target":["https:\/\/compuviper.mx\/tienda\/producto\/msi-cyborg-a15-ai-b2hwekg-087mx-laptop-portatil-gamer-cyborg-a15-ai-b2hw-15-6-fhd-144hz-amd-ryzen-5-240-hasta-5-0-ghz-ddr5-16gb-28gb-512gb-ssd-nvidia-rtx-5050-gddr7-8gb-win-11-home-i\/"]}]},{"@type":"BreadcrumbList","@id":"https:\/\/compuviper.mx\/tienda\/producto\/msi-cyborg-a15-ai-b2hwekg-087mx-laptop-portatil-gamer-cyborg-a15-ai-b2hw-15-6-fhd-144hz-amd-ryzen-5-240-hasta-5-0-ghz-ddr5-16gb-28gb-512gb-ssd-nvidia-rtx-5050-gddr7-8gb-win-11-home-i\/#breadcrumb","itemListElement":[{"@type":"ListItem","position":1,"name":"Inicio","item":"https:\/\/compuviper.mx\/tienda\/"},{"@type":"ListItem","position":2,"name":"Productos","item":"https:\/\/compuviper.mx\/tienda\/productos\/"},{"@type":"ListItem","position":3,"name":"Laptops","item":"https:\/\/compuviper.mx\/tienda\/categoria-producto\/laptops\/"},{"@type":"ListItem","position":4,"name":"Gaming","item":"https:\/\/compuviper.mx\/tienda\/categoria-producto\/laptops\/gaming-laptops\/"},{"@type":"ListItem","position":5,"name":"Msi Cyborg A15 Ai B2hwekg-087mx Laptop Portatil Gamer Cyborg A15 Ai B2hw\/ 15.6 Fhd 144hz \/ Amd Ryzen 5 240 Hasta 5.0 Ghz \/ Ddr5 16gb (2*8gb) \/ 512gb Ssd \/ Nvidia Rtx 5050, Gddr7 8gb \/ Win 11 Home \/ Incluye Backpack"}]},{"@type":"WebSite","@id":"https:\/\/compuviper.mx\/tienda\/#website","url":"https:\/\/compuviper.mx\/tienda\/","name":"Compuviper","description":"Proveedor de Computadoras, Laptops, Servidores, Monitores, Puntos de Venta, Teclados,   Impresoras, T\u00f3ner, C\u00e1maras de Seguridad y m\u00e1s en tu tienda en l\u00ednea","publisher":{"@id":"https:\/\/compuviper.mx\/tienda\/#organization"},"potentialAction":[{"@type":"SearchAction","target":{"@type":"EntryPoint","urlTemplate":"https:\/\/compuviper.mx\/tienda\/?s={search_term_string}"},"query-input":"required name=search_term_string"}],"inLanguage":"es-MX"},{"@type":"Organization","@id":"https:\/\/compuviper.mx\/tienda\/#organization","name":"Compuviper","url":"https:\/\/compuviper.mx\/tienda\/","logo":{"@type":"ImageObject","inLanguage":"es-MX","@id":"https:\/\/compuviper.mx\/tienda\/#\/schema\/logo\/image\/","url":"https:\/\/compuviper.mx\/tienda\/wp-content\/uploads\/2021\/08\/Logo-Compuviper-10.png","contentUrl":"https:\/\/compuviper.mx\/tienda\/wp-content\/uploads\/2021\/08\/Logo-Compuviper-10.png","width":1000,"height":500,"caption":"Compuviper"},"image":{"@id":"https:\/\/compuviper.mx\/tienda\/#\/schema\/logo\/image\/"},"sameAs":["https:\/\/www.facebook.com\/compuviper","https:\/\/www.youtube.com\/channel\/UCf73dERp9Y3cfOq7q8BhLjA?view_as=subscriber"]}]},"product_brand":"MSI","product_price_amount":"22230","product_price_currency":"MXN","og_availability":"instock","product_availability":"instock","product_retailer_item_id":"CYBORG A15 AI B2HWEKG-087MX","product_condition":"new"},"_links":{"self":[{"href":"https:\/\/compuviper.mx\/tienda\/wp-json\/wp\/v2\/product\/266571"}],"collection":[{"href":"https:\/\/compuviper.mx\/tienda\/wp-json\/wp\/v2\/product"}],"about":[{"href":"https:\/\/compuviper.mx\/tienda\/wp-json\/wp\/v2\/types\/product"}],"replies":[{"embeddable":true,"href":"https:\/\/compuviper.mx\/tienda\/wp-json\/wp\/v2\/comments?post=266571"}],"wp:attachment":[{"href":"https:\/\/compuviper.mx\/tienda\/wp-json\/wp\/v2\/media?parent=266571"}],"wp:term":[{"taxonomy":"product_cat","embeddable":true,"href":"https:\/\/compuviper.mx\/tienda\/wp-json\/wp\/v2\/product_cat?post=266571"},{"taxonomy":"product_tag","embeddable":true,"href":"https:\/\/compuviper.mx\/tienda\/wp-json\/wp\/v2\/product_tag?post=266571"}],"curies":[{"name":"wp","href":"https:\/\/api.w.org\/{rel}","templated":true}]}}